{"id":36899,"date":"2026-04-26T09:15:42","date_gmt":"2026-04-26T09:15:42","guid":{"rendered":""},"modified":"2026-04-26T09:15:42","modified_gmt":"2026-04-26T09:15:42","slug":"latus-x-umyvadlova-skrinka-39-4x50x22cm-jilm-bardini-hit-sezony-36899","status":"publish","type":"product","link":"https:\/\/www.koupelnapro.com\/index.php\/produkt\/latus-x-umyvadlova-skrinka-39-4x50x22cm-jilm-bardini-hit-sezony-36899\/","title":{"rendered":"LATUS X umyvadlov\u00e1 sk\u0159\u00ed\u0148ka 39,4x50x22cm, jilm bardini Hit Sez\u00f3ny"},"content":{"rendered":"<div class=\"basic-description\">\n<h3>Detailn\u00ed popis produktu<\/h3>\n<div>\n<ul>\n<li>Standardn\u011b dod\u00e1v\u00e1no s \u00fachytkou CT096C, rozte\u010d uchycen\u00ed 96 mm<\/li>\n<\/ul>\n<p>N\u00e1bytek je dod\u00e1v\u00e1n ve smontovan\u00e9m stavu, p\u0159ipraven k okam\u017eit\u00e9 instalaci.<br \/>Instalujte n\u00e1bytek na rovnou st\u011bnu. P\u0159i zkroucen\u00ed korpusu sk\u0159\u00ed\u0148ky, m\u016f\u017ee doj\u00edt k poru\u0161e funkce dov\u00edrac\u00edch mechanism\u016f.<br \/>Nevystavujte n\u00e1bytek trval\u00e9 vlhkosti a styku s vodou. Koupelnu v\u017edy \u0159\u00e1dn\u011b odv\u011btrejte. Proti p\u0159\u00edpadn\u00e9mu zat\u00e9k\u00e1n\u00ed do sk\u0159\u00ed\u0148ky pou\u017eijte silikonov\u00fd tmel.<\/p>\n<\/div>\n<p style=\"text-align: justify;\">Mal\u00e9 rozm\u011bry koupelnov\u00e9ho n\u00e1bytku LATUS X umo\u017e\u0148uj\u00ed instalaci p\u0159edev\u0161\u00edm do st\u00edsn\u011bn\u00fdch prostor, obzvl\u00e1\u0161t\u011b na toalety. Sk\u0159\u00ed\u0148ka se p\u0159\u00edmo nab\u00edz\u00ed k uskladn\u011bn\u00ed \u010dist\u00edc\u00edch a hygienick\u00fdch prost\u0159edk\u016f nebo toaletn\u00edho pap\u00edru. Umyvadlo z lit\u00e9ho mramoru nebo betonu vytv\u00e1\u0159\u00ed se sk\u0159\u00ed\u0148kou kompaktn\u00ed celek. Nav\u00edc je mo\u017en\u00e1 i varianta desky a umyvadla na desku. V nab\u00eddce je jak n\u011bkolik tvar\u016f umyvadel, tak barevn\u00fdch dekor\u016f sk\u0159\u00edn\u011bk pro v\u011bt\u0161\u00ed kompatibilitu.<\/p>\n<div class=\"product-explanation-item\">\n<h3>Lze vyrobit v tomto barevn\u00e9m proveden\u00ed:<\/h3>\n<p><strong>Cenov\u00e1 skupina A  <\/strong>p\u0159\u00edplatek 0%<\/p>\n<div class=\"vzorniky-list\">\n<div class=\"vzorniky-item\">30 B\u00edl\u00e1 lesk<\/div>\n<div class=\"vzorniky-item\">11 Dub st\u0159\u00edbrn\u00fd<\/div>\n<div class=\"vzorniky-item\">16 Borovice rustik<\/div>\n<div class=\"vzorniky-item\">22 Dub alabama<\/div>\n<div class=\"vzorniky-item\">25 Dub cuneo<\/div>\n<\/div>\n<div style=\"clear: both;\"><\/div>\n<p><strong>Cenov\u00e1 skupina B:<\/strong>  p\u0159\u00edplatek 30%<\/p>\n<div class=\"vzorniky-list\">\n<div class=\"vzorniky-item\">10 Dub polar<\/div>\n<div class=\"vzorniky-item\">12 Dub mocca<\/div>\n<div class=\"vzorniky-item\">20 Dub texas<\/div>\n<div class=\"vzorniky-item\">15 Dub sherwood<\/div>\n<div class=\"vzorniky-item\">13 Jilm bardini<\/div>\n<div class=\"vzorniky-item\">21 Mali wenge<\/div>\n<div class=\"vzorniky-item\">17 O\u0159ech yosemite<\/div>\n<div class=\"vzorniky-item\">18 Dub \u010dern\u00fd<\/div>\n<div class=\"vzorniky-item\">31 B\u00edl\u00e1 mat<\/div>\n<div class=\"vzorniky-item\">32 Ka\u0161m\u00edrov\u00e1 matn\u00e1<\/div>\n<div class=\"vzorniky-item\">33 \u0160ed\u00e1 matn\u00e1<\/div>\n<div class=\"vzorniky-item\">34 Antracit matn\u00fd<\/div>\n<div class=\"vzorniky-item\">35 \u010cern\u00e1 matn\u00e1<\/div>\n<\/div>\n<div style=\"clear: both;\"><\/div>\n<p><strong>Cenov\u00e1 skupina C:<\/strong> p\u0159\u00edplatek 50%<\/p>\n<div class=\"vzorniky-list\">\n<div class=\"vzorniky-item\">23 Dub alabama strip(pouze dv\u00ed\u0159ka\/\u010delo)<\/div>\n<div class=\"vzorniky-item\">41 Carina41S Carina strip(pouze dv\u00ed\u0159ka\/\u010delo)<\/div>\n<div class=\"vzorniky-item\">42 Siena42S Siena strip(pouze dv\u00ed\u0159ka\/\u010delo)<\/div>\n<div class=\"vzorniky-item\">43 Agila43S Agila strip(pouze dv\u00ed\u0159ka\/\u010delo)<\/div>\n<div class=\"vzorniky-item\">44 Verde44S Verde strip(pouze dv\u00ed\u0159ka\/\u010delo)<\/div>\n<\/div>\n<div style=\"clear: both;\"><\/div>\n<p>jak\u00e1koliv barva dle vzorn\u00edku RAL nebo NCS v leskl\u00e9m nebo matn\u00e9m proveden\u00ed<\/p>\n<div class=\"vzorniky-list\">\n<div class=\"vzorniky-item\">RAL1019 \u0160edob\u00e9\u017eov\u00e1<\/div>\n<div class=\"vzorniky-item\">RAL3004 Bord\u00f3<\/div>\n<div class=\"vzorniky-item\">RAL6004 Modrozelen\u00e1<\/div>\n<div class=\"vzorniky-item\">RAL7031 \u0160edomodr\u00e1<\/div>\n<\/div>\n<div style=\"clear: both;\"><\/div>\n<p>Dodac\u00ed lh\u016fta cenov\u00fdch skupin B a C je 6 t\u00fddn\u016f.<\/p>\n<\/div>\n<div class=\"product-explanation-item\">\n<h3>Sm\u011br otev\u00edr\u00e1n\u00ed &#8211; univerz\u00e1ln\u00ed<\/h3>\n<p style=\"text-align: justify;\">Instalace je mo\u017en\u00e1 s lev\u00fdm nebo prav\u00fdm otev\u00edr\u00e1n\u00edm dve\u0159\u00ed.<\/p>\n<\/div>\n<div class=\"product-explanation-item\">\n<h3>Zpomalovac\u00ed panty<\/h3>\n<div style=\"float: left;\"><\/div>\n<p>N\u00e1bytek je vybaven mechanismem zpomalovac\u00edch pant\u016f u dv\u00ed\u0159ek. Dv\u00ed\u0159ka sta\u010d\u00ed jen lehce postr\u010dit a ona se ji\u017e sama dov\u0159ou.<\/p>\n<\/div><\/div>\n<div class=\"extended-description\">\n<h3>Dopl\u0148kov\u00e9 parametry<\/h3>\n<table class=\"detail-parameters\">\n<tbody>\n<tr>\n<th>        <span class=\"row-header-label\">            Kategorie<span class=\"row-header-label-colon\">:<\/span>        <\/span>    <\/th>\n<td>            <\/td>\n<\/tr>\n<tr>\n<th>            <span class=\"row-header-label\">                Z\u00e1ruka<span class=\"row-header-label-colon\">:<\/span>            <\/span>        <\/th>\n<td>            24        <\/td>\n<\/tr>\n<tr>\n<th>            <span class=\"row-header-label\">                Hmotnost<span class=\"row-header-label-colon\">:<\/span>            <\/span>        <\/th>\n<td>            10 kg        <\/td>\n<\/tr>\n<tr class=\"productEan\">\n<th>          <span class=\"row-header-label productEan__label\">              EAN<span class=\"row-header-label-colon\">:<\/span>          <\/span>      <\/th>\n<td>          <span class=\"productEan__value\">8590913896293<\/span>      <\/td>\n<\/tr>\n<tr>\n<th>                <span class=\"row-header-label\">                                            3D model<span class=\"row-header-label-colon\">:<\/span>                                    <\/span>            <\/th>\n<td>                                                            ANO                                                <\/td>\n<\/tr>\n<tr>\n<th>                <span class=\"row-header-label\">                                            Balen\u00ed<span class=\"row-header-label-colon\">:<\/span>                                    <\/span>            <\/th>\n<td>                                                            1 ks                                                <\/td>\n<\/tr>\n<tr>\n<th>                <span class=\"row-header-label\">                                            Balen\u00ed neobsahuje<span class=\"row-header-label-colon\">:<\/span>                                    <\/span>            <\/th>\n<td>                                                            Umyvadlo                                                <\/td>\n<\/tr>\n<tr>\n<th>                <span class=\"row-header-label\">                                            Balen\u00ed obsahuje<span class=\"row-header-label-colon\">:<\/span>                                    <\/span>            <\/th>\n<td>                                                            \u00dachytka                                                <\/td>\n<\/tr>\n<tr>\n<th>                <span class=\"row-header-label\">                                            Barva<span class=\"row-header-label-colon\">:<\/span>                                    <\/span>            <\/th>\n<td>                                                            B\u00e9\u017eov\u00e1                                                <\/td>\n<\/tr>\n<tr>\n<th>                <span class=\"row-header-label\">                                            Dekor<span class=\"row-header-label-colon\">:<\/span>                                    <\/span>            <\/th>\n<td>                                                            Jilm bardini                                                <\/td>\n<\/tr>\n<tr>\n<th>                <span class=\"row-header-label\">                                            Dostupnost<span class=\"row-header-label-colon\">:<\/span>                                    <\/span>            <\/th>\n<td>                                                            Dod\u00e1n\u00ed do 6ti t\u00fddn\u016f                                                <\/td>\n<\/tr>\n<tr>\n<th>                <span class=\"row-header-label\">                                            Hloubka<span class=\"row-header-label-colon\">:<\/span>                                    <\/span>            <\/th>\n<td>                                                            220 mm                                                <\/td>\n<\/tr>\n<tr>\n<th>                <span class=\"row-header-label\">                                            Instalace<span class=\"row-header-label-colon\">:<\/span>                                    <\/span>            <\/th>\n<td>                                                            Z\u00e1v\u011bsn\u00e9 na st\u011bnu                                                <\/td>\n<\/tr>\n<tr>\n<th>                <span class=\"row-header-label\">                                            Jin\u00e9 barevn\u00e9 proveden\u00ed<span class=\"row-header-label-colon\">:<\/span>                                    <\/span>            <\/th>\n<td>                                                            Dle vzorn\u00edku                                                <\/td>\n<\/tr>\n<tr>\n<th>                <span class=\"row-header-label\">                                            Materi\u00e1l<span class=\"row-header-label-colon\">:<\/span>                                    <\/span>            <\/th>\n<td>                                                            MDF\/lamino                                                <\/td>\n<\/tr>\n<tr>\n<th>                <span class=\"row-header-label\">                                            Rozm\u011br<span class=\"row-header-label-colon\">:<\/span>                                    <\/span>            <\/th>\n<td>                                                            39,4x50x22 cm                                                <\/td>\n<\/tr>\n<tr>\n<th>                <span class=\"row-header-label\">                                            Sm\u011br otev\u00edr\u00e1n\u00ed<span class=\"row-header-label-colon\">:<\/span>                                    <\/span>            <\/th>\n<td>                                                            Univerz\u00e1ln\u00ed                                                <\/td>\n<\/tr>\n<tr>\n<th>                <span class=\"row-header-label\">                                            \u0160\u00ed\u0159ka<span class=\"row-header-label-colon\">:<\/span>                                    <\/span>            <\/th>\n<td>                                                            394 mm                                                <\/td>\n<\/tr>\n<tr>\n<th>                <span class=\"row-header-label\">                                            Typ sk\u0159\u00ed\u0148ky<span class=\"row-header-label-colon\">:<\/span>                                    <\/span>            <\/th>\n<td>                                                            Dv\u00ed\u0159ka                                                <\/td>\n<\/tr>\n<tr>\n<th>                <span class=\"row-header-label\">                                            Typ umyvadla<span class=\"row-header-label-colon\">:<\/span>                                    <\/span>            <\/th>\n<td>                                                            Klasick\u00e9 umyvadlo                                                <\/td>\n<\/tr>\n<tr>\n<th>                <span class=\"row-header-label\">                                            V\u00fdbava<span class=\"row-header-label-colon\">:<\/span>                                    <\/span>            <\/th>\n<td>                                                            Zpomalovac\u00ed panty                                                <\/td>\n<\/tr>\n<tr>\n<th>                <span class=\"row-header-label\">                                            V\u00fd\u0161ka<span class=\"row-header-label-colon\">:<\/span>                                    <\/span>            <\/th>\n<td>                                                            500 mm                                                <\/td>\n<\/tr>\n<tr>\n<th>                <span class=\"row-header-label\">                                            Z\u00e1ruka<span class=\"row-header-label-colon\">:<\/span>                                    <\/span>            <\/th>\n<td>                                                            2 roky                                                <\/td>\n<\/tr>\n<\/tbody>\n<\/table><\/div>\n<\/p><\/div>\n<\/p><\/div>\n","protected":false},"excerpt":{"rendered":"<p>Detailn\u00ed popis produktu Standardn\u011b dod\u00e1v\u00e1no s \u00fachytkou CT096C, rozte\u010d uchycen\u00ed 96 mm N\u00e1bytek je dod\u00e1v\u00e1n ve smontovan\u00e9m stavu, p\u0159ipraven k okam\u017eit\u00e9 instalaci.Instalujte n\u00e1bytek na rovnou st\u011bnu. P\u0159i zkroucen\u00ed korpusu sk\u0159\u00ed\u0148ky, m\u016f\u017ee doj\u00edt k poru\u0161e funkce dov\u00edrac\u00edch mechanism\u016f.Nevystavujte n\u00e1bytek trval\u00e9 vlhkosti a styku s vodou. Koupelnu v\u017edy \u0159\u00e1dn\u011b odv\u011btrejte. Proti p\u0159\u00edpadn\u00e9mu zat\u00e9k\u00e1n\u00ed do sk\u0159\u00ed\u0148ky pou\u017eijte silikonov\u00fd [&hellip;]<\/p>\n","protected":false},"featured_media":36999,"comment_status":"open","ping_status":"open","template":"","meta":[],"product_brand":[],"product_cat":[136],"product_tag":[],"class_list":{"0":"post-36899","1":"product","2":"type-product","3":"status-publish","4":"has-post-thumbnail","6":"product_cat-umyvadlove-skrinky","8":"first","9":"instock","10":"sale","11":"shipping-taxable","12":"purchasable","13":"product-type-simple"},"yoast_head":"<!-- This site is optimized with the Yoast SEO plugin v26.8 - https:\/\/yoast.com\/product\/yoast-seo-wordpress\/ -->\n<title>LATUS X umyvadlov\u00e1 sk\u0159\u00ed\u0148ka 39,4x50x22cm, jilm bardini Hit Sez\u00f3ny -<\/title>\n<meta name=\"robots\" content=\"index, follow, max-snippet:-1, max-image-preview:large, max-video-preview:-1\" \/>\n<link rel=\"canonical\" href=\"https:\/\/www.koupelnapro.com\/index.php\/produkt\/latus-x-umyvadlova-skrinka-39-4x50x22cm-jilm-bardini-hit-sezony-36899\/\" \/>\n<meta property=\"og:locale\" content=\"cs_CZ\" \/>\n<meta property=\"og:type\" content=\"article\" \/>\n<meta property=\"og:title\" content=\"LATUS X umyvadlov\u00e1 sk\u0159\u00ed\u0148ka 39,4x50x22cm, jilm bardini Hit Sez\u00f3ny -\" \/>\n<meta property=\"og:description\" content=\"Detailn\u00ed popis produktu Standardn\u011b dod\u00e1v\u00e1no s \u00fachytkou CT096C, rozte\u010d uchycen\u00ed 96 mm N\u00e1bytek je dod\u00e1v\u00e1n ve smontovan\u00e9m stavu, p\u0159ipraven k okam\u017eit\u00e9 instalaci.Instalujte n\u00e1bytek na rovnou st\u011bnu. P\u0159i zkroucen\u00ed korpusu sk\u0159\u00ed\u0148ky, m\u016f\u017ee doj\u00edt k poru\u0161e funkce dov\u00edrac\u00edch mechanism\u016f.Nevystavujte n\u00e1bytek trval\u00e9 vlhkosti a styku s vodou. Koupelnu v\u017edy \u0159\u00e1dn\u011b odv\u011btrejte. Proti p\u0159\u00edpadn\u00e9mu zat\u00e9k\u00e1n\u00ed do sk\u0159\u00ed\u0148ky pou\u017eijte silikonov\u00fd [&hellip;]\" \/>\n<meta property=\"og:url\" content=\"https:\/\/www.koupelnapro.com\/index.php\/produkt\/latus-x-umyvadlova-skrinka-39-4x50x22cm-jilm-bardini-hit-sezony-36899\/\" \/>\n<meta property=\"og:image\" content=\"https:\/\/www.koupelnapro.com\/wp-content\/uploads\/2026\/SK0003289-CZ20260425-092556-0-1777080363-41976-2_lt110-1313-179173150688125.webp\" \/>\n\t<meta property=\"og:image:width\" content=\"1000\" \/>\n\t<meta property=\"og:image:height\" content=\"750\" \/>\n\t<meta property=\"og:image:type\" content=\"image\/webp\" \/>\n<meta name=\"twitter:card\" content=\"summary_large_image\" \/>\n<meta name=\"twitter:label1\" content=\"Odhadovan\u00e1 doba \u010dten\u00ed\" \/>\n\t<meta name=\"twitter:data1\" content=\"2 minuty\" \/>\n<script type=\"application\/ld+json\" class=\"yoast-schema-graph\">{\"@context\":\"https:\/\/schema.org\",\"@graph\":[{\"@type\":\"WebPage\",\"@id\":\"https:\/\/www.koupelnapro.com\/index.php\/produkt\/latus-x-umyvadlova-skrinka-39-4x50x22cm-jilm-bardini-hit-sezony-36899\/\",\"url\":\"https:\/\/www.koupelnapro.com\/index.php\/produkt\/latus-x-umyvadlova-skrinka-39-4x50x22cm-jilm-bardini-hit-sezony-36899\/\",\"name\":\"LATUS X umyvadlov\u00e1 sk\u0159\u00ed\u0148ka 39,4x50x22cm, jilm bardini Hit Sez\u00f3ny -\",\"isPartOf\":{\"@id\":\"https:\/\/www.koupelnapro.com\/#website\"},\"primaryImageOfPage\":{\"@id\":\"https:\/\/www.koupelnapro.com\/index.php\/produkt\/latus-x-umyvadlova-skrinka-39-4x50x22cm-jilm-bardini-hit-sezony-36899\/#primaryimage\"},\"image\":{\"@id\":\"https:\/\/www.koupelnapro.com\/index.php\/produkt\/latus-x-umyvadlova-skrinka-39-4x50x22cm-jilm-bardini-hit-sezony-36899\/#primaryimage\"},\"thumbnailUrl\":\"https:\/\/www.koupelnapro.com\/wp-content\/uploads\/2026\/SK0003289-CZ20260425-092556-0-1777080363-41976-2_lt110-1313-179173150688125.webp\",\"datePublished\":\"2026-04-26T09:15:42+00:00\",\"breadcrumb\":{\"@id\":\"https:\/\/www.koupelnapro.com\/index.php\/produkt\/latus-x-umyvadlova-skrinka-39-4x50x22cm-jilm-bardini-hit-sezony-36899\/#breadcrumb\"},\"inLanguage\":\"cs\",\"potentialAction\":[{\"@type\":\"ReadAction\",\"target\":[\"https:\/\/www.koupelnapro.com\/index.php\/produkt\/latus-x-umyvadlova-skrinka-39-4x50x22cm-jilm-bardini-hit-sezony-36899\/\"]}]},{\"@type\":\"ImageObject\",\"inLanguage\":\"cs\",\"@id\":\"https:\/\/www.koupelnapro.com\/index.php\/produkt\/latus-x-umyvadlova-skrinka-39-4x50x22cm-jilm-bardini-hit-sezony-36899\/#primaryimage\",\"url\":\"https:\/\/www.koupelnapro.com\/wp-content\/uploads\/2026\/SK0003289-CZ20260425-092556-0-1777080363-41976-2_lt110-1313-179173150688125.webp\",\"contentUrl\":\"https:\/\/www.koupelnapro.com\/wp-content\/uploads\/2026\/SK0003289-CZ20260425-092556-0-1777080363-41976-2_lt110-1313-179173150688125.webp\",\"width\":1000,\"height\":750},{\"@type\":\"BreadcrumbList\",\"@id\":\"https:\/\/www.koupelnapro.com\/index.php\/produkt\/latus-x-umyvadlova-skrinka-39-4x50x22cm-jilm-bardini-hit-sezony-36899\/#breadcrumb\",\"itemListElement\":[{\"@type\":\"ListItem\",\"position\":1,\"name\":\"Home\",\"item\":\"https:\/\/www.koupelnapro.com\/\"},{\"@type\":\"ListItem\",\"position\":2,\"name\":\"Products\",\"item\":\"https:\/\/www.koupelnapro.com\/index.php\/products\/\"},{\"@type\":\"ListItem\",\"position\":3,\"name\":\"LATUS X umyvadlov\u00e1 sk\u0159\u00ed\u0148ka 39,4x50x22cm, jilm bardini Hit Sez\u00f3ny\"}]},{\"@type\":\"WebSite\",\"@id\":\"https:\/\/www.koupelnapro.com\/#website\",\"url\":\"https:\/\/www.koupelnapro.com\/\",\"name\":\"\",\"description\":\"\",\"potentialAction\":[{\"@type\":\"SearchAction\",\"target\":{\"@type\":\"EntryPoint\",\"urlTemplate\":\"https:\/\/www.koupelnapro.com\/?s={search_term_string}\"},\"query-input\":{\"@type\":\"PropertyValueSpecification\",\"valueRequired\":true,\"valueName\":\"search_term_string\"}}],\"inLanguage\":\"cs\"}]}<\/script>\n<!-- \/ Yoast SEO plugin. -->","yoast_head_json":{"title":"LATUS X umyvadlov\u00e1 sk\u0159\u00ed\u0148ka 39,4x50x22cm, jilm bardini Hit Sez\u00f3ny -","robots":{"index":"index","follow":"follow","max-snippet":"max-snippet:-1","max-image-preview":"max-image-preview:large","max-video-preview":"max-video-preview:-1"},"canonical":"https:\/\/www.koupelnapro.com\/index.php\/produkt\/latus-x-umyvadlova-skrinka-39-4x50x22cm-jilm-bardini-hit-sezony-36899\/","og_locale":"cs_CZ","og_type":"article","og_title":"LATUS X umyvadlov\u00e1 sk\u0159\u00ed\u0148ka 39,4x50x22cm, jilm bardini Hit Sez\u00f3ny -","og_description":"Detailn\u00ed popis produktu Standardn\u011b dod\u00e1v\u00e1no s \u00fachytkou CT096C, rozte\u010d uchycen\u00ed 96 mm N\u00e1bytek je dod\u00e1v\u00e1n ve smontovan\u00e9m stavu, p\u0159ipraven k okam\u017eit\u00e9 instalaci.Instalujte n\u00e1bytek na rovnou st\u011bnu. P\u0159i zkroucen\u00ed korpusu sk\u0159\u00ed\u0148ky, m\u016f\u017ee doj\u00edt k poru\u0161e funkce dov\u00edrac\u00edch mechanism\u016f.Nevystavujte n\u00e1bytek trval\u00e9 vlhkosti a styku s vodou. Koupelnu v\u017edy \u0159\u00e1dn\u011b odv\u011btrejte. Proti p\u0159\u00edpadn\u00e9mu zat\u00e9k\u00e1n\u00ed do sk\u0159\u00ed\u0148ky pou\u017eijte silikonov\u00fd [&hellip;]","og_url":"https:\/\/www.koupelnapro.com\/index.php\/produkt\/latus-x-umyvadlova-skrinka-39-4x50x22cm-jilm-bardini-hit-sezony-36899\/","og_image":[{"width":1000,"height":750,"url":"https:\/\/www.koupelnapro.com\/wp-content\/uploads\/2026\/SK0003289-CZ20260425-092556-0-1777080363-41976-2_lt110-1313-179173150688125.webp","type":"image\/webp"}],"twitter_card":"summary_large_image","twitter_misc":{"Odhadovan\u00e1 doba \u010dten\u00ed":"2 minuty"},"schema":{"@context":"https:\/\/schema.org","@graph":[{"@type":"WebPage","@id":"https:\/\/www.koupelnapro.com\/index.php\/produkt\/latus-x-umyvadlova-skrinka-39-4x50x22cm-jilm-bardini-hit-sezony-36899\/","url":"https:\/\/www.koupelnapro.com\/index.php\/produkt\/latus-x-umyvadlova-skrinka-39-4x50x22cm-jilm-bardini-hit-sezony-36899\/","name":"LATUS X umyvadlov\u00e1 sk\u0159\u00ed\u0148ka 39,4x50x22cm, jilm bardini Hit Sez\u00f3ny -","isPartOf":{"@id":"https:\/\/www.koupelnapro.com\/#website"},"primaryImageOfPage":{"@id":"https:\/\/www.koupelnapro.com\/index.php\/produkt\/latus-x-umyvadlova-skrinka-39-4x50x22cm-jilm-bardini-hit-sezony-36899\/#primaryimage"},"image":{"@id":"https:\/\/www.koupelnapro.com\/index.php\/produkt\/latus-x-umyvadlova-skrinka-39-4x50x22cm-jilm-bardini-hit-sezony-36899\/#primaryimage"},"thumbnailUrl":"https:\/\/www.koupelnapro.com\/wp-content\/uploads\/2026\/SK0003289-CZ20260425-092556-0-1777080363-41976-2_lt110-1313-179173150688125.webp","datePublished":"2026-04-26T09:15:42+00:00","breadcrumb":{"@id":"https:\/\/www.koupelnapro.com\/index.php\/produkt\/latus-x-umyvadlova-skrinka-39-4x50x22cm-jilm-bardini-hit-sezony-36899\/#breadcrumb"},"inLanguage":"cs","potentialAction":[{"@type":"ReadAction","target":["https:\/\/www.koupelnapro.com\/index.php\/produkt\/latus-x-umyvadlova-skrinka-39-4x50x22cm-jilm-bardini-hit-sezony-36899\/"]}]},{"@type":"ImageObject","inLanguage":"cs","@id":"https:\/\/www.koupelnapro.com\/index.php\/produkt\/latus-x-umyvadlova-skrinka-39-4x50x22cm-jilm-bardini-hit-sezony-36899\/#primaryimage","url":"https:\/\/www.koupelnapro.com\/wp-content\/uploads\/2026\/SK0003289-CZ20260425-092556-0-1777080363-41976-2_lt110-1313-179173150688125.webp","contentUrl":"https:\/\/www.koupelnapro.com\/wp-content\/uploads\/2026\/SK0003289-CZ20260425-092556-0-1777080363-41976-2_lt110-1313-179173150688125.webp","width":1000,"height":750},{"@type":"BreadcrumbList","@id":"https:\/\/www.koupelnapro.com\/index.php\/produkt\/latus-x-umyvadlova-skrinka-39-4x50x22cm-jilm-bardini-hit-sezony-36899\/#breadcrumb","itemListElement":[{"@type":"ListItem","position":1,"name":"Home","item":"https:\/\/www.koupelnapro.com\/"},{"@type":"ListItem","position":2,"name":"Products","item":"https:\/\/www.koupelnapro.com\/index.php\/products\/"},{"@type":"ListItem","position":3,"name":"LATUS X umyvadlov\u00e1 sk\u0159\u00ed\u0148ka 39,4x50x22cm, jilm bardini Hit Sez\u00f3ny"}]},{"@type":"WebSite","@id":"https:\/\/www.koupelnapro.com\/#website","url":"https:\/\/www.koupelnapro.com\/","name":"","description":"","potentialAction":[{"@type":"SearchAction","target":{"@type":"EntryPoint","urlTemplate":"https:\/\/www.koupelnapro.com\/?s={search_term_string}"},"query-input":{"@type":"PropertyValueSpecification","valueRequired":true,"valueName":"search_term_string"}}],"inLanguage":"cs"}]}},"_links":{"self":[{"href":"https:\/\/www.koupelnapro.com\/index.php\/wp-json\/wp\/v2\/product\/36899","targetHints":{"allow":["GET"]}}],"collection":[{"href":"https:\/\/www.koupelnapro.com\/index.php\/wp-json\/wp\/v2\/product"}],"about":[{"href":"https:\/\/www.koupelnapro.com\/index.php\/wp-json\/wp\/v2\/types\/product"}],"replies":[{"embeddable":true,"href":"https:\/\/www.koupelnapro.com\/index.php\/wp-json\/wp\/v2\/comments?post=36899"}],"wp:featuredmedia":[{"embeddable":true,"href":"https:\/\/www.koupelnapro.com\/index.php\/wp-json\/wp\/v2\/media\/36999"}],"wp:attachment":[{"href":"https:\/\/www.koupelnapro.com\/index.php\/wp-json\/wp\/v2\/media?parent=36899"}],"wp:term":[{"taxonomy":"product_brand","embeddable":true,"href":"https:\/\/www.koupelnapro.com\/index.php\/wp-json\/wp\/v2\/product_brand?post=36899"},{"taxonomy":"product_cat","embeddable":true,"href":"https:\/\/www.koupelnapro.com\/index.php\/wp-json\/wp\/v2\/product_cat?post=36899"},{"taxonomy":"product_tag","embeddable":true,"href":"https:\/\/www.koupelnapro.com\/index.php\/wp-json\/wp\/v2\/product_tag?post=36899"}],"curies":[{"name":"wp","href":"https:\/\/api.w.org\/{rel}","templated":true}]}}