{"id":36564,"date":"2026-04-26T09:15:40","date_gmt":"2026-04-26T09:15:40","guid":{"rendered":""},"modified":"2026-04-26T09:15:40","modified_gmt":"2026-04-26T09:15:40","slug":"cenovy-hit-vario-chrome-jednodilna-sprchova-zastena-k-instalaci-ke-stene-cire-sklo-800-mm-36564","status":"publish","type":"product","link":"https:\/\/www.koupelnapro.com\/index.php\/produkt\/cenovy-hit-vario-chrome-jednodilna-sprchova-zastena-k-instalaci-ke-stene-cire-sklo-800-mm-36564\/","title":{"rendered":"Cenov\u00fd Hit VARIO CHROME jednod\u00edln\u00e1 sprchov\u00e1 z\u00e1st\u011bna k instalaci ke st\u011bn\u011b, \u010dir\u00e9 sklo, 800 mm"},"content":{"rendered":"<div class=\"basic-description\">\n<h3>Detailn\u00ed popis produktu<\/h3>\n<p style=\"text-align: justify;\">Kolekce walk-in z\u00e1st\u011bn VARIO nab\u00edz\u00ed chytr\u00e9 a flexibiln\u00ed \u0159e\u0161en\u00ed podle individu\u00e1ln\u00edch a prostorov\u00fdch dispozic. Stavebnicov\u00fd syst\u00e9m v\u00fdpln\u00ed, vzp\u011br a profil\u016f umo\u017e\u0148uje promy\u0161len\u00e9 kombinace rozm\u011br\u016f, barev a tvar\u016f z\u00e1st\u011bn \u2013 a\u0165 u\u017e ke st\u011bn\u011b nebo do prostoru. Elegantn\u00ed vzhled d\u00edky minimu komponent\u016f v chromov\u00e9m, \u010dern\u00e9m matn\u00e9m, b\u00edl\u00e9m matn\u00e9m, zlat\u00e9m nebo zlat\u00e9m matn\u00e9m proveden\u00ed je vhodn\u00fd pro ka\u017edou koupelnu.<\/p>\n<p><strong>Charakteristika sprchov\u00fdch walk-in z\u00e1st\u011bn s\u00e9rie VARIO<\/strong><\/p>\n<ul>\n<li>Z\u00e1st\u011bny v&nbsp;\u0161\u00ed\u0159k\u00e1ch 700 a\u017e 1400 mm<\/li>\n<li>Bezpe\u010dnostn\u00ed sklo o&nbsp;s\u00edle 8 mm na v\u00fdb\u011br v&nbsp;proveden\u00ed \u010dir\u00e9 \/ kou\u0159ov\u00e9 \/ matn\u00e9 \/ nordic nebo deska z&nbsp;vysokotlak\u00e9ho HPL lamin\u00e1tu o&nbsp;s\u00edle 8 mm<\/li>\n<li>Povrchov\u00e1 \u00faprava sklen\u011bn\u00fdch v\u00fdpln\u00ed Coated Glass zabra\u0148uje usazov\u00e1n\u00ed vodn\u00edho kamene a usnad\u0148uje \u010di\u0161t\u011bn\u00ed<\/li>\n<li>St\u011bnov\u00e9 profily s toleranc\u00ed 15 mm usnad\u0148uj\u00ed stabiln\u00ed mont\u00e1\u017e z\u00e1st\u011bn, instalace je mo\u017en\u00e1 na dla\u017ebu nebo sprchovou vani\u010dku<\/li>\n<li>St\u011bnov\u00fd profil z\u00e1st\u011bn na v\u00fdb\u011br z proveden\u00ed: chrom \/ \u010dern\u00e1 mat \/ b\u00edl\u00e1 mat \/ zlat\u00e1 mat<\/li>\n<li>Kolm\u00e1 vzp\u011bra o&nbsp;d\u00e9lce 1400 mm na v\u00fdb\u011br v&nbsp;proveden\u00ed chrom \/ \u010dern\u00e1 mat \/ b\u00edl\u00e1 mat \/ zlat\u00e1 mat<\/li>\n<li>Kolmou vzp\u011bru lze zkr\u00e1tit na po\u017eadovan\u00fd rozm\u011br<\/li>\n<li>Rohov\u00e1 vzp\u011bra o&nbsp;d\u00e9lce 650 mm na v\u00fdb\u011br v&nbsp;proveden\u00ed chrom \/ \u010dern\u00e1 mat&nbsp;\/ b\u00edl\u00e1 mat \/ zlat\u00e1 mat<\/li>\n<li><span>Mo\u017enost p\u0159id\u00e1n\u00ed pevn\u00e9ho p\u0159\u00eddavn\u00e9ho panelu o&nbsp;\u0161\u00ed\u0159ce 350 mm v proveden\u00ed \u010dir\u00e9 sklo a barv\u011b profilu chrom \/ \u010dern\u00e1 mat ke sklen\u011bn\u00fdm v\u00fdpln\u00edm<\/span><\/li>\n<li>Variabiln\u00ed proveden\u00ed L\/R<\/li>\n<li>V\u00fd\u0161ka 2000 mm<\/li>\n<\/ul>\n<h4>Kombinace sestaven\u00ed sprchov\u00e9ho koutu:<\/h4>\n<div style=\"float: left; text-align: justify; width: 23%; padding-right: 10px;\">S rohovou vzp\u011brou a st\u011bnov\u00fdm profilem Z\u00e1st\u011bny do \u0161\u00ed\u0159ky 1000 mm<\/div>\n<div style=\"float: left; text-align: justify; width: 23%; padding-right: 10px;\">S kolmou vzp\u011brou a st\u011bnov\u00fdm profilem<\/div>\n<div style=\"float: left; text-align: justify; width: 23%; padding-right: 10px;\">Dv\u011b z\u00e1st\u011bny se st\u011bnov\u00fdm profilem&nbsp;spojen\u00e9&nbsp;kolm\u00fdmi vzp\u011brami&nbsp;a T-spojkou<\/div>\n<div style=\"float: left; text-align: justify; width: 23%; padding-right: 10px;\">Z\u00e1st\u011bna v prostoru s dv\u011bma kolm\u00fdmi vzp\u011brami<\/div>\n<div style=\"clear: both;\"><\/div>\n<div class=\"product-explanation-item\">\n<h3><span><strong>Coated glass<\/strong><\/span><\/h3>\n<p style=\"text-align: justify;\">Coated glass p\u0159edstavuje jednu z nejkvalitn\u011bj\u0161\u00edch \u00faprav skla sprchov\u00fdch kout\u016f. Jedn\u00e1 se o chemickou slou\u010deninu sm\u011bsi polymer\u016f, kter\u00e1 ve spojen\u00ed s katalyz\u00e1tory reaguje s k\u0159emi\u010ditanov\u00fdmi skupinami obsa\u017een\u00fdmi ve skle. Na sklen\u011bn\u00fdch ploch\u00e1ch tak vytv\u00e1\u0159\u00ed souvislou vrstvu filmu, kter\u00e1 vypln\u00ed mikrop\u00f3ry ve skle a odpuzuje vodu. Vlivem vod\u011bodpudiv\u00e9ho filmu se kapky vody shlukuj\u00ed a st\u00e9kaj\u00ed z povrchu skla. I kdy\u017e dojde k nepatrn\u00e9mu udr\u017een\u00ed men\u0161\u00edch kapek na skle, nedojde k chemick\u00e9 vazb\u011b, sklo nebude naru\u0161eno a neze\u0161edne.<\/p>\n<\/div>\n<p><b>Video ke shl\u00e9dnut\u00ed<\/b><video width=\"640\" height=\"480\" controls><source src=\"https:\/\/ubc.k2.cz\/K2FTPdata\/UBC\/video\/produkt_ostatne\/gelco-vario-navod.mp4\" type=\"video\/mp4\">V\u00e1\u0161 prohl\u00ed\u017ee\u010d nepodporuje video tag.<\/video>                            <\/div>\n<div class=\"extended-description\">\n<h3>Dopl\u0148kov\u00e9 parametry<\/h3>\n<table class=\"detail-parameters\">\n<tbody>\n<tr>\n<th>        <span class=\"row-header-label\">            Kategorie<span class=\"row-header-label-colon\">:<\/span>        <\/span>    <\/th>\n<td>            <\/td>\n<\/tr>\n<tr>\n<th>            <span class=\"row-header-label\">                Z\u00e1ruka<span class=\"row-header-label-colon\">:<\/span>            <\/span>        <\/th>\n<td>            36        <\/td>\n<\/tr>\n<tr>\n<th>            <span class=\"row-header-label\">                Hmotnost<span class=\"row-header-label-colon\">:<\/span>            <\/span>        <\/th>\n<td>            39.15 kg        <\/td>\n<\/tr>\n<tr class=\"productEan\">\n<th>          <span class=\"row-header-label productEan__label\">              EAN<span class=\"row-header-label-colon\">:<\/span>          <\/span>      <\/th>\n<td>          <span class=\"productEan__value\">8590913908002<\/span>      <\/td>\n<\/tr>\n<tr>\n<th>                <span class=\"row-header-label\">                                            3D model<span class=\"row-header-label-colon\">:<\/span>                                    <\/span>            <\/th>\n<td>                                                            ANO                                                <\/td>\n<\/tr>\n<tr>\n<th>                <span class=\"row-header-label\">                                            Balen\u00ed<span class=\"row-header-label-colon\">:<\/span>                                    <\/span>            <\/th>\n<td>                                                            2 ks                                                <\/td>\n<\/tr>\n<tr>\n<th>                <span class=\"row-header-label\">                                            Balen\u00ed neobsahuje<span class=\"row-header-label-colon\">:<\/span>                                    <\/span>            <\/th>\n<td>                                                            Vzp\u011bra                                                <\/td>\n<\/tr>\n<tr>\n<th>                <span class=\"row-header-label\">                                            Barva profilu<span class=\"row-header-label-colon\">:<\/span>                                    <\/span>            <\/th>\n<td>                                                            Chrom &#8211; Le\u0161t\u011bn\u00fd hlin\u00edk                                                <\/td>\n<\/tr>\n<tr>\n<th>                <span class=\"row-header-label\">                                            Dostupnost<span class=\"row-header-label-colon\">:<\/span>                                    <\/span>            <\/th>\n<td>                                                            Skladem                                                <\/td>\n<\/tr>\n<tr>\n<th>                <span class=\"row-header-label\">                                            \u0160\u00ed\u0159ka<span class=\"row-header-label-colon\">:<\/span>                                    <\/span>            <\/th>\n<td>                                                            800 mm                                                <\/td>\n<\/tr>\n<tr>\n<th>                <span class=\"row-header-label\">                                            Tlou\u0161\u0165ka skla<span class=\"row-header-label-colon\">:<\/span>                                    <\/span>            <\/th>\n<td>                                                            8 mm                                                <\/td>\n<\/tr>\n<tr>\n<th>                <span class=\"row-header-label\">                                            Tvar<span class=\"row-header-label-colon\">:<\/span>                                    <\/span>            <\/th>\n<td>                                                            Jednost\u011bnn\u00e1 pevn\u00e1                                                <\/td>\n<\/tr>\n<tr>\n<th>                <span class=\"row-header-label\">                                            Typ v\u00fdpln\u011b<span class=\"row-header-label-colon\">:<\/span>                                    <\/span>            <\/th>\n<td>                                                            \u010cIR\u00c9 sklo                                                <\/td>\n<\/tr>\n<tr>\n<th>                <span class=\"row-header-label\">                                            \u00daprava skla<span class=\"row-header-label-colon\">:<\/span>                                    <\/span>            <\/th>\n<td>                                                            Coated glass                                                <\/td>\n<\/tr>\n<tr>\n<th>                <span class=\"row-header-label\">                                            V\u00fd\u0161ka<span class=\"row-header-label-colon\">:<\/span>                                    <\/span>            <\/th>\n<td>                                                            2000 mm                                                <\/td>\n<\/tr>\n<tr>\n<th>                <span class=\"row-header-label\">                                            Z\u00e1ruka<span class=\"row-header-label-colon\">:<\/span>                                    <\/span>            <\/th>\n<td>                                                            3 roky                                                <\/td>\n<\/tr>\n<\/tbody>\n<\/table><\/div>\n<\/p><\/div>\n<\/p><\/div>\n","protected":false},"excerpt":{"rendered":"<p>Detailn\u00ed popis produktu Kolekce walk-in z\u00e1st\u011bn VARIO nab\u00edz\u00ed chytr\u00e9 a flexibiln\u00ed \u0159e\u0161en\u00ed podle individu\u00e1ln\u00edch a prostorov\u00fdch dispozic. Stavebnicov\u00fd syst\u00e9m v\u00fdpln\u00ed, vzp\u011br a profil\u016f umo\u017e\u0148uje promy\u0161len\u00e9 kombinace rozm\u011br\u016f, barev a tvar\u016f z\u00e1st\u011bn \u2013 a\u0165 u\u017e ke st\u011bn\u011b nebo do prostoru. Elegantn\u00ed vzhled d\u00edky minimu komponent\u016f v chromov\u00e9m, \u010dern\u00e9m matn\u00e9m, b\u00edl\u00e9m matn\u00e9m, zlat\u00e9m nebo zlat\u00e9m matn\u00e9m proveden\u00ed [&hellip;]<\/p>\n","protected":false},"featured_media":36664,"comment_status":"open","ping_status":"open","template":"","meta":[],"product_brand":[],"product_cat":[122],"product_tag":[],"class_list":{"0":"post-36564","1":"product","2":"type-product","3":"status-publish","4":"has-post-thumbnail","6":"product_cat-sprchove-kouty","8":"first","9":"instock","10":"sale","11":"shipping-taxable","12":"purchasable","13":"product-type-simple"},"yoast_head":"<!-- This site is optimized with the Yoast SEO plugin v26.8 - https:\/\/yoast.com\/product\/yoast-seo-wordpress\/ -->\n<title>Cenov\u00fd Hit VARIO CHROME jednod\u00edln\u00e1 sprchov\u00e1 z\u00e1st\u011bna k instalaci ke st\u011bn\u011b, \u010dir\u00e9 sklo, 800 mm -<\/title>\n<meta name=\"robots\" content=\"index, follow, max-snippet:-1, max-image-preview:large, max-video-preview:-1\" \/>\n<link rel=\"canonical\" href=\"https:\/\/www.koupelnapro.com\/index.php\/produkt\/cenovy-hit-vario-chrome-jednodilna-sprchova-zastena-k-instalaci-ke-stene-cire-sklo-800-mm-36564\/\" \/>\n<meta property=\"og:locale\" content=\"cs_CZ\" \/>\n<meta property=\"og:type\" content=\"article\" \/>\n<meta property=\"og:title\" content=\"Cenov\u00fd Hit VARIO CHROME jednod\u00edln\u00e1 sprchov\u00e1 z\u00e1st\u011bna k instalaci ke st\u011bn\u011b, \u010dir\u00e9 sklo, 800 mm -\" \/>\n<meta property=\"og:description\" content=\"Detailn\u00ed popis produktu Kolekce walk-in z\u00e1st\u011bn VARIO nab\u00edz\u00ed chytr\u00e9 a flexibiln\u00ed \u0159e\u0161en\u00ed podle individu\u00e1ln\u00edch a prostorov\u00fdch dispozic. Stavebnicov\u00fd syst\u00e9m v\u00fdpln\u00ed, vzp\u011br a profil\u016f umo\u017e\u0148uje promy\u0161len\u00e9 kombinace rozm\u011br\u016f, barev a tvar\u016f z\u00e1st\u011bn \u2013 a\u0165 u\u017e ke st\u011bn\u011b nebo do prostoru. Elegantn\u00ed vzhled d\u00edky minimu komponent\u016f v chromov\u00e9m, \u010dern\u00e9m matn\u00e9m, b\u00edl\u00e9m matn\u00e9m, zlat\u00e9m nebo zlat\u00e9m matn\u00e9m proveden\u00ed [&hellip;]\" \/>\n<meta property=\"og:url\" content=\"https:\/\/www.koupelnapro.com\/index.php\/produkt\/cenovy-hit-vario-chrome-jednodilna-sprchova-zastena-k-instalaci-ke-stene-cire-sklo-800-mm-36564\/\" \/>\n<meta property=\"og:image\" content=\"https:\/\/www.koupelnapro.com\/wp-content\/uploads\/2026\/SK0003152-CZ20260425-092556-0-1777080363-41229-5_gx1280gx1010-157809983357305.webp\" \/>\n\t<meta property=\"og:image:width\" content=\"1000\" \/>\n\t<meta property=\"og:image:height\" content=\"750\" \/>\n\t<meta property=\"og:image:type\" content=\"image\/webp\" \/>\n<meta name=\"twitter:card\" content=\"summary_large_image\" \/>\n<meta name=\"twitter:label1\" content=\"Odhadovan\u00e1 doba \u010dten\u00ed\" \/>\n\t<meta name=\"twitter:data1\" content=\"3 minuty\" \/>\n<script type=\"application\/ld+json\" class=\"yoast-schema-graph\">{\"@context\":\"https:\/\/schema.org\",\"@graph\":[{\"@type\":\"WebPage\",\"@id\":\"https:\/\/www.koupelnapro.com\/index.php\/produkt\/cenovy-hit-vario-chrome-jednodilna-sprchova-zastena-k-instalaci-ke-stene-cire-sklo-800-mm-36564\/\",\"url\":\"https:\/\/www.koupelnapro.com\/index.php\/produkt\/cenovy-hit-vario-chrome-jednodilna-sprchova-zastena-k-instalaci-ke-stene-cire-sklo-800-mm-36564\/\",\"name\":\"Cenov\u00fd Hit VARIO CHROME jednod\u00edln\u00e1 sprchov\u00e1 z\u00e1st\u011bna k instalaci ke st\u011bn\u011b, \u010dir\u00e9 sklo, 800 mm -\",\"isPartOf\":{\"@id\":\"https:\/\/www.koupelnapro.com\/#website\"},\"primaryImageOfPage\":{\"@id\":\"https:\/\/www.koupelnapro.com\/index.php\/produkt\/cenovy-hit-vario-chrome-jednodilna-sprchova-zastena-k-instalaci-ke-stene-cire-sklo-800-mm-36564\/#primaryimage\"},\"image\":{\"@id\":\"https:\/\/www.koupelnapro.com\/index.php\/produkt\/cenovy-hit-vario-chrome-jednodilna-sprchova-zastena-k-instalaci-ke-stene-cire-sklo-800-mm-36564\/#primaryimage\"},\"thumbnailUrl\":\"https:\/\/www.koupelnapro.com\/wp-content\/uploads\/2026\/SK0003152-CZ20260425-092556-0-1777080363-41229-5_gx1280gx1010-157809983357305.webp\",\"datePublished\":\"2026-04-26T09:15:40+00:00\",\"breadcrumb\":{\"@id\":\"https:\/\/www.koupelnapro.com\/index.php\/produkt\/cenovy-hit-vario-chrome-jednodilna-sprchova-zastena-k-instalaci-ke-stene-cire-sklo-800-mm-36564\/#breadcrumb\"},\"inLanguage\":\"cs\",\"potentialAction\":[{\"@type\":\"ReadAction\",\"target\":[\"https:\/\/www.koupelnapro.com\/index.php\/produkt\/cenovy-hit-vario-chrome-jednodilna-sprchova-zastena-k-instalaci-ke-stene-cire-sklo-800-mm-36564\/\"]}]},{\"@type\":\"ImageObject\",\"inLanguage\":\"cs\",\"@id\":\"https:\/\/www.koupelnapro.com\/index.php\/produkt\/cenovy-hit-vario-chrome-jednodilna-sprchova-zastena-k-instalaci-ke-stene-cire-sklo-800-mm-36564\/#primaryimage\",\"url\":\"https:\/\/www.koupelnapro.com\/wp-content\/uploads\/2026\/SK0003152-CZ20260425-092556-0-1777080363-41229-5_gx1280gx1010-157809983357305.webp\",\"contentUrl\":\"https:\/\/www.koupelnapro.com\/wp-content\/uploads\/2026\/SK0003152-CZ20260425-092556-0-1777080363-41229-5_gx1280gx1010-157809983357305.webp\",\"width\":1000,\"height\":750},{\"@type\":\"BreadcrumbList\",\"@id\":\"https:\/\/www.koupelnapro.com\/index.php\/produkt\/cenovy-hit-vario-chrome-jednodilna-sprchova-zastena-k-instalaci-ke-stene-cire-sklo-800-mm-36564\/#breadcrumb\",\"itemListElement\":[{\"@type\":\"ListItem\",\"position\":1,\"name\":\"Home\",\"item\":\"https:\/\/www.koupelnapro.com\/\"},{\"@type\":\"ListItem\",\"position\":2,\"name\":\"Products\",\"item\":\"https:\/\/www.koupelnapro.com\/index.php\/products\/\"},{\"@type\":\"ListItem\",\"position\":3,\"name\":\"Cenov\u00fd Hit VARIO CHROME jednod\u00edln\u00e1 sprchov\u00e1 z\u00e1st\u011bna k instalaci ke st\u011bn\u011b, \u010dir\u00e9 sklo, 800 mm\"}]},{\"@type\":\"WebSite\",\"@id\":\"https:\/\/www.koupelnapro.com\/#website\",\"url\":\"https:\/\/www.koupelnapro.com\/\",\"name\":\"\",\"description\":\"\",\"potentialAction\":[{\"@type\":\"SearchAction\",\"target\":{\"@type\":\"EntryPoint\",\"urlTemplate\":\"https:\/\/www.koupelnapro.com\/?s={search_term_string}\"},\"query-input\":{\"@type\":\"PropertyValueSpecification\",\"valueRequired\":true,\"valueName\":\"search_term_string\"}}],\"inLanguage\":\"cs\"}]}<\/script>\n<!-- \/ Yoast SEO plugin. -->","yoast_head_json":{"title":"Cenov\u00fd Hit VARIO CHROME jednod\u00edln\u00e1 sprchov\u00e1 z\u00e1st\u011bna k instalaci ke st\u011bn\u011b, \u010dir\u00e9 sklo, 800 mm -","robots":{"index":"index","follow":"follow","max-snippet":"max-snippet:-1","max-image-preview":"max-image-preview:large","max-video-preview":"max-video-preview:-1"},"canonical":"https:\/\/www.koupelnapro.com\/index.php\/produkt\/cenovy-hit-vario-chrome-jednodilna-sprchova-zastena-k-instalaci-ke-stene-cire-sklo-800-mm-36564\/","og_locale":"cs_CZ","og_type":"article","og_title":"Cenov\u00fd Hit VARIO CHROME jednod\u00edln\u00e1 sprchov\u00e1 z\u00e1st\u011bna k instalaci ke st\u011bn\u011b, \u010dir\u00e9 sklo, 800 mm -","og_description":"Detailn\u00ed popis produktu Kolekce walk-in z\u00e1st\u011bn VARIO nab\u00edz\u00ed chytr\u00e9 a flexibiln\u00ed \u0159e\u0161en\u00ed podle individu\u00e1ln\u00edch a prostorov\u00fdch dispozic. Stavebnicov\u00fd syst\u00e9m v\u00fdpln\u00ed, vzp\u011br a profil\u016f umo\u017e\u0148uje promy\u0161len\u00e9 kombinace rozm\u011br\u016f, barev a tvar\u016f z\u00e1st\u011bn \u2013 a\u0165 u\u017e ke st\u011bn\u011b nebo do prostoru. Elegantn\u00ed vzhled d\u00edky minimu komponent\u016f v chromov\u00e9m, \u010dern\u00e9m matn\u00e9m, b\u00edl\u00e9m matn\u00e9m, zlat\u00e9m nebo zlat\u00e9m matn\u00e9m proveden\u00ed [&hellip;]","og_url":"https:\/\/www.koupelnapro.com\/index.php\/produkt\/cenovy-hit-vario-chrome-jednodilna-sprchova-zastena-k-instalaci-ke-stene-cire-sklo-800-mm-36564\/","og_image":[{"width":1000,"height":750,"url":"https:\/\/www.koupelnapro.com\/wp-content\/uploads\/2026\/SK0003152-CZ20260425-092556-0-1777080363-41229-5_gx1280gx1010-157809983357305.webp","type":"image\/webp"}],"twitter_card":"summary_large_image","twitter_misc":{"Odhadovan\u00e1 doba \u010dten\u00ed":"3 minuty"},"schema":{"@context":"https:\/\/schema.org","@graph":[{"@type":"WebPage","@id":"https:\/\/www.koupelnapro.com\/index.php\/produkt\/cenovy-hit-vario-chrome-jednodilna-sprchova-zastena-k-instalaci-ke-stene-cire-sklo-800-mm-36564\/","url":"https:\/\/www.koupelnapro.com\/index.php\/produkt\/cenovy-hit-vario-chrome-jednodilna-sprchova-zastena-k-instalaci-ke-stene-cire-sklo-800-mm-36564\/","name":"Cenov\u00fd Hit VARIO CHROME jednod\u00edln\u00e1 sprchov\u00e1 z\u00e1st\u011bna k instalaci ke st\u011bn\u011b, \u010dir\u00e9 sklo, 800 mm -","isPartOf":{"@id":"https:\/\/www.koupelnapro.com\/#website"},"primaryImageOfPage":{"@id":"https:\/\/www.koupelnapro.com\/index.php\/produkt\/cenovy-hit-vario-chrome-jednodilna-sprchova-zastena-k-instalaci-ke-stene-cire-sklo-800-mm-36564\/#primaryimage"},"image":{"@id":"https:\/\/www.koupelnapro.com\/index.php\/produkt\/cenovy-hit-vario-chrome-jednodilna-sprchova-zastena-k-instalaci-ke-stene-cire-sklo-800-mm-36564\/#primaryimage"},"thumbnailUrl":"https:\/\/www.koupelnapro.com\/wp-content\/uploads\/2026\/SK0003152-CZ20260425-092556-0-1777080363-41229-5_gx1280gx1010-157809983357305.webp","datePublished":"2026-04-26T09:15:40+00:00","breadcrumb":{"@id":"https:\/\/www.koupelnapro.com\/index.php\/produkt\/cenovy-hit-vario-chrome-jednodilna-sprchova-zastena-k-instalaci-ke-stene-cire-sklo-800-mm-36564\/#breadcrumb"},"inLanguage":"cs","potentialAction":[{"@type":"ReadAction","target":["https:\/\/www.koupelnapro.com\/index.php\/produkt\/cenovy-hit-vario-chrome-jednodilna-sprchova-zastena-k-instalaci-ke-stene-cire-sklo-800-mm-36564\/"]}]},{"@type":"ImageObject","inLanguage":"cs","@id":"https:\/\/www.koupelnapro.com\/index.php\/produkt\/cenovy-hit-vario-chrome-jednodilna-sprchova-zastena-k-instalaci-ke-stene-cire-sklo-800-mm-36564\/#primaryimage","url":"https:\/\/www.koupelnapro.com\/wp-content\/uploads\/2026\/SK0003152-CZ20260425-092556-0-1777080363-41229-5_gx1280gx1010-157809983357305.webp","contentUrl":"https:\/\/www.koupelnapro.com\/wp-content\/uploads\/2026\/SK0003152-CZ20260425-092556-0-1777080363-41229-5_gx1280gx1010-157809983357305.webp","width":1000,"height":750},{"@type":"BreadcrumbList","@id":"https:\/\/www.koupelnapro.com\/index.php\/produkt\/cenovy-hit-vario-chrome-jednodilna-sprchova-zastena-k-instalaci-ke-stene-cire-sklo-800-mm-36564\/#breadcrumb","itemListElement":[{"@type":"ListItem","position":1,"name":"Home","item":"https:\/\/www.koupelnapro.com\/"},{"@type":"ListItem","position":2,"name":"Products","item":"https:\/\/www.koupelnapro.com\/index.php\/products\/"},{"@type":"ListItem","position":3,"name":"Cenov\u00fd Hit VARIO CHROME jednod\u00edln\u00e1 sprchov\u00e1 z\u00e1st\u011bna k instalaci ke st\u011bn\u011b, \u010dir\u00e9 sklo, 800 mm"}]},{"@type":"WebSite","@id":"https:\/\/www.koupelnapro.com\/#website","url":"https:\/\/www.koupelnapro.com\/","name":"","description":"","potentialAction":[{"@type":"SearchAction","target":{"@type":"EntryPoint","urlTemplate":"https:\/\/www.koupelnapro.com\/?s={search_term_string}"},"query-input":{"@type":"PropertyValueSpecification","valueRequired":true,"valueName":"search_term_string"}}],"inLanguage":"cs"}]}},"_links":{"self":[{"href":"https:\/\/www.koupelnapro.com\/index.php\/wp-json\/wp\/v2\/product\/36564","targetHints":{"allow":["GET"]}}],"collection":[{"href":"https:\/\/www.koupelnapro.com\/index.php\/wp-json\/wp\/v2\/product"}],"about":[{"href":"https:\/\/www.koupelnapro.com\/index.php\/wp-json\/wp\/v2\/types\/product"}],"replies":[{"embeddable":true,"href":"https:\/\/www.koupelnapro.com\/index.php\/wp-json\/wp\/v2\/comments?post=36564"}],"wp:featuredmedia":[{"embeddable":true,"href":"https:\/\/www.koupelnapro.com\/index.php\/wp-json\/wp\/v2\/media\/36664"}],"wp:attachment":[{"href":"https:\/\/www.koupelnapro.com\/index.php\/wp-json\/wp\/v2\/media?parent=36564"}],"wp:term":[{"taxonomy":"product_brand","embeddable":true,"href":"https:\/\/www.koupelnapro.com\/index.php\/wp-json\/wp\/v2\/product_brand?post=36564"},{"taxonomy":"product_cat","embeddable":true,"href":"https:\/\/www.koupelnapro.com\/index.php\/wp-json\/wp\/v2\/product_cat?post=36564"},{"taxonomy":"product_tag","embeddable":true,"href":"https:\/\/www.koupelnapro.com\/index.php\/wp-json\/wp\/v2\/product_tag?post=36564"}],"curies":[{"name":"wp","href":"https:\/\/api.w.org\/{rel}","templated":true}]}}