{"id":36381,"date":"2026-04-26T09:15:40","date_gmt":"2026-04-26T09:15:40","guid":{"rendered":""},"modified":"2026-04-26T09:15:40","modified_gmt":"2026-04-26T09:15:40","slug":"riwa-galerka-s-led-osvetlenim-3x-dvirka-121x70x17cm-dub-stribrny-sleva-36381","status":"publish","type":"product","link":"https:\/\/www.koupelnapro.com\/index.php\/produkt\/riwa-galerka-s-led-osvetlenim-3x-dvirka-121x70x17cm-dub-stribrny-sleva-36381\/","title":{"rendered":"RIWA galerka s LED osv\u011btlen\u00edm, 3x dv\u00ed\u0159ka, 121x70x17cm, dub st\u0159\u00edbrn\u00fd Sleva"},"content":{"rendered":"<div class=\"basic-description\">\n<h3>Detailn\u00ed popis produktu<\/h3>\n<ul>\n<li>Dv\u00ed\u0159ka se zrcadlem (30 + 60 + 30 cm) <\/li>\n<li>Uvnit\u0159 v\u00fd\u0161kov\u011b nastaviteln\u00e9 sklen\u011bn\u00e9 police   <\/li>\n<li>LED osv\u011btlen\u00ed 80 cm (10 W, 791 lm, \u017eivotnost 36.000 hodin, 5700 K)   <\/li>\n<li>\u00dachytka pro snadn\u00e9 otv\u00edr\u00e1n\u00ed   <\/li>\n<li>Zapnut\u00ed\/vypnut\u00ed osv\u011btlen\u00ed p\u0159es extern\u00ed vyp\u00edna\u010d<\/li>\n<\/ul>\n<p style=\"text-align: justify;\"><span>RIWA galerky poskytuj\u00ed dostate\u010dn\u00fd prostor pro uskladn\u011bn\u00ed kosmetiky, hygienick\u00fdch pot\u0159eb i holic\u00edho strojku. Velk\u00e9 zrcadlo, pod kter\u00fdm naleznete ka\u017edou mali\u010dkost, si zajist\u00e9 obl\u00edb\u00edte. Galerky jsou vybaveny v\u00fdkonn\u00fdm LED osv\u011btlen\u00edm. \u0160irokou \u0161k\u00e1lu variability zaru\u010duje mo\u017enost kombinace s otev\u0159en\u00fdmi policemi RIWA.<\/span><\/p>\n<p style=\"text-align: justify;\">P\u0159\u00edklady kombinac\u00ed sestav:<\/p>\n<p style=\"text-align: justify;\">\n<div class=\"product-explanation-item\">\n<h3>Lze vyrobit v tomto barevn\u00e9m proveden\u00ed:<\/h3>\n<p><strong>Cenov\u00e1 skupina A  <\/strong>p\u0159\u00edplatek 0%<\/p>\n<div class=\"vzorniky-list\">\n<div class=\"vzorniky-item\">30 B\u00edl\u00e1 lesk<\/div>\n<div class=\"vzorniky-item\">11 Dub st\u0159\u00edbrn\u00fd<\/div>\n<div class=\"vzorniky-item\">16 Borovice rustik<\/div>\n<div class=\"vzorniky-item\">22 Dub alabama<\/div>\n<div class=\"vzorniky-item\">25 Dub cuneo<\/div>\n<\/div>\n<div style=\"clear: both;\"><\/div>\n<p><strong>Cenov\u00e1 skupina B:<\/strong>  p\u0159\u00edplatek 30%<\/p>\n<div class=\"vzorniky-list\">\n<div class=\"vzorniky-item\">10 Dub polar<\/div>\n<div class=\"vzorniky-item\">12 Dub mocca<\/div>\n<div class=\"vzorniky-item\">20 Dub texas<\/div>\n<div class=\"vzorniky-item\">15 Dub sherwood<\/div>\n<div class=\"vzorniky-item\">13 Jilm bardini<\/div>\n<div class=\"vzorniky-item\">21 Mali wenge<\/div>\n<div class=\"vzorniky-item\">17 O\u0159ech yosemite<\/div>\n<div class=\"vzorniky-item\">18 Dub \u010dern\u00fd<\/div>\n<div class=\"vzorniky-item\">31 B\u00edl\u00e1 mat<\/div>\n<div class=\"vzorniky-item\">32 Ka\u0161m\u00edrov\u00e1 matn\u00e1<\/div>\n<div class=\"vzorniky-item\">33 \u0160ed\u00e1 matn\u00e1<\/div>\n<div class=\"vzorniky-item\">34 Antracit matn\u00fd<\/div>\n<div class=\"vzorniky-item\">35 \u010cern\u00e1 matn\u00e1<\/div>\n<\/div>\n<div style=\"clear: both;\"><\/div>\n<p><strong>Cenov\u00e1 skupina C:<\/strong> p\u0159\u00edplatek 50%<\/p>\n<div class=\"vzorniky-list\">\n<div class=\"vzorniky-item\">41 Carina<\/div>\n<div class=\"vzorniky-item\">42 Siena<\/div>\n<div class=\"vzorniky-item\">43 Agila<\/div>\n<div class=\"vzorniky-item\">44 Verde<\/div>\n<\/div>\n<div style=\"clear: both;\"><\/div>\n<p>jak\u00e1koliv barva dle vzorn\u00edku RAL nebo NCS v leskl\u00e9m nebo matn\u00e9m proveden\u00ed<\/p>\n<div class=\"vzorniky-list\">\n<div class=\"vzorniky-item\">RAL1019 \u0160edob\u00e9\u017eov\u00e1<\/div>\n<div class=\"vzorniky-item\">RAL3004 Bord\u00f3<\/div>\n<div class=\"vzorniky-item\">RAL6004 Modrozelen\u00e1<\/div>\n<div class=\"vzorniky-item\">RAL7031 \u0160edomodr\u00e1<\/div>\n<\/div>\n<div style=\"clear: both;\"><\/div>\n<p>Dodac\u00ed lh\u016fta cenov\u00fdch skupin B a C je 6 t\u00fddn\u016f.<\/p>\n<\/div>\n<div class=\"product-explanation-item\">\n<h3>Barva LED: Studen\u00e1 b\u00edl\u00e1<\/h3>\n<p style=\"text-align: justify;\">Pro ur\u010den\u00ed barvy sv\u011btla se pou\u017e\u00edv\u00e1 pojem \u201eteplota chromati\u010dnosti\u201c. Jej\u00ed hodnoty se ud\u00e1vaj\u00ed v jednotk\u00e1ch Kelvin\u016f (K). Studen\u00e1 b\u00edl\u00e1 je barva vyza\u0159ovan\u00e9ho sv\u011btla v rozmez\u00ed 5700 &#8211; 6500 K. Toto sv\u011btlo je chladn\u00e9, jasn\u00e9 a \u010dasto s lehce modr\u00fdm n\u00e1dechem. P\u0159irozen\u011b podporuje bd\u011blost, proto je vhodn\u00e9 do pracovn\u00edch prostor a koupelen na osv\u011btlen\u00ed galerek a zrcadel.<\/p>\n<p style=\"text-align: justify;\">\n<\/div>\n<div class=\"product-explanation-item\">\n<h3>Zpomalovac\u00ed panty<\/h3>\n<div style=\"float: left;\"><\/div>\n<p>N\u00e1bytek je vybaven mechanismem zpomalovac\u00edch pant\u016f u dv\u00ed\u0159ek. Dv\u00ed\u0159ka sta\u010d\u00ed jen lehce postr\u010dit a ona se ji\u017e sama dov\u0159ou.<\/p>\n<\/div><\/div>\n<div class=\"extended-description\">\n<h3>Dopl\u0148kov\u00e9 parametry<\/h3>\n<table class=\"detail-parameters\">\n<tbody>\n<tr>\n<th>        <span class=\"row-header-label\">            Kategorie<span class=\"row-header-label-colon\">:<\/span>        <\/span>    <\/th>\n<td>            <\/td>\n<\/tr>\n<tr>\n<th>            <span class=\"row-header-label\">                Z\u00e1ruka<span class=\"row-header-label-colon\">:<\/span>            <\/span>        <\/th>\n<td>            24        <\/td>\n<\/tr>\n<tr>\n<th>            <span class=\"row-header-label\">                Hmotnost<span class=\"row-header-label-colon\">:<\/span>            <\/span>        <\/th>\n<td>            37.2 kg        <\/td>\n<\/tr>\n<tr class=\"productEan\">\n<th>          <span class=\"row-header-label productEan__label\">              EAN<span class=\"row-header-label-colon\">:<\/span>          <\/span>      <\/th>\n<td>          <span class=\"productEan__value\">8590913897146<\/span>      <\/td>\n<\/tr>\n<tr>\n<th>                <span class=\"row-header-label\">                                            3D model<span class=\"row-header-label-colon\">:<\/span>                                    <\/span>            <\/th>\n<td>                                                            ANO                                                <\/td>\n<\/tr>\n<tr>\n<th>                <span class=\"row-header-label\">                                            Balen\u00ed<span class=\"row-header-label-colon\">:<\/span>                                    <\/span>            <\/th>\n<td>                                                            1 ks                                                <\/td>\n<\/tr>\n<tr>\n<th>                <span class=\"row-header-label\">                                            Barva<span class=\"row-header-label-colon\">:<\/span>                                    <\/span>            <\/th>\n<td>                                                            \u0160ed\u00e1                                                <\/td>\n<\/tr>\n<tr>\n<th>                <span class=\"row-header-label\">                                            Barva LED<span class=\"row-header-label-colon\">:<\/span>                                    <\/span>            <\/th>\n<td>                                                            Studen\u00e1 b\u00edl\u00e1 (5 700 &#8211; 6 500 K)                                                <\/td>\n<\/tr>\n<tr>\n<th>                <span class=\"row-header-label\">                                            Dekor<span class=\"row-header-label-colon\">:<\/span>                                    <\/span>            <\/th>\n<td>                                                            Dub st\u0159\u00edbrn\u00fd                                                <\/td>\n<\/tr>\n<tr>\n<th>                <span class=\"row-header-label\">                                            Dostupnost<span class=\"row-header-label-colon\">:<\/span>                                    <\/span>            <\/th>\n<td>                                                            Dod\u00e1n\u00ed do 6ti t\u00fddn\u016f                                                <\/td>\n<\/tr>\n<tr>\n<th>                <span class=\"row-header-label\">                                            Hloubka<span class=\"row-header-label-colon\">:<\/span>                                    <\/span>            <\/th>\n<td>                                                            170 mm                                                <\/td>\n<\/tr>\n<tr>\n<th>                <span class=\"row-header-label\">                                            Jin\u00e9 barevn\u00e9 proveden\u00ed<span class=\"row-header-label-colon\">:<\/span>                                    <\/span>            <\/th>\n<td>                                                            Dle vzorn\u00edku                                                <\/td>\n<\/tr>\n<tr>\n<th>                <span class=\"row-header-label\">                                            Materi\u00e1l<span class=\"row-header-label-colon\">:<\/span>                                    <\/span>            <\/th>\n<td>                                                            MDF\/lamino                                                <\/td>\n<\/tr>\n<tr>\n<th>                <span class=\"row-header-label\">                                            Ovl\u00e1d\u00e1n\u00ed sv\u011btla<span class=\"row-header-label-colon\">:<\/span>                                    <\/span>            <\/th>\n<td>                                                            Nen\u00ed sou\u010d\u00e1st\u00ed                                                <\/td>\n<\/tr>\n<tr>\n<th>                <span class=\"row-header-label\">                                            P\u0159\u00edkon<span class=\"row-header-label-colon\">:<\/span>                                    <\/span>            <\/th>\n<td>                                                            10 W                                                <\/td>\n<\/tr>\n<tr>\n<th>                <span class=\"row-header-label\">                                            Rozm\u011br<span class=\"row-header-label-colon\">:<\/span>                                    <\/span>            <\/th>\n<td>                                                            121x70x17 cm                                                <\/td>\n<\/tr>\n<tr>\n<th>                <span class=\"row-header-label\">                                            Stupe\u0148 kryt\u00ed<span class=\"row-header-label-colon\">:<\/span>                                    <\/span>            <\/th>\n<td>                                                            IP44                                                <\/td>\n<\/tr>\n<tr>\n<th>                <span class=\"row-header-label\">                                            Sv\u00edtivost<span class=\"row-header-label-colon\">:<\/span>                                    <\/span>            <\/th>\n<td>                                                            791 lm                                                <\/td>\n<\/tr>\n<tr>\n<th>                <span class=\"row-header-label\">                                            \u0160\u00ed\u0159ka<span class=\"row-header-label-colon\">:<\/span>                                    <\/span>            <\/th>\n<td>                                                            1210 mm                                                <\/td>\n<\/tr>\n<tr>\n<th>                <span class=\"row-header-label\">                                            Typ osv\u011btlen\u00ed<span class=\"row-header-label-colon\">:<\/span>                                    <\/span>            <\/th>\n<td>                                                            LED                                                <\/td>\n<\/tr>\n<tr>\n<th>                <span class=\"row-header-label\">                                            V\u00fdbava<span class=\"row-header-label-colon\">:<\/span>                                    <\/span>            <\/th>\n<td>                                                            Osv\u011btlen\u00ed;Zpomalovac\u00ed panty                                                <\/td>\n<\/tr>\n<tr>\n<th>                <span class=\"row-header-label\">                                            V\u00fd\u0161ka<span class=\"row-header-label-colon\">:<\/span>                                    <\/span>            <\/th>\n<td>                                                            700 mm                                                <\/td>\n<\/tr>\n<tr>\n<th>                <span class=\"row-header-label\">                                            Z\u00e1ruka<span class=\"row-header-label-colon\">:<\/span>                                    <\/span>            <\/th>\n<td>                                                            2 roky                                                <\/td>\n<\/tr>\n<\/tbody>\n<\/table><\/div>\n<\/p><\/div>\n<\/p><\/div>\n","protected":false},"excerpt":{"rendered":"<p>Detailn\u00ed popis produktu Dv\u00ed\u0159ka se zrcadlem (30 + 60 + 30 cm) Uvnit\u0159 v\u00fd\u0161kov\u011b nastaviteln\u00e9 sklen\u011bn\u00e9 police LED osv\u011btlen\u00ed 80 cm (10 W, 791 lm, \u017eivotnost 36.000 hodin, 5700 K) \u00dachytka pro snadn\u00e9 otv\u00edr\u00e1n\u00ed Zapnut\u00ed\/vypnut\u00ed osv\u011btlen\u00ed p\u0159es extern\u00ed vyp\u00edna\u010d RIWA galerky poskytuj\u00ed dostate\u010dn\u00fd prostor pro uskladn\u011bn\u00ed kosmetiky, hygienick\u00fdch pot\u0159eb i holic\u00edho strojku. Velk\u00e9 zrcadlo, pod [&hellip;]<\/p>\n","protected":false},"featured_media":36481,"comment_status":"open","ping_status":"open","template":"","meta":[],"product_brand":[],"product_cat":[119],"product_tag":[],"class_list":{"0":"post-36381","1":"product","2":"type-product","3":"status-publish","4":"has-post-thumbnail","6":"product_cat-galerky","8":"first","9":"instock","10":"sale","11":"shipping-taxable","12":"purchasable","13":"product-type-simple"},"yoast_head":"<!-- This site is optimized with the Yoast SEO plugin v26.8 - https:\/\/yoast.com\/product\/yoast-seo-wordpress\/ -->\n<title>RIWA galerka s LED osv\u011btlen\u00edm, 3x dv\u00ed\u0159ka, 121x70x17cm, dub st\u0159\u00edbrn\u00fd Sleva -<\/title>\n<meta name=\"robots\" content=\"index, follow, max-snippet:-1, max-image-preview:large, max-video-preview:-1\" \/>\n<link rel=\"canonical\" href=\"https:\/\/www.koupelnapro.com\/index.php\/produkt\/riwa-galerka-s-led-osvetlenim-3x-dvirka-121x70x17cm-dub-stribrny-sleva-36381\/\" \/>\n<meta property=\"og:locale\" content=\"cs_CZ\" \/>\n<meta property=\"og:type\" content=\"article\" \/>\n<meta property=\"og:title\" content=\"RIWA galerka s LED osv\u011btlen\u00edm, 3x dv\u00ed\u0159ka, 121x70x17cm, dub st\u0159\u00edbrn\u00fd Sleva -\" \/>\n<meta property=\"og:description\" content=\"Detailn\u00ed popis produktu Dv\u00ed\u0159ka se zrcadlem (30 + 60 + 30 cm) Uvnit\u0159 v\u00fd\u0161kov\u011b nastaviteln\u00e9 sklen\u011bn\u00e9 police LED osv\u011btlen\u00ed 80 cm (10 W, 791 lm, \u017eivotnost 36.000 hodin, 5700 K) \u00dachytka pro snadn\u00e9 otv\u00edr\u00e1n\u00ed Zapnut\u00ed\/vypnut\u00ed osv\u011btlen\u00ed p\u0159es extern\u00ed vyp\u00edna\u010d RIWA galerky poskytuj\u00ed dostate\u010dn\u00fd prostor pro uskladn\u011bn\u00ed kosmetiky, hygienick\u00fdch pot\u0159eb i holic\u00edho strojku. Velk\u00e9 zrcadlo, pod [&hellip;]\" \/>\n<meta property=\"og:url\" content=\"https:\/\/www.koupelnapro.com\/index.php\/produkt\/riwa-galerka-s-led-osvetlenim-3x-dvirka-121x70x17cm-dub-stribrny-sleva-36381\/\" \/>\n<meta property=\"og:image\" content=\"https:\/\/www.koupelnapro.com\/wp-content\/uploads\/2026\/SK0003065-CZ20260425-092556-0-1777080363-40437-5_riw120-0011-153785599001077.webp\" \/>\n\t<meta property=\"og:image:width\" content=\"1000\" \/>\n\t<meta property=\"og:image:height\" content=\"750\" \/>\n\t<meta property=\"og:image:type\" content=\"image\/webp\" \/>\n<meta name=\"twitter:card\" content=\"summary_large_image\" \/>\n<meta name=\"twitter:label1\" content=\"Odhadovan\u00e1 doba \u010dten\u00ed\" \/>\n\t<meta name=\"twitter:data1\" content=\"2 minuty\" \/>\n<script type=\"application\/ld+json\" class=\"yoast-schema-graph\">{\"@context\":\"https:\/\/schema.org\",\"@graph\":[{\"@type\":\"WebPage\",\"@id\":\"https:\/\/www.koupelnapro.com\/index.php\/produkt\/riwa-galerka-s-led-osvetlenim-3x-dvirka-121x70x17cm-dub-stribrny-sleva-36381\/\",\"url\":\"https:\/\/www.koupelnapro.com\/index.php\/produkt\/riwa-galerka-s-led-osvetlenim-3x-dvirka-121x70x17cm-dub-stribrny-sleva-36381\/\",\"name\":\"RIWA galerka s LED osv\u011btlen\u00edm, 3x dv\u00ed\u0159ka, 121x70x17cm, dub st\u0159\u00edbrn\u00fd Sleva -\",\"isPartOf\":{\"@id\":\"https:\/\/www.koupelnapro.com\/#website\"},\"primaryImageOfPage\":{\"@id\":\"https:\/\/www.koupelnapro.com\/index.php\/produkt\/riwa-galerka-s-led-osvetlenim-3x-dvirka-121x70x17cm-dub-stribrny-sleva-36381\/#primaryimage\"},\"image\":{\"@id\":\"https:\/\/www.koupelnapro.com\/index.php\/produkt\/riwa-galerka-s-led-osvetlenim-3x-dvirka-121x70x17cm-dub-stribrny-sleva-36381\/#primaryimage\"},\"thumbnailUrl\":\"https:\/\/www.koupelnapro.com\/wp-content\/uploads\/2026\/SK0003065-CZ20260425-092556-0-1777080363-40437-5_riw120-0011-153785599001077.webp\",\"datePublished\":\"2026-04-26T09:15:40+00:00\",\"breadcrumb\":{\"@id\":\"https:\/\/www.koupelnapro.com\/index.php\/produkt\/riwa-galerka-s-led-osvetlenim-3x-dvirka-121x70x17cm-dub-stribrny-sleva-36381\/#breadcrumb\"},\"inLanguage\":\"cs\",\"potentialAction\":[{\"@type\":\"ReadAction\",\"target\":[\"https:\/\/www.koupelnapro.com\/index.php\/produkt\/riwa-galerka-s-led-osvetlenim-3x-dvirka-121x70x17cm-dub-stribrny-sleva-36381\/\"]}]},{\"@type\":\"ImageObject\",\"inLanguage\":\"cs\",\"@id\":\"https:\/\/www.koupelnapro.com\/index.php\/produkt\/riwa-galerka-s-led-osvetlenim-3x-dvirka-121x70x17cm-dub-stribrny-sleva-36381\/#primaryimage\",\"url\":\"https:\/\/www.koupelnapro.com\/wp-content\/uploads\/2026\/SK0003065-CZ20260425-092556-0-1777080363-40437-5_riw120-0011-153785599001077.webp\",\"contentUrl\":\"https:\/\/www.koupelnapro.com\/wp-content\/uploads\/2026\/SK0003065-CZ20260425-092556-0-1777080363-40437-5_riw120-0011-153785599001077.webp\",\"width\":1000,\"height\":750},{\"@type\":\"BreadcrumbList\",\"@id\":\"https:\/\/www.koupelnapro.com\/index.php\/produkt\/riwa-galerka-s-led-osvetlenim-3x-dvirka-121x70x17cm-dub-stribrny-sleva-36381\/#breadcrumb\",\"itemListElement\":[{\"@type\":\"ListItem\",\"position\":1,\"name\":\"Home\",\"item\":\"https:\/\/www.koupelnapro.com\/\"},{\"@type\":\"ListItem\",\"position\":2,\"name\":\"Products\",\"item\":\"https:\/\/www.koupelnapro.com\/index.php\/products\/\"},{\"@type\":\"ListItem\",\"position\":3,\"name\":\"RIWA galerka s LED osv\u011btlen\u00edm, 3x dv\u00ed\u0159ka, 121x70x17cm, dub st\u0159\u00edbrn\u00fd Sleva\"}]},{\"@type\":\"WebSite\",\"@id\":\"https:\/\/www.koupelnapro.com\/#website\",\"url\":\"https:\/\/www.koupelnapro.com\/\",\"name\":\"\",\"description\":\"\",\"potentialAction\":[{\"@type\":\"SearchAction\",\"target\":{\"@type\":\"EntryPoint\",\"urlTemplate\":\"https:\/\/www.koupelnapro.com\/?s={search_term_string}\"},\"query-input\":{\"@type\":\"PropertyValueSpecification\",\"valueRequired\":true,\"valueName\":\"search_term_string\"}}],\"inLanguage\":\"cs\"}]}<\/script>\n<!-- \/ Yoast SEO plugin. -->","yoast_head_json":{"title":"RIWA galerka s LED osv\u011btlen\u00edm, 3x dv\u00ed\u0159ka, 121x70x17cm, dub st\u0159\u00edbrn\u00fd Sleva -","robots":{"index":"index","follow":"follow","max-snippet":"max-snippet:-1","max-image-preview":"max-image-preview:large","max-video-preview":"max-video-preview:-1"},"canonical":"https:\/\/www.koupelnapro.com\/index.php\/produkt\/riwa-galerka-s-led-osvetlenim-3x-dvirka-121x70x17cm-dub-stribrny-sleva-36381\/","og_locale":"cs_CZ","og_type":"article","og_title":"RIWA galerka s LED osv\u011btlen\u00edm, 3x dv\u00ed\u0159ka, 121x70x17cm, dub st\u0159\u00edbrn\u00fd Sleva -","og_description":"Detailn\u00ed popis produktu Dv\u00ed\u0159ka se zrcadlem (30 + 60 + 30 cm) Uvnit\u0159 v\u00fd\u0161kov\u011b nastaviteln\u00e9 sklen\u011bn\u00e9 police LED osv\u011btlen\u00ed 80 cm (10 W, 791 lm, \u017eivotnost 36.000 hodin, 5700 K) \u00dachytka pro snadn\u00e9 otv\u00edr\u00e1n\u00ed Zapnut\u00ed\/vypnut\u00ed osv\u011btlen\u00ed p\u0159es extern\u00ed vyp\u00edna\u010d RIWA galerky poskytuj\u00ed dostate\u010dn\u00fd prostor pro uskladn\u011bn\u00ed kosmetiky, hygienick\u00fdch pot\u0159eb i holic\u00edho strojku. Velk\u00e9 zrcadlo, pod [&hellip;]","og_url":"https:\/\/www.koupelnapro.com\/index.php\/produkt\/riwa-galerka-s-led-osvetlenim-3x-dvirka-121x70x17cm-dub-stribrny-sleva-36381\/","og_image":[{"width":1000,"height":750,"url":"https:\/\/www.koupelnapro.com\/wp-content\/uploads\/2026\/SK0003065-CZ20260425-092556-0-1777080363-40437-5_riw120-0011-153785599001077.webp","type":"image\/webp"}],"twitter_card":"summary_large_image","twitter_misc":{"Odhadovan\u00e1 doba \u010dten\u00ed":"2 minuty"},"schema":{"@context":"https:\/\/schema.org","@graph":[{"@type":"WebPage","@id":"https:\/\/www.koupelnapro.com\/index.php\/produkt\/riwa-galerka-s-led-osvetlenim-3x-dvirka-121x70x17cm-dub-stribrny-sleva-36381\/","url":"https:\/\/www.koupelnapro.com\/index.php\/produkt\/riwa-galerka-s-led-osvetlenim-3x-dvirka-121x70x17cm-dub-stribrny-sleva-36381\/","name":"RIWA galerka s LED osv\u011btlen\u00edm, 3x dv\u00ed\u0159ka, 121x70x17cm, dub st\u0159\u00edbrn\u00fd Sleva -","isPartOf":{"@id":"https:\/\/www.koupelnapro.com\/#website"},"primaryImageOfPage":{"@id":"https:\/\/www.koupelnapro.com\/index.php\/produkt\/riwa-galerka-s-led-osvetlenim-3x-dvirka-121x70x17cm-dub-stribrny-sleva-36381\/#primaryimage"},"image":{"@id":"https:\/\/www.koupelnapro.com\/index.php\/produkt\/riwa-galerka-s-led-osvetlenim-3x-dvirka-121x70x17cm-dub-stribrny-sleva-36381\/#primaryimage"},"thumbnailUrl":"https:\/\/www.koupelnapro.com\/wp-content\/uploads\/2026\/SK0003065-CZ20260425-092556-0-1777080363-40437-5_riw120-0011-153785599001077.webp","datePublished":"2026-04-26T09:15:40+00:00","breadcrumb":{"@id":"https:\/\/www.koupelnapro.com\/index.php\/produkt\/riwa-galerka-s-led-osvetlenim-3x-dvirka-121x70x17cm-dub-stribrny-sleva-36381\/#breadcrumb"},"inLanguage":"cs","potentialAction":[{"@type":"ReadAction","target":["https:\/\/www.koupelnapro.com\/index.php\/produkt\/riwa-galerka-s-led-osvetlenim-3x-dvirka-121x70x17cm-dub-stribrny-sleva-36381\/"]}]},{"@type":"ImageObject","inLanguage":"cs","@id":"https:\/\/www.koupelnapro.com\/index.php\/produkt\/riwa-galerka-s-led-osvetlenim-3x-dvirka-121x70x17cm-dub-stribrny-sleva-36381\/#primaryimage","url":"https:\/\/www.koupelnapro.com\/wp-content\/uploads\/2026\/SK0003065-CZ20260425-092556-0-1777080363-40437-5_riw120-0011-153785599001077.webp","contentUrl":"https:\/\/www.koupelnapro.com\/wp-content\/uploads\/2026\/SK0003065-CZ20260425-092556-0-1777080363-40437-5_riw120-0011-153785599001077.webp","width":1000,"height":750},{"@type":"BreadcrumbList","@id":"https:\/\/www.koupelnapro.com\/index.php\/produkt\/riwa-galerka-s-led-osvetlenim-3x-dvirka-121x70x17cm-dub-stribrny-sleva-36381\/#breadcrumb","itemListElement":[{"@type":"ListItem","position":1,"name":"Home","item":"https:\/\/www.koupelnapro.com\/"},{"@type":"ListItem","position":2,"name":"Products","item":"https:\/\/www.koupelnapro.com\/index.php\/products\/"},{"@type":"ListItem","position":3,"name":"RIWA galerka s LED osv\u011btlen\u00edm, 3x dv\u00ed\u0159ka, 121x70x17cm, dub st\u0159\u00edbrn\u00fd Sleva"}]},{"@type":"WebSite","@id":"https:\/\/www.koupelnapro.com\/#website","url":"https:\/\/www.koupelnapro.com\/","name":"","description":"","potentialAction":[{"@type":"SearchAction","target":{"@type":"EntryPoint","urlTemplate":"https:\/\/www.koupelnapro.com\/?s={search_term_string}"},"query-input":{"@type":"PropertyValueSpecification","valueRequired":true,"valueName":"search_term_string"}}],"inLanguage":"cs"}]}},"_links":{"self":[{"href":"https:\/\/www.koupelnapro.com\/index.php\/wp-json\/wp\/v2\/product\/36381","targetHints":{"allow":["GET"]}}],"collection":[{"href":"https:\/\/www.koupelnapro.com\/index.php\/wp-json\/wp\/v2\/product"}],"about":[{"href":"https:\/\/www.koupelnapro.com\/index.php\/wp-json\/wp\/v2\/types\/product"}],"replies":[{"embeddable":true,"href":"https:\/\/www.koupelnapro.com\/index.php\/wp-json\/wp\/v2\/comments?post=36381"}],"wp:featuredmedia":[{"embeddable":true,"href":"https:\/\/www.koupelnapro.com\/index.php\/wp-json\/wp\/v2\/media\/36481"}],"wp:attachment":[{"href":"https:\/\/www.koupelnapro.com\/index.php\/wp-json\/wp\/v2\/media?parent=36381"}],"wp:term":[{"taxonomy":"product_brand","embeddable":true,"href":"https:\/\/www.koupelnapro.com\/index.php\/wp-json\/wp\/v2\/product_brand?post=36381"},{"taxonomy":"product_cat","embeddable":true,"href":"https:\/\/www.koupelnapro.com\/index.php\/wp-json\/wp\/v2\/product_cat?post=36381"},{"taxonomy":"product_tag","embeddable":true,"href":"https:\/\/www.koupelnapro.com\/index.php\/wp-json\/wp\/v2\/product_tag?post=36381"}],"curies":[{"name":"wp","href":"https:\/\/api.w.org\/{rel}","templated":true}]}}