{"id":36366,"date":"2026-04-26T09:15:40","date_gmt":"2026-04-26T09:15:40","guid":{"rendered":""},"modified":"2026-04-26T09:15:40","modified_gmt":"2026-04-26T09:15:40","slug":"vysoce-kvalitni-lucie-galerka-s-led-osvetlenim-126x70x17cm-bila-36366","status":"publish","type":"product","link":"https:\/\/www.koupelnapro.com\/index.php\/produkt\/vysoce-kvalitni-lucie-galerka-s-led-osvetlenim-126x70x17cm-bila-36366\/","title":{"rendered":"Vysoce Kvalitn\u00ed LUCIE galerka s LED osv\u011btlen\u00edm, 126x70x17cm, b\u00edl\u00e1"},"content":{"rendered":"<div class=\"basic-description\">\n<h3>Detailn\u00ed popis produktu<\/h3>\n<div>\n<li>Osv\u011btlen\u00ed\u00a0800 mm, 5700 K <\/li>\n<li>\u00dachytka pro snadn\u00e9 otev\u00edr\u00e1n\u00ed<\/li>\n<\/div>\n<p style=\"text-align: justify;\">Galerky Lucie se vyzna\u010duj\u00ed zaoblen\u00fdmi rohy a praktick\u00fdmi \u00fachytkami. P\u0159ednost\u00ed jsou i&nbsp;zpomalovac\u00ed panty. Galerky lze osadit bezdotykov\u00fdm senzorem ovl\u00e1daj\u00edc\u00edm osv\u011btlen\u00ed a n\u011bkter\u00e9 modely i praktickou sklen\u011bnou poli\u010dkou. Korpus galerky lze vyrobit v&nbsp;jak\u00e9koli barv\u011b RAL nebo NCS. Doporu\u010dujeme kombinovat se sk\u0159\u00ed\u0148kami THEIA nebo ELLA.<\/p>\n<div class=\"product-explanation-item\">\n<h3>Lze vyrobit v tomto barevn\u00e9m proveden\u00ed:<\/h3>\n<p><strong>Cenov\u00e1 skupina C:<\/strong> p\u0159\u00edplatek 50%<\/p>\n<div class=\"vzorniky-list\">\n<div class=\"vzorniky-item\">41 Carina<\/div>\n<div class=\"vzorniky-item\">42 Siena<\/div>\n<div class=\"vzorniky-item\">43 Agila<\/div>\n<div class=\"vzorniky-item\">44 Verde<\/div>\n<\/div>\n<div style=\"clear: both;\"><\/div>\n<p>jak\u00e1koliv barva dle vzorn\u00edku RAL nebo NCS v leskl\u00e9m nebo matn\u00e9m proveden\u00ed<\/p>\n<div class=\"vzorniky-list\">\n<div class=\"vzorniky-item\">RAL1019 \u0160edob\u00e9\u017eov\u00e1<\/div>\n<div class=\"vzorniky-item\">RAL3004 Bord\u00f3<\/div>\n<div class=\"vzorniky-item\">RAL6004 Modrozelen\u00e1<\/div>\n<div class=\"vzorniky-item\">RAL7031 \u0160edomodr\u00e1<\/div>\n<\/div>\n<div style=\"clear: both;\"><\/div>\n<p>Dodac\u00ed lh\u016fta je 6 t\u00fddn\u016f.<\/p>\n<\/div>\n<div class=\"product-explanation-item\">\n<h3>Barva LED: Studen\u00e1 b\u00edl\u00e1<\/h3>\n<p style=\"text-align: justify;\">Pro ur\u010den\u00ed barvy sv\u011btla se pou\u017e\u00edv\u00e1 pojem \u201eteplota chromati\u010dnosti\u201c. Jej\u00ed hodnoty se ud\u00e1vaj\u00ed v jednotk\u00e1ch Kelvin\u016f (K). Studen\u00e1 b\u00edl\u00e1 je barva vyza\u0159ovan\u00e9ho sv\u011btla v rozmez\u00ed 5700 &#8211; 6500 K. Toto sv\u011btlo je chladn\u00e9, jasn\u00e9 a \u010dasto s lehce modr\u00fdm n\u00e1dechem. P\u0159irozen\u011b podporuje bd\u011blost, proto je vhodn\u00e9 do pracovn\u00edch prostor a koupelen na osv\u011btlen\u00ed galerek a zrcadel.<\/p>\n<p style=\"text-align: justify;\">\n<\/div>\n<div class=\"product-explanation-item\">\n<h3>Zpomalovac\u00ed panty<\/h3>\n<div style=\"float: left;\"><\/div>\n<p>N\u00e1bytek je vybaven mechanismem zpomalovac\u00edch pant\u016f u dv\u00ed\u0159ek. Dv\u00ed\u0159ka sta\u010d\u00ed jen lehce postr\u010dit a ona se ji\u017e sama dov\u0159ou.<\/p>\n<\/div><\/div>\n<div class=\"extended-description\">\n<h3>Dopl\u0148kov\u00e9 parametry<\/h3>\n<table class=\"detail-parameters\">\n<tbody>\n<tr>\n<th>        <span class=\"row-header-label\">            Kategorie<span class=\"row-header-label-colon\">:<\/span>        <\/span>    <\/th>\n<td>            <\/td>\n<\/tr>\n<tr>\n<th>            <span class=\"row-header-label\">                Z\u00e1ruka<span class=\"row-header-label-colon\">:<\/span>            <\/span>        <\/th>\n<td>            24        <\/td>\n<\/tr>\n<tr>\n<th>            <span class=\"row-header-label\">                Hmotnost<span class=\"row-header-label-colon\">:<\/span>            <\/span>        <\/th>\n<td>            42 kg        <\/td>\n<\/tr>\n<tr class=\"productEan\">\n<th>          <span class=\"row-header-label productEan__label\">              EAN<span class=\"row-header-label-colon\">:<\/span>          <\/span>      <\/th>\n<td>          <span class=\"productEan__value\">8590913883477<\/span>      <\/td>\n<\/tr>\n<tr>\n<th>                <span class=\"row-header-label\">                                            3D model<span class=\"row-header-label-colon\">:<\/span>                                    <\/span>            <\/th>\n<td>                                                            ANO                                                <\/td>\n<\/tr>\n<tr>\n<th>                <span class=\"row-header-label\">                                            Balen\u00ed<span class=\"row-header-label-colon\">:<\/span>                                    <\/span>            <\/th>\n<td>                                                            1 ks                                                <\/td>\n<\/tr>\n<tr>\n<th>                <span class=\"row-header-label\">                                            Barva<span class=\"row-header-label-colon\">:<\/span>                                    <\/span>            <\/th>\n<td>                                                            B\u00edl\u00e1                                                <\/td>\n<\/tr>\n<tr>\n<th>                <span class=\"row-header-label\">                                            Barva LED<span class=\"row-header-label-colon\">:<\/span>                                    <\/span>            <\/th>\n<td>                                                            Studen\u00e1 b\u00edl\u00e1 (5 700 &#8211; 6 500 K)                                                <\/td>\n<\/tr>\n<tr>\n<th>                <span class=\"row-header-label\">                                            Dostupnost<span class=\"row-header-label-colon\">:<\/span>                                    <\/span>            <\/th>\n<td>                                                            Skladem                                                <\/td>\n<\/tr>\n<tr>\n<th>                <span class=\"row-header-label\">                                            Hloubka<span class=\"row-header-label-colon\">:<\/span>                                    <\/span>            <\/th>\n<td>                                                            170 mm                                                <\/td>\n<\/tr>\n<tr>\n<th>                <span class=\"row-header-label\">                                            Jin\u00e9 barevn\u00e9 proveden\u00ed<span class=\"row-header-label-colon\">:<\/span>                                    <\/span>            <\/th>\n<td>                                                            Dle vzorn\u00edku                                                <\/td>\n<\/tr>\n<tr>\n<th>                <span class=\"row-header-label\">                                            Materi\u00e1l<span class=\"row-header-label-colon\">:<\/span>                                    <\/span>            <\/th>\n<td>                                                            MDF\/lamino                                                <\/td>\n<\/tr>\n<tr>\n<th>                <span class=\"row-header-label\">                                            Ovl\u00e1d\u00e1n\u00ed sv\u011btla<span class=\"row-header-label-colon\">:<\/span>                                    <\/span>            <\/th>\n<td>                                                            Nen\u00ed sou\u010d\u00e1st\u00ed                                                <\/td>\n<\/tr>\n<tr>\n<th>                <span class=\"row-header-label\">                                            P\u0159\u00edkon<span class=\"row-header-label-colon\">:<\/span>                                    <\/span>            <\/th>\n<td>                                                            10 W                                                <\/td>\n<\/tr>\n<tr>\n<th>                <span class=\"row-header-label\">                                            Rozm\u011br<span class=\"row-header-label-colon\">:<\/span>                                    <\/span>            <\/th>\n<td>                                                            126x70x17 cm                                                <\/td>\n<\/tr>\n<tr>\n<th>                <span class=\"row-header-label\">                                            Stupe\u0148 kryt\u00ed<span class=\"row-header-label-colon\">:<\/span>                                    <\/span>            <\/th>\n<td>                                                            IP44                                                <\/td>\n<\/tr>\n<tr>\n<th>                <span class=\"row-header-label\">                                            Sv\u00edtivost<span class=\"row-header-label-colon\">:<\/span>                                    <\/span>            <\/th>\n<td>                                                            791 lm                                                <\/td>\n<\/tr>\n<tr>\n<th>                <span class=\"row-header-label\">                                            \u0160\u00ed\u0159ka<span class=\"row-header-label-colon\">:<\/span>                                    <\/span>            <\/th>\n<td>                                                            1260 mm                                                <\/td>\n<\/tr>\n<tr>\n<th>                <span class=\"row-header-label\">                                            Typ osv\u011btlen\u00ed<span class=\"row-header-label-colon\">:<\/span>                                    <\/span>            <\/th>\n<td>                                                            LED                                                <\/td>\n<\/tr>\n<tr>\n<th>                <span class=\"row-header-label\">                                            V\u00fdbava<span class=\"row-header-label-colon\">:<\/span>                                    <\/span>            <\/th>\n<td>                                                            Osv\u011btlen\u00ed;Elektrick\u00e1 z\u00e1suvka;Zpomalovac\u00ed panty                                                <\/td>\n<\/tr>\n<tr>\n<th>                <span class=\"row-header-label\">                                            V\u00fd\u0161ka<span class=\"row-header-label-colon\">:<\/span>                                    <\/span>            <\/th>\n<td>                                                            700 mm                                                <\/td>\n<\/tr>\n<tr>\n<th>                <span class=\"row-header-label\">                                            Z\u00e1ruka<span class=\"row-header-label-colon\">:<\/span>                                    <\/span>            <\/th>\n<td>                                                            2 roky                                                <\/td>\n<\/tr>\n<\/tbody>\n<\/table><\/div>\n<\/p><\/div>\n<\/p><\/div>\n","protected":false},"excerpt":{"rendered":"<p>Detailn\u00ed popis produktu Osv\u011btlen\u00ed\u00a0800 mm, 5700 K \u00dachytka pro snadn\u00e9 otev\u00edr\u00e1n\u00ed Galerky Lucie se vyzna\u010duj\u00ed zaoblen\u00fdmi rohy a praktick\u00fdmi \u00fachytkami. P\u0159ednost\u00ed jsou i&nbsp;zpomalovac\u00ed panty. Galerky lze osadit bezdotykov\u00fdm senzorem ovl\u00e1daj\u00edc\u00edm osv\u011btlen\u00ed a n\u011bkter\u00e9 modely i praktickou sklen\u011bnou poli\u010dkou. Korpus galerky lze vyrobit v&nbsp;jak\u00e9koli barv\u011b RAL nebo NCS. Doporu\u010dujeme kombinovat se sk\u0159\u00ed\u0148kami THEIA nebo ELLA. Lze [&hellip;]<\/p>\n","protected":false},"featured_media":36466,"comment_status":"open","ping_status":"open","template":"","meta":[],"product_brand":[],"product_cat":[119],"product_tag":[],"class_list":{"0":"post-36366","1":"product","2":"type-product","3":"status-publish","4":"has-post-thumbnail","6":"product_cat-galerky","8":"first","9":"instock","10":"sale","11":"shipping-taxable","12":"purchasable","13":"product-type-simple"},"yoast_head":"<!-- This site is optimized with the Yoast SEO plugin v26.8 - https:\/\/yoast.com\/product\/yoast-seo-wordpress\/ -->\n<title>Vysoce Kvalitn\u00ed LUCIE galerka s LED osv\u011btlen\u00edm, 126x70x17cm, b\u00edl\u00e1 -<\/title>\n<meta name=\"robots\" content=\"index, follow, max-snippet:-1, max-image-preview:large, max-video-preview:-1\" \/>\n<link rel=\"canonical\" href=\"https:\/\/www.koupelnapro.com\/index.php\/produkt\/vysoce-kvalitni-lucie-galerka-s-led-osvetlenim-126x70x17cm-bila-36366\/\" \/>\n<meta property=\"og:locale\" content=\"cs_CZ\" \/>\n<meta property=\"og:type\" content=\"article\" \/>\n<meta property=\"og:title\" content=\"Vysoce Kvalitn\u00ed LUCIE galerka s LED osv\u011btlen\u00edm, 126x70x17cm, b\u00edl\u00e1 -\" \/>\n<meta property=\"og:description\" content=\"Detailn\u00ed popis produktu Osv\u011btlen\u00ed\u00a0800 mm, 5700 K \u00dachytka pro snadn\u00e9 otev\u00edr\u00e1n\u00ed Galerky Lucie se vyzna\u010duj\u00ed zaoblen\u00fdmi rohy a praktick\u00fdmi \u00fachytkami. P\u0159ednost\u00ed jsou i&nbsp;zpomalovac\u00ed panty. Galerky lze osadit bezdotykov\u00fdm senzorem ovl\u00e1daj\u00edc\u00edm osv\u011btlen\u00ed a n\u011bkter\u00e9 modely i praktickou sklen\u011bnou poli\u010dkou. Korpus galerky lze vyrobit v&nbsp;jak\u00e9koli barv\u011b RAL nebo NCS. Doporu\u010dujeme kombinovat se sk\u0159\u00ed\u0148kami THEIA nebo ELLA. Lze [&hellip;]\" \/>\n<meta property=\"og:url\" content=\"https:\/\/www.koupelnapro.com\/index.php\/produkt\/vysoce-kvalitni-lucie-galerka-s-led-osvetlenim-126x70x17cm-bila-36366\/\" \/>\n<meta property=\"og:image\" content=\"https:\/\/www.koupelnapro.com\/wp-content\/uploads\/2026\/SK0003050-CZ20260425-092556-0-1777080363-40389-6_lu125-0030-153566555668838.webp\" \/>\n\t<meta property=\"og:image:width\" content=\"1000\" \/>\n\t<meta property=\"og:image:height\" content=\"750\" \/>\n\t<meta property=\"og:image:type\" content=\"image\/webp\" \/>\n<meta name=\"twitter:card\" content=\"summary_large_image\" \/>\n<meta name=\"twitter:label1\" content=\"Odhadovan\u00e1 doba \u010dten\u00ed\" \/>\n\t<meta name=\"twitter:data1\" content=\"2 minuty\" \/>\n<script type=\"application\/ld+json\" class=\"yoast-schema-graph\">{\"@context\":\"https:\/\/schema.org\",\"@graph\":[{\"@type\":\"WebPage\",\"@id\":\"https:\/\/www.koupelnapro.com\/index.php\/produkt\/vysoce-kvalitni-lucie-galerka-s-led-osvetlenim-126x70x17cm-bila-36366\/\",\"url\":\"https:\/\/www.koupelnapro.com\/index.php\/produkt\/vysoce-kvalitni-lucie-galerka-s-led-osvetlenim-126x70x17cm-bila-36366\/\",\"name\":\"Vysoce Kvalitn\u00ed LUCIE galerka s LED osv\u011btlen\u00edm, 126x70x17cm, b\u00edl\u00e1 -\",\"isPartOf\":{\"@id\":\"https:\/\/www.koupelnapro.com\/#website\"},\"primaryImageOfPage\":{\"@id\":\"https:\/\/www.koupelnapro.com\/index.php\/produkt\/vysoce-kvalitni-lucie-galerka-s-led-osvetlenim-126x70x17cm-bila-36366\/#primaryimage\"},\"image\":{\"@id\":\"https:\/\/www.koupelnapro.com\/index.php\/produkt\/vysoce-kvalitni-lucie-galerka-s-led-osvetlenim-126x70x17cm-bila-36366\/#primaryimage\"},\"thumbnailUrl\":\"https:\/\/www.koupelnapro.com\/wp-content\/uploads\/2026\/SK0003050-CZ20260425-092556-0-1777080363-40389-6_lu125-0030-153566555668838.webp\",\"datePublished\":\"2026-04-26T09:15:40+00:00\",\"breadcrumb\":{\"@id\":\"https:\/\/www.koupelnapro.com\/index.php\/produkt\/vysoce-kvalitni-lucie-galerka-s-led-osvetlenim-126x70x17cm-bila-36366\/#breadcrumb\"},\"inLanguage\":\"cs\",\"potentialAction\":[{\"@type\":\"ReadAction\",\"target\":[\"https:\/\/www.koupelnapro.com\/index.php\/produkt\/vysoce-kvalitni-lucie-galerka-s-led-osvetlenim-126x70x17cm-bila-36366\/\"]}]},{\"@type\":\"ImageObject\",\"inLanguage\":\"cs\",\"@id\":\"https:\/\/www.koupelnapro.com\/index.php\/produkt\/vysoce-kvalitni-lucie-galerka-s-led-osvetlenim-126x70x17cm-bila-36366\/#primaryimage\",\"url\":\"https:\/\/www.koupelnapro.com\/wp-content\/uploads\/2026\/SK0003050-CZ20260425-092556-0-1777080363-40389-6_lu125-0030-153566555668838.webp\",\"contentUrl\":\"https:\/\/www.koupelnapro.com\/wp-content\/uploads\/2026\/SK0003050-CZ20260425-092556-0-1777080363-40389-6_lu125-0030-153566555668838.webp\",\"width\":1000,\"height\":750},{\"@type\":\"BreadcrumbList\",\"@id\":\"https:\/\/www.koupelnapro.com\/index.php\/produkt\/vysoce-kvalitni-lucie-galerka-s-led-osvetlenim-126x70x17cm-bila-36366\/#breadcrumb\",\"itemListElement\":[{\"@type\":\"ListItem\",\"position\":1,\"name\":\"Home\",\"item\":\"https:\/\/www.koupelnapro.com\/\"},{\"@type\":\"ListItem\",\"position\":2,\"name\":\"Products\",\"item\":\"https:\/\/www.koupelnapro.com\/index.php\/products\/\"},{\"@type\":\"ListItem\",\"position\":3,\"name\":\"Vysoce Kvalitn\u00ed LUCIE galerka s LED osv\u011btlen\u00edm, 126x70x17cm, b\u00edl\u00e1\"}]},{\"@type\":\"WebSite\",\"@id\":\"https:\/\/www.koupelnapro.com\/#website\",\"url\":\"https:\/\/www.koupelnapro.com\/\",\"name\":\"\",\"description\":\"\",\"potentialAction\":[{\"@type\":\"SearchAction\",\"target\":{\"@type\":\"EntryPoint\",\"urlTemplate\":\"https:\/\/www.koupelnapro.com\/?s={search_term_string}\"},\"query-input\":{\"@type\":\"PropertyValueSpecification\",\"valueRequired\":true,\"valueName\":\"search_term_string\"}}],\"inLanguage\":\"cs\"}]}<\/script>\n<!-- \/ Yoast SEO plugin. -->","yoast_head_json":{"title":"Vysoce Kvalitn\u00ed LUCIE galerka s LED osv\u011btlen\u00edm, 126x70x17cm, b\u00edl\u00e1 -","robots":{"index":"index","follow":"follow","max-snippet":"max-snippet:-1","max-image-preview":"max-image-preview:large","max-video-preview":"max-video-preview:-1"},"canonical":"https:\/\/www.koupelnapro.com\/index.php\/produkt\/vysoce-kvalitni-lucie-galerka-s-led-osvetlenim-126x70x17cm-bila-36366\/","og_locale":"cs_CZ","og_type":"article","og_title":"Vysoce Kvalitn\u00ed LUCIE galerka s LED osv\u011btlen\u00edm, 126x70x17cm, b\u00edl\u00e1 -","og_description":"Detailn\u00ed popis produktu Osv\u011btlen\u00ed\u00a0800 mm, 5700 K \u00dachytka pro snadn\u00e9 otev\u00edr\u00e1n\u00ed Galerky Lucie se vyzna\u010duj\u00ed zaoblen\u00fdmi rohy a praktick\u00fdmi \u00fachytkami. P\u0159ednost\u00ed jsou i&nbsp;zpomalovac\u00ed panty. Galerky lze osadit bezdotykov\u00fdm senzorem ovl\u00e1daj\u00edc\u00edm osv\u011btlen\u00ed a n\u011bkter\u00e9 modely i praktickou sklen\u011bnou poli\u010dkou. Korpus galerky lze vyrobit v&nbsp;jak\u00e9koli barv\u011b RAL nebo NCS. Doporu\u010dujeme kombinovat se sk\u0159\u00ed\u0148kami THEIA nebo ELLA. Lze [&hellip;]","og_url":"https:\/\/www.koupelnapro.com\/index.php\/produkt\/vysoce-kvalitni-lucie-galerka-s-led-osvetlenim-126x70x17cm-bila-36366\/","og_image":[{"width":1000,"height":750,"url":"https:\/\/www.koupelnapro.com\/wp-content\/uploads\/2026\/SK0003050-CZ20260425-092556-0-1777080363-40389-6_lu125-0030-153566555668838.webp","type":"image\/webp"}],"twitter_card":"summary_large_image","twitter_misc":{"Odhadovan\u00e1 doba \u010dten\u00ed":"2 minuty"},"schema":{"@context":"https:\/\/schema.org","@graph":[{"@type":"WebPage","@id":"https:\/\/www.koupelnapro.com\/index.php\/produkt\/vysoce-kvalitni-lucie-galerka-s-led-osvetlenim-126x70x17cm-bila-36366\/","url":"https:\/\/www.koupelnapro.com\/index.php\/produkt\/vysoce-kvalitni-lucie-galerka-s-led-osvetlenim-126x70x17cm-bila-36366\/","name":"Vysoce Kvalitn\u00ed LUCIE galerka s LED osv\u011btlen\u00edm, 126x70x17cm, b\u00edl\u00e1 -","isPartOf":{"@id":"https:\/\/www.koupelnapro.com\/#website"},"primaryImageOfPage":{"@id":"https:\/\/www.koupelnapro.com\/index.php\/produkt\/vysoce-kvalitni-lucie-galerka-s-led-osvetlenim-126x70x17cm-bila-36366\/#primaryimage"},"image":{"@id":"https:\/\/www.koupelnapro.com\/index.php\/produkt\/vysoce-kvalitni-lucie-galerka-s-led-osvetlenim-126x70x17cm-bila-36366\/#primaryimage"},"thumbnailUrl":"https:\/\/www.koupelnapro.com\/wp-content\/uploads\/2026\/SK0003050-CZ20260425-092556-0-1777080363-40389-6_lu125-0030-153566555668838.webp","datePublished":"2026-04-26T09:15:40+00:00","breadcrumb":{"@id":"https:\/\/www.koupelnapro.com\/index.php\/produkt\/vysoce-kvalitni-lucie-galerka-s-led-osvetlenim-126x70x17cm-bila-36366\/#breadcrumb"},"inLanguage":"cs","potentialAction":[{"@type":"ReadAction","target":["https:\/\/www.koupelnapro.com\/index.php\/produkt\/vysoce-kvalitni-lucie-galerka-s-led-osvetlenim-126x70x17cm-bila-36366\/"]}]},{"@type":"ImageObject","inLanguage":"cs","@id":"https:\/\/www.koupelnapro.com\/index.php\/produkt\/vysoce-kvalitni-lucie-galerka-s-led-osvetlenim-126x70x17cm-bila-36366\/#primaryimage","url":"https:\/\/www.koupelnapro.com\/wp-content\/uploads\/2026\/SK0003050-CZ20260425-092556-0-1777080363-40389-6_lu125-0030-153566555668838.webp","contentUrl":"https:\/\/www.koupelnapro.com\/wp-content\/uploads\/2026\/SK0003050-CZ20260425-092556-0-1777080363-40389-6_lu125-0030-153566555668838.webp","width":1000,"height":750},{"@type":"BreadcrumbList","@id":"https:\/\/www.koupelnapro.com\/index.php\/produkt\/vysoce-kvalitni-lucie-galerka-s-led-osvetlenim-126x70x17cm-bila-36366\/#breadcrumb","itemListElement":[{"@type":"ListItem","position":1,"name":"Home","item":"https:\/\/www.koupelnapro.com\/"},{"@type":"ListItem","position":2,"name":"Products","item":"https:\/\/www.koupelnapro.com\/index.php\/products\/"},{"@type":"ListItem","position":3,"name":"Vysoce Kvalitn\u00ed LUCIE galerka s LED osv\u011btlen\u00edm, 126x70x17cm, b\u00edl\u00e1"}]},{"@type":"WebSite","@id":"https:\/\/www.koupelnapro.com\/#website","url":"https:\/\/www.koupelnapro.com\/","name":"","description":"","potentialAction":[{"@type":"SearchAction","target":{"@type":"EntryPoint","urlTemplate":"https:\/\/www.koupelnapro.com\/?s={search_term_string}"},"query-input":{"@type":"PropertyValueSpecification","valueRequired":true,"valueName":"search_term_string"}}],"inLanguage":"cs"}]}},"_links":{"self":[{"href":"https:\/\/www.koupelnapro.com\/index.php\/wp-json\/wp\/v2\/product\/36366","targetHints":{"allow":["GET"]}}],"collection":[{"href":"https:\/\/www.koupelnapro.com\/index.php\/wp-json\/wp\/v2\/product"}],"about":[{"href":"https:\/\/www.koupelnapro.com\/index.php\/wp-json\/wp\/v2\/types\/product"}],"replies":[{"embeddable":true,"href":"https:\/\/www.koupelnapro.com\/index.php\/wp-json\/wp\/v2\/comments?post=36366"}],"wp:featuredmedia":[{"embeddable":true,"href":"https:\/\/www.koupelnapro.com\/index.php\/wp-json\/wp\/v2\/media\/36466"}],"wp:attachment":[{"href":"https:\/\/www.koupelnapro.com\/index.php\/wp-json\/wp\/v2\/media?parent=36366"}],"wp:term":[{"taxonomy":"product_brand","embeddable":true,"href":"https:\/\/www.koupelnapro.com\/index.php\/wp-json\/wp\/v2\/product_brand?post=36366"},{"taxonomy":"product_cat","embeddable":true,"href":"https:\/\/www.koupelnapro.com\/index.php\/wp-json\/wp\/v2\/product_cat?post=36366"},{"taxonomy":"product_tag","embeddable":true,"href":"https:\/\/www.koupelnapro.com\/index.php\/wp-json\/wp\/v2\/product_tag?post=36366"}],"curies":[{"name":"wp","href":"https:\/\/api.w.org\/{rel}","templated":true}]}}