{"id":36308,"date":"2026-04-26T09:15:40","date_gmt":"2026-04-26T09:15:40","guid":{"rendered":""},"modified":"2026-04-26T09:15:40","modified_gmt":"2026-04-26T09:15:40","slug":"deep-sprchove-dvere-1500x1650mm-cire-sklo-kup-ted-36308","status":"publish","type":"product","link":"https:\/\/www.koupelnapro.com\/index.php\/produkt\/deep-sprchove-dvere-1500x1650mm-cire-sklo-kup-ted-36308\/","title":{"rendered":"DEEP sprchov\u00e9 dve\u0159e 1500x1650mm, \u010dir\u00e9 sklo Kup Te\u010f"},"content":{"rendered":"<div class=\"basic-description\">\n<h3>Detailn\u00ed popis produktu<\/h3>\n<p>Sprchov\u00e9 z\u00e1st\u011bny t\u00e9to s\u00e9rie vych\u00e1zej\u00ed ze s\u00e9rie EASY. Maj\u00ed sn\u00ed\u017eenou v\u00fd\u0161ku a jsou vhodn\u00e9 pro instalaci na hlubok\u00e9 vani\u010dky DEEP.<span> V\u00fdpl\u0148 z\u00e1st\u011bn je vyrobena z&nbsp;bezpe\u010dnostn\u00edho skla o&nbsp;tlou\u0161\u0165ce 6 mm.<\/span><\/p>\n<p><strong><\/strong><strong>Charakteristika sprchov\u00fdch dve\u0159\u00ed a z\u00e1st\u011bn pro s\u00e9rii DEEP<\/strong><\/p>\n<ul>\n<li>Posuvn\u00e9 dve\u0159e 2d\u00edln\u00e9 (dve\u0159e \u0161\u00ed\u0159ky 1000 mm skl\u00e1dac\u00ed)<\/li>\n<li>Dve\u0159e je mo\u017eno instalovat samostatn\u011b do niky nebo ve spojen\u00ed s bo\u010dn\u00ed st\u011bnou&nbsp;<\/li>\n<li>Horn\u00ed a spodn\u00ed zdvojen\u00e9 lo\u017eiskov\u00e9 pojezdy zaru\u010duj\u00ed bezprobl\u00e9mov\u00fd chod<\/li>\n<li>Syst\u00e9m vykl\u00e1p\u011bn\u00ed dve\u0159\u00ed pomoc\u00ed spodn\u00edch lo\u017eisek pro snadn\u00e9 \u010di\u0161t\u011bn\u00ed<\/li>\n<li>P\u0159i v\u00fdrob\u011b dve\u0159\u00ed je pou\u017eito bezpe\u010dnostn\u00ed \u010dir\u00e9 sklo o s\u00edle 6 mm<\/li>\n<li>Na v\u00fdb\u011br proveden\u00ed profil\u016f v le\u0161t\u011bn\u00e9m hlin\u00edku nebo matn\u011b \u010dern\u00e9, kter\u00e9&nbsp;umoc\u0148uje eleganci z\u00e1st\u011bn<\/li>\n<li>Snadn\u00e1 mont\u00e1\u017e, tolerance 20 mm nastaven\u00edm skel v profilu<\/li>\n<li>Dve\u0159e jsou d\u011bleny na \u010d\u00e1st posuvnou a \u010d\u00e1st pevnou &#8211; umo\u017e\u0148uj\u00ed variabiln\u00ed instalaci s lev\u00fdm nebo prav\u00fdm otev\u00edr\u00e1n\u00edm<\/li>\n<\/ul>\n<p>K \u010di\u0161t\u011bn\u00ed skel doporu\u010dujeme ASC \u010dist\u00edc\u00ed a ochrann\u00fd prost\u0159edek,&nbsp;94000.<\/p>\n<div style=\"float: left; width: 30%; text-align: justify;\">\n<div style=\"padding-right: 25px;\">Prakticky&nbsp;navr\u017een\u00e9 madlo pro pohodln\u00e9 otev\u00edr\u00e1n\u00ed dve\u0159\u00ed<\/div>\n<\/div>\n<div style=\"float: left; width: 30%; text-align: justify;\">\n<div style=\"padding-right: 25px;\">P\u0159\u00edpadn\u00e9 nerovnosti st\u011bny elegantn\u011b skryje profil, do kter\u00e9ho se zasouv\u00e1 sklo dle pot\u0159eby a\u017e 20 mm<\/div>\n<\/div>\n<div style=\"float: left; width: 30%; text-align: justify;\">\n<div style=\"padding-right: 25px;\">Bezprobl\u00e9mov\u00fd chod a snadn\u00e9 \u010di\u0161t\u011bn\u00ed posuvn\u00fdch dve\u0159\u00ed zaji\u0161\u0165uj\u00ed zdvojen\u00e9 v\u00fdklopn\u00e9 pojezdy<\/div>\n<\/div>\n<div style=\"clear: both;\"><\/div>\n<div class=\"product-explanation-item\">\n<h3>Sm\u011br otev\u00edr\u00e1n\u00ed &#8211; univerz\u00e1ln\u00ed<\/h3>\n<p style=\"text-align: justify;\">Instalace je mo\u017en\u00e1 s lev\u00fdm nebo prav\u00fdm otev\u00edr\u00e1n\u00edm dve\u0159\u00ed.<\/p>\n<\/div>\n<div class=\"product-explanation-item\">\n<h3>R\u00e1mov\u00e9 sprchov\u00e9 z\u00e1st\u011bny<\/h3>\n<p style=\"text-align: justify;\">V\u00fdhodou r\u00e1mov\u00e9ho proveden\u00ed z\u00e1st\u011bny je lep\u0161\u00ed ochrana proti st\u0159\u00edkaj\u00edc\u00ed vod\u011b. I v p\u0159\u00edpad\u011b intenzivn\u00edho sprchov\u00e1n\u00ed zabr\u00e1n\u00ed r\u00e1m ve spodn\u00ed vodorovn\u00e9 \u010d\u00e1sti dve\u0159\u00ed p\u0159ete\u010den\u00ed vody mimo sprchov\u00fd kout. Ur\u010ditou nev\u00fdhodou je, \u017ee tyto z\u00e1st\u011bny nejsou bezbari\u00e9rov\u00e9 a r\u00e1m p\u016fsob\u00ed robustn\u011b.<\/p>\n<\/p>\n<\/div>\n<p><b>Video ke shl\u00e9dnut\u00ed<\/b><video width=\"640\" height=\"480\" controls><source src=\"https:\/\/ubc.k2.cz\/K2FTPdata\/UBC\/video\/produkt_ostatne\/md1215-sprchovy-kout-deep.mp4\" type=\"video\/mp4\">V\u00e1\u0161 prohl\u00ed\u017ee\u010d nepodporuje video tag.<\/video>                            <\/div>\n<div class=\"extended-description\">\n<h3>Dopl\u0148kov\u00e9 parametry<\/h3>\n<table class=\"detail-parameters\">\n<tbody>\n<tr>\n<th>        <span class=\"row-header-label\">            Kategorie<span class=\"row-header-label-colon\">:<\/span>        <\/span>    <\/th>\n<td>            <\/td>\n<\/tr>\n<tr>\n<th>            <span class=\"row-header-label\">                Z\u00e1ruka<span class=\"row-header-label-colon\">:<\/span>            <\/span>        <\/th>\n<td>            24        <\/td>\n<\/tr>\n<tr>\n<th>            <span class=\"row-header-label\">                Hmotnost<span class=\"row-header-label-colon\">:<\/span>            <\/span>        <\/th>\n<td>            35 kg        <\/td>\n<\/tr>\n<tr class=\"productEan\">\n<th>          <span class=\"row-header-label productEan__label\">              EAN<span class=\"row-header-label-colon\">:<\/span>          <\/span>      <\/th>\n<td>          <span class=\"productEan__value\">8590913898099<\/span>      <\/td>\n<\/tr>\n<tr>\n<th>                <span class=\"row-header-label\">                                            Balen\u00ed<span class=\"row-header-label-colon\">:<\/span>                                    <\/span>            <\/th>\n<td>                                                            1 ks                                                <\/td>\n<\/tr>\n<tr>\n<th>                <span class=\"row-header-label\">                                            Barva profilu<span class=\"row-header-label-colon\">:<\/span>                                    <\/span>            <\/th>\n<td>                                                            Chrom &#8211; Le\u0161t\u011bn\u00fd hlin\u00edk                                                <\/td>\n<\/tr>\n<tr>\n<th>                <span class=\"row-header-label\">                                            Dostupnost<span class=\"row-header-label-colon\">:<\/span>                                    <\/span>            <\/th>\n<td>                                                            Skladem                                                <\/td>\n<\/tr>\n<tr>\n<th>                <span class=\"row-header-label\">                                            Sm\u011br otev\u00edr\u00e1n\u00ed<span class=\"row-header-label-colon\">:<\/span>                                    <\/span>            <\/th>\n<td>                                                            Univerz\u00e1ln\u00ed                                                <\/td>\n<\/tr>\n<tr>\n<th>                <span class=\"row-header-label\">                                            \u0160\u00ed\u0159ka<span class=\"row-header-label-colon\">:<\/span>                                    <\/span>            <\/th>\n<td>                                                            1500 mm                                                <\/td>\n<\/tr>\n<tr>\n<th>                <span class=\"row-header-label\">                                            \u0160\u00ed\u0159ka vstupu<span class=\"row-header-label-colon\">:<\/span>                                    <\/span>            <\/th>\n<td>                                                            630 mm                                                <\/td>\n<\/tr>\n<tr>\n<th>                <span class=\"row-header-label\">                                            Tlou\u0161\u0165ka skla<span class=\"row-header-label-colon\">:<\/span>                                    <\/span>            <\/th>\n<td>                                                            6 mm                                                <\/td>\n<\/tr>\n<tr>\n<th>                <span class=\"row-header-label\">                                            Tvar<span class=\"row-header-label-colon\">:<\/span>                                    <\/span>            <\/th>\n<td>                                                            Dve\u0159e do niky                                                <\/td>\n<\/tr>\n<tr>\n<th>                <span class=\"row-header-label\">                                            Typ otev\u00edr\u00e1n\u00ed<span class=\"row-header-label-colon\">:<\/span>                                    <\/span>            <\/th>\n<td>                                                            Posuvn\u00e9                                                <\/td>\n<\/tr>\n<tr>\n<th>                <span class=\"row-header-label\">                                            Typ v\u00fdpln\u011b<span class=\"row-header-label-colon\">:<\/span>                                    <\/span>            <\/th>\n<td>                                                            \u010cIR\u00c9 sklo                                                <\/td>\n<\/tr>\n<tr>\n<th>                <span class=\"row-header-label\">                                            Vlastnosti<span class=\"row-header-label-colon\">:<\/span>                                    <\/span>            <\/th>\n<td>                                                            R\u00e1mov\u00e9 proveden\u00ed                                                <\/td>\n<\/tr>\n<tr>\n<th>                <span class=\"row-header-label\">                                            V\u00fd\u0161ka<span class=\"row-header-label-colon\">:<\/span>                                    <\/span>            <\/th>\n<td>                                                            1650 mm                                                <\/td>\n<\/tr>\n<tr>\n<th>                <span class=\"row-header-label\">                                            Z\u00e1ruka<span class=\"row-header-label-colon\">:<\/span>                                    <\/span>            <\/th>\n<td>                                                            2 roky                                                <\/td>\n<\/tr>\n<\/tbody>\n<\/table><\/div>\n<\/p><\/div>\n<\/p><\/div>\n","protected":false},"excerpt":{"rendered":"<p>Detailn\u00ed popis produktu Sprchov\u00e9 z\u00e1st\u011bny t\u00e9to s\u00e9rie vych\u00e1zej\u00ed ze s\u00e9rie EASY. Maj\u00ed sn\u00ed\u017eenou v\u00fd\u0161ku a jsou vhodn\u00e9 pro instalaci na hlubok\u00e9 vani\u010dky DEEP. V\u00fdpl\u0148 z\u00e1st\u011bn je vyrobena z&nbsp;bezpe\u010dnostn\u00edho skla o&nbsp;tlou\u0161\u0165ce 6 mm. Charakteristika sprchov\u00fdch dve\u0159\u00ed a z\u00e1st\u011bn pro s\u00e9rii DEEP Posuvn\u00e9 dve\u0159e 2d\u00edln\u00e9 (dve\u0159e \u0161\u00ed\u0159ky 1000 mm skl\u00e1dac\u00ed) Dve\u0159e je mo\u017eno instalovat samostatn\u011b do niky [&hellip;]<\/p>\n","protected":false},"featured_media":36408,"comment_status":"open","ping_status":"open","template":"","meta":[],"product_brand":[],"product_cat":[122],"product_tag":[],"class_list":{"0":"post-36308","1":"product","2":"type-product","3":"status-publish","4":"has-post-thumbnail","6":"product_cat-sprchove-kouty","8":"first","9":"instock","10":"sale","11":"shipping-taxable","12":"purchasable","13":"product-type-simple"},"yoast_head":"<!-- This site is optimized with the Yoast SEO plugin v26.8 - https:\/\/yoast.com\/product\/yoast-seo-wordpress\/ -->\n<title>DEEP sprchov\u00e9 dve\u0159e 1500x1650mm, \u010dir\u00e9 sklo Kup Te\u010f -<\/title>\n<meta name=\"robots\" content=\"index, follow, max-snippet:-1, max-image-preview:large, max-video-preview:-1\" \/>\n<link rel=\"canonical\" href=\"https:\/\/www.koupelnapro.com\/index.php\/produkt\/deep-sprchove-dvere-1500x1650mm-cire-sklo-kup-ted-36308\/\" \/>\n<meta property=\"og:locale\" content=\"cs_CZ\" \/>\n<meta property=\"og:type\" content=\"article\" \/>\n<meta property=\"og:title\" content=\"DEEP sprchov\u00e9 dve\u0159e 1500x1650mm, \u010dir\u00e9 sklo Kup Te\u010f -\" \/>\n<meta property=\"og:description\" content=\"Detailn\u00ed popis produktu Sprchov\u00e9 z\u00e1st\u011bny t\u00e9to s\u00e9rie vych\u00e1zej\u00ed ze s\u00e9rie EASY. Maj\u00ed sn\u00ed\u017eenou v\u00fd\u0161ku a jsou vhodn\u00e9 pro instalaci na hlubok\u00e9 vani\u010dky DEEP. V\u00fdpl\u0148 z\u00e1st\u011bn je vyrobena z&nbsp;bezpe\u010dnostn\u00edho skla o&nbsp;tlou\u0161\u0165ce 6 mm. Charakteristika sprchov\u00fdch dve\u0159\u00ed a z\u00e1st\u011bn pro s\u00e9rii DEEP Posuvn\u00e9 dve\u0159e 2d\u00edln\u00e9 (dve\u0159e \u0161\u00ed\u0159ky 1000 mm skl\u00e1dac\u00ed) Dve\u0159e je mo\u017eno instalovat samostatn\u011b do niky [&hellip;]\" \/>\n<meta property=\"og:url\" content=\"https:\/\/www.koupelnapro.com\/index.php\/produkt\/deep-sprchove-dvere-1500x1650mm-cire-sklo-kup-ted-36308\/\" \/>\n<meta property=\"og:image\" content=\"https:\/\/www.koupelnapro.com\/wp-content\/uploads\/2026\/SK0002992-CZ20260425-092556-0-1777080363-40008-10_md1516-259854111347173.webp\" \/>\n\t<meta property=\"og:image:width\" content=\"1000\" \/>\n\t<meta property=\"og:image:height\" content=\"750\" \/>\n\t<meta property=\"og:image:type\" content=\"image\/webp\" \/>\n<meta name=\"twitter:card\" content=\"summary_large_image\" \/>\n<meta name=\"twitter:label1\" content=\"Odhadovan\u00e1 doba \u010dten\u00ed\" \/>\n\t<meta name=\"twitter:data1\" content=\"2 minuty\" \/>\n<script type=\"application\/ld+json\" class=\"yoast-schema-graph\">{\"@context\":\"https:\/\/schema.org\",\"@graph\":[{\"@type\":\"WebPage\",\"@id\":\"https:\/\/www.koupelnapro.com\/index.php\/produkt\/deep-sprchove-dvere-1500x1650mm-cire-sklo-kup-ted-36308\/\",\"url\":\"https:\/\/www.koupelnapro.com\/index.php\/produkt\/deep-sprchove-dvere-1500x1650mm-cire-sklo-kup-ted-36308\/\",\"name\":\"DEEP sprchov\u00e9 dve\u0159e 1500x1650mm, \u010dir\u00e9 sklo Kup Te\u010f -\",\"isPartOf\":{\"@id\":\"https:\/\/www.koupelnapro.com\/#website\"},\"primaryImageOfPage\":{\"@id\":\"https:\/\/www.koupelnapro.com\/index.php\/produkt\/deep-sprchove-dvere-1500x1650mm-cire-sklo-kup-ted-36308\/#primaryimage\"},\"image\":{\"@id\":\"https:\/\/www.koupelnapro.com\/index.php\/produkt\/deep-sprchove-dvere-1500x1650mm-cire-sklo-kup-ted-36308\/#primaryimage\"},\"thumbnailUrl\":\"https:\/\/www.koupelnapro.com\/wp-content\/uploads\/2026\/SK0002992-CZ20260425-092556-0-1777080363-40008-10_md1516-259854111347173.webp\",\"datePublished\":\"2026-04-26T09:15:40+00:00\",\"breadcrumb\":{\"@id\":\"https:\/\/www.koupelnapro.com\/index.php\/produkt\/deep-sprchove-dvere-1500x1650mm-cire-sklo-kup-ted-36308\/#breadcrumb\"},\"inLanguage\":\"cs\",\"potentialAction\":[{\"@type\":\"ReadAction\",\"target\":[\"https:\/\/www.koupelnapro.com\/index.php\/produkt\/deep-sprchove-dvere-1500x1650mm-cire-sklo-kup-ted-36308\/\"]}]},{\"@type\":\"ImageObject\",\"inLanguage\":\"cs\",\"@id\":\"https:\/\/www.koupelnapro.com\/index.php\/produkt\/deep-sprchove-dvere-1500x1650mm-cire-sklo-kup-ted-36308\/#primaryimage\",\"url\":\"https:\/\/www.koupelnapro.com\/wp-content\/uploads\/2026\/SK0002992-CZ20260425-092556-0-1777080363-40008-10_md1516-259854111347173.webp\",\"contentUrl\":\"https:\/\/www.koupelnapro.com\/wp-content\/uploads\/2026\/SK0002992-CZ20260425-092556-0-1777080363-40008-10_md1516-259854111347173.webp\",\"width\":1000,\"height\":750},{\"@type\":\"BreadcrumbList\",\"@id\":\"https:\/\/www.koupelnapro.com\/index.php\/produkt\/deep-sprchove-dvere-1500x1650mm-cire-sklo-kup-ted-36308\/#breadcrumb\",\"itemListElement\":[{\"@type\":\"ListItem\",\"position\":1,\"name\":\"Home\",\"item\":\"https:\/\/www.koupelnapro.com\/\"},{\"@type\":\"ListItem\",\"position\":2,\"name\":\"Products\",\"item\":\"https:\/\/www.koupelnapro.com\/index.php\/products\/\"},{\"@type\":\"ListItem\",\"position\":3,\"name\":\"DEEP sprchov\u00e9 dve\u0159e 1500x1650mm, \u010dir\u00e9 sklo Kup Te\u010f\"}]},{\"@type\":\"WebSite\",\"@id\":\"https:\/\/www.koupelnapro.com\/#website\",\"url\":\"https:\/\/www.koupelnapro.com\/\",\"name\":\"\",\"description\":\"\",\"potentialAction\":[{\"@type\":\"SearchAction\",\"target\":{\"@type\":\"EntryPoint\",\"urlTemplate\":\"https:\/\/www.koupelnapro.com\/?s={search_term_string}\"},\"query-input\":{\"@type\":\"PropertyValueSpecification\",\"valueRequired\":true,\"valueName\":\"search_term_string\"}}],\"inLanguage\":\"cs\"}]}<\/script>\n<!-- \/ Yoast SEO plugin. -->","yoast_head_json":{"title":"DEEP sprchov\u00e9 dve\u0159e 1500x1650mm, \u010dir\u00e9 sklo Kup Te\u010f -","robots":{"index":"index","follow":"follow","max-snippet":"max-snippet:-1","max-image-preview":"max-image-preview:large","max-video-preview":"max-video-preview:-1"},"canonical":"https:\/\/www.koupelnapro.com\/index.php\/produkt\/deep-sprchove-dvere-1500x1650mm-cire-sklo-kup-ted-36308\/","og_locale":"cs_CZ","og_type":"article","og_title":"DEEP sprchov\u00e9 dve\u0159e 1500x1650mm, \u010dir\u00e9 sklo Kup Te\u010f -","og_description":"Detailn\u00ed popis produktu Sprchov\u00e9 z\u00e1st\u011bny t\u00e9to s\u00e9rie vych\u00e1zej\u00ed ze s\u00e9rie EASY. Maj\u00ed sn\u00ed\u017eenou v\u00fd\u0161ku a jsou vhodn\u00e9 pro instalaci na hlubok\u00e9 vani\u010dky DEEP. V\u00fdpl\u0148 z\u00e1st\u011bn je vyrobena z&nbsp;bezpe\u010dnostn\u00edho skla o&nbsp;tlou\u0161\u0165ce 6 mm. Charakteristika sprchov\u00fdch dve\u0159\u00ed a z\u00e1st\u011bn pro s\u00e9rii DEEP Posuvn\u00e9 dve\u0159e 2d\u00edln\u00e9 (dve\u0159e \u0161\u00ed\u0159ky 1000 mm skl\u00e1dac\u00ed) Dve\u0159e je mo\u017eno instalovat samostatn\u011b do niky [&hellip;]","og_url":"https:\/\/www.koupelnapro.com\/index.php\/produkt\/deep-sprchove-dvere-1500x1650mm-cire-sklo-kup-ted-36308\/","og_image":[{"width":1000,"height":750,"url":"https:\/\/www.koupelnapro.com\/wp-content\/uploads\/2026\/SK0002992-CZ20260425-092556-0-1777080363-40008-10_md1516-259854111347173.webp","type":"image\/webp"}],"twitter_card":"summary_large_image","twitter_misc":{"Odhadovan\u00e1 doba \u010dten\u00ed":"2 minuty"},"schema":{"@context":"https:\/\/schema.org","@graph":[{"@type":"WebPage","@id":"https:\/\/www.koupelnapro.com\/index.php\/produkt\/deep-sprchove-dvere-1500x1650mm-cire-sklo-kup-ted-36308\/","url":"https:\/\/www.koupelnapro.com\/index.php\/produkt\/deep-sprchove-dvere-1500x1650mm-cire-sklo-kup-ted-36308\/","name":"DEEP sprchov\u00e9 dve\u0159e 1500x1650mm, \u010dir\u00e9 sklo Kup Te\u010f -","isPartOf":{"@id":"https:\/\/www.koupelnapro.com\/#website"},"primaryImageOfPage":{"@id":"https:\/\/www.koupelnapro.com\/index.php\/produkt\/deep-sprchove-dvere-1500x1650mm-cire-sklo-kup-ted-36308\/#primaryimage"},"image":{"@id":"https:\/\/www.koupelnapro.com\/index.php\/produkt\/deep-sprchove-dvere-1500x1650mm-cire-sklo-kup-ted-36308\/#primaryimage"},"thumbnailUrl":"https:\/\/www.koupelnapro.com\/wp-content\/uploads\/2026\/SK0002992-CZ20260425-092556-0-1777080363-40008-10_md1516-259854111347173.webp","datePublished":"2026-04-26T09:15:40+00:00","breadcrumb":{"@id":"https:\/\/www.koupelnapro.com\/index.php\/produkt\/deep-sprchove-dvere-1500x1650mm-cire-sklo-kup-ted-36308\/#breadcrumb"},"inLanguage":"cs","potentialAction":[{"@type":"ReadAction","target":["https:\/\/www.koupelnapro.com\/index.php\/produkt\/deep-sprchove-dvere-1500x1650mm-cire-sklo-kup-ted-36308\/"]}]},{"@type":"ImageObject","inLanguage":"cs","@id":"https:\/\/www.koupelnapro.com\/index.php\/produkt\/deep-sprchove-dvere-1500x1650mm-cire-sklo-kup-ted-36308\/#primaryimage","url":"https:\/\/www.koupelnapro.com\/wp-content\/uploads\/2026\/SK0002992-CZ20260425-092556-0-1777080363-40008-10_md1516-259854111347173.webp","contentUrl":"https:\/\/www.koupelnapro.com\/wp-content\/uploads\/2026\/SK0002992-CZ20260425-092556-0-1777080363-40008-10_md1516-259854111347173.webp","width":1000,"height":750},{"@type":"BreadcrumbList","@id":"https:\/\/www.koupelnapro.com\/index.php\/produkt\/deep-sprchove-dvere-1500x1650mm-cire-sklo-kup-ted-36308\/#breadcrumb","itemListElement":[{"@type":"ListItem","position":1,"name":"Home","item":"https:\/\/www.koupelnapro.com\/"},{"@type":"ListItem","position":2,"name":"Products","item":"https:\/\/www.koupelnapro.com\/index.php\/products\/"},{"@type":"ListItem","position":3,"name":"DEEP sprchov\u00e9 dve\u0159e 1500x1650mm, \u010dir\u00e9 sklo Kup Te\u010f"}]},{"@type":"WebSite","@id":"https:\/\/www.koupelnapro.com\/#website","url":"https:\/\/www.koupelnapro.com\/","name":"","description":"","potentialAction":[{"@type":"SearchAction","target":{"@type":"EntryPoint","urlTemplate":"https:\/\/www.koupelnapro.com\/?s={search_term_string}"},"query-input":{"@type":"PropertyValueSpecification","valueRequired":true,"valueName":"search_term_string"}}],"inLanguage":"cs"}]}},"_links":{"self":[{"href":"https:\/\/www.koupelnapro.com\/index.php\/wp-json\/wp\/v2\/product\/36308","targetHints":{"allow":["GET"]}}],"collection":[{"href":"https:\/\/www.koupelnapro.com\/index.php\/wp-json\/wp\/v2\/product"}],"about":[{"href":"https:\/\/www.koupelnapro.com\/index.php\/wp-json\/wp\/v2\/types\/product"}],"replies":[{"embeddable":true,"href":"https:\/\/www.koupelnapro.com\/index.php\/wp-json\/wp\/v2\/comments?post=36308"}],"wp:featuredmedia":[{"embeddable":true,"href":"https:\/\/www.koupelnapro.com\/index.php\/wp-json\/wp\/v2\/media\/36408"}],"wp:attachment":[{"href":"https:\/\/www.koupelnapro.com\/index.php\/wp-json\/wp\/v2\/media?parent=36308"}],"wp:term":[{"taxonomy":"product_brand","embeddable":true,"href":"https:\/\/www.koupelnapro.com\/index.php\/wp-json\/wp\/v2\/product_brand?post=36308"},{"taxonomy":"product_cat","embeddable":true,"href":"https:\/\/www.koupelnapro.com\/index.php\/wp-json\/wp\/v2\/product_cat?post=36308"},{"taxonomy":"product_tag","embeddable":true,"href":"https:\/\/www.koupelnapro.com\/index.php\/wp-json\/wp\/v2\/product_tag?post=36308"}],"curies":[{"name":"wp","href":"https:\/\/api.w.org\/{rel}","templated":true}]}}