{"id":35952,"date":"2026-04-26T09:15:38","date_gmt":"2026-04-26T09:15:38","guid":{"rendered":""},"modified":"2026-04-26T09:15:38","modified_gmt":"2026-04-26T09:15:38","slug":"vanickovy-sifon-prumer-50mm-dn40-50-krytka-nerez-lesk-finalni-vyprodej-35952","status":"publish","type":"product","link":"https:\/\/www.koupelnapro.com\/produkt\/vanickovy-sifon-prumer-50mm-dn40-50-krytka-nerez-lesk-finalni-vyprodej-35952\/","title":{"rendered":"Vani\u010dkov\u00fd sifon, pr\u016fm\u011br 50mm, DN40\/50, krytka nerez lesk Fin\u00e1ln\u00ed V\u00fdprodej"},"content":{"rendered":"<div class=\"basic-description\">\n<h3>Detailn\u00ed popis produktu<\/h3>\n<ul>\n<li>V\u00fd\u0161ka 87 mm   <\/li>\n<li>Pr\u016ftok 39 l\/min   <\/li>\n<li>Krytka: le\u0161t\u011bn\u00fd nerez, pr\u016fm\u011br 82 mm<\/li>\n<\/ul><\/div>\n<div class=\"extended-description\">\n<h3>Dopl\u0148kov\u00e9 parametry<\/h3>\n<table class=\"detail-parameters\">\n<tbody>\n<tr>\n<th>        <span class=\"row-header-label\">            Kategorie<span class=\"row-header-label-colon\">:<\/span>        <\/span>    <\/th>\n<td>            <\/td>\n<\/tr>\n<tr>\n<th>            <span class=\"row-header-label\">                Z\u00e1ruka<span class=\"row-header-label-colon\">:<\/span>            <\/span>        <\/th>\n<td>            24        <\/td>\n<\/tr>\n<tr>\n<th>            <span class=\"row-header-label\">                Hmotnost<span class=\"row-header-label-colon\">:<\/span>            <\/span>        <\/th>\n<td>            0.25 kg        <\/td>\n<\/tr>\n<tr class=\"productEan\">\n<th>          <span class=\"row-header-label productEan__label\">              EAN<span class=\"row-header-label-colon\">:<\/span>          <\/span>      <\/th>\n<td>          <span class=\"productEan__value\">8590913889783<\/span>      <\/td>\n<\/tr>\n<tr>\n<th>                <span class=\"row-header-label\">                                            Balen\u00ed<span class=\"row-header-label-colon\">:<\/span>                                    <\/span>            <\/th>\n<td>                                                            1 ks                                                <\/td>\n<\/tr>\n<tr>\n<th>                <span class=\"row-header-label\">                                            Barva<span class=\"row-header-label-colon\">:<\/span>                                    <\/span>            <\/th>\n<td>                                                            Chrom                                                <\/td>\n<\/tr>\n<tr>\n<th>                <span class=\"row-header-label\">                                            Dostupnost<span class=\"row-header-label-colon\">:<\/span>                                    <\/span>            <\/th>\n<td>                                                            Skladem                                                <\/td>\n<\/tr>\n<tr>\n<th>                <span class=\"row-header-label\">                                            Materi\u00e1l<span class=\"row-header-label-colon\">:<\/span>                                    <\/span>            <\/th>\n<td>                                                            Plast                                                <\/td>\n<\/tr>\n<tr>\n<th>                <span class=\"row-header-label\">                                            Pr\u016fm\u011br odpadu<span class=\"row-header-label-colon\">:<\/span>                                    <\/span>            <\/th>\n<td>                                                            40 mm                                                <\/td>\n<\/tr>\n<tr>\n<th>                <span class=\"row-header-label\">                                            Sifon pro otvor vani\u010dky<span class=\"row-header-label-colon\">:<\/span>                                    <\/span>            <\/th>\n<td>                                                            50 mm                                                <\/td>\n<\/tr>\n<tr>\n<th>                <span class=\"row-header-label\">                                            Z\u00e1ruka<span class=\"row-header-label-colon\">:<\/span>                                    <\/span>            <\/th>\n<td>                                                            2 roky                                                <\/td>\n<\/tr>\n<\/tbody>\n<\/table><\/div>\n<\/p><\/div>\n<\/p><\/div>\n","protected":false},"excerpt":{"rendered":"<p>Detailn\u00ed popis produktu V\u00fd\u0161ka 87 mm Pr\u016ftok 39 l\/min Krytka: le\u0161t\u011bn\u00fd nerez, pr\u016fm\u011br 82 mm Dopl\u0148kov\u00e9 parametry Kategorie: Z\u00e1ruka: 24 Hmotnost: 0.25 kg EAN: 8590913889783 Balen\u00ed: 1 ks Barva: Chrom Dostupnost: Skladem Materi\u00e1l: Plast Pr\u016fm\u011br odpadu: 40 mm Sifon pro otvor vani\u010dky: 50 mm Z\u00e1ruka: 2 roky<\/p>\n","protected":false},"featured_media":36052,"comment_status":"open","ping_status":"open","template":"","meta":[],"product_brand":[],"product_cat":[123],"product_tag":[],"class_list":{"0":"post-35952","1":"product","2":"type-product","3":"status-publish","4":"has-post-thumbnail","6":"product_cat-sprchove-vanicky","8":"first","9":"instock","10":"sale","11":"shipping-taxable","12":"purchasable","13":"product-type-simple"},"yoast_head":"<!-- This site is optimized with the Yoast SEO plugin v26.8 - https:\/\/yoast.com\/product\/yoast-seo-wordpress\/ -->\n<title>Vani\u010dkov\u00fd sifon, pr\u016fm\u011br 50mm, DN40\/50, krytka nerez lesk Fin\u00e1ln\u00ed V\u00fdprodej - Vybaven\u00ed pro d\u016fm<\/title>\n<meta name=\"robots\" content=\"index, follow, max-snippet:-1, max-image-preview:large, max-video-preview:-1\" \/>\n<link rel=\"canonical\" href=\"https:\/\/www.koupelnapro.com\/index.php\/produkt\/vanickovy-sifon-prumer-50mm-dn40-50-krytka-nerez-lesk-finalni-vyprodej-35952\/\" \/>\n<meta property=\"og:locale\" content=\"cs_CZ\" \/>\n<meta property=\"og:type\" content=\"article\" \/>\n<meta property=\"og:title\" content=\"Vani\u010dkov\u00fd sifon, pr\u016fm\u011br 50mm, DN40\/50, krytka nerez lesk Fin\u00e1ln\u00ed V\u00fdprodej - Vybaven\u00ed pro d\u016fm\" \/>\n<meta property=\"og:description\" content=\"Detailn\u00ed popis produktu V\u00fd\u0161ka 87 mm Pr\u016ftok 39 l\/min Krytka: le\u0161t\u011bn\u00fd nerez, pr\u016fm\u011br 82 mm Dopl\u0148kov\u00e9 parametry Kategorie: Z\u00e1ruka: 24 Hmotnost: 0.25 kg EAN: 8590913889783 Balen\u00ed: 1 ks Barva: Chrom Dostupnost: Skladem Materi\u00e1l: Plast Pr\u016fm\u011br odpadu: 40 mm Sifon pro otvor vani\u010dky: 50 mm Z\u00e1ruka: 2 roky\" \/>\n<meta property=\"og:url\" content=\"https:\/\/www.koupelnapro.com\/index.php\/produkt\/vanickovy-sifon-prumer-50mm-dn40-50-krytka-nerez-lesk-finalni-vyprodej-35952\/\" \/>\n<meta property=\"og:site_name\" content=\"Vybaven\u00ed pro d\u016fm\" \/>\n<meta property=\"og:image\" content=\"https:\/\/www.koupelnapro.com\/wp-content\/uploads\/2026\/SK0002821-CZ20260425-092556-0-1777080363-39127_vanickovy-sifon--prumer-50mm--dn40-50--krytka-nerez-l.webp\" \/>\n\t<meta property=\"og:image:width\" content=\"1000\" \/>\n\t<meta property=\"og:image:height\" content=\"750\" \/>\n\t<meta property=\"og:image:type\" content=\"image\/webp\" \/>\n<meta name=\"twitter:card\" content=\"summary_large_image\" \/>\n<script type=\"application\/ld+json\" class=\"yoast-schema-graph\">{\"@context\":\"https:\/\/schema.org\",\"@graph\":[{\"@type\":\"WebPage\",\"@id\":\"https:\/\/www.koupelnapro.com\/index.php\/produkt\/vanickovy-sifon-prumer-50mm-dn40-50-krytka-nerez-lesk-finalni-vyprodej-35952\/\",\"url\":\"https:\/\/www.koupelnapro.com\/index.php\/produkt\/vanickovy-sifon-prumer-50mm-dn40-50-krytka-nerez-lesk-finalni-vyprodej-35952\/\",\"name\":\"Vani\u010dkov\u00fd sifon, pr\u016fm\u011br 50mm, DN40\/50, krytka nerez lesk Fin\u00e1ln\u00ed V\u00fdprodej - Vybaven\u00ed pro d\u016fm\",\"isPartOf\":{\"@id\":\"https:\/\/www.koupelnapro.com\/#website\"},\"primaryImageOfPage\":{\"@id\":\"https:\/\/www.koupelnapro.com\/index.php\/produkt\/vanickovy-sifon-prumer-50mm-dn40-50-krytka-nerez-lesk-finalni-vyprodej-35952\/#primaryimage\"},\"image\":{\"@id\":\"https:\/\/www.koupelnapro.com\/index.php\/produkt\/vanickovy-sifon-prumer-50mm-dn40-50-krytka-nerez-lesk-finalni-vyprodej-35952\/#primaryimage\"},\"thumbnailUrl\":\"https:\/\/www.koupelnapro.com\/wp-content\/uploads\/2026\/SK0002821-CZ20260425-092556-0-1777080363-39127_vanickovy-sifon--prumer-50mm--dn40-50--krytka-nerez-l.webp\",\"datePublished\":\"2026-04-26T09:15:38+00:00\",\"breadcrumb\":{\"@id\":\"https:\/\/www.koupelnapro.com\/index.php\/produkt\/vanickovy-sifon-prumer-50mm-dn40-50-krytka-nerez-lesk-finalni-vyprodej-35952\/#breadcrumb\"},\"inLanguage\":\"cs\",\"potentialAction\":[{\"@type\":\"ReadAction\",\"target\":[\"https:\/\/www.koupelnapro.com\/index.php\/produkt\/vanickovy-sifon-prumer-50mm-dn40-50-krytka-nerez-lesk-finalni-vyprodej-35952\/\"]}]},{\"@type\":\"ImageObject\",\"inLanguage\":\"cs\",\"@id\":\"https:\/\/www.koupelnapro.com\/index.php\/produkt\/vanickovy-sifon-prumer-50mm-dn40-50-krytka-nerez-lesk-finalni-vyprodej-35952\/#primaryimage\",\"url\":\"https:\/\/www.koupelnapro.com\/wp-content\/uploads\/2026\/SK0002821-CZ20260425-092556-0-1777080363-39127_vanickovy-sifon--prumer-50mm--dn40-50--krytka-nerez-l.webp\",\"contentUrl\":\"https:\/\/www.koupelnapro.com\/wp-content\/uploads\/2026\/SK0002821-CZ20260425-092556-0-1777080363-39127_vanickovy-sifon--prumer-50mm--dn40-50--krytka-nerez-l.webp\",\"width\":1000,\"height\":750},{\"@type\":\"BreadcrumbList\",\"@id\":\"https:\/\/www.koupelnapro.com\/index.php\/produkt\/vanickovy-sifon-prumer-50mm-dn40-50-krytka-nerez-lesk-finalni-vyprodej-35952\/#breadcrumb\",\"itemListElement\":[{\"@type\":\"ListItem\",\"position\":1,\"name\":\"Home\",\"item\":\"https:\/\/www.koupelnapro.com\/\"},{\"@type\":\"ListItem\",\"position\":2,\"name\":\"Products\",\"item\":\"https:\/\/www.koupelnapro.com\/products\/\"},{\"@type\":\"ListItem\",\"position\":3,\"name\":\"Vani\u010dkov\u00fd sifon, pr\u016fm\u011br 50mm, DN40\/50, krytka nerez lesk Fin\u00e1ln\u00ed V\u00fdprodej\"}]},{\"@type\":\"WebSite\",\"@id\":\"https:\/\/www.koupelnapro.com\/#website\",\"url\":\"https:\/\/www.koupelnapro.com\/\",\"name\":\"Vybaven\u00ed pro d\u016fm\",\"description\":\"Vybaven\u00ed pro d\u016fm\",\"publisher\":{\"@id\":\"https:\/\/www.koupelnapro.com\/#organization\"},\"potentialAction\":[{\"@type\":\"SearchAction\",\"target\":{\"@type\":\"EntryPoint\",\"urlTemplate\":\"https:\/\/www.koupelnapro.com\/?s={search_term_string}\"},\"query-input\":{\"@type\":\"PropertyValueSpecification\",\"valueRequired\":true,\"valueName\":\"search_term_string\"}}],\"inLanguage\":\"cs\"},{\"@type\":\"Organization\",\"@id\":\"https:\/\/www.koupelnapro.com\/#organization\",\"name\":\"Vybaven\u00ed pro d\u016fm\",\"url\":\"https:\/\/www.koupelnapro.com\/\",\"logo\":{\"@type\":\"ImageObject\",\"inLanguage\":\"cs\",\"@id\":\"https:\/\/www.koupelnapro.com\/#\/schema\/logo\/image\/\",\"url\":\"https:\/\/www.koupelnapro.com\/wp-content\/uploads\/2026\/04\/koupelnapro-logo-deep-green.svg\",\"contentUrl\":\"https:\/\/www.koupelnapro.com\/wp-content\/uploads\/2026\/04\/koupelnapro-logo-deep-green.svg\",\"width\":920,\"height\":160,\"caption\":\"Vybaven\u00ed pro d\u016fm\"},\"image\":{\"@id\":\"https:\/\/www.koupelnapro.com\/#\/schema\/logo\/image\/\"}}]}<\/script>\n<!-- \/ Yoast SEO plugin. -->","yoast_head_json":{"title":"Vani\u010dkov\u00fd sifon, pr\u016fm\u011br 50mm, DN40\/50, krytka nerez lesk Fin\u00e1ln\u00ed V\u00fdprodej - Vybaven\u00ed pro d\u016fm","robots":{"index":"index","follow":"follow","max-snippet":"max-snippet:-1","max-image-preview":"max-image-preview:large","max-video-preview":"max-video-preview:-1"},"canonical":"https:\/\/www.koupelnapro.com\/index.php\/produkt\/vanickovy-sifon-prumer-50mm-dn40-50-krytka-nerez-lesk-finalni-vyprodej-35952\/","og_locale":"cs_CZ","og_type":"article","og_title":"Vani\u010dkov\u00fd sifon, pr\u016fm\u011br 50mm, DN40\/50, krytka nerez lesk Fin\u00e1ln\u00ed V\u00fdprodej - Vybaven\u00ed pro d\u016fm","og_description":"Detailn\u00ed popis produktu V\u00fd\u0161ka 87 mm Pr\u016ftok 39 l\/min Krytka: le\u0161t\u011bn\u00fd nerez, pr\u016fm\u011br 82 mm Dopl\u0148kov\u00e9 parametry Kategorie: Z\u00e1ruka: 24 Hmotnost: 0.25 kg EAN: 8590913889783 Balen\u00ed: 1 ks Barva: Chrom Dostupnost: Skladem Materi\u00e1l: Plast Pr\u016fm\u011br odpadu: 40 mm Sifon pro otvor vani\u010dky: 50 mm Z\u00e1ruka: 2 roky","og_url":"https:\/\/www.koupelnapro.com\/index.php\/produkt\/vanickovy-sifon-prumer-50mm-dn40-50-krytka-nerez-lesk-finalni-vyprodej-35952\/","og_site_name":"Vybaven\u00ed pro d\u016fm","og_image":[{"width":1000,"height":750,"url":"https:\/\/www.koupelnapro.com\/wp-content\/uploads\/2026\/SK0002821-CZ20260425-092556-0-1777080363-39127_vanickovy-sifon--prumer-50mm--dn40-50--krytka-nerez-l.webp","type":"image\/webp"}],"twitter_card":"summary_large_image","schema":{"@context":"https:\/\/schema.org","@graph":[{"@type":"WebPage","@id":"https:\/\/www.koupelnapro.com\/index.php\/produkt\/vanickovy-sifon-prumer-50mm-dn40-50-krytka-nerez-lesk-finalni-vyprodej-35952\/","url":"https:\/\/www.koupelnapro.com\/index.php\/produkt\/vanickovy-sifon-prumer-50mm-dn40-50-krytka-nerez-lesk-finalni-vyprodej-35952\/","name":"Vani\u010dkov\u00fd sifon, pr\u016fm\u011br 50mm, DN40\/50, krytka nerez lesk Fin\u00e1ln\u00ed V\u00fdprodej - Vybaven\u00ed pro d\u016fm","isPartOf":{"@id":"https:\/\/www.koupelnapro.com\/#website"},"primaryImageOfPage":{"@id":"https:\/\/www.koupelnapro.com\/index.php\/produkt\/vanickovy-sifon-prumer-50mm-dn40-50-krytka-nerez-lesk-finalni-vyprodej-35952\/#primaryimage"},"image":{"@id":"https:\/\/www.koupelnapro.com\/index.php\/produkt\/vanickovy-sifon-prumer-50mm-dn40-50-krytka-nerez-lesk-finalni-vyprodej-35952\/#primaryimage"},"thumbnailUrl":"https:\/\/www.koupelnapro.com\/wp-content\/uploads\/2026\/SK0002821-CZ20260425-092556-0-1777080363-39127_vanickovy-sifon--prumer-50mm--dn40-50--krytka-nerez-l.webp","datePublished":"2026-04-26T09:15:38+00:00","breadcrumb":{"@id":"https:\/\/www.koupelnapro.com\/index.php\/produkt\/vanickovy-sifon-prumer-50mm-dn40-50-krytka-nerez-lesk-finalni-vyprodej-35952\/#breadcrumb"},"inLanguage":"cs","potentialAction":[{"@type":"ReadAction","target":["https:\/\/www.koupelnapro.com\/index.php\/produkt\/vanickovy-sifon-prumer-50mm-dn40-50-krytka-nerez-lesk-finalni-vyprodej-35952\/"]}]},{"@type":"ImageObject","inLanguage":"cs","@id":"https:\/\/www.koupelnapro.com\/index.php\/produkt\/vanickovy-sifon-prumer-50mm-dn40-50-krytka-nerez-lesk-finalni-vyprodej-35952\/#primaryimage","url":"https:\/\/www.koupelnapro.com\/wp-content\/uploads\/2026\/SK0002821-CZ20260425-092556-0-1777080363-39127_vanickovy-sifon--prumer-50mm--dn40-50--krytka-nerez-l.webp","contentUrl":"https:\/\/www.koupelnapro.com\/wp-content\/uploads\/2026\/SK0002821-CZ20260425-092556-0-1777080363-39127_vanickovy-sifon--prumer-50mm--dn40-50--krytka-nerez-l.webp","width":1000,"height":750},{"@type":"BreadcrumbList","@id":"https:\/\/www.koupelnapro.com\/index.php\/produkt\/vanickovy-sifon-prumer-50mm-dn40-50-krytka-nerez-lesk-finalni-vyprodej-35952\/#breadcrumb","itemListElement":[{"@type":"ListItem","position":1,"name":"Home","item":"https:\/\/www.koupelnapro.com\/"},{"@type":"ListItem","position":2,"name":"Products","item":"https:\/\/www.koupelnapro.com\/products\/"},{"@type":"ListItem","position":3,"name":"Vani\u010dkov\u00fd sifon, pr\u016fm\u011br 50mm, DN40\/50, krytka nerez lesk Fin\u00e1ln\u00ed V\u00fdprodej"}]},{"@type":"WebSite","@id":"https:\/\/www.koupelnapro.com\/#website","url":"https:\/\/www.koupelnapro.com\/","name":"Vybaven\u00ed pro d\u016fm","description":"Vybaven\u00ed pro d\u016fm","publisher":{"@id":"https:\/\/www.koupelnapro.com\/#organization"},"potentialAction":[{"@type":"SearchAction","target":{"@type":"EntryPoint","urlTemplate":"https:\/\/www.koupelnapro.com\/?s={search_term_string}"},"query-input":{"@type":"PropertyValueSpecification","valueRequired":true,"valueName":"search_term_string"}}],"inLanguage":"cs"},{"@type":"Organization","@id":"https:\/\/www.koupelnapro.com\/#organization","name":"Vybaven\u00ed pro d\u016fm","url":"https:\/\/www.koupelnapro.com\/","logo":{"@type":"ImageObject","inLanguage":"cs","@id":"https:\/\/www.koupelnapro.com\/#\/schema\/logo\/image\/","url":"https:\/\/www.koupelnapro.com\/wp-content\/uploads\/2026\/04\/koupelnapro-logo-deep-green.svg","contentUrl":"https:\/\/www.koupelnapro.com\/wp-content\/uploads\/2026\/04\/koupelnapro-logo-deep-green.svg","width":920,"height":160,"caption":"Vybaven\u00ed pro d\u016fm"},"image":{"@id":"https:\/\/www.koupelnapro.com\/#\/schema\/logo\/image\/"}}]}},"_links":{"self":[{"href":"https:\/\/www.koupelnapro.com\/wp-json\/wp\/v2\/product\/35952","targetHints":{"allow":["GET"]}}],"collection":[{"href":"https:\/\/www.koupelnapro.com\/wp-json\/wp\/v2\/product"}],"about":[{"href":"https:\/\/www.koupelnapro.com\/wp-json\/wp\/v2\/types\/product"}],"replies":[{"embeddable":true,"href":"https:\/\/www.koupelnapro.com\/wp-json\/wp\/v2\/comments?post=35952"}],"wp:featuredmedia":[{"embeddable":true,"href":"https:\/\/www.koupelnapro.com\/wp-json\/wp\/v2\/media\/36052"}],"wp:attachment":[{"href":"https:\/\/www.koupelnapro.com\/wp-json\/wp\/v2\/media?parent=35952"}],"wp:term":[{"taxonomy":"product_brand","embeddable":true,"href":"https:\/\/www.koupelnapro.com\/wp-json\/wp\/v2\/product_brand?post=35952"},{"taxonomy":"product_cat","embeddable":true,"href":"https:\/\/www.koupelnapro.com\/wp-json\/wp\/v2\/product_cat?post=35952"},{"taxonomy":"product_tag","embeddable":true,"href":"https:\/\/www.koupelnapro.com\/wp-json\/wp\/v2\/product_tag?post=35952"}],"curies":[{"name":"wp","href":"https:\/\/api.w.org\/{rel}","templated":true}]}}