{"id":35951,"date":"2026-04-26T09:15:38","date_gmt":"2026-04-26T09:15:38","guid":{"rendered":""},"modified":"2026-04-26T09:15:38","modified_gmt":"2026-04-26T09:15:38","slug":"ginko-nastenna-sprchova-baterie-cerna-mat-ihned-k-objednani-35951","status":"publish","type":"product","link":"https:\/\/www.koupelnapro.com\/index.php\/produkt\/ginko-nastenna-sprchova-baterie-cerna-mat-ihned-k-objednani-35951\/","title":{"rendered":"GINKO n\u00e1st\u011bnn\u00e1 sprchov\u00e1 baterie, \u010dern\u00e1 mat Ihned K Objedn\u00e1n\u00ed"},"content":{"rendered":"<div class=\"basic-description\">\n<h3>Detailn\u00ed popis produktu<\/h3>\n<p style=\"text-align: justify;\">S\u00e9rie GINKO si i p\u0159es kombinaci ostr\u00fdch hran a rovn\u00fdch ploch zachov\u00e1v\u00e1 lehkost a eleganci. V koupeln\u011b bude dominantn\u00edm prvkem, kter\u00fd se jen tak neokouk\u00e1 a v nad\u010dasov\u00e9m designu bude d\u011blat radost po dlouh\u00e1 l\u00e9ta. Zaj\u00edmavost\u00ed jsou t\u0159i velikosti umyvadlov\u00fdch bateri\u00ed a baterie se \u017el\u00e1bkem. Za zm\u00ednku stoj\u00ed i kr\u00e1sn\u00e1 v\u00fdtokov\u00e1 hubice k van\u011b. Kolekci dopl\u0148uje vanov\u00e1 baterie do prostoru.<\/p>\n<\/p><\/div>\n<div class=\"extended-description\">\n<h3>Dopl\u0148kov\u00e9 parametry<\/h3>\n<table class=\"detail-parameters\">\n<tbody>\n<tr>\n<th>        <span class=\"row-header-label\">            Kategorie<span class=\"row-header-label-colon\">:<\/span>        <\/span>    <\/th>\n<td>            <\/td>\n<\/tr>\n<tr>\n<th>            <span class=\"row-header-label\">                Z\u00e1ruka<span class=\"row-header-label-colon\">:<\/span>            <\/span>        <\/th>\n<td>            72        <\/td>\n<\/tr>\n<tr>\n<th>            <span class=\"row-header-label\">                Hmotnost<span class=\"row-header-label-colon\">:<\/span>            <\/span>        <\/th>\n<td>            2.546 kg        <\/td>\n<\/tr>\n<tr class=\"productEan\">\n<th>          <span class=\"row-header-label productEan__label\">              EAN<span class=\"row-header-label-colon\">:<\/span>          <\/span>      <\/th>\n<td>          <span class=\"productEan__value\">8590913884818<\/span>      <\/td>\n<\/tr>\n<tr>\n<th>                <span class=\"row-header-label\">                                            Balen\u00ed<span class=\"row-header-label-colon\">:<\/span>                                    <\/span>            <\/th>\n<td>                                                            1 ks                                                <\/td>\n<\/tr>\n<tr>\n<th>                <span class=\"row-header-label\">                                            Barva<span class=\"row-header-label-colon\">:<\/span>                                    <\/span>            <\/th>\n<td>                                                            \u010cern\u00e1 mat                                                <\/td>\n<\/tr>\n<tr>\n<th>                <span class=\"row-header-label\">                                            Dostupnost<span class=\"row-header-label-colon\">:<\/span>                                    <\/span>            <\/th>\n<td>                                                            Skladem                                                <\/td>\n<\/tr>\n<tr>\n<th>                <span class=\"row-header-label\">                                            Druh ovl\u00e1d\u00e1n\u00ed<span class=\"row-header-label-colon\">:<\/span>                                    <\/span>            <\/th>\n<td>                                                            P\u00e1ka                                                <\/td>\n<\/tr>\n<tr>\n<th>                <span class=\"row-header-label\">                                            Hloubka<span class=\"row-header-label-colon\">:<\/span>                                    <\/span>            <\/th>\n<td>                                                            131 mm                                                <\/td>\n<\/tr>\n<tr>\n<th>                <span class=\"row-header-label\">                                            Instalace<span class=\"row-header-label-colon\">:<\/span>                                    <\/span>            <\/th>\n<td>                                                            N\u00e1st\u011bnn\u00e1 150 mm                                                <\/td>\n<\/tr>\n<tr>\n<th>                <span class=\"row-header-label\">                                            Materi\u00e1l<span class=\"row-header-label-colon\">:<\/span>                                    <\/span>            <\/th>\n<td>                                                            Mosaz                                                <\/td>\n<\/tr>\n<tr>\n<th>                <span class=\"row-header-label\">                                            Pr\u016fm\u011br kartu\u0161e<span class=\"row-header-label-colon\">:<\/span>                                    <\/span>            <\/th>\n<td>                                                            35 mm                                                <\/td>\n<\/tr>\n<tr>\n<th>                <span class=\"row-header-label\">                                            Tvar<span class=\"row-header-label-colon\">:<\/span>                                    <\/span>            <\/th>\n<td>                                                            Hranat\u00e9                                                <\/td>\n<\/tr>\n<tr>\n<th>                <span class=\"row-header-label\">                                            V\u00fd\u0161ka<span class=\"row-header-label-colon\">:<\/span>                                    <\/span>            <\/th>\n<td>                                                            124 mm                                                <\/td>\n<\/tr>\n<tr>\n<th>                <span class=\"row-header-label\">                                            Z\u00e1ruka<span class=\"row-header-label-colon\">:<\/span>                                    <\/span>            <\/th>\n<td>                                                            6 let                                                <\/td>\n<\/tr>\n<\/tbody>\n<\/table><\/div>\n<\/p><\/div>\n<\/p><\/div>\n","protected":false},"excerpt":{"rendered":"<p>Detailn\u00ed popis produktu S\u00e9rie GINKO si i p\u0159es kombinaci ostr\u00fdch hran a rovn\u00fdch ploch zachov\u00e1v\u00e1 lehkost a eleganci. V koupeln\u011b bude dominantn\u00edm prvkem, kter\u00fd se jen tak neokouk\u00e1 a v nad\u010dasov\u00e9m designu bude d\u011blat radost po dlouh\u00e1 l\u00e9ta. Zaj\u00edmavost\u00ed jsou t\u0159i velikosti umyvadlov\u00fdch bateri\u00ed a baterie se \u017el\u00e1bkem. Za zm\u00ednku stoj\u00ed i kr\u00e1sn\u00e1 v\u00fdtokov\u00e1 hubice [&hellip;]<\/p>\n","protected":false},"featured_media":36051,"comment_status":"open","ping_status":"open","template":"","meta":[],"product_brand":[],"product_cat":[124],"product_tag":[],"class_list":{"0":"post-35951","1":"product","2":"type-product","3":"status-publish","4":"has-post-thumbnail","6":"product_cat-vodovodni-baterie","8":"first","9":"instock","10":"sale","11":"shipping-taxable","12":"purchasable","13":"product-type-simple"},"yoast_head":"<!-- This site is optimized with the Yoast SEO plugin v26.8 - https:\/\/yoast.com\/product\/yoast-seo-wordpress\/ -->\n<title>GINKO n\u00e1st\u011bnn\u00e1 sprchov\u00e1 baterie, \u010dern\u00e1 mat Ihned K Objedn\u00e1n\u00ed -<\/title>\n<meta name=\"robots\" content=\"index, follow, max-snippet:-1, max-image-preview:large, max-video-preview:-1\" \/>\n<link rel=\"canonical\" href=\"https:\/\/www.koupelnapro.com\/index.php\/produkt\/ginko-nastenna-sprchova-baterie-cerna-mat-ihned-k-objednani-35951\/\" \/>\n<meta property=\"og:locale\" content=\"cs_CZ\" \/>\n<meta property=\"og:type\" content=\"article\" \/>\n<meta property=\"og:title\" content=\"GINKO n\u00e1st\u011bnn\u00e1 sprchov\u00e1 baterie, \u010dern\u00e1 mat Ihned K Objedn\u00e1n\u00ed -\" \/>\n<meta property=\"og:description\" content=\"Detailn\u00ed popis produktu S\u00e9rie GINKO si i p\u0159es kombinaci ostr\u00fdch hran a rovn\u00fdch ploch zachov\u00e1v\u00e1 lehkost a eleganci. V koupeln\u011b bude dominantn\u00edm prvkem, kter\u00fd se jen tak neokouk\u00e1 a v nad\u010dasov\u00e9m designu bude d\u011blat radost po dlouh\u00e1 l\u00e9ta. Zaj\u00edmavost\u00ed jsou t\u0159i velikosti umyvadlov\u00fdch bateri\u00ed a baterie se \u017el\u00e1bkem. Za zm\u00ednku stoj\u00ed i kr\u00e1sn\u00e1 v\u00fdtokov\u00e1 hubice [&hellip;]\" \/>\n<meta property=\"og:url\" content=\"https:\/\/www.koupelnapro.com\/index.php\/produkt\/ginko-nastenna-sprchova-baterie-cerna-mat-ihned-k-objednani-35951\/\" \/>\n<meta property=\"og:image\" content=\"https:\/\/www.koupelnapro.com\/wp-content\/uploads\/2026\/SK0002820-CZ20260425-092556-0-1777080363-39106-3_1101-11b-144912196567133.webp\" \/>\n\t<meta property=\"og:image:width\" content=\"1000\" \/>\n\t<meta property=\"og:image:height\" content=\"750\" \/>\n\t<meta property=\"og:image:type\" content=\"image\/webp\" \/>\n<meta name=\"twitter:card\" content=\"summary_large_image\" \/>\n<meta name=\"twitter:label1\" content=\"Odhadovan\u00e1 doba \u010dten\u00ed\" \/>\n\t<meta name=\"twitter:data1\" content=\"1 minuta\" \/>\n<script type=\"application\/ld+json\" class=\"yoast-schema-graph\">{\"@context\":\"https:\/\/schema.org\",\"@graph\":[{\"@type\":\"WebPage\",\"@id\":\"https:\/\/www.koupelnapro.com\/index.php\/produkt\/ginko-nastenna-sprchova-baterie-cerna-mat-ihned-k-objednani-35951\/\",\"url\":\"https:\/\/www.koupelnapro.com\/index.php\/produkt\/ginko-nastenna-sprchova-baterie-cerna-mat-ihned-k-objednani-35951\/\",\"name\":\"GINKO n\u00e1st\u011bnn\u00e1 sprchov\u00e1 baterie, \u010dern\u00e1 mat Ihned K Objedn\u00e1n\u00ed -\",\"isPartOf\":{\"@id\":\"https:\/\/www.koupelnapro.com\/#website\"},\"primaryImageOfPage\":{\"@id\":\"https:\/\/www.koupelnapro.com\/index.php\/produkt\/ginko-nastenna-sprchova-baterie-cerna-mat-ihned-k-objednani-35951\/#primaryimage\"},\"image\":{\"@id\":\"https:\/\/www.koupelnapro.com\/index.php\/produkt\/ginko-nastenna-sprchova-baterie-cerna-mat-ihned-k-objednani-35951\/#primaryimage\"},\"thumbnailUrl\":\"https:\/\/www.koupelnapro.com\/wp-content\/uploads\/2026\/SK0002820-CZ20260425-092556-0-1777080363-39106-3_1101-11b-144912196567133.webp\",\"datePublished\":\"2026-04-26T09:15:38+00:00\",\"breadcrumb\":{\"@id\":\"https:\/\/www.koupelnapro.com\/index.php\/produkt\/ginko-nastenna-sprchova-baterie-cerna-mat-ihned-k-objednani-35951\/#breadcrumb\"},\"inLanguage\":\"cs\",\"potentialAction\":[{\"@type\":\"ReadAction\",\"target\":[\"https:\/\/www.koupelnapro.com\/index.php\/produkt\/ginko-nastenna-sprchova-baterie-cerna-mat-ihned-k-objednani-35951\/\"]}]},{\"@type\":\"ImageObject\",\"inLanguage\":\"cs\",\"@id\":\"https:\/\/www.koupelnapro.com\/index.php\/produkt\/ginko-nastenna-sprchova-baterie-cerna-mat-ihned-k-objednani-35951\/#primaryimage\",\"url\":\"https:\/\/www.koupelnapro.com\/wp-content\/uploads\/2026\/SK0002820-CZ20260425-092556-0-1777080363-39106-3_1101-11b-144912196567133.webp\",\"contentUrl\":\"https:\/\/www.koupelnapro.com\/wp-content\/uploads\/2026\/SK0002820-CZ20260425-092556-0-1777080363-39106-3_1101-11b-144912196567133.webp\",\"width\":1000,\"height\":750},{\"@type\":\"BreadcrumbList\",\"@id\":\"https:\/\/www.koupelnapro.com\/index.php\/produkt\/ginko-nastenna-sprchova-baterie-cerna-mat-ihned-k-objednani-35951\/#breadcrumb\",\"itemListElement\":[{\"@type\":\"ListItem\",\"position\":1,\"name\":\"Home\",\"item\":\"https:\/\/www.koupelnapro.com\/\"},{\"@type\":\"ListItem\",\"position\":2,\"name\":\"Products\",\"item\":\"https:\/\/www.koupelnapro.com\/index.php\/products\/\"},{\"@type\":\"ListItem\",\"position\":3,\"name\":\"GINKO n\u00e1st\u011bnn\u00e1 sprchov\u00e1 baterie, \u010dern\u00e1 mat Ihned K Objedn\u00e1n\u00ed\"}]},{\"@type\":\"WebSite\",\"@id\":\"https:\/\/www.koupelnapro.com\/#website\",\"url\":\"https:\/\/www.koupelnapro.com\/\",\"name\":\"\",\"description\":\"\",\"potentialAction\":[{\"@type\":\"SearchAction\",\"target\":{\"@type\":\"EntryPoint\",\"urlTemplate\":\"https:\/\/www.koupelnapro.com\/?s={search_term_string}\"},\"query-input\":{\"@type\":\"PropertyValueSpecification\",\"valueRequired\":true,\"valueName\":\"search_term_string\"}}],\"inLanguage\":\"cs\"}]}<\/script>\n<!-- \/ Yoast SEO plugin. -->","yoast_head_json":{"title":"GINKO n\u00e1st\u011bnn\u00e1 sprchov\u00e1 baterie, \u010dern\u00e1 mat Ihned K Objedn\u00e1n\u00ed -","robots":{"index":"index","follow":"follow","max-snippet":"max-snippet:-1","max-image-preview":"max-image-preview:large","max-video-preview":"max-video-preview:-1"},"canonical":"https:\/\/www.koupelnapro.com\/index.php\/produkt\/ginko-nastenna-sprchova-baterie-cerna-mat-ihned-k-objednani-35951\/","og_locale":"cs_CZ","og_type":"article","og_title":"GINKO n\u00e1st\u011bnn\u00e1 sprchov\u00e1 baterie, \u010dern\u00e1 mat Ihned K Objedn\u00e1n\u00ed -","og_description":"Detailn\u00ed popis produktu S\u00e9rie GINKO si i p\u0159es kombinaci ostr\u00fdch hran a rovn\u00fdch ploch zachov\u00e1v\u00e1 lehkost a eleganci. V koupeln\u011b bude dominantn\u00edm prvkem, kter\u00fd se jen tak neokouk\u00e1 a v nad\u010dasov\u00e9m designu bude d\u011blat radost po dlouh\u00e1 l\u00e9ta. Zaj\u00edmavost\u00ed jsou t\u0159i velikosti umyvadlov\u00fdch bateri\u00ed a baterie se \u017el\u00e1bkem. Za zm\u00ednku stoj\u00ed i kr\u00e1sn\u00e1 v\u00fdtokov\u00e1 hubice [&hellip;]","og_url":"https:\/\/www.koupelnapro.com\/index.php\/produkt\/ginko-nastenna-sprchova-baterie-cerna-mat-ihned-k-objednani-35951\/","og_image":[{"width":1000,"height":750,"url":"https:\/\/www.koupelnapro.com\/wp-content\/uploads\/2026\/SK0002820-CZ20260425-092556-0-1777080363-39106-3_1101-11b-144912196567133.webp","type":"image\/webp"}],"twitter_card":"summary_large_image","twitter_misc":{"Odhadovan\u00e1 doba \u010dten\u00ed":"1 minuta"},"schema":{"@context":"https:\/\/schema.org","@graph":[{"@type":"WebPage","@id":"https:\/\/www.koupelnapro.com\/index.php\/produkt\/ginko-nastenna-sprchova-baterie-cerna-mat-ihned-k-objednani-35951\/","url":"https:\/\/www.koupelnapro.com\/index.php\/produkt\/ginko-nastenna-sprchova-baterie-cerna-mat-ihned-k-objednani-35951\/","name":"GINKO n\u00e1st\u011bnn\u00e1 sprchov\u00e1 baterie, \u010dern\u00e1 mat Ihned K Objedn\u00e1n\u00ed -","isPartOf":{"@id":"https:\/\/www.koupelnapro.com\/#website"},"primaryImageOfPage":{"@id":"https:\/\/www.koupelnapro.com\/index.php\/produkt\/ginko-nastenna-sprchova-baterie-cerna-mat-ihned-k-objednani-35951\/#primaryimage"},"image":{"@id":"https:\/\/www.koupelnapro.com\/index.php\/produkt\/ginko-nastenna-sprchova-baterie-cerna-mat-ihned-k-objednani-35951\/#primaryimage"},"thumbnailUrl":"https:\/\/www.koupelnapro.com\/wp-content\/uploads\/2026\/SK0002820-CZ20260425-092556-0-1777080363-39106-3_1101-11b-144912196567133.webp","datePublished":"2026-04-26T09:15:38+00:00","breadcrumb":{"@id":"https:\/\/www.koupelnapro.com\/index.php\/produkt\/ginko-nastenna-sprchova-baterie-cerna-mat-ihned-k-objednani-35951\/#breadcrumb"},"inLanguage":"cs","potentialAction":[{"@type":"ReadAction","target":["https:\/\/www.koupelnapro.com\/index.php\/produkt\/ginko-nastenna-sprchova-baterie-cerna-mat-ihned-k-objednani-35951\/"]}]},{"@type":"ImageObject","inLanguage":"cs","@id":"https:\/\/www.koupelnapro.com\/index.php\/produkt\/ginko-nastenna-sprchova-baterie-cerna-mat-ihned-k-objednani-35951\/#primaryimage","url":"https:\/\/www.koupelnapro.com\/wp-content\/uploads\/2026\/SK0002820-CZ20260425-092556-0-1777080363-39106-3_1101-11b-144912196567133.webp","contentUrl":"https:\/\/www.koupelnapro.com\/wp-content\/uploads\/2026\/SK0002820-CZ20260425-092556-0-1777080363-39106-3_1101-11b-144912196567133.webp","width":1000,"height":750},{"@type":"BreadcrumbList","@id":"https:\/\/www.koupelnapro.com\/index.php\/produkt\/ginko-nastenna-sprchova-baterie-cerna-mat-ihned-k-objednani-35951\/#breadcrumb","itemListElement":[{"@type":"ListItem","position":1,"name":"Home","item":"https:\/\/www.koupelnapro.com\/"},{"@type":"ListItem","position":2,"name":"Products","item":"https:\/\/www.koupelnapro.com\/index.php\/products\/"},{"@type":"ListItem","position":3,"name":"GINKO n\u00e1st\u011bnn\u00e1 sprchov\u00e1 baterie, \u010dern\u00e1 mat Ihned K Objedn\u00e1n\u00ed"}]},{"@type":"WebSite","@id":"https:\/\/www.koupelnapro.com\/#website","url":"https:\/\/www.koupelnapro.com\/","name":"","description":"","potentialAction":[{"@type":"SearchAction","target":{"@type":"EntryPoint","urlTemplate":"https:\/\/www.koupelnapro.com\/?s={search_term_string}"},"query-input":{"@type":"PropertyValueSpecification","valueRequired":true,"valueName":"search_term_string"}}],"inLanguage":"cs"}]}},"_links":{"self":[{"href":"https:\/\/www.koupelnapro.com\/index.php\/wp-json\/wp\/v2\/product\/35951","targetHints":{"allow":["GET"]}}],"collection":[{"href":"https:\/\/www.koupelnapro.com\/index.php\/wp-json\/wp\/v2\/product"}],"about":[{"href":"https:\/\/www.koupelnapro.com\/index.php\/wp-json\/wp\/v2\/types\/product"}],"replies":[{"embeddable":true,"href":"https:\/\/www.koupelnapro.com\/index.php\/wp-json\/wp\/v2\/comments?post=35951"}],"wp:featuredmedia":[{"embeddable":true,"href":"https:\/\/www.koupelnapro.com\/index.php\/wp-json\/wp\/v2\/media\/36051"}],"wp:attachment":[{"href":"https:\/\/www.koupelnapro.com\/index.php\/wp-json\/wp\/v2\/media?parent=35951"}],"wp:term":[{"taxonomy":"product_brand","embeddable":true,"href":"https:\/\/www.koupelnapro.com\/index.php\/wp-json\/wp\/v2\/product_brand?post=35951"},{"taxonomy":"product_cat","embeddable":true,"href":"https:\/\/www.koupelnapro.com\/index.php\/wp-json\/wp\/v2\/product_cat?post=35951"},{"taxonomy":"product_tag","embeddable":true,"href":"https:\/\/www.koupelnapro.com\/index.php\/wp-json\/wp\/v2\/product_tag?post=35951"}],"curies":[{"name":"wp","href":"https:\/\/api.w.org\/{rel}","templated":true}]}}