{"id":35701,"date":"2026-04-26T09:15:37","date_gmt":"2026-04-26T09:15:37","guid":{"rendered":""},"modified":"2026-04-26T09:15:37","modified_gmt":"2026-04-26T09:15:37","slug":"znackovy-sroubovak-s2-s4x100-mm-magneticky-hrot-rukojet-pp-tpr-element-shop-cz-35701","status":"publish","type":"product","link":"https:\/\/www.koupelnapro.com\/index.php\/produkt\/znackovy-sroubovak-s2-s4x100-mm-magneticky-hrot-rukojet-pp-tpr-element-shop-cz-35701\/","title":{"rendered":"Zna\u010dkov\u00fd \u0160roubov\u00e1k S2 S4\u00d7100 mm, magnetick\u00fd hrot, rukoje\u0165 PP\/TPR | element-shop.cz"},"content":{"rendered":"<div class=\"basic-description\">\n<h3>Detailn\u00ed popis produktu<\/h3>\n<div id='pobo-all-content' data-pobo-content='product' data-pobo-config='{\"product_id\":3882289,\"value_lang\":\"default\",\"enable_marketplace\":false}'>\n<div id=\"pobo-standard-widget\">\n<div data-pobo-widget-id='5'>\n<div class=\"widget-projector\">\n<div class=\"empty\"> Kvalitn\u00ed profesion\u00e1ln\u00ed \u0161roubov\u00e1k s <span class=\"show-tooltip\" title=\"Plastyn\u011bkdy tak\u00e9 naz\u00fdvan\u00e9 plastick\u00e9 \u010di um\u011bl\u00e9 hmoty, p\u0159edstavuj\u00ed \u0161irokou \u0161k\u00e1lu syntetick\u00fdch nebo \u010d\u00e1ste\u010dn\u011b syntetick\u00fdch organick\u00fdch slou\u010denin a polymern\u00edch materi\u00e1l\u016f. \u010casto obsahuj\u00ed p\u0159\u00edsady zlep\u0161uj\u00edc\u00ed jejich funk\u010dn\u00ed vlastnosti, nap\u0159\u00edklad&amp;hellip;\">plastovou<\/span> pogumovanou rukojet\u00ed. \u0160roubov\u00e1k m\u00e1 <span class=\"show-tooltip\" title=\"Kovy&amp;nbsp;tvo\u0159\u00ed spole\u010dn\u011b s&amp;nbsp;polokovy&amp;nbsp;a&amp;nbsp;nekovy&amp;nbsp;t\u0159i hlavn\u00ed skupiny&amp;nbsp;chemick\u00fdch prvk\u016f. Rozd\u011blen\u00ed je prov\u00e1d\u011bno s ohledem na&amp;nbsp;vazebn\u00e9&amp;nbsp;a&amp;nbsp;ioniza\u010dn\u00ed&amp;nbsp;vlastnosti prvk\u016f. Kovy jsou charakterizovan\u00e9&amp;hellip;\">kovov\u00fd<\/span> d\u0159\u00edk vyroben z velmi kvalitn\u00ed legovan\u00e9 <span class=\"show-tooltip\" title=\"Ocel je slitina \u017eeleza s mal\u00fdm obsahem uhl\u00edku a dal\u0161\u00edmi p\u0159\u00edm\u011bsemi. Je to jeden z nejb\u011b\u017en\u011bji pou\u017e\u00edvan\u00fdch materi\u00e1l\u016f v pr\u016fmyslu a&amp;nbsp;stavebnictv\u00ed d\u00edky sv\u00fdm vlastnostem, kter\u00e9 zahrnuj\u00ed pevnost, tv\u00e1rnost a odolnost.&amp;nbsp;Z\u00e1kladn\u00ed slo\u017ekou&amp;hellip;\">oceli<\/span> S2 a je opat\u0159en kalen\u00fdm, magnetick\u00fdm hrotem, povrchov\u011b chr\u00e1n\u011bn\u00fdm tvrdochromem. Ergonomick\u00e1 rukoje\u0165, kter\u00e1 je vyroben\u00e1 z kombinace polypropylenu a <span class=\"show-tooltip\" title=\"Pry\u017e, zn\u00e1m\u00e1 t\u00e9\u017e jako guma, je elastick\u00fd polymern\u00ed materi\u00e1l, kter\u00fd se z\u00edsk\u00e1v\u00e1 z latexu n\u011bkter\u00fdch rostlin nebo synteticky vyr\u00e1b\u011bn\u00fd.&amp;nbsp;Latexov\u00e1 pry\u017e je p\u0159irozen\u00fd materi\u00e1l z\u00edsk\u00e1van\u00fd z latexu strom\u016f, zejm\u00e9na kau\u010dukovn\u00edk\u016f. Syntetick\u00e1 pry\u017e je vytv\u00e1\u0159ena&amp;hellip;\">pry\u017ee<\/span>, zaru\u010duje dobr\u00e9 antiskluzov\u00e9 vlastnosti. Tato kombinace m\u00e1 z\u00e1rove\u0148 dobrou odolnost v\u016f\u010di mazadl\u016fm a chemik\u00e1li\u00edm. Rozm\u011br \u0161roubov\u00e1ku: PL 4 mm ( ploch\u00fd ) <span class=\"show-tooltip\" title=\"D\u00e9lka&amp;nbsp;je jedna ze z\u00e1kladn\u00edch&amp;nbsp;fyzik\u00e1ln\u00edch veli\u010din. Pomoc\u00ed d\u00e9lky se vyjad\u0159uje vz\u00e1jemn\u00e1 poloha a rozprostran\u011bnost objekt\u016f v prostoru. D\u00e9lka jako fyzik\u00e1ln\u00ed veli\u010dina vych\u00e1z\u00ed z geometrick\u00e9ho pojmu&amp;nbsp;d\u00e9lky&amp;nbsp;jako&amp;nbsp;m\u00edry&amp;nbsp;ohrani\u010den\u00e9&amp;hellip;\">D\u00e9lka<\/span> d\u0159\u00edku: 100 mm Celkov\u00e1 d\u00e9lka: 185 mm <span class=\"show-tooltip\" title=\"Hmotnost&amp;nbsp;je d\u016fle\u017eit\u00e1 fyzik\u00e1ln\u00ed veli\u010dina, aditivn\u00ed vlastnost&amp;nbsp;hmoty&amp;nbsp;(tedy vlastnost jednotliv\u00fdch hmotn\u00fdch&amp;nbsp;t\u011bles), kter\u00e1 vyjad\u0159uje m\u00edru&amp;nbsp;setrva\u010dn\u00fdch&amp;nbsp;\u00fa\u010dink\u016f \u010di m\u00edru&amp;nbsp;gravita\u010dn\u00edch&amp;nbsp;\u00fa\u010dink\u016f hmoty. Ekvivalence setrva\u010dn\u00fdch&amp;hellip;\">Hmotnost<\/span>: 36 g Materi\u00e1l: ocel S2 <\/div>\n<\/p><\/div>\n<\/div>\n<\/div>\n<div id=\"pobo-share-widget\">\n<div data-pobo-widget-id='19'><\/div>\n<div data-pobo-widget-id='19'><\/div>\n<div class=\"widget-projector\">\n<div class=\"rc-advantages-four\">\n<div class=\"rc-advantages-four__item\">\n<div class=\"rc-advantages-four__ico-container\">  <\/div>\n<div class=\"rc-advantages-four__info\">\n<h2 class=\"rc-advantages-four__info-header\"> V\u0161e na jednom m\u00edst\u011b <\/h2>\n<\/p><\/div>\n<p> <span class=\"rc-advantages-four__info-text\"> Snadno u n\u00e1s koup\u00edte v\u00edce ne\u017e 23 000 vybran\u00fdch produkt\u016f od \u010desk\u00fdch i sv\u011btov\u00fdch v\u00fdrobc\u016f. Sortiment pokr\u00fdv\u00e1 pot\u0159eby dom\u00e1cnost\u00ed, kutil\u016f, firem, v\u00fdrobc\u016f a p\u0159es 80 obor\u016f pr\u016fmyslu <\/span> <\/div>\n<div class=\"rc-advantages-four__item\">\n<div class=\"rc-advantages-four__ico-container\">  <\/div>\n<div class=\"rc-advantages-four__info\">\n<h2 class=\"rc-advantages-four__info-header\"> Spolehliv\u00fd obchod Produkty, kter\u00e9 funguj\u00ed\u00a0 <\/h2>\n<p> <span class=\"rc-advantages-four__info-text\"> Spokojen\u00fd z\u00e1kazn\u00edk d\u011bl\u00e1 spokojen\u00e9ho prodejce. Tak\u00e9 proto testujeme funk\u010dnost nab\u00edzen\u00fdch produkt\u016f, abyste se na n\u011b mohli kdykoliv spolehnout a jejich ceny\u00a0neust\u00e1le dr\u017e\u00edme na p\u0159\u00edzniv\u00e9 \u00farovni. <\/span> <\/div>\n<\/p><\/div>\n<div class=\"rc-advantages-four__item\">\n<div class=\"rc-advantages-four__ico-container\">  <\/div>\n<div class=\"rc-advantages-four__info\">\n<h2 class=\"rc-advantages-four__info-header\"> 99,9% objedn\u00e1vek doru\u010deno bez po\u0161kozen\u00ed <\/h2>\n<p> <span class=\"rc-advantages-four__info-text\"> Objednan\u00e9 produkty ji\u017e pat\u0159\u00ed v\u00e1m. Proto je bal\u00edme s rozmyslem a pe\u010dliv\u011b, abyste do rukou dostali v\u0161e v bezvadn\u00e9m stavu. Zku\u0161en\u011b zabezpe\u010d\u00edme ka\u017ed\u00fd kus v z\u00e1silce, tak\u017ee zbo\u017e\u00ed cestuje jako v pe\u0159ince. <\/span> <\/div>\n<\/p><\/div>\n<div class=\"rc-advantages-four__item\">\n<div class=\"rc-advantages-four__ico-container\">  <\/div>\n<div class=\"rc-advantages-four__info\">\n<h2 class=\"rc-advantages-four__info-header\"> 90% zbo\u017e\u00ed odes\u00edl\u00e1me\u00a0 do 24 hodin <\/h2>\n<p> <span class=\"rc-advantages-four__info-text\"> Velk\u00e9 mno\u017estv\u00ed zbo\u017e\u00ed m\u00e1me dostupn\u00e9 skladem nebo do druh\u00e9ho dne, tak\u017ee jsme schopni v\u011bt\u0161inu objedn\u00e1vek vy\u0159\u00eddit prakticky obratem. <\/span> <\/div>\n<\/p><\/div>\n<\/p><\/div>\n<\/p><\/div>\n<div class=\"widget-projector\">\n<div class=\"rc-advantages-four\">\n<div class=\"rc-advantages-four__item\">\n<div class=\"rc-advantages-four__ico-container\">  <\/div>\n<div class=\"rc-advantages-four__info\">\n<h2 class=\"rc-advantages-four__info-header\"> Doprava zdarma <\/h2>\n<\/p><\/div>\n<p> <span class=\"rc-advantages-four__info-text\"> Objedn\u00e1vky nad 3000,- K\u010d pro z\u00e1silky standardn\u00edch parametr\u016f <\/span> <\/div>\n<div class=\"rc-advantages-four__item\">\n<div class=\"rc-advantages-four__ico-container\">  <\/div>\n<div class=\"rc-advantages-four__info\">\n<h2 class=\"rc-advantages-four__info-header\"> Zp\u016fsob doru\u010den\u00ed si zvolte sami <\/h2>\n<p> <span class=\"rc-advantages-four__info-text\"> Nab\u00edz\u00edme dopravu a\u017e ke dve\u0159\u00edm a tak\u00e9 variantu s mo\u017en\u00fdm osobn\u00edm odb\u011brem v tis\u00edc\u00edch odb\u011brn\u00fdch m\u00edstech v \u010cR a SR. <\/span> <\/div>\n<\/p><\/div>\n<div class=\"rc-advantages-four__item\">\n<div class=\"rc-advantages-four__ico-container\">  <\/div>\n<div class=\"rc-advantages-four__info\">\n<h2 class=\"rc-advantages-four__info-header\"> Z\u00e1kaznick\u00fd servis <\/h2>\n<p> <span class=\"rc-advantages-four__info-text\"> Pokud m\u00e1te dotaz, nebojte se zavolat nebo napsat.\u00a0R\u00e1di V\u00e1m porad\u00edme a pom\u016f\u017eeme s v\u00fdb\u011brem zbo\u017e\u00ed.\u00a0Dob\u0159e zn\u00e1me to, co prod\u00e1v\u00e1me. <\/span> <\/div>\n<\/p><\/div>\n<div class=\"rc-advantages-four__item\">\n<div class=\"rc-advantages-four__ico-container\">  <\/div>\n<div class=\"rc-advantages-four__info\">\n<h2 class=\"rc-advantages-four__info-header\"> 14 dn\u016f na vr\u00e1cen\u00ed <\/h2>\n<p> <span class=\"rc-advantages-four__info-text\"> Pokud se V\u00e1m v\u00fdrobek nebude l\u00edbit nebo nebude spl\u0148ovat o\u010dek\u00e1v\u00e1n\u00ed, m\u016f\u017eete jej vr\u00e1tit do 14 dn\u016f od zakoupen\u00ed.\u00a0 <\/span> <\/div>\n<\/p><\/div>\n<\/p><\/div>\n<\/p><\/div>\n<\/div>\n<\/div><\/div>\n","protected":false},"excerpt":{"rendered":"<p>Detailn\u00ed popis produktu Kvalitn\u00ed profesion\u00e1ln\u00ed \u0161roubov\u00e1k s plastovou pogumovanou rukojet\u00ed. \u0160roubov\u00e1k m\u00e1 kovov\u00fd d\u0159\u00edk vyroben z velmi kvalitn\u00ed legovan\u00e9 oceli S2 a je opat\u0159en kalen\u00fdm, magnetick\u00fdm hrotem, povrchov\u011b chr\u00e1n\u011bn\u00fdm tvrdochromem. Ergonomick\u00e1 rukoje\u0165, kter\u00e1 je vyroben\u00e1 z kombinace polypropylenu a pry\u017ee, zaru\u010duje dobr\u00e9 antiskluzov\u00e9 vlastnosti. Tato kombinace m\u00e1 z\u00e1rove\u0148 dobrou odolnost v\u016f\u010di mazadl\u016fm a chemik\u00e1li\u00edm. Rozm\u011br [&hellip;]<\/p>\n","protected":false},"featured_media":35801,"comment_status":"open","ping_status":"open","template":"","meta":[],"product_brand":[],"product_cat":[60],"product_tag":[],"class_list":{"0":"post-35701","1":"product","2":"type-product","3":"status-publish","4":"has-post-thumbnail","6":"product_cat-naradi","8":"first","9":"instock","10":"sale","11":"shipping-taxable","12":"purchasable","13":"product-type-simple"},"yoast_head":"<!-- This site is optimized with the Yoast SEO plugin v26.8 - https:\/\/yoast.com\/product\/yoast-seo-wordpress\/ -->\n<title>Zna\u010dkov\u00fd \u0160roubov\u00e1k S2 S4\u00d7100 mm, magnetick\u00fd hrot, rukoje\u0165 PP\/TPR | element-shop.cz -<\/title>\n<meta name=\"robots\" content=\"index, follow, max-snippet:-1, max-image-preview:large, max-video-preview:-1\" \/>\n<link rel=\"canonical\" href=\"https:\/\/www.koupelnapro.com\/index.php\/produkt\/znackovy-sroubovak-s2-s4x100-mm-magneticky-hrot-rukojet-pp-tpr-element-shop-cz-35701\/\" \/>\n<meta property=\"og:locale\" content=\"cs_CZ\" \/>\n<meta property=\"og:type\" content=\"article\" \/>\n<meta property=\"og:title\" content=\"Zna\u010dkov\u00fd \u0160roubov\u00e1k S2 S4\u00d7100 mm, magnetick\u00fd hrot, rukoje\u0165 PP\/TPR | element-shop.cz -\" \/>\n<meta property=\"og:description\" content=\"Detailn\u00ed popis produktu Kvalitn\u00ed profesion\u00e1ln\u00ed \u0161roubov\u00e1k s plastovou pogumovanou rukojet\u00ed. \u0160roubov\u00e1k m\u00e1 kovov\u00fd d\u0159\u00edk vyroben z velmi kvalitn\u00ed legovan\u00e9 oceli S2 a je opat\u0159en kalen\u00fdm, magnetick\u00fdm hrotem, povrchov\u011b chr\u00e1n\u011bn\u00fdm tvrdochromem. Ergonomick\u00e1 rukoje\u0165, kter\u00e1 je vyroben\u00e1 z kombinace polypropylenu a pry\u017ee, zaru\u010duje dobr\u00e9 antiskluzov\u00e9 vlastnosti. Tato kombinace m\u00e1 z\u00e1rove\u0148 dobrou odolnost v\u016f\u010di mazadl\u016fm a chemik\u00e1li\u00edm. Rozm\u011br [&hellip;]\" \/>\n<meta property=\"og:url\" content=\"https:\/\/www.koupelnapro.com\/index.php\/produkt\/znackovy-sroubovak-s2-s4x100-mm-magneticky-hrot-rukojet-pp-tpr-element-shop-cz-35701\/\" \/>\n<meta property=\"og:image\" content=\"https:\/\/www.koupelnapro.com\/wp-content\/uploads\/2026\/SK0003893-CZ20260425-092522-0-1777080324-95841-2_rewrite-83986-18114.webp\" \/>\n\t<meta property=\"og:image:width\" content=\"1000\" \/>\n\t<meta property=\"og:image:height\" content=\"750\" \/>\n\t<meta property=\"og:image:type\" content=\"image\/webp\" \/>\n<meta name=\"twitter:card\" content=\"summary_large_image\" \/>\n<meta name=\"twitter:label1\" content=\"Odhadovan\u00e1 doba \u010dten\u00ed\" \/>\n\t<meta name=\"twitter:data1\" content=\"2 minuty\" \/>\n<script type=\"application\/ld+json\" class=\"yoast-schema-graph\">{\"@context\":\"https:\/\/schema.org\",\"@graph\":[{\"@type\":\"WebPage\",\"@id\":\"https:\/\/www.koupelnapro.com\/index.php\/produkt\/znackovy-sroubovak-s2-s4x100-mm-magneticky-hrot-rukojet-pp-tpr-element-shop-cz-35701\/\",\"url\":\"https:\/\/www.koupelnapro.com\/index.php\/produkt\/znackovy-sroubovak-s2-s4x100-mm-magneticky-hrot-rukojet-pp-tpr-element-shop-cz-35701\/\",\"name\":\"Zna\u010dkov\u00fd \u0160roubov\u00e1k S2 S4\u00d7100 mm, magnetick\u00fd hrot, rukoje\u0165 PP\/TPR | element-shop.cz -\",\"isPartOf\":{\"@id\":\"https:\/\/www.koupelnapro.com\/#website\"},\"primaryImageOfPage\":{\"@id\":\"https:\/\/www.koupelnapro.com\/index.php\/produkt\/znackovy-sroubovak-s2-s4x100-mm-magneticky-hrot-rukojet-pp-tpr-element-shop-cz-35701\/#primaryimage\"},\"image\":{\"@id\":\"https:\/\/www.koupelnapro.com\/index.php\/produkt\/znackovy-sroubovak-s2-s4x100-mm-magneticky-hrot-rukojet-pp-tpr-element-shop-cz-35701\/#primaryimage\"},\"thumbnailUrl\":\"https:\/\/www.koupelnapro.com\/wp-content\/uploads\/2026\/SK0003893-CZ20260425-092522-0-1777080324-95841-2_rewrite-83986-18114.webp\",\"datePublished\":\"2026-04-26T09:15:37+00:00\",\"breadcrumb\":{\"@id\":\"https:\/\/www.koupelnapro.com\/index.php\/produkt\/znackovy-sroubovak-s2-s4x100-mm-magneticky-hrot-rukojet-pp-tpr-element-shop-cz-35701\/#breadcrumb\"},\"inLanguage\":\"cs\",\"potentialAction\":[{\"@type\":\"ReadAction\",\"target\":[\"https:\/\/www.koupelnapro.com\/index.php\/produkt\/znackovy-sroubovak-s2-s4x100-mm-magneticky-hrot-rukojet-pp-tpr-element-shop-cz-35701\/\"]}]},{\"@type\":\"ImageObject\",\"inLanguage\":\"cs\",\"@id\":\"https:\/\/www.koupelnapro.com\/index.php\/produkt\/znackovy-sroubovak-s2-s4x100-mm-magneticky-hrot-rukojet-pp-tpr-element-shop-cz-35701\/#primaryimage\",\"url\":\"https:\/\/www.koupelnapro.com\/wp-content\/uploads\/2026\/SK0003893-CZ20260425-092522-0-1777080324-95841-2_rewrite-83986-18114.webp\",\"contentUrl\":\"https:\/\/www.koupelnapro.com\/wp-content\/uploads\/2026\/SK0003893-CZ20260425-092522-0-1777080324-95841-2_rewrite-83986-18114.webp\",\"width\":1000,\"height\":750},{\"@type\":\"BreadcrumbList\",\"@id\":\"https:\/\/www.koupelnapro.com\/index.php\/produkt\/znackovy-sroubovak-s2-s4x100-mm-magneticky-hrot-rukojet-pp-tpr-element-shop-cz-35701\/#breadcrumb\",\"itemListElement\":[{\"@type\":\"ListItem\",\"position\":1,\"name\":\"Home\",\"item\":\"https:\/\/www.koupelnapro.com\/\"},{\"@type\":\"ListItem\",\"position\":2,\"name\":\"Products\",\"item\":\"https:\/\/www.koupelnapro.com\/index.php\/products\/\"},{\"@type\":\"ListItem\",\"position\":3,\"name\":\"Zna\u010dkov\u00fd \u0160roubov\u00e1k S2 S4\u00d7100 mm, magnetick\u00fd hrot, rukoje\u0165 PP\/TPR | element-shop.cz\"}]},{\"@type\":\"WebSite\",\"@id\":\"https:\/\/www.koupelnapro.com\/#website\",\"url\":\"https:\/\/www.koupelnapro.com\/\",\"name\":\"\",\"description\":\"\",\"potentialAction\":[{\"@type\":\"SearchAction\",\"target\":{\"@type\":\"EntryPoint\",\"urlTemplate\":\"https:\/\/www.koupelnapro.com\/?s={search_term_string}\"},\"query-input\":{\"@type\":\"PropertyValueSpecification\",\"valueRequired\":true,\"valueName\":\"search_term_string\"}}],\"inLanguage\":\"cs\"}]}<\/script>\n<!-- \/ Yoast SEO plugin. -->","yoast_head_json":{"title":"Zna\u010dkov\u00fd \u0160roubov\u00e1k S2 S4\u00d7100 mm, magnetick\u00fd hrot, rukoje\u0165 PP\/TPR | element-shop.cz -","robots":{"index":"index","follow":"follow","max-snippet":"max-snippet:-1","max-image-preview":"max-image-preview:large","max-video-preview":"max-video-preview:-1"},"canonical":"https:\/\/www.koupelnapro.com\/index.php\/produkt\/znackovy-sroubovak-s2-s4x100-mm-magneticky-hrot-rukojet-pp-tpr-element-shop-cz-35701\/","og_locale":"cs_CZ","og_type":"article","og_title":"Zna\u010dkov\u00fd \u0160roubov\u00e1k S2 S4\u00d7100 mm, magnetick\u00fd hrot, rukoje\u0165 PP\/TPR | element-shop.cz -","og_description":"Detailn\u00ed popis produktu Kvalitn\u00ed profesion\u00e1ln\u00ed \u0161roubov\u00e1k s plastovou pogumovanou rukojet\u00ed. \u0160roubov\u00e1k m\u00e1 kovov\u00fd d\u0159\u00edk vyroben z velmi kvalitn\u00ed legovan\u00e9 oceli S2 a je opat\u0159en kalen\u00fdm, magnetick\u00fdm hrotem, povrchov\u011b chr\u00e1n\u011bn\u00fdm tvrdochromem. Ergonomick\u00e1 rukoje\u0165, kter\u00e1 je vyroben\u00e1 z kombinace polypropylenu a pry\u017ee, zaru\u010duje dobr\u00e9 antiskluzov\u00e9 vlastnosti. Tato kombinace m\u00e1 z\u00e1rove\u0148 dobrou odolnost v\u016f\u010di mazadl\u016fm a chemik\u00e1li\u00edm. Rozm\u011br [&hellip;]","og_url":"https:\/\/www.koupelnapro.com\/index.php\/produkt\/znackovy-sroubovak-s2-s4x100-mm-magneticky-hrot-rukojet-pp-tpr-element-shop-cz-35701\/","og_image":[{"width":1000,"height":750,"url":"https:\/\/www.koupelnapro.com\/wp-content\/uploads\/2026\/SK0003893-CZ20260425-092522-0-1777080324-95841-2_rewrite-83986-18114.webp","type":"image\/webp"}],"twitter_card":"summary_large_image","twitter_misc":{"Odhadovan\u00e1 doba \u010dten\u00ed":"2 minuty"},"schema":{"@context":"https:\/\/schema.org","@graph":[{"@type":"WebPage","@id":"https:\/\/www.koupelnapro.com\/index.php\/produkt\/znackovy-sroubovak-s2-s4x100-mm-magneticky-hrot-rukojet-pp-tpr-element-shop-cz-35701\/","url":"https:\/\/www.koupelnapro.com\/index.php\/produkt\/znackovy-sroubovak-s2-s4x100-mm-magneticky-hrot-rukojet-pp-tpr-element-shop-cz-35701\/","name":"Zna\u010dkov\u00fd \u0160roubov\u00e1k S2 S4\u00d7100 mm, magnetick\u00fd hrot, rukoje\u0165 PP\/TPR | element-shop.cz -","isPartOf":{"@id":"https:\/\/www.koupelnapro.com\/#website"},"primaryImageOfPage":{"@id":"https:\/\/www.koupelnapro.com\/index.php\/produkt\/znackovy-sroubovak-s2-s4x100-mm-magneticky-hrot-rukojet-pp-tpr-element-shop-cz-35701\/#primaryimage"},"image":{"@id":"https:\/\/www.koupelnapro.com\/index.php\/produkt\/znackovy-sroubovak-s2-s4x100-mm-magneticky-hrot-rukojet-pp-tpr-element-shop-cz-35701\/#primaryimage"},"thumbnailUrl":"https:\/\/www.koupelnapro.com\/wp-content\/uploads\/2026\/SK0003893-CZ20260425-092522-0-1777080324-95841-2_rewrite-83986-18114.webp","datePublished":"2026-04-26T09:15:37+00:00","breadcrumb":{"@id":"https:\/\/www.koupelnapro.com\/index.php\/produkt\/znackovy-sroubovak-s2-s4x100-mm-magneticky-hrot-rukojet-pp-tpr-element-shop-cz-35701\/#breadcrumb"},"inLanguage":"cs","potentialAction":[{"@type":"ReadAction","target":["https:\/\/www.koupelnapro.com\/index.php\/produkt\/znackovy-sroubovak-s2-s4x100-mm-magneticky-hrot-rukojet-pp-tpr-element-shop-cz-35701\/"]}]},{"@type":"ImageObject","inLanguage":"cs","@id":"https:\/\/www.koupelnapro.com\/index.php\/produkt\/znackovy-sroubovak-s2-s4x100-mm-magneticky-hrot-rukojet-pp-tpr-element-shop-cz-35701\/#primaryimage","url":"https:\/\/www.koupelnapro.com\/wp-content\/uploads\/2026\/SK0003893-CZ20260425-092522-0-1777080324-95841-2_rewrite-83986-18114.webp","contentUrl":"https:\/\/www.koupelnapro.com\/wp-content\/uploads\/2026\/SK0003893-CZ20260425-092522-0-1777080324-95841-2_rewrite-83986-18114.webp","width":1000,"height":750},{"@type":"BreadcrumbList","@id":"https:\/\/www.koupelnapro.com\/index.php\/produkt\/znackovy-sroubovak-s2-s4x100-mm-magneticky-hrot-rukojet-pp-tpr-element-shop-cz-35701\/#breadcrumb","itemListElement":[{"@type":"ListItem","position":1,"name":"Home","item":"https:\/\/www.koupelnapro.com\/"},{"@type":"ListItem","position":2,"name":"Products","item":"https:\/\/www.koupelnapro.com\/index.php\/products\/"},{"@type":"ListItem","position":3,"name":"Zna\u010dkov\u00fd \u0160roubov\u00e1k S2 S4\u00d7100 mm, magnetick\u00fd hrot, rukoje\u0165 PP\/TPR | element-shop.cz"}]},{"@type":"WebSite","@id":"https:\/\/www.koupelnapro.com\/#website","url":"https:\/\/www.koupelnapro.com\/","name":"","description":"","potentialAction":[{"@type":"SearchAction","target":{"@type":"EntryPoint","urlTemplate":"https:\/\/www.koupelnapro.com\/?s={search_term_string}"},"query-input":{"@type":"PropertyValueSpecification","valueRequired":true,"valueName":"search_term_string"}}],"inLanguage":"cs"}]}},"_links":{"self":[{"href":"https:\/\/www.koupelnapro.com\/index.php\/wp-json\/wp\/v2\/product\/35701","targetHints":{"allow":["GET"]}}],"collection":[{"href":"https:\/\/www.koupelnapro.com\/index.php\/wp-json\/wp\/v2\/product"}],"about":[{"href":"https:\/\/www.koupelnapro.com\/index.php\/wp-json\/wp\/v2\/types\/product"}],"replies":[{"embeddable":true,"href":"https:\/\/www.koupelnapro.com\/index.php\/wp-json\/wp\/v2\/comments?post=35701"}],"wp:featuredmedia":[{"embeddable":true,"href":"https:\/\/www.koupelnapro.com\/index.php\/wp-json\/wp\/v2\/media\/35801"}],"wp:attachment":[{"href":"https:\/\/www.koupelnapro.com\/index.php\/wp-json\/wp\/v2\/media?parent=35701"}],"wp:term":[{"taxonomy":"product_brand","embeddable":true,"href":"https:\/\/www.koupelnapro.com\/index.php\/wp-json\/wp\/v2\/product_brand?post=35701"},{"taxonomy":"product_cat","embeddable":true,"href":"https:\/\/www.koupelnapro.com\/index.php\/wp-json\/wp\/v2\/product_cat?post=35701"},{"taxonomy":"product_tag","embeddable":true,"href":"https:\/\/www.koupelnapro.com\/index.php\/wp-json\/wp\/v2\/product_tag?post=35701"}],"curies":[{"name":"wp","href":"https:\/\/api.w.org\/{rel}","templated":true}]}}