{"id":3558,"date":"2026-04-26T09:13:08","date_gmt":"2026-04-26T09:13:08","guid":{"rendered":""},"modified":"2026-04-26T09:13:08","modified_gmt":"2026-04-26T09:13:08","slug":"jen-po-omezenou-doba-soler-amp-palau-htb-150-rc-ip44-ventilator-stropni-kulickova-loziska-s-regulatorem-otacek-3558","status":"publish","type":"product","link":"https:\/\/www.koupelnapro.com\/index.php\/produkt\/jen-po-omezenou-doba-soler-amp-palau-htb-150-rc-ip44-ventilator-stropni-kulickova-loziska-s-regulatorem-otacek-3558\/","title":{"rendered":"Jen Po Omezenou Doba Soler&amp;Palau HTB-150 RC IP44 ventil\u00e1tor stropn\u00ed &#8211; kuli\u010dkov\u00e1 lo\u017eiska s regul\u00e1torem ot\u00e1\u010dek"},"content":{"rendered":"<div id=\"e9201525\" class=\"pages\">\n<div id=\"PDDescription\" class=\"UserContentView userContent v1a v1 bs-view dcon dc150 PDDescription\" >\n<h2><span style=\"color: #008080;\">Soler&amp;Palau HTB-150 RC IP44 ventil\u00e1tor stropn\u00ed &#8211; kuli\u010dkov\u00e1 lo\u017eiska s regul\u00e1torem ot\u00e1\u010dek<\/span><\/h2>\n<p>\u00a0<\/p>\n<div id=\"zalozka_1a\" class=\"zalozka_on\" style=\"background: url('nadpisbg.gif') repeat-x top #ffffff; padding: 3px 0px 20px; text-align: left; color: #000000; text-transform: none; text-indent: 0px; letter-spacing: normal; font-family: Arial; font-size: 12px; font-style: normal; font-weight: 400; word-spacing: 0px; display: block; white-space: normal; orphans: 2; widows: 2; font-variant-ligatures: normal; font-variant-caps: normal; -webkit-text-stroke-width: 0px; text-decoration-style: initial; text-decoration-color: initial;\">\u00a0\u00a0<\/p>\n<table class=\"datatable\" style=\"width: 694px; font-size: 11px; border-collapse: collapse;\">\n<colgroup>\n<col width=\"20%\">\n<col width=\"20%\">\n<col width=\"20%\">\n<col width=\"20%\">\n<col width=\"20%\"><\/colgroup>\n<tbody>\n<tr>\n<th class=\"center\" style=\"padding: 5px; text-align: right; color: white; font-weight: bold; background-color: #999999;\" valign=\"top\" width=\"20%\">\u00d8 A<\/th>\n<th class=\"center\" style=\"padding: 5px; text-align: right; color: white; font-weight: bold; background-color: #999999;\" valign=\"top\" width=\"20%\">\u00d8 B<\/th>\n<th class=\"center\" style=\"padding: 5px; text-align: right; color: white; font-weight: bold; background-color: #999999;\" valign=\"top\" width=\"20%\">C<\/th>\n<th class=\"center\" style=\"padding: 5px; text-align: right; color: white; font-weight: bold; background-color: #999999;\" valign=\"top\" width=\"20%\">D<\/th>\n<th class=\"center\" style=\"padding: 5px; text-align: right; color: white; font-weight: bold; background-color: #999999;\" valign=\"top\" width=\"20%\">\u00d8 E<\/th>\n<\/tr>\n<tr>\n<td class=\"center\" style=\"padding: 5px; text-align: right; background-color: #f3f3f3;\" width=\"20%\">1405<\/td>\n<td class=\"center\" style=\"padding: 5px; text-align: right; background-color: #f3f3f3;\" width=\"20%\">195<\/td>\n<td class=\"center\" style=\"padding: 5px; text-align: right; background-color: #f3f3f3;\" width=\"20%\">410<\/td>\n<td class=\"center\" style=\"padding: 5px; text-align: right; background-color: #f3f3f3;\" width=\"20%\">210<\/td>\n<td class=\"center\" style=\"padding: 5px; text-align: right; background-color: #f3f3f3;\" width=\"20%\">143<\/td>\n<\/tr>\n<\/tbody>\n<\/table>\n<\/div>\n<div id=\"zalozka_2a\" class=\"zalozka_on\" style=\"background: url('nadpisbg.gif') repeat-x top #ffffff; padding: 3px 0px 20px; text-align: left; color: #000000; text-transform: none; text-indent: 0px; letter-spacing: normal; font-family: Arial; font-size: 12px; font-style: normal; font-weight: 400; word-spacing: 0px; display: block; white-space: normal; orphans: 2; widows: 2; font-variant-ligatures: normal; font-variant-caps: normal; -webkit-text-stroke-width: 0px; text-decoration-style: initial; text-decoration-color: initial;\"><strong style=\"font-size: 12px; font-weight: bold;\">Technick\u00e9 parametry<\/strong><\/p>\n<table class=\"datatable\" style=\"width: 694px; font-size: 11px; border-collapse: collapse;\">\n<colgroup>\n<col width=\"11%\">\n<col width=\"11%\">\n<col width=\"11%\">\n<col width=\"11%\">\n<col width=\"11%\">\n<col width=\"11%\">\n<col width=\"11%\">\n<col width=\"11%\">\n<col width=\"11%\"><\/colgroup>\n<tbody>\n<tr>\n<th style=\"padding: 5px; text-align: right; color: white; font-weight: bold; background-color: #999999;\" valign=\"top\" width=\"11%\">ot\u00e1\u010dky<br \/><span style=\"font-weight: normal;\">[min-1]<\/span><\/th>\n<th style=\"padding: 5px; text-align: right; color: white; font-weight: bold; background-color: #999999;\" valign=\"top\" width=\"11%\">pr\u016ftok<br \/><span style=\"font-weight: normal;\">[m3\/h]<\/span><\/th>\n<th style=\"padding: 5px; text-align: right; color: white; font-weight: bold; background-color: #999999;\" valign=\"top\" width=\"11%\">v\u00fdkon<br \/><span style=\"font-weight: normal;\">[W]<\/span><\/th>\n<th style=\"padding: 5px; text-align: right; color: white; font-weight: bold; background-color: #999999;\" valign=\"top\" width=\"11%\">nap\u011bt\u00ed<br \/><span style=\"font-weight: normal;\">[V]<\/span><\/th>\n<th style=\"padding: 5px; text-align: right; color: white; font-weight: bold; background-color: #999999;\" valign=\"top\" width=\"11%\">proud<br \/><span style=\"font-weight: normal;\">[A]<\/span><\/th>\n<th style=\"padding: 5px; text-align: right; color: white; font-weight: bold; background-color: #999999;\" valign=\"top\" width=\"11%\">teplota<br \/><span style=\"font-weight: normal;\">[\u00b0C]<\/span><\/th>\n<th style=\"padding: 5px; text-align: right; color: white; font-weight: bold; background-color: #999999;\" valign=\"top\" width=\"11%\">akustick\u00fd v\u00fdkon<br \/><span style=\"font-weight: normal;\">[dB(A)]<\/span><\/th>\n<th style=\"padding: 5px; text-align: right; color: white; font-weight: bold; background-color: #999999;\" valign=\"top\" width=\"11%\">hmotnost<br \/><span style=\"font-weight: normal;\">[kg]<\/span><\/th>\n<th style=\"padding: 5px; text-align: right; color: white; font-weight: bold; background-color: #999999;\" valign=\"top\" width=\"11%\">regul\u00e1tor<\/th>\n<\/tr>\n<tr>\n<td style=\"padding: 5px; text-align: right; background-color: #f3f3f3;\" width=\"11%\">240\/190\/130<\/td>\n<td style=\"padding: 5px; text-align: right; background-color: #f3f3f3;\" width=\"11%\">10000\/7900\/5420<\/td>\n<td style=\"padding: 5px; text-align: right; background-color: #f3f3f3;\" width=\"11%\">65<\/td>\n<td style=\"padding: 5px; text-align: right; background-color: #f3f3f3;\" width=\"11%\">230<\/td>\n<td style=\"padding: 5px; text-align: right; background-color: #f3f3f3;\" width=\"11%\">0,30<\/td>\n<td style=\"padding: 5px; text-align: right; background-color: #f3f3f3;\" width=\"11%\">40<\/td>\n<td style=\"padding: 5px; text-align: right; background-color: #f3f3f3;\" width=\"11%\">53<\/td>\n<td style=\"padding: 5px; text-align: right; background-color: #f3f3f3;\" width=\"11%\">8,2<\/td>\n<td style=\"padding: 5px; text-align: right; background-color: #f3f3f3;\" width=\"11%\">sou\u010d\u00e1st dod\u00e1vky<\/td>\n<\/tr>\n<\/tbody>\n<\/table>\n<\/div>\n<table class=\"nopadding\" style=\"padding: 0px; text-align: left; color: #000000; text-transform: none; text-indent: 0px; letter-spacing: normal; font-family: Arial; font-size: 12px; font-style: normal; font-weight: 400; word-spacing: 0px; white-space: normal; orphans: 2; widows: 2; background-color: #ffffff; font-variant-ligatures: normal; font-variant-caps: normal; -webkit-text-stroke-width: 0px; text-decoration-style: initial; text-decoration-color: initial;\">\n<tbody>\n<tr>\n<td style=\"padding: 0px;\" valign=\"top\">\u00a0<\/td>\n<td style=\"padding: 0px;\" width=\"7\">\u00a0<\/td>\n<td style=\"padding: 0px;\" valign=\"top\"><strong>Ob\u011b\u017en\u00e9 kolo<\/strong><br \/>Ob\u011b\u017en\u00e9 kolo je axi\u00e1ln\u00ed, vylisovan\u00e9 z ocelov\u00e9ho plechu. M\u00e1 t\u0159i v\u00fdkonov\u011b optimalizovan\u00e9 lopatky. Povrchov\u00e1 \u00faprava epoxidov\u00fdm lakem.<\/td>\n<\/tr>\n<tr>\n<td style=\"padding: 0px;\" colspan=\"3\" height=\"5\">\u00a0<\/td>\n<\/tr>\n<tr>\n<td style=\"padding: 0px;\" valign=\"top\">\u00a0<\/td>\n<td style=\"padding: 0px;\" width=\"7\">\u00a0<\/td>\n<td style=\"padding: 0px;\" valign=\"top\"><strong>Motor<\/strong><br \/>Motor je asynchronn\u00ed s kotvou nakr\u00e1tko, s velk\u00fdm po\u010dtem p\u00f3l\u016f pro dosa\u017een\u00ed pot\u0159ebn\u00fdch ot\u00e1\u010dek. Je ur\u010den pro trval\u00fd provoz. Maxim\u00e1ln\u00ed provozn\u00ed teplota okol\u00ed je 40 \u00b0C. Motor m\u00e1 kuli\u010dkov\u00e1 uzav\u0159en\u00e1 lo\u017eiska s tukovou n\u00e1pln\u00ed na dobu \u017eivotnosti. Motor m\u00e1 ochranu proti p\u0159et\u00ed\u017een\u00ed vestav\u011bnou ve vinut\u00ed. Kryt\u00ed IP44, t\u0159\u00edda izolace B.<\/td>\n<\/tr>\n<tr>\n<td style=\"padding: 0px;\" colspan=\"3\" height=\"5\">\u00a0<\/td>\n<\/tr>\n<tr>\n<td style=\"padding: 0px;\" valign=\"top\">\u00a0<\/td>\n<td style=\"padding: 0px;\" width=\"7\">\u00a0<\/td>\n<td style=\"padding: 0px;\" valign=\"top\"><strong>Svorkovnice<\/strong><br \/>Svorkovnice je p\u0159\u00edstupn\u00e1 po sejmut\u00ed kabelov\u00e9ho krytu, kter\u00fd se posune po z\u00e1v\u011bsn\u00e9 ty\u010di. P\u0159ipojen\u00ed je kabelem pod om\u00edtkou nebo po om\u00edtce. Svorkovnice obsahuje odleh\u010dovac\u00ed sponu proti vytr\u017een\u00ed kabelu.<\/td>\n<\/tr>\n<tr>\n<td style=\"padding: 0px;\" colspan=\"3\" height=\"5\">\u00a0<\/td>\n<\/tr>\n<tr>\n<td style=\"padding: 0px;\" valign=\"top\">\u00a0<\/td>\n<td style=\"padding: 0px;\" width=\"7\">\u00a0<\/td>\n<td style=\"padding: 0px;\" valign=\"top\"><strong>Regulace ot\u00e1\u010dek<\/strong><br \/>T\u0159\u00edstup\u0148ov\u00e1 regulace pomoc\u00ed regul\u00e1toru, kter\u00fd je sou\u010d\u00e1st\u00ed dod\u00e1vky. Mo\u017enost zm\u011bny sm\u011bru ot\u00e1\u010den\u00ed pomoc\u00ed speci\u00e1ln\u00edho p\u0159ep\u00edna\u010de. Jako voliteln\u00e9 p\u0159\u00edslu\u0161enstv\u00ed je k dispozici tak\u00e9 bezdr\u00e1tov\u00e9 ovl\u00e1d\u00e1n\u00ed.<\/td>\n<\/tr>\n<tr>\n<td style=\"padding: 0px;\" colspan=\"3\" height=\"5\">\u00a0<\/td>\n<\/tr>\n<tr>\n<td style=\"padding: 0px;\" valign=\"top\">\u00a0<\/td>\n<td style=\"padding: 0px;\" width=\"7\">\u00a0<\/td>\n<td style=\"padding: 0px;\" valign=\"top\"><strong>Mont\u00e1\u017e<\/strong><br \/>Mont\u00e1\u017e se prov\u00e1d\u00ed zav\u011b\u0161en\u00edm na strop nebo na jinou konstrukci. Z\u00e1v\u011bsn\u00e9 za\u0159\u00edzen\u00ed je nutno dostate\u010dn\u011b dimenzovat, jak z hlediska statick\u00e9ho, tak i p\u0159\u00edpadn\u00e9ho dynamick\u00e9ho zat\u00ed\u017een\u00ed. Spodn\u00ed hrana ventil\u00e1toru mus\u00ed b\u00fdt um\u00edst\u011bna tak vysoko, aby nemohlo doj\u00edt k ohro\u017een\u00ed osob v bl\u00edzkosti ot\u00e1\u010dej\u00edc\u00edho se ob\u011b\u017en\u00e9ho kola. Minim\u00e1ln\u00ed doporu\u010den\u00e1 vzd\u00e1lenost od podlahy je 2,5 m. P\u0159i mont\u00e1\u017ei v\u00edce ventil\u00e1tor\u016f se nesm\u00ed zam\u011bnit listy ob\u011b\u017en\u00e9ho kola jednotliv\u00fdch ventil\u00e1tor\u016f. Listy jsou vyv\u00e1\u017eeny pro ka\u017ed\u00fd p\u0159\u00edstroj zvl\u00e1\u0161\u0165.<\/td>\n<\/tr>\n<tr>\n<td style=\"padding: 0px;\" colspan=\"3\" height=\"5\">\u00a0<\/td>\n<\/tr>\n<tr>\n<td style=\"padding: 0px;\" valign=\"top\">\u00a0<\/td>\n<td style=\"padding: 0px;\" width=\"7\">\u00a0<\/td>\n<td style=\"padding: 0px;\" valign=\"top\"><strong>P\u0159\u00edslu\u0161enstv\u00ed<\/strong><br \/>\u2022 regul\u00e1tor ot\u00e1\u010dek v dod\u00e1vce\u00a0<br \/>\u2022 HTB RC KIT bezdr\u00e1tov\u00fd ovlada\u010d s nastaviteln\u00fdm dob\u011bhem 1\/3\/6 hodin\u00a0<br \/>\u2022 HIG\/HYG prostorov\u00e9 hygrostaty (K 8.2)\u00a0<br \/>\u2022 RTR 6721 prostorov\u00fd termostat (K 8.2)<\/td>\n<\/tr>\n<tr>\n<td style=\"padding: 0px;\" colspan=\"3\" height=\"5\">\u00a0<\/td>\n<\/tr>\n<tr>\n<td style=\"padding: 0px;\" valign=\"top\">\u00a0<\/td>\n<td style=\"padding: 0px;\" width=\"7\">\u00a0<\/td>\n<td style=\"padding: 0px;\" valign=\"top\"><strong>Pokyny<\/strong><br \/>Ventil\u00e1tory jsou vhodn\u00e9 pro svoji robustn\u00ed konstrukci zejm\u00e9na pro prov\u011btr\u00e1v\u00e1n\u00ed rozlehlej\u0161\u00edch prostor, jako jsou nap\u0159\u00edklad pr\u016fmyslov\u00e9 haly, hostince, hotely, sportovn\u00ed haly, kancel\u00e1\u0159e, knihovny, studovny a odletov\u00e9 haly. Trval\u00fdm prov\u011btr\u00e1v\u00e1n\u00edm vysok\u00fdch prostor se zna\u010dnou teplotn\u00ed diferenc\u00ed mezi podlahou a stropem lze v zimn\u00edm obdob\u00ed dos\u00e1hnout prostorov\u00e9ho vyrovn\u00e1n\u00ed teploty a t\u00edm podstatn\u00e9ho sn\u00ed\u017een\u00ed energetick\u00e9 n\u00e1ro\u010dnosti a topn\u00fdch n\u00e1klad\u016f. V t\u011bchto p\u0159\u00edpadech lze s v\u00fdhodou pou\u017e\u00edt diferenci\u00e1ln\u00ed termostaty s dv\u011bma \u010didly, kter\u00e9 p\u0159i nastaven\u00e9m rozd\u00edlu teploty sepnou ventil\u00e1tor, kter\u00fd prom\u00edch\u00e1 tepl\u00e1 a studen\u00e1 p\u00e1sma vzduchu.<\/td>\n<\/tr>\n<tr>\n<td style=\"padding: 0px;\" colspan=\"3\" height=\"5\">\u00a0<\/td>\n<\/tr>\n<tr>\n<td style=\"padding: 0px;\" valign=\"top\">\u00a0<\/td>\n<td style=\"padding: 0px;\" width=\"7\">\u00a0<\/td>\n<td style=\"padding: 0px;\" valign=\"top\"><strong>Upozorn\u011bn\u00ed<\/strong><br \/>Ukotven\u00ed ventil\u00e1toru je t\u0159eba pravideln\u011b kontrolovat. Perioda kontrol mus\u00ed b\u00fdt stanovena provozn\u00edm p\u0159edpisem u u\u017eivatele.<\/td>\n<\/tr>\n<\/tbody>\n<\/table>\n<p>\u00a0<\/p>\n<p>\u00a0<\/p>\n<div id=\"PDTable3\" class=\"ProductDetailTableView v3a v3 bs-view dcon dc175 PDTable3\" >\n<table>\n<thead><\/thead>\n<tbody>\n<tr class=\"attribute attr_bsshop_maker\">\n<td class=\"caption\">V\u00fdrobce<\/td>\n<td class=\"value\">Elektrodesign<\/td>\n<\/tr>\n<\/tbody>\n<\/table><\/div>\n<\/div>\n<\/div>\n<div id=\"e9201526\" class=\"tabs\">\n","protected":false},"excerpt":{"rendered":"<p>Soler&amp;Palau HTB-150 RC IP44 ventil\u00e1tor stropn\u00ed &#8211; kuli\u010dkov\u00e1 lo\u017eiska s regul\u00e1torem ot\u00e1\u010dek \u00a0 \u00a0\u00a0 \u00d8 A \u00d8 B C D \u00d8 E 1405 195 410 210 143 Technick\u00e9 parametry ot\u00e1\u010dky[min-1] pr\u016ftok[m3\/h] v\u00fdkon[W] nap\u011bt\u00ed[V] proud[A] teplota[\u00b0C] akustick\u00fd v\u00fdkon[dB(A)] hmotnost[kg] regul\u00e1tor 240\/190\/130 10000\/7900\/5420 65 230 0,30 40 53 8,2 sou\u010d\u00e1st dod\u00e1vky \u00a0 \u00a0 Ob\u011b\u017en\u00e9 koloOb\u011b\u017en\u00e9 kolo je [&hellip;]<\/p>\n","protected":false},"featured_media":3658,"comment_status":"open","ping_status":"open","template":"","meta":[],"product_brand":[],"product_cat":[42],"product_tag":[],"class_list":{"0":"post-3558","1":"product","2":"type-product","3":"status-publish","4":"has-post-thumbnail","6":"product_cat-ventil-225-tory","8":"first","9":"instock","10":"sale","11":"shipping-taxable","12":"purchasable","13":"product-type-simple"},"yoast_head":"<!-- This site is optimized with the Yoast SEO plugin v26.8 - https:\/\/yoast.com\/product\/yoast-seo-wordpress\/ -->\n<title>Jen Po Omezenou Doba Soler&amp;Palau HTB-150 RC IP44 ventil\u00e1tor stropn\u00ed - kuli\u010dkov\u00e1 lo\u017eiska s regul\u00e1torem ot\u00e1\u010dek -<\/title>\n<meta name=\"robots\" content=\"index, follow, max-snippet:-1, max-image-preview:large, max-video-preview:-1\" \/>\n<link rel=\"canonical\" href=\"https:\/\/www.koupelnapro.com\/index.php\/produkt\/jen-po-omezenou-doba-soler-amp-palau-htb-150-rc-ip44-ventilator-stropni-kulickova-loziska-s-regulatorem-otacek-3558\/\" \/>\n<meta property=\"og:locale\" content=\"cs_CZ\" \/>\n<meta property=\"og:type\" content=\"article\" \/>\n<meta property=\"og:title\" content=\"Jen Po Omezenou Doba Soler&amp;Palau HTB-150 RC IP44 ventil\u00e1tor stropn\u00ed - kuli\u010dkov\u00e1 lo\u017eiska s regul\u00e1torem ot\u00e1\u010dek -\" \/>\n<meta property=\"og:description\" content=\"Soler&amp;Palau HTB-150 RC IP44 ventil\u00e1tor stropn\u00ed &#8211; kuli\u010dkov\u00e1 lo\u017eiska s regul\u00e1torem ot\u00e1\u010dek \u00a0 \u00a0\u00a0 \u00d8 A \u00d8 B C D \u00d8 E 1405 195 410 210 143 Technick\u00e9 parametry ot\u00e1\u010dky[min-1] pr\u016ftok[m3\/h] v\u00fdkon[W] nap\u011bt\u00ed[V] proud[A] teplota[\u00b0C] akustick\u00fd v\u00fdkon[dB(A)] hmotnost[kg] regul\u00e1tor 240\/190\/130 10000\/7900\/5420 65 230 0,30 40 53 8,2 sou\u010d\u00e1st dod\u00e1vky \u00a0 \u00a0 Ob\u011b\u017en\u00e9 koloOb\u011b\u017en\u00e9 kolo je [&hellip;]\" \/>\n<meta property=\"og:url\" content=\"https:\/\/www.koupelnapro.com\/index.php\/produkt\/jen-po-omezenou-doba-soler-amp-palau-htb-150-rc-ip44-ventilator-stropni-kulickova-loziska-s-regulatorem-otacek-3558\/\" \/>\n<meta property=\"og:image\" content=\"https:\/\/www.koupelnapro.com\/wp-content\/uploads\/2026\/SK0003631-CZ20260425-091623-0-1777079785-soler-palau-htb-150-rc-ip44-ventilator-stropni-kulickova-lo.webp\" \/>\n\t<meta property=\"og:image:width\" content=\"1000\" \/>\n\t<meta property=\"og:image:height\" content=\"525\" \/>\n\t<meta property=\"og:image:type\" content=\"image\/webp\" \/>\n<meta name=\"twitter:card\" content=\"summary_large_image\" \/>\n<meta name=\"twitter:label1\" content=\"Odhadovan\u00e1 doba \u010dten\u00ed\" \/>\n\t<meta name=\"twitter:data1\" content=\"3 minuty\" \/>\n<script type=\"application\/ld+json\" class=\"yoast-schema-graph\">{\"@context\":\"https:\/\/schema.org\",\"@graph\":[{\"@type\":\"WebPage\",\"@id\":\"https:\/\/www.koupelnapro.com\/index.php\/produkt\/jen-po-omezenou-doba-soler-amp-palau-htb-150-rc-ip44-ventilator-stropni-kulickova-loziska-s-regulatorem-otacek-3558\/\",\"url\":\"https:\/\/www.koupelnapro.com\/index.php\/produkt\/jen-po-omezenou-doba-soler-amp-palau-htb-150-rc-ip44-ventilator-stropni-kulickova-loziska-s-regulatorem-otacek-3558\/\",\"name\":\"Jen Po Omezenou Doba Soler&amp;Palau HTB-150 RC IP44 ventil\u00e1tor stropn\u00ed - kuli\u010dkov\u00e1 lo\u017eiska s regul\u00e1torem ot\u00e1\u010dek -\",\"isPartOf\":{\"@id\":\"https:\/\/www.koupelnapro.com\/#website\"},\"primaryImageOfPage\":{\"@id\":\"https:\/\/www.koupelnapro.com\/index.php\/produkt\/jen-po-omezenou-doba-soler-amp-palau-htb-150-rc-ip44-ventilator-stropni-kulickova-loziska-s-regulatorem-otacek-3558\/#primaryimage\"},\"image\":{\"@id\":\"https:\/\/www.koupelnapro.com\/index.php\/produkt\/jen-po-omezenou-doba-soler-amp-palau-htb-150-rc-ip44-ventilator-stropni-kulickova-loziska-s-regulatorem-otacek-3558\/#primaryimage\"},\"thumbnailUrl\":\"https:\/\/www.koupelnapro.com\/wp-content\/uploads\/2026\/SK0003631-CZ20260425-091623-0-1777079785-soler-palau-htb-150-rc-ip44-ventilator-stropni-kulickova-lo.webp\",\"datePublished\":\"2026-04-26T09:13:08+00:00\",\"breadcrumb\":{\"@id\":\"https:\/\/www.koupelnapro.com\/index.php\/produkt\/jen-po-omezenou-doba-soler-amp-palau-htb-150-rc-ip44-ventilator-stropni-kulickova-loziska-s-regulatorem-otacek-3558\/#breadcrumb\"},\"inLanguage\":\"cs\",\"potentialAction\":[{\"@type\":\"ReadAction\",\"target\":[\"https:\/\/www.koupelnapro.com\/index.php\/produkt\/jen-po-omezenou-doba-soler-amp-palau-htb-150-rc-ip44-ventilator-stropni-kulickova-loziska-s-regulatorem-otacek-3558\/\"]}]},{\"@type\":\"ImageObject\",\"inLanguage\":\"cs\",\"@id\":\"https:\/\/www.koupelnapro.com\/index.php\/produkt\/jen-po-omezenou-doba-soler-amp-palau-htb-150-rc-ip44-ventilator-stropni-kulickova-loziska-s-regulatorem-otacek-3558\/#primaryimage\",\"url\":\"https:\/\/www.koupelnapro.com\/wp-content\/uploads\/2026\/SK0003631-CZ20260425-091623-0-1777079785-soler-palau-htb-150-rc-ip44-ventilator-stropni-kulickova-lo.webp\",\"contentUrl\":\"https:\/\/www.koupelnapro.com\/wp-content\/uploads\/2026\/SK0003631-CZ20260425-091623-0-1777079785-soler-palau-htb-150-rc-ip44-ventilator-stropni-kulickova-lo.webp\",\"width\":1000,\"height\":525},{\"@type\":\"BreadcrumbList\",\"@id\":\"https:\/\/www.koupelnapro.com\/index.php\/produkt\/jen-po-omezenou-doba-soler-amp-palau-htb-150-rc-ip44-ventilator-stropni-kulickova-loziska-s-regulatorem-otacek-3558\/#breadcrumb\",\"itemListElement\":[{\"@type\":\"ListItem\",\"position\":1,\"name\":\"Home\",\"item\":\"https:\/\/www.koupelnapro.com\/\"},{\"@type\":\"ListItem\",\"position\":2,\"name\":\"Products\",\"item\":\"https:\/\/www.koupelnapro.com\/index.php\/products\/\"},{\"@type\":\"ListItem\",\"position\":3,\"name\":\"Jen Po Omezenou Doba Soler&amp;Palau HTB-150 RC IP44 ventil\u00e1tor stropn\u00ed &#8211; kuli\u010dkov\u00e1 lo\u017eiska s regul\u00e1torem ot\u00e1\u010dek\"}]},{\"@type\":\"WebSite\",\"@id\":\"https:\/\/www.koupelnapro.com\/#website\",\"url\":\"https:\/\/www.koupelnapro.com\/\",\"name\":\"\",\"description\":\"\",\"potentialAction\":[{\"@type\":\"SearchAction\",\"target\":{\"@type\":\"EntryPoint\",\"urlTemplate\":\"https:\/\/www.koupelnapro.com\/?s={search_term_string}\"},\"query-input\":{\"@type\":\"PropertyValueSpecification\",\"valueRequired\":true,\"valueName\":\"search_term_string\"}}],\"inLanguage\":\"cs\"}]}<\/script>\n<!-- \/ Yoast SEO plugin. -->","yoast_head_json":{"title":"Jen Po Omezenou Doba Soler&amp;Palau HTB-150 RC IP44 ventil\u00e1tor stropn\u00ed - kuli\u010dkov\u00e1 lo\u017eiska s regul\u00e1torem ot\u00e1\u010dek -","robots":{"index":"index","follow":"follow","max-snippet":"max-snippet:-1","max-image-preview":"max-image-preview:large","max-video-preview":"max-video-preview:-1"},"canonical":"https:\/\/www.koupelnapro.com\/index.php\/produkt\/jen-po-omezenou-doba-soler-amp-palau-htb-150-rc-ip44-ventilator-stropni-kulickova-loziska-s-regulatorem-otacek-3558\/","og_locale":"cs_CZ","og_type":"article","og_title":"Jen Po Omezenou Doba Soler&amp;Palau HTB-150 RC IP44 ventil\u00e1tor stropn\u00ed - kuli\u010dkov\u00e1 lo\u017eiska s regul\u00e1torem ot\u00e1\u010dek -","og_description":"Soler&amp;Palau HTB-150 RC IP44 ventil\u00e1tor stropn\u00ed &#8211; kuli\u010dkov\u00e1 lo\u017eiska s regul\u00e1torem ot\u00e1\u010dek \u00a0 \u00a0\u00a0 \u00d8 A \u00d8 B C D \u00d8 E 1405 195 410 210 143 Technick\u00e9 parametry ot\u00e1\u010dky[min-1] pr\u016ftok[m3\/h] v\u00fdkon[W] nap\u011bt\u00ed[V] proud[A] teplota[\u00b0C] akustick\u00fd v\u00fdkon[dB(A)] hmotnost[kg] regul\u00e1tor 240\/190\/130 10000\/7900\/5420 65 230 0,30 40 53 8,2 sou\u010d\u00e1st dod\u00e1vky \u00a0 \u00a0 Ob\u011b\u017en\u00e9 koloOb\u011b\u017en\u00e9 kolo je [&hellip;]","og_url":"https:\/\/www.koupelnapro.com\/index.php\/produkt\/jen-po-omezenou-doba-soler-amp-palau-htb-150-rc-ip44-ventilator-stropni-kulickova-loziska-s-regulatorem-otacek-3558\/","og_image":[{"width":1000,"height":525,"url":"https:\/\/www.koupelnapro.com\/wp-content\/uploads\/2026\/SK0003631-CZ20260425-091623-0-1777079785-soler-palau-htb-150-rc-ip44-ventilator-stropni-kulickova-lo.webp","type":"image\/webp"}],"twitter_card":"summary_large_image","twitter_misc":{"Odhadovan\u00e1 doba \u010dten\u00ed":"3 minuty"},"schema":{"@context":"https:\/\/schema.org","@graph":[{"@type":"WebPage","@id":"https:\/\/www.koupelnapro.com\/index.php\/produkt\/jen-po-omezenou-doba-soler-amp-palau-htb-150-rc-ip44-ventilator-stropni-kulickova-loziska-s-regulatorem-otacek-3558\/","url":"https:\/\/www.koupelnapro.com\/index.php\/produkt\/jen-po-omezenou-doba-soler-amp-palau-htb-150-rc-ip44-ventilator-stropni-kulickova-loziska-s-regulatorem-otacek-3558\/","name":"Jen Po Omezenou Doba Soler&amp;Palau HTB-150 RC IP44 ventil\u00e1tor stropn\u00ed - kuli\u010dkov\u00e1 lo\u017eiska s regul\u00e1torem ot\u00e1\u010dek -","isPartOf":{"@id":"https:\/\/www.koupelnapro.com\/#website"},"primaryImageOfPage":{"@id":"https:\/\/www.koupelnapro.com\/index.php\/produkt\/jen-po-omezenou-doba-soler-amp-palau-htb-150-rc-ip44-ventilator-stropni-kulickova-loziska-s-regulatorem-otacek-3558\/#primaryimage"},"image":{"@id":"https:\/\/www.koupelnapro.com\/index.php\/produkt\/jen-po-omezenou-doba-soler-amp-palau-htb-150-rc-ip44-ventilator-stropni-kulickova-loziska-s-regulatorem-otacek-3558\/#primaryimage"},"thumbnailUrl":"https:\/\/www.koupelnapro.com\/wp-content\/uploads\/2026\/SK0003631-CZ20260425-091623-0-1777079785-soler-palau-htb-150-rc-ip44-ventilator-stropni-kulickova-lo.webp","datePublished":"2026-04-26T09:13:08+00:00","breadcrumb":{"@id":"https:\/\/www.koupelnapro.com\/index.php\/produkt\/jen-po-omezenou-doba-soler-amp-palau-htb-150-rc-ip44-ventilator-stropni-kulickova-loziska-s-regulatorem-otacek-3558\/#breadcrumb"},"inLanguage":"cs","potentialAction":[{"@type":"ReadAction","target":["https:\/\/www.koupelnapro.com\/index.php\/produkt\/jen-po-omezenou-doba-soler-amp-palau-htb-150-rc-ip44-ventilator-stropni-kulickova-loziska-s-regulatorem-otacek-3558\/"]}]},{"@type":"ImageObject","inLanguage":"cs","@id":"https:\/\/www.koupelnapro.com\/index.php\/produkt\/jen-po-omezenou-doba-soler-amp-palau-htb-150-rc-ip44-ventilator-stropni-kulickova-loziska-s-regulatorem-otacek-3558\/#primaryimage","url":"https:\/\/www.koupelnapro.com\/wp-content\/uploads\/2026\/SK0003631-CZ20260425-091623-0-1777079785-soler-palau-htb-150-rc-ip44-ventilator-stropni-kulickova-lo.webp","contentUrl":"https:\/\/www.koupelnapro.com\/wp-content\/uploads\/2026\/SK0003631-CZ20260425-091623-0-1777079785-soler-palau-htb-150-rc-ip44-ventilator-stropni-kulickova-lo.webp","width":1000,"height":525},{"@type":"BreadcrumbList","@id":"https:\/\/www.koupelnapro.com\/index.php\/produkt\/jen-po-omezenou-doba-soler-amp-palau-htb-150-rc-ip44-ventilator-stropni-kulickova-loziska-s-regulatorem-otacek-3558\/#breadcrumb","itemListElement":[{"@type":"ListItem","position":1,"name":"Home","item":"https:\/\/www.koupelnapro.com\/"},{"@type":"ListItem","position":2,"name":"Products","item":"https:\/\/www.koupelnapro.com\/index.php\/products\/"},{"@type":"ListItem","position":3,"name":"Jen Po Omezenou Doba Soler&amp;Palau HTB-150 RC IP44 ventil\u00e1tor stropn\u00ed &#8211; kuli\u010dkov\u00e1 lo\u017eiska s regul\u00e1torem ot\u00e1\u010dek"}]},{"@type":"WebSite","@id":"https:\/\/www.koupelnapro.com\/#website","url":"https:\/\/www.koupelnapro.com\/","name":"","description":"","potentialAction":[{"@type":"SearchAction","target":{"@type":"EntryPoint","urlTemplate":"https:\/\/www.koupelnapro.com\/?s={search_term_string}"},"query-input":{"@type":"PropertyValueSpecification","valueRequired":true,"valueName":"search_term_string"}}],"inLanguage":"cs"}]}},"_links":{"self":[{"href":"https:\/\/www.koupelnapro.com\/index.php\/wp-json\/wp\/v2\/product\/3558","targetHints":{"allow":["GET"]}}],"collection":[{"href":"https:\/\/www.koupelnapro.com\/index.php\/wp-json\/wp\/v2\/product"}],"about":[{"href":"https:\/\/www.koupelnapro.com\/index.php\/wp-json\/wp\/v2\/types\/product"}],"replies":[{"embeddable":true,"href":"https:\/\/www.koupelnapro.com\/index.php\/wp-json\/wp\/v2\/comments?post=3558"}],"wp:featuredmedia":[{"embeddable":true,"href":"https:\/\/www.koupelnapro.com\/index.php\/wp-json\/wp\/v2\/media\/3658"}],"wp:attachment":[{"href":"https:\/\/www.koupelnapro.com\/index.php\/wp-json\/wp\/v2\/media?parent=3558"}],"wp:term":[{"taxonomy":"product_brand","embeddable":true,"href":"https:\/\/www.koupelnapro.com\/index.php\/wp-json\/wp\/v2\/product_brand?post=3558"},{"taxonomy":"product_cat","embeddable":true,"href":"https:\/\/www.koupelnapro.com\/index.php\/wp-json\/wp\/v2\/product_cat?post=3558"},{"taxonomy":"product_tag","embeddable":true,"href":"https:\/\/www.koupelnapro.com\/index.php\/wp-json\/wp\/v2\/product_tag?post=3558"}],"curies":[{"name":"wp","href":"https:\/\/api.w.org\/{rel}","templated":true}]}}