{"id":3554,"date":"2026-04-26T09:13:08","date_gmt":"2026-04-26T09:13:08","guid":{"rendered":""},"modified":"2026-04-26T09:13:08","modified_gmt":"2026-04-26T09:13:08","slug":"soler-amp-palau-hcfb-4-315h-ip65-prumyslovy-ventilator-kulickova-loziska-dokud-zasoby-vydrzi-3554","status":"publish","type":"product","link":"https:\/\/www.koupelnapro.com\/index.php\/produkt\/soler-amp-palau-hcfb-4-315h-ip65-prumyslovy-ventilator-kulickova-loziska-dokud-zasoby-vydrzi-3554\/","title":{"rendered":"Soler&amp;Palau HCFB\/4-315H IP65 Pr\u016fmyslov\u00fd ventil\u00e1tor &#8211; kuli\u010dkov\u00e1 lo\u017eiska Dokud Z\u00e1soby Vydr\u017e\u00ed"},"content":{"rendered":"<div id=\"e9200893\" class=\"pages\">\n<div id=\"PDDescription\" class=\"UserContentView userContent v1a v1 bs-view dcon dc150 PDDescription\" >\n<h2><span style=\"color: #008080;\">Soler&amp;Palau HCFB\/4-315H IP65 Pr\u016fmyslov\u00fd ventil\u00e1tor &#8211; kuli\u010dkov\u00e1 lo\u017eiska<\/span><\/h2>\n<div id=\"zalozka_1a\" class=\"zalozka_on\" style=\"background: url('http:\/\/www.elektrodesign.cz\/web\/data-1\/_tpl1\/nadpisbg.gif') repeat-x 50% 0% #ffffff; font: 12px\/normal Arial; padding: 3px 0px 20px; text-align: left; color: #000000; text-transform: none; text-indent: 0px; letter-spacing: normal; word-spacing: 0px; display: block; white-space: normal; widows: 1; -webkit-text-stroke-width: 0px;\">\n<p style=\"margin: 0cm 0cm 10pt;\">\u00a0<\/p>\n<\/div>\n<h2>\u00a0<\/h2>\n<table class=\"datatable\" style=\"width: 694px; font-size: 11px; border-collapse: collapse;\">\n<colgroup>\n<col width=\"11%\">\n<col width=\"11%\">\n<col width=\"11%\">\n<col width=\"11%\">\n<col width=\"11%\">\n<col width=\"11%\">\n<col width=\"11%\">\n<col width=\"11%\">\n<col width=\"11%\"><\/colgroup>\n<tbody>\n<tr>\n<th style=\"padding: 5px; text-align: right; color: white; font-weight: bold; background-color: #999999;\" valign=\"top\" width=\"11%\">Ot\u00e1\u010dky<br \/><span style=\"font-weight: normal;\">[m-1]<\/span><\/th>\n<th style=\"padding: 5px; text-align: right; color: white; font-weight: bold; background-color: #999999;\" valign=\"top\" width=\"11%\">Pr\u016ftok (0 Pa)<br \/><span style=\"font-weight: normal;\">[m3\/h]<\/span><\/th>\n<th style=\"padding: 5px; text-align: right; color: white; font-weight: bold; background-color: #999999;\" valign=\"top\" width=\"11%\">V\u00fdkon<br \/><span style=\"font-weight: normal;\">[W]<\/span><\/th>\n<th style=\"padding: 5px; text-align: right; color: white; font-weight: bold; background-color: #999999;\" valign=\"top\" width=\"11%\">Nap\u011bt\u00ed<br \/><span style=\"font-weight: normal;\">[V]<\/span><\/th>\n<th style=\"padding: 5px; text-align: right; color: white; font-weight: bold; background-color: #999999;\" valign=\"top\" width=\"11%\">Proud<br \/><span style=\"font-weight: normal;\">[A]<\/span><\/th>\n<th style=\"padding: 5px; text-align: right; color: white; font-weight: bold; background-color: #999999;\" valign=\"top\" width=\"11%\">Max. teplota<br \/><span style=\"font-weight: normal;\">[\u00b0C]<\/span><\/th>\n<th style=\"padding: 5px; text-align: right; color: white; font-weight: bold; background-color: #999999;\" valign=\"top\" width=\"11%\">Akustick\u00fd tlak<br \/><span style=\"font-weight: normal;\">[dB(A)]<\/span><\/th>\n<th style=\"padding: 5px; text-align: right; color: white; font-weight: bold; background-color: #999999;\" valign=\"top\" width=\"11%\">Hmotnost<br \/><span style=\"font-weight: normal;\">[kg]<\/span><\/th>\n<th style=\"padding: 5px; text-align: right; color: white; font-weight: bold; background-color: #999999;\" valign=\"top\" width=\"11%\">Regul\u00e1tor<\/th>\n<\/tr>\n<tr>\n<td style=\"padding: 5px; text-align: right; background-color: #f3f3f3;\" width=\"11%\">1340<\/td>\n<td style=\"padding: 5px; text-align: right; background-color: #f3f3f3;\" width=\"11%\">2220<\/td>\n<td style=\"padding: 5px; text-align: right; background-color: #f3f3f3;\" width=\"11%\">125<\/td>\n<td style=\"padding: 5px; text-align: right; background-color: #f3f3f3;\" width=\"11%\">230<\/td>\n<td style=\"padding: 5px; text-align: right; background-color: #f3f3f3;\" width=\"11%\">0,6<\/td>\n<td style=\"padding: 5px; text-align: right; background-color: #f3f3f3;\" width=\"11%\">70<\/td>\n<td style=\"padding: 5px; text-align: right; background-color: #f3f3f3;\" width=\"11%\">55<\/td>\n<td style=\"padding: 5px; text-align: right; background-color: #f3f3f3;\" width=\"11%\">7<\/td>\n<td style=\"padding: 5px; text-align: right; background-color: #f3f3f3;\" width=\"11%\">REB 1; REV 1,5<\/td>\n<\/tr>\n<\/tbody>\n<\/table>\n<table class=\"nopadding\" style=\"font: 12px\/normal Arial; padding: 0px; text-align: left; color: #000000; text-transform: none; text-indent: 0px; letter-spacing: normal; word-spacing: 0px; white-space: normal; widows: 1; background-color: #ffffff; -webkit-text-stroke-width: 0px;\">\n<tbody>\n<tr>\n<td style=\"padding: 0px;\" valign=\"top\">\u00a0<\/td>\n<td style=\"padding: 0px;\" width=\"7\">\u00a0<\/td>\n<td style=\"padding: 0px;\" valign=\"top\"><strong>Sk\u0159\u00ed\u0148<\/strong><br \/>Sk\u0159\u00ed\u0148 je z ocelov\u00e9ho plechu, opat\u0159en\u00e9ho \u010dern\u00fdm epoxidov\u00fdm lakem, mont\u00e1\u017en\u00ed konzole a \u0161rouby jsou galvanicky pokoveny.<span class=\"Apple-converted-space\">\u00a0<\/span><\/td>\n<\/tr>\n<tr>\n<td style=\"padding: 0px;\" colspan=\"3\" height=\"5\">\u00a0<\/td>\n<\/tr>\n<tr>\n<td style=\"padding: 0px;\" valign=\"top\">\u00a0<\/td>\n<td style=\"padding: 0px;\" width=\"7\">\u00a0<\/td>\n<td style=\"padding: 0px;\" valign=\"top\"><strong>Ob\u011b\u017en\u00e9 kolo<\/strong><br \/>Ob\u011b\u017en\u00e9 kolo je vyrobeno z termoplastu vyztu\u017een\u00e9ho skeln\u00fdm vl\u00e1knem, na p\u0159\u00e1n\u00ed lze dodat ob\u011b\u017en\u00e9 kolo ze slitiny Al. Ob\u011b\u017en\u00e9 kolo je staticky a dynamicky vyv\u00e1\u017eeno, rozsah pracovn\u00edch teplot je v rozmez\u00ed -40 a\u017e +70 \u00b0C. Nato\u010den\u00ed lopatek je standardn\u011b 32\u00b0 nebo 34\u00b0. Nestandardn\u011b je mo\u017eno dodat ob\u011b\u017en\u00e9 kolo s nato\u010den\u00edm lopatek 21\u00b0.<\/td>\n<\/tr>\n<tr>\n<td style=\"padding: 0px;\" colspan=\"3\" height=\"5\">\u00a0<\/td>\n<\/tr>\n<tr>\n<td style=\"padding: 0px;\" valign=\"top\">\u00a0<\/td>\n<td style=\"padding: 0px;\" width=\"7\">\u00a0<\/td>\n<td style=\"padding: 0px;\" valign=\"top\"><strong>Motor<\/strong><br \/>Motor je asynchronn\u00ed s odporovou kotvou, stator s chladic\u00edmi \u017eebry, povrchov\u00e1 \u00faprava \u010dern\u00fdm epoxidov\u00fdm lakem. Motory jsou s\u00e9riov\u011b vybaveny tepelnou ochranou, vinut\u00ed je v tropick\u00e9 \u00faprav\u011b s izolac\u00ed t\u0159\u00eddy F a pracovn\u00ed teplotou -40 a\u017e +70 \u00b0C. Kuli\u010dkov\u00e1 lo\u017eiska maj\u00ed tukovou n\u00e1pl\u0148 na dobu \u017eivotnosti. Kryt\u00ed IP 65.<\/td>\n<\/tr>\n<tr>\n<td style=\"padding: 0px;\" colspan=\"3\" height=\"5\">\u00a0<\/td>\n<\/tr>\n<tr>\n<td style=\"padding: 0px;\" valign=\"top\">\u00a0<\/td>\n<td style=\"padding: 0px;\" width=\"7\">\u00a0<\/td>\n<td style=\"padding: 0px;\" valign=\"top\"><strong>Sm\u011br ot\u00e1\u010den\u00ed<\/strong><br \/>Sm\u011br ot\u00e1\u010den\u00ed je mo\u017eno m\u011bnit u jednof\u00e1zov\u00fdch i t\u0159\u00edf\u00e1zov\u00fdch motor\u016f. Se standardn\u00edm ob\u011b\u017en\u00fdm kolem klesne p\u0159i opa\u010dn\u00e9m smyslu ot\u00e1\u010den\u00ed pr\u016ftok o cca 30%. Je mo\u017eno objednat ob\u011b\u017en\u00e9 kolo pro opa\u010dn\u00fd sm\u011br ot\u00e1\u010den\u00ed. U n\u00e1st\u011bnn\u00e9ho proveden\u00ed je standardn\u011b pr\u016ftok vzdu\u0161niny od motoru k ob\u011b\u017en\u00e9mu kolu.<\/td>\n<\/tr>\n<tr>\n<td style=\"padding: 0px;\" colspan=\"3\" height=\"5\">\u00a0<\/td>\n<\/tr>\n<tr>\n<td style=\"padding: 0px;\" valign=\"top\">\u00a0<\/td>\n<td style=\"padding: 0px;\" width=\"7\">\u00a0<\/td>\n<td style=\"padding: 0px;\" valign=\"top\"><strong>Svorkovnice<\/strong><br \/>Svorkovnice je standardn\u011b z \u010dern\u00e9ho plastu. U jednof\u00e1zov\u00e9ho proveden\u00ed obsahuje tak\u00e9 rozb\u011bhov\u00fd kondenz\u00e1tor. Svorkovnice je um\u00edst\u011bna na motoru (n\u00e1st\u011bnn\u00e9 proveden\u00ed).<\/td>\n<\/tr>\n<tr>\n<td style=\"padding: 0px;\" colspan=\"3\" height=\"5\">\u00a0<\/td>\n<\/tr>\n<tr>\n<td style=\"padding: 0px;\" valign=\"top\">\u00a0<\/td>\n<td style=\"padding: 0px;\" width=\"7\">\u00a0<\/td>\n<td style=\"padding: 0px;\" valign=\"top\"><strong>Regulace ot\u00e1\u010dek<\/strong><br \/>Regulace ot\u00e1\u010dek se prov\u00e1d\u00ed elektronick\u00fdmi nebo transform\u00e1torov\u00fdmi regul\u00e1tory zm\u011bnou nap\u011bt\u00ed nebo frekven\u010dn\u00edmi m\u011bni\u010di.<\/td>\n<\/tr>\n<tr>\n<td style=\"padding: 0px;\" colspan=\"3\" height=\"5\">\u00a0<\/td>\n<\/tr>\n<tr>\n<td style=\"padding: 0px;\" valign=\"top\">\u00a0<\/td>\n<td style=\"padding: 0px;\" width=\"7\">\u00a0<\/td>\n<td style=\"padding: 0px;\" valign=\"top\"><strong>Hluk<\/strong><br \/>Hluk emitovan\u00fd ventil\u00e1torem je uveden v tabulk\u00e1ch, m\u011b\u0159en\u00ed je prov\u00e1d\u011bno ve vzd\u00e1lenosti rovn\u00e9 trojn\u00e1sobku pr\u016fm\u011bru ob\u011b\u017en\u00e9ho kola (minim\u00e1ln\u011b v\u0161ak 1,5 m), na stran\u011b s\u00e1n\u00ed.<\/td>\n<\/tr>\n<tr>\n<td style=\"padding: 0px;\" colspan=\"3\" height=\"5\">\u00a0<\/td>\n<\/tr>\n<tr>\n<td style=\"padding: 0px;\" valign=\"top\">\u00a0<\/td>\n<td style=\"padding: 0px;\" width=\"7\">\u00a0<\/td>\n<td style=\"padding: 0px;\" valign=\"top\"><strong>Mont\u00e1\u017e<\/strong><br \/>Mont\u00e1\u017e ventil\u00e1toru v ka\u017ed\u00e9 poloze osy motoru. Sk\u0159\u00ed\u0148 nesm\u00ed p\u0159en\u00e1\u0161et mechanick\u00e9 nam\u00e1h\u00e1n\u00ed ze stavebn\u00edch konstrukc\u00ed.<\/td>\n<\/tr>\n<\/tbody>\n<\/table>\n<p>\u00a0<\/p>\n<div id=\"PDTable3\" class=\"ProductDetailTableView v3a v3 bs-view dcon dc175 PDTable3\" >\n<table>\n<thead><\/thead>\n<tbody>\n<tr class=\"attribute attr_bsshop_maker\">\n<td class=\"caption\">V\u00fdrobce<\/td>\n<td class=\"value\">Elektrodesign<\/td>\n<\/tr>\n<\/tbody>\n<\/table><\/div>\n<\/div>\n<\/div>\n<div id=\"e9200894\" class=\"tabs\">\n","protected":false},"excerpt":{"rendered":"<p>Soler&amp;Palau HCFB\/4-315H IP65 Pr\u016fmyslov\u00fd ventil\u00e1tor &#8211; kuli\u010dkov\u00e1 lo\u017eiska \u00a0 \u00a0 Ot\u00e1\u010dky[m-1] Pr\u016ftok (0 Pa)[m3\/h] V\u00fdkon[W] Nap\u011bt\u00ed[V] Proud[A] Max. teplota[\u00b0C] Akustick\u00fd tlak[dB(A)] Hmotnost[kg] Regul\u00e1tor 1340 2220 125 230 0,6 70 55 7 REB 1; REV 1,5 \u00a0 \u00a0 Sk\u0159\u00ed\u0148Sk\u0159\u00ed\u0148 je z ocelov\u00e9ho plechu, opat\u0159en\u00e9ho \u010dern\u00fdm epoxidov\u00fdm lakem, mont\u00e1\u017en\u00ed konzole a \u0161rouby jsou galvanicky pokoveny.\u00a0 \u00a0 \u00a0 [&hellip;]<\/p>\n","protected":false},"featured_media":3654,"comment_status":"open","ping_status":"open","template":"","meta":[],"product_brand":[],"product_cat":[42],"product_tag":[],"class_list":{"0":"post-3554","1":"product","2":"type-product","3":"status-publish","4":"has-post-thumbnail","6":"product_cat-ventil-225-tory","8":"first","9":"instock","10":"sale","11":"shipping-taxable","12":"purchasable","13":"product-type-simple"},"yoast_head":"<!-- This site is optimized with the Yoast SEO plugin v26.8 - https:\/\/yoast.com\/product\/yoast-seo-wordpress\/ -->\n<title>Soler&amp;Palau HCFB\/4-315H IP65 Pr\u016fmyslov\u00fd ventil\u00e1tor - kuli\u010dkov\u00e1 lo\u017eiska Dokud Z\u00e1soby Vydr\u017e\u00ed -<\/title>\n<meta name=\"robots\" content=\"index, follow, max-snippet:-1, max-image-preview:large, max-video-preview:-1\" \/>\n<link rel=\"canonical\" href=\"https:\/\/www.koupelnapro.com\/index.php\/produkt\/soler-amp-palau-hcfb-4-315h-ip65-prumyslovy-ventilator-kulickova-loziska-dokud-zasoby-vydrzi-3554\/\" \/>\n<meta property=\"og:locale\" content=\"cs_CZ\" \/>\n<meta property=\"og:type\" content=\"article\" \/>\n<meta property=\"og:title\" content=\"Soler&amp;Palau HCFB\/4-315H IP65 Pr\u016fmyslov\u00fd ventil\u00e1tor - kuli\u010dkov\u00e1 lo\u017eiska Dokud Z\u00e1soby Vydr\u017e\u00ed -\" \/>\n<meta property=\"og:description\" content=\"Soler&amp;Palau HCFB\/4-315H IP65 Pr\u016fmyslov\u00fd ventil\u00e1tor &#8211; kuli\u010dkov\u00e1 lo\u017eiska \u00a0 \u00a0 Ot\u00e1\u010dky[m-1] Pr\u016ftok (0 Pa)[m3\/h] V\u00fdkon[W] Nap\u011bt\u00ed[V] Proud[A] Max. teplota[\u00b0C] Akustick\u00fd tlak[dB(A)] Hmotnost[kg] Regul\u00e1tor 1340 2220 125 230 0,6 70 55 7 REB 1; REV 1,5 \u00a0 \u00a0 Sk\u0159\u00ed\u0148Sk\u0159\u00ed\u0148 je z ocelov\u00e9ho plechu, opat\u0159en\u00e9ho \u010dern\u00fdm epoxidov\u00fdm lakem, mont\u00e1\u017en\u00ed konzole a \u0161rouby jsou galvanicky pokoveny.\u00a0 \u00a0 \u00a0 [&hellip;]\" \/>\n<meta property=\"og:url\" content=\"https:\/\/www.koupelnapro.com\/index.php\/produkt\/soler-amp-palau-hcfb-4-315h-ip65-prumyslovy-ventilator-kulickova-loziska-dokud-zasoby-vydrzi-3554\/\" \/>\n<meta property=\"og:image\" content=\"https:\/\/www.koupelnapro.com\/wp-content\/uploads\/2026\/SK0003627-CZ20260425-091623-0-1777079785-soler-palau-hcfb-4-315h-ip65-prumyslovy-ventilator-kulickov.webp\" \/>\n\t<meta property=\"og:image:width\" content=\"1000\" \/>\n\t<meta property=\"og:image:height\" content=\"525\" \/>\n\t<meta property=\"og:image:type\" content=\"image\/webp\" \/>\n<meta name=\"twitter:card\" content=\"summary_large_image\" \/>\n<meta name=\"twitter:label1\" content=\"Odhadovan\u00e1 doba \u010dten\u00ed\" \/>\n\t<meta name=\"twitter:data1\" content=\"2 minuty\" \/>\n<script type=\"application\/ld+json\" class=\"yoast-schema-graph\">{\"@context\":\"https:\/\/schema.org\",\"@graph\":[{\"@type\":\"WebPage\",\"@id\":\"https:\/\/www.koupelnapro.com\/index.php\/produkt\/soler-amp-palau-hcfb-4-315h-ip65-prumyslovy-ventilator-kulickova-loziska-dokud-zasoby-vydrzi-3554\/\",\"url\":\"https:\/\/www.koupelnapro.com\/index.php\/produkt\/soler-amp-palau-hcfb-4-315h-ip65-prumyslovy-ventilator-kulickova-loziska-dokud-zasoby-vydrzi-3554\/\",\"name\":\"Soler&amp;Palau HCFB\/4-315H IP65 Pr\u016fmyslov\u00fd ventil\u00e1tor - kuli\u010dkov\u00e1 lo\u017eiska Dokud Z\u00e1soby Vydr\u017e\u00ed -\",\"isPartOf\":{\"@id\":\"https:\/\/www.koupelnapro.com\/#website\"},\"primaryImageOfPage\":{\"@id\":\"https:\/\/www.koupelnapro.com\/index.php\/produkt\/soler-amp-palau-hcfb-4-315h-ip65-prumyslovy-ventilator-kulickova-loziska-dokud-zasoby-vydrzi-3554\/#primaryimage\"},\"image\":{\"@id\":\"https:\/\/www.koupelnapro.com\/index.php\/produkt\/soler-amp-palau-hcfb-4-315h-ip65-prumyslovy-ventilator-kulickova-loziska-dokud-zasoby-vydrzi-3554\/#primaryimage\"},\"thumbnailUrl\":\"https:\/\/www.koupelnapro.com\/wp-content\/uploads\/2026\/SK0003627-CZ20260425-091623-0-1777079785-soler-palau-hcfb-4-315h-ip65-prumyslovy-ventilator-kulickov.webp\",\"datePublished\":\"2026-04-26T09:13:08+00:00\",\"breadcrumb\":{\"@id\":\"https:\/\/www.koupelnapro.com\/index.php\/produkt\/soler-amp-palau-hcfb-4-315h-ip65-prumyslovy-ventilator-kulickova-loziska-dokud-zasoby-vydrzi-3554\/#breadcrumb\"},\"inLanguage\":\"cs\",\"potentialAction\":[{\"@type\":\"ReadAction\",\"target\":[\"https:\/\/www.koupelnapro.com\/index.php\/produkt\/soler-amp-palau-hcfb-4-315h-ip65-prumyslovy-ventilator-kulickova-loziska-dokud-zasoby-vydrzi-3554\/\"]}]},{\"@type\":\"ImageObject\",\"inLanguage\":\"cs\",\"@id\":\"https:\/\/www.koupelnapro.com\/index.php\/produkt\/soler-amp-palau-hcfb-4-315h-ip65-prumyslovy-ventilator-kulickova-loziska-dokud-zasoby-vydrzi-3554\/#primaryimage\",\"url\":\"https:\/\/www.koupelnapro.com\/wp-content\/uploads\/2026\/SK0003627-CZ20260425-091623-0-1777079785-soler-palau-hcfb-4-315h-ip65-prumyslovy-ventilator-kulickov.webp\",\"contentUrl\":\"https:\/\/www.koupelnapro.com\/wp-content\/uploads\/2026\/SK0003627-CZ20260425-091623-0-1777079785-soler-palau-hcfb-4-315h-ip65-prumyslovy-ventilator-kulickov.webp\",\"width\":1000,\"height\":525},{\"@type\":\"BreadcrumbList\",\"@id\":\"https:\/\/www.koupelnapro.com\/index.php\/produkt\/soler-amp-palau-hcfb-4-315h-ip65-prumyslovy-ventilator-kulickova-loziska-dokud-zasoby-vydrzi-3554\/#breadcrumb\",\"itemListElement\":[{\"@type\":\"ListItem\",\"position\":1,\"name\":\"Home\",\"item\":\"https:\/\/www.koupelnapro.com\/\"},{\"@type\":\"ListItem\",\"position\":2,\"name\":\"Products\",\"item\":\"https:\/\/www.koupelnapro.com\/index.php\/products\/\"},{\"@type\":\"ListItem\",\"position\":3,\"name\":\"Soler&amp;Palau HCFB\/4-315H IP65 Pr\u016fmyslov\u00fd ventil\u00e1tor &#8211; kuli\u010dkov\u00e1 lo\u017eiska Dokud Z\u00e1soby Vydr\u017e\u00ed\"}]},{\"@type\":\"WebSite\",\"@id\":\"https:\/\/www.koupelnapro.com\/#website\",\"url\":\"https:\/\/www.koupelnapro.com\/\",\"name\":\"\",\"description\":\"\",\"potentialAction\":[{\"@type\":\"SearchAction\",\"target\":{\"@type\":\"EntryPoint\",\"urlTemplate\":\"https:\/\/www.koupelnapro.com\/?s={search_term_string}\"},\"query-input\":{\"@type\":\"PropertyValueSpecification\",\"valueRequired\":true,\"valueName\":\"search_term_string\"}}],\"inLanguage\":\"cs\"}]}<\/script>\n<!-- \/ Yoast SEO plugin. -->","yoast_head_json":{"title":"Soler&amp;Palau HCFB\/4-315H IP65 Pr\u016fmyslov\u00fd ventil\u00e1tor - kuli\u010dkov\u00e1 lo\u017eiska Dokud Z\u00e1soby Vydr\u017e\u00ed -","robots":{"index":"index","follow":"follow","max-snippet":"max-snippet:-1","max-image-preview":"max-image-preview:large","max-video-preview":"max-video-preview:-1"},"canonical":"https:\/\/www.koupelnapro.com\/index.php\/produkt\/soler-amp-palau-hcfb-4-315h-ip65-prumyslovy-ventilator-kulickova-loziska-dokud-zasoby-vydrzi-3554\/","og_locale":"cs_CZ","og_type":"article","og_title":"Soler&amp;Palau HCFB\/4-315H IP65 Pr\u016fmyslov\u00fd ventil\u00e1tor - kuli\u010dkov\u00e1 lo\u017eiska Dokud Z\u00e1soby Vydr\u017e\u00ed -","og_description":"Soler&amp;Palau HCFB\/4-315H IP65 Pr\u016fmyslov\u00fd ventil\u00e1tor &#8211; kuli\u010dkov\u00e1 lo\u017eiska \u00a0 \u00a0 Ot\u00e1\u010dky[m-1] Pr\u016ftok (0 Pa)[m3\/h] V\u00fdkon[W] Nap\u011bt\u00ed[V] Proud[A] Max. teplota[\u00b0C] Akustick\u00fd tlak[dB(A)] Hmotnost[kg] Regul\u00e1tor 1340 2220 125 230 0,6 70 55 7 REB 1; REV 1,5 \u00a0 \u00a0 Sk\u0159\u00ed\u0148Sk\u0159\u00ed\u0148 je z ocelov\u00e9ho plechu, opat\u0159en\u00e9ho \u010dern\u00fdm epoxidov\u00fdm lakem, mont\u00e1\u017en\u00ed konzole a \u0161rouby jsou galvanicky pokoveny.\u00a0 \u00a0 \u00a0 [&hellip;]","og_url":"https:\/\/www.koupelnapro.com\/index.php\/produkt\/soler-amp-palau-hcfb-4-315h-ip65-prumyslovy-ventilator-kulickova-loziska-dokud-zasoby-vydrzi-3554\/","og_image":[{"width":1000,"height":525,"url":"https:\/\/www.koupelnapro.com\/wp-content\/uploads\/2026\/SK0003627-CZ20260425-091623-0-1777079785-soler-palau-hcfb-4-315h-ip65-prumyslovy-ventilator-kulickov.webp","type":"image\/webp"}],"twitter_card":"summary_large_image","twitter_misc":{"Odhadovan\u00e1 doba \u010dten\u00ed":"2 minuty"},"schema":{"@context":"https:\/\/schema.org","@graph":[{"@type":"WebPage","@id":"https:\/\/www.koupelnapro.com\/index.php\/produkt\/soler-amp-palau-hcfb-4-315h-ip65-prumyslovy-ventilator-kulickova-loziska-dokud-zasoby-vydrzi-3554\/","url":"https:\/\/www.koupelnapro.com\/index.php\/produkt\/soler-amp-palau-hcfb-4-315h-ip65-prumyslovy-ventilator-kulickova-loziska-dokud-zasoby-vydrzi-3554\/","name":"Soler&amp;Palau HCFB\/4-315H IP65 Pr\u016fmyslov\u00fd ventil\u00e1tor - kuli\u010dkov\u00e1 lo\u017eiska Dokud Z\u00e1soby Vydr\u017e\u00ed -","isPartOf":{"@id":"https:\/\/www.koupelnapro.com\/#website"},"primaryImageOfPage":{"@id":"https:\/\/www.koupelnapro.com\/index.php\/produkt\/soler-amp-palau-hcfb-4-315h-ip65-prumyslovy-ventilator-kulickova-loziska-dokud-zasoby-vydrzi-3554\/#primaryimage"},"image":{"@id":"https:\/\/www.koupelnapro.com\/index.php\/produkt\/soler-amp-palau-hcfb-4-315h-ip65-prumyslovy-ventilator-kulickova-loziska-dokud-zasoby-vydrzi-3554\/#primaryimage"},"thumbnailUrl":"https:\/\/www.koupelnapro.com\/wp-content\/uploads\/2026\/SK0003627-CZ20260425-091623-0-1777079785-soler-palau-hcfb-4-315h-ip65-prumyslovy-ventilator-kulickov.webp","datePublished":"2026-04-26T09:13:08+00:00","breadcrumb":{"@id":"https:\/\/www.koupelnapro.com\/index.php\/produkt\/soler-amp-palau-hcfb-4-315h-ip65-prumyslovy-ventilator-kulickova-loziska-dokud-zasoby-vydrzi-3554\/#breadcrumb"},"inLanguage":"cs","potentialAction":[{"@type":"ReadAction","target":["https:\/\/www.koupelnapro.com\/index.php\/produkt\/soler-amp-palau-hcfb-4-315h-ip65-prumyslovy-ventilator-kulickova-loziska-dokud-zasoby-vydrzi-3554\/"]}]},{"@type":"ImageObject","inLanguage":"cs","@id":"https:\/\/www.koupelnapro.com\/index.php\/produkt\/soler-amp-palau-hcfb-4-315h-ip65-prumyslovy-ventilator-kulickova-loziska-dokud-zasoby-vydrzi-3554\/#primaryimage","url":"https:\/\/www.koupelnapro.com\/wp-content\/uploads\/2026\/SK0003627-CZ20260425-091623-0-1777079785-soler-palau-hcfb-4-315h-ip65-prumyslovy-ventilator-kulickov.webp","contentUrl":"https:\/\/www.koupelnapro.com\/wp-content\/uploads\/2026\/SK0003627-CZ20260425-091623-0-1777079785-soler-palau-hcfb-4-315h-ip65-prumyslovy-ventilator-kulickov.webp","width":1000,"height":525},{"@type":"BreadcrumbList","@id":"https:\/\/www.koupelnapro.com\/index.php\/produkt\/soler-amp-palau-hcfb-4-315h-ip65-prumyslovy-ventilator-kulickova-loziska-dokud-zasoby-vydrzi-3554\/#breadcrumb","itemListElement":[{"@type":"ListItem","position":1,"name":"Home","item":"https:\/\/www.koupelnapro.com\/"},{"@type":"ListItem","position":2,"name":"Products","item":"https:\/\/www.koupelnapro.com\/index.php\/products\/"},{"@type":"ListItem","position":3,"name":"Soler&amp;Palau HCFB\/4-315H IP65 Pr\u016fmyslov\u00fd ventil\u00e1tor &#8211; kuli\u010dkov\u00e1 lo\u017eiska Dokud Z\u00e1soby Vydr\u017e\u00ed"}]},{"@type":"WebSite","@id":"https:\/\/www.koupelnapro.com\/#website","url":"https:\/\/www.koupelnapro.com\/","name":"","description":"","potentialAction":[{"@type":"SearchAction","target":{"@type":"EntryPoint","urlTemplate":"https:\/\/www.koupelnapro.com\/?s={search_term_string}"},"query-input":{"@type":"PropertyValueSpecification","valueRequired":true,"valueName":"search_term_string"}}],"inLanguage":"cs"}]}},"_links":{"self":[{"href":"https:\/\/www.koupelnapro.com\/index.php\/wp-json\/wp\/v2\/product\/3554","targetHints":{"allow":["GET"]}}],"collection":[{"href":"https:\/\/www.koupelnapro.com\/index.php\/wp-json\/wp\/v2\/product"}],"about":[{"href":"https:\/\/www.koupelnapro.com\/index.php\/wp-json\/wp\/v2\/types\/product"}],"replies":[{"embeddable":true,"href":"https:\/\/www.koupelnapro.com\/index.php\/wp-json\/wp\/v2\/comments?post=3554"}],"wp:featuredmedia":[{"embeddable":true,"href":"https:\/\/www.koupelnapro.com\/index.php\/wp-json\/wp\/v2\/media\/3654"}],"wp:attachment":[{"href":"https:\/\/www.koupelnapro.com\/index.php\/wp-json\/wp\/v2\/media?parent=3554"}],"wp:term":[{"taxonomy":"product_brand","embeddable":true,"href":"https:\/\/www.koupelnapro.com\/index.php\/wp-json\/wp\/v2\/product_brand?post=3554"},{"taxonomy":"product_cat","embeddable":true,"href":"https:\/\/www.koupelnapro.com\/index.php\/wp-json\/wp\/v2\/product_cat?post=3554"},{"taxonomy":"product_tag","embeddable":true,"href":"https:\/\/www.koupelnapro.com\/index.php\/wp-json\/wp\/v2\/product_tag?post=3554"}],"curies":[{"name":"wp","href":"https:\/\/api.w.org\/{rel}","templated":true}]}}