{"id":35123,"date":"2026-04-26T09:15:34","date_gmt":"2026-04-26T09:15:34","guid":{"rendered":""},"modified":"2026-04-26T09:15:34","modified_gmt":"2026-04-26T09:15:34","slug":"nizka-cena-kanystr-plechovy-jerrycan-20-l-element-shop-cz-35123","status":"publish","type":"product","link":"https:\/\/www.koupelnapro.com\/index.php\/produkt\/nizka-cena-kanystr-plechovy-jerrycan-20-l-element-shop-cz-35123\/","title":{"rendered":"N\u00edzk\u00e1 Cena Kanystr plechov\u00fd JerryCan 20 l | element-shop.cz"},"content":{"rendered":"<div class=\"basic-description\">\n<h3>Detailn\u00ed popis produktu<\/h3>\n<div id=\"pobo-all-content\" data-pobo-content=\"product\" data-pobo-config=\"{&quot;product_id&quot;:3881614,&quot;value_lang&quot;:&quot;default&quot;,&quot;enable_marketplace&quot;:false}\">\n<div id=\"pobo-standard-widget\">\n<div data-pobo-widget-id=\"5\">\n<div class=\"widget-projector\">\n<div class=\"empty\">\n<table height=\"21\" style=\"width: 878px;\">\n<tbody>\n<tr>\n<td style=\"width: 746.797px;\">\n<h1><strong>Kanystr plechov\u00fd JerryCan, 20 l<\/strong><\/h1>\n<\/td>\n<td style=\"width: 128.203px;\"><\/td>\n<\/tr>\n<\/tbody>\n<\/table>\n<p><span style=\"font-size: 12pt;\"><strong>Tento kvalitn\u00ed&nbsp;<span class=\"show-tooltip\" title=\"\" data-original-title=\"Ocel je slitina \u017eeleza s mal\u00fdm obsahem uhl\u00edku a dal\u0161\u00edmi p\u0159\u00edm\u011bsemi. Je to jeden z nejb\u011b\u017en\u011bji pou\u017e\u00edvan\u00fdch materi\u00e1l\u016f v pr\u016fmyslu a stavebnictv\u00ed d\u00edky sv\u00fdm vlastnostem, kter\u00e9 zahrnuj\u00ed pevnost, tv\u00e1rnost a odolnost.Z\u00e1kladn\u00ed slo\u017ekou oceli je&amp;hellip;\">ocelov\u00fd<\/span>&nbsp;kanystr je ide\u00e1ln\u00ed pro bezpe\u010dn\u00e9 p\u0159epravov\u00e1n\u00ed pohonn\u00fdch hmot. Jeho&nbsp;<span class=\"show-tooltip\" title=\"\" data-original-title=\"Konstrukce je proces tvorby a sestaven\u00ed r\u016fzn\u00fdch prvk\u016f nebo sou\u010d\u00e1st\u00ed do funk\u010dn\u00edho celku, kter\u00fd m\u016f\u017ee slou\u017eit k ur\u010dit\u00e9mu \u00fa\u010delu. V kontextu stavebnictv\u00ed a in\u017een\u00fdrstv\u00ed zahrnuje konstrukce tvorbu budov, most\u016f, silnic, pr\u016fmyslov\u00fdch za\u0159\u00edzen\u00ed,&amp;hellip;\">konstrukce<\/span>&nbsp;z pevn\u00e9ho plechu a klasick\u00fd&nbsp;<span class=\"show-tooltip\" title=\"\" data-original-title=\"Design je proces tvorby a uspo\u0159\u00e1d\u00e1n\u00ed prvk\u016f tak, aby vytvo\u0159ily n\u011bco s ur\u010dit\u00fdm \u00fa\u010delem nebo estetick\u00fdm dojmem. Term\u00edn &quot;design&quot; se pou\u017e\u00edv\u00e1 v r\u016fzn\u00fdch kontextech a odv\u011btv\u00edch, a m\u016f\u017ee se t\u00fdkat n\u00e1vrhu v\u00fdrobk\u016f, grafick\u00e9ho designu, interi\u00e9rov\u00e9ho designu,&amp;hellip;\">design<\/span>&nbsp;zaji\u0161\u0165uj\u00ed spolehlivost a odolnost i p\u0159i n\u00e1ro\u010dn\u00e9m pou\u017eit\u00ed.<\/strong><\/span><\/p>\n<p>\u058d Kanystr JerryCan je speci\u00e1ln\u011b navr\u017een pro p\u0159epravu benz\u00ednu, nafty,<span>&nbsp;<\/span><span class=\"show-tooltip\" title=\"\" data-original-title=\"Oleje jsou obvykle visk\u00f3zn\u00ed tekutiny, kter\u00e9 jsou tvo\u0159eny hlavn\u011b tuky, a jsou vyu\u017e\u00edv\u00e1ny v r\u016fzn\u00fdch oblastech lidsk\u00e9 \u010dinnosti.&amp;nbsp;N\u011bkter\u00e9 druhy olej\u016f a jejich vyu\u017eit\u00ed:&amp;nbsp;Rostlinn\u00e9 oleje:&amp;nbsp;Rostlinn\u00e9 oleje, jako je \u0159epkov\u00fd,&amp;hellip;\">olej\u016f<\/span><span>&nbsp;<\/span>a podobn\u00fdch<span>&nbsp;<\/span><span class=\"show-tooltip\" title=\"\" data-original-title=\"Kapalina je skupenstv\u00ed l\u00e1tky, kter\u00e9 se vyzna\u010duje t\u00edm, \u017ee m\u00e1 pevn\u00fd objem, ale nen\u00ed schopna udr\u017eet sv\u016fj tvar a p\u0159izp\u016fsobuje se tvaru n\u00e1doby, do kter\u00e9 je um\u00edst\u011bna. Kapaliny zahrnuj\u00ed \u0161irokou \u0161k\u00e1lu l\u00e1tek, od vody a oleje po alkoholy a benz\u00edn.Kapaliny&amp;hellip;\">kapalin<\/span>.&nbsp;<\/p>\n<div>Materi\u00e1l: <span class=\"show-tooltip\" title=\"Ocel je slitina \u017eeleza s mal\u00fdm obsahem uhl\u00edku a dal\u0161\u00edmi p\u0159\u00edm\u011bsemi. Je to jeden z nejb\u011b\u017en\u011bji pou\u017e\u00edvan\u00fdch materi\u00e1l\u016f v pr\u016fmyslu a&amp;nbsp;stavebnictv\u00ed d\u00edky sv\u00fdm vlastnostem, kter\u00e9 zahrnuj\u00ed pevnost, tv\u00e1rnost a odolnost.&amp;nbsp;Z\u00e1kladn\u00ed slo\u017ekou&amp;hellip;\">ocelov\u00fd<\/span> plech<\/div>\n<div><span class=\"show-tooltip\" title=\"Konstrukce je proces tvorby a sestaven\u00ed r\u016fzn\u00fdch prvk\u016f nebo sou\u010d\u00e1st\u00ed do funk\u010dn\u00edho celku, kter\u00fd m\u016f\u017ee slou\u017eit k ur\u010dit\u00e9mu \u00fa\u010delu. V kontextu stavebnictv\u00ed a in\u017een\u00fdrstv\u00ed zahrnuje konstrukce tvorbu budov, most\u016f, silnic, pr\u016fmyslov\u00fdch za\u0159\u00edzen\u00ed,&amp;hellip;\">Konstrukce<\/span>: tradi\u010dn\u00ed a osv\u011bd\u010den\u00e1<\/div>\n<div>Barva: tmav\u011b <span class=\"show-tooltip\" title=\"Zelen\u00e1 je barva, kter\u00e1 se nach\u00e1z\u00ed mezi modrou a \u017elutou v barevn\u00e9m spektru. Vlnov\u00e1 d\u00e9lka zelen\u00e9ho sv\u011btla se pohybuje mezi 520\u2013570 nm. Zelen\u00e1 je pova\u017eov\u00e1na za uklid\u0148uj\u00edc\u00ed a harmonizuj\u00edc\u00ed barvu, kter\u00e1 vyvol\u00e1v\u00e1 pocit rovnov\u00e1hy a sv\u011b\u017eesti.&amp;nbsp;Je to&amp;hellip;\">zelen\u00e1<\/span><\/div>\n<div><span class=\"show-tooltip\" title=\"\" data-original-title=\"Objem je fyzik\u00e1ln\u00ed veli\u010dina, kter\u00e1 vyjad\u0159uje prostor obsazen\u00fd t\u011blesem. Objem se zpravidla m\u011b\u0159\u00ed v krychlov\u00fdch jednotk\u00e1ch, nap\u0159\u00edklad krychlov\u00e9 metry (m\u00b3) nebo krychlov\u00e9 centimetry (cm\u00b3). Objem lze vypo\u010d\u00edtat r\u016fzn\u00fdmi zp\u016fsoby, v z\u00e1vislosti na&amp;hellip;\">Objem<\/span>: 20 litr\u016f<\/div>\n<p><span class=\"rc-advantages-four__info-text\"><\/span><\/div>\n<\/div>\n<\/div>\n<\/div>\n<div id=\"pobo-share-widget\">&nbsp;<\/div>\n<\/div>\n<div id=\"hzViewer\" style=\"background: none; line-height: 0px; overflow: hidden; padding: 10px 5px; position: absolute; z-index: 2147483647; visibility: visible; opacity: 1; top: 5px; left: 372px; width: auto; height: auto; cursor: pointer; pointer-events: none; display: none;\">&nbsp;<\/div>\n<\/p><\/div>\n","protected":false},"excerpt":{"rendered":"<p>Detailn\u00ed popis produktu Kanystr plechov\u00fd JerryCan, 20 l Tento kvalitn\u00ed&nbsp;ocelov\u00fd&nbsp;kanystr je ide\u00e1ln\u00ed pro bezpe\u010dn\u00e9 p\u0159epravov\u00e1n\u00ed pohonn\u00fdch hmot. Jeho&nbsp;konstrukce&nbsp;z pevn\u00e9ho plechu a klasick\u00fd&nbsp;design&nbsp;zaji\u0161\u0165uj\u00ed spolehlivost a odolnost i p\u0159i n\u00e1ro\u010dn\u00e9m pou\u017eit\u00ed. \u058d Kanystr JerryCan je speci\u00e1ln\u011b navr\u017een pro p\u0159epravu benz\u00ednu, nafty,&nbsp;olej\u016f&nbsp;a podobn\u00fdch&nbsp;kapalin.&nbsp; Materi\u00e1l: ocelov\u00fd plech Konstrukce: tradi\u010dn\u00ed a osv\u011bd\u010den\u00e1 Barva: tmav\u011b zelen\u00e1 Objem: 20 litr\u016f &nbsp; &nbsp;<\/p>\n","protected":false},"featured_media":35223,"comment_status":"open","ping_status":"open","template":"","meta":[],"product_brand":[],"product_cat":[117],"product_tag":[],"class_list":{"0":"post-35123","1":"product","2":"type-product","3":"status-publish","4":"has-post-thumbnail","6":"product_cat-automotive","8":"first","9":"instock","10":"sale","11":"shipping-taxable","12":"purchasable","13":"product-type-simple"},"yoast_head":"<!-- This site is optimized with the Yoast SEO plugin v26.8 - https:\/\/yoast.com\/product\/yoast-seo-wordpress\/ -->\n<title>N\u00edzk\u00e1 Cena Kanystr plechov\u00fd JerryCan 20 l | element-shop.cz -<\/title>\n<meta name=\"robots\" content=\"index, follow, max-snippet:-1, max-image-preview:large, max-video-preview:-1\" \/>\n<link rel=\"canonical\" href=\"https:\/\/www.koupelnapro.com\/index.php\/produkt\/nizka-cena-kanystr-plechovy-jerrycan-20-l-element-shop-cz-35123\/\" \/>\n<meta property=\"og:locale\" content=\"cs_CZ\" \/>\n<meta property=\"og:type\" content=\"article\" \/>\n<meta property=\"og:title\" content=\"N\u00edzk\u00e1 Cena Kanystr plechov\u00fd JerryCan 20 l | element-shop.cz -\" \/>\n<meta property=\"og:description\" content=\"Detailn\u00ed popis produktu Kanystr plechov\u00fd JerryCan, 20 l Tento kvalitn\u00ed&nbsp;ocelov\u00fd&nbsp;kanystr je ide\u00e1ln\u00ed pro bezpe\u010dn\u00e9 p\u0159epravov\u00e1n\u00ed pohonn\u00fdch hmot. Jeho&nbsp;konstrukce&nbsp;z pevn\u00e9ho plechu a klasick\u00fd&nbsp;design&nbsp;zaji\u0161\u0165uj\u00ed spolehlivost a odolnost i p\u0159i n\u00e1ro\u010dn\u00e9m pou\u017eit\u00ed. \u058d Kanystr JerryCan je speci\u00e1ln\u011b navr\u017een pro p\u0159epravu benz\u00ednu, nafty,&nbsp;olej\u016f&nbsp;a podobn\u00fdch&nbsp;kapalin.&nbsp; Materi\u00e1l: ocelov\u00fd plech Konstrukce: tradi\u010dn\u00ed a osv\u011bd\u010den\u00e1 Barva: tmav\u011b zelen\u00e1 Objem: 20 litr\u016f &nbsp; &nbsp;\" \/>\n<meta property=\"og:url\" content=\"https:\/\/www.koupelnapro.com\/index.php\/produkt\/nizka-cena-kanystr-plechovy-jerrycan-20-l-element-shop-cz-35123\/\" \/>\n<meta property=\"og:image\" content=\"https:\/\/www.koupelnapro.com\/wp-content\/uploads\/2026\/SK0003615-CZ20260425-092522-0-1777080324-93033_rewrite-65041-11670.webp\" \/>\n\t<meta property=\"og:image:width\" content=\"1000\" \/>\n\t<meta property=\"og:image:height\" content=\"750\" \/>\n\t<meta property=\"og:image:type\" content=\"image\/webp\" \/>\n<meta name=\"twitter:card\" content=\"summary_large_image\" \/>\n<script type=\"application\/ld+json\" class=\"yoast-schema-graph\">{\"@context\":\"https:\/\/schema.org\",\"@graph\":[{\"@type\":\"WebPage\",\"@id\":\"https:\/\/www.koupelnapro.com\/index.php\/produkt\/nizka-cena-kanystr-plechovy-jerrycan-20-l-element-shop-cz-35123\/\",\"url\":\"https:\/\/www.koupelnapro.com\/index.php\/produkt\/nizka-cena-kanystr-plechovy-jerrycan-20-l-element-shop-cz-35123\/\",\"name\":\"N\u00edzk\u00e1 Cena Kanystr plechov\u00fd JerryCan 20 l | element-shop.cz -\",\"isPartOf\":{\"@id\":\"https:\/\/www.koupelnapro.com\/#website\"},\"primaryImageOfPage\":{\"@id\":\"https:\/\/www.koupelnapro.com\/index.php\/produkt\/nizka-cena-kanystr-plechovy-jerrycan-20-l-element-shop-cz-35123\/#primaryimage\"},\"image\":{\"@id\":\"https:\/\/www.koupelnapro.com\/index.php\/produkt\/nizka-cena-kanystr-plechovy-jerrycan-20-l-element-shop-cz-35123\/#primaryimage\"},\"thumbnailUrl\":\"https:\/\/www.koupelnapro.com\/wp-content\/uploads\/2026\/SK0003615-CZ20260425-092522-0-1777080324-93033_rewrite-65041-11670.webp\",\"datePublished\":\"2026-04-26T09:15:34+00:00\",\"breadcrumb\":{\"@id\":\"https:\/\/www.koupelnapro.com\/index.php\/produkt\/nizka-cena-kanystr-plechovy-jerrycan-20-l-element-shop-cz-35123\/#breadcrumb\"},\"inLanguage\":\"cs\",\"potentialAction\":[{\"@type\":\"ReadAction\",\"target\":[\"https:\/\/www.koupelnapro.com\/index.php\/produkt\/nizka-cena-kanystr-plechovy-jerrycan-20-l-element-shop-cz-35123\/\"]}]},{\"@type\":\"ImageObject\",\"inLanguage\":\"cs\",\"@id\":\"https:\/\/www.koupelnapro.com\/index.php\/produkt\/nizka-cena-kanystr-plechovy-jerrycan-20-l-element-shop-cz-35123\/#primaryimage\",\"url\":\"https:\/\/www.koupelnapro.com\/wp-content\/uploads\/2026\/SK0003615-CZ20260425-092522-0-1777080324-93033_rewrite-65041-11670.webp\",\"contentUrl\":\"https:\/\/www.koupelnapro.com\/wp-content\/uploads\/2026\/SK0003615-CZ20260425-092522-0-1777080324-93033_rewrite-65041-11670.webp\",\"width\":1000,\"height\":750},{\"@type\":\"BreadcrumbList\",\"@id\":\"https:\/\/www.koupelnapro.com\/index.php\/produkt\/nizka-cena-kanystr-plechovy-jerrycan-20-l-element-shop-cz-35123\/#breadcrumb\",\"itemListElement\":[{\"@type\":\"ListItem\",\"position\":1,\"name\":\"Home\",\"item\":\"https:\/\/www.koupelnapro.com\/\"},{\"@type\":\"ListItem\",\"position\":2,\"name\":\"Products\",\"item\":\"https:\/\/www.koupelnapro.com\/index.php\/products\/\"},{\"@type\":\"ListItem\",\"position\":3,\"name\":\"N\u00edzk\u00e1 Cena Kanystr plechov\u00fd JerryCan 20 l | element-shop.cz\"}]},{\"@type\":\"WebSite\",\"@id\":\"https:\/\/www.koupelnapro.com\/#website\",\"url\":\"https:\/\/www.koupelnapro.com\/\",\"name\":\"\",\"description\":\"\",\"potentialAction\":[{\"@type\":\"SearchAction\",\"target\":{\"@type\":\"EntryPoint\",\"urlTemplate\":\"https:\/\/www.koupelnapro.com\/?s={search_term_string}\"},\"query-input\":{\"@type\":\"PropertyValueSpecification\",\"valueRequired\":true,\"valueName\":\"search_term_string\"}}],\"inLanguage\":\"cs\"}]}<\/script>\n<!-- \/ Yoast SEO plugin. -->","yoast_head_json":{"title":"N\u00edzk\u00e1 Cena Kanystr plechov\u00fd JerryCan 20 l | element-shop.cz -","robots":{"index":"index","follow":"follow","max-snippet":"max-snippet:-1","max-image-preview":"max-image-preview:large","max-video-preview":"max-video-preview:-1"},"canonical":"https:\/\/www.koupelnapro.com\/index.php\/produkt\/nizka-cena-kanystr-plechovy-jerrycan-20-l-element-shop-cz-35123\/","og_locale":"cs_CZ","og_type":"article","og_title":"N\u00edzk\u00e1 Cena Kanystr plechov\u00fd JerryCan 20 l | element-shop.cz -","og_description":"Detailn\u00ed popis produktu Kanystr plechov\u00fd JerryCan, 20 l Tento kvalitn\u00ed&nbsp;ocelov\u00fd&nbsp;kanystr je ide\u00e1ln\u00ed pro bezpe\u010dn\u00e9 p\u0159epravov\u00e1n\u00ed pohonn\u00fdch hmot. Jeho&nbsp;konstrukce&nbsp;z pevn\u00e9ho plechu a klasick\u00fd&nbsp;design&nbsp;zaji\u0161\u0165uj\u00ed spolehlivost a odolnost i p\u0159i n\u00e1ro\u010dn\u00e9m pou\u017eit\u00ed. \u058d Kanystr JerryCan je speci\u00e1ln\u011b navr\u017een pro p\u0159epravu benz\u00ednu, nafty,&nbsp;olej\u016f&nbsp;a podobn\u00fdch&nbsp;kapalin.&nbsp; Materi\u00e1l: ocelov\u00fd plech Konstrukce: tradi\u010dn\u00ed a osv\u011bd\u010den\u00e1 Barva: tmav\u011b zelen\u00e1 Objem: 20 litr\u016f &nbsp; &nbsp;","og_url":"https:\/\/www.koupelnapro.com\/index.php\/produkt\/nizka-cena-kanystr-plechovy-jerrycan-20-l-element-shop-cz-35123\/","og_image":[{"width":1000,"height":750,"url":"https:\/\/www.koupelnapro.com\/wp-content\/uploads\/2026\/SK0003615-CZ20260425-092522-0-1777080324-93033_rewrite-65041-11670.webp","type":"image\/webp"}],"twitter_card":"summary_large_image","schema":{"@context":"https:\/\/schema.org","@graph":[{"@type":"WebPage","@id":"https:\/\/www.koupelnapro.com\/index.php\/produkt\/nizka-cena-kanystr-plechovy-jerrycan-20-l-element-shop-cz-35123\/","url":"https:\/\/www.koupelnapro.com\/index.php\/produkt\/nizka-cena-kanystr-plechovy-jerrycan-20-l-element-shop-cz-35123\/","name":"N\u00edzk\u00e1 Cena Kanystr plechov\u00fd JerryCan 20 l | element-shop.cz -","isPartOf":{"@id":"https:\/\/www.koupelnapro.com\/#website"},"primaryImageOfPage":{"@id":"https:\/\/www.koupelnapro.com\/index.php\/produkt\/nizka-cena-kanystr-plechovy-jerrycan-20-l-element-shop-cz-35123\/#primaryimage"},"image":{"@id":"https:\/\/www.koupelnapro.com\/index.php\/produkt\/nizka-cena-kanystr-plechovy-jerrycan-20-l-element-shop-cz-35123\/#primaryimage"},"thumbnailUrl":"https:\/\/www.koupelnapro.com\/wp-content\/uploads\/2026\/SK0003615-CZ20260425-092522-0-1777080324-93033_rewrite-65041-11670.webp","datePublished":"2026-04-26T09:15:34+00:00","breadcrumb":{"@id":"https:\/\/www.koupelnapro.com\/index.php\/produkt\/nizka-cena-kanystr-plechovy-jerrycan-20-l-element-shop-cz-35123\/#breadcrumb"},"inLanguage":"cs","potentialAction":[{"@type":"ReadAction","target":["https:\/\/www.koupelnapro.com\/index.php\/produkt\/nizka-cena-kanystr-plechovy-jerrycan-20-l-element-shop-cz-35123\/"]}]},{"@type":"ImageObject","inLanguage":"cs","@id":"https:\/\/www.koupelnapro.com\/index.php\/produkt\/nizka-cena-kanystr-plechovy-jerrycan-20-l-element-shop-cz-35123\/#primaryimage","url":"https:\/\/www.koupelnapro.com\/wp-content\/uploads\/2026\/SK0003615-CZ20260425-092522-0-1777080324-93033_rewrite-65041-11670.webp","contentUrl":"https:\/\/www.koupelnapro.com\/wp-content\/uploads\/2026\/SK0003615-CZ20260425-092522-0-1777080324-93033_rewrite-65041-11670.webp","width":1000,"height":750},{"@type":"BreadcrumbList","@id":"https:\/\/www.koupelnapro.com\/index.php\/produkt\/nizka-cena-kanystr-plechovy-jerrycan-20-l-element-shop-cz-35123\/#breadcrumb","itemListElement":[{"@type":"ListItem","position":1,"name":"Home","item":"https:\/\/www.koupelnapro.com\/"},{"@type":"ListItem","position":2,"name":"Products","item":"https:\/\/www.koupelnapro.com\/index.php\/products\/"},{"@type":"ListItem","position":3,"name":"N\u00edzk\u00e1 Cena Kanystr plechov\u00fd JerryCan 20 l | element-shop.cz"}]},{"@type":"WebSite","@id":"https:\/\/www.koupelnapro.com\/#website","url":"https:\/\/www.koupelnapro.com\/","name":"","description":"","potentialAction":[{"@type":"SearchAction","target":{"@type":"EntryPoint","urlTemplate":"https:\/\/www.koupelnapro.com\/?s={search_term_string}"},"query-input":{"@type":"PropertyValueSpecification","valueRequired":true,"valueName":"search_term_string"}}],"inLanguage":"cs"}]}},"_links":{"self":[{"href":"https:\/\/www.koupelnapro.com\/index.php\/wp-json\/wp\/v2\/product\/35123","targetHints":{"allow":["GET"]}}],"collection":[{"href":"https:\/\/www.koupelnapro.com\/index.php\/wp-json\/wp\/v2\/product"}],"about":[{"href":"https:\/\/www.koupelnapro.com\/index.php\/wp-json\/wp\/v2\/types\/product"}],"replies":[{"embeddable":true,"href":"https:\/\/www.koupelnapro.com\/index.php\/wp-json\/wp\/v2\/comments?post=35123"}],"wp:featuredmedia":[{"embeddable":true,"href":"https:\/\/www.koupelnapro.com\/index.php\/wp-json\/wp\/v2\/media\/35223"}],"wp:attachment":[{"href":"https:\/\/www.koupelnapro.com\/index.php\/wp-json\/wp\/v2\/media?parent=35123"}],"wp:term":[{"taxonomy":"product_brand","embeddable":true,"href":"https:\/\/www.koupelnapro.com\/index.php\/wp-json\/wp\/v2\/product_brand?post=35123"},{"taxonomy":"product_cat","embeddable":true,"href":"https:\/\/www.koupelnapro.com\/index.php\/wp-json\/wp\/v2\/product_cat?post=35123"},{"taxonomy":"product_tag","embeddable":true,"href":"https:\/\/www.koupelnapro.com\/index.php\/wp-json\/wp\/v2\/product_tag?post=35123"}],"curies":[{"name":"wp","href":"https:\/\/api.w.org\/{rel}","templated":true}]}}