{"id":35117,"date":"2026-04-26T09:15:34","date_gmt":"2026-04-26T09:15:34","guid":{"rendered":""},"modified":"2026-04-26T09:15:34","modified_gmt":"2026-04-26T09:15:34","slug":"autonabijecka-bc-430-startovaci-vozik-12-24-v-30-a-element-shop-cz-akcni-cena-35117","status":"publish","type":"product","link":"https:\/\/www.koupelnapro.com\/index.php\/produkt\/autonabijecka-bc-430-startovaci-vozik-12-24-v-30-a-element-shop-cz-akcni-cena-35117\/","title":{"rendered":"Autonab\u00edje\u010dka BC-430 startovac\u00ed voz\u00edk, 12\/24 V, 30 A | element-shop.cz Ak\u010dn\u00ed Cena"},"content":{"rendered":"<div class=\"basic-description\">\n<h3>Detailn\u00ed popis produktu<\/h3>\n<h1><span style=\"font-size: 20pt;\"><strong>Autonab\u00edje\u010dka BC-430 <\/strong><\/span><\/h1>\n<p><strong>Za\u0159\u00edzen\u00ed navr\u017een\u00e9 pro nab\u00edjen\u00ed a startov\u00e1n\u00ed <span class=\"show-tooltip\" title=\"Olovo je chemick\u00fd prvek se symboly Pb (z latinsk\u00e9ho plumbum) a atomov\u00fdm \u010d\u00edslem 82.Je to t\u011b\u017ek\u00fd kov, kter\u00fd m\u00e1 m\u011bkkou a ohebnou texturu.&amp;nbsp;M\u00e1 relativn\u011b n\u00edzkou&amp;nbsp;teplotu t\u00e1n\u00ed,&amp;nbsp;je dob\u0159e kujn\u00fd i p\u0159i&amp;nbsp;pokojov\u00e9 teplot\u011b&amp;nbsp;a odoln\u00fd v\u016f\u010di&amp;hellip;\">olov\u011bn\u00fdch<\/span> <span class=\"show-tooltip\" title=\"Akumul\u00e1tor je za\u0159\u00edzen\u00ed slou\u017e\u00edc\u00ed k uchov\u00e1v\u00e1n\u00ed elektrick\u00e9 energie.&amp;nbsp;\u058d Jeho hlavn\u00ed funkc\u00ed je p\u0159em\u011bnit elektrickou energii do chemick\u00e9 energie b\u011bhem nab\u00edjen\u00ed a n\u00e1sledn\u011b zp\u011bt na elektrickou energii b\u011bhem vyb\u00edjen\u00ed.\u058d Akumul\u00e1tory jsou \u0161iroce&amp;hellip;\">akumul\u00e1tor\u016f<\/span> pou\u017e\u00edvan\u00fdch v r\u016fzn\u00fdch typech vozidel, v\u010detn\u011b motocykl\u016f, osobn\u00edch automobil\u016f, dod\u00e1vkov\u00fdch voz\u016f, traktor\u016f, n\u00e1kladn\u00edch voz\u016f a stavebn\u00edch stroj\u016f.&nbsp;<\/strong><\/p>\n<div><strong>P\u0159ep\u00edna\u010d pomal\u00e9ho a rychl\u00e9ho nab\u00edjen\u00ed:<\/strong> Tento p\u0159ep\u00edna\u010d umo\u017e\u0148uje nastavit rychlost nab\u00edjen\u00ed podle pot\u0159eby. Pomal\u00e9 nab\u00edjen\u00ed je vhodn\u00e9 pro udr\u017eov\u00e1n\u00ed baterie, zat\u00edmco rychl\u00e9 nab\u00edjen\u00ed je rychlej\u0161\u00ed a vhodn\u00e9 pro rychl\u00e9 dobit\u00ed baterie.<\/div>\n<div>&nbsp;<\/div>\n<div><strong>Funkce START:<\/strong> Tato funkce umo\u017e\u0148uje za\u0159\u00edzen\u00ed pou\u017e\u00edt k startov\u00e1n\u00ed vozidla, pokud m\u00e1 baterie nedostatek energie. Startovac\u00ed proud m\u016f\u017ee dosahovat 250 A.<\/div>\n<div>&nbsp;<\/div>\n<div><strong>P\u0159ep\u00edna\u010d <span class=\"show-tooltip\" title=\"Nap\u011bt\u00ed, tak\u00e9 naz\u00fdvan\u00e9 elektrick\u00e9 nap\u011bt\u00ed, je fyzik\u00e1ln\u00ed veli\u010dina, kter\u00e1 vyjad\u0159uje potenci\u00e1ln\u00ed rozd\u00edl mezi dv\u011bma body v elektrick\u00e9m obvodu. Jedn\u00e1 se o skal\u00e1rn\u00ed veli\u010dinu, co\u017e znamen\u00e1, \u017ee m\u00e1 pouze velikost a nem\u00e1 sm\u011br.Nap\u011bt\u00ed je zp\u016fsobeno rozd\u00edlem&amp;hellip;\">nap\u011bt\u00ed<\/span> 12 \/ 24 V:<\/strong> Tento p\u0159ep\u00edna\u010d umo\u017e\u0148uje nastavit v\u00fdstupn\u00ed nap\u011bt\u00ed podle typu vozidla, kter\u00e9 nab\u00edj\u00edte. M\u016f\u017eete vybrat mezi 12V a 24V.<\/div>\n<div>&nbsp;<\/div>\n<div><strong>Dv\u011b pojistky:<\/strong> P\u0159\u00edtomnost pojistek slou\u017e\u00ed k zaji\u0161t\u011bn\u00ed bezpe\u010dnosti a ochrany p\u0159ed p\u0159et\u00ed\u017een\u00edm nebo zkratem.<\/div>\n<div>&nbsp;<\/div>\n<div><strong>Nab\u00edjec\u00ed proud:<\/strong> Maxim\u00e1ln\u00ed nab\u00edjec\u00ed proud dosahuje 30 A, co\u017e je d\u016fle\u017eit\u00e9 pro rychl\u00e9 dob\u00edjen\u00ed baterie.<\/div>\n<div>&nbsp;<\/div>\n<div><strong>Startovac\u00ed proud:<\/strong> Maxim\u00e1ln\u00ed startovac\u00ed proud je 250 A, co\u017e je u\u017eite\u010dn\u00e9 pro startov\u00e1n\u00ed vozidla v p\u0159\u00edpad\u011b vybit\u00e9 baterie.<\/div>\n<div>&nbsp;<\/div>\n<div><strong>Vhodn\u00e9 pro baterie:<\/strong> Autonab\u00edje\u010dka je vhodn\u00e1 pro baterie s kapacitou od 20 Ah do 700 Ah.<\/div>\n<div>&nbsp;<\/div>\n<div><strong><span class=\"show-tooltip\" title=\"Hmotnost&amp;nbsp;je d\u016fle\u017eit\u00e1 fyzik\u00e1ln\u00ed veli\u010dina, aditivn\u00ed vlastnost&amp;nbsp;hmoty&amp;nbsp;(tedy vlastnost jednotliv\u00fdch hmotn\u00fdch&amp;nbsp;t\u011bles), kter\u00e1 vyjad\u0159uje m\u00edru&amp;nbsp;setrva\u010dn\u00fdch&amp;nbsp;\u00fa\u010dink\u016f \u010di m\u00edru&amp;nbsp;gravita\u010dn\u00edch&amp;nbsp;\u00fa\u010dink\u016f hmoty. Ekvivalence setrva\u010dn\u00fdch&amp;hellip;\">Hmotnost<\/span>:<\/strong> Za\u0159\u00edzen\u00ed m\u00e1 hmotnost 21,2 kg, co\u017e znamen\u00e1, \u017ee je p\u0159enosn\u00e9, ale i relativn\u011b robustn\u00ed.<\/div>\n<div>&nbsp;<\/div>\n<p><strong>Tato autonab\u00edje\u010dka je u\u017eite\u010dn\u00fdm n\u00e1strojem pro udr\u017eov\u00e1n\u00ed a dob\u00edjen\u00ed automobilov\u00fdch bateri\u00ed a tak\u00e9 pro startov\u00e1n\u00ed vozidel v p\u0159\u00edpad\u011b pot\u0159eby. Je vhodn\u00e1 pro r\u016fzn\u00e9 typy vozidel a m\u016f\u017ee b\u00fdt u\u017eite\u010dn\u00e1 jak v dom\u00e1c\u00edm prost\u0159ed\u00ed, tak i v profesion\u00e1ln\u00edch servisech a d\u00edln\u00e1ch pro opravy automobil\u016f.<\/strong><\/p>\n<table border=\"0\" cellpadding=\"1\" cellspacing=\"1\" style=\"width: 478.125px;\">\n<tbody>\n<tr>\n<td style=\"width: 183px;\"><strong><span style=\"font-family: 'Exo 2', sans-serif;\">Vstupn\u00ed nap\u011bt\u00ed (nap\u00e1jen\u00ed):<\/span><\/strong><\/td>\n<td style=\"width: 292.125px;\"><span style=\"font-family: 'Exo 2', sans-serif;\">230 V \/ 50 Hz<\/span><\/td>\n<\/tr>\n<tr>\n<td style=\"width: 183px;\"><strong><span style=\"font-family: 'Exo 2', sans-serif;\">V\u00fdstupn\u00ed nap\u011bt\u00ed:<\/span><\/strong><\/td>\n<td style=\"width: 292.125px;\"><span style=\"font-family: 'Exo 2', sans-serif;\">12 \/ 24 V<\/span><\/td>\n<\/tr>\n<tr>\n<td style=\"width: 183px;\"><strong><span style=\"font-family: 'Exo 2', sans-serif;\"><span class=\"show-tooltip\" title=\"P\u0159\u00edkon je fyzik\u00e1ln\u00ed veli\u010dina, kter\u00e1 ud\u00e1v\u00e1 rychlost, kterou spot\u0159ebi\u010d, za\u0159\u00edzen\u00ed nebo syst\u00e9m spot\u0159ebov\u00e1v\u00e1 elektrickou energii. Je to forma v\u00fdkonu vyj\u00e1d\u0159en\u00e1 v jednotce watt (W). P\u0159\u00edkon je d\u016fle\u017eit\u00fdm \u00fadajem, kter\u00fd n\u00e1m \u0159\u00edk\u00e1, jak rychle se za\u0159\u00edzen\u00ed&amp;hellip;\">P\u0159\u00edkon<\/span>:<\/span><\/strong><\/td>\n<td style=\"width: 292.125px;\"><span style=\"font-family: 'Exo 2', sans-serif;\">1200 \/ 2000 W ( startovac\u00ed 2400 \/ 4000 W )<\/span><\/td>\n<\/tr>\n<tr>\n<td style=\"width: 183px;\"><strong><span style=\"font-family: 'Exo 2', sans-serif;\">Nab\u00edjec\u00ed proud:<\/span><\/strong><\/td>\n<td style=\"width: 292.125px;\"><span style=\"font-family: 'Exo 2', sans-serif;\">30 A<\/span><\/td>\n<\/tr>\n<tr>\n<td style=\"width: 183px;\"><strong><span style=\"font-family: 'Exo 2', sans-serif;\">Startovac\u00ed proud:<\/span><\/strong><\/td>\n<td style=\"width: 292.125px;\"><span style=\"font-family: 'Exo 2', sans-serif;\">250 A<\/span><\/td>\n<\/tr>\n<tr>\n<td style=\"width: 183px;\"><strong><span style=\"font-family: 'Exo 2', sans-serif;\">Vhodn\u00e9 pro baterie:<\/span><\/strong><\/td>\n<td style=\"width: 292.125px;\"><span style=\"font-family: 'Exo 2', sans-serif;\">20 a\u017e 700 Ah<\/span><\/td>\n<\/tr>\n<tr>\n<td style=\"width: 183px;\"><strong><span style=\"font-family: 'Exo 2', sans-serif;\">Hmotnost:<\/span><\/strong><\/td>\n<td style=\"width: 292.125px;\"><span style=\"font-family: 'Exo 2', sans-serif;\">21,2 kg<\/span><\/td>\n<\/tr>\n<\/tbody>\n<\/table><\/div>\n","protected":false},"excerpt":{"rendered":"<p>Detailn\u00ed popis produktu Autonab\u00edje\u010dka BC-430 Za\u0159\u00edzen\u00ed navr\u017een\u00e9 pro nab\u00edjen\u00ed a startov\u00e1n\u00ed olov\u011bn\u00fdch akumul\u00e1tor\u016f pou\u017e\u00edvan\u00fdch v r\u016fzn\u00fdch typech vozidel, v\u010detn\u011b motocykl\u016f, osobn\u00edch automobil\u016f, dod\u00e1vkov\u00fdch voz\u016f, traktor\u016f, n\u00e1kladn\u00edch voz\u016f a stavebn\u00edch stroj\u016f.&nbsp; P\u0159ep\u00edna\u010d pomal\u00e9ho a rychl\u00e9ho nab\u00edjen\u00ed: Tento p\u0159ep\u00edna\u010d umo\u017e\u0148uje nastavit rychlost nab\u00edjen\u00ed podle pot\u0159eby. Pomal\u00e9 nab\u00edjen\u00ed je vhodn\u00e9 pro udr\u017eov\u00e1n\u00ed baterie, zat\u00edmco rychl\u00e9 nab\u00edjen\u00ed je rychlej\u0161\u00ed [&hellip;]<\/p>\n","protected":false},"featured_media":35217,"comment_status":"open","ping_status":"open","template":"","meta":[],"product_brand":[],"product_cat":[117],"product_tag":[],"class_list":{"0":"post-35117","1":"product","2":"type-product","3":"status-publish","4":"has-post-thumbnail","6":"product_cat-automotive","8":"first","9":"instock","10":"sale","11":"shipping-taxable","12":"purchasable","13":"product-type-simple"},"yoast_head":"<!-- This site is optimized with the Yoast SEO plugin v26.8 - https:\/\/yoast.com\/product\/yoast-seo-wordpress\/ -->\n<title>Autonab\u00edje\u010dka BC-430 startovac\u00ed voz\u00edk, 12\/24 V, 30 A | element-shop.cz Ak\u010dn\u00ed Cena -<\/title>\n<meta name=\"robots\" content=\"index, follow, max-snippet:-1, max-image-preview:large, max-video-preview:-1\" \/>\n<link rel=\"canonical\" href=\"https:\/\/www.koupelnapro.com\/index.php\/produkt\/autonabijecka-bc-430-startovaci-vozik-12-24-v-30-a-element-shop-cz-akcni-cena-35117\/\" \/>\n<meta property=\"og:locale\" content=\"cs_CZ\" \/>\n<meta property=\"og:type\" content=\"article\" \/>\n<meta property=\"og:title\" content=\"Autonab\u00edje\u010dka BC-430 startovac\u00ed voz\u00edk, 12\/24 V, 30 A | element-shop.cz Ak\u010dn\u00ed Cena -\" \/>\n<meta property=\"og:description\" content=\"Detailn\u00ed popis produktu Autonab\u00edje\u010dka BC-430 Za\u0159\u00edzen\u00ed navr\u017een\u00e9 pro nab\u00edjen\u00ed a startov\u00e1n\u00ed olov\u011bn\u00fdch akumul\u00e1tor\u016f pou\u017e\u00edvan\u00fdch v r\u016fzn\u00fdch typech vozidel, v\u010detn\u011b motocykl\u016f, osobn\u00edch automobil\u016f, dod\u00e1vkov\u00fdch voz\u016f, traktor\u016f, n\u00e1kladn\u00edch voz\u016f a stavebn\u00edch stroj\u016f.&nbsp; P\u0159ep\u00edna\u010d pomal\u00e9ho a rychl\u00e9ho nab\u00edjen\u00ed: Tento p\u0159ep\u00edna\u010d umo\u017e\u0148uje nastavit rychlost nab\u00edjen\u00ed podle pot\u0159eby. Pomal\u00e9 nab\u00edjen\u00ed je vhodn\u00e9 pro udr\u017eov\u00e1n\u00ed baterie, zat\u00edmco rychl\u00e9 nab\u00edjen\u00ed je rychlej\u0161\u00ed [&hellip;]\" \/>\n<meta property=\"og:url\" content=\"https:\/\/www.koupelnapro.com\/index.php\/produkt\/autonabijecka-bc-430-startovaci-vozik-12-24-v-30-a-element-shop-cz-akcni-cena-35117\/\" \/>\n<meta property=\"og:image\" content=\"https:\/\/www.koupelnapro.com\/wp-content\/uploads\/2026\/SK0003609-CZ20260425-092522-0-1777080324-93003_rewrite-71168-116115.webp\" \/>\n\t<meta property=\"og:image:width\" content=\"1000\" \/>\n\t<meta property=\"og:image:height\" content=\"750\" \/>\n\t<meta property=\"og:image:type\" content=\"image\/webp\" \/>\n<meta name=\"twitter:card\" content=\"summary_large_image\" \/>\n<meta name=\"twitter:label1\" content=\"Odhadovan\u00e1 doba \u010dten\u00ed\" \/>\n\t<meta name=\"twitter:data1\" content=\"2 minuty\" \/>\n<script type=\"application\/ld+json\" class=\"yoast-schema-graph\">{\"@context\":\"https:\/\/schema.org\",\"@graph\":[{\"@type\":\"WebPage\",\"@id\":\"https:\/\/www.koupelnapro.com\/index.php\/produkt\/autonabijecka-bc-430-startovaci-vozik-12-24-v-30-a-element-shop-cz-akcni-cena-35117\/\",\"url\":\"https:\/\/www.koupelnapro.com\/index.php\/produkt\/autonabijecka-bc-430-startovaci-vozik-12-24-v-30-a-element-shop-cz-akcni-cena-35117\/\",\"name\":\"Autonab\u00edje\u010dka BC-430 startovac\u00ed voz\u00edk, 12\/24 V, 30 A | element-shop.cz Ak\u010dn\u00ed Cena -\",\"isPartOf\":{\"@id\":\"https:\/\/www.koupelnapro.com\/#website\"},\"primaryImageOfPage\":{\"@id\":\"https:\/\/www.koupelnapro.com\/index.php\/produkt\/autonabijecka-bc-430-startovaci-vozik-12-24-v-30-a-element-shop-cz-akcni-cena-35117\/#primaryimage\"},\"image\":{\"@id\":\"https:\/\/www.koupelnapro.com\/index.php\/produkt\/autonabijecka-bc-430-startovaci-vozik-12-24-v-30-a-element-shop-cz-akcni-cena-35117\/#primaryimage\"},\"thumbnailUrl\":\"https:\/\/www.koupelnapro.com\/wp-content\/uploads\/2026\/SK0003609-CZ20260425-092522-0-1777080324-93003_rewrite-71168-116115.webp\",\"datePublished\":\"2026-04-26T09:15:34+00:00\",\"breadcrumb\":{\"@id\":\"https:\/\/www.koupelnapro.com\/index.php\/produkt\/autonabijecka-bc-430-startovaci-vozik-12-24-v-30-a-element-shop-cz-akcni-cena-35117\/#breadcrumb\"},\"inLanguage\":\"cs\",\"potentialAction\":[{\"@type\":\"ReadAction\",\"target\":[\"https:\/\/www.koupelnapro.com\/index.php\/produkt\/autonabijecka-bc-430-startovaci-vozik-12-24-v-30-a-element-shop-cz-akcni-cena-35117\/\"]}]},{\"@type\":\"ImageObject\",\"inLanguage\":\"cs\",\"@id\":\"https:\/\/www.koupelnapro.com\/index.php\/produkt\/autonabijecka-bc-430-startovaci-vozik-12-24-v-30-a-element-shop-cz-akcni-cena-35117\/#primaryimage\",\"url\":\"https:\/\/www.koupelnapro.com\/wp-content\/uploads\/2026\/SK0003609-CZ20260425-092522-0-1777080324-93003_rewrite-71168-116115.webp\",\"contentUrl\":\"https:\/\/www.koupelnapro.com\/wp-content\/uploads\/2026\/SK0003609-CZ20260425-092522-0-1777080324-93003_rewrite-71168-116115.webp\",\"width\":1000,\"height\":750},{\"@type\":\"BreadcrumbList\",\"@id\":\"https:\/\/www.koupelnapro.com\/index.php\/produkt\/autonabijecka-bc-430-startovaci-vozik-12-24-v-30-a-element-shop-cz-akcni-cena-35117\/#breadcrumb\",\"itemListElement\":[{\"@type\":\"ListItem\",\"position\":1,\"name\":\"Home\",\"item\":\"https:\/\/www.koupelnapro.com\/\"},{\"@type\":\"ListItem\",\"position\":2,\"name\":\"Products\",\"item\":\"https:\/\/www.koupelnapro.com\/index.php\/products\/\"},{\"@type\":\"ListItem\",\"position\":3,\"name\":\"Autonab\u00edje\u010dka BC-430 startovac\u00ed voz\u00edk, 12\/24 V, 30 A | element-shop.cz Ak\u010dn\u00ed Cena\"}]},{\"@type\":\"WebSite\",\"@id\":\"https:\/\/www.koupelnapro.com\/#website\",\"url\":\"https:\/\/www.koupelnapro.com\/\",\"name\":\"\",\"description\":\"\",\"potentialAction\":[{\"@type\":\"SearchAction\",\"target\":{\"@type\":\"EntryPoint\",\"urlTemplate\":\"https:\/\/www.koupelnapro.com\/?s={search_term_string}\"},\"query-input\":{\"@type\":\"PropertyValueSpecification\",\"valueRequired\":true,\"valueName\":\"search_term_string\"}}],\"inLanguage\":\"cs\"}]}<\/script>\n<!-- \/ Yoast SEO plugin. -->","yoast_head_json":{"title":"Autonab\u00edje\u010dka BC-430 startovac\u00ed voz\u00edk, 12\/24 V, 30 A | element-shop.cz Ak\u010dn\u00ed Cena -","robots":{"index":"index","follow":"follow","max-snippet":"max-snippet:-1","max-image-preview":"max-image-preview:large","max-video-preview":"max-video-preview:-1"},"canonical":"https:\/\/www.koupelnapro.com\/index.php\/produkt\/autonabijecka-bc-430-startovaci-vozik-12-24-v-30-a-element-shop-cz-akcni-cena-35117\/","og_locale":"cs_CZ","og_type":"article","og_title":"Autonab\u00edje\u010dka BC-430 startovac\u00ed voz\u00edk, 12\/24 V, 30 A | element-shop.cz Ak\u010dn\u00ed Cena -","og_description":"Detailn\u00ed popis produktu Autonab\u00edje\u010dka BC-430 Za\u0159\u00edzen\u00ed navr\u017een\u00e9 pro nab\u00edjen\u00ed a startov\u00e1n\u00ed olov\u011bn\u00fdch akumul\u00e1tor\u016f pou\u017e\u00edvan\u00fdch v r\u016fzn\u00fdch typech vozidel, v\u010detn\u011b motocykl\u016f, osobn\u00edch automobil\u016f, dod\u00e1vkov\u00fdch voz\u016f, traktor\u016f, n\u00e1kladn\u00edch voz\u016f a stavebn\u00edch stroj\u016f.&nbsp; P\u0159ep\u00edna\u010d pomal\u00e9ho a rychl\u00e9ho nab\u00edjen\u00ed: Tento p\u0159ep\u00edna\u010d umo\u017e\u0148uje nastavit rychlost nab\u00edjen\u00ed podle pot\u0159eby. Pomal\u00e9 nab\u00edjen\u00ed je vhodn\u00e9 pro udr\u017eov\u00e1n\u00ed baterie, zat\u00edmco rychl\u00e9 nab\u00edjen\u00ed je rychlej\u0161\u00ed [&hellip;]","og_url":"https:\/\/www.koupelnapro.com\/index.php\/produkt\/autonabijecka-bc-430-startovaci-vozik-12-24-v-30-a-element-shop-cz-akcni-cena-35117\/","og_image":[{"width":1000,"height":750,"url":"https:\/\/www.koupelnapro.com\/wp-content\/uploads\/2026\/SK0003609-CZ20260425-092522-0-1777080324-93003_rewrite-71168-116115.webp","type":"image\/webp"}],"twitter_card":"summary_large_image","twitter_misc":{"Odhadovan\u00e1 doba \u010dten\u00ed":"2 minuty"},"schema":{"@context":"https:\/\/schema.org","@graph":[{"@type":"WebPage","@id":"https:\/\/www.koupelnapro.com\/index.php\/produkt\/autonabijecka-bc-430-startovaci-vozik-12-24-v-30-a-element-shop-cz-akcni-cena-35117\/","url":"https:\/\/www.koupelnapro.com\/index.php\/produkt\/autonabijecka-bc-430-startovaci-vozik-12-24-v-30-a-element-shop-cz-akcni-cena-35117\/","name":"Autonab\u00edje\u010dka BC-430 startovac\u00ed voz\u00edk, 12\/24 V, 30 A | element-shop.cz Ak\u010dn\u00ed Cena -","isPartOf":{"@id":"https:\/\/www.koupelnapro.com\/#website"},"primaryImageOfPage":{"@id":"https:\/\/www.koupelnapro.com\/index.php\/produkt\/autonabijecka-bc-430-startovaci-vozik-12-24-v-30-a-element-shop-cz-akcni-cena-35117\/#primaryimage"},"image":{"@id":"https:\/\/www.koupelnapro.com\/index.php\/produkt\/autonabijecka-bc-430-startovaci-vozik-12-24-v-30-a-element-shop-cz-akcni-cena-35117\/#primaryimage"},"thumbnailUrl":"https:\/\/www.koupelnapro.com\/wp-content\/uploads\/2026\/SK0003609-CZ20260425-092522-0-1777080324-93003_rewrite-71168-116115.webp","datePublished":"2026-04-26T09:15:34+00:00","breadcrumb":{"@id":"https:\/\/www.koupelnapro.com\/index.php\/produkt\/autonabijecka-bc-430-startovaci-vozik-12-24-v-30-a-element-shop-cz-akcni-cena-35117\/#breadcrumb"},"inLanguage":"cs","potentialAction":[{"@type":"ReadAction","target":["https:\/\/www.koupelnapro.com\/index.php\/produkt\/autonabijecka-bc-430-startovaci-vozik-12-24-v-30-a-element-shop-cz-akcni-cena-35117\/"]}]},{"@type":"ImageObject","inLanguage":"cs","@id":"https:\/\/www.koupelnapro.com\/index.php\/produkt\/autonabijecka-bc-430-startovaci-vozik-12-24-v-30-a-element-shop-cz-akcni-cena-35117\/#primaryimage","url":"https:\/\/www.koupelnapro.com\/wp-content\/uploads\/2026\/SK0003609-CZ20260425-092522-0-1777080324-93003_rewrite-71168-116115.webp","contentUrl":"https:\/\/www.koupelnapro.com\/wp-content\/uploads\/2026\/SK0003609-CZ20260425-092522-0-1777080324-93003_rewrite-71168-116115.webp","width":1000,"height":750},{"@type":"BreadcrumbList","@id":"https:\/\/www.koupelnapro.com\/index.php\/produkt\/autonabijecka-bc-430-startovaci-vozik-12-24-v-30-a-element-shop-cz-akcni-cena-35117\/#breadcrumb","itemListElement":[{"@type":"ListItem","position":1,"name":"Home","item":"https:\/\/www.koupelnapro.com\/"},{"@type":"ListItem","position":2,"name":"Products","item":"https:\/\/www.koupelnapro.com\/index.php\/products\/"},{"@type":"ListItem","position":3,"name":"Autonab\u00edje\u010dka BC-430 startovac\u00ed voz\u00edk, 12\/24 V, 30 A | element-shop.cz Ak\u010dn\u00ed Cena"}]},{"@type":"WebSite","@id":"https:\/\/www.koupelnapro.com\/#website","url":"https:\/\/www.koupelnapro.com\/","name":"","description":"","potentialAction":[{"@type":"SearchAction","target":{"@type":"EntryPoint","urlTemplate":"https:\/\/www.koupelnapro.com\/?s={search_term_string}"},"query-input":{"@type":"PropertyValueSpecification","valueRequired":true,"valueName":"search_term_string"}}],"inLanguage":"cs"}]}},"_links":{"self":[{"href":"https:\/\/www.koupelnapro.com\/index.php\/wp-json\/wp\/v2\/product\/35117","targetHints":{"allow":["GET"]}}],"collection":[{"href":"https:\/\/www.koupelnapro.com\/index.php\/wp-json\/wp\/v2\/product"}],"about":[{"href":"https:\/\/www.koupelnapro.com\/index.php\/wp-json\/wp\/v2\/types\/product"}],"replies":[{"embeddable":true,"href":"https:\/\/www.koupelnapro.com\/index.php\/wp-json\/wp\/v2\/comments?post=35117"}],"wp:featuredmedia":[{"embeddable":true,"href":"https:\/\/www.koupelnapro.com\/index.php\/wp-json\/wp\/v2\/media\/35217"}],"wp:attachment":[{"href":"https:\/\/www.koupelnapro.com\/index.php\/wp-json\/wp\/v2\/media?parent=35117"}],"wp:term":[{"taxonomy":"product_brand","embeddable":true,"href":"https:\/\/www.koupelnapro.com\/index.php\/wp-json\/wp\/v2\/product_brand?post=35117"},{"taxonomy":"product_cat","embeddable":true,"href":"https:\/\/www.koupelnapro.com\/index.php\/wp-json\/wp\/v2\/product_cat?post=35117"},{"taxonomy":"product_tag","embeddable":true,"href":"https:\/\/www.koupelnapro.com\/index.php\/wp-json\/wp\/v2\/product_tag?post=35117"}],"curies":[{"name":"wp","href":"https:\/\/api.w.org\/{rel}","templated":true}]}}