{"id":34974,"date":"2026-04-26T09:15:33","date_gmt":"2026-04-26T09:15:33","guid":{"rendered":""},"modified":"2026-04-26T09:15:33","modified_gmt":"2026-04-26T09:15:33","slug":"ics-r-kanystr-plastovy-15-l-cenove-vyhodny-34974","status":"publish","type":"product","link":"https:\/\/www.koupelnapro.com\/index.php\/produkt\/ics-r-kanystr-plastovy-15-l-cenove-vyhodny-34974\/","title":{"rendered":"ICS\u00ae Kanystr plastov\u00fd, 15 l Cenov\u011b V\u00fdhodn\u00fd"},"content":{"rendered":"<div class=\"basic-description\">\n<h3>Detailn\u00ed popis produktu<\/h3>\n<div id=\"pobo-all-content\" data-pobo-content=\"product\" data-pobo-config=\"{&quot;product_id&quot;:3881527,&quot;value_lang&quot;:&quot;default&quot;,&quot;enable_marketplace&quot;:false}\">\n<div id=\"pobo-standard-widget\">\n<div data-pobo-widget-id=\"5\">\n<div class=\"widget-projector\">\n<div class=\"empty\">\n<h1><strong>Kanystr na vodu <span class=\"show-tooltip\" title=\"Plastyn\u011bkdy tak\u00e9 naz\u00fdvan\u00e9 plastick\u00e9 \u010di um\u011bl\u00e9 hmoty, p\u0159edstavuj\u00ed \u0161irokou \u0161k\u00e1lu syntetick\u00fdch nebo \u010d\u00e1ste\u010dn\u011b syntetick\u00fdch organick\u00fdch slou\u010denin a polymern\u00edch materi\u00e1l\u016f. \u010casto obsahuj\u00ed p\u0159\u00edsady zlep\u0161uj\u00edc\u00ed jejich funk\u010dn\u00ed vlastnosti, nap\u0159\u00edklad&amp;hellip;\">plastov\u00fd<\/span>, 15 l<\/strong><\/h1>\n<div><strong>\u058d Plastov\u00fd kanystr s hrdlem a \u0161roubovac\u00edm v\u00ed\u010dkem je praktick\u00fdm a univerz\u00e1ln\u00edm \u0159e\u0161en\u00edm pro skladov\u00e1n\u00ed a p\u0159epravu <span class=\"show-tooltip\" title=\"Kapalina je skupenstv\u00ed l\u00e1tky, kter\u00e9 se vyzna\u010duje t\u00edm, \u017ee m\u00e1 pevn\u00fd objem, ale nen\u00ed schopna udr\u017eet sv\u016fj tvar a p\u0159izp\u016fsobuje se tvaru n\u00e1doby, do kter\u00e9 je um\u00edst\u011bna. Kapaliny zahrnuj\u00ed \u0161irokou \u0161k\u00e1lu l\u00e1tek, od vody a oleje po alkoholy a benz\u00edn.Kapaliny&amp;hellip;\">kapaln\u00fdch<\/span> l\u00e1tek. <\/strong><\/div>\n<div><strong>\u058d Jeho <span class=\"show-tooltip\" title=\"Konstrukce je proces tvorby a sestaven\u00ed r\u016fzn\u00fdch prvk\u016f nebo sou\u010d\u00e1st\u00ed do funk\u010dn\u00edho celku, kter\u00fd m\u016f\u017ee slou\u017eit k ur\u010dit\u00e9mu \u00fa\u010delu. V kontextu stavebnictv\u00ed a in\u017een\u00fdrstv\u00ed zahrnuje konstrukce tvorbu budov, most\u016f, silnic, pr\u016fmyslov\u00fdch za\u0159\u00edzen\u00ed,&amp;hellip;\">konstrukce<\/span> umo\u017e\u0148uje pou\u017eit\u00ed v r\u016fzn\u00fdch oblastech, jako je dom\u00e1cnost, automobilov\u00fd pr\u016fmysl, \u010di potravin\u00e1\u0159stv\u00ed, s v\u00fdjimkou pou\u017eit\u00ed pro paliva s PHM.<\/strong><\/div>\n<div>&nbsp;<\/div>\n<div><strong>Materi\u00e1l a konstrukce:&nbsp;<\/strong>Kanystr je vyroben z odoln\u00e9ho plastov\u00e9ho materi\u00e1lu, kter\u00fd je odoln\u00fd v\u016f\u010di v\u011bt\u0161in\u011b b\u011b\u017en\u00fdch chemik\u00e1li\u00ed.<\/div>\n<div>Hrdlo kanystru umo\u017e\u0148uje snadn\u00e9 a bezpe\u010dn\u00e9 nal\u00e9v\u00e1n\u00ed nejr\u016fzn\u011bj\u0161\u00edch kapaln\u00fdch l\u00e1tek.<\/div>\n<div><strong>\u0160roubovac\u00ed v\u00ed\u010dko:&nbsp;<\/strong>Kanystr je vybaven \u0161roubovac\u00edm v\u00ed\u010dkem, kter\u00e9 zaji\u0161\u0165uje t\u011bsnost a snadn\u00e9 otev\u00edr\u00e1n\u00ed\/zav\u00edr\u00e1n\u00ed.<\/div>\n<div><strong>Univerz\u00e1ln\u00ed pou\u017eit\u00ed:&nbsp;<\/strong>Kanystr je vhodn\u00fd pro skladov\u00e1n\u00ed a p\u0159epravu vody, bytov\u00e9 chemie, autokosmetiky, prac\u00edch prost\u0159edk\u016f a dal\u0161\u00edch kapalin.<\/div>\n<div><strong>Omezen\u00ed pou\u017eit\u00ed na PHM:&nbsp;<\/strong>Nen\u00ed ur\u010den pro skladov\u00e1n\u00ed paliv s PHM (p\u0159\u00edpravky nebezpe\u010dn\u00e9 pro zdrav\u00ed).<\/div>\n<div><strong>Nestohovateln\u00fd:&nbsp;<\/strong>Kanystr nen\u00ed navr\u017een pro stohov\u00e1n\u00ed, co\u017e zabra\u0148uje <span class=\"show-tooltip\" title=\"Deformace je pojem, kter\u00fd se pou\u017e\u00edv\u00e1 k popisu zm\u011bny tvaru nebo rozm\u011br\u016f materi\u00e1lu, kter\u00e1 nast\u00e1v\u00e1 v d\u016fsledku p\u016fsoben\u00ed sil nebo zat\u00ed\u017een\u00ed. Deformace m\u016f\u017ee b\u00fdt do\u010dasn\u00e1 (elasticita) nebo trval\u00e1 (plasticita), v z\u00e1vislosti na vlastnostech materi\u00e1lu a&amp;hellip;\">deformaci<\/span> nebo po\u0161kozen\u00ed p\u0159i skladov\u00e1n\u00ed ve v\u00edce vrstv\u00e1ch.&nbsp;<\/div>\n<div>&nbsp;<\/div>\n<div>\n<div><span><strong><span class=\"show-tooltip\" title=\"Objem je fyzik\u00e1ln\u00ed veli\u010dina, kter\u00e1 vyjad\u0159uje prostor obsazen\u00fd t\u011blesem. Objem se zpravidla m\u011b\u0159\u00ed v krychlov\u00fdch jednotk\u00e1ch, nap\u0159\u00edklad krychlov\u00e9 metry (m\u00b3) nebo krychlov\u00e9 centimetry (cm\u00b3). Objem lze vypo\u010d\u00edtat r\u016fzn\u00fdmi zp\u016fsoby, v z\u00e1vislosti na&amp;hellip;\">Objem<\/span>: <\/strong>15 l<\/span><\/div>\n<div><span><strong>Materi\u00e1l: <\/strong>PE<\/span><\/div>\n<div><span><strong>Rozm\u011bry: <\/strong>43\u00d728\u00d717 cm<\/span><\/div>\n<\/div>\n<p><span class=\"rc-advantages-four__info-text\"><\/span><\/div>\n<\/div>\n<\/div>\n<\/div>\n<div id=\"pobo-share-widget\">&nbsp;<\/div>\n<\/div>\n<div id=\"hzViewer\" style=\"background: none; line-height: 0px; overflow: hidden; padding: 10px 5px; position: absolute; z-index: 2147483647; visibility: visible; opacity: 1; top: 5px; left: 759px; width: auto; height: auto; cursor: pointer; pointer-events: none; display: none;\">&nbsp;<\/div>\n<\/p><\/div>\n","protected":false},"excerpt":{"rendered":"<p>Detailn\u00ed popis produktu Kanystr na vodu plastov\u00fd, 15 l \u058d Plastov\u00fd kanystr s hrdlem a \u0161roubovac\u00edm v\u00ed\u010dkem je praktick\u00fdm a univerz\u00e1ln\u00edm \u0159e\u0161en\u00edm pro skladov\u00e1n\u00ed a p\u0159epravu kapaln\u00fdch l\u00e1tek. \u058d Jeho konstrukce umo\u017e\u0148uje pou\u017eit\u00ed v r\u016fzn\u00fdch oblastech, jako je dom\u00e1cnost, automobilov\u00fd pr\u016fmysl, \u010di potravin\u00e1\u0159stv\u00ed, s v\u00fdjimkou pou\u017eit\u00ed pro paliva s PHM. &nbsp; Materi\u00e1l a konstrukce:&nbsp;Kanystr je [&hellip;]<\/p>\n","protected":false},"featured_media":35074,"comment_status":"open","ping_status":"open","template":"","meta":[],"product_brand":[],"product_cat":[117],"product_tag":[],"class_list":{"0":"post-34974","1":"product","2":"type-product","3":"status-publish","4":"has-post-thumbnail","6":"product_cat-automotive","8":"first","9":"instock","10":"sale","11":"shipping-taxable","12":"purchasable","13":"product-type-simple"},"yoast_head":"<!-- This site is optimized with the Yoast SEO plugin v26.8 - https:\/\/yoast.com\/product\/yoast-seo-wordpress\/ -->\n<title>ICS\u00ae Kanystr plastov\u00fd, 15 l Cenov\u011b V\u00fdhodn\u00fd -<\/title>\n<meta name=\"robots\" content=\"index, follow, max-snippet:-1, max-image-preview:large, max-video-preview:-1\" \/>\n<link rel=\"canonical\" href=\"https:\/\/www.koupelnapro.com\/index.php\/produkt\/ics-r-kanystr-plastovy-15-l-cenove-vyhodny-34974\/\" \/>\n<meta property=\"og:locale\" content=\"cs_CZ\" \/>\n<meta property=\"og:type\" content=\"article\" \/>\n<meta property=\"og:title\" content=\"ICS\u00ae Kanystr plastov\u00fd, 15 l Cenov\u011b V\u00fdhodn\u00fd -\" \/>\n<meta property=\"og:description\" content=\"Detailn\u00ed popis produktu Kanystr na vodu plastov\u00fd, 15 l \u058d Plastov\u00fd kanystr s hrdlem a \u0161roubovac\u00edm v\u00ed\u010dkem je praktick\u00fdm a univerz\u00e1ln\u00edm \u0159e\u0161en\u00edm pro skladov\u00e1n\u00ed a p\u0159epravu kapaln\u00fdch l\u00e1tek. \u058d Jeho konstrukce umo\u017e\u0148uje pou\u017eit\u00ed v r\u016fzn\u00fdch oblastech, jako je dom\u00e1cnost, automobilov\u00fd pr\u016fmysl, \u010di potravin\u00e1\u0159stv\u00ed, s v\u00fdjimkou pou\u017eit\u00ed pro paliva s PHM. &nbsp; Materi\u00e1l a konstrukce:&nbsp;Kanystr je [&hellip;]\" \/>\n<meta property=\"og:url\" content=\"https:\/\/www.koupelnapro.com\/index.php\/produkt\/ics-r-kanystr-plastovy-15-l-cenove-vyhodny-34974\/\" \/>\n<meta property=\"og:image\" content=\"https:\/\/www.koupelnapro.com\/wp-content\/uploads\/2026\/SK0003566-CZ20260425-092522-0-1777080324-92736_rewrite-59824-11261k.webp\" \/>\n\t<meta property=\"og:image:width\" content=\"1000\" \/>\n\t<meta property=\"og:image:height\" content=\"750\" \/>\n\t<meta property=\"og:image:type\" content=\"image\/webp\" \/>\n<meta name=\"twitter:card\" content=\"summary_large_image\" \/>\n<meta name=\"twitter:label1\" content=\"Odhadovan\u00e1 doba \u010dten\u00ed\" \/>\n\t<meta name=\"twitter:data1\" content=\"1 minuta\" \/>\n<script type=\"application\/ld+json\" class=\"yoast-schema-graph\">{\"@context\":\"https:\/\/schema.org\",\"@graph\":[{\"@type\":\"WebPage\",\"@id\":\"https:\/\/www.koupelnapro.com\/index.php\/produkt\/ics-r-kanystr-plastovy-15-l-cenove-vyhodny-34974\/\",\"url\":\"https:\/\/www.koupelnapro.com\/index.php\/produkt\/ics-r-kanystr-plastovy-15-l-cenove-vyhodny-34974\/\",\"name\":\"ICS\u00ae Kanystr plastov\u00fd, 15 l Cenov\u011b V\u00fdhodn\u00fd -\",\"isPartOf\":{\"@id\":\"https:\/\/www.koupelnapro.com\/#website\"},\"primaryImageOfPage\":{\"@id\":\"https:\/\/www.koupelnapro.com\/index.php\/produkt\/ics-r-kanystr-plastovy-15-l-cenove-vyhodny-34974\/#primaryimage\"},\"image\":{\"@id\":\"https:\/\/www.koupelnapro.com\/index.php\/produkt\/ics-r-kanystr-plastovy-15-l-cenove-vyhodny-34974\/#primaryimage\"},\"thumbnailUrl\":\"https:\/\/www.koupelnapro.com\/wp-content\/uploads\/2026\/SK0003566-CZ20260425-092522-0-1777080324-92736_rewrite-59824-11261k.webp\",\"datePublished\":\"2026-04-26T09:15:33+00:00\",\"breadcrumb\":{\"@id\":\"https:\/\/www.koupelnapro.com\/index.php\/produkt\/ics-r-kanystr-plastovy-15-l-cenove-vyhodny-34974\/#breadcrumb\"},\"inLanguage\":\"cs\",\"potentialAction\":[{\"@type\":\"ReadAction\",\"target\":[\"https:\/\/www.koupelnapro.com\/index.php\/produkt\/ics-r-kanystr-plastovy-15-l-cenove-vyhodny-34974\/\"]}]},{\"@type\":\"ImageObject\",\"inLanguage\":\"cs\",\"@id\":\"https:\/\/www.koupelnapro.com\/index.php\/produkt\/ics-r-kanystr-plastovy-15-l-cenove-vyhodny-34974\/#primaryimage\",\"url\":\"https:\/\/www.koupelnapro.com\/wp-content\/uploads\/2026\/SK0003566-CZ20260425-092522-0-1777080324-92736_rewrite-59824-11261k.webp\",\"contentUrl\":\"https:\/\/www.koupelnapro.com\/wp-content\/uploads\/2026\/SK0003566-CZ20260425-092522-0-1777080324-92736_rewrite-59824-11261k.webp\",\"width\":1000,\"height\":750},{\"@type\":\"BreadcrumbList\",\"@id\":\"https:\/\/www.koupelnapro.com\/index.php\/produkt\/ics-r-kanystr-plastovy-15-l-cenove-vyhodny-34974\/#breadcrumb\",\"itemListElement\":[{\"@type\":\"ListItem\",\"position\":1,\"name\":\"Home\",\"item\":\"https:\/\/www.koupelnapro.com\/\"},{\"@type\":\"ListItem\",\"position\":2,\"name\":\"Products\",\"item\":\"https:\/\/www.koupelnapro.com\/index.php\/products\/\"},{\"@type\":\"ListItem\",\"position\":3,\"name\":\"ICS\u00ae Kanystr plastov\u00fd, 15 l Cenov\u011b V\u00fdhodn\u00fd\"}]},{\"@type\":\"WebSite\",\"@id\":\"https:\/\/www.koupelnapro.com\/#website\",\"url\":\"https:\/\/www.koupelnapro.com\/\",\"name\":\"\",\"description\":\"\",\"potentialAction\":[{\"@type\":\"SearchAction\",\"target\":{\"@type\":\"EntryPoint\",\"urlTemplate\":\"https:\/\/www.koupelnapro.com\/?s={search_term_string}\"},\"query-input\":{\"@type\":\"PropertyValueSpecification\",\"valueRequired\":true,\"valueName\":\"search_term_string\"}}],\"inLanguage\":\"cs\"}]}<\/script>\n<!-- \/ Yoast SEO plugin. -->","yoast_head_json":{"title":"ICS\u00ae Kanystr plastov\u00fd, 15 l Cenov\u011b V\u00fdhodn\u00fd -","robots":{"index":"index","follow":"follow","max-snippet":"max-snippet:-1","max-image-preview":"max-image-preview:large","max-video-preview":"max-video-preview:-1"},"canonical":"https:\/\/www.koupelnapro.com\/index.php\/produkt\/ics-r-kanystr-plastovy-15-l-cenove-vyhodny-34974\/","og_locale":"cs_CZ","og_type":"article","og_title":"ICS\u00ae Kanystr plastov\u00fd, 15 l Cenov\u011b V\u00fdhodn\u00fd -","og_description":"Detailn\u00ed popis produktu Kanystr na vodu plastov\u00fd, 15 l \u058d Plastov\u00fd kanystr s hrdlem a \u0161roubovac\u00edm v\u00ed\u010dkem je praktick\u00fdm a univerz\u00e1ln\u00edm \u0159e\u0161en\u00edm pro skladov\u00e1n\u00ed a p\u0159epravu kapaln\u00fdch l\u00e1tek. \u058d Jeho konstrukce umo\u017e\u0148uje pou\u017eit\u00ed v r\u016fzn\u00fdch oblastech, jako je dom\u00e1cnost, automobilov\u00fd pr\u016fmysl, \u010di potravin\u00e1\u0159stv\u00ed, s v\u00fdjimkou pou\u017eit\u00ed pro paliva s PHM. &nbsp; Materi\u00e1l a konstrukce:&nbsp;Kanystr je [&hellip;]","og_url":"https:\/\/www.koupelnapro.com\/index.php\/produkt\/ics-r-kanystr-plastovy-15-l-cenove-vyhodny-34974\/","og_image":[{"width":1000,"height":750,"url":"https:\/\/www.koupelnapro.com\/wp-content\/uploads\/2026\/SK0003566-CZ20260425-092522-0-1777080324-92736_rewrite-59824-11261k.webp","type":"image\/webp"}],"twitter_card":"summary_large_image","twitter_misc":{"Odhadovan\u00e1 doba \u010dten\u00ed":"1 minuta"},"schema":{"@context":"https:\/\/schema.org","@graph":[{"@type":"WebPage","@id":"https:\/\/www.koupelnapro.com\/index.php\/produkt\/ics-r-kanystr-plastovy-15-l-cenove-vyhodny-34974\/","url":"https:\/\/www.koupelnapro.com\/index.php\/produkt\/ics-r-kanystr-plastovy-15-l-cenove-vyhodny-34974\/","name":"ICS\u00ae Kanystr plastov\u00fd, 15 l Cenov\u011b V\u00fdhodn\u00fd -","isPartOf":{"@id":"https:\/\/www.koupelnapro.com\/#website"},"primaryImageOfPage":{"@id":"https:\/\/www.koupelnapro.com\/index.php\/produkt\/ics-r-kanystr-plastovy-15-l-cenove-vyhodny-34974\/#primaryimage"},"image":{"@id":"https:\/\/www.koupelnapro.com\/index.php\/produkt\/ics-r-kanystr-plastovy-15-l-cenove-vyhodny-34974\/#primaryimage"},"thumbnailUrl":"https:\/\/www.koupelnapro.com\/wp-content\/uploads\/2026\/SK0003566-CZ20260425-092522-0-1777080324-92736_rewrite-59824-11261k.webp","datePublished":"2026-04-26T09:15:33+00:00","breadcrumb":{"@id":"https:\/\/www.koupelnapro.com\/index.php\/produkt\/ics-r-kanystr-plastovy-15-l-cenove-vyhodny-34974\/#breadcrumb"},"inLanguage":"cs","potentialAction":[{"@type":"ReadAction","target":["https:\/\/www.koupelnapro.com\/index.php\/produkt\/ics-r-kanystr-plastovy-15-l-cenove-vyhodny-34974\/"]}]},{"@type":"ImageObject","inLanguage":"cs","@id":"https:\/\/www.koupelnapro.com\/index.php\/produkt\/ics-r-kanystr-plastovy-15-l-cenove-vyhodny-34974\/#primaryimage","url":"https:\/\/www.koupelnapro.com\/wp-content\/uploads\/2026\/SK0003566-CZ20260425-092522-0-1777080324-92736_rewrite-59824-11261k.webp","contentUrl":"https:\/\/www.koupelnapro.com\/wp-content\/uploads\/2026\/SK0003566-CZ20260425-092522-0-1777080324-92736_rewrite-59824-11261k.webp","width":1000,"height":750},{"@type":"BreadcrumbList","@id":"https:\/\/www.koupelnapro.com\/index.php\/produkt\/ics-r-kanystr-plastovy-15-l-cenove-vyhodny-34974\/#breadcrumb","itemListElement":[{"@type":"ListItem","position":1,"name":"Home","item":"https:\/\/www.koupelnapro.com\/"},{"@type":"ListItem","position":2,"name":"Products","item":"https:\/\/www.koupelnapro.com\/index.php\/products\/"},{"@type":"ListItem","position":3,"name":"ICS\u00ae Kanystr plastov\u00fd, 15 l Cenov\u011b V\u00fdhodn\u00fd"}]},{"@type":"WebSite","@id":"https:\/\/www.koupelnapro.com\/#website","url":"https:\/\/www.koupelnapro.com\/","name":"","description":"","potentialAction":[{"@type":"SearchAction","target":{"@type":"EntryPoint","urlTemplate":"https:\/\/www.koupelnapro.com\/?s={search_term_string}"},"query-input":{"@type":"PropertyValueSpecification","valueRequired":true,"valueName":"search_term_string"}}],"inLanguage":"cs"}]}},"_links":{"self":[{"href":"https:\/\/www.koupelnapro.com\/index.php\/wp-json\/wp\/v2\/product\/34974","targetHints":{"allow":["GET"]}}],"collection":[{"href":"https:\/\/www.koupelnapro.com\/index.php\/wp-json\/wp\/v2\/product"}],"about":[{"href":"https:\/\/www.koupelnapro.com\/index.php\/wp-json\/wp\/v2\/types\/product"}],"replies":[{"embeddable":true,"href":"https:\/\/www.koupelnapro.com\/index.php\/wp-json\/wp\/v2\/comments?post=34974"}],"wp:featuredmedia":[{"embeddable":true,"href":"https:\/\/www.koupelnapro.com\/index.php\/wp-json\/wp\/v2\/media\/35074"}],"wp:attachment":[{"href":"https:\/\/www.koupelnapro.com\/index.php\/wp-json\/wp\/v2\/media?parent=34974"}],"wp:term":[{"taxonomy":"product_brand","embeddable":true,"href":"https:\/\/www.koupelnapro.com\/index.php\/wp-json\/wp\/v2\/product_brand?post=34974"},{"taxonomy":"product_cat","embeddable":true,"href":"https:\/\/www.koupelnapro.com\/index.php\/wp-json\/wp\/v2\/product_cat?post=34974"},{"taxonomy":"product_tag","embeddable":true,"href":"https:\/\/www.koupelnapro.com\/index.php\/wp-json\/wp\/v2\/product_tag?post=34974"}],"curies":[{"name":"wp","href":"https:\/\/api.w.org\/{rel}","templated":true}]}}