{"id":34931,"date":"2026-04-26T09:15:33","date_gmt":"2026-04-26T09:15:33","guid":{"rendered":""},"modified":"2026-04-26T09:15:33","modified_gmt":"2026-04-26T09:15:33","slug":"znackovy-retez-uzlovany-kozina-zn-3-1-mm-x-30-m-civka-din-5686-34931","status":"publish","type":"product","link":"https:\/\/www.koupelnapro.com\/index.php\/produkt\/znackovy-retez-uzlovany-kozina-zn-3-1-mm-x-30-m-civka-din-5686-34931\/","title":{"rendered":"Zna\u010dkov\u00fd \u0158et\u011bz uzlovan\u00fd (kozina) Zn 3,1 mm \u00d7 30 m c\u00edvka, DIN 5686"},"content":{"rendered":"<div class=\"basic-description\">\n<h3>Detailn\u00ed popis produktu<\/h3>\n<div id='pobo-all-content' data-pobo-content='product' data-pobo-config='{\"product_id\":3881434,\"value_lang\":\"default\",\"enable_marketplace\":false}'>\n<div id=\"pobo-standard-widget\">\n<div data-pobo-widget-id='5'>\n<div class=\"widget-projector\">\n<div class=\"empty\"> \u010cl\u00e1nkov\u00fd \u0159et\u011bz s uzlovan\u00fdmi oky. \u0158et\u011bz je mo\u017en\u00e9 vyu\u017e\u00edt nap\u0159\u00edklad na zav\u011b\u0161en\u00ed osv\u011btlen\u00ed, zved\u00e1n\u00ed b\u0159emen, odd\u011blen\u00ed <span class=\"show-tooltip\" title=\"Plocha je geometrick\u00fd term\u00edn, kter\u00fd ozna\u010duje dvourozm\u011brn\u00fd prostor nebo rozlohu. Jedn\u00e1 se o rozsah plochy, kter\u00fd je vyj\u00e1d\u0159en v jednotk\u00e1ch plochy, jako jsou \u010dtvere\u010dn\u00e9 metry (m\u00b2), \u010dtvere\u010dn\u00e9 centimetry (cm\u00b2), \u010dtvere\u010dn\u00e9 m\u00edle (mi\u00b2), a dal\u0161\u00ed.Plocha je&amp;hellip;\">prostor<\/span>, jako bezpe\u010dnostn\u00ed pojistku a dal\u0161\u00ed. Nejsou p\u0159\u00edmo ur\u010deny ke zved\u00e1n\u00ed b\u0159emen nad prostory s pohybem osob. \u0158et\u011bz nen\u00ed kalibrovan\u00fd a uveden\u00e1 <span class=\"show-tooltip\" title=\"Nosnost&amp;nbsp;resp.&amp;nbsp;\u00fanosnost&amp;nbsp;je obecn\u00e1 charakteristika, kter\u00e1 vyjad\u0159uje vzdor (kapacitu) dan\u00e9ho&amp;nbsp;objektu&amp;nbsp;nebo&amp;nbsp;p\u0159edm\u011btu&amp;nbsp;(nap\u0159. stavebn\u00ed konstrukce, z\u00e1kladov\u00e9 p\u016fdy,&amp;nbsp;dopravn\u00edho prost\u0159edku, apod.) v\u016f\u010di p\u016fsoben\u00ed n\u011bjak\u00fdch&amp;hellip;\">nosnost<\/span> je pouze orienta\u010dn\u00ed. <span class=\"show-tooltip\" title=\"Pr\u016fm\u011br kruhu a kru\u017enice je d\u00e9lka \u00fase\u010dky, kter\u00e1 proch\u00e1z\u00ed st\u0159edem kruhu a spojuje dva body na jeho obvodu. Zkr\u00e1cen\u011b se pr\u016fm\u011br kruhu ozna\u010duje symbolem &quot;d&quot;.Vztah mezi pr\u016fm\u011brem kruhu a jeho polom\u011brem &quot;r&quot; je n\u00e1sleduj\u00edc\u00ed: d = 2 * rKde &quot;d&quot; je&amp;hellip;\">Pr\u016fm\u011br<\/span> <span class=\"show-tooltip\" title=\"Dr\u00e1t je dlouh\u00e9, tenk\u00e9, pru\u017en\u00e9 kovov\u00e9 vl\u00e1kno vyr\u00e1b\u011bn\u00e9 ta\u017een\u00edm nebo v\u00e1lcov\u00e1n\u00edm. Dr\u00e1t je univerz\u00e1ln\u00ed materi\u00e1l s \u0161irok\u00fdm vyu\u017eit\u00edm. Pou\u017e\u00edv\u00e1 se v pr\u016fmyslu, stavebnictv\u00ed, elektronice, um\u011bn\u00ed a dal\u0161\u00edch oborech. Jeho vlastnosti z\u00e1vis\u00ed na materi\u00e1lu,&amp;hellip;\">dr\u00e1tu<\/span>: 3,1 mm <span class=\"show-tooltip\" title=\"D\u00e9lka&amp;nbsp;je jedna ze z\u00e1kladn\u00edch&amp;nbsp;fyzik\u00e1ln\u00edch veli\u010din. Pomoc\u00ed d\u00e9lky se vyjad\u0159uje vz\u00e1jemn\u00e1 poloha a rozprostran\u011bnost objekt\u016f v prostoru. D\u00e9lka jako fyzik\u00e1ln\u00ed veli\u010dina vych\u00e1z\u00ed z geometrick\u00e9ho pojmu&amp;nbsp;d\u00e9lky&amp;nbsp;jako&amp;nbsp;m\u00edry&amp;nbsp;ohrani\u010den\u00e9&amp;hellip;\">D\u00e9lka<\/span> oka: 46 mm ( vn\u011bj\u0161\u00ed ) \u0160\u00ed\u0159ka oka: 14 mm ( vn\u011bj\u0161\u00ed ) Nosnost: 100 kg D\u00e9lka n\u00e1vinu: 30 m Balen\u00ed: na <span class=\"show-tooltip\" title=\"Plastyn\u011bkdy tak\u00e9 naz\u00fdvan\u00e9 plastick\u00e9 \u010di um\u011bl\u00e9 hmoty, p\u0159edstavuj\u00ed \u0161irokou \u0161k\u00e1lu syntetick\u00fdch nebo \u010d\u00e1ste\u010dn\u011b syntetick\u00fdch organick\u00fdch slou\u010denin a polymern\u00edch materi\u00e1l\u016f. \u010casto obsahuj\u00ed p\u0159\u00edsady zlep\u0161uj\u00edc\u00ed jejich funk\u010dn\u00ed vlastnosti, nap\u0159\u00edklad&amp;hellip;\">plastov\u00e9<\/span> c\u00edvce Povrchov\u00e1 \u00faprava: <span class=\"show-tooltip\" title=\"Galvanizace, nebo tak\u00e9 galvanick\u00e9 pokovov\u00e1n\u00ed, je proces nan\u00e1\u0161en\u00ed tenk\u00e9 vrstvy kovu na povrch jin\u00e9ho kovov\u00e9ho p\u0159edm\u011btu za pou\u017eit\u00ed elektrick\u00e9ho proudu. Tento proces se b\u011b\u017en\u011b pou\u017e\u00edv\u00e1 k ochran\u011b kov\u016f proti korozi, ke zv\u00fd\u0161en\u00ed jejich odolnosti a estetiky.&amp;hellip;\">galvanick\u00fd<\/span> zinkochrom\u00e1t Norma: DIN 5686 <\/div>\n<\/p><\/div>\n<\/div>\n<\/div>\n<div id=\"pobo-share-widget\">\n<div data-pobo-widget-id='19'><\/div>\n<div data-pobo-widget-id='19'><\/div>\n<div class=\"widget-projector\">\n<div class=\"rc-advantages-four\">\n<div class=\"rc-advantages-four__item\">\n<div class=\"rc-advantages-four__ico-container\">  <\/div>\n<div class=\"rc-advantages-four__info\">\n<h2 class=\"rc-advantages-four__info-header\"> V\u0161e na jednom m\u00edst\u011b <\/h2>\n<\/p><\/div>\n<p> <span class=\"rc-advantages-four__info-text\"> Snadno u n\u00e1s koup\u00edte v\u00edce ne\u017e 23 000 vybran\u00fdch produkt\u016f od \u010desk\u00fdch i sv\u011btov\u00fdch v\u00fdrobc\u016f. Sortiment pokr\u00fdv\u00e1 pot\u0159eby dom\u00e1cnost\u00ed, kutil\u016f, firem, v\u00fdrobc\u016f a p\u0159es 80 obor\u016f pr\u016fmyslu <\/span> <\/div>\n<div class=\"rc-advantages-four__item\">\n<div class=\"rc-advantages-four__ico-container\">  <\/div>\n<div class=\"rc-advantages-four__info\">\n<h2 class=\"rc-advantages-four__info-header\"> Spolehliv\u00fd obchod Produkty, kter\u00e9 funguj\u00ed\u00a0 <\/h2>\n<p> <span class=\"rc-advantages-four__info-text\"> Spokojen\u00fd z\u00e1kazn\u00edk d\u011bl\u00e1 spokojen\u00e9ho prodejce. Tak\u00e9 proto testujeme funk\u010dnost nab\u00edzen\u00fdch produkt\u016f, abyste se na n\u011b mohli kdykoliv spolehnout a jejich ceny\u00a0neust\u00e1le dr\u017e\u00edme na p\u0159\u00edzniv\u00e9 \u00farovni. <\/span> <\/div>\n<\/p><\/div>\n<div class=\"rc-advantages-four__item\">\n<div class=\"rc-advantages-four__ico-container\">  <\/div>\n<div class=\"rc-advantages-four__info\">\n<h2 class=\"rc-advantages-four__info-header\"> 99,9% objedn\u00e1vek doru\u010deno bez po\u0161kozen\u00ed <\/h2>\n<p> <span class=\"rc-advantages-four__info-text\"> Objednan\u00e9 produkty ji\u017e pat\u0159\u00ed v\u00e1m. Proto je bal\u00edme s rozmyslem a pe\u010dliv\u011b, abyste do rukou dostali v\u0161e v bezvadn\u00e9m stavu. Zku\u0161en\u011b zabezpe\u010d\u00edme ka\u017ed\u00fd kus v z\u00e1silce, tak\u017ee zbo\u017e\u00ed cestuje jako v pe\u0159ince. <\/span> <\/div>\n<\/p><\/div>\n<div class=\"rc-advantages-four__item\">\n<div class=\"rc-advantages-four__ico-container\">  <\/div>\n<div class=\"rc-advantages-four__info\">\n<h2 class=\"rc-advantages-four__info-header\"> 90% zbo\u017e\u00ed odes\u00edl\u00e1me\u00a0 do 24 hodin <\/h2>\n<p> <span class=\"rc-advantages-four__info-text\"> Velk\u00e9 mno\u017estv\u00ed zbo\u017e\u00ed m\u00e1me dostupn\u00e9 skladem nebo do druh\u00e9ho dne, tak\u017ee jsme schopni v\u011bt\u0161inu objedn\u00e1vek vy\u0159\u00eddit prakticky obratem. <\/span> <\/div>\n<\/p><\/div>\n<\/p><\/div>\n<\/p><\/div>\n<div class=\"widget-projector\">\n<div class=\"rc-advantages-four\">\n<div class=\"rc-advantages-four__item\">\n<div class=\"rc-advantages-four__ico-container\">  <\/div>\n<div class=\"rc-advantages-four__info\">\n<h2 class=\"rc-advantages-four__info-header\"> Doprava zdarma <\/h2>\n<\/p><\/div>\n<p> <span class=\"rc-advantages-four__info-text\"> Objedn\u00e1vky nad 3000,- K\u010d pro z\u00e1silky standardn\u00edch parametr\u016f <\/span> <\/div>\n<div class=\"rc-advantages-four__item\">\n<div class=\"rc-advantages-four__ico-container\">  <\/div>\n<div class=\"rc-advantages-four__info\">\n<h2 class=\"rc-advantages-four__info-header\"> Zp\u016fsob doru\u010den\u00ed si zvolte sami <\/h2>\n<p> <span class=\"rc-advantages-four__info-text\"> Nab\u00edz\u00edme dopravu a\u017e ke dve\u0159\u00edm a tak\u00e9 variantu s mo\u017en\u00fdm osobn\u00edm odb\u011brem v tis\u00edc\u00edch odb\u011brn\u00fdch m\u00edstech v \u010cR a SR. <\/span> <\/div>\n<\/p><\/div>\n<div class=\"rc-advantages-four__item\">\n<div class=\"rc-advantages-four__ico-container\">  <\/div>\n<div class=\"rc-advantages-four__info\">\n<h2 class=\"rc-advantages-four__info-header\"> Z\u00e1kaznick\u00fd servis <\/h2>\n<p> <span class=\"rc-advantages-four__info-text\"> Pokud m\u00e1te dotaz, nebojte se zavolat nebo napsat.\u00a0R\u00e1di V\u00e1m porad\u00edme a pom\u016f\u017eeme s v\u00fdb\u011brem zbo\u017e\u00ed.\u00a0Dob\u0159e zn\u00e1me to, co prod\u00e1v\u00e1me. <\/span> <\/div>\n<\/p><\/div>\n<div class=\"rc-advantages-four__item\">\n<div class=\"rc-advantages-four__ico-container\">  <\/div>\n<div class=\"rc-advantages-four__info\">\n<h2 class=\"rc-advantages-four__info-header\"> 14 dn\u016f na vr\u00e1cen\u00ed <\/h2>\n<p> <span class=\"rc-advantages-four__info-text\"> Pokud se V\u00e1m v\u00fdrobek nebude l\u00edbit nebo nebude spl\u0148ovat o\u010dek\u00e1v\u00e1n\u00ed, m\u016f\u017eete jej vr\u00e1tit do 14 dn\u016f od zakoupen\u00ed.\u00a0 <\/span> <\/div>\n<\/p><\/div>\n<\/p><\/div>\n<\/p><\/div>\n<\/div>\n<\/div><\/div>\n","protected":false},"excerpt":{"rendered":"<p>Detailn\u00ed popis produktu \u010cl\u00e1nkov\u00fd \u0159et\u011bz s uzlovan\u00fdmi oky. \u0158et\u011bz je mo\u017en\u00e9 vyu\u017e\u00edt nap\u0159\u00edklad na zav\u011b\u0161en\u00ed osv\u011btlen\u00ed, zved\u00e1n\u00ed b\u0159emen, odd\u011blen\u00ed prostor, jako bezpe\u010dnostn\u00ed pojistku a dal\u0161\u00ed. Nejsou p\u0159\u00edmo ur\u010deny ke zved\u00e1n\u00ed b\u0159emen nad prostory s pohybem osob. \u0158et\u011bz nen\u00ed kalibrovan\u00fd a uveden\u00e1 nosnost je pouze orienta\u010dn\u00ed. Pr\u016fm\u011br dr\u00e1tu: 3,1 mm D\u00e9lka oka: 46 mm ( vn\u011bj\u0161\u00ed [&hellip;]<\/p>\n","protected":false},"featured_media":35031,"comment_status":"open","ping_status":"open","template":"","meta":[],"product_brand":[],"product_cat":[60],"product_tag":[],"class_list":{"0":"post-34931","1":"product","2":"type-product","3":"status-publish","4":"has-post-thumbnail","6":"product_cat-naradi","8":"first","9":"instock","10":"sale","11":"shipping-taxable","12":"purchasable","13":"product-type-simple"},"yoast_head":"<!-- This site is optimized with the Yoast SEO plugin v26.8 - https:\/\/yoast.com\/product\/yoast-seo-wordpress\/ -->\n<title>Zna\u010dkov\u00fd \u0158et\u011bz uzlovan\u00fd (kozina) Zn 3,1 mm \u00d7 30 m c\u00edvka, DIN 5686 -<\/title>\n<meta name=\"robots\" content=\"index, follow, max-snippet:-1, max-image-preview:large, max-video-preview:-1\" \/>\n<link rel=\"canonical\" href=\"https:\/\/www.koupelnapro.com\/index.php\/produkt\/znackovy-retez-uzlovany-kozina-zn-3-1-mm-x-30-m-civka-din-5686-34931\/\" \/>\n<meta property=\"og:locale\" content=\"cs_CZ\" \/>\n<meta property=\"og:type\" content=\"article\" \/>\n<meta property=\"og:title\" content=\"Zna\u010dkov\u00fd \u0158et\u011bz uzlovan\u00fd (kozina) Zn 3,1 mm \u00d7 30 m c\u00edvka, DIN 5686 -\" \/>\n<meta property=\"og:description\" content=\"Detailn\u00ed popis produktu \u010cl\u00e1nkov\u00fd \u0159et\u011bz s uzlovan\u00fdmi oky. \u0158et\u011bz je mo\u017en\u00e9 vyu\u017e\u00edt nap\u0159\u00edklad na zav\u011b\u0161en\u00ed osv\u011btlen\u00ed, zved\u00e1n\u00ed b\u0159emen, odd\u011blen\u00ed prostor, jako bezpe\u010dnostn\u00ed pojistku a dal\u0161\u00ed. Nejsou p\u0159\u00edmo ur\u010deny ke zved\u00e1n\u00ed b\u0159emen nad prostory s pohybem osob. \u0158et\u011bz nen\u00ed kalibrovan\u00fd a uveden\u00e1 nosnost je pouze orienta\u010dn\u00ed. Pr\u016fm\u011br dr\u00e1tu: 3,1 mm D\u00e9lka oka: 46 mm ( vn\u011bj\u0161\u00ed [&hellip;]\" \/>\n<meta property=\"og:url\" content=\"https:\/\/www.koupelnapro.com\/index.php\/produkt\/znackovy-retez-uzlovany-kozina-zn-3-1-mm-x-30-m-civka-din-5686-34931\/\" \/>\n<meta property=\"og:image\" content=\"https:\/\/www.koupelnapro.com\/wp-content\/uploads\/2026\/SK0003523-CZ20260425-092522-0-1777080324-92271_rewrite-24524-08295.webp\" \/>\n\t<meta property=\"og:image:width\" content=\"1000\" \/>\n\t<meta property=\"og:image:height\" content=\"750\" \/>\n\t<meta property=\"og:image:type\" content=\"image\/webp\" \/>\n<meta name=\"twitter:card\" content=\"summary_large_image\" \/>\n<meta name=\"twitter:label1\" content=\"Odhadovan\u00e1 doba \u010dten\u00ed\" \/>\n\t<meta name=\"twitter:data1\" content=\"2 minuty\" \/>\n<script type=\"application\/ld+json\" class=\"yoast-schema-graph\">{\"@context\":\"https:\/\/schema.org\",\"@graph\":[{\"@type\":\"WebPage\",\"@id\":\"https:\/\/www.koupelnapro.com\/index.php\/produkt\/znackovy-retez-uzlovany-kozina-zn-3-1-mm-x-30-m-civka-din-5686-34931\/\",\"url\":\"https:\/\/www.koupelnapro.com\/index.php\/produkt\/znackovy-retez-uzlovany-kozina-zn-3-1-mm-x-30-m-civka-din-5686-34931\/\",\"name\":\"Zna\u010dkov\u00fd \u0158et\u011bz uzlovan\u00fd (kozina) Zn 3,1 mm \u00d7 30 m c\u00edvka, DIN 5686 -\",\"isPartOf\":{\"@id\":\"https:\/\/www.koupelnapro.com\/#website\"},\"primaryImageOfPage\":{\"@id\":\"https:\/\/www.koupelnapro.com\/index.php\/produkt\/znackovy-retez-uzlovany-kozina-zn-3-1-mm-x-30-m-civka-din-5686-34931\/#primaryimage\"},\"image\":{\"@id\":\"https:\/\/www.koupelnapro.com\/index.php\/produkt\/znackovy-retez-uzlovany-kozina-zn-3-1-mm-x-30-m-civka-din-5686-34931\/#primaryimage\"},\"thumbnailUrl\":\"https:\/\/www.koupelnapro.com\/wp-content\/uploads\/2026\/SK0003523-CZ20260425-092522-0-1777080324-92271_rewrite-24524-08295.webp\",\"datePublished\":\"2026-04-26T09:15:33+00:00\",\"breadcrumb\":{\"@id\":\"https:\/\/www.koupelnapro.com\/index.php\/produkt\/znackovy-retez-uzlovany-kozina-zn-3-1-mm-x-30-m-civka-din-5686-34931\/#breadcrumb\"},\"inLanguage\":\"cs\",\"potentialAction\":[{\"@type\":\"ReadAction\",\"target\":[\"https:\/\/www.koupelnapro.com\/index.php\/produkt\/znackovy-retez-uzlovany-kozina-zn-3-1-mm-x-30-m-civka-din-5686-34931\/\"]}]},{\"@type\":\"ImageObject\",\"inLanguage\":\"cs\",\"@id\":\"https:\/\/www.koupelnapro.com\/index.php\/produkt\/znackovy-retez-uzlovany-kozina-zn-3-1-mm-x-30-m-civka-din-5686-34931\/#primaryimage\",\"url\":\"https:\/\/www.koupelnapro.com\/wp-content\/uploads\/2026\/SK0003523-CZ20260425-092522-0-1777080324-92271_rewrite-24524-08295.webp\",\"contentUrl\":\"https:\/\/www.koupelnapro.com\/wp-content\/uploads\/2026\/SK0003523-CZ20260425-092522-0-1777080324-92271_rewrite-24524-08295.webp\",\"width\":1000,\"height\":750},{\"@type\":\"BreadcrumbList\",\"@id\":\"https:\/\/www.koupelnapro.com\/index.php\/produkt\/znackovy-retez-uzlovany-kozina-zn-3-1-mm-x-30-m-civka-din-5686-34931\/#breadcrumb\",\"itemListElement\":[{\"@type\":\"ListItem\",\"position\":1,\"name\":\"Home\",\"item\":\"https:\/\/www.koupelnapro.com\/\"},{\"@type\":\"ListItem\",\"position\":2,\"name\":\"Products\",\"item\":\"https:\/\/www.koupelnapro.com\/index.php\/products\/\"},{\"@type\":\"ListItem\",\"position\":3,\"name\":\"Zna\u010dkov\u00fd \u0158et\u011bz uzlovan\u00fd (kozina) Zn 3,1 mm \u00d7 30 m c\u00edvka, DIN 5686\"}]},{\"@type\":\"WebSite\",\"@id\":\"https:\/\/www.koupelnapro.com\/#website\",\"url\":\"https:\/\/www.koupelnapro.com\/\",\"name\":\"\",\"description\":\"\",\"potentialAction\":[{\"@type\":\"SearchAction\",\"target\":{\"@type\":\"EntryPoint\",\"urlTemplate\":\"https:\/\/www.koupelnapro.com\/?s={search_term_string}\"},\"query-input\":{\"@type\":\"PropertyValueSpecification\",\"valueRequired\":true,\"valueName\":\"search_term_string\"}}],\"inLanguage\":\"cs\"}]}<\/script>\n<!-- \/ Yoast SEO plugin. -->","yoast_head_json":{"title":"Zna\u010dkov\u00fd \u0158et\u011bz uzlovan\u00fd (kozina) Zn 3,1 mm \u00d7 30 m c\u00edvka, DIN 5686 -","robots":{"index":"index","follow":"follow","max-snippet":"max-snippet:-1","max-image-preview":"max-image-preview:large","max-video-preview":"max-video-preview:-1"},"canonical":"https:\/\/www.koupelnapro.com\/index.php\/produkt\/znackovy-retez-uzlovany-kozina-zn-3-1-mm-x-30-m-civka-din-5686-34931\/","og_locale":"cs_CZ","og_type":"article","og_title":"Zna\u010dkov\u00fd \u0158et\u011bz uzlovan\u00fd (kozina) Zn 3,1 mm \u00d7 30 m c\u00edvka, DIN 5686 -","og_description":"Detailn\u00ed popis produktu \u010cl\u00e1nkov\u00fd \u0159et\u011bz s uzlovan\u00fdmi oky. \u0158et\u011bz je mo\u017en\u00e9 vyu\u017e\u00edt nap\u0159\u00edklad na zav\u011b\u0161en\u00ed osv\u011btlen\u00ed, zved\u00e1n\u00ed b\u0159emen, odd\u011blen\u00ed prostor, jako bezpe\u010dnostn\u00ed pojistku a dal\u0161\u00ed. Nejsou p\u0159\u00edmo ur\u010deny ke zved\u00e1n\u00ed b\u0159emen nad prostory s pohybem osob. \u0158et\u011bz nen\u00ed kalibrovan\u00fd a uveden\u00e1 nosnost je pouze orienta\u010dn\u00ed. Pr\u016fm\u011br dr\u00e1tu: 3,1 mm D\u00e9lka oka: 46 mm ( vn\u011bj\u0161\u00ed [&hellip;]","og_url":"https:\/\/www.koupelnapro.com\/index.php\/produkt\/znackovy-retez-uzlovany-kozina-zn-3-1-mm-x-30-m-civka-din-5686-34931\/","og_image":[{"width":1000,"height":750,"url":"https:\/\/www.koupelnapro.com\/wp-content\/uploads\/2026\/SK0003523-CZ20260425-092522-0-1777080324-92271_rewrite-24524-08295.webp","type":"image\/webp"}],"twitter_card":"summary_large_image","twitter_misc":{"Odhadovan\u00e1 doba \u010dten\u00ed":"2 minuty"},"schema":{"@context":"https:\/\/schema.org","@graph":[{"@type":"WebPage","@id":"https:\/\/www.koupelnapro.com\/index.php\/produkt\/znackovy-retez-uzlovany-kozina-zn-3-1-mm-x-30-m-civka-din-5686-34931\/","url":"https:\/\/www.koupelnapro.com\/index.php\/produkt\/znackovy-retez-uzlovany-kozina-zn-3-1-mm-x-30-m-civka-din-5686-34931\/","name":"Zna\u010dkov\u00fd \u0158et\u011bz uzlovan\u00fd (kozina) Zn 3,1 mm \u00d7 30 m c\u00edvka, DIN 5686 -","isPartOf":{"@id":"https:\/\/www.koupelnapro.com\/#website"},"primaryImageOfPage":{"@id":"https:\/\/www.koupelnapro.com\/index.php\/produkt\/znackovy-retez-uzlovany-kozina-zn-3-1-mm-x-30-m-civka-din-5686-34931\/#primaryimage"},"image":{"@id":"https:\/\/www.koupelnapro.com\/index.php\/produkt\/znackovy-retez-uzlovany-kozina-zn-3-1-mm-x-30-m-civka-din-5686-34931\/#primaryimage"},"thumbnailUrl":"https:\/\/www.koupelnapro.com\/wp-content\/uploads\/2026\/SK0003523-CZ20260425-092522-0-1777080324-92271_rewrite-24524-08295.webp","datePublished":"2026-04-26T09:15:33+00:00","breadcrumb":{"@id":"https:\/\/www.koupelnapro.com\/index.php\/produkt\/znackovy-retez-uzlovany-kozina-zn-3-1-mm-x-30-m-civka-din-5686-34931\/#breadcrumb"},"inLanguage":"cs","potentialAction":[{"@type":"ReadAction","target":["https:\/\/www.koupelnapro.com\/index.php\/produkt\/znackovy-retez-uzlovany-kozina-zn-3-1-mm-x-30-m-civka-din-5686-34931\/"]}]},{"@type":"ImageObject","inLanguage":"cs","@id":"https:\/\/www.koupelnapro.com\/index.php\/produkt\/znackovy-retez-uzlovany-kozina-zn-3-1-mm-x-30-m-civka-din-5686-34931\/#primaryimage","url":"https:\/\/www.koupelnapro.com\/wp-content\/uploads\/2026\/SK0003523-CZ20260425-092522-0-1777080324-92271_rewrite-24524-08295.webp","contentUrl":"https:\/\/www.koupelnapro.com\/wp-content\/uploads\/2026\/SK0003523-CZ20260425-092522-0-1777080324-92271_rewrite-24524-08295.webp","width":1000,"height":750},{"@type":"BreadcrumbList","@id":"https:\/\/www.koupelnapro.com\/index.php\/produkt\/znackovy-retez-uzlovany-kozina-zn-3-1-mm-x-30-m-civka-din-5686-34931\/#breadcrumb","itemListElement":[{"@type":"ListItem","position":1,"name":"Home","item":"https:\/\/www.koupelnapro.com\/"},{"@type":"ListItem","position":2,"name":"Products","item":"https:\/\/www.koupelnapro.com\/index.php\/products\/"},{"@type":"ListItem","position":3,"name":"Zna\u010dkov\u00fd \u0158et\u011bz uzlovan\u00fd (kozina) Zn 3,1 mm \u00d7 30 m c\u00edvka, DIN 5686"}]},{"@type":"WebSite","@id":"https:\/\/www.koupelnapro.com\/#website","url":"https:\/\/www.koupelnapro.com\/","name":"","description":"","potentialAction":[{"@type":"SearchAction","target":{"@type":"EntryPoint","urlTemplate":"https:\/\/www.koupelnapro.com\/?s={search_term_string}"},"query-input":{"@type":"PropertyValueSpecification","valueRequired":true,"valueName":"search_term_string"}}],"inLanguage":"cs"}]}},"_links":{"self":[{"href":"https:\/\/www.koupelnapro.com\/index.php\/wp-json\/wp\/v2\/product\/34931","targetHints":{"allow":["GET"]}}],"collection":[{"href":"https:\/\/www.koupelnapro.com\/index.php\/wp-json\/wp\/v2\/product"}],"about":[{"href":"https:\/\/www.koupelnapro.com\/index.php\/wp-json\/wp\/v2\/types\/product"}],"replies":[{"embeddable":true,"href":"https:\/\/www.koupelnapro.com\/index.php\/wp-json\/wp\/v2\/comments?post=34931"}],"wp:featuredmedia":[{"embeddable":true,"href":"https:\/\/www.koupelnapro.com\/index.php\/wp-json\/wp\/v2\/media\/35031"}],"wp:attachment":[{"href":"https:\/\/www.koupelnapro.com\/index.php\/wp-json\/wp\/v2\/media?parent=34931"}],"wp:term":[{"taxonomy":"product_brand","embeddable":true,"href":"https:\/\/www.koupelnapro.com\/index.php\/wp-json\/wp\/v2\/product_brand?post=34931"},{"taxonomy":"product_cat","embeddable":true,"href":"https:\/\/www.koupelnapro.com\/index.php\/wp-json\/wp\/v2\/product_cat?post=34931"},{"taxonomy":"product_tag","embeddable":true,"href":"https:\/\/www.koupelnapro.com\/index.php\/wp-json\/wp\/v2\/product_tag?post=34931"}],"curies":[{"name":"wp","href":"https:\/\/api.w.org\/{rel}","templated":true}]}}