{"id":34699,"date":"2026-04-26T09:15:32","date_gmt":"2026-04-26T09:15:32","guid":{"rendered":""},"modified":"2026-04-26T09:15:32","modified_gmt":"2026-04-26T09:15:32","slug":"3m-tm-ucpavky-do-usi-e-a-r-classic-element-shop-cz-odeslani-ihned-34699","status":"publish","type":"product","link":"https:\/\/www.koupelnapro.com\/index.php\/produkt\/3m-tm-ucpavky-do-usi-e-a-r-classic-element-shop-cz-odeslani-ihned-34699\/","title":{"rendered":"3M\u2122 Ucp\u00e1vky do u\u0161\u00ed E-A-R CLASSIC | element-shop.cz Odesl\u00e1n\u00ed Ihned"},"content":{"rendered":"<div class=\"basic-description\">\n<h3>Detailn\u00ed popis produktu<\/h3>\n<div id='pobo-all-content' data-pobo-content='product' data-pobo-config='{\"product_id\":3881269,\"value_lang\":\"default\",\"enable_marketplace\":false}'>\n<div id=\"pobo-standard-widget\">\n<div data-pobo-widget-id='5'>\n<div class=\"widget-projector\">\n<div class=\"empty\"> Z\u00e1tkov\u00fd chr\u00e1ni\u010d sluchu ze speci\u00e1ln\u00ed PVC p\u011bny. Tvarov\u00e1 pam\u011b\u0165 umo\u017e\u0148uje postupn\u00e9 a dokonal\u00e9 p\u0159ilnut\u00ed ke st\u011bn\u011b zvukovodu. Nedr\u00e1\u017ed\u00ed poko\u017eku, omyvateln\u00e9, snadn\u00e9 a pohodln\u00e9 pou\u017eit\u00ed. <\/div>\n<\/p><\/div>\n<\/div>\n<\/div>\n<div id=\"pobo-share-widget\">\n<div data-pobo-widget-id='19'><\/div>\n<div data-pobo-widget-id='19'><\/div>\n<div class=\"widget-projector\">\n<div class=\"rc-advantages-four\">\n<div class=\"rc-advantages-four__item\">\n<div class=\"rc-advantages-four__ico-container\">  <\/div>\n<div class=\"rc-advantages-four__info\">\n<h2 class=\"rc-advantages-four__info-header\"> V\u0161e na jednom m\u00edst\u011b <\/h2>\n<\/p><\/div>\n<p> <span class=\"rc-advantages-four__info-text\"> Snadno u n\u00e1s koup\u00edte v\u00edce ne\u017e 23 000 vybran\u00fdch produkt\u016f od \u010desk\u00fdch i sv\u011btov\u00fdch v\u00fdrobc\u016f. Sortiment pokr\u00fdv\u00e1 pot\u0159eby dom\u00e1cnost\u00ed, kutil\u016f, firem, v\u00fdrobc\u016f a p\u0159es 80 obor\u016f pr\u016fmyslu <\/span> <\/div>\n<div class=\"rc-advantages-four__item\">\n<div class=\"rc-advantages-four__ico-container\">  <\/div>\n<div class=\"rc-advantages-four__info\">\n<h2 class=\"rc-advantages-four__info-header\"> Spolehliv\u00fd obchod Produkty, kter\u00e9 funguj\u00ed\u00a0 <\/h2>\n<p> <span class=\"rc-advantages-four__info-text\"> Spokojen\u00fd z\u00e1kazn\u00edk d\u011bl\u00e1 spokojen\u00e9ho prodejce. Tak\u00e9 proto testujeme funk\u010dnost nab\u00edzen\u00fdch produkt\u016f, abyste se na n\u011b mohli kdykoliv spolehnout a jejich ceny\u00a0neust\u00e1le dr\u017e\u00edme na p\u0159\u00edzniv\u00e9 \u00farovni. <\/span> <\/div>\n<\/p><\/div>\n<div class=\"rc-advantages-four__item\">\n<div class=\"rc-advantages-four__ico-container\">  <\/div>\n<div class=\"rc-advantages-four__info\">\n<h2 class=\"rc-advantages-four__info-header\"> 99,9% objedn\u00e1vek doru\u010deno bez po\u0161kozen\u00ed <\/h2>\n<p> <span class=\"rc-advantages-four__info-text\"> Objednan\u00e9 produkty ji\u017e pat\u0159\u00ed v\u00e1m. Proto je bal\u00edme s rozmyslem a pe\u010dliv\u011b, abyste do rukou dostali v\u0161e v bezvadn\u00e9m stavu. Zku\u0161en\u011b zabezpe\u010d\u00edme ka\u017ed\u00fd kus v z\u00e1silce, tak\u017ee zbo\u017e\u00ed cestuje jako v pe\u0159ince. <\/span> <\/div>\n<\/p><\/div>\n<div class=\"rc-advantages-four__item\">\n<div class=\"rc-advantages-four__ico-container\">  <\/div>\n<div class=\"rc-advantages-four__info\">\n<h2 class=\"rc-advantages-four__info-header\"> 90% zbo\u017e\u00ed odes\u00edl\u00e1me\u00a0 do 24 hodin <\/h2>\n<p> <span class=\"rc-advantages-four__info-text\"> Velk\u00e9 mno\u017estv\u00ed zbo\u017e\u00ed m\u00e1me dostupn\u00e9 skladem nebo do druh\u00e9ho dne, tak\u017ee jsme schopni v\u011bt\u0161inu objedn\u00e1vek vy\u0159\u00eddit prakticky obratem. <\/span> <\/div>\n<\/p><\/div>\n<\/p><\/div>\n<\/p><\/div>\n<div class=\"widget-projector\">\n<div class=\"rc-advantages-four\">\n<div class=\"rc-advantages-four__item\">\n<div class=\"rc-advantages-four__ico-container\">  <\/div>\n<div class=\"rc-advantages-four__info\">\n<h2 class=\"rc-advantages-four__info-header\"> Doprava zdarma <\/h2>\n<\/p><\/div>\n<p> <span class=\"rc-advantages-four__info-text\"> Objedn\u00e1vky nad 3000,- K\u010d pro z\u00e1silky standardn\u00edch parametr\u016f <\/span> <\/div>\n<div class=\"rc-advantages-four__item\">\n<div class=\"rc-advantages-four__ico-container\">  <\/div>\n<div class=\"rc-advantages-four__info\">\n<h2 class=\"rc-advantages-four__info-header\"> Zp\u016fsob doru\u010den\u00ed si zvolte sami <\/h2>\n<p> <span class=\"rc-advantages-four__info-text\"> Nab\u00edz\u00edme dopravu a\u017e ke dve\u0159\u00edm a tak\u00e9 variantu s mo\u017en\u00fdm osobn\u00edm odb\u011brem v tis\u00edc\u00edch odb\u011brn\u00fdch m\u00edstech v \u010cR a SR. <\/span> <\/div>\n<\/p><\/div>\n<div class=\"rc-advantages-four__item\">\n<div class=\"rc-advantages-four__ico-container\">  <\/div>\n<div class=\"rc-advantages-four__info\">\n<h2 class=\"rc-advantages-four__info-header\"> Z\u00e1kaznick\u00fd servis <\/h2>\n<p> <span class=\"rc-advantages-four__info-text\"> Pokud m\u00e1te dotaz, nebojte se zavolat nebo napsat.\u00a0R\u00e1di V\u00e1m porad\u00edme a pom\u016f\u017eeme s v\u00fdb\u011brem zbo\u017e\u00ed.\u00a0Dob\u0159e zn\u00e1me to, co prod\u00e1v\u00e1me. <\/span> <\/div>\n<\/p><\/div>\n<div class=\"rc-advantages-four__item\">\n<div class=\"rc-advantages-four__ico-container\">  <\/div>\n<div class=\"rc-advantages-four__info\">\n<h2 class=\"rc-advantages-four__info-header\"> 14 dn\u016f na vr\u00e1cen\u00ed <\/h2>\n<p> <span class=\"rc-advantages-four__info-text\"> Pokud se V\u00e1m v\u00fdrobek nebude l\u00edbit nebo nebude spl\u0148ovat o\u010dek\u00e1v\u00e1n\u00ed, m\u016f\u017eete jej vr\u00e1tit do 14 dn\u016f od zakoupen\u00ed.\u00a0 <\/span> <\/div>\n<\/p><\/div>\n<\/p><\/div>\n<\/p><\/div>\n<\/div>\n<\/div><\/div>\n","protected":false},"excerpt":{"rendered":"<p>Detailn\u00ed popis produktu Z\u00e1tkov\u00fd chr\u00e1ni\u010d sluchu ze speci\u00e1ln\u00ed PVC p\u011bny. Tvarov\u00e1 pam\u011b\u0165 umo\u017e\u0148uje postupn\u00e9 a dokonal\u00e9 p\u0159ilnut\u00ed ke st\u011bn\u011b zvukovodu. Nedr\u00e1\u017ed\u00ed poko\u017eku, omyvateln\u00e9, snadn\u00e9 a pohodln\u00e9 pou\u017eit\u00ed. V\u0161e na jednom m\u00edst\u011b Snadno u n\u00e1s koup\u00edte v\u00edce ne\u017e 23 000 vybran\u00fdch produkt\u016f od \u010desk\u00fdch i sv\u011btov\u00fdch v\u00fdrobc\u016f. Sortiment pokr\u00fdv\u00e1 pot\u0159eby dom\u00e1cnost\u00ed, kutil\u016f, firem, v\u00fdrobc\u016f a p\u0159es [&hellip;]<\/p>\n","protected":false},"featured_media":34799,"comment_status":"open","ping_status":"open","template":"","meta":[],"product_brand":[],"product_cat":[101],"product_tag":[],"class_list":{"0":"post-34699","1":"product","2":"type-product","3":"status-publish","4":"has-post-thumbnail","6":"product_cat-ochranne-pomucky","8":"first","9":"instock","10":"sale","11":"shipping-taxable","12":"purchasable","13":"product-type-simple"},"yoast_head":"<!-- This site is optimized with the Yoast SEO plugin v26.8 - https:\/\/yoast.com\/product\/yoast-seo-wordpress\/ -->\n<title>3M\u2122 Ucp\u00e1vky do u\u0161\u00ed E-A-R CLASSIC | element-shop.cz Odesl\u00e1n\u00ed Ihned -<\/title>\n<meta name=\"robots\" content=\"index, follow, max-snippet:-1, max-image-preview:large, max-video-preview:-1\" \/>\n<link rel=\"canonical\" href=\"https:\/\/www.koupelnapro.com\/index.php\/produkt\/3m-tm-ucpavky-do-usi-e-a-r-classic-element-shop-cz-odeslani-ihned-34699\/\" \/>\n<meta property=\"og:locale\" content=\"cs_CZ\" \/>\n<meta property=\"og:type\" content=\"article\" \/>\n<meta property=\"og:title\" content=\"3M\u2122 Ucp\u00e1vky do u\u0161\u00ed E-A-R CLASSIC | element-shop.cz Odesl\u00e1n\u00ed Ihned -\" \/>\n<meta property=\"og:description\" content=\"Detailn\u00ed popis produktu Z\u00e1tkov\u00fd chr\u00e1ni\u010d sluchu ze speci\u00e1ln\u00ed PVC p\u011bny. Tvarov\u00e1 pam\u011b\u0165 umo\u017e\u0148uje postupn\u00e9 a dokonal\u00e9 p\u0159ilnut\u00ed ke st\u011bn\u011b zvukovodu. Nedr\u00e1\u017ed\u00ed poko\u017eku, omyvateln\u00e9, snadn\u00e9 a pohodln\u00e9 pou\u017eit\u00ed. V\u0161e na jednom m\u00edst\u011b Snadno u n\u00e1s koup\u00edte v\u00edce ne\u017e 23 000 vybran\u00fdch produkt\u016f od \u010desk\u00fdch i sv\u011btov\u00fdch v\u00fdrobc\u016f. Sortiment pokr\u00fdv\u00e1 pot\u0159eby dom\u00e1cnost\u00ed, kutil\u016f, firem, v\u00fdrobc\u016f a p\u0159es [&hellip;]\" \/>\n<meta property=\"og:url\" content=\"https:\/\/www.koupelnapro.com\/index.php\/produkt\/3m-tm-ucpavky-do-usi-e-a-r-classic-element-shop-cz-odeslani-ihned-34699\/\" \/>\n<meta property=\"og:image\" content=\"https:\/\/www.koupelnapro.com\/wp-content\/uploads\/2026\/SK0003391-CZ20260425-092522-0-1777080324-91287-1_rewrite-56142-04724.webp\" \/>\n\t<meta property=\"og:image:width\" content=\"1000\" \/>\n\t<meta property=\"og:image:height\" content=\"750\" \/>\n\t<meta property=\"og:image:type\" content=\"image\/webp\" \/>\n<meta name=\"twitter:card\" content=\"summary_large_image\" \/>\n<meta name=\"twitter:label1\" content=\"Odhadovan\u00e1 doba \u010dten\u00ed\" \/>\n\t<meta name=\"twitter:data1\" content=\"2 minuty\" \/>\n<script type=\"application\/ld+json\" class=\"yoast-schema-graph\">{\"@context\":\"https:\/\/schema.org\",\"@graph\":[{\"@type\":\"WebPage\",\"@id\":\"https:\/\/www.koupelnapro.com\/index.php\/produkt\/3m-tm-ucpavky-do-usi-e-a-r-classic-element-shop-cz-odeslani-ihned-34699\/\",\"url\":\"https:\/\/www.koupelnapro.com\/index.php\/produkt\/3m-tm-ucpavky-do-usi-e-a-r-classic-element-shop-cz-odeslani-ihned-34699\/\",\"name\":\"3M\u2122 Ucp\u00e1vky do u\u0161\u00ed E-A-R CLASSIC | element-shop.cz Odesl\u00e1n\u00ed Ihned -\",\"isPartOf\":{\"@id\":\"https:\/\/www.koupelnapro.com\/#website\"},\"primaryImageOfPage\":{\"@id\":\"https:\/\/www.koupelnapro.com\/index.php\/produkt\/3m-tm-ucpavky-do-usi-e-a-r-classic-element-shop-cz-odeslani-ihned-34699\/#primaryimage\"},\"image\":{\"@id\":\"https:\/\/www.koupelnapro.com\/index.php\/produkt\/3m-tm-ucpavky-do-usi-e-a-r-classic-element-shop-cz-odeslani-ihned-34699\/#primaryimage\"},\"thumbnailUrl\":\"https:\/\/www.koupelnapro.com\/wp-content\/uploads\/2026\/SK0003391-CZ20260425-092522-0-1777080324-91287-1_rewrite-56142-04724.webp\",\"datePublished\":\"2026-04-26T09:15:32+00:00\",\"breadcrumb\":{\"@id\":\"https:\/\/www.koupelnapro.com\/index.php\/produkt\/3m-tm-ucpavky-do-usi-e-a-r-classic-element-shop-cz-odeslani-ihned-34699\/#breadcrumb\"},\"inLanguage\":\"cs\",\"potentialAction\":[{\"@type\":\"ReadAction\",\"target\":[\"https:\/\/www.koupelnapro.com\/index.php\/produkt\/3m-tm-ucpavky-do-usi-e-a-r-classic-element-shop-cz-odeslani-ihned-34699\/\"]}]},{\"@type\":\"ImageObject\",\"inLanguage\":\"cs\",\"@id\":\"https:\/\/www.koupelnapro.com\/index.php\/produkt\/3m-tm-ucpavky-do-usi-e-a-r-classic-element-shop-cz-odeslani-ihned-34699\/#primaryimage\",\"url\":\"https:\/\/www.koupelnapro.com\/wp-content\/uploads\/2026\/SK0003391-CZ20260425-092522-0-1777080324-91287-1_rewrite-56142-04724.webp\",\"contentUrl\":\"https:\/\/www.koupelnapro.com\/wp-content\/uploads\/2026\/SK0003391-CZ20260425-092522-0-1777080324-91287-1_rewrite-56142-04724.webp\",\"width\":1000,\"height\":750},{\"@type\":\"BreadcrumbList\",\"@id\":\"https:\/\/www.koupelnapro.com\/index.php\/produkt\/3m-tm-ucpavky-do-usi-e-a-r-classic-element-shop-cz-odeslani-ihned-34699\/#breadcrumb\",\"itemListElement\":[{\"@type\":\"ListItem\",\"position\":1,\"name\":\"Home\",\"item\":\"https:\/\/www.koupelnapro.com\/\"},{\"@type\":\"ListItem\",\"position\":2,\"name\":\"Products\",\"item\":\"https:\/\/www.koupelnapro.com\/index.php\/products\/\"},{\"@type\":\"ListItem\",\"position\":3,\"name\":\"3M\u2122 Ucp\u00e1vky do u\u0161\u00ed E-A-R CLASSIC | element-shop.cz Odesl\u00e1n\u00ed Ihned\"}]},{\"@type\":\"WebSite\",\"@id\":\"https:\/\/www.koupelnapro.com\/#website\",\"url\":\"https:\/\/www.koupelnapro.com\/\",\"name\":\"\",\"description\":\"\",\"potentialAction\":[{\"@type\":\"SearchAction\",\"target\":{\"@type\":\"EntryPoint\",\"urlTemplate\":\"https:\/\/www.koupelnapro.com\/?s={search_term_string}\"},\"query-input\":{\"@type\":\"PropertyValueSpecification\",\"valueRequired\":true,\"valueName\":\"search_term_string\"}}],\"inLanguage\":\"cs\"}]}<\/script>\n<!-- \/ Yoast SEO plugin. -->","yoast_head_json":{"title":"3M\u2122 Ucp\u00e1vky do u\u0161\u00ed E-A-R CLASSIC | element-shop.cz Odesl\u00e1n\u00ed Ihned -","robots":{"index":"index","follow":"follow","max-snippet":"max-snippet:-1","max-image-preview":"max-image-preview:large","max-video-preview":"max-video-preview:-1"},"canonical":"https:\/\/www.koupelnapro.com\/index.php\/produkt\/3m-tm-ucpavky-do-usi-e-a-r-classic-element-shop-cz-odeslani-ihned-34699\/","og_locale":"cs_CZ","og_type":"article","og_title":"3M\u2122 Ucp\u00e1vky do u\u0161\u00ed E-A-R CLASSIC | element-shop.cz Odesl\u00e1n\u00ed Ihned -","og_description":"Detailn\u00ed popis produktu Z\u00e1tkov\u00fd chr\u00e1ni\u010d sluchu ze speci\u00e1ln\u00ed PVC p\u011bny. Tvarov\u00e1 pam\u011b\u0165 umo\u017e\u0148uje postupn\u00e9 a dokonal\u00e9 p\u0159ilnut\u00ed ke st\u011bn\u011b zvukovodu. Nedr\u00e1\u017ed\u00ed poko\u017eku, omyvateln\u00e9, snadn\u00e9 a pohodln\u00e9 pou\u017eit\u00ed. V\u0161e na jednom m\u00edst\u011b Snadno u n\u00e1s koup\u00edte v\u00edce ne\u017e 23 000 vybran\u00fdch produkt\u016f od \u010desk\u00fdch i sv\u011btov\u00fdch v\u00fdrobc\u016f. Sortiment pokr\u00fdv\u00e1 pot\u0159eby dom\u00e1cnost\u00ed, kutil\u016f, firem, v\u00fdrobc\u016f a p\u0159es [&hellip;]","og_url":"https:\/\/www.koupelnapro.com\/index.php\/produkt\/3m-tm-ucpavky-do-usi-e-a-r-classic-element-shop-cz-odeslani-ihned-34699\/","og_image":[{"width":1000,"height":750,"url":"https:\/\/www.koupelnapro.com\/wp-content\/uploads\/2026\/SK0003391-CZ20260425-092522-0-1777080324-91287-1_rewrite-56142-04724.webp","type":"image\/webp"}],"twitter_card":"summary_large_image","twitter_misc":{"Odhadovan\u00e1 doba \u010dten\u00ed":"2 minuty"},"schema":{"@context":"https:\/\/schema.org","@graph":[{"@type":"WebPage","@id":"https:\/\/www.koupelnapro.com\/index.php\/produkt\/3m-tm-ucpavky-do-usi-e-a-r-classic-element-shop-cz-odeslani-ihned-34699\/","url":"https:\/\/www.koupelnapro.com\/index.php\/produkt\/3m-tm-ucpavky-do-usi-e-a-r-classic-element-shop-cz-odeslani-ihned-34699\/","name":"3M\u2122 Ucp\u00e1vky do u\u0161\u00ed E-A-R CLASSIC | element-shop.cz Odesl\u00e1n\u00ed Ihned -","isPartOf":{"@id":"https:\/\/www.koupelnapro.com\/#website"},"primaryImageOfPage":{"@id":"https:\/\/www.koupelnapro.com\/index.php\/produkt\/3m-tm-ucpavky-do-usi-e-a-r-classic-element-shop-cz-odeslani-ihned-34699\/#primaryimage"},"image":{"@id":"https:\/\/www.koupelnapro.com\/index.php\/produkt\/3m-tm-ucpavky-do-usi-e-a-r-classic-element-shop-cz-odeslani-ihned-34699\/#primaryimage"},"thumbnailUrl":"https:\/\/www.koupelnapro.com\/wp-content\/uploads\/2026\/SK0003391-CZ20260425-092522-0-1777080324-91287-1_rewrite-56142-04724.webp","datePublished":"2026-04-26T09:15:32+00:00","breadcrumb":{"@id":"https:\/\/www.koupelnapro.com\/index.php\/produkt\/3m-tm-ucpavky-do-usi-e-a-r-classic-element-shop-cz-odeslani-ihned-34699\/#breadcrumb"},"inLanguage":"cs","potentialAction":[{"@type":"ReadAction","target":["https:\/\/www.koupelnapro.com\/index.php\/produkt\/3m-tm-ucpavky-do-usi-e-a-r-classic-element-shop-cz-odeslani-ihned-34699\/"]}]},{"@type":"ImageObject","inLanguage":"cs","@id":"https:\/\/www.koupelnapro.com\/index.php\/produkt\/3m-tm-ucpavky-do-usi-e-a-r-classic-element-shop-cz-odeslani-ihned-34699\/#primaryimage","url":"https:\/\/www.koupelnapro.com\/wp-content\/uploads\/2026\/SK0003391-CZ20260425-092522-0-1777080324-91287-1_rewrite-56142-04724.webp","contentUrl":"https:\/\/www.koupelnapro.com\/wp-content\/uploads\/2026\/SK0003391-CZ20260425-092522-0-1777080324-91287-1_rewrite-56142-04724.webp","width":1000,"height":750},{"@type":"BreadcrumbList","@id":"https:\/\/www.koupelnapro.com\/index.php\/produkt\/3m-tm-ucpavky-do-usi-e-a-r-classic-element-shop-cz-odeslani-ihned-34699\/#breadcrumb","itemListElement":[{"@type":"ListItem","position":1,"name":"Home","item":"https:\/\/www.koupelnapro.com\/"},{"@type":"ListItem","position":2,"name":"Products","item":"https:\/\/www.koupelnapro.com\/index.php\/products\/"},{"@type":"ListItem","position":3,"name":"3M\u2122 Ucp\u00e1vky do u\u0161\u00ed E-A-R CLASSIC | element-shop.cz Odesl\u00e1n\u00ed Ihned"}]},{"@type":"WebSite","@id":"https:\/\/www.koupelnapro.com\/#website","url":"https:\/\/www.koupelnapro.com\/","name":"","description":"","potentialAction":[{"@type":"SearchAction","target":{"@type":"EntryPoint","urlTemplate":"https:\/\/www.koupelnapro.com\/?s={search_term_string}"},"query-input":{"@type":"PropertyValueSpecification","valueRequired":true,"valueName":"search_term_string"}}],"inLanguage":"cs"}]}},"_links":{"self":[{"href":"https:\/\/www.koupelnapro.com\/index.php\/wp-json\/wp\/v2\/product\/34699","targetHints":{"allow":["GET"]}}],"collection":[{"href":"https:\/\/www.koupelnapro.com\/index.php\/wp-json\/wp\/v2\/product"}],"about":[{"href":"https:\/\/www.koupelnapro.com\/index.php\/wp-json\/wp\/v2\/types\/product"}],"replies":[{"embeddable":true,"href":"https:\/\/www.koupelnapro.com\/index.php\/wp-json\/wp\/v2\/comments?post=34699"}],"wp:featuredmedia":[{"embeddable":true,"href":"https:\/\/www.koupelnapro.com\/index.php\/wp-json\/wp\/v2\/media\/34799"}],"wp:attachment":[{"href":"https:\/\/www.koupelnapro.com\/index.php\/wp-json\/wp\/v2\/media?parent=34699"}],"wp:term":[{"taxonomy":"product_brand","embeddable":true,"href":"https:\/\/www.koupelnapro.com\/index.php\/wp-json\/wp\/v2\/product_brand?post=34699"},{"taxonomy":"product_cat","embeddable":true,"href":"https:\/\/www.koupelnapro.com\/index.php\/wp-json\/wp\/v2\/product_cat?post=34699"},{"taxonomy":"product_tag","embeddable":true,"href":"https:\/\/www.koupelnapro.com\/index.php\/wp-json\/wp\/v2\/product_tag?post=34699"}],"curies":[{"name":"wp","href":"https:\/\/api.w.org\/{rel}","templated":true}]}}