{"id":34167,"date":"2026-04-26T09:15:29","date_gmt":"2026-04-26T09:15:29","guid":{"rendered":""},"modified":"2026-04-26T09:15:29","modified_gmt":"2026-04-26T09:15:29","slug":"tectane-r-cobra-multi-sprej-6v1-univerzalni-mazivo-element-shop-cz-originalni-34167","status":"publish","type":"product","link":"https:\/\/www.koupelnapro.com\/index.php\/produkt\/tectane-r-cobra-multi-sprej-6v1-univerzalni-mazivo-element-shop-cz-originalni-34167\/","title":{"rendered":"TECTANE\u00ae COBRA Multi sprej 6v1 univerz\u00e1ln\u00ed mazivo | element-shop.cz Origin\u00e1ln\u00ed"},"content":{"rendered":"<div class=\"basic-description\">\n<h3>Detailn\u00ed popis produktu<\/h3>\n<div id='pobo-all-content' data-pobo-content='product' data-pobo-config='{\"product_id\":3880811,\"value_lang\":\"default\",\"enable_marketplace\":false}'>\n<div id=\"pobo-standard-widget\">\n<div data-pobo-widget-id='5'>\n<div class=\"widget-projector\">\n<div class=\"empty\">\n<ul>\n<li><span style=\"font-size: 12pt; font-family: inherit;\"><strong>Vysoce kvalitn\u00ed univerz\u00e1ln\u00ed <span class=\"show-tooltip\" title=\"Sprej je za\u0159\u00edzen\u00ed nebo produkt, kter\u00fd umo\u017e\u0148uje rozpra\u0161ov\u00e1n\u00ed kapaliny nebo suspenze do vzduchu ve form\u011b jemn\u00e9 mlhy.Spreje jsou praktick\u00fdm a efektivn\u00edm zp\u016fsobem, jak aplikovat r\u016fzn\u00e9 l\u00e1tky v mnoha odv\u011btv\u00edch, a jejich design a technologie se neust\u00e1le&amp;hellip;\">sprej<\/span> 6 v 1 s funk\u010dn\u00edm a u\u017eite\u010dn\u00fdm adapt\u00e9rem \u201eCOBRA CAP\u201c. <\/strong><\/span><\/li>\n<li><span style=\"font-size: 12pt; font-family: inherit;\"><strong>Je umo\u017en\u011bn klasick\u00fd n\u00e1st\u0159ik v plo\u0161e b\u011b\u017enou tryskou nebo bodov\u011b p\u0159esn\u00e1 aplikace pomoc\u00ed trubi\u010dky.<\/strong><\/span><\/li>\n<li><span style=\"font-size: 12pt; font-family: inherit;\"><strong><span>Efektivn\u00ed pro \u010di\u0161t\u011bn\u00ed, \u00fadr\u017ebu, maz\u00e1n\u00ed, ochranu elektrick\u00fdch kontakt\u016f nebo jako odpuzova\u010d vody.<\/span><\/strong><\/span><\/li>\n<li><span style=\"font-size: 12pt; font-family: inherit;\"><strong><span>Odstran\u011bn\u00ed drobn\u00e9 rzi \u010di vodn\u00edho kamene nebo uvoln\u011bn\u00ed zkorodovan\u00fdch spoj\u016f.<\/span><\/strong><\/span><\/li>\n<li><span style=\"font-size: 12pt; font-family: inherit;\"><strong><span>Vhodn\u00fd pro <span class=\"show-tooltip\" title=\"\u0160rouby jsou kovov\u00e9 prvky, kter\u00e9 maj\u00ed v podstat\u011b v\u00e1lcovit\u00fd tvar s dr\u00e1\u017ekou nebo \u017el\u00e1bkem na jejich povrchu a jsou ur\u010deny k upevn\u011bn\u00ed dvou nebo v\u00edce materi\u00e1l\u016f nebo sou\u010d\u00e1stek dohromady. Maj\u00ed hroty na jednom konci, kter\u00e9 umo\u017e\u0148uj\u00ed snadn\u00e9 zasunut\u00ed&amp;hellip;\">\u0161rouby<\/span>, matice, m\u011b\u0159\u00edc\u00ed p\u0159\u00edstroje, spoje, z\u00e1v\u011bsy, posuvn\u00e1 a kuli\u010dkov\u00e1 lo\u017eiska atp.<\/span><\/strong><\/span><\/li>\n<li><span style=\"font-size: 12pt; font-family: inherit;\"><strong><span>Jako \u010disti\u010d tak\u00e9 rozpou\u0161t\u00ed zbytky star\u00fdch maziv a zanech\u00e1v\u00e1 velmi tenk\u00fd statick\u00fd ochrann\u00fd film <\/span><\/strong><\/span><\/li>\n<li><span style=\"font-size: 12pt; font-family: inherit;\"><strong><span>P\u0159i pou\u017eit\u00ed aplika\u010dn\u00ed Cobra trubi\u010dky lze dos\u00e1hnout del\u0161\u00edho a p\u0159esn\u011bj\u0161\u00edho dost\u0159iku.<\/span><\/strong><\/span><\/li>\n<li><span style=\"font-size: 12pt; font-family: inherit;\"><strong><span>Neobsahuje <span class=\"show-tooltip\" title=\"Silikon je polymern\u00ed materi\u00e1l, kter\u00fd je zn\u00e1m\u00fd svou \u0161irokou \u0161k\u00e1lou vlastnost\u00ed a pou\u017eit\u00ed. Jedn\u00e1 se o syntetick\u00fd materi\u00e1l, kter\u00fd obsahuje opakuj\u00edc\u00ed se jednotky k\u0159em\u00edku a kysl\u00edku spojen\u00e9 organick\u00fdmi skupinami. Silikon m\u00e1 mnoho v\u00fdhod,&amp;hellip;\">silikon<\/span><\/span><\/strong><\/span><\/li>\n<li><span style=\"font-size: 12pt; font-family: inherit;\"><strong><span>Adapt\u00e9r a trubi\u010dka <span class=\"show-tooltip\" title=\"Pevnost je materi\u00e1lov\u00e1 vlastnost charakterizuj\u00edc\u00ed schopnost materi\u00e1lu odol\u00e1vat vn\u011bj\u0161\u00edm sil\u00e1m, kter\u00e9 by mohly zp\u016fsobit jeho deformaci, roztr\u017een\u00ed nebo jin\u00e9 formy selh\u00e1n\u00ed.Pevnost je z\u00e1kladn\u00edm parametrem pro posouzen\u00ed odolnosti materi\u00e1l\u016f v konstrukci a&amp;hellip;\">pevnou<\/span> sou\u010d\u00e1st\u00ed balen\u00ed<\/span><\/strong><\/span><\/li>\n<\/ul>\n<p><span style=\"font-size: 12pt; font-family: inherit;\"><strong><span>Velikost balen\u00ed: 400 ml<\/span><\/strong><\/span><\/p>\n<\/p><\/div>\n<\/p><\/div>\n<\/div>\n<\/div>\n<div id=\"pobo-share-widget\">\n<div data-pobo-widget-id='19'><\/div>\n<div data-pobo-widget-id='19'><\/div>\n<div class=\"widget-projector\">\n<div class=\"rc-advantages-four\">\n<div class=\"rc-advantages-four__item\">\n<div class=\"rc-advantages-four__ico-container\">  <\/div>\n<div class=\"rc-advantages-four__info\">\n<h2 class=\"rc-advantages-four__info-header\"> V\u0161e na jednom m\u00edst\u011b <\/h2>\n<\/p><\/div>\n<p> <span class=\"rc-advantages-four__info-text\"> Snadno u n\u00e1s koup\u00edte v\u00edce ne\u017e 23 000 vybran\u00fdch produkt\u016f od \u010desk\u00fdch i sv\u011btov\u00fdch v\u00fdrobc\u016f. Sortiment pokr\u00fdv\u00e1 pot\u0159eby dom\u00e1cnost\u00ed, kutil\u016f, firem, v\u00fdrobc\u016f a p\u0159es 80 obor\u016f pr\u016fmyslu <\/span> <\/div>\n<div class=\"rc-advantages-four__item\">\n<div class=\"rc-advantages-four__ico-container\">  <\/div>\n<div class=\"rc-advantages-four__info\">\n<h2 class=\"rc-advantages-four__info-header\"> Spolehliv\u00fd obchod Produkty, kter\u00e9 funguj\u00ed\u00a0 <\/h2>\n<p> <span class=\"rc-advantages-four__info-text\"> Spokojen\u00fd z\u00e1kazn\u00edk d\u011bl\u00e1 spokojen\u00e9ho prodejce. Tak\u00e9 proto testujeme funk\u010dnost nab\u00edzen\u00fdch produkt\u016f, abyste se na n\u011b mohli kdykoliv spolehnout a jejich ceny\u00a0neust\u00e1le dr\u017e\u00edme na p\u0159\u00edzniv\u00e9 \u00farovni. <\/span> <\/div>\n<\/p><\/div>\n<div class=\"rc-advantages-four__item\">\n<div class=\"rc-advantages-four__ico-container\">  <\/div>\n<div class=\"rc-advantages-four__info\">\n<h2 class=\"rc-advantages-four__info-header\"> 99,9% objedn\u00e1vek doru\u010deno bez po\u0161kozen\u00ed <\/h2>\n<p> <span class=\"rc-advantages-four__info-text\"> Objednan\u00e9 produkty ji\u017e pat\u0159\u00ed v\u00e1m. Proto je bal\u00edme s rozmyslem a pe\u010dliv\u011b, abyste do rukou dostali v\u0161e v bezvadn\u00e9m stavu. Zku\u0161en\u011b zabezpe\u010d\u00edme ka\u017ed\u00fd kus v z\u00e1silce, tak\u017ee zbo\u017e\u00ed cestuje jako v pe\u0159ince. <\/span> <\/div>\n<\/p><\/div>\n<div class=\"rc-advantages-four__item\">\n<div class=\"rc-advantages-four__ico-container\">  <\/div>\n<div class=\"rc-advantages-four__info\">\n<h2 class=\"rc-advantages-four__info-header\"> 90% zbo\u017e\u00ed odes\u00edl\u00e1me\u00a0 do 24 hodin <\/h2>\n<p> <span class=\"rc-advantages-four__info-text\"> Velk\u00e9 mno\u017estv\u00ed zbo\u017e\u00ed m\u00e1me dostupn\u00e9 skladem nebo do druh\u00e9ho dne, tak\u017ee jsme schopni v\u011bt\u0161inu objedn\u00e1vek vy\u0159\u00eddit prakticky obratem. <\/span> <\/div>\n<\/p><\/div>\n<\/p><\/div>\n<\/p><\/div>\n<div class=\"widget-projector\">\n<div class=\"rc-advantages-four\">\n<div class=\"rc-advantages-four__item\">\n<div class=\"rc-advantages-four__ico-container\">  <\/div>\n<div class=\"rc-advantages-four__info\">\n<h2 class=\"rc-advantages-four__info-header\"> Doprava zdarma <\/h2>\n<\/p><\/div>\n<p> <span class=\"rc-advantages-four__info-text\"> Objedn\u00e1vky nad 3000,- K\u010d pro z\u00e1silky standardn\u00edch parametr\u016f <\/span> <\/div>\n<div class=\"rc-advantages-four__item\">\n<div class=\"rc-advantages-four__ico-container\">  <\/div>\n<div class=\"rc-advantages-four__info\">\n<h2 class=\"rc-advantages-four__info-header\"> Zp\u016fsob doru\u010den\u00ed si zvolte sami <\/h2>\n<p> <span class=\"rc-advantages-four__info-text\"> Nab\u00edz\u00edme dopravu a\u017e ke dve\u0159\u00edm a tak\u00e9 variantu s mo\u017en\u00fdm osobn\u00edm odb\u011brem v tis\u00edc\u00edch odb\u011brn\u00fdch m\u00edstech v \u010cR a SR. <\/span> <\/div>\n<\/p><\/div>\n<div class=\"rc-advantages-four__item\">\n<div class=\"rc-advantages-four__ico-container\">  <\/div>\n<div class=\"rc-advantages-four__info\">\n<h2 class=\"rc-advantages-four__info-header\"> Z\u00e1kaznick\u00fd servis <\/h2>\n<p> <span class=\"rc-advantages-four__info-text\"> Pokud m\u00e1te dotaz, nebojte se zavolat nebo napsat.\u00a0R\u00e1di V\u00e1m porad\u00edme a pom\u016f\u017eeme s v\u00fdb\u011brem zbo\u017e\u00ed.\u00a0Dob\u0159e zn\u00e1me to, co prod\u00e1v\u00e1me. <\/span> <\/div>\n<\/p><\/div>\n<div class=\"rc-advantages-four__item\">\n<div class=\"rc-advantages-four__ico-container\">  <\/div>\n<div class=\"rc-advantages-four__info\">\n<h2 class=\"rc-advantages-four__info-header\"> 14 dn\u016f na vr\u00e1cen\u00ed <\/h2>\n<p> <span class=\"rc-advantages-four__info-text\"> Pokud se V\u00e1m v\u00fdrobek nebude l\u00edbit nebo nebude spl\u0148ovat o\u010dek\u00e1v\u00e1n\u00ed, m\u016f\u017eete jej vr\u00e1tit do 14 dn\u016f od zakoupen\u00ed.\u00a0 <\/span> <\/div>\n<\/p><\/div>\n<\/p><\/div>\n<\/p><\/div>\n<\/div>\n<\/div><\/div>\n","protected":false},"excerpt":{"rendered":"<p>Detailn\u00ed popis produktu Vysoce kvalitn\u00ed univerz\u00e1ln\u00ed sprej 6 v 1 s funk\u010dn\u00edm a u\u017eite\u010dn\u00fdm adapt\u00e9rem \u201eCOBRA CAP\u201c. Je umo\u017en\u011bn klasick\u00fd n\u00e1st\u0159ik v plo\u0161e b\u011b\u017enou tryskou nebo bodov\u011b p\u0159esn\u00e1 aplikace pomoc\u00ed trubi\u010dky. Efektivn\u00ed pro \u010di\u0161t\u011bn\u00ed, \u00fadr\u017ebu, maz\u00e1n\u00ed, ochranu elektrick\u00fdch kontakt\u016f nebo jako odpuzova\u010d vody. Odstran\u011bn\u00ed drobn\u00e9 rzi \u010di vodn\u00edho kamene nebo uvoln\u011bn\u00ed zkorodovan\u00fdch spoj\u016f. Vhodn\u00fd pro [&hellip;]<\/p>\n","protected":false},"featured_media":34267,"comment_status":"open","ping_status":"open","template":"","meta":[],"product_brand":[],"product_cat":[117],"product_tag":[],"class_list":{"0":"post-34167","1":"product","2":"type-product","3":"status-publish","4":"has-post-thumbnail","6":"product_cat-automotive","8":"first","9":"instock","10":"sale","11":"shipping-taxable","12":"purchasable","13":"product-type-simple"},"yoast_head":"<!-- This site is optimized with the Yoast SEO plugin v26.8 - https:\/\/yoast.com\/product\/yoast-seo-wordpress\/ -->\n<title>TECTANE\u00ae COBRA Multi sprej 6v1 univerz\u00e1ln\u00ed mazivo | element-shop.cz Origin\u00e1ln\u00ed -<\/title>\n<meta name=\"robots\" content=\"index, follow, max-snippet:-1, max-image-preview:large, max-video-preview:-1\" \/>\n<link rel=\"canonical\" href=\"https:\/\/www.koupelnapro.com\/index.php\/produkt\/tectane-r-cobra-multi-sprej-6v1-univerzalni-mazivo-element-shop-cz-originalni-34167\/\" \/>\n<meta property=\"og:locale\" content=\"cs_CZ\" \/>\n<meta property=\"og:type\" content=\"article\" \/>\n<meta property=\"og:title\" content=\"TECTANE\u00ae COBRA Multi sprej 6v1 univerz\u00e1ln\u00ed mazivo | element-shop.cz Origin\u00e1ln\u00ed -\" \/>\n<meta property=\"og:description\" content=\"Detailn\u00ed popis produktu Vysoce kvalitn\u00ed univerz\u00e1ln\u00ed sprej 6 v 1 s funk\u010dn\u00edm a u\u017eite\u010dn\u00fdm adapt\u00e9rem \u201eCOBRA CAP\u201c. Je umo\u017en\u011bn klasick\u00fd n\u00e1st\u0159ik v plo\u0161e b\u011b\u017enou tryskou nebo bodov\u011b p\u0159esn\u00e1 aplikace pomoc\u00ed trubi\u010dky. Efektivn\u00ed pro \u010di\u0161t\u011bn\u00ed, \u00fadr\u017ebu, maz\u00e1n\u00ed, ochranu elektrick\u00fdch kontakt\u016f nebo jako odpuzova\u010d vody. Odstran\u011bn\u00ed drobn\u00e9 rzi \u010di vodn\u00edho kamene nebo uvoln\u011bn\u00ed zkorodovan\u00fdch spoj\u016f. Vhodn\u00fd pro [&hellip;]\" \/>\n<meta property=\"og:url\" content=\"https:\/\/www.koupelnapro.com\/index.php\/produkt\/tectane-r-cobra-multi-sprej-6v1-univerzalni-mazivo-element-shop-cz-originalni-34167\/\" \/>\n<meta property=\"og:image\" content=\"https:\/\/www.koupelnapro.com\/wp-content\/uploads\/2026\/SK0003159-CZ20260425-092522-0-1777080324-78531_cobra.webp\" \/>\n\t<meta property=\"og:image:width\" content=\"1000\" \/>\n\t<meta property=\"og:image:height\" content=\"750\" \/>\n\t<meta property=\"og:image:type\" content=\"image\/webp\" \/>\n<meta name=\"twitter:card\" content=\"summary_large_image\" \/>\n<meta name=\"twitter:label1\" content=\"Odhadovan\u00e1 doba \u010dten\u00ed\" \/>\n\t<meta name=\"twitter:data1\" content=\"2 minuty\" \/>\n<script type=\"application\/ld+json\" class=\"yoast-schema-graph\">{\"@context\":\"https:\/\/schema.org\",\"@graph\":[{\"@type\":\"WebPage\",\"@id\":\"https:\/\/www.koupelnapro.com\/index.php\/produkt\/tectane-r-cobra-multi-sprej-6v1-univerzalni-mazivo-element-shop-cz-originalni-34167\/\",\"url\":\"https:\/\/www.koupelnapro.com\/index.php\/produkt\/tectane-r-cobra-multi-sprej-6v1-univerzalni-mazivo-element-shop-cz-originalni-34167\/\",\"name\":\"TECTANE\u00ae COBRA Multi sprej 6v1 univerz\u00e1ln\u00ed mazivo | element-shop.cz Origin\u00e1ln\u00ed -\",\"isPartOf\":{\"@id\":\"https:\/\/www.koupelnapro.com\/#website\"},\"primaryImageOfPage\":{\"@id\":\"https:\/\/www.koupelnapro.com\/index.php\/produkt\/tectane-r-cobra-multi-sprej-6v1-univerzalni-mazivo-element-shop-cz-originalni-34167\/#primaryimage\"},\"image\":{\"@id\":\"https:\/\/www.koupelnapro.com\/index.php\/produkt\/tectane-r-cobra-multi-sprej-6v1-univerzalni-mazivo-element-shop-cz-originalni-34167\/#primaryimage\"},\"thumbnailUrl\":\"https:\/\/www.koupelnapro.com\/wp-content\/uploads\/2026\/SK0003159-CZ20260425-092522-0-1777080324-78531_cobra.webp\",\"datePublished\":\"2026-04-26T09:15:29+00:00\",\"breadcrumb\":{\"@id\":\"https:\/\/www.koupelnapro.com\/index.php\/produkt\/tectane-r-cobra-multi-sprej-6v1-univerzalni-mazivo-element-shop-cz-originalni-34167\/#breadcrumb\"},\"inLanguage\":\"cs\",\"potentialAction\":[{\"@type\":\"ReadAction\",\"target\":[\"https:\/\/www.koupelnapro.com\/index.php\/produkt\/tectane-r-cobra-multi-sprej-6v1-univerzalni-mazivo-element-shop-cz-originalni-34167\/\"]}]},{\"@type\":\"ImageObject\",\"inLanguage\":\"cs\",\"@id\":\"https:\/\/www.koupelnapro.com\/index.php\/produkt\/tectane-r-cobra-multi-sprej-6v1-univerzalni-mazivo-element-shop-cz-originalni-34167\/#primaryimage\",\"url\":\"https:\/\/www.koupelnapro.com\/wp-content\/uploads\/2026\/SK0003159-CZ20260425-092522-0-1777080324-78531_cobra.webp\",\"contentUrl\":\"https:\/\/www.koupelnapro.com\/wp-content\/uploads\/2026\/SK0003159-CZ20260425-092522-0-1777080324-78531_cobra.webp\",\"width\":1000,\"height\":750},{\"@type\":\"BreadcrumbList\",\"@id\":\"https:\/\/www.koupelnapro.com\/index.php\/produkt\/tectane-r-cobra-multi-sprej-6v1-univerzalni-mazivo-element-shop-cz-originalni-34167\/#breadcrumb\",\"itemListElement\":[{\"@type\":\"ListItem\",\"position\":1,\"name\":\"Home\",\"item\":\"https:\/\/www.koupelnapro.com\/\"},{\"@type\":\"ListItem\",\"position\":2,\"name\":\"Products\",\"item\":\"https:\/\/www.koupelnapro.com\/index.php\/products\/\"},{\"@type\":\"ListItem\",\"position\":3,\"name\":\"TECTANE\u00ae COBRA Multi sprej 6v1 univerz\u00e1ln\u00ed mazivo | element-shop.cz Origin\u00e1ln\u00ed\"}]},{\"@type\":\"WebSite\",\"@id\":\"https:\/\/www.koupelnapro.com\/#website\",\"url\":\"https:\/\/www.koupelnapro.com\/\",\"name\":\"\",\"description\":\"\",\"potentialAction\":[{\"@type\":\"SearchAction\",\"target\":{\"@type\":\"EntryPoint\",\"urlTemplate\":\"https:\/\/www.koupelnapro.com\/?s={search_term_string}\"},\"query-input\":{\"@type\":\"PropertyValueSpecification\",\"valueRequired\":true,\"valueName\":\"search_term_string\"}}],\"inLanguage\":\"cs\"}]}<\/script>\n<!-- \/ Yoast SEO plugin. -->","yoast_head_json":{"title":"TECTANE\u00ae COBRA Multi sprej 6v1 univerz\u00e1ln\u00ed mazivo | element-shop.cz Origin\u00e1ln\u00ed -","robots":{"index":"index","follow":"follow","max-snippet":"max-snippet:-1","max-image-preview":"max-image-preview:large","max-video-preview":"max-video-preview:-1"},"canonical":"https:\/\/www.koupelnapro.com\/index.php\/produkt\/tectane-r-cobra-multi-sprej-6v1-univerzalni-mazivo-element-shop-cz-originalni-34167\/","og_locale":"cs_CZ","og_type":"article","og_title":"TECTANE\u00ae COBRA Multi sprej 6v1 univerz\u00e1ln\u00ed mazivo | element-shop.cz Origin\u00e1ln\u00ed -","og_description":"Detailn\u00ed popis produktu Vysoce kvalitn\u00ed univerz\u00e1ln\u00ed sprej 6 v 1 s funk\u010dn\u00edm a u\u017eite\u010dn\u00fdm adapt\u00e9rem \u201eCOBRA CAP\u201c. Je umo\u017en\u011bn klasick\u00fd n\u00e1st\u0159ik v plo\u0161e b\u011b\u017enou tryskou nebo bodov\u011b p\u0159esn\u00e1 aplikace pomoc\u00ed trubi\u010dky. Efektivn\u00ed pro \u010di\u0161t\u011bn\u00ed, \u00fadr\u017ebu, maz\u00e1n\u00ed, ochranu elektrick\u00fdch kontakt\u016f nebo jako odpuzova\u010d vody. Odstran\u011bn\u00ed drobn\u00e9 rzi \u010di vodn\u00edho kamene nebo uvoln\u011bn\u00ed zkorodovan\u00fdch spoj\u016f. Vhodn\u00fd pro [&hellip;]","og_url":"https:\/\/www.koupelnapro.com\/index.php\/produkt\/tectane-r-cobra-multi-sprej-6v1-univerzalni-mazivo-element-shop-cz-originalni-34167\/","og_image":[{"width":1000,"height":750,"url":"https:\/\/www.koupelnapro.com\/wp-content\/uploads\/2026\/SK0003159-CZ20260425-092522-0-1777080324-78531_cobra.webp","type":"image\/webp"}],"twitter_card":"summary_large_image","twitter_misc":{"Odhadovan\u00e1 doba \u010dten\u00ed":"2 minuty"},"schema":{"@context":"https:\/\/schema.org","@graph":[{"@type":"WebPage","@id":"https:\/\/www.koupelnapro.com\/index.php\/produkt\/tectane-r-cobra-multi-sprej-6v1-univerzalni-mazivo-element-shop-cz-originalni-34167\/","url":"https:\/\/www.koupelnapro.com\/index.php\/produkt\/tectane-r-cobra-multi-sprej-6v1-univerzalni-mazivo-element-shop-cz-originalni-34167\/","name":"TECTANE\u00ae COBRA Multi sprej 6v1 univerz\u00e1ln\u00ed mazivo | element-shop.cz Origin\u00e1ln\u00ed -","isPartOf":{"@id":"https:\/\/www.koupelnapro.com\/#website"},"primaryImageOfPage":{"@id":"https:\/\/www.koupelnapro.com\/index.php\/produkt\/tectane-r-cobra-multi-sprej-6v1-univerzalni-mazivo-element-shop-cz-originalni-34167\/#primaryimage"},"image":{"@id":"https:\/\/www.koupelnapro.com\/index.php\/produkt\/tectane-r-cobra-multi-sprej-6v1-univerzalni-mazivo-element-shop-cz-originalni-34167\/#primaryimage"},"thumbnailUrl":"https:\/\/www.koupelnapro.com\/wp-content\/uploads\/2026\/SK0003159-CZ20260425-092522-0-1777080324-78531_cobra.webp","datePublished":"2026-04-26T09:15:29+00:00","breadcrumb":{"@id":"https:\/\/www.koupelnapro.com\/index.php\/produkt\/tectane-r-cobra-multi-sprej-6v1-univerzalni-mazivo-element-shop-cz-originalni-34167\/#breadcrumb"},"inLanguage":"cs","potentialAction":[{"@type":"ReadAction","target":["https:\/\/www.koupelnapro.com\/index.php\/produkt\/tectane-r-cobra-multi-sprej-6v1-univerzalni-mazivo-element-shop-cz-originalni-34167\/"]}]},{"@type":"ImageObject","inLanguage":"cs","@id":"https:\/\/www.koupelnapro.com\/index.php\/produkt\/tectane-r-cobra-multi-sprej-6v1-univerzalni-mazivo-element-shop-cz-originalni-34167\/#primaryimage","url":"https:\/\/www.koupelnapro.com\/wp-content\/uploads\/2026\/SK0003159-CZ20260425-092522-0-1777080324-78531_cobra.webp","contentUrl":"https:\/\/www.koupelnapro.com\/wp-content\/uploads\/2026\/SK0003159-CZ20260425-092522-0-1777080324-78531_cobra.webp","width":1000,"height":750},{"@type":"BreadcrumbList","@id":"https:\/\/www.koupelnapro.com\/index.php\/produkt\/tectane-r-cobra-multi-sprej-6v1-univerzalni-mazivo-element-shop-cz-originalni-34167\/#breadcrumb","itemListElement":[{"@type":"ListItem","position":1,"name":"Home","item":"https:\/\/www.koupelnapro.com\/"},{"@type":"ListItem","position":2,"name":"Products","item":"https:\/\/www.koupelnapro.com\/index.php\/products\/"},{"@type":"ListItem","position":3,"name":"TECTANE\u00ae COBRA Multi sprej 6v1 univerz\u00e1ln\u00ed mazivo | element-shop.cz Origin\u00e1ln\u00ed"}]},{"@type":"WebSite","@id":"https:\/\/www.koupelnapro.com\/#website","url":"https:\/\/www.koupelnapro.com\/","name":"","description":"","potentialAction":[{"@type":"SearchAction","target":{"@type":"EntryPoint","urlTemplate":"https:\/\/www.koupelnapro.com\/?s={search_term_string}"},"query-input":{"@type":"PropertyValueSpecification","valueRequired":true,"valueName":"search_term_string"}}],"inLanguage":"cs"}]}},"_links":{"self":[{"href":"https:\/\/www.koupelnapro.com\/index.php\/wp-json\/wp\/v2\/product\/34167","targetHints":{"allow":["GET"]}}],"collection":[{"href":"https:\/\/www.koupelnapro.com\/index.php\/wp-json\/wp\/v2\/product"}],"about":[{"href":"https:\/\/www.koupelnapro.com\/index.php\/wp-json\/wp\/v2\/types\/product"}],"replies":[{"embeddable":true,"href":"https:\/\/www.koupelnapro.com\/index.php\/wp-json\/wp\/v2\/comments?post=34167"}],"wp:featuredmedia":[{"embeddable":true,"href":"https:\/\/www.koupelnapro.com\/index.php\/wp-json\/wp\/v2\/media\/34267"}],"wp:attachment":[{"href":"https:\/\/www.koupelnapro.com\/index.php\/wp-json\/wp\/v2\/media?parent=34167"}],"wp:term":[{"taxonomy":"product_brand","embeddable":true,"href":"https:\/\/www.koupelnapro.com\/index.php\/wp-json\/wp\/v2\/product_brand?post=34167"},{"taxonomy":"product_cat","embeddable":true,"href":"https:\/\/www.koupelnapro.com\/index.php\/wp-json\/wp\/v2\/product_cat?post=34167"},{"taxonomy":"product_tag","embeddable":true,"href":"https:\/\/www.koupelnapro.com\/index.php\/wp-json\/wp\/v2\/product_tag?post=34167"}],"curies":[{"name":"wp","href":"https:\/\/api.w.org\/{rel}","templated":true}]}}