{"id":34133,"date":"2026-04-26T09:15:29","date_gmt":"2026-04-26T09:15:29","guid":{"rendered":""},"modified":"2026-04-26T09:15:29","modified_gmt":"2026-04-26T09:15:29","slug":"compass-safety-tool-digi-tire-digitalni-meric-pneu-s-nozem-a-kladivkem-element-shop-cz-casove-omezene-34133","status":"publish","type":"product","link":"https:\/\/www.koupelnapro.com\/index.php\/produkt\/compass-safety-tool-digi-tire-digitalni-meric-pneu-s-nozem-a-kladivkem-element-shop-cz-casove-omezene-34133\/","title":{"rendered":"COMPASS SAFETY TOOL DIGI-TIRE Digit\u00e1ln\u00ed m\u011b\u0159i\u010d pneu s no\u017eem a klad\u00edvkem | element-shop.cz \u010casov\u011b Omezen\u00e9"},"content":{"rendered":"<div class=\"basic-description\">\n<h3>Detailn\u00ed popis produktu<\/h3>\n<div id='pobo-all-content' data-pobo-content='product' data-pobo-config='{\"product_id\":3880657,\"value_lang\":\"default\",\"enable_marketplace\":false}'>\n<div id=\"pobo-standard-widget\">\n<div data-pobo-widget-id='5'>\n<div class=\"widget-projector\">\n<div class=\"empty\">\n<p><span style=\"font-size: 12pt; font-family: inherit;\"><strong><\/strong><\/span><\/p>\n<ul>\n<li><span style=\"font-size: 12pt; font-family: inherit;\"><strong>Digit\u00e1ln\u00ed pneum\u011b\u0159i\u010d s celou \u0159adou bezpe\u010dnostn\u00edch dopl\u0148k\u016f pro nouzov\u00e9 pou\u017eit\u00ed nap\u0159. p\u0159i dopravn\u00ed nehod\u011b. <\/strong><\/span><\/li>\n<li><span style=\"font-size: 12pt; font-family: inherit;\"><strong>Ide\u00e1ln\u00ed kombinace pomocn\u00edk\u016f na cesty, doporu\u010dujeme vozit st\u00e1le v aut\u011b, nap\u0159\u00edklad v kapse dve\u0159\u00ed \u0159idi\u010de.<\/strong><\/span><\/li>\n<li><strong style=\"font-family: inherit; font-size: 12pt;\">Budete tak m\u00edt v\u0161echny pot\u0159ebn\u00e9 <span class=\"show-tooltip\" title=\"N\u00e1stroj&amp;nbsp;je pracovn\u00ed prost\u0159edek, pom\u016fcka k zpracov\u00e1n\u00ed n\u011b\u010deho (pracovn\u00ed n\u00e1stroj, \u0159emeslnick\u00fd n\u00e1stroj, chirurgick\u00fd n\u00e1stroj aj.), p\u0159\u00edp. v\u00fdrobn\u00ed pom\u016fcka slou\u017e\u00edc\u00ed p\u0159i ru\u010dn\u00edm nebo strojn\u00edm obr\u00e1b\u011bn\u00ed ke zm\u011bn\u011b velikosti nebo tvaru opracov\u00e1van\u00e9ho&amp;hellip;\">n\u00e1stroje<\/span> v\u017edy po ruce.<\/strong><\/li>\n<\/ul>\n<p><span style=\"font-size: 12pt; font-family: inherit;\"><strong>Z\u00e1kladn\u00ed vlastnosti:<\/strong><\/span><\/p>\n<ul>\n<li><span style=\"font-size: 12pt; font-family: inherit;\"><strong>Chr\u00e1n\u011bn\u00e9 ost\u0159\u00ed no\u017ee pro rychl\u00e9 p\u0159e\u0159ez\u00e1n\u00ed bezpe\u010dnostn\u00edch p\u00e1s\u016f<\/strong><\/span><\/li>\n<li><span style=\"font-size: 12pt; font-family: inherit;\"><strong><span class=\"show-tooltip\" title=\"Kladivo,&amp;nbsp;klad\u00edvko, je mechanick\u00fd ru\u010dn\u00ed&amp;nbsp;n\u00e1stroj, kter\u00fd umo\u017e\u0148uje p\u0159edat&amp;nbsp;r\u00e1zem&amp;nbsp;kinetickou energii&amp;nbsp;n\u011bjak\u00e9mu jin\u00e9mu t\u011blesu. Je pou\u017e\u00edv\u00e1no k deformac\u00edm jin\u00fdch t\u011bles \u010di p\u0159edm\u011bt\u016f nap\u0159. vyklep\u00e1v\u00e1n\u00edm \u010di rozklep\u00e1v\u00e1n\u00edm. Pou\u017e\u00edv\u00e1&amp;hellip;\">Klad\u00edvko<\/span> pro nouzov\u00e9 rozbit\u00ed <span class=\"show-tooltip\" title=\"Sklo&amp;nbsp;je homogenn\u00ed,&amp;nbsp;amorfn\u00ed&amp;nbsp;(tj. nekrystalick\u00e1) pevn\u00e1 l\u00e1tka, kter\u00e1 se vyzna\u010duje tvrdost\u00ed, k\u0159ehkost\u00ed a pr\u016fhlednost\u00ed. Hlavn\u00ed slo\u017ekou skla je&amp;nbsp;oxid k\u0159emi\u010dit\u00fd&amp;nbsp;(SiO2) a vyr\u00e1b\u00ed se taven\u00edm k\u0159emi\u010dit\u00e9ho&amp;nbsp;skl\u00e1\u0159sk\u00e9ho&amp;hellip;\">skla<\/span><\/strong><\/span><\/li>\n<li><span style=\"font-size: 12pt; font-family: inherit;\"><strong>Digit\u00e1ln\u00ed pneum\u011b\u0159i\u010d s podsv\u011btlen\u00fdm displejem<\/strong><\/span><\/li>\n<li><span style=\"font-size: 12pt; font-family: inherit;\"><strong>Sv\u00edtilna s <span class=\"show-tooltip\" title=\"B\u00edl\u00e1 je barva, kter\u00e1 vznik\u00e1 odrazem v\u0161ech viditeln\u00fdch vlnov\u00fdch d\u00e9lek sv\u011btla v p\u0159ibli\u017en\u011b stejn\u00e9m pom\u011bru. V d\u016fsledku tohoto odrazu se jev\u00ed lidsk\u00e9mu oku jako nejjasn\u011bj\u0161\u00ed barva a p\u0159edstavuje naprostou neutralitu. Na barevn\u00e9m spektru b\u00edl\u00e1 barva&amp;hellip;\">b\u00edl\u00fdm<\/span> <span class=\"show-tooltip\" title=\"Sv\u011btlo je viditeln\u00e1 \u010d\u00e1st elektromagnetick\u00e9ho z\u00e1\u0159en\u00ed.&amp;nbsp;\u058d V elektromagnetick\u00e9m spektru se sv\u011btlo nach\u00e1z\u00ed mezi infra\u010derven\u00fdm a ultrafialov\u00fdm.\u058d Charakterizuje se r\u016fzn\u00fdmi vlastnostmi, v\u010detn\u011b vlnov\u00e9 d\u00e9lky, frekvence, intenzity a polarizace.\u058d&amp;hellip;\">sv\u011btlem<\/span><\/strong><\/span><\/li>\n<li><span style=\"font-size: 12pt; font-family: inherit;\"><strong>Sv\u00edtilna s \u010derven\u00fdm sv\u011btlem<\/strong><\/span><\/li>\n<li><span style=\"font-size: 12pt; font-family: inherit;\"><strong>Rozsah m\u011b\u0159en\u00ed: 0 &#8211; 10 Bar (3 &#8211; 150 PSI)<\/strong><\/span><\/li>\n<li><span style=\"font-size: 12pt; font-family: inherit;\"><strong>nap\u00e1jen\u00ed sv\u00edtilny: 1x AAA baterie 1,5 V (nen\u00ed p\u0159ilo\u017eena)<\/strong><\/span><\/li>\n<li><span style=\"font-size: 12pt; font-family: inherit;\"><strong><span>Rozm\u011bry: 170 x 80 x 30 mm<\/span><\/strong><\/span><\/li>\n<\/ul><\/div>\n<\/p><\/div>\n<\/div>\n<\/div>\n<div id=\"pobo-share-widget\">\n<div data-pobo-widget-id='19'><\/div>\n<div data-pobo-widget-id='19'><\/div>\n<div class=\"widget-projector\">\n<div class=\"rc-advantages-four\">\n<div class=\"rc-advantages-four__item\">\n<div class=\"rc-advantages-four__ico-container\">  <\/div>\n<div class=\"rc-advantages-four__info\">\n<h2 class=\"rc-advantages-four__info-header\"> V\u0161e na jednom m\u00edst\u011b <\/h2>\n<\/p><\/div>\n<p> <span class=\"rc-advantages-four__info-text\"> Snadno u n\u00e1s koup\u00edte v\u00edce ne\u017e 23 000 vybran\u00fdch produkt\u016f od \u010desk\u00fdch i sv\u011btov\u00fdch v\u00fdrobc\u016f. Sortiment pokr\u00fdv\u00e1 pot\u0159eby dom\u00e1cnost\u00ed, kutil\u016f, firem, v\u00fdrobc\u016f a p\u0159es 80 obor\u016f pr\u016fmyslu <\/span> <\/div>\n<div class=\"rc-advantages-four__item\">\n<div class=\"rc-advantages-four__ico-container\">  <\/div>\n<div class=\"rc-advantages-four__info\">\n<h2 class=\"rc-advantages-four__info-header\"> Spolehliv\u00fd obchod Produkty, kter\u00e9 funguj\u00ed\u00a0 <\/h2>\n<p> <span class=\"rc-advantages-four__info-text\"> Spokojen\u00fd z\u00e1kazn\u00edk d\u011bl\u00e1 spokojen\u00e9ho prodejce. Tak\u00e9 proto testujeme funk\u010dnost nab\u00edzen\u00fdch produkt\u016f, abyste se na n\u011b mohli kdykoliv spolehnout a jejich ceny\u00a0neust\u00e1le dr\u017e\u00edme na p\u0159\u00edzniv\u00e9 \u00farovni. <\/span> <\/div>\n<\/p><\/div>\n<div class=\"rc-advantages-four__item\">\n<div class=\"rc-advantages-four__ico-container\">  <\/div>\n<div class=\"rc-advantages-four__info\">\n<h2 class=\"rc-advantages-four__info-header\"> 99,9% objedn\u00e1vek doru\u010deno bez po\u0161kozen\u00ed <\/h2>\n<p> <span class=\"rc-advantages-four__info-text\"> Objednan\u00e9 produkty ji\u017e pat\u0159\u00ed v\u00e1m. Proto je bal\u00edme s rozmyslem a pe\u010dliv\u011b, abyste do rukou dostali v\u0161e v bezvadn\u00e9m stavu. Zku\u0161en\u011b zabezpe\u010d\u00edme ka\u017ed\u00fd kus v z\u00e1silce, tak\u017ee zbo\u017e\u00ed cestuje jako v pe\u0159ince. <\/span> <\/div>\n<\/p><\/div>\n<div class=\"rc-advantages-four__item\">\n<div class=\"rc-advantages-four__ico-container\">  <\/div>\n<div class=\"rc-advantages-four__info\">\n<h2 class=\"rc-advantages-four__info-header\"> 90% zbo\u017e\u00ed odes\u00edl\u00e1me\u00a0 do 24 hodin <\/h2>\n<p> <span class=\"rc-advantages-four__info-text\"> Velk\u00e9 mno\u017estv\u00ed zbo\u017e\u00ed m\u00e1me dostupn\u00e9 skladem nebo do druh\u00e9ho dne, tak\u017ee jsme schopni v\u011bt\u0161inu objedn\u00e1vek vy\u0159\u00eddit prakticky obratem. <\/span> <\/div>\n<\/p><\/div>\n<\/p><\/div>\n<\/p><\/div>\n<div class=\"widget-projector\">\n<div class=\"rc-advantages-four\">\n<div class=\"rc-advantages-four__item\">\n<div class=\"rc-advantages-four__ico-container\">  <\/div>\n<div class=\"rc-advantages-four__info\">\n<h2 class=\"rc-advantages-four__info-header\"> Doprava zdarma <\/h2>\n<\/p><\/div>\n<p> <span class=\"rc-advantages-four__info-text\"> Objedn\u00e1vky nad 3000,- K\u010d pro z\u00e1silky standardn\u00edch parametr\u016f <\/span> <\/div>\n<div class=\"rc-advantages-four__item\">\n<div class=\"rc-advantages-four__ico-container\">  <\/div>\n<div class=\"rc-advantages-four__info\">\n<h2 class=\"rc-advantages-four__info-header\"> Zp\u016fsob doru\u010den\u00ed si zvolte sami <\/h2>\n<p> <span class=\"rc-advantages-four__info-text\"> Nab\u00edz\u00edme dopravu a\u017e ke dve\u0159\u00edm a tak\u00e9 variantu s mo\u017en\u00fdm osobn\u00edm odb\u011brem v tis\u00edc\u00edch odb\u011brn\u00fdch m\u00edstech v \u010cR a SR. <\/span> <\/div>\n<\/p><\/div>\n<div class=\"rc-advantages-four__item\">\n<div class=\"rc-advantages-four__ico-container\">  <\/div>\n<div class=\"rc-advantages-four__info\">\n<h2 class=\"rc-advantages-four__info-header\"> Z\u00e1kaznick\u00fd servis <\/h2>\n<p> <span class=\"rc-advantages-four__info-text\"> Pokud m\u00e1te dotaz, nebojte se zavolat nebo napsat.\u00a0R\u00e1di V\u00e1m porad\u00edme a pom\u016f\u017eeme s v\u00fdb\u011brem zbo\u017e\u00ed.\u00a0Dob\u0159e zn\u00e1me to, co prod\u00e1v\u00e1me. <\/span> <\/div>\n<\/p><\/div>\n<div class=\"rc-advantages-four__item\">\n<div class=\"rc-advantages-four__ico-container\">  <\/div>\n<div class=\"rc-advantages-four__info\">\n<h2 class=\"rc-advantages-four__info-header\"> 14 dn\u016f na vr\u00e1cen\u00ed <\/h2>\n<p> <span class=\"rc-advantages-four__info-text\"> Pokud se V\u00e1m v\u00fdrobek nebude l\u00edbit nebo nebude spl\u0148ovat o\u010dek\u00e1v\u00e1n\u00ed, m\u016f\u017eete jej vr\u00e1tit do 14 dn\u016f od zakoupen\u00ed.\u00a0 <\/span> <\/div>\n<\/p><\/div>\n<\/p><\/div>\n<\/p><\/div>\n<\/div>\n<\/div><\/div>\n","protected":false},"excerpt":{"rendered":"<p>Detailn\u00ed popis produktu Digit\u00e1ln\u00ed pneum\u011b\u0159i\u010d s celou \u0159adou bezpe\u010dnostn\u00edch dopl\u0148k\u016f pro nouzov\u00e9 pou\u017eit\u00ed nap\u0159. p\u0159i dopravn\u00ed nehod\u011b. Ide\u00e1ln\u00ed kombinace pomocn\u00edk\u016f na cesty, doporu\u010dujeme vozit st\u00e1le v aut\u011b, nap\u0159\u00edklad v kapse dve\u0159\u00ed \u0159idi\u010de. Budete tak m\u00edt v\u0161echny pot\u0159ebn\u00e9 n\u00e1stroje v\u017edy po ruce. Z\u00e1kladn\u00ed vlastnosti: Chr\u00e1n\u011bn\u00e9 ost\u0159\u00ed no\u017ee pro rychl\u00e9 p\u0159e\u0159ez\u00e1n\u00ed bezpe\u010dnostn\u00edch p\u00e1s\u016f Klad\u00edvko pro nouzov\u00e9 rozbit\u00ed [&hellip;]<\/p>\n","protected":false},"featured_media":34233,"comment_status":"open","ping_status":"open","template":"","meta":[],"product_brand":[],"product_cat":[117],"product_tag":[],"class_list":{"0":"post-34133","1":"product","2":"type-product","3":"status-publish","4":"has-post-thumbnail","6":"product_cat-automotive","8":"first","9":"instock","10":"sale","11":"shipping-taxable","12":"purchasable","13":"product-type-simple"},"yoast_head":"<!-- This site is optimized with the Yoast SEO plugin v26.8 - https:\/\/yoast.com\/product\/yoast-seo-wordpress\/ -->\n<title>COMPASS SAFETY TOOL DIGI-TIRE Digit\u00e1ln\u00ed m\u011b\u0159i\u010d pneu s no\u017eem a klad\u00edvkem | element-shop.cz \u010casov\u011b Omezen\u00e9 -<\/title>\n<meta name=\"robots\" content=\"index, follow, max-snippet:-1, max-image-preview:large, max-video-preview:-1\" \/>\n<link rel=\"canonical\" href=\"https:\/\/www.koupelnapro.com\/index.php\/produkt\/compass-safety-tool-digi-tire-digitalni-meric-pneu-s-nozem-a-kladivkem-element-shop-cz-casove-omezene-34133\/\" \/>\n<meta property=\"og:locale\" content=\"cs_CZ\" \/>\n<meta property=\"og:type\" content=\"article\" \/>\n<meta property=\"og:title\" content=\"COMPASS SAFETY TOOL DIGI-TIRE Digit\u00e1ln\u00ed m\u011b\u0159i\u010d pneu s no\u017eem a klad\u00edvkem | element-shop.cz \u010casov\u011b Omezen\u00e9 -\" \/>\n<meta property=\"og:description\" content=\"Detailn\u00ed popis produktu Digit\u00e1ln\u00ed pneum\u011b\u0159i\u010d s celou \u0159adou bezpe\u010dnostn\u00edch dopl\u0148k\u016f pro nouzov\u00e9 pou\u017eit\u00ed nap\u0159. p\u0159i dopravn\u00ed nehod\u011b. Ide\u00e1ln\u00ed kombinace pomocn\u00edk\u016f na cesty, doporu\u010dujeme vozit st\u00e1le v aut\u011b, nap\u0159\u00edklad v kapse dve\u0159\u00ed \u0159idi\u010de. Budete tak m\u00edt v\u0161echny pot\u0159ebn\u00e9 n\u00e1stroje v\u017edy po ruce. Z\u00e1kladn\u00ed vlastnosti: Chr\u00e1n\u011bn\u00e9 ost\u0159\u00ed no\u017ee pro rychl\u00e9 p\u0159e\u0159ez\u00e1n\u00ed bezpe\u010dnostn\u00edch p\u00e1s\u016f Klad\u00edvko pro nouzov\u00e9 rozbit\u00ed [&hellip;]\" \/>\n<meta property=\"og:url\" content=\"https:\/\/www.koupelnapro.com\/index.php\/produkt\/compass-safety-tool-digi-tire-digitalni-meric-pneu-s-nozem-a-kladivkem-element-shop-cz-casove-omezene-34133\/\" \/>\n<meta property=\"og:image\" content=\"https:\/\/www.koupelnapro.com\/wp-content\/uploads\/2026\/SK0003125-CZ20260425-092522-0-1777080324-78013-2_compass-safety-tool.webp\" \/>\n\t<meta property=\"og:image:width\" content=\"1000\" \/>\n\t<meta property=\"og:image:height\" content=\"750\" \/>\n\t<meta property=\"og:image:type\" content=\"image\/webp\" \/>\n<meta name=\"twitter:card\" content=\"summary_large_image\" \/>\n<meta name=\"twitter:label1\" content=\"Odhadovan\u00e1 doba \u010dten\u00ed\" \/>\n\t<meta name=\"twitter:data1\" content=\"2 minuty\" \/>\n<script type=\"application\/ld+json\" class=\"yoast-schema-graph\">{\"@context\":\"https:\/\/schema.org\",\"@graph\":[{\"@type\":\"WebPage\",\"@id\":\"https:\/\/www.koupelnapro.com\/index.php\/produkt\/compass-safety-tool-digi-tire-digitalni-meric-pneu-s-nozem-a-kladivkem-element-shop-cz-casove-omezene-34133\/\",\"url\":\"https:\/\/www.koupelnapro.com\/index.php\/produkt\/compass-safety-tool-digi-tire-digitalni-meric-pneu-s-nozem-a-kladivkem-element-shop-cz-casove-omezene-34133\/\",\"name\":\"COMPASS SAFETY TOOL DIGI-TIRE Digit\u00e1ln\u00ed m\u011b\u0159i\u010d pneu s no\u017eem a klad\u00edvkem | element-shop.cz \u010casov\u011b Omezen\u00e9 -\",\"isPartOf\":{\"@id\":\"https:\/\/www.koupelnapro.com\/#website\"},\"primaryImageOfPage\":{\"@id\":\"https:\/\/www.koupelnapro.com\/index.php\/produkt\/compass-safety-tool-digi-tire-digitalni-meric-pneu-s-nozem-a-kladivkem-element-shop-cz-casove-omezene-34133\/#primaryimage\"},\"image\":{\"@id\":\"https:\/\/www.koupelnapro.com\/index.php\/produkt\/compass-safety-tool-digi-tire-digitalni-meric-pneu-s-nozem-a-kladivkem-element-shop-cz-casove-omezene-34133\/#primaryimage\"},\"thumbnailUrl\":\"https:\/\/www.koupelnapro.com\/wp-content\/uploads\/2026\/SK0003125-CZ20260425-092522-0-1777080324-78013-2_compass-safety-tool.webp\",\"datePublished\":\"2026-04-26T09:15:29+00:00\",\"breadcrumb\":{\"@id\":\"https:\/\/www.koupelnapro.com\/index.php\/produkt\/compass-safety-tool-digi-tire-digitalni-meric-pneu-s-nozem-a-kladivkem-element-shop-cz-casove-omezene-34133\/#breadcrumb\"},\"inLanguage\":\"cs\",\"potentialAction\":[{\"@type\":\"ReadAction\",\"target\":[\"https:\/\/www.koupelnapro.com\/index.php\/produkt\/compass-safety-tool-digi-tire-digitalni-meric-pneu-s-nozem-a-kladivkem-element-shop-cz-casove-omezene-34133\/\"]}]},{\"@type\":\"ImageObject\",\"inLanguage\":\"cs\",\"@id\":\"https:\/\/www.koupelnapro.com\/index.php\/produkt\/compass-safety-tool-digi-tire-digitalni-meric-pneu-s-nozem-a-kladivkem-element-shop-cz-casove-omezene-34133\/#primaryimage\",\"url\":\"https:\/\/www.koupelnapro.com\/wp-content\/uploads\/2026\/SK0003125-CZ20260425-092522-0-1777080324-78013-2_compass-safety-tool.webp\",\"contentUrl\":\"https:\/\/www.koupelnapro.com\/wp-content\/uploads\/2026\/SK0003125-CZ20260425-092522-0-1777080324-78013-2_compass-safety-tool.webp\",\"width\":1000,\"height\":750},{\"@type\":\"BreadcrumbList\",\"@id\":\"https:\/\/www.koupelnapro.com\/index.php\/produkt\/compass-safety-tool-digi-tire-digitalni-meric-pneu-s-nozem-a-kladivkem-element-shop-cz-casove-omezene-34133\/#breadcrumb\",\"itemListElement\":[{\"@type\":\"ListItem\",\"position\":1,\"name\":\"Home\",\"item\":\"https:\/\/www.koupelnapro.com\/\"},{\"@type\":\"ListItem\",\"position\":2,\"name\":\"Products\",\"item\":\"https:\/\/www.koupelnapro.com\/index.php\/products\/\"},{\"@type\":\"ListItem\",\"position\":3,\"name\":\"COMPASS SAFETY TOOL DIGI-TIRE Digit\u00e1ln\u00ed m\u011b\u0159i\u010d pneu s no\u017eem a klad\u00edvkem | element-shop.cz \u010casov\u011b Omezen\u00e9\"}]},{\"@type\":\"WebSite\",\"@id\":\"https:\/\/www.koupelnapro.com\/#website\",\"url\":\"https:\/\/www.koupelnapro.com\/\",\"name\":\"\",\"description\":\"\",\"potentialAction\":[{\"@type\":\"SearchAction\",\"target\":{\"@type\":\"EntryPoint\",\"urlTemplate\":\"https:\/\/www.koupelnapro.com\/?s={search_term_string}\"},\"query-input\":{\"@type\":\"PropertyValueSpecification\",\"valueRequired\":true,\"valueName\":\"search_term_string\"}}],\"inLanguage\":\"cs\"}]}<\/script>\n<!-- \/ Yoast SEO plugin. -->","yoast_head_json":{"title":"COMPASS SAFETY TOOL DIGI-TIRE Digit\u00e1ln\u00ed m\u011b\u0159i\u010d pneu s no\u017eem a klad\u00edvkem | element-shop.cz \u010casov\u011b Omezen\u00e9 -","robots":{"index":"index","follow":"follow","max-snippet":"max-snippet:-1","max-image-preview":"max-image-preview:large","max-video-preview":"max-video-preview:-1"},"canonical":"https:\/\/www.koupelnapro.com\/index.php\/produkt\/compass-safety-tool-digi-tire-digitalni-meric-pneu-s-nozem-a-kladivkem-element-shop-cz-casove-omezene-34133\/","og_locale":"cs_CZ","og_type":"article","og_title":"COMPASS SAFETY TOOL DIGI-TIRE Digit\u00e1ln\u00ed m\u011b\u0159i\u010d pneu s no\u017eem a klad\u00edvkem | element-shop.cz \u010casov\u011b Omezen\u00e9 -","og_description":"Detailn\u00ed popis produktu Digit\u00e1ln\u00ed pneum\u011b\u0159i\u010d s celou \u0159adou bezpe\u010dnostn\u00edch dopl\u0148k\u016f pro nouzov\u00e9 pou\u017eit\u00ed nap\u0159. p\u0159i dopravn\u00ed nehod\u011b. Ide\u00e1ln\u00ed kombinace pomocn\u00edk\u016f na cesty, doporu\u010dujeme vozit st\u00e1le v aut\u011b, nap\u0159\u00edklad v kapse dve\u0159\u00ed \u0159idi\u010de. Budete tak m\u00edt v\u0161echny pot\u0159ebn\u00e9 n\u00e1stroje v\u017edy po ruce. Z\u00e1kladn\u00ed vlastnosti: Chr\u00e1n\u011bn\u00e9 ost\u0159\u00ed no\u017ee pro rychl\u00e9 p\u0159e\u0159ez\u00e1n\u00ed bezpe\u010dnostn\u00edch p\u00e1s\u016f Klad\u00edvko pro nouzov\u00e9 rozbit\u00ed [&hellip;]","og_url":"https:\/\/www.koupelnapro.com\/index.php\/produkt\/compass-safety-tool-digi-tire-digitalni-meric-pneu-s-nozem-a-kladivkem-element-shop-cz-casove-omezene-34133\/","og_image":[{"width":1000,"height":750,"url":"https:\/\/www.koupelnapro.com\/wp-content\/uploads\/2026\/SK0003125-CZ20260425-092522-0-1777080324-78013-2_compass-safety-tool.webp","type":"image\/webp"}],"twitter_card":"summary_large_image","twitter_misc":{"Odhadovan\u00e1 doba \u010dten\u00ed":"2 minuty"},"schema":{"@context":"https:\/\/schema.org","@graph":[{"@type":"WebPage","@id":"https:\/\/www.koupelnapro.com\/index.php\/produkt\/compass-safety-tool-digi-tire-digitalni-meric-pneu-s-nozem-a-kladivkem-element-shop-cz-casove-omezene-34133\/","url":"https:\/\/www.koupelnapro.com\/index.php\/produkt\/compass-safety-tool-digi-tire-digitalni-meric-pneu-s-nozem-a-kladivkem-element-shop-cz-casove-omezene-34133\/","name":"COMPASS SAFETY TOOL DIGI-TIRE Digit\u00e1ln\u00ed m\u011b\u0159i\u010d pneu s no\u017eem a klad\u00edvkem | element-shop.cz \u010casov\u011b Omezen\u00e9 -","isPartOf":{"@id":"https:\/\/www.koupelnapro.com\/#website"},"primaryImageOfPage":{"@id":"https:\/\/www.koupelnapro.com\/index.php\/produkt\/compass-safety-tool-digi-tire-digitalni-meric-pneu-s-nozem-a-kladivkem-element-shop-cz-casove-omezene-34133\/#primaryimage"},"image":{"@id":"https:\/\/www.koupelnapro.com\/index.php\/produkt\/compass-safety-tool-digi-tire-digitalni-meric-pneu-s-nozem-a-kladivkem-element-shop-cz-casove-omezene-34133\/#primaryimage"},"thumbnailUrl":"https:\/\/www.koupelnapro.com\/wp-content\/uploads\/2026\/SK0003125-CZ20260425-092522-0-1777080324-78013-2_compass-safety-tool.webp","datePublished":"2026-04-26T09:15:29+00:00","breadcrumb":{"@id":"https:\/\/www.koupelnapro.com\/index.php\/produkt\/compass-safety-tool-digi-tire-digitalni-meric-pneu-s-nozem-a-kladivkem-element-shop-cz-casove-omezene-34133\/#breadcrumb"},"inLanguage":"cs","potentialAction":[{"@type":"ReadAction","target":["https:\/\/www.koupelnapro.com\/index.php\/produkt\/compass-safety-tool-digi-tire-digitalni-meric-pneu-s-nozem-a-kladivkem-element-shop-cz-casove-omezene-34133\/"]}]},{"@type":"ImageObject","inLanguage":"cs","@id":"https:\/\/www.koupelnapro.com\/index.php\/produkt\/compass-safety-tool-digi-tire-digitalni-meric-pneu-s-nozem-a-kladivkem-element-shop-cz-casove-omezene-34133\/#primaryimage","url":"https:\/\/www.koupelnapro.com\/wp-content\/uploads\/2026\/SK0003125-CZ20260425-092522-0-1777080324-78013-2_compass-safety-tool.webp","contentUrl":"https:\/\/www.koupelnapro.com\/wp-content\/uploads\/2026\/SK0003125-CZ20260425-092522-0-1777080324-78013-2_compass-safety-tool.webp","width":1000,"height":750},{"@type":"BreadcrumbList","@id":"https:\/\/www.koupelnapro.com\/index.php\/produkt\/compass-safety-tool-digi-tire-digitalni-meric-pneu-s-nozem-a-kladivkem-element-shop-cz-casove-omezene-34133\/#breadcrumb","itemListElement":[{"@type":"ListItem","position":1,"name":"Home","item":"https:\/\/www.koupelnapro.com\/"},{"@type":"ListItem","position":2,"name":"Products","item":"https:\/\/www.koupelnapro.com\/index.php\/products\/"},{"@type":"ListItem","position":3,"name":"COMPASS SAFETY TOOL DIGI-TIRE Digit\u00e1ln\u00ed m\u011b\u0159i\u010d pneu s no\u017eem a klad\u00edvkem | element-shop.cz \u010casov\u011b Omezen\u00e9"}]},{"@type":"WebSite","@id":"https:\/\/www.koupelnapro.com\/#website","url":"https:\/\/www.koupelnapro.com\/","name":"","description":"","potentialAction":[{"@type":"SearchAction","target":{"@type":"EntryPoint","urlTemplate":"https:\/\/www.koupelnapro.com\/?s={search_term_string}"},"query-input":{"@type":"PropertyValueSpecification","valueRequired":true,"valueName":"search_term_string"}}],"inLanguage":"cs"}]}},"_links":{"self":[{"href":"https:\/\/www.koupelnapro.com\/index.php\/wp-json\/wp\/v2\/product\/34133","targetHints":{"allow":["GET"]}}],"collection":[{"href":"https:\/\/www.koupelnapro.com\/index.php\/wp-json\/wp\/v2\/product"}],"about":[{"href":"https:\/\/www.koupelnapro.com\/index.php\/wp-json\/wp\/v2\/types\/product"}],"replies":[{"embeddable":true,"href":"https:\/\/www.koupelnapro.com\/index.php\/wp-json\/wp\/v2\/comments?post=34133"}],"wp:featuredmedia":[{"embeddable":true,"href":"https:\/\/www.koupelnapro.com\/index.php\/wp-json\/wp\/v2\/media\/34233"}],"wp:attachment":[{"href":"https:\/\/www.koupelnapro.com\/index.php\/wp-json\/wp\/v2\/media?parent=34133"}],"wp:term":[{"taxonomy":"product_brand","embeddable":true,"href":"https:\/\/www.koupelnapro.com\/index.php\/wp-json\/wp\/v2\/product_brand?post=34133"},{"taxonomy":"product_cat","embeddable":true,"href":"https:\/\/www.koupelnapro.com\/index.php\/wp-json\/wp\/v2\/product_cat?post=34133"},{"taxonomy":"product_tag","embeddable":true,"href":"https:\/\/www.koupelnapro.com\/index.php\/wp-json\/wp\/v2\/product_tag?post=34133"}],"curies":[{"name":"wp","href":"https:\/\/api.w.org\/{rel}","templated":true}]}}