{"id":33945,"date":"2026-04-26T09:15:28","date_gmt":"2026-04-26T09:15:28","guid":{"rendered":""},"modified":"2026-04-26T09:15:28","modified_gmt":"2026-04-26T09:15:28","slug":"znackovy-mtr-r-karabina-simplex-40-mm-poniklovana-33945","status":"publish","type":"product","link":"https:\/\/www.koupelnapro.com\/index.php\/produkt\/znackovy-mtr-r-karabina-simplex-40-mm-poniklovana-33945\/","title":{"rendered":"Zna\u010dkov\u00fd MTR\u00ae Karabina simplex 40 mm, poniklovan\u00e1"},"content":{"rendered":"<div class=\"basic-description\">\n<h3>Detailn\u00ed popis produktu<\/h3>\n<p>                                    Lehk\u00e1 pru\u017einov\u00e1 karabina s mnohostrann\u00fdm vyu\u017eit\u00edm v oborech d\u016fm, d\u00edlna, zahrada, <span class=\"show-tooltip\" title=\"Stavba je proces tvorby a vytv\u00e1\u0159en\u00ed r\u016fzn\u00fdch stavebn\u00edch objekt\u016f nebo konstrukc\u00ed. Stavba m\u016f\u017ee zahrnovat v\u00fdstavbu budov, most\u016f, silnic, tunel\u016f, hr\u00e1z\u00ed, pr\u016fmyslov\u00fdch za\u0159\u00edzen\u00ed, vodn\u00edch n\u00e1dr\u017e\u00ed, sportovn\u00edch za\u0159\u00edzen\u00ed a dal\u0161\u00edch&amp;hellip;\">stavba<\/span>, sport, pr\u016fmysl apod..Karabina nen\u00ed kalibrovan\u00e1 a uveden\u00e1 <span class=\"show-tooltip\" title=\"Nosnost&amp;nbsp;resp.&amp;nbsp;\u00fanosnost&amp;nbsp;je obecn\u00e1 charakteristika, kter\u00e1 vyjad\u0159uje vzdor (kapacitu) dan\u00e9ho&amp;nbsp;objektu&amp;nbsp;nebo&amp;nbsp;p\u0159edm\u011btu&amp;nbsp;(nap\u0159. stavebn\u00ed konstrukce, z\u00e1kladov\u00e9 p\u016fdy,&amp;nbsp;dopravn\u00edho prost\u0159edku, apod.) v\u016f\u010di p\u016fsoben\u00ed n\u011bjak\u00fdch&amp;hellip;\">nosnost<\/span> je pouze orienta\u010dn\u00ed.<span class=\"show-tooltip\" title=\"D\u00e9lka&amp;nbsp;je jedna ze z\u00e1kladn\u00edch&amp;nbsp;fyzik\u00e1ln\u00edch veli\u010din. Pomoc\u00ed d\u00e9lky se vyjad\u0159uje vz\u00e1jemn\u00e1 poloha a rozprostran\u011bnost objekt\u016f v prostoru. D\u00e9lka jako fyzik\u00e1ln\u00ed veli\u010dina vych\u00e1z\u00ed z geometrick\u00e9ho pojmu&amp;nbsp;d\u00e9lky&amp;nbsp;jako&amp;nbsp;m\u00edry&amp;nbsp;ohrani\u010den\u00e9&amp;hellip;\">D\u00e9lka<\/span> karabiny: 40 mmMateri\u00e1l: <span class=\"show-tooltip\" title=\"Ocel je slitina \u017eeleza s mal\u00fdm obsahem uhl\u00edku a dal\u0161\u00edmi p\u0159\u00edm\u011bsemi. Je to jeden z nejb\u011b\u017en\u011bji pou\u017e\u00edvan\u00fdch materi\u00e1l\u016f v pr\u016fmyslu a&amp;nbsp;stavebnictv\u00ed d\u00edky sv\u00fdm vlastnostem, kter\u00e9 zahrnuj\u00ed pevnost, tv\u00e1rnost a odolnost.&amp;nbsp;Z\u00e1kladn\u00ed slo\u017ekou&amp;hellip;\">ocel<\/span> t\u0159\u00eddy 4.6Nosnost: 20 kg Povrchov\u00e1 \u00faprava: poniklov\u00e1noNorma: &#8211;                            <\/div>\n","protected":false},"excerpt":{"rendered":"<p>Detailn\u00ed popis produktu Lehk\u00e1 pru\u017einov\u00e1 karabina s mnohostrann\u00fdm vyu\u017eit\u00edm v oborech d\u016fm, d\u00edlna, zahrada, stavba, sport, pr\u016fmysl apod..Karabina nen\u00ed kalibrovan\u00e1 a uveden\u00e1 nosnost je pouze orienta\u010dn\u00ed.D\u00e9lka karabiny: 40 mmMateri\u00e1l: ocel t\u0159\u00eddy 4.6Nosnost: 20 kg Povrchov\u00e1 \u00faprava: poniklov\u00e1noNorma: &#8211;<\/p>\n","protected":false},"featured_media":34045,"comment_status":"open","ping_status":"open","template":"","meta":[],"product_brand":[],"product_cat":[60],"product_tag":[],"class_list":{"0":"post-33945","1":"product","2":"type-product","3":"status-publish","4":"has-post-thumbnail","6":"product_cat-naradi","8":"first","9":"instock","10":"sale","11":"shipping-taxable","12":"purchasable","13":"product-type-simple"},"yoast_head":"<!-- This site is optimized with the Yoast SEO plugin v26.8 - https:\/\/yoast.com\/product\/yoast-seo-wordpress\/ -->\n<title>Zna\u010dkov\u00fd MTR\u00ae Karabina simplex 40 mm, poniklovan\u00e1 -<\/title>\n<meta name=\"robots\" content=\"index, follow, max-snippet:-1, max-image-preview:large, max-video-preview:-1\" \/>\n<link rel=\"canonical\" href=\"https:\/\/www.koupelnapro.com\/index.php\/produkt\/znackovy-mtr-r-karabina-simplex-40-mm-poniklovana-33945\/\" \/>\n<meta property=\"og:locale\" content=\"cs_CZ\" \/>\n<meta property=\"og:type\" content=\"article\" \/>\n<meta property=\"og:title\" content=\"Zna\u010dkov\u00fd MTR\u00ae Karabina simplex 40 mm, poniklovan\u00e1 -\" \/>\n<meta property=\"og:description\" content=\"Detailn\u00ed popis produktu Lehk\u00e1 pru\u017einov\u00e1 karabina s mnohostrann\u00fdm vyu\u017eit\u00edm v oborech d\u016fm, d\u00edlna, zahrada, stavba, sport, pr\u016fmysl apod..Karabina nen\u00ed kalibrovan\u00e1 a uveden\u00e1 nosnost je pouze orienta\u010dn\u00ed.D\u00e9lka karabiny: 40 mmMateri\u00e1l: ocel t\u0159\u00eddy 4.6Nosnost: 20 kg Povrchov\u00e1 \u00faprava: poniklov\u00e1noNorma: &#8211;\" \/>\n<meta property=\"og:url\" content=\"https:\/\/www.koupelnapro.com\/index.php\/produkt\/znackovy-mtr-r-karabina-simplex-40-mm-poniklovana-33945\/\" \/>\n<meta property=\"og:image\" content=\"https:\/\/www.koupelnapro.com\/wp-content\/uploads\/2026\/SK0003037-CZ20260425-092522-0-1777080324-75760-1_rewrite-41458-2403040.webp\" \/>\n\t<meta property=\"og:image:width\" content=\"1000\" \/>\n\t<meta property=\"og:image:height\" content=\"750\" \/>\n\t<meta property=\"og:image:type\" content=\"image\/webp\" \/>\n<meta name=\"twitter:card\" content=\"summary_large_image\" \/>\n<script type=\"application\/ld+json\" class=\"yoast-schema-graph\">{\"@context\":\"https:\/\/schema.org\",\"@graph\":[{\"@type\":\"WebPage\",\"@id\":\"https:\/\/www.koupelnapro.com\/index.php\/produkt\/znackovy-mtr-r-karabina-simplex-40-mm-poniklovana-33945\/\",\"url\":\"https:\/\/www.koupelnapro.com\/index.php\/produkt\/znackovy-mtr-r-karabina-simplex-40-mm-poniklovana-33945\/\",\"name\":\"Zna\u010dkov\u00fd MTR\u00ae Karabina simplex 40 mm, poniklovan\u00e1 -\",\"isPartOf\":{\"@id\":\"https:\/\/www.koupelnapro.com\/#website\"},\"primaryImageOfPage\":{\"@id\":\"https:\/\/www.koupelnapro.com\/index.php\/produkt\/znackovy-mtr-r-karabina-simplex-40-mm-poniklovana-33945\/#primaryimage\"},\"image\":{\"@id\":\"https:\/\/www.koupelnapro.com\/index.php\/produkt\/znackovy-mtr-r-karabina-simplex-40-mm-poniklovana-33945\/#primaryimage\"},\"thumbnailUrl\":\"https:\/\/www.koupelnapro.com\/wp-content\/uploads\/2026\/SK0003037-CZ20260425-092522-0-1777080324-75760-1_rewrite-41458-2403040.webp\",\"datePublished\":\"2026-04-26T09:15:28+00:00\",\"breadcrumb\":{\"@id\":\"https:\/\/www.koupelnapro.com\/index.php\/produkt\/znackovy-mtr-r-karabina-simplex-40-mm-poniklovana-33945\/#breadcrumb\"},\"inLanguage\":\"cs\",\"potentialAction\":[{\"@type\":\"ReadAction\",\"target\":[\"https:\/\/www.koupelnapro.com\/index.php\/produkt\/znackovy-mtr-r-karabina-simplex-40-mm-poniklovana-33945\/\"]}]},{\"@type\":\"ImageObject\",\"inLanguage\":\"cs\",\"@id\":\"https:\/\/www.koupelnapro.com\/index.php\/produkt\/znackovy-mtr-r-karabina-simplex-40-mm-poniklovana-33945\/#primaryimage\",\"url\":\"https:\/\/www.koupelnapro.com\/wp-content\/uploads\/2026\/SK0003037-CZ20260425-092522-0-1777080324-75760-1_rewrite-41458-2403040.webp\",\"contentUrl\":\"https:\/\/www.koupelnapro.com\/wp-content\/uploads\/2026\/SK0003037-CZ20260425-092522-0-1777080324-75760-1_rewrite-41458-2403040.webp\",\"width\":1000,\"height\":750},{\"@type\":\"BreadcrumbList\",\"@id\":\"https:\/\/www.koupelnapro.com\/index.php\/produkt\/znackovy-mtr-r-karabina-simplex-40-mm-poniklovana-33945\/#breadcrumb\",\"itemListElement\":[{\"@type\":\"ListItem\",\"position\":1,\"name\":\"Home\",\"item\":\"https:\/\/www.koupelnapro.com\/\"},{\"@type\":\"ListItem\",\"position\":2,\"name\":\"Products\",\"item\":\"https:\/\/www.koupelnapro.com\/index.php\/products\/\"},{\"@type\":\"ListItem\",\"position\":3,\"name\":\"Zna\u010dkov\u00fd MTR\u00ae Karabina simplex 40 mm, poniklovan\u00e1\"}]},{\"@type\":\"WebSite\",\"@id\":\"https:\/\/www.koupelnapro.com\/#website\",\"url\":\"https:\/\/www.koupelnapro.com\/\",\"name\":\"\",\"description\":\"\",\"potentialAction\":[{\"@type\":\"SearchAction\",\"target\":{\"@type\":\"EntryPoint\",\"urlTemplate\":\"https:\/\/www.koupelnapro.com\/?s={search_term_string}\"},\"query-input\":{\"@type\":\"PropertyValueSpecification\",\"valueRequired\":true,\"valueName\":\"search_term_string\"}}],\"inLanguage\":\"cs\"}]}<\/script>\n<!-- \/ Yoast SEO plugin. -->","yoast_head_json":{"title":"Zna\u010dkov\u00fd MTR\u00ae Karabina simplex 40 mm, poniklovan\u00e1 -","robots":{"index":"index","follow":"follow","max-snippet":"max-snippet:-1","max-image-preview":"max-image-preview:large","max-video-preview":"max-video-preview:-1"},"canonical":"https:\/\/www.koupelnapro.com\/index.php\/produkt\/znackovy-mtr-r-karabina-simplex-40-mm-poniklovana-33945\/","og_locale":"cs_CZ","og_type":"article","og_title":"Zna\u010dkov\u00fd MTR\u00ae Karabina simplex 40 mm, poniklovan\u00e1 -","og_description":"Detailn\u00ed popis produktu Lehk\u00e1 pru\u017einov\u00e1 karabina s mnohostrann\u00fdm vyu\u017eit\u00edm v oborech d\u016fm, d\u00edlna, zahrada, stavba, sport, pr\u016fmysl apod..Karabina nen\u00ed kalibrovan\u00e1 a uveden\u00e1 nosnost je pouze orienta\u010dn\u00ed.D\u00e9lka karabiny: 40 mmMateri\u00e1l: ocel t\u0159\u00eddy 4.6Nosnost: 20 kg Povrchov\u00e1 \u00faprava: poniklov\u00e1noNorma: &#8211;","og_url":"https:\/\/www.koupelnapro.com\/index.php\/produkt\/znackovy-mtr-r-karabina-simplex-40-mm-poniklovana-33945\/","og_image":[{"width":1000,"height":750,"url":"https:\/\/www.koupelnapro.com\/wp-content\/uploads\/2026\/SK0003037-CZ20260425-092522-0-1777080324-75760-1_rewrite-41458-2403040.webp","type":"image\/webp"}],"twitter_card":"summary_large_image","schema":{"@context":"https:\/\/schema.org","@graph":[{"@type":"WebPage","@id":"https:\/\/www.koupelnapro.com\/index.php\/produkt\/znackovy-mtr-r-karabina-simplex-40-mm-poniklovana-33945\/","url":"https:\/\/www.koupelnapro.com\/index.php\/produkt\/znackovy-mtr-r-karabina-simplex-40-mm-poniklovana-33945\/","name":"Zna\u010dkov\u00fd MTR\u00ae Karabina simplex 40 mm, poniklovan\u00e1 -","isPartOf":{"@id":"https:\/\/www.koupelnapro.com\/#website"},"primaryImageOfPage":{"@id":"https:\/\/www.koupelnapro.com\/index.php\/produkt\/znackovy-mtr-r-karabina-simplex-40-mm-poniklovana-33945\/#primaryimage"},"image":{"@id":"https:\/\/www.koupelnapro.com\/index.php\/produkt\/znackovy-mtr-r-karabina-simplex-40-mm-poniklovana-33945\/#primaryimage"},"thumbnailUrl":"https:\/\/www.koupelnapro.com\/wp-content\/uploads\/2026\/SK0003037-CZ20260425-092522-0-1777080324-75760-1_rewrite-41458-2403040.webp","datePublished":"2026-04-26T09:15:28+00:00","breadcrumb":{"@id":"https:\/\/www.koupelnapro.com\/index.php\/produkt\/znackovy-mtr-r-karabina-simplex-40-mm-poniklovana-33945\/#breadcrumb"},"inLanguage":"cs","potentialAction":[{"@type":"ReadAction","target":["https:\/\/www.koupelnapro.com\/index.php\/produkt\/znackovy-mtr-r-karabina-simplex-40-mm-poniklovana-33945\/"]}]},{"@type":"ImageObject","inLanguage":"cs","@id":"https:\/\/www.koupelnapro.com\/index.php\/produkt\/znackovy-mtr-r-karabina-simplex-40-mm-poniklovana-33945\/#primaryimage","url":"https:\/\/www.koupelnapro.com\/wp-content\/uploads\/2026\/SK0003037-CZ20260425-092522-0-1777080324-75760-1_rewrite-41458-2403040.webp","contentUrl":"https:\/\/www.koupelnapro.com\/wp-content\/uploads\/2026\/SK0003037-CZ20260425-092522-0-1777080324-75760-1_rewrite-41458-2403040.webp","width":1000,"height":750},{"@type":"BreadcrumbList","@id":"https:\/\/www.koupelnapro.com\/index.php\/produkt\/znackovy-mtr-r-karabina-simplex-40-mm-poniklovana-33945\/#breadcrumb","itemListElement":[{"@type":"ListItem","position":1,"name":"Home","item":"https:\/\/www.koupelnapro.com\/"},{"@type":"ListItem","position":2,"name":"Products","item":"https:\/\/www.koupelnapro.com\/index.php\/products\/"},{"@type":"ListItem","position":3,"name":"Zna\u010dkov\u00fd MTR\u00ae Karabina simplex 40 mm, poniklovan\u00e1"}]},{"@type":"WebSite","@id":"https:\/\/www.koupelnapro.com\/#website","url":"https:\/\/www.koupelnapro.com\/","name":"","description":"","potentialAction":[{"@type":"SearchAction","target":{"@type":"EntryPoint","urlTemplate":"https:\/\/www.koupelnapro.com\/?s={search_term_string}"},"query-input":{"@type":"PropertyValueSpecification","valueRequired":true,"valueName":"search_term_string"}}],"inLanguage":"cs"}]}},"_links":{"self":[{"href":"https:\/\/www.koupelnapro.com\/index.php\/wp-json\/wp\/v2\/product\/33945","targetHints":{"allow":["GET"]}}],"collection":[{"href":"https:\/\/www.koupelnapro.com\/index.php\/wp-json\/wp\/v2\/product"}],"about":[{"href":"https:\/\/www.koupelnapro.com\/index.php\/wp-json\/wp\/v2\/types\/product"}],"replies":[{"embeddable":true,"href":"https:\/\/www.koupelnapro.com\/index.php\/wp-json\/wp\/v2\/comments?post=33945"}],"wp:featuredmedia":[{"embeddable":true,"href":"https:\/\/www.koupelnapro.com\/index.php\/wp-json\/wp\/v2\/media\/34045"}],"wp:attachment":[{"href":"https:\/\/www.koupelnapro.com\/index.php\/wp-json\/wp\/v2\/media?parent=33945"}],"wp:term":[{"taxonomy":"product_brand","embeddable":true,"href":"https:\/\/www.koupelnapro.com\/index.php\/wp-json\/wp\/v2\/product_brand?post=33945"},{"taxonomy":"product_cat","embeddable":true,"href":"https:\/\/www.koupelnapro.com\/index.php\/wp-json\/wp\/v2\/product_cat?post=33945"},{"taxonomy":"product_tag","embeddable":true,"href":"https:\/\/www.koupelnapro.com\/index.php\/wp-json\/wp\/v2\/product_tag?post=33945"}],"curies":[{"name":"wp","href":"https:\/\/api.w.org\/{rel}","templated":true}]}}