{"id":33941,"date":"2026-04-26T09:15:28","date_gmt":"2026-04-26T09:15:28","guid":{"rendered":""},"modified":"2026-04-26T09:15:28","modified_gmt":"2026-04-26T09:15:28","slug":"kanystr-plastovy-5-l-zlevneny-33941","status":"publish","type":"product","link":"https:\/\/www.koupelnapro.com\/index.php\/produkt\/kanystr-plastovy-5-l-zlevneny-33941\/","title":{"rendered":"Kanystr plastov\u00fd, 5 l Zlevn\u011bn\u00fd"},"content":{"rendered":"<div class=\"basic-description\">\n<h3>Detailn\u00ed popis produktu<\/h3>\n<ul>\n<li><span style=\"font-family: inherit; font-size: 12pt;\"><strong><span class=\"show-tooltip\" title=\"Plastyn\u011bkdy tak\u00e9 naz\u00fdvan\u00e9 plastick\u00e9 \u010di um\u011bl\u00e9 hmoty, p\u0159edstavuj\u00ed \u0161irokou \u0161k\u00e1lu syntetick\u00fdch nebo \u010d\u00e1ste\u010dn\u011b syntetick\u00fdch organick\u00fdch slou\u010denin a polymern\u00edch materi\u00e1l\u016f. \u010casto obsahuj\u00ed p\u0159\u00edsady zlep\u0161uj\u00edc\u00ed jejich funk\u010dn\u00ed vlastnosti, nap\u0159\u00edklad&amp;hellip;\">Plastov\u00fd<\/span> kanystr s hrdlem a \u0161roubovac\u00edm v\u00ed\u010dkem.<\/strong><\/span><\/li>\n<li><span style=\"font-family: inherit; font-size: 12pt;\"><strong>Pou\u017eit\u00ed na vodu, bytovou chemii, autokosmetiku, prac\u00ed prost\u0159edky, v potravin\u00e1\u0159stv\u00ed atd.<\/strong><\/span><\/li>\n<li><span style=\"font-family: inherit; font-size: 12pt;\"><strong>Nepou\u017e\u00edvat na PHM<\/strong><\/span><\/li>\n<li><span style=\"font-family: inherit; font-size: 12pt;\"><strong>Kanystr nen\u00ed stohovateln\u00fd<\/strong><\/span><\/li>\n<\/ul>\n<div><span style=\"font-family: inherit; font-size: 12pt;\"><strong><span class=\"show-tooltip\" title=\"Objem je fyzik\u00e1ln\u00ed veli\u010dina, kter\u00e1 vyjad\u0159uje prostor obsazen\u00fd t\u011blesem. Objem se zpravidla m\u011b\u0159\u00ed v krychlov\u00fdch jednotk\u00e1ch, nap\u0159\u00edklad krychlov\u00e9 metry (m\u00b3) nebo krychlov\u00e9 centimetry (cm\u00b3). Objem lze vypo\u010d\u00edtat r\u016fzn\u00fdmi zp\u016fsoby, v z\u00e1vislosti na&amp;hellip;\">Objem<\/span>: 5 l<\/strong><\/span><\/div>\n<div><span style=\"font-family: inherit; font-size: 12pt;\"><strong>Materi\u00e1l: PE<\/strong><\/span><\/div>\n<\/p><\/div>\n","protected":false},"excerpt":{"rendered":"<p>Detailn\u00ed popis produktu Plastov\u00fd kanystr s hrdlem a \u0161roubovac\u00edm v\u00ed\u010dkem. Pou\u017eit\u00ed na vodu, bytovou chemii, autokosmetiku, prac\u00ed prost\u0159edky, v potravin\u00e1\u0159stv\u00ed atd. Nepou\u017e\u00edvat na PHM Kanystr nen\u00ed stohovateln\u00fd Objem: 5 l Materi\u00e1l: PE<\/p>\n","protected":false},"featured_media":34041,"comment_status":"open","ping_status":"open","template":"","meta":[],"product_brand":[],"product_cat":[117],"product_tag":[],"class_list":{"0":"post-33941","1":"product","2":"type-product","3":"status-publish","4":"has-post-thumbnail","6":"product_cat-automotive","8":"first","9":"instock","10":"sale","11":"shipping-taxable","12":"purchasable","13":"product-type-simple"},"yoast_head":"<!-- This site is optimized with the Yoast SEO plugin v26.8 - https:\/\/yoast.com\/product\/yoast-seo-wordpress\/ -->\n<title>Kanystr plastov\u00fd, 5 l Zlevn\u011bn\u00fd -<\/title>\n<meta name=\"robots\" content=\"index, follow, max-snippet:-1, max-image-preview:large, max-video-preview:-1\" \/>\n<link rel=\"canonical\" href=\"https:\/\/www.koupelnapro.com\/index.php\/produkt\/kanystr-plastovy-5-l-zlevneny-33941\/\" \/>\n<meta property=\"og:locale\" content=\"cs_CZ\" \/>\n<meta property=\"og:type\" content=\"article\" \/>\n<meta property=\"og:title\" content=\"Kanystr plastov\u00fd, 5 l Zlevn\u011bn\u00fd -\" \/>\n<meta property=\"og:description\" content=\"Detailn\u00ed popis produktu Plastov\u00fd kanystr s hrdlem a \u0161roubovac\u00edm v\u00ed\u010dkem. Pou\u017eit\u00ed na vodu, bytovou chemii, autokosmetiku, prac\u00ed prost\u0159edky, v potravin\u00e1\u0159stv\u00ed atd. Nepou\u017e\u00edvat na PHM Kanystr nen\u00ed stohovateln\u00fd Objem: 5 l Materi\u00e1l: PE\" \/>\n<meta property=\"og:url\" content=\"https:\/\/www.koupelnapro.com\/index.php\/produkt\/kanystr-plastovy-5-l-zlevneny-33941\/\" \/>\n<meta property=\"og:image\" content=\"https:\/\/www.koupelnapro.com\/wp-content\/uploads\/2026\/SK0003033-CZ20260425-092522-0-1777080324-75742-1_kanystr-5l.webp\" \/>\n\t<meta property=\"og:image:width\" content=\"1000\" \/>\n\t<meta property=\"og:image:height\" content=\"750\" \/>\n\t<meta property=\"og:image:type\" content=\"image\/webp\" \/>\n<meta name=\"twitter:card\" content=\"summary_large_image\" \/>\n<script type=\"application\/ld+json\" class=\"yoast-schema-graph\">{\"@context\":\"https:\/\/schema.org\",\"@graph\":[{\"@type\":\"WebPage\",\"@id\":\"https:\/\/www.koupelnapro.com\/index.php\/produkt\/kanystr-plastovy-5-l-zlevneny-33941\/\",\"url\":\"https:\/\/www.koupelnapro.com\/index.php\/produkt\/kanystr-plastovy-5-l-zlevneny-33941\/\",\"name\":\"Kanystr plastov\u00fd, 5 l Zlevn\u011bn\u00fd -\",\"isPartOf\":{\"@id\":\"https:\/\/www.koupelnapro.com\/#website\"},\"primaryImageOfPage\":{\"@id\":\"https:\/\/www.koupelnapro.com\/index.php\/produkt\/kanystr-plastovy-5-l-zlevneny-33941\/#primaryimage\"},\"image\":{\"@id\":\"https:\/\/www.koupelnapro.com\/index.php\/produkt\/kanystr-plastovy-5-l-zlevneny-33941\/#primaryimage\"},\"thumbnailUrl\":\"https:\/\/www.koupelnapro.com\/wp-content\/uploads\/2026\/SK0003033-CZ20260425-092522-0-1777080324-75742-1_kanystr-5l.webp\",\"datePublished\":\"2026-04-26T09:15:28+00:00\",\"breadcrumb\":{\"@id\":\"https:\/\/www.koupelnapro.com\/index.php\/produkt\/kanystr-plastovy-5-l-zlevneny-33941\/#breadcrumb\"},\"inLanguage\":\"cs\",\"potentialAction\":[{\"@type\":\"ReadAction\",\"target\":[\"https:\/\/www.koupelnapro.com\/index.php\/produkt\/kanystr-plastovy-5-l-zlevneny-33941\/\"]}]},{\"@type\":\"ImageObject\",\"inLanguage\":\"cs\",\"@id\":\"https:\/\/www.koupelnapro.com\/index.php\/produkt\/kanystr-plastovy-5-l-zlevneny-33941\/#primaryimage\",\"url\":\"https:\/\/www.koupelnapro.com\/wp-content\/uploads\/2026\/SK0003033-CZ20260425-092522-0-1777080324-75742-1_kanystr-5l.webp\",\"contentUrl\":\"https:\/\/www.koupelnapro.com\/wp-content\/uploads\/2026\/SK0003033-CZ20260425-092522-0-1777080324-75742-1_kanystr-5l.webp\",\"width\":1000,\"height\":750},{\"@type\":\"BreadcrumbList\",\"@id\":\"https:\/\/www.koupelnapro.com\/index.php\/produkt\/kanystr-plastovy-5-l-zlevneny-33941\/#breadcrumb\",\"itemListElement\":[{\"@type\":\"ListItem\",\"position\":1,\"name\":\"Home\",\"item\":\"https:\/\/www.koupelnapro.com\/\"},{\"@type\":\"ListItem\",\"position\":2,\"name\":\"Products\",\"item\":\"https:\/\/www.koupelnapro.com\/index.php\/products\/\"},{\"@type\":\"ListItem\",\"position\":3,\"name\":\"Kanystr plastov\u00fd, 5 l Zlevn\u011bn\u00fd\"}]},{\"@type\":\"WebSite\",\"@id\":\"https:\/\/www.koupelnapro.com\/#website\",\"url\":\"https:\/\/www.koupelnapro.com\/\",\"name\":\"\",\"description\":\"\",\"potentialAction\":[{\"@type\":\"SearchAction\",\"target\":{\"@type\":\"EntryPoint\",\"urlTemplate\":\"https:\/\/www.koupelnapro.com\/?s={search_term_string}\"},\"query-input\":{\"@type\":\"PropertyValueSpecification\",\"valueRequired\":true,\"valueName\":\"search_term_string\"}}],\"inLanguage\":\"cs\"}]}<\/script>\n<!-- \/ Yoast SEO plugin. -->","yoast_head_json":{"title":"Kanystr plastov\u00fd, 5 l Zlevn\u011bn\u00fd -","robots":{"index":"index","follow":"follow","max-snippet":"max-snippet:-1","max-image-preview":"max-image-preview:large","max-video-preview":"max-video-preview:-1"},"canonical":"https:\/\/www.koupelnapro.com\/index.php\/produkt\/kanystr-plastovy-5-l-zlevneny-33941\/","og_locale":"cs_CZ","og_type":"article","og_title":"Kanystr plastov\u00fd, 5 l Zlevn\u011bn\u00fd -","og_description":"Detailn\u00ed popis produktu Plastov\u00fd kanystr s hrdlem a \u0161roubovac\u00edm v\u00ed\u010dkem. Pou\u017eit\u00ed na vodu, bytovou chemii, autokosmetiku, prac\u00ed prost\u0159edky, v potravin\u00e1\u0159stv\u00ed atd. Nepou\u017e\u00edvat na PHM Kanystr nen\u00ed stohovateln\u00fd Objem: 5 l Materi\u00e1l: PE","og_url":"https:\/\/www.koupelnapro.com\/index.php\/produkt\/kanystr-plastovy-5-l-zlevneny-33941\/","og_image":[{"width":1000,"height":750,"url":"https:\/\/www.koupelnapro.com\/wp-content\/uploads\/2026\/SK0003033-CZ20260425-092522-0-1777080324-75742-1_kanystr-5l.webp","type":"image\/webp"}],"twitter_card":"summary_large_image","schema":{"@context":"https:\/\/schema.org","@graph":[{"@type":"WebPage","@id":"https:\/\/www.koupelnapro.com\/index.php\/produkt\/kanystr-plastovy-5-l-zlevneny-33941\/","url":"https:\/\/www.koupelnapro.com\/index.php\/produkt\/kanystr-plastovy-5-l-zlevneny-33941\/","name":"Kanystr plastov\u00fd, 5 l Zlevn\u011bn\u00fd -","isPartOf":{"@id":"https:\/\/www.koupelnapro.com\/#website"},"primaryImageOfPage":{"@id":"https:\/\/www.koupelnapro.com\/index.php\/produkt\/kanystr-plastovy-5-l-zlevneny-33941\/#primaryimage"},"image":{"@id":"https:\/\/www.koupelnapro.com\/index.php\/produkt\/kanystr-plastovy-5-l-zlevneny-33941\/#primaryimage"},"thumbnailUrl":"https:\/\/www.koupelnapro.com\/wp-content\/uploads\/2026\/SK0003033-CZ20260425-092522-0-1777080324-75742-1_kanystr-5l.webp","datePublished":"2026-04-26T09:15:28+00:00","breadcrumb":{"@id":"https:\/\/www.koupelnapro.com\/index.php\/produkt\/kanystr-plastovy-5-l-zlevneny-33941\/#breadcrumb"},"inLanguage":"cs","potentialAction":[{"@type":"ReadAction","target":["https:\/\/www.koupelnapro.com\/index.php\/produkt\/kanystr-plastovy-5-l-zlevneny-33941\/"]}]},{"@type":"ImageObject","inLanguage":"cs","@id":"https:\/\/www.koupelnapro.com\/index.php\/produkt\/kanystr-plastovy-5-l-zlevneny-33941\/#primaryimage","url":"https:\/\/www.koupelnapro.com\/wp-content\/uploads\/2026\/SK0003033-CZ20260425-092522-0-1777080324-75742-1_kanystr-5l.webp","contentUrl":"https:\/\/www.koupelnapro.com\/wp-content\/uploads\/2026\/SK0003033-CZ20260425-092522-0-1777080324-75742-1_kanystr-5l.webp","width":1000,"height":750},{"@type":"BreadcrumbList","@id":"https:\/\/www.koupelnapro.com\/index.php\/produkt\/kanystr-plastovy-5-l-zlevneny-33941\/#breadcrumb","itemListElement":[{"@type":"ListItem","position":1,"name":"Home","item":"https:\/\/www.koupelnapro.com\/"},{"@type":"ListItem","position":2,"name":"Products","item":"https:\/\/www.koupelnapro.com\/index.php\/products\/"},{"@type":"ListItem","position":3,"name":"Kanystr plastov\u00fd, 5 l Zlevn\u011bn\u00fd"}]},{"@type":"WebSite","@id":"https:\/\/www.koupelnapro.com\/#website","url":"https:\/\/www.koupelnapro.com\/","name":"","description":"","potentialAction":[{"@type":"SearchAction","target":{"@type":"EntryPoint","urlTemplate":"https:\/\/www.koupelnapro.com\/?s={search_term_string}"},"query-input":{"@type":"PropertyValueSpecification","valueRequired":true,"valueName":"search_term_string"}}],"inLanguage":"cs"}]}},"_links":{"self":[{"href":"https:\/\/www.koupelnapro.com\/index.php\/wp-json\/wp\/v2\/product\/33941","targetHints":{"allow":["GET"]}}],"collection":[{"href":"https:\/\/www.koupelnapro.com\/index.php\/wp-json\/wp\/v2\/product"}],"about":[{"href":"https:\/\/www.koupelnapro.com\/index.php\/wp-json\/wp\/v2\/types\/product"}],"replies":[{"embeddable":true,"href":"https:\/\/www.koupelnapro.com\/index.php\/wp-json\/wp\/v2\/comments?post=33941"}],"wp:featuredmedia":[{"embeddable":true,"href":"https:\/\/www.koupelnapro.com\/index.php\/wp-json\/wp\/v2\/media\/34041"}],"wp:attachment":[{"href":"https:\/\/www.koupelnapro.com\/index.php\/wp-json\/wp\/v2\/media?parent=33941"}],"wp:term":[{"taxonomy":"product_brand","embeddable":true,"href":"https:\/\/www.koupelnapro.com\/index.php\/wp-json\/wp\/v2\/product_brand?post=33941"},{"taxonomy":"product_cat","embeddable":true,"href":"https:\/\/www.koupelnapro.com\/index.php\/wp-json\/wp\/v2\/product_cat?post=33941"},{"taxonomy":"product_tag","embeddable":true,"href":"https:\/\/www.koupelnapro.com\/index.php\/wp-json\/wp\/v2\/product_tag?post=33941"}],"curies":[{"name":"wp","href":"https:\/\/api.w.org\/{rel}","templated":true}]}}