{"id":3377,"date":"2026-04-26T09:13:08","date_gmt":"2026-04-26T09:13:08","guid":{"rendered":""},"modified":"2026-04-26T09:13:08","modified_gmt":"2026-04-26T09:13:08","slug":"pouze-dnes-enika-ps-1000-spinac-pohybovy-rele-3377","status":"publish","type":"product","link":"https:\/\/www.koupelnapro.com\/index.php\/produkt\/pouze-dnes-enika-ps-1000-spinac-pohybovy-rele-3377\/","title":{"rendered":"Pouze Dnes ENIKA PS 1000 sp\u00edna\u010d pohybov\u00fd (rel\u00e9)"},"content":{"rendered":"<div id=\"e9216726\" class=\"pages\">\n<div id=\"PDDescription\" class=\"UserContentView userContent v1a v1 bs-view dcon dc150 PDDescription\" >\n<h2><span style=\"color: #008080;\">ENIKA PS 1000 sp\u00edna\u010d pohybov\u00fd (rel\u00e9) <\/span><\/h2>\n<p><span style=\"color: #404040; font-family: 'Arial','sans-serif'; font-size: 10.5pt;\">Tento infrapasivn\u00ed sp\u00edna\u010d je velice obl\u00edben\u00fd pro svou kvalitu a \u00fasporu energie. Tento sp\u00edna\u010d slou\u017e\u00ed pro sepnut\u00ed osv\u011btlen\u00ed nebo spot\u0159ebi\u010d\u016f na z\u00e1klad\u011b pohybu. Toto \u010didlo sp\u00edn\u00e1 na z\u00e1klad\u011b tepla pohybuj\u00edc\u00edch se osob. To V\u00e1m zaru\u010d\u00ed velkou \u00fasporu energie v prostor\u00e1ch jako jsou: <\/span><\/p>\n<p><span style=\"color: #404040; font-family: 'Arial','sans-serif'; font-size: 10.5pt;\"><\/span><\/p>\n<p>\u00a0<\/p>\n<\/p>\n<p>Chodby dom\u016f, sklep\u016f, schodi\u0161\u0165, gar\u00e1\u017e\u00ed a v neposledn\u00ed \u0159ad\u011b z\u00e1chod\u016f WC, kde jej lze pou\u017e\u00edt i pro sp\u00edn\u00e1n\u00ed ventil\u00e1tor\u016f osv\u011b\u017eova\u010d\u016f a tak\u00e9 splachov\u00e1n\u00ed.<\/p>\n<p>Toto \u010didlo pou\u017e\u00edv\u00e1\u00a0t\u0159\u00eddr\u00e1tov\u00e9 p\u0159ipojen\u00ed v\u010detn\u011b nulov\u00e9ho vodi\u010de. Jako sp\u00ednac\u00ed prvek pou\u017e\u00edv\u00e1 rel\u00e9 \/ relay, je tedy\u00a0schpn\u00e9 sepnout n\u00edzkou z\u00e1t\u011b\u017e, jako jsou LED zdroje a podobn\u011b.<\/p>\n<h2><span style=\"color: #008080;\">Parametry<\/span><\/h2>\n<p>max. sp\u00ednan\u00fd v\u00fdkon: 750 W, 800 VA<br \/> nap\u00e1jen\u00ed: 230 V \/ 50 Hz<br \/> stupe\u0148 kryt\u00ed: IP 20<br \/> p\u0159ipojovac\u00ed svorky: 1,5 mm2<br \/> sp\u00ednac\u00ed prvek: rel\u00e9\/relay<\/p>\n<\/p>\n<p>\u00a0<\/p>\n<div id=\"PDTable3\" class=\"ProductDetailTableView v3a v3 bs-view dcon dc175 PDTable3\" >\n<table>\n<thead><\/thead>\n<tbody>\n<tr class=\"attribute attr_bsshop_maker\">\n<td class=\"caption\">V\u00fdrobce<\/td>\n<td class=\"value\">ENIKA<\/td>\n<\/tr>\n<\/tbody>\n<\/table><\/div>\n<\/div>\n<\/div>\n<div id=\"e9216727\" class=\"tabs\">\n","protected":false},"excerpt":{"rendered":"<p>ENIKA PS 1000 sp\u00edna\u010d pohybov\u00fd (rel\u00e9) Tento infrapasivn\u00ed sp\u00edna\u010d je velice obl\u00edben\u00fd pro svou kvalitu a \u00fasporu energie. Tento sp\u00edna\u010d slou\u017e\u00ed pro sepnut\u00ed osv\u011btlen\u00ed nebo spot\u0159ebi\u010d\u016f na z\u00e1klad\u011b pohybu. Toto \u010didlo sp\u00edn\u00e1 na z\u00e1klad\u011b tepla pohybuj\u00edc\u00edch se osob. To V\u00e1m zaru\u010d\u00ed velkou \u00fasporu energie v prostor\u00e1ch jako jsou: \u00a0 Chodby dom\u016f, sklep\u016f, schodi\u0161\u0165, gar\u00e1\u017e\u00ed a [&hellip;]<\/p>\n","protected":false},"featured_media":3477,"comment_status":"open","ping_status":"open","template":"","meta":[],"product_brand":[],"product_cat":[37],"product_tag":[],"class_list":{"0":"post-3377","1":"product","2":"type-product","3":"status-publish","4":"has-post-thumbnail","6":"product_cat-sv-237-tidla-a-led","8":"first","9":"instock","10":"sale","11":"shipping-taxable","12":"purchasable","13":"product-type-simple"},"yoast_head":"<!-- This site is optimized with the Yoast SEO plugin v26.8 - https:\/\/yoast.com\/product\/yoast-seo-wordpress\/ -->\n<title>Pouze Dnes ENIKA PS 1000 sp\u00edna\u010d pohybov\u00fd (rel\u00e9) -<\/title>\n<meta name=\"robots\" content=\"index, follow, max-snippet:-1, max-image-preview:large, max-video-preview:-1\" \/>\n<link rel=\"canonical\" href=\"https:\/\/www.koupelnapro.com\/index.php\/produkt\/pouze-dnes-enika-ps-1000-spinac-pohybovy-rele-3377\/\" \/>\n<meta property=\"og:locale\" content=\"cs_CZ\" \/>\n<meta property=\"og:type\" content=\"article\" \/>\n<meta property=\"og:title\" content=\"Pouze Dnes ENIKA PS 1000 sp\u00edna\u010d pohybov\u00fd (rel\u00e9) -\" \/>\n<meta property=\"og:description\" content=\"ENIKA PS 1000 sp\u00edna\u010d pohybov\u00fd (rel\u00e9) Tento infrapasivn\u00ed sp\u00edna\u010d je velice obl\u00edben\u00fd pro svou kvalitu a \u00fasporu energie. Tento sp\u00edna\u010d slou\u017e\u00ed pro sepnut\u00ed osv\u011btlen\u00ed nebo spot\u0159ebi\u010d\u016f na z\u00e1klad\u011b pohybu. Toto \u010didlo sp\u00edn\u00e1 na z\u00e1klad\u011b tepla pohybuj\u00edc\u00edch se osob. To V\u00e1m zaru\u010d\u00ed velkou \u00fasporu energie v prostor\u00e1ch jako jsou: \u00a0 Chodby dom\u016f, sklep\u016f, schodi\u0161\u0165, gar\u00e1\u017e\u00ed a [&hellip;]\" \/>\n<meta property=\"og:url\" content=\"https:\/\/www.koupelnapro.com\/index.php\/produkt\/pouze-dnes-enika-ps-1000-spinac-pohybovy-rele-3377\/\" \/>\n<meta property=\"og:image\" content=\"https:\/\/www.koupelnapro.com\/wp-content\/uploads\/2026\/SK0003750-CZ20260425-091623-0-1777079785-enika-ps-1000-spinac-pohybovy-rele.webp\" \/>\n\t<meta property=\"og:image:width\" content=\"1000\" \/>\n\t<meta property=\"og:image:height\" content=\"525\" \/>\n\t<meta property=\"og:image:type\" content=\"image\/webp\" \/>\n<meta name=\"twitter:card\" content=\"summary_large_image\" \/>\n<meta name=\"twitter:label1\" content=\"Odhadovan\u00e1 doba \u010dten\u00ed\" \/>\n\t<meta name=\"twitter:data1\" content=\"1 minuta\" \/>\n<script type=\"application\/ld+json\" class=\"yoast-schema-graph\">{\"@context\":\"https:\/\/schema.org\",\"@graph\":[{\"@type\":\"WebPage\",\"@id\":\"https:\/\/www.koupelnapro.com\/index.php\/produkt\/pouze-dnes-enika-ps-1000-spinac-pohybovy-rele-3377\/\",\"url\":\"https:\/\/www.koupelnapro.com\/index.php\/produkt\/pouze-dnes-enika-ps-1000-spinac-pohybovy-rele-3377\/\",\"name\":\"Pouze Dnes ENIKA PS 1000 sp\u00edna\u010d pohybov\u00fd (rel\u00e9) -\",\"isPartOf\":{\"@id\":\"https:\/\/www.koupelnapro.com\/#website\"},\"primaryImageOfPage\":{\"@id\":\"https:\/\/www.koupelnapro.com\/index.php\/produkt\/pouze-dnes-enika-ps-1000-spinac-pohybovy-rele-3377\/#primaryimage\"},\"image\":{\"@id\":\"https:\/\/www.koupelnapro.com\/index.php\/produkt\/pouze-dnes-enika-ps-1000-spinac-pohybovy-rele-3377\/#primaryimage\"},\"thumbnailUrl\":\"https:\/\/www.koupelnapro.com\/wp-content\/uploads\/2026\/SK0003750-CZ20260425-091623-0-1777079785-enika-ps-1000-spinac-pohybovy-rele.webp\",\"datePublished\":\"2026-04-26T09:13:08+00:00\",\"breadcrumb\":{\"@id\":\"https:\/\/www.koupelnapro.com\/index.php\/produkt\/pouze-dnes-enika-ps-1000-spinac-pohybovy-rele-3377\/#breadcrumb\"},\"inLanguage\":\"cs\",\"potentialAction\":[{\"@type\":\"ReadAction\",\"target\":[\"https:\/\/www.koupelnapro.com\/index.php\/produkt\/pouze-dnes-enika-ps-1000-spinac-pohybovy-rele-3377\/\"]}]},{\"@type\":\"ImageObject\",\"inLanguage\":\"cs\",\"@id\":\"https:\/\/www.koupelnapro.com\/index.php\/produkt\/pouze-dnes-enika-ps-1000-spinac-pohybovy-rele-3377\/#primaryimage\",\"url\":\"https:\/\/www.koupelnapro.com\/wp-content\/uploads\/2026\/SK0003750-CZ20260425-091623-0-1777079785-enika-ps-1000-spinac-pohybovy-rele.webp\",\"contentUrl\":\"https:\/\/www.koupelnapro.com\/wp-content\/uploads\/2026\/SK0003750-CZ20260425-091623-0-1777079785-enika-ps-1000-spinac-pohybovy-rele.webp\",\"width\":1000,\"height\":525},{\"@type\":\"BreadcrumbList\",\"@id\":\"https:\/\/www.koupelnapro.com\/index.php\/produkt\/pouze-dnes-enika-ps-1000-spinac-pohybovy-rele-3377\/#breadcrumb\",\"itemListElement\":[{\"@type\":\"ListItem\",\"position\":1,\"name\":\"Home\",\"item\":\"https:\/\/www.koupelnapro.com\/\"},{\"@type\":\"ListItem\",\"position\":2,\"name\":\"Products\",\"item\":\"https:\/\/www.koupelnapro.com\/index.php\/products\/\"},{\"@type\":\"ListItem\",\"position\":3,\"name\":\"Pouze Dnes ENIKA PS 1000 sp\u00edna\u010d pohybov\u00fd (rel\u00e9)\"}]},{\"@type\":\"WebSite\",\"@id\":\"https:\/\/www.koupelnapro.com\/#website\",\"url\":\"https:\/\/www.koupelnapro.com\/\",\"name\":\"\",\"description\":\"\",\"potentialAction\":[{\"@type\":\"SearchAction\",\"target\":{\"@type\":\"EntryPoint\",\"urlTemplate\":\"https:\/\/www.koupelnapro.com\/?s={search_term_string}\"},\"query-input\":{\"@type\":\"PropertyValueSpecification\",\"valueRequired\":true,\"valueName\":\"search_term_string\"}}],\"inLanguage\":\"cs\"}]}<\/script>\n<!-- \/ Yoast SEO plugin. -->","yoast_head_json":{"title":"Pouze Dnes ENIKA PS 1000 sp\u00edna\u010d pohybov\u00fd (rel\u00e9) -","robots":{"index":"index","follow":"follow","max-snippet":"max-snippet:-1","max-image-preview":"max-image-preview:large","max-video-preview":"max-video-preview:-1"},"canonical":"https:\/\/www.koupelnapro.com\/index.php\/produkt\/pouze-dnes-enika-ps-1000-spinac-pohybovy-rele-3377\/","og_locale":"cs_CZ","og_type":"article","og_title":"Pouze Dnes ENIKA PS 1000 sp\u00edna\u010d pohybov\u00fd (rel\u00e9) -","og_description":"ENIKA PS 1000 sp\u00edna\u010d pohybov\u00fd (rel\u00e9) Tento infrapasivn\u00ed sp\u00edna\u010d je velice obl\u00edben\u00fd pro svou kvalitu a \u00fasporu energie. Tento sp\u00edna\u010d slou\u017e\u00ed pro sepnut\u00ed osv\u011btlen\u00ed nebo spot\u0159ebi\u010d\u016f na z\u00e1klad\u011b pohybu. Toto \u010didlo sp\u00edn\u00e1 na z\u00e1klad\u011b tepla pohybuj\u00edc\u00edch se osob. To V\u00e1m zaru\u010d\u00ed velkou \u00fasporu energie v prostor\u00e1ch jako jsou: \u00a0 Chodby dom\u016f, sklep\u016f, schodi\u0161\u0165, gar\u00e1\u017e\u00ed a [&hellip;]","og_url":"https:\/\/www.koupelnapro.com\/index.php\/produkt\/pouze-dnes-enika-ps-1000-spinac-pohybovy-rele-3377\/","og_image":[{"width":1000,"height":525,"url":"https:\/\/www.koupelnapro.com\/wp-content\/uploads\/2026\/SK0003750-CZ20260425-091623-0-1777079785-enika-ps-1000-spinac-pohybovy-rele.webp","type":"image\/webp"}],"twitter_card":"summary_large_image","twitter_misc":{"Odhadovan\u00e1 doba \u010dten\u00ed":"1 minuta"},"schema":{"@context":"https:\/\/schema.org","@graph":[{"@type":"WebPage","@id":"https:\/\/www.koupelnapro.com\/index.php\/produkt\/pouze-dnes-enika-ps-1000-spinac-pohybovy-rele-3377\/","url":"https:\/\/www.koupelnapro.com\/index.php\/produkt\/pouze-dnes-enika-ps-1000-spinac-pohybovy-rele-3377\/","name":"Pouze Dnes ENIKA PS 1000 sp\u00edna\u010d pohybov\u00fd (rel\u00e9) -","isPartOf":{"@id":"https:\/\/www.koupelnapro.com\/#website"},"primaryImageOfPage":{"@id":"https:\/\/www.koupelnapro.com\/index.php\/produkt\/pouze-dnes-enika-ps-1000-spinac-pohybovy-rele-3377\/#primaryimage"},"image":{"@id":"https:\/\/www.koupelnapro.com\/index.php\/produkt\/pouze-dnes-enika-ps-1000-spinac-pohybovy-rele-3377\/#primaryimage"},"thumbnailUrl":"https:\/\/www.koupelnapro.com\/wp-content\/uploads\/2026\/SK0003750-CZ20260425-091623-0-1777079785-enika-ps-1000-spinac-pohybovy-rele.webp","datePublished":"2026-04-26T09:13:08+00:00","breadcrumb":{"@id":"https:\/\/www.koupelnapro.com\/index.php\/produkt\/pouze-dnes-enika-ps-1000-spinac-pohybovy-rele-3377\/#breadcrumb"},"inLanguage":"cs","potentialAction":[{"@type":"ReadAction","target":["https:\/\/www.koupelnapro.com\/index.php\/produkt\/pouze-dnes-enika-ps-1000-spinac-pohybovy-rele-3377\/"]}]},{"@type":"ImageObject","inLanguage":"cs","@id":"https:\/\/www.koupelnapro.com\/index.php\/produkt\/pouze-dnes-enika-ps-1000-spinac-pohybovy-rele-3377\/#primaryimage","url":"https:\/\/www.koupelnapro.com\/wp-content\/uploads\/2026\/SK0003750-CZ20260425-091623-0-1777079785-enika-ps-1000-spinac-pohybovy-rele.webp","contentUrl":"https:\/\/www.koupelnapro.com\/wp-content\/uploads\/2026\/SK0003750-CZ20260425-091623-0-1777079785-enika-ps-1000-spinac-pohybovy-rele.webp","width":1000,"height":525},{"@type":"BreadcrumbList","@id":"https:\/\/www.koupelnapro.com\/index.php\/produkt\/pouze-dnes-enika-ps-1000-spinac-pohybovy-rele-3377\/#breadcrumb","itemListElement":[{"@type":"ListItem","position":1,"name":"Home","item":"https:\/\/www.koupelnapro.com\/"},{"@type":"ListItem","position":2,"name":"Products","item":"https:\/\/www.koupelnapro.com\/index.php\/products\/"},{"@type":"ListItem","position":3,"name":"Pouze Dnes ENIKA PS 1000 sp\u00edna\u010d pohybov\u00fd (rel\u00e9)"}]},{"@type":"WebSite","@id":"https:\/\/www.koupelnapro.com\/#website","url":"https:\/\/www.koupelnapro.com\/","name":"","description":"","potentialAction":[{"@type":"SearchAction","target":{"@type":"EntryPoint","urlTemplate":"https:\/\/www.koupelnapro.com\/?s={search_term_string}"},"query-input":{"@type":"PropertyValueSpecification","valueRequired":true,"valueName":"search_term_string"}}],"inLanguage":"cs"}]}},"_links":{"self":[{"href":"https:\/\/www.koupelnapro.com\/index.php\/wp-json\/wp\/v2\/product\/3377","targetHints":{"allow":["GET"]}}],"collection":[{"href":"https:\/\/www.koupelnapro.com\/index.php\/wp-json\/wp\/v2\/product"}],"about":[{"href":"https:\/\/www.koupelnapro.com\/index.php\/wp-json\/wp\/v2\/types\/product"}],"replies":[{"embeddable":true,"href":"https:\/\/www.koupelnapro.com\/index.php\/wp-json\/wp\/v2\/comments?post=3377"}],"wp:featuredmedia":[{"embeddable":true,"href":"https:\/\/www.koupelnapro.com\/index.php\/wp-json\/wp\/v2\/media\/3477"}],"wp:attachment":[{"href":"https:\/\/www.koupelnapro.com\/index.php\/wp-json\/wp\/v2\/media?parent=3377"}],"wp:term":[{"taxonomy":"product_brand","embeddable":true,"href":"https:\/\/www.koupelnapro.com\/index.php\/wp-json\/wp\/v2\/product_brand?post=3377"},{"taxonomy":"product_cat","embeddable":true,"href":"https:\/\/www.koupelnapro.com\/index.php\/wp-json\/wp\/v2\/product_cat?post=3377"},{"taxonomy":"product_tag","embeddable":true,"href":"https:\/\/www.koupelnapro.com\/index.php\/wp-json\/wp\/v2\/product_tag?post=3377"}],"curies":[{"name":"wp","href":"https:\/\/api.w.org\/{rel}","templated":true}]}}