{"id":33759,"date":"2026-04-26T09:15:27","date_gmt":"2026-04-26T09:15:27","guid":{"rendered":""},"modified":"2026-04-26T09:15:27","modified_gmt":"2026-04-26T09:15:27","slug":"znackovy-spokar-r-kartac-na-demizony-pr-80-mm-33759","status":"publish","type":"product","link":"https:\/\/www.koupelnapro.com\/index.php\/produkt\/znackovy-spokar-r-kartac-na-demizony-pr-80-mm-33759\/","title":{"rendered":"Zna\u010dkov\u00fd SPOKAR\u00ae Kart\u00e1\u010d na demi\u017eony, pr. 80 mm"},"content":{"rendered":"<div class=\"basic-description\">\n<h3>Detailn\u00ed popis produktu<\/h3>\n<h1><strong><span>Kart\u00e1\u010d na demi\u017eony<\/span><\/strong><strong><\/strong><\/h1>\n<div><span style=\"font-size: 14pt;\"><strong><span class=\"show-tooltip\" title=\"Pr\u016fm\u011br kruhu a kru\u017enice je d\u00e9lka \u00fase\u010dky, kter\u00e1 proch\u00e1z\u00ed st\u0159edem kruhu a spojuje dva body na jeho obvodu. Zkr\u00e1cen\u011b se pr\u016fm\u011br kruhu ozna\u010duje symbolem &quot;d&quot;.Vztah mezi pr\u016fm\u011brem kruhu a jeho polom\u011brem &quot;r&quot; je n\u00e1sleduj\u00edc\u00ed: d = 2 * rKde &quot;d&quot; je&amp;hellip;\">pr\u016fm\u011br<\/span> 80 mm<\/strong><\/span><\/div>\n<div>&nbsp;<\/div>\n<div><strong><span>\u2743 <span class=\"show-tooltip\" title=\"&quot;Syntetick\u00fd&quot; je term\u00edn pou\u017e\u00edvan\u00fd k popisu n\u011b\u010deho, co bylo vyrobeno nebo vytvo\u0159eno \u010dlov\u011bkem, na rozd\u00edl od p\u0159\u00edrodn\u00edho p\u016fvodu. V kontextu materi\u00e1l\u016f, vl\u00e1ken, l\u00e1tek nebo chemick\u00fdch slou\u010denin, slovo &quot;syntetick\u00fd&quot; ozna\u010duje um\u011ble vytvo\u0159en\u00e9 nebo vyroben\u00e9 v\u011bci,&amp;hellip;\">syntetick\u00e1<\/span> vl\u00e1kna (PA)<\/span><\/strong><\/div>\n<div id=\"hzViewer\" style=\"background: none; line-height: 0px; overflow: hidden; padding: 10px 5px; position: absolute; z-index: 2147483647; visibility: visible; opacity: 1; top: 66px; left: 150px; width: auto; height: auto; cursor: pointer; pointer-events: none; display: none;\">&nbsp;<\/div>\n<\/p><\/div>\n","protected":false},"excerpt":{"rendered":"<p>Detailn\u00ed popis produktu Kart\u00e1\u010d na demi\u017eony pr\u016fm\u011br 80 mm &nbsp; \u2743 syntetick\u00e1 vl\u00e1kna (PA) &nbsp;<\/p>\n","protected":false},"featured_media":33859,"comment_status":"open","ping_status":"open","template":"","meta":[],"product_brand":[],"product_cat":[61],"product_tag":[],"class_list":{"0":"post-33759","1":"product","2":"type-product","3":"status-publish","4":"has-post-thumbnail","6":"product_cat-dum-a-zahrada","8":"first","9":"instock","10":"sale","11":"shipping-taxable","12":"purchasable","13":"product-type-simple"},"yoast_head":"<!-- This site is optimized with the Yoast SEO plugin v26.8 - https:\/\/yoast.com\/product\/yoast-seo-wordpress\/ -->\n<title>Zna\u010dkov\u00fd SPOKAR\u00ae Kart\u00e1\u010d na demi\u017eony, pr. 80 mm -<\/title>\n<meta name=\"robots\" content=\"index, follow, max-snippet:-1, max-image-preview:large, max-video-preview:-1\" \/>\n<link rel=\"canonical\" href=\"https:\/\/www.koupelnapro.com\/index.php\/produkt\/znackovy-spokar-r-kartac-na-demizony-pr-80-mm-33759\/\" \/>\n<meta property=\"og:locale\" content=\"cs_CZ\" \/>\n<meta property=\"og:type\" content=\"article\" \/>\n<meta property=\"og:title\" content=\"Zna\u010dkov\u00fd SPOKAR\u00ae Kart\u00e1\u010d na demi\u017eony, pr. 80 mm -\" \/>\n<meta property=\"og:description\" content=\"Detailn\u00ed popis produktu Kart\u00e1\u010d na demi\u017eony pr\u016fm\u011br 80 mm &nbsp; \u2743 syntetick\u00e1 vl\u00e1kna (PA) &nbsp;\" \/>\n<meta property=\"og:url\" content=\"https:\/\/www.koupelnapro.com\/index.php\/produkt\/znackovy-spokar-r-kartac-na-demizony-pr-80-mm-33759\/\" \/>\n<meta property=\"og:image\" content=\"https:\/\/www.koupelnapro.com\/wp-content\/uploads\/2026\/SK0002949-CZ20260425-092522-0-1777080324-75355_kartac-na-demizony-a.webp\" \/>\n\t<meta property=\"og:image:width\" content=\"1000\" \/>\n\t<meta property=\"og:image:height\" content=\"750\" \/>\n\t<meta property=\"og:image:type\" content=\"image\/webp\" \/>\n<meta name=\"twitter:card\" content=\"summary_large_image\" \/>\n<script type=\"application\/ld+json\" class=\"yoast-schema-graph\">{\"@context\":\"https:\/\/schema.org\",\"@graph\":[{\"@type\":\"WebPage\",\"@id\":\"https:\/\/www.koupelnapro.com\/index.php\/produkt\/znackovy-spokar-r-kartac-na-demizony-pr-80-mm-33759\/\",\"url\":\"https:\/\/www.koupelnapro.com\/index.php\/produkt\/znackovy-spokar-r-kartac-na-demizony-pr-80-mm-33759\/\",\"name\":\"Zna\u010dkov\u00fd SPOKAR\u00ae Kart\u00e1\u010d na demi\u017eony, pr. 80 mm -\",\"isPartOf\":{\"@id\":\"https:\/\/www.koupelnapro.com\/#website\"},\"primaryImageOfPage\":{\"@id\":\"https:\/\/www.koupelnapro.com\/index.php\/produkt\/znackovy-spokar-r-kartac-na-demizony-pr-80-mm-33759\/#primaryimage\"},\"image\":{\"@id\":\"https:\/\/www.koupelnapro.com\/index.php\/produkt\/znackovy-spokar-r-kartac-na-demizony-pr-80-mm-33759\/#primaryimage\"},\"thumbnailUrl\":\"https:\/\/www.koupelnapro.com\/wp-content\/uploads\/2026\/SK0002949-CZ20260425-092522-0-1777080324-75355_kartac-na-demizony-a.webp\",\"datePublished\":\"2026-04-26T09:15:27+00:00\",\"breadcrumb\":{\"@id\":\"https:\/\/www.koupelnapro.com\/index.php\/produkt\/znackovy-spokar-r-kartac-na-demizony-pr-80-mm-33759\/#breadcrumb\"},\"inLanguage\":\"cs\",\"potentialAction\":[{\"@type\":\"ReadAction\",\"target\":[\"https:\/\/www.koupelnapro.com\/index.php\/produkt\/znackovy-spokar-r-kartac-na-demizony-pr-80-mm-33759\/\"]}]},{\"@type\":\"ImageObject\",\"inLanguage\":\"cs\",\"@id\":\"https:\/\/www.koupelnapro.com\/index.php\/produkt\/znackovy-spokar-r-kartac-na-demizony-pr-80-mm-33759\/#primaryimage\",\"url\":\"https:\/\/www.koupelnapro.com\/wp-content\/uploads\/2026\/SK0002949-CZ20260425-092522-0-1777080324-75355_kartac-na-demizony-a.webp\",\"contentUrl\":\"https:\/\/www.koupelnapro.com\/wp-content\/uploads\/2026\/SK0002949-CZ20260425-092522-0-1777080324-75355_kartac-na-demizony-a.webp\",\"width\":1000,\"height\":750},{\"@type\":\"BreadcrumbList\",\"@id\":\"https:\/\/www.koupelnapro.com\/index.php\/produkt\/znackovy-spokar-r-kartac-na-demizony-pr-80-mm-33759\/#breadcrumb\",\"itemListElement\":[{\"@type\":\"ListItem\",\"position\":1,\"name\":\"Home\",\"item\":\"https:\/\/www.koupelnapro.com\/\"},{\"@type\":\"ListItem\",\"position\":2,\"name\":\"Products\",\"item\":\"https:\/\/www.koupelnapro.com\/index.php\/products\/\"},{\"@type\":\"ListItem\",\"position\":3,\"name\":\"Zna\u010dkov\u00fd SPOKAR\u00ae Kart\u00e1\u010d na demi\u017eony, pr. 80 mm\"}]},{\"@type\":\"WebSite\",\"@id\":\"https:\/\/www.koupelnapro.com\/#website\",\"url\":\"https:\/\/www.koupelnapro.com\/\",\"name\":\"\",\"description\":\"\",\"potentialAction\":[{\"@type\":\"SearchAction\",\"target\":{\"@type\":\"EntryPoint\",\"urlTemplate\":\"https:\/\/www.koupelnapro.com\/?s={search_term_string}\"},\"query-input\":{\"@type\":\"PropertyValueSpecification\",\"valueRequired\":true,\"valueName\":\"search_term_string\"}}],\"inLanguage\":\"cs\"}]}<\/script>\n<!-- \/ Yoast SEO plugin. -->","yoast_head_json":{"title":"Zna\u010dkov\u00fd SPOKAR\u00ae Kart\u00e1\u010d na demi\u017eony, pr. 80 mm -","robots":{"index":"index","follow":"follow","max-snippet":"max-snippet:-1","max-image-preview":"max-image-preview:large","max-video-preview":"max-video-preview:-1"},"canonical":"https:\/\/www.koupelnapro.com\/index.php\/produkt\/znackovy-spokar-r-kartac-na-demizony-pr-80-mm-33759\/","og_locale":"cs_CZ","og_type":"article","og_title":"Zna\u010dkov\u00fd SPOKAR\u00ae Kart\u00e1\u010d na demi\u017eony, pr. 80 mm -","og_description":"Detailn\u00ed popis produktu Kart\u00e1\u010d na demi\u017eony pr\u016fm\u011br 80 mm &nbsp; \u2743 syntetick\u00e1 vl\u00e1kna (PA) &nbsp;","og_url":"https:\/\/www.koupelnapro.com\/index.php\/produkt\/znackovy-spokar-r-kartac-na-demizony-pr-80-mm-33759\/","og_image":[{"width":1000,"height":750,"url":"https:\/\/www.koupelnapro.com\/wp-content\/uploads\/2026\/SK0002949-CZ20260425-092522-0-1777080324-75355_kartac-na-demizony-a.webp","type":"image\/webp"}],"twitter_card":"summary_large_image","schema":{"@context":"https:\/\/schema.org","@graph":[{"@type":"WebPage","@id":"https:\/\/www.koupelnapro.com\/index.php\/produkt\/znackovy-spokar-r-kartac-na-demizony-pr-80-mm-33759\/","url":"https:\/\/www.koupelnapro.com\/index.php\/produkt\/znackovy-spokar-r-kartac-na-demizony-pr-80-mm-33759\/","name":"Zna\u010dkov\u00fd SPOKAR\u00ae Kart\u00e1\u010d na demi\u017eony, pr. 80 mm -","isPartOf":{"@id":"https:\/\/www.koupelnapro.com\/#website"},"primaryImageOfPage":{"@id":"https:\/\/www.koupelnapro.com\/index.php\/produkt\/znackovy-spokar-r-kartac-na-demizony-pr-80-mm-33759\/#primaryimage"},"image":{"@id":"https:\/\/www.koupelnapro.com\/index.php\/produkt\/znackovy-spokar-r-kartac-na-demizony-pr-80-mm-33759\/#primaryimage"},"thumbnailUrl":"https:\/\/www.koupelnapro.com\/wp-content\/uploads\/2026\/SK0002949-CZ20260425-092522-0-1777080324-75355_kartac-na-demizony-a.webp","datePublished":"2026-04-26T09:15:27+00:00","breadcrumb":{"@id":"https:\/\/www.koupelnapro.com\/index.php\/produkt\/znackovy-spokar-r-kartac-na-demizony-pr-80-mm-33759\/#breadcrumb"},"inLanguage":"cs","potentialAction":[{"@type":"ReadAction","target":["https:\/\/www.koupelnapro.com\/index.php\/produkt\/znackovy-spokar-r-kartac-na-demizony-pr-80-mm-33759\/"]}]},{"@type":"ImageObject","inLanguage":"cs","@id":"https:\/\/www.koupelnapro.com\/index.php\/produkt\/znackovy-spokar-r-kartac-na-demizony-pr-80-mm-33759\/#primaryimage","url":"https:\/\/www.koupelnapro.com\/wp-content\/uploads\/2026\/SK0002949-CZ20260425-092522-0-1777080324-75355_kartac-na-demizony-a.webp","contentUrl":"https:\/\/www.koupelnapro.com\/wp-content\/uploads\/2026\/SK0002949-CZ20260425-092522-0-1777080324-75355_kartac-na-demizony-a.webp","width":1000,"height":750},{"@type":"BreadcrumbList","@id":"https:\/\/www.koupelnapro.com\/index.php\/produkt\/znackovy-spokar-r-kartac-na-demizony-pr-80-mm-33759\/#breadcrumb","itemListElement":[{"@type":"ListItem","position":1,"name":"Home","item":"https:\/\/www.koupelnapro.com\/"},{"@type":"ListItem","position":2,"name":"Products","item":"https:\/\/www.koupelnapro.com\/index.php\/products\/"},{"@type":"ListItem","position":3,"name":"Zna\u010dkov\u00fd SPOKAR\u00ae Kart\u00e1\u010d na demi\u017eony, pr. 80 mm"}]},{"@type":"WebSite","@id":"https:\/\/www.koupelnapro.com\/#website","url":"https:\/\/www.koupelnapro.com\/","name":"","description":"","potentialAction":[{"@type":"SearchAction","target":{"@type":"EntryPoint","urlTemplate":"https:\/\/www.koupelnapro.com\/?s={search_term_string}"},"query-input":{"@type":"PropertyValueSpecification","valueRequired":true,"valueName":"search_term_string"}}],"inLanguage":"cs"}]}},"_links":{"self":[{"href":"https:\/\/www.koupelnapro.com\/index.php\/wp-json\/wp\/v2\/product\/33759","targetHints":{"allow":["GET"]}}],"collection":[{"href":"https:\/\/www.koupelnapro.com\/index.php\/wp-json\/wp\/v2\/product"}],"about":[{"href":"https:\/\/www.koupelnapro.com\/index.php\/wp-json\/wp\/v2\/types\/product"}],"replies":[{"embeddable":true,"href":"https:\/\/www.koupelnapro.com\/index.php\/wp-json\/wp\/v2\/comments?post=33759"}],"wp:featuredmedia":[{"embeddable":true,"href":"https:\/\/www.koupelnapro.com\/index.php\/wp-json\/wp\/v2\/media\/33859"}],"wp:attachment":[{"href":"https:\/\/www.koupelnapro.com\/index.php\/wp-json\/wp\/v2\/media?parent=33759"}],"wp:term":[{"taxonomy":"product_brand","embeddable":true,"href":"https:\/\/www.koupelnapro.com\/index.php\/wp-json\/wp\/v2\/product_brand?post=33759"},{"taxonomy":"product_cat","embeddable":true,"href":"https:\/\/www.koupelnapro.com\/index.php\/wp-json\/wp\/v2\/product_cat?post=33759"},{"taxonomy":"product_tag","embeddable":true,"href":"https:\/\/www.koupelnapro.com\/index.php\/wp-json\/wp\/v2\/product_tag?post=33759"}],"curies":[{"name":"wp","href":"https:\/\/api.w.org\/{rel}","templated":true}]}}