{"id":33698,"date":"2026-04-26T09:15:27","date_gmt":"2026-04-26T09:15:27","guid":{"rendered":""},"modified":"2026-04-26T09:15:27","modified_gmt":"2026-04-26T09:15:27","slug":"levny-cleanfox-r-vazelina-bila-s-ptfe-400-ml-sprej-33698","status":"publish","type":"product","link":"https:\/\/www.koupelnapro.com\/index.php\/produkt\/levny-cleanfox-r-vazelina-bila-s-ptfe-400-ml-sprej-33698\/","title":{"rendered":"Levn\u00fd CLEANFOX\u00ae Vazel\u00edna b\u00edl\u00e1 s PTFE, 400 ml sprej"},"content":{"rendered":"<div class=\"basic-description\">\n<h3>Detailn\u00ed popis produktu<\/h3>\n<ul>\n<li><strong style=\"font-family: inherit; font-size: 12pt; letter-spacing: 0.02rem;\"><span>Pro maz\u00e1n\u00ed <span class=\"show-tooltip\" title=\"Kovy&amp;nbsp;tvo\u0159\u00ed spole\u010dn\u011b s&amp;nbsp;polokovy&amp;nbsp;a&amp;nbsp;nekovy&amp;nbsp;t\u0159i hlavn\u00ed skupiny&amp;nbsp;chemick\u00fdch prvk\u016f. Rozd\u011blen\u00ed je prov\u00e1d\u011bno s ohledem na&amp;nbsp;vazebn\u00e9&amp;nbsp;a&amp;nbsp;ioniza\u010dn\u00ed&amp;nbsp;vlastnosti prvk\u016f. Kovy jsou charakterizovan\u00e9&amp;hellip;\">kovov\u00fdch<\/span>, nebo <span class=\"show-tooltip\" title=\"Plastyn\u011bkdy tak\u00e9 naz\u00fdvan\u00e9 plastick\u00e9 \u010di um\u011bl\u00e9 hmoty, p\u0159edstavuj\u00ed \u0161irokou \u0161k\u00e1lu syntetick\u00fdch nebo \u010d\u00e1ste\u010dn\u011b syntetick\u00fdch organick\u00fdch slou\u010denin a polymern\u00edch materi\u00e1l\u016f. \u010casto obsahuj\u00ed p\u0159\u00edsady zlep\u0161uj\u00edc\u00ed jejich funk\u010dn\u00ed vlastnosti, nap\u0159\u00edklad&amp;hellip;\">plastov\u00fdch<\/span> <span class=\"show-tooltip\" title=\"Mechanika je v\u011bdn\u00ed obor, kter\u00fd se zab\u00fdv\u00e1 studiem pohybu a rovnov\u00e1hy t\u011bles, a to jak v klidu, tak v pohybu. Tento obor se rozd\u011bluje do n\u011bkolika hlavn\u00edch oblast\u00ed, kter\u00e9 se li\u0161\u00ed podle typ\u016f sil, pohybov\u00fdch vzorc\u016f a aplikac\u00ed.&amp;nbsp;Mechanika je&amp;hellip;\">mechanick\u00fdch<\/span> \u010d\u00e1st\u00ed. <\/span><\/strong><\/li>\n<li><strong style=\"font-family: inherit; font-size: 12pt; letter-spacing: 0.02rem;\"><span>Nest\u00e9k\u00e1, zabra\u0148uje <span class=\"show-tooltip\" title=\"Opot\u0159eben\u00ed je proces postupn\u00e9ho sni\u017eov\u00e1n\u00ed kvality, \u00fa\u010dinnosti a funk\u010dnosti materi\u00e1l\u016f, za\u0159\u00edzen\u00ed nebo komponent\u016f v d\u016fsledku jejich pou\u017e\u00edv\u00e1n\u00ed a vystaven\u00ed vn\u011bj\u0161\u00edm podm\u00ednk\u00e1m. Tento jev m\u016f\u017ee m\u00edt r\u016fzn\u00e1 specifika v z\u00e1vislosti na typu materi\u00e1lu, zp\u016fsobu&amp;hellip;\">opot\u0159eben\u00ed<\/span> a zad\u0159en\u00ed, odpuzuje vodu<\/span>.<\/strong><\/li>\n<li><strong style=\"font-family: inherit; font-size: 12pt; letter-spacing: 0.02rem;\"><span>Vynikaj\u00edc\u00ed mechanick\u00e1 a <span class=\"show-tooltip\" title=\"Teplota&amp;nbsp;je charakteristika tepeln\u00e9ho&amp;nbsp;stavu&amp;nbsp;hmoty. Je to jedna z nejd\u016fle\u017eit\u011bj\u0161\u00edch fyzik\u00e1ln\u00edch veli\u010din. Teplota ovliv\u0148uje aktivitu (energii) ve\u0161ker\u00fdch \u010d\u00e1stic ve vesm\u00edru a zp\u016fsobuje zm\u011bnu rozm\u011br\u016f, tvaru&amp;hellip;\">tepeln\u00e1<\/span> st\u00e1lost.<\/span><\/strong><\/li>\n<li><strong style=\"font-family: inherit; font-size: 12pt; letter-spacing: 0.02rem;\"><span>Siln\u011b p\u0159ilnav\u00fd mazac\u00ed <span class=\"show-tooltip\" title=\"Oleje jsou obvykle visk\u00f3zn\u00ed tekutiny, kter\u00e9 jsou tvo\u0159eny hlavn\u011b tuky, a jsou vyu\u017e\u00edv\u00e1ny v r\u016fzn\u00fdch oblastech lidsk\u00e9 \u010dinnosti.&amp;nbsp;N\u011bkter\u00e9 druhy olej\u016f a jejich vyu\u017eit\u00ed:&amp;nbsp;Rostlinn\u00e9 oleje:&amp;nbsp;Rostlinn\u00e9 oleje, jako je \u0159epkov\u00fd,&amp;hellip;\">olej<\/span> odoln\u00fd v\u016f\u010di vysok\u00e9mu <span class=\"show-tooltip\" title=\"Tlak je fyzik\u00e1ln\u00ed veli\u010dina, kter\u00e1 vyjad\u0159uje s\u00edlu p\u016fsob\u00edc\u00ed na ur\u010ditou plochu. Matematicky je tlak definov\u00e1n jako s\u00edla d\u011blen\u00e1 plochou, na kterou p\u016fsob\u00ed. Z\u00e1kladn\u00ed jednotkou tlaku v mezin\u00e1rodn\u00edm syst\u00e9mu jednotek (SI) je pascal (Pa), co\u017e je newton na metr&amp;hellip;\">tlaku<\/span>.<\/span><\/strong><\/li>\n<\/ul>\n<p><span style=\"font-size: 12pt; font-family: inherit;\"><strong>Balen\u00ed: 400 ml &nbsp;<\/strong><\/span><\/p>\n<\/p><\/div>\n","protected":false},"excerpt":{"rendered":"<p>Detailn\u00ed popis produktu Pro maz\u00e1n\u00ed kovov\u00fdch, nebo plastov\u00fdch mechanick\u00fdch \u010d\u00e1st\u00ed. Nest\u00e9k\u00e1, zabra\u0148uje opot\u0159eben\u00ed a zad\u0159en\u00ed, odpuzuje vodu. Vynikaj\u00edc\u00ed mechanick\u00e1 a tepeln\u00e1 st\u00e1lost. Siln\u011b p\u0159ilnav\u00fd mazac\u00ed olej odoln\u00fd v\u016f\u010di vysok\u00e9mu tlaku. Balen\u00ed: 400 ml &nbsp;<\/p>\n","protected":false},"featured_media":33798,"comment_status":"open","ping_status":"open","template":"","meta":[],"product_brand":[],"product_cat":[117],"product_tag":[],"class_list":{"0":"post-33698","1":"product","2":"type-product","3":"status-publish","4":"has-post-thumbnail","6":"product_cat-automotive","8":"first","9":"instock","10":"sale","11":"shipping-taxable","12":"purchasable","13":"product-type-simple"},"yoast_head":"<!-- This site is optimized with the Yoast SEO plugin v26.8 - https:\/\/yoast.com\/product\/yoast-seo-wordpress\/ -->\n<title>Levn\u00fd CLEANFOX\u00ae Vazel\u00edna b\u00edl\u00e1 s PTFE, 400 ml sprej -<\/title>\n<meta name=\"robots\" content=\"index, follow, max-snippet:-1, max-image-preview:large, max-video-preview:-1\" \/>\n<link rel=\"canonical\" href=\"https:\/\/www.koupelnapro.com\/index.php\/produkt\/levny-cleanfox-r-vazelina-bila-s-ptfe-400-ml-sprej-33698\/\" \/>\n<meta property=\"og:locale\" content=\"cs_CZ\" \/>\n<meta property=\"og:type\" content=\"article\" \/>\n<meta property=\"og:title\" content=\"Levn\u00fd CLEANFOX\u00ae Vazel\u00edna b\u00edl\u00e1 s PTFE, 400 ml sprej -\" \/>\n<meta property=\"og:description\" content=\"Detailn\u00ed popis produktu Pro maz\u00e1n\u00ed kovov\u00fdch, nebo plastov\u00fdch mechanick\u00fdch \u010d\u00e1st\u00ed. Nest\u00e9k\u00e1, zabra\u0148uje opot\u0159eben\u00ed a zad\u0159en\u00ed, odpuzuje vodu. Vynikaj\u00edc\u00ed mechanick\u00e1 a tepeln\u00e1 st\u00e1lost. Siln\u011b p\u0159ilnav\u00fd mazac\u00ed olej odoln\u00fd v\u016f\u010di vysok\u00e9mu tlaku. Balen\u00ed: 400 ml &nbsp;\" \/>\n<meta property=\"og:url\" content=\"https:\/\/www.koupelnapro.com\/index.php\/produkt\/levny-cleanfox-r-vazelina-bila-s-ptfe-400-ml-sprej-33698\/\" \/>\n<meta property=\"og:image\" content=\"https:\/\/www.koupelnapro.com\/wp-content\/uploads\/2026\/SK0002888-CZ20260425-092522-0-1777080324-74041_cleanfox-vazelina-bila-ptfe.webp\" \/>\n\t<meta property=\"og:image:width\" content=\"1000\" \/>\n\t<meta property=\"og:image:height\" content=\"750\" \/>\n\t<meta property=\"og:image:type\" content=\"image\/webp\" \/>\n<meta name=\"twitter:card\" content=\"summary_large_image\" \/>\n<script type=\"application\/ld+json\" class=\"yoast-schema-graph\">{\"@context\":\"https:\/\/schema.org\",\"@graph\":[{\"@type\":\"WebPage\",\"@id\":\"https:\/\/www.koupelnapro.com\/index.php\/produkt\/levny-cleanfox-r-vazelina-bila-s-ptfe-400-ml-sprej-33698\/\",\"url\":\"https:\/\/www.koupelnapro.com\/index.php\/produkt\/levny-cleanfox-r-vazelina-bila-s-ptfe-400-ml-sprej-33698\/\",\"name\":\"Levn\u00fd CLEANFOX\u00ae Vazel\u00edna b\u00edl\u00e1 s PTFE, 400 ml sprej -\",\"isPartOf\":{\"@id\":\"https:\/\/www.koupelnapro.com\/#website\"},\"primaryImageOfPage\":{\"@id\":\"https:\/\/www.koupelnapro.com\/index.php\/produkt\/levny-cleanfox-r-vazelina-bila-s-ptfe-400-ml-sprej-33698\/#primaryimage\"},\"image\":{\"@id\":\"https:\/\/www.koupelnapro.com\/index.php\/produkt\/levny-cleanfox-r-vazelina-bila-s-ptfe-400-ml-sprej-33698\/#primaryimage\"},\"thumbnailUrl\":\"https:\/\/www.koupelnapro.com\/wp-content\/uploads\/2026\/SK0002888-CZ20260425-092522-0-1777080324-74041_cleanfox-vazelina-bila-ptfe.webp\",\"datePublished\":\"2026-04-26T09:15:27+00:00\",\"breadcrumb\":{\"@id\":\"https:\/\/www.koupelnapro.com\/index.php\/produkt\/levny-cleanfox-r-vazelina-bila-s-ptfe-400-ml-sprej-33698\/#breadcrumb\"},\"inLanguage\":\"cs\",\"potentialAction\":[{\"@type\":\"ReadAction\",\"target\":[\"https:\/\/www.koupelnapro.com\/index.php\/produkt\/levny-cleanfox-r-vazelina-bila-s-ptfe-400-ml-sprej-33698\/\"]}]},{\"@type\":\"ImageObject\",\"inLanguage\":\"cs\",\"@id\":\"https:\/\/www.koupelnapro.com\/index.php\/produkt\/levny-cleanfox-r-vazelina-bila-s-ptfe-400-ml-sprej-33698\/#primaryimage\",\"url\":\"https:\/\/www.koupelnapro.com\/wp-content\/uploads\/2026\/SK0002888-CZ20260425-092522-0-1777080324-74041_cleanfox-vazelina-bila-ptfe.webp\",\"contentUrl\":\"https:\/\/www.koupelnapro.com\/wp-content\/uploads\/2026\/SK0002888-CZ20260425-092522-0-1777080324-74041_cleanfox-vazelina-bila-ptfe.webp\",\"width\":1000,\"height\":750},{\"@type\":\"BreadcrumbList\",\"@id\":\"https:\/\/www.koupelnapro.com\/index.php\/produkt\/levny-cleanfox-r-vazelina-bila-s-ptfe-400-ml-sprej-33698\/#breadcrumb\",\"itemListElement\":[{\"@type\":\"ListItem\",\"position\":1,\"name\":\"Home\",\"item\":\"https:\/\/www.koupelnapro.com\/\"},{\"@type\":\"ListItem\",\"position\":2,\"name\":\"Products\",\"item\":\"https:\/\/www.koupelnapro.com\/index.php\/products\/\"},{\"@type\":\"ListItem\",\"position\":3,\"name\":\"Levn\u00fd CLEANFOX\u00ae Vazel\u00edna b\u00edl\u00e1 s PTFE, 400 ml sprej\"}]},{\"@type\":\"WebSite\",\"@id\":\"https:\/\/www.koupelnapro.com\/#website\",\"url\":\"https:\/\/www.koupelnapro.com\/\",\"name\":\"\",\"description\":\"\",\"potentialAction\":[{\"@type\":\"SearchAction\",\"target\":{\"@type\":\"EntryPoint\",\"urlTemplate\":\"https:\/\/www.koupelnapro.com\/?s={search_term_string}\"},\"query-input\":{\"@type\":\"PropertyValueSpecification\",\"valueRequired\":true,\"valueName\":\"search_term_string\"}}],\"inLanguage\":\"cs\"}]}<\/script>\n<!-- \/ Yoast SEO plugin. -->","yoast_head_json":{"title":"Levn\u00fd CLEANFOX\u00ae Vazel\u00edna b\u00edl\u00e1 s PTFE, 400 ml sprej -","robots":{"index":"index","follow":"follow","max-snippet":"max-snippet:-1","max-image-preview":"max-image-preview:large","max-video-preview":"max-video-preview:-1"},"canonical":"https:\/\/www.koupelnapro.com\/index.php\/produkt\/levny-cleanfox-r-vazelina-bila-s-ptfe-400-ml-sprej-33698\/","og_locale":"cs_CZ","og_type":"article","og_title":"Levn\u00fd CLEANFOX\u00ae Vazel\u00edna b\u00edl\u00e1 s PTFE, 400 ml sprej -","og_description":"Detailn\u00ed popis produktu Pro maz\u00e1n\u00ed kovov\u00fdch, nebo plastov\u00fdch mechanick\u00fdch \u010d\u00e1st\u00ed. Nest\u00e9k\u00e1, zabra\u0148uje opot\u0159eben\u00ed a zad\u0159en\u00ed, odpuzuje vodu. Vynikaj\u00edc\u00ed mechanick\u00e1 a tepeln\u00e1 st\u00e1lost. Siln\u011b p\u0159ilnav\u00fd mazac\u00ed olej odoln\u00fd v\u016f\u010di vysok\u00e9mu tlaku. Balen\u00ed: 400 ml &nbsp;","og_url":"https:\/\/www.koupelnapro.com\/index.php\/produkt\/levny-cleanfox-r-vazelina-bila-s-ptfe-400-ml-sprej-33698\/","og_image":[{"width":1000,"height":750,"url":"https:\/\/www.koupelnapro.com\/wp-content\/uploads\/2026\/SK0002888-CZ20260425-092522-0-1777080324-74041_cleanfox-vazelina-bila-ptfe.webp","type":"image\/webp"}],"twitter_card":"summary_large_image","schema":{"@context":"https:\/\/schema.org","@graph":[{"@type":"WebPage","@id":"https:\/\/www.koupelnapro.com\/index.php\/produkt\/levny-cleanfox-r-vazelina-bila-s-ptfe-400-ml-sprej-33698\/","url":"https:\/\/www.koupelnapro.com\/index.php\/produkt\/levny-cleanfox-r-vazelina-bila-s-ptfe-400-ml-sprej-33698\/","name":"Levn\u00fd CLEANFOX\u00ae Vazel\u00edna b\u00edl\u00e1 s PTFE, 400 ml sprej -","isPartOf":{"@id":"https:\/\/www.koupelnapro.com\/#website"},"primaryImageOfPage":{"@id":"https:\/\/www.koupelnapro.com\/index.php\/produkt\/levny-cleanfox-r-vazelina-bila-s-ptfe-400-ml-sprej-33698\/#primaryimage"},"image":{"@id":"https:\/\/www.koupelnapro.com\/index.php\/produkt\/levny-cleanfox-r-vazelina-bila-s-ptfe-400-ml-sprej-33698\/#primaryimage"},"thumbnailUrl":"https:\/\/www.koupelnapro.com\/wp-content\/uploads\/2026\/SK0002888-CZ20260425-092522-0-1777080324-74041_cleanfox-vazelina-bila-ptfe.webp","datePublished":"2026-04-26T09:15:27+00:00","breadcrumb":{"@id":"https:\/\/www.koupelnapro.com\/index.php\/produkt\/levny-cleanfox-r-vazelina-bila-s-ptfe-400-ml-sprej-33698\/#breadcrumb"},"inLanguage":"cs","potentialAction":[{"@type":"ReadAction","target":["https:\/\/www.koupelnapro.com\/index.php\/produkt\/levny-cleanfox-r-vazelina-bila-s-ptfe-400-ml-sprej-33698\/"]}]},{"@type":"ImageObject","inLanguage":"cs","@id":"https:\/\/www.koupelnapro.com\/index.php\/produkt\/levny-cleanfox-r-vazelina-bila-s-ptfe-400-ml-sprej-33698\/#primaryimage","url":"https:\/\/www.koupelnapro.com\/wp-content\/uploads\/2026\/SK0002888-CZ20260425-092522-0-1777080324-74041_cleanfox-vazelina-bila-ptfe.webp","contentUrl":"https:\/\/www.koupelnapro.com\/wp-content\/uploads\/2026\/SK0002888-CZ20260425-092522-0-1777080324-74041_cleanfox-vazelina-bila-ptfe.webp","width":1000,"height":750},{"@type":"BreadcrumbList","@id":"https:\/\/www.koupelnapro.com\/index.php\/produkt\/levny-cleanfox-r-vazelina-bila-s-ptfe-400-ml-sprej-33698\/#breadcrumb","itemListElement":[{"@type":"ListItem","position":1,"name":"Home","item":"https:\/\/www.koupelnapro.com\/"},{"@type":"ListItem","position":2,"name":"Products","item":"https:\/\/www.koupelnapro.com\/index.php\/products\/"},{"@type":"ListItem","position":3,"name":"Levn\u00fd CLEANFOX\u00ae Vazel\u00edna b\u00edl\u00e1 s PTFE, 400 ml sprej"}]},{"@type":"WebSite","@id":"https:\/\/www.koupelnapro.com\/#website","url":"https:\/\/www.koupelnapro.com\/","name":"","description":"","potentialAction":[{"@type":"SearchAction","target":{"@type":"EntryPoint","urlTemplate":"https:\/\/www.koupelnapro.com\/?s={search_term_string}"},"query-input":{"@type":"PropertyValueSpecification","valueRequired":true,"valueName":"search_term_string"}}],"inLanguage":"cs"}]}},"_links":{"self":[{"href":"https:\/\/www.koupelnapro.com\/index.php\/wp-json\/wp\/v2\/product\/33698","targetHints":{"allow":["GET"]}}],"collection":[{"href":"https:\/\/www.koupelnapro.com\/index.php\/wp-json\/wp\/v2\/product"}],"about":[{"href":"https:\/\/www.koupelnapro.com\/index.php\/wp-json\/wp\/v2\/types\/product"}],"replies":[{"embeddable":true,"href":"https:\/\/www.koupelnapro.com\/index.php\/wp-json\/wp\/v2\/comments?post=33698"}],"wp:featuredmedia":[{"embeddable":true,"href":"https:\/\/www.koupelnapro.com\/index.php\/wp-json\/wp\/v2\/media\/33798"}],"wp:attachment":[{"href":"https:\/\/www.koupelnapro.com\/index.php\/wp-json\/wp\/v2\/media?parent=33698"}],"wp:term":[{"taxonomy":"product_brand","embeddable":true,"href":"https:\/\/www.koupelnapro.com\/index.php\/wp-json\/wp\/v2\/product_brand?post=33698"},{"taxonomy":"product_cat","embeddable":true,"href":"https:\/\/www.koupelnapro.com\/index.php\/wp-json\/wp\/v2\/product_cat?post=33698"},{"taxonomy":"product_tag","embeddable":true,"href":"https:\/\/www.koupelnapro.com\/index.php\/wp-json\/wp\/v2\/product_tag?post=33698"}],"curies":[{"name":"wp","href":"https:\/\/api.w.org\/{rel}","templated":true}]}}