{"id":33693,"date":"2026-04-26T09:15:27","date_gmt":"2026-04-26T09:15:27","guid":{"rendered":""},"modified":"2026-04-26T09:15:27","modified_gmt":"2026-04-26T09:15:27","slug":"cleanfox-r-utesnovac-chladice-tekuty-250-ml-rychle-dodani-33693","status":"publish","type":"product","link":"https:\/\/www.koupelnapro.com\/index.php\/produkt\/cleanfox-r-utesnovac-chladice-tekuty-250-ml-rychle-dodani-33693\/","title":{"rendered":"CLEANFOX\u00ae Ut\u011bs\u0148ova\u010d chladi\u010de tekut\u00fd, 250 ml Rychl\u00e9 Dod\u00e1n\u00ed"},"content":{"rendered":"<div class=\"basic-description\">\n<h3>Detailn\u00ed popis produktu<\/h3>\n<ul>\n<li><strong style=\"font-family: inherit; font-size: 12pt; letter-spacing: 0.02rem;\"><span>T\u011bsn\u00edc\u00ed p\u0159\u00edpravek pro chlad\u00edc\u00ed syst\u00e9my CLEANFOX je ur\u010den k zabr\u00e1n\u011bn\u00ed vzniku pr\u016fsak\u016f a ut\u011bs\u0148uje mal\u00e9 pr\u016fsaky v chlad\u00edc\u00edm syst\u00e9mu.<\/span><\/strong><\/li>\n<li><strong style=\"font-family: inherit; font-size: 12pt; letter-spacing: 0.02rem;\"><span>Obsahuje antikorozn\u00ed p\u0159\u00edsadu. <\/span><\/strong><\/li>\n<li><strong style=\"font-family: inherit; font-size: 12pt; letter-spacing: 0.02rem;\"><span>Nem\u00e1 naprosto vliv na \u00fa\u010dinnost chlazen\u00ed ani nepo\u0161kozuje jak\u00e9koliv sou\u010d\u00e1sti.<\/span><\/strong><\/li>\n<li><strong style=\"font-family: inherit; font-size: 12pt; letter-spacing: 0.02rem;\"><span>P\u0159\u00edpravek dokonale prot\u0159epejte a pot\u00e9 vylijte do chladi\u010de p\u0159i b\u011b\u017e\u00edc\u00edm <span class=\"show-tooltip\" title=\"Motor je za\u0159\u00edzen\u00ed, kter\u00e9 p\u0159em\u011b\u0148uje r\u016fzn\u00e9 formy energie (nap\u0159. elektrickou, mechanickou, tepelnou) na mechanickou pr\u00e1ci. Motor se pou\u017e\u00edv\u00e1 v mnoha aplikac\u00edch, od automobil\u016f po dom\u00e1c\u00ed spot\u0159ebi\u010de, a jeho princip fungov\u00e1n\u00ed se li\u0161\u00ed podle typu&amp;hellip;\">motoru<\/span> na zv\u00fd\u0161en\u00e9 volnob\u011b\u017en\u00e9 <span class=\"show-tooltip\" title=\"Ot\u00e1\u010dky jsou jednotka ud\u00e1vaj\u00edc\u00ed po\u010det ot\u00e1\u010dek nebo zat\u00e1\u010dek, kter\u00e9 provede n\u011bjak\u00fd objekt za ur\u010dit\u00fd \u010dasov\u00fd \u00fasek. Pojem se \u010dasto pou\u017e\u00edv\u00e1 v souvislosti s ot\u00e1\u010den\u00edm mechanick\u00fdch za\u0159\u00edzen\u00ed nebo pohybem kole\u010dek, motor\u016f, vrtul\u00ed, kola automobilu atd.V&amp;hellip;\">ot\u00e1\u010dky<\/span>. <\/span><\/strong><\/li>\n<li><strong style=\"font-family: inherit; font-size: 12pt; letter-spacing: 0.02rem;\"><span>Motor nechte b\u011b\u017eet, dokud net\u011bsnost\u00ed nep\u0159estanou prosakovat. <\/span><\/strong><\/li>\n<li><strong style=\"font-family: inherit; font-size: 12pt; letter-spacing: 0.02rem;\"><span>Pou\u017eijte cel\u00fd <span class=\"show-tooltip\" title=\"&amp;nbsp;Obsah je fyzik\u00e1ln\u00ed veli\u010dina, kter\u00e1 vyjad\u0159uje plochu n\u011bjak\u00e9ho geometrick\u00e9ho tvaru. Obsah se zpravidla m\u011b\u0159\u00ed v \u010dtvere\u010dn\u00fdch jednotk\u00e1ch, nap\u0159\u00edklad \u010dtvere\u010dn\u00fdch metrech (m\u00b2) nebo \u010dtvere\u010dn\u00fdch centimetrech (cm\u00b2).Zde jsou vzorce pro v\u00fdpo\u010det&amp;hellip;\">obsah<\/span> lahve do chlad\u00edc\u00edho syst\u00e9mu.<\/span><\/strong><\/li>\n<li><strong style=\"font-family: inherit; font-size: 12pt; letter-spacing: 0.02rem;\"><span>P\u0159i pr\u00e1ci pou\u017e\u00edvejte ochrann\u00e9 br\u00fdle a rukavice. V\u00ed\u010dko chladi\u010de sejm\u011bte V\u017dDY p\u0159i vychladl\u00e9m motoru dle pokyn\u016f v\u00fdrobce vozidla.<\/span><\/strong><strong style=\"font-family: inherit; font-size: 12pt; letter-spacing: 0.02rem;\"><span><\/span><\/strong><\/li>\n<\/ul>\n<p><span style=\"font-size: 12pt; font-family: inherit;\"><strong>Velikost balen\u00ed: 250 ml<\/strong><\/span><span style=\"font-size: 12pt; font-family: inherit;\"><strong><\/strong><\/span><\/p>\n<div id=\"hzImgLoader\" class=\"imgError\" style=\"width: auto; height: auto; line-height: 0px; overflow: hidden; padding: 0px; margin: 4px; position: absolute; z-index: 2147483647; border-radius: 4px; box-shadow: rgba(0, 0, 0, 0.4) 0px 1px 3px; background-color: #ffbfbf; border: 4px solid #ffbfbf;\"><\/div>\n<\/p><\/div>\n","protected":false},"excerpt":{"rendered":"<p>Detailn\u00ed popis produktu T\u011bsn\u00edc\u00ed p\u0159\u00edpravek pro chlad\u00edc\u00ed syst\u00e9my CLEANFOX je ur\u010den k zabr\u00e1n\u011bn\u00ed vzniku pr\u016fsak\u016f a ut\u011bs\u0148uje mal\u00e9 pr\u016fsaky v chlad\u00edc\u00edm syst\u00e9mu. Obsahuje antikorozn\u00ed p\u0159\u00edsadu. Nem\u00e1 naprosto vliv na \u00fa\u010dinnost chlazen\u00ed ani nepo\u0161kozuje jak\u00e9koliv sou\u010d\u00e1sti. P\u0159\u00edpravek dokonale prot\u0159epejte a pot\u00e9 vylijte do chladi\u010de p\u0159i b\u011b\u017e\u00edc\u00edm motoru na zv\u00fd\u0161en\u00e9 volnob\u011b\u017en\u00e9 ot\u00e1\u010dky. Motor nechte b\u011b\u017eet, dokud net\u011bsnost\u00ed [&hellip;]<\/p>\n","protected":false},"featured_media":33793,"comment_status":"open","ping_status":"open","template":"","meta":[],"product_brand":[],"product_cat":[117],"product_tag":[],"class_list":{"0":"post-33693","1":"product","2":"type-product","3":"status-publish","4":"has-post-thumbnail","6":"product_cat-automotive","8":"first","9":"instock","10":"sale","11":"shipping-taxable","12":"purchasable","13":"product-type-simple"},"yoast_head":"<!-- This site is optimized with the Yoast SEO plugin v26.8 - https:\/\/yoast.com\/product\/yoast-seo-wordpress\/ -->\n<title>CLEANFOX\u00ae Ut\u011bs\u0148ova\u010d chladi\u010de tekut\u00fd, 250 ml Rychl\u00e9 Dod\u00e1n\u00ed -<\/title>\n<meta name=\"robots\" content=\"index, follow, max-snippet:-1, max-image-preview:large, max-video-preview:-1\" \/>\n<link rel=\"canonical\" href=\"https:\/\/www.koupelnapro.com\/index.php\/produkt\/cleanfox-r-utesnovac-chladice-tekuty-250-ml-rychle-dodani-33693\/\" \/>\n<meta property=\"og:locale\" content=\"cs_CZ\" \/>\n<meta property=\"og:type\" content=\"article\" \/>\n<meta property=\"og:title\" content=\"CLEANFOX\u00ae Ut\u011bs\u0148ova\u010d chladi\u010de tekut\u00fd, 250 ml Rychl\u00e9 Dod\u00e1n\u00ed -\" \/>\n<meta property=\"og:description\" content=\"Detailn\u00ed popis produktu T\u011bsn\u00edc\u00ed p\u0159\u00edpravek pro chlad\u00edc\u00ed syst\u00e9my CLEANFOX je ur\u010den k zabr\u00e1n\u011bn\u00ed vzniku pr\u016fsak\u016f a ut\u011bs\u0148uje mal\u00e9 pr\u016fsaky v chlad\u00edc\u00edm syst\u00e9mu. Obsahuje antikorozn\u00ed p\u0159\u00edsadu. Nem\u00e1 naprosto vliv na \u00fa\u010dinnost chlazen\u00ed ani nepo\u0161kozuje jak\u00e9koliv sou\u010d\u00e1sti. P\u0159\u00edpravek dokonale prot\u0159epejte a pot\u00e9 vylijte do chladi\u010de p\u0159i b\u011b\u017e\u00edc\u00edm motoru na zv\u00fd\u0161en\u00e9 volnob\u011b\u017en\u00e9 ot\u00e1\u010dky. Motor nechte b\u011b\u017eet, dokud net\u011bsnost\u00ed [&hellip;]\" \/>\n<meta property=\"og:url\" content=\"https:\/\/www.koupelnapro.com\/index.php\/produkt\/cleanfox-r-utesnovac-chladice-tekuty-250-ml-rychle-dodani-33693\/\" \/>\n<meta property=\"og:image\" content=\"https:\/\/www.koupelnapro.com\/wp-content\/uploads\/2026\/SK0002883-CZ20260425-092522-0-1777080324-74020_cleanfox-utesnovac-chladice.webp\" \/>\n\t<meta property=\"og:image:width\" content=\"1000\" \/>\n\t<meta property=\"og:image:height\" content=\"750\" \/>\n\t<meta property=\"og:image:type\" content=\"image\/webp\" \/>\n<meta name=\"twitter:card\" content=\"summary_large_image\" \/>\n<meta name=\"twitter:label1\" content=\"Odhadovan\u00e1 doba \u010dten\u00ed\" \/>\n\t<meta name=\"twitter:data1\" content=\"1 minuta\" \/>\n<script type=\"application\/ld+json\" class=\"yoast-schema-graph\">{\"@context\":\"https:\/\/schema.org\",\"@graph\":[{\"@type\":\"WebPage\",\"@id\":\"https:\/\/www.koupelnapro.com\/index.php\/produkt\/cleanfox-r-utesnovac-chladice-tekuty-250-ml-rychle-dodani-33693\/\",\"url\":\"https:\/\/www.koupelnapro.com\/index.php\/produkt\/cleanfox-r-utesnovac-chladice-tekuty-250-ml-rychle-dodani-33693\/\",\"name\":\"CLEANFOX\u00ae Ut\u011bs\u0148ova\u010d chladi\u010de tekut\u00fd, 250 ml Rychl\u00e9 Dod\u00e1n\u00ed -\",\"isPartOf\":{\"@id\":\"https:\/\/www.koupelnapro.com\/#website\"},\"primaryImageOfPage\":{\"@id\":\"https:\/\/www.koupelnapro.com\/index.php\/produkt\/cleanfox-r-utesnovac-chladice-tekuty-250-ml-rychle-dodani-33693\/#primaryimage\"},\"image\":{\"@id\":\"https:\/\/www.koupelnapro.com\/index.php\/produkt\/cleanfox-r-utesnovac-chladice-tekuty-250-ml-rychle-dodani-33693\/#primaryimage\"},\"thumbnailUrl\":\"https:\/\/www.koupelnapro.com\/wp-content\/uploads\/2026\/SK0002883-CZ20260425-092522-0-1777080324-74020_cleanfox-utesnovac-chladice.webp\",\"datePublished\":\"2026-04-26T09:15:27+00:00\",\"breadcrumb\":{\"@id\":\"https:\/\/www.koupelnapro.com\/index.php\/produkt\/cleanfox-r-utesnovac-chladice-tekuty-250-ml-rychle-dodani-33693\/#breadcrumb\"},\"inLanguage\":\"cs\",\"potentialAction\":[{\"@type\":\"ReadAction\",\"target\":[\"https:\/\/www.koupelnapro.com\/index.php\/produkt\/cleanfox-r-utesnovac-chladice-tekuty-250-ml-rychle-dodani-33693\/\"]}]},{\"@type\":\"ImageObject\",\"inLanguage\":\"cs\",\"@id\":\"https:\/\/www.koupelnapro.com\/index.php\/produkt\/cleanfox-r-utesnovac-chladice-tekuty-250-ml-rychle-dodani-33693\/#primaryimage\",\"url\":\"https:\/\/www.koupelnapro.com\/wp-content\/uploads\/2026\/SK0002883-CZ20260425-092522-0-1777080324-74020_cleanfox-utesnovac-chladice.webp\",\"contentUrl\":\"https:\/\/www.koupelnapro.com\/wp-content\/uploads\/2026\/SK0002883-CZ20260425-092522-0-1777080324-74020_cleanfox-utesnovac-chladice.webp\",\"width\":1000,\"height\":750},{\"@type\":\"BreadcrumbList\",\"@id\":\"https:\/\/www.koupelnapro.com\/index.php\/produkt\/cleanfox-r-utesnovac-chladice-tekuty-250-ml-rychle-dodani-33693\/#breadcrumb\",\"itemListElement\":[{\"@type\":\"ListItem\",\"position\":1,\"name\":\"Home\",\"item\":\"https:\/\/www.koupelnapro.com\/\"},{\"@type\":\"ListItem\",\"position\":2,\"name\":\"Products\",\"item\":\"https:\/\/www.koupelnapro.com\/index.php\/products\/\"},{\"@type\":\"ListItem\",\"position\":3,\"name\":\"CLEANFOX\u00ae Ut\u011bs\u0148ova\u010d chladi\u010de tekut\u00fd, 250 ml Rychl\u00e9 Dod\u00e1n\u00ed\"}]},{\"@type\":\"WebSite\",\"@id\":\"https:\/\/www.koupelnapro.com\/#website\",\"url\":\"https:\/\/www.koupelnapro.com\/\",\"name\":\"\",\"description\":\"\",\"potentialAction\":[{\"@type\":\"SearchAction\",\"target\":{\"@type\":\"EntryPoint\",\"urlTemplate\":\"https:\/\/www.koupelnapro.com\/?s={search_term_string}\"},\"query-input\":{\"@type\":\"PropertyValueSpecification\",\"valueRequired\":true,\"valueName\":\"search_term_string\"}}],\"inLanguage\":\"cs\"}]}<\/script>\n<!-- \/ Yoast SEO plugin. -->","yoast_head_json":{"title":"CLEANFOX\u00ae Ut\u011bs\u0148ova\u010d chladi\u010de tekut\u00fd, 250 ml Rychl\u00e9 Dod\u00e1n\u00ed -","robots":{"index":"index","follow":"follow","max-snippet":"max-snippet:-1","max-image-preview":"max-image-preview:large","max-video-preview":"max-video-preview:-1"},"canonical":"https:\/\/www.koupelnapro.com\/index.php\/produkt\/cleanfox-r-utesnovac-chladice-tekuty-250-ml-rychle-dodani-33693\/","og_locale":"cs_CZ","og_type":"article","og_title":"CLEANFOX\u00ae Ut\u011bs\u0148ova\u010d chladi\u010de tekut\u00fd, 250 ml Rychl\u00e9 Dod\u00e1n\u00ed -","og_description":"Detailn\u00ed popis produktu T\u011bsn\u00edc\u00ed p\u0159\u00edpravek pro chlad\u00edc\u00ed syst\u00e9my CLEANFOX je ur\u010den k zabr\u00e1n\u011bn\u00ed vzniku pr\u016fsak\u016f a ut\u011bs\u0148uje mal\u00e9 pr\u016fsaky v chlad\u00edc\u00edm syst\u00e9mu. Obsahuje antikorozn\u00ed p\u0159\u00edsadu. Nem\u00e1 naprosto vliv na \u00fa\u010dinnost chlazen\u00ed ani nepo\u0161kozuje jak\u00e9koliv sou\u010d\u00e1sti. P\u0159\u00edpravek dokonale prot\u0159epejte a pot\u00e9 vylijte do chladi\u010de p\u0159i b\u011b\u017e\u00edc\u00edm motoru na zv\u00fd\u0161en\u00e9 volnob\u011b\u017en\u00e9 ot\u00e1\u010dky. Motor nechte b\u011b\u017eet, dokud net\u011bsnost\u00ed [&hellip;]","og_url":"https:\/\/www.koupelnapro.com\/index.php\/produkt\/cleanfox-r-utesnovac-chladice-tekuty-250-ml-rychle-dodani-33693\/","og_image":[{"width":1000,"height":750,"url":"https:\/\/www.koupelnapro.com\/wp-content\/uploads\/2026\/SK0002883-CZ20260425-092522-0-1777080324-74020_cleanfox-utesnovac-chladice.webp","type":"image\/webp"}],"twitter_card":"summary_large_image","twitter_misc":{"Odhadovan\u00e1 doba \u010dten\u00ed":"1 minuta"},"schema":{"@context":"https:\/\/schema.org","@graph":[{"@type":"WebPage","@id":"https:\/\/www.koupelnapro.com\/index.php\/produkt\/cleanfox-r-utesnovac-chladice-tekuty-250-ml-rychle-dodani-33693\/","url":"https:\/\/www.koupelnapro.com\/index.php\/produkt\/cleanfox-r-utesnovac-chladice-tekuty-250-ml-rychle-dodani-33693\/","name":"CLEANFOX\u00ae Ut\u011bs\u0148ova\u010d chladi\u010de tekut\u00fd, 250 ml Rychl\u00e9 Dod\u00e1n\u00ed -","isPartOf":{"@id":"https:\/\/www.koupelnapro.com\/#website"},"primaryImageOfPage":{"@id":"https:\/\/www.koupelnapro.com\/index.php\/produkt\/cleanfox-r-utesnovac-chladice-tekuty-250-ml-rychle-dodani-33693\/#primaryimage"},"image":{"@id":"https:\/\/www.koupelnapro.com\/index.php\/produkt\/cleanfox-r-utesnovac-chladice-tekuty-250-ml-rychle-dodani-33693\/#primaryimage"},"thumbnailUrl":"https:\/\/www.koupelnapro.com\/wp-content\/uploads\/2026\/SK0002883-CZ20260425-092522-0-1777080324-74020_cleanfox-utesnovac-chladice.webp","datePublished":"2026-04-26T09:15:27+00:00","breadcrumb":{"@id":"https:\/\/www.koupelnapro.com\/index.php\/produkt\/cleanfox-r-utesnovac-chladice-tekuty-250-ml-rychle-dodani-33693\/#breadcrumb"},"inLanguage":"cs","potentialAction":[{"@type":"ReadAction","target":["https:\/\/www.koupelnapro.com\/index.php\/produkt\/cleanfox-r-utesnovac-chladice-tekuty-250-ml-rychle-dodani-33693\/"]}]},{"@type":"ImageObject","inLanguage":"cs","@id":"https:\/\/www.koupelnapro.com\/index.php\/produkt\/cleanfox-r-utesnovac-chladice-tekuty-250-ml-rychle-dodani-33693\/#primaryimage","url":"https:\/\/www.koupelnapro.com\/wp-content\/uploads\/2026\/SK0002883-CZ20260425-092522-0-1777080324-74020_cleanfox-utesnovac-chladice.webp","contentUrl":"https:\/\/www.koupelnapro.com\/wp-content\/uploads\/2026\/SK0002883-CZ20260425-092522-0-1777080324-74020_cleanfox-utesnovac-chladice.webp","width":1000,"height":750},{"@type":"BreadcrumbList","@id":"https:\/\/www.koupelnapro.com\/index.php\/produkt\/cleanfox-r-utesnovac-chladice-tekuty-250-ml-rychle-dodani-33693\/#breadcrumb","itemListElement":[{"@type":"ListItem","position":1,"name":"Home","item":"https:\/\/www.koupelnapro.com\/"},{"@type":"ListItem","position":2,"name":"Products","item":"https:\/\/www.koupelnapro.com\/index.php\/products\/"},{"@type":"ListItem","position":3,"name":"CLEANFOX\u00ae Ut\u011bs\u0148ova\u010d chladi\u010de tekut\u00fd, 250 ml Rychl\u00e9 Dod\u00e1n\u00ed"}]},{"@type":"WebSite","@id":"https:\/\/www.koupelnapro.com\/#website","url":"https:\/\/www.koupelnapro.com\/","name":"","description":"","potentialAction":[{"@type":"SearchAction","target":{"@type":"EntryPoint","urlTemplate":"https:\/\/www.koupelnapro.com\/?s={search_term_string}"},"query-input":{"@type":"PropertyValueSpecification","valueRequired":true,"valueName":"search_term_string"}}],"inLanguage":"cs"}]}},"_links":{"self":[{"href":"https:\/\/www.koupelnapro.com\/index.php\/wp-json\/wp\/v2\/product\/33693","targetHints":{"allow":["GET"]}}],"collection":[{"href":"https:\/\/www.koupelnapro.com\/index.php\/wp-json\/wp\/v2\/product"}],"about":[{"href":"https:\/\/www.koupelnapro.com\/index.php\/wp-json\/wp\/v2\/types\/product"}],"replies":[{"embeddable":true,"href":"https:\/\/www.koupelnapro.com\/index.php\/wp-json\/wp\/v2\/comments?post=33693"}],"wp:featuredmedia":[{"embeddable":true,"href":"https:\/\/www.koupelnapro.com\/index.php\/wp-json\/wp\/v2\/media\/33793"}],"wp:attachment":[{"href":"https:\/\/www.koupelnapro.com\/index.php\/wp-json\/wp\/v2\/media?parent=33693"}],"wp:term":[{"taxonomy":"product_brand","embeddable":true,"href":"https:\/\/www.koupelnapro.com\/index.php\/wp-json\/wp\/v2\/product_brand?post=33693"},{"taxonomy":"product_cat","embeddable":true,"href":"https:\/\/www.koupelnapro.com\/index.php\/wp-json\/wp\/v2\/product_cat?post=33693"},{"taxonomy":"product_tag","embeddable":true,"href":"https:\/\/www.koupelnapro.com\/index.php\/wp-json\/wp\/v2\/product_tag?post=33693"}],"curies":[{"name":"wp","href":"https:\/\/api.w.org\/{rel}","templated":true}]}}