{"id":33692,"date":"2026-04-26T09:15:27","date_gmt":"2026-04-26T09:15:27","guid":{"rendered":""},"modified":"2026-04-26T09:15:27","modified_gmt":"2026-04-26T09:15:27","slug":"nizka-cena-cleanfox-r-odstranovac-hmyzu-500-ml-s-rozprasovacem-33692","status":"publish","type":"product","link":"https:\/\/www.koupelnapro.com\/index.php\/produkt\/nizka-cena-cleanfox-r-odstranovac-hmyzu-500-ml-s-rozprasovacem-33692\/","title":{"rendered":"N\u00edzk\u00e1 Cena CLEANFOX\u00ae Odstra\u0148ova\u010d hmyzu, 500 ml s rozpra\u0161ova\u010dem"},"content":{"rendered":"<div class=\"basic-description\">\n<h3>Detailn\u00ed popis produktu<\/h3>\n<ul>\n<li><strong style=\"font-family: inherit; font-size: 12pt; letter-spacing: 0.02rem;\"><span>Speci\u00e1ln\u00ed <span class=\"show-tooltip\" title=\"Koncentrace se v obecn\u00e9m smyslu vztahuje k mno\u017estv\u00ed jedn\u00e9 l\u00e1tky obsa\u017een\u00e9 v dan\u00e9m objemu nebo hmotnosti jin\u00e9 l\u00e1tky nebo sm\u011bsi.Tento term\u00edn se pou\u017e\u00edv\u00e1 v r\u016fzn\u00fdch kontextech v\u010detn\u011b chemie, fyziky, biologie, l\u00e9ka\u0159stv\u00ed, pr\u016fmyslu a dal\u0161\u00edch&amp;hellip;\">koncentrovan\u00fd<\/span> p\u0159\u00edpravek ur\u010den\u00fd k odstran\u011bn\u00ed zbytk\u016f hmyzu ze v\u0161ech \u010deln\u00edch ploch Va\u0161eho vozidla. <\/span><\/strong><\/li>\n<li><strong style=\"font-family: inherit; font-size: 12pt; letter-spacing: 0.02rem;\"><span>\u00da\u010dinn\u011b pom\u00e1h\u00e1 vy\u010distit masku chladi\u010de, \u010deln\u00ed <span class=\"show-tooltip\" title=\"Sklo&amp;nbsp;je homogenn\u00ed,&amp;nbsp;amorfn\u00ed&amp;nbsp;(tj. nekrystalick\u00e1) pevn\u00e1 l\u00e1tka, kter\u00e1 se vyzna\u010duje tvrdost\u00ed, k\u0159ehkost\u00ed a pr\u016fhlednost\u00ed. Hlavn\u00ed slo\u017ekou skla je&amp;nbsp;oxid k\u0159emi\u010dit\u00fd&amp;nbsp;(SiO2) a vyr\u00e1b\u00ed se taven\u00edm k\u0159emi\u010dit\u00e9ho&amp;nbsp;skl\u00e1\u0159sk\u00e9ho&amp;hellip;\">sklo<\/span>, reflektory, n\u00e1razn\u00edky a karoserii. <\/span><\/strong><\/li>\n<li><strong style=\"font-family: inherit; font-size: 12pt; letter-spacing: 0.02rem;\"><span>Nen\u00ed agresivn\u00ed k n\u00e1t\u011br\u016fm a povrch zanech\u00e1v\u00e1 \u010dist\u00fd a leskl\u00fd.<\/span><\/strong><\/li>\n<li><strong style=\"font-family: inherit; font-size: 12pt; letter-spacing: 0.02rem;\"><span>Pomoc\u00ed rozpra\u0161ova\u010de aplikujte p\u0159\u00edpravek na zne\u010di\u0161t\u011bn\u00e1 m\u00edsta a nechte chv\u00edli p\u016fsobit. <\/span><\/strong><\/li>\n<li><strong style=\"font-family: inherit; font-size: 12pt; letter-spacing: 0.02rem;\"><span>Pot\u00e9 ut\u011brkou vyt\u0159ete do sucha. <\/span><\/strong><\/li>\n<li><strong style=\"font-family: inherit; font-size: 12pt; letter-spacing: 0.02rem;\"><span>U siln\u011b zne\u010di\u0161t\u011bn\u00fdch a zaschl\u00fdch zbytk\u016f hmyzu je t\u0159eba postup opakovat, pop\u0159\u00edpad\u011b naru\u0161it zbytky hmyzu mechanicky.<\/span><\/strong><\/li>\n<\/ul>\n<p><span style=\"font-size: 12pt; font-family: inherit;\"><strong>Velikost balen\u00ed: 500 ml s rozpra\u0161ova\u010dem<\/strong><\/span><\/p>\n<div id=\"hzImgLoader\" class=\"imgError\" style=\"width: auto; height: auto; line-height: 0px; overflow: hidden; padding: 0px; margin: 4px; position: absolute; z-index: 2147483647; border-radius: 4px; box-shadow: rgba(0, 0, 0, 0.4) 0px 1px 3px; background-color: #ffbfbf; border: 4px solid #ffbfbf;\"><\/div>\n<\/p><\/div>\n","protected":false},"excerpt":{"rendered":"<p>Detailn\u00ed popis produktu Speci\u00e1ln\u00ed koncentrovan\u00fd p\u0159\u00edpravek ur\u010den\u00fd k odstran\u011bn\u00ed zbytk\u016f hmyzu ze v\u0161ech \u010deln\u00edch ploch Va\u0161eho vozidla. \u00da\u010dinn\u011b pom\u00e1h\u00e1 vy\u010distit masku chladi\u010de, \u010deln\u00ed sklo, reflektory, n\u00e1razn\u00edky a karoserii. Nen\u00ed agresivn\u00ed k n\u00e1t\u011br\u016fm a povrch zanech\u00e1v\u00e1 \u010dist\u00fd a leskl\u00fd. Pomoc\u00ed rozpra\u0161ova\u010de aplikujte p\u0159\u00edpravek na zne\u010di\u0161t\u011bn\u00e1 m\u00edsta a nechte chv\u00edli p\u016fsobit. Pot\u00e9 ut\u011brkou vyt\u0159ete do sucha. U [&hellip;]<\/p>\n","protected":false},"featured_media":33792,"comment_status":"open","ping_status":"open","template":"","meta":[],"product_brand":[],"product_cat":[117],"product_tag":[],"class_list":{"0":"post-33692","1":"product","2":"type-product","3":"status-publish","4":"has-post-thumbnail","6":"product_cat-automotive","8":"first","9":"instock","10":"sale","11":"shipping-taxable","12":"purchasable","13":"product-type-simple"},"yoast_head":"<!-- This site is optimized with the Yoast SEO plugin v26.8 - https:\/\/yoast.com\/product\/yoast-seo-wordpress\/ -->\n<title>N\u00edzk\u00e1 Cena CLEANFOX\u00ae Odstra\u0148ova\u010d hmyzu, 500 ml s rozpra\u0161ova\u010dem -<\/title>\n<meta name=\"robots\" content=\"index, follow, max-snippet:-1, max-image-preview:large, max-video-preview:-1\" \/>\n<link rel=\"canonical\" href=\"https:\/\/www.koupelnapro.com\/index.php\/produkt\/nizka-cena-cleanfox-r-odstranovac-hmyzu-500-ml-s-rozprasovacem-33692\/\" \/>\n<meta property=\"og:locale\" content=\"cs_CZ\" \/>\n<meta property=\"og:type\" content=\"article\" \/>\n<meta property=\"og:title\" content=\"N\u00edzk\u00e1 Cena CLEANFOX\u00ae Odstra\u0148ova\u010d hmyzu, 500 ml s rozpra\u0161ova\u010dem -\" \/>\n<meta property=\"og:description\" content=\"Detailn\u00ed popis produktu Speci\u00e1ln\u00ed koncentrovan\u00fd p\u0159\u00edpravek ur\u010den\u00fd k odstran\u011bn\u00ed zbytk\u016f hmyzu ze v\u0161ech \u010deln\u00edch ploch Va\u0161eho vozidla. \u00da\u010dinn\u011b pom\u00e1h\u00e1 vy\u010distit masku chladi\u010de, \u010deln\u00ed sklo, reflektory, n\u00e1razn\u00edky a karoserii. Nen\u00ed agresivn\u00ed k n\u00e1t\u011br\u016fm a povrch zanech\u00e1v\u00e1 \u010dist\u00fd a leskl\u00fd. Pomoc\u00ed rozpra\u0161ova\u010de aplikujte p\u0159\u00edpravek na zne\u010di\u0161t\u011bn\u00e1 m\u00edsta a nechte chv\u00edli p\u016fsobit. Pot\u00e9 ut\u011brkou vyt\u0159ete do sucha. U [&hellip;]\" \/>\n<meta property=\"og:url\" content=\"https:\/\/www.koupelnapro.com\/index.php\/produkt\/nizka-cena-cleanfox-r-odstranovac-hmyzu-500-ml-s-rozprasovacem-33692\/\" \/>\n<meta property=\"og:image\" content=\"https:\/\/www.koupelnapro.com\/wp-content\/uploads\/2026\/SK0002882-CZ20260425-092522-0-1777080324-74017_cleanfox-odstranovac-hmyzu.webp\" \/>\n\t<meta property=\"og:image:width\" content=\"1000\" \/>\n\t<meta property=\"og:image:height\" content=\"750\" \/>\n\t<meta property=\"og:image:type\" content=\"image\/webp\" \/>\n<meta name=\"twitter:card\" content=\"summary_large_image\" \/>\n<meta name=\"twitter:label1\" content=\"Odhadovan\u00e1 doba \u010dten\u00ed\" \/>\n\t<meta name=\"twitter:data1\" content=\"1 minuta\" \/>\n<script type=\"application\/ld+json\" class=\"yoast-schema-graph\">{\"@context\":\"https:\/\/schema.org\",\"@graph\":[{\"@type\":\"WebPage\",\"@id\":\"https:\/\/www.koupelnapro.com\/index.php\/produkt\/nizka-cena-cleanfox-r-odstranovac-hmyzu-500-ml-s-rozprasovacem-33692\/\",\"url\":\"https:\/\/www.koupelnapro.com\/index.php\/produkt\/nizka-cena-cleanfox-r-odstranovac-hmyzu-500-ml-s-rozprasovacem-33692\/\",\"name\":\"N\u00edzk\u00e1 Cena CLEANFOX\u00ae Odstra\u0148ova\u010d hmyzu, 500 ml s rozpra\u0161ova\u010dem -\",\"isPartOf\":{\"@id\":\"https:\/\/www.koupelnapro.com\/#website\"},\"primaryImageOfPage\":{\"@id\":\"https:\/\/www.koupelnapro.com\/index.php\/produkt\/nizka-cena-cleanfox-r-odstranovac-hmyzu-500-ml-s-rozprasovacem-33692\/#primaryimage\"},\"image\":{\"@id\":\"https:\/\/www.koupelnapro.com\/index.php\/produkt\/nizka-cena-cleanfox-r-odstranovac-hmyzu-500-ml-s-rozprasovacem-33692\/#primaryimage\"},\"thumbnailUrl\":\"https:\/\/www.koupelnapro.com\/wp-content\/uploads\/2026\/SK0002882-CZ20260425-092522-0-1777080324-74017_cleanfox-odstranovac-hmyzu.webp\",\"datePublished\":\"2026-04-26T09:15:27+00:00\",\"breadcrumb\":{\"@id\":\"https:\/\/www.koupelnapro.com\/index.php\/produkt\/nizka-cena-cleanfox-r-odstranovac-hmyzu-500-ml-s-rozprasovacem-33692\/#breadcrumb\"},\"inLanguage\":\"cs\",\"potentialAction\":[{\"@type\":\"ReadAction\",\"target\":[\"https:\/\/www.koupelnapro.com\/index.php\/produkt\/nizka-cena-cleanfox-r-odstranovac-hmyzu-500-ml-s-rozprasovacem-33692\/\"]}]},{\"@type\":\"ImageObject\",\"inLanguage\":\"cs\",\"@id\":\"https:\/\/www.koupelnapro.com\/index.php\/produkt\/nizka-cena-cleanfox-r-odstranovac-hmyzu-500-ml-s-rozprasovacem-33692\/#primaryimage\",\"url\":\"https:\/\/www.koupelnapro.com\/wp-content\/uploads\/2026\/SK0002882-CZ20260425-092522-0-1777080324-74017_cleanfox-odstranovac-hmyzu.webp\",\"contentUrl\":\"https:\/\/www.koupelnapro.com\/wp-content\/uploads\/2026\/SK0002882-CZ20260425-092522-0-1777080324-74017_cleanfox-odstranovac-hmyzu.webp\",\"width\":1000,\"height\":750},{\"@type\":\"BreadcrumbList\",\"@id\":\"https:\/\/www.koupelnapro.com\/index.php\/produkt\/nizka-cena-cleanfox-r-odstranovac-hmyzu-500-ml-s-rozprasovacem-33692\/#breadcrumb\",\"itemListElement\":[{\"@type\":\"ListItem\",\"position\":1,\"name\":\"Home\",\"item\":\"https:\/\/www.koupelnapro.com\/\"},{\"@type\":\"ListItem\",\"position\":2,\"name\":\"Products\",\"item\":\"https:\/\/www.koupelnapro.com\/index.php\/products\/\"},{\"@type\":\"ListItem\",\"position\":3,\"name\":\"N\u00edzk\u00e1 Cena CLEANFOX\u00ae Odstra\u0148ova\u010d hmyzu, 500 ml s rozpra\u0161ova\u010dem\"}]},{\"@type\":\"WebSite\",\"@id\":\"https:\/\/www.koupelnapro.com\/#website\",\"url\":\"https:\/\/www.koupelnapro.com\/\",\"name\":\"\",\"description\":\"\",\"potentialAction\":[{\"@type\":\"SearchAction\",\"target\":{\"@type\":\"EntryPoint\",\"urlTemplate\":\"https:\/\/www.koupelnapro.com\/?s={search_term_string}\"},\"query-input\":{\"@type\":\"PropertyValueSpecification\",\"valueRequired\":true,\"valueName\":\"search_term_string\"}}],\"inLanguage\":\"cs\"}]}<\/script>\n<!-- \/ Yoast SEO plugin. -->","yoast_head_json":{"title":"N\u00edzk\u00e1 Cena CLEANFOX\u00ae Odstra\u0148ova\u010d hmyzu, 500 ml s rozpra\u0161ova\u010dem -","robots":{"index":"index","follow":"follow","max-snippet":"max-snippet:-1","max-image-preview":"max-image-preview:large","max-video-preview":"max-video-preview:-1"},"canonical":"https:\/\/www.koupelnapro.com\/index.php\/produkt\/nizka-cena-cleanfox-r-odstranovac-hmyzu-500-ml-s-rozprasovacem-33692\/","og_locale":"cs_CZ","og_type":"article","og_title":"N\u00edzk\u00e1 Cena CLEANFOX\u00ae Odstra\u0148ova\u010d hmyzu, 500 ml s rozpra\u0161ova\u010dem -","og_description":"Detailn\u00ed popis produktu Speci\u00e1ln\u00ed koncentrovan\u00fd p\u0159\u00edpravek ur\u010den\u00fd k odstran\u011bn\u00ed zbytk\u016f hmyzu ze v\u0161ech \u010deln\u00edch ploch Va\u0161eho vozidla. \u00da\u010dinn\u011b pom\u00e1h\u00e1 vy\u010distit masku chladi\u010de, \u010deln\u00ed sklo, reflektory, n\u00e1razn\u00edky a karoserii. Nen\u00ed agresivn\u00ed k n\u00e1t\u011br\u016fm a povrch zanech\u00e1v\u00e1 \u010dist\u00fd a leskl\u00fd. Pomoc\u00ed rozpra\u0161ova\u010de aplikujte p\u0159\u00edpravek na zne\u010di\u0161t\u011bn\u00e1 m\u00edsta a nechte chv\u00edli p\u016fsobit. Pot\u00e9 ut\u011brkou vyt\u0159ete do sucha. U [&hellip;]","og_url":"https:\/\/www.koupelnapro.com\/index.php\/produkt\/nizka-cena-cleanfox-r-odstranovac-hmyzu-500-ml-s-rozprasovacem-33692\/","og_image":[{"width":1000,"height":750,"url":"https:\/\/www.koupelnapro.com\/wp-content\/uploads\/2026\/SK0002882-CZ20260425-092522-0-1777080324-74017_cleanfox-odstranovac-hmyzu.webp","type":"image\/webp"}],"twitter_card":"summary_large_image","twitter_misc":{"Odhadovan\u00e1 doba \u010dten\u00ed":"1 minuta"},"schema":{"@context":"https:\/\/schema.org","@graph":[{"@type":"WebPage","@id":"https:\/\/www.koupelnapro.com\/index.php\/produkt\/nizka-cena-cleanfox-r-odstranovac-hmyzu-500-ml-s-rozprasovacem-33692\/","url":"https:\/\/www.koupelnapro.com\/index.php\/produkt\/nizka-cena-cleanfox-r-odstranovac-hmyzu-500-ml-s-rozprasovacem-33692\/","name":"N\u00edzk\u00e1 Cena CLEANFOX\u00ae Odstra\u0148ova\u010d hmyzu, 500 ml s rozpra\u0161ova\u010dem -","isPartOf":{"@id":"https:\/\/www.koupelnapro.com\/#website"},"primaryImageOfPage":{"@id":"https:\/\/www.koupelnapro.com\/index.php\/produkt\/nizka-cena-cleanfox-r-odstranovac-hmyzu-500-ml-s-rozprasovacem-33692\/#primaryimage"},"image":{"@id":"https:\/\/www.koupelnapro.com\/index.php\/produkt\/nizka-cena-cleanfox-r-odstranovac-hmyzu-500-ml-s-rozprasovacem-33692\/#primaryimage"},"thumbnailUrl":"https:\/\/www.koupelnapro.com\/wp-content\/uploads\/2026\/SK0002882-CZ20260425-092522-0-1777080324-74017_cleanfox-odstranovac-hmyzu.webp","datePublished":"2026-04-26T09:15:27+00:00","breadcrumb":{"@id":"https:\/\/www.koupelnapro.com\/index.php\/produkt\/nizka-cena-cleanfox-r-odstranovac-hmyzu-500-ml-s-rozprasovacem-33692\/#breadcrumb"},"inLanguage":"cs","potentialAction":[{"@type":"ReadAction","target":["https:\/\/www.koupelnapro.com\/index.php\/produkt\/nizka-cena-cleanfox-r-odstranovac-hmyzu-500-ml-s-rozprasovacem-33692\/"]}]},{"@type":"ImageObject","inLanguage":"cs","@id":"https:\/\/www.koupelnapro.com\/index.php\/produkt\/nizka-cena-cleanfox-r-odstranovac-hmyzu-500-ml-s-rozprasovacem-33692\/#primaryimage","url":"https:\/\/www.koupelnapro.com\/wp-content\/uploads\/2026\/SK0002882-CZ20260425-092522-0-1777080324-74017_cleanfox-odstranovac-hmyzu.webp","contentUrl":"https:\/\/www.koupelnapro.com\/wp-content\/uploads\/2026\/SK0002882-CZ20260425-092522-0-1777080324-74017_cleanfox-odstranovac-hmyzu.webp","width":1000,"height":750},{"@type":"BreadcrumbList","@id":"https:\/\/www.koupelnapro.com\/index.php\/produkt\/nizka-cena-cleanfox-r-odstranovac-hmyzu-500-ml-s-rozprasovacem-33692\/#breadcrumb","itemListElement":[{"@type":"ListItem","position":1,"name":"Home","item":"https:\/\/www.koupelnapro.com\/"},{"@type":"ListItem","position":2,"name":"Products","item":"https:\/\/www.koupelnapro.com\/index.php\/products\/"},{"@type":"ListItem","position":3,"name":"N\u00edzk\u00e1 Cena CLEANFOX\u00ae Odstra\u0148ova\u010d hmyzu, 500 ml s rozpra\u0161ova\u010dem"}]},{"@type":"WebSite","@id":"https:\/\/www.koupelnapro.com\/#website","url":"https:\/\/www.koupelnapro.com\/","name":"","description":"","potentialAction":[{"@type":"SearchAction","target":{"@type":"EntryPoint","urlTemplate":"https:\/\/www.koupelnapro.com\/?s={search_term_string}"},"query-input":{"@type":"PropertyValueSpecification","valueRequired":true,"valueName":"search_term_string"}}],"inLanguage":"cs"}]}},"_links":{"self":[{"href":"https:\/\/www.koupelnapro.com\/index.php\/wp-json\/wp\/v2\/product\/33692","targetHints":{"allow":["GET"]}}],"collection":[{"href":"https:\/\/www.koupelnapro.com\/index.php\/wp-json\/wp\/v2\/product"}],"about":[{"href":"https:\/\/www.koupelnapro.com\/index.php\/wp-json\/wp\/v2\/types\/product"}],"replies":[{"embeddable":true,"href":"https:\/\/www.koupelnapro.com\/index.php\/wp-json\/wp\/v2\/comments?post=33692"}],"wp:featuredmedia":[{"embeddable":true,"href":"https:\/\/www.koupelnapro.com\/index.php\/wp-json\/wp\/v2\/media\/33792"}],"wp:attachment":[{"href":"https:\/\/www.koupelnapro.com\/index.php\/wp-json\/wp\/v2\/media?parent=33692"}],"wp:term":[{"taxonomy":"product_brand","embeddable":true,"href":"https:\/\/www.koupelnapro.com\/index.php\/wp-json\/wp\/v2\/product_brand?post=33692"},{"taxonomy":"product_cat","embeddable":true,"href":"https:\/\/www.koupelnapro.com\/index.php\/wp-json\/wp\/v2\/product_cat?post=33692"},{"taxonomy":"product_tag","embeddable":true,"href":"https:\/\/www.koupelnapro.com\/index.php\/wp-json\/wp\/v2\/product_tag?post=33692"}],"curies":[{"name":"wp","href":"https:\/\/api.w.org\/{rel}","templated":true}]}}