{"id":33691,"date":"2026-04-26T09:15:27","date_gmt":"2026-04-26T09:15:27","guid":{"rendered":""},"modified":"2026-04-26T09:15:27","modified_gmt":"2026-04-26T09:15:27","slug":"casove-omezene-cleanfox-r-tekute-sterace-nano-400-ml-s-rozprasovacem-33691","status":"publish","type":"product","link":"https:\/\/www.koupelnapro.com\/index.php\/produkt\/casove-omezene-cleanfox-r-tekute-sterace-nano-400-ml-s-rozprasovacem-33691\/","title":{"rendered":"\u010casov\u011b Omezen\u00e9 CLEANFOX\u00ae Tekut\u00e9 st\u011bra\u010de NANO, 400 ml s rozpra\u0161ova\u010dem"},"content":{"rendered":"<div class=\"basic-description\">\n<h3>Detailn\u00ed popis produktu<\/h3>\n<ul>\n<li><strong style=\"font-family: inherit; font-size: 12pt; letter-spacing: 0.02rem;\"><span>Specificky vyvinut\u00fd p\u0159\u00edpravek k ochran\u011b skel, ale i <span class=\"show-tooltip\" title=\"Plastyn\u011bkdy tak\u00e9 naz\u00fdvan\u00e9 plastick\u00e9 \u010di um\u011bl\u00e9 hmoty, p\u0159edstavuj\u00ed \u0161irokou \u0161k\u00e1lu syntetick\u00fdch nebo \u010d\u00e1ste\u010dn\u011b syntetick\u00fdch organick\u00fdch slou\u010denin a polymern\u00edch materi\u00e1l\u016f. \u010casto obsahuj\u00ed p\u0159\u00edsady zlep\u0161uj\u00edc\u00ed jejich funk\u010dn\u00ed vlastnosti, nap\u0159\u00edklad&amp;hellip;\">plast\u016f<\/span>, sklokeramiky a pod. <\/span><\/strong><\/li>\n<li><strong style=\"font-family: inherit; font-size: 12pt; letter-spacing: 0.02rem;\"><span>Vytvo\u0159\u00ed na povrchu tenkou vysoce hydrofobn\u00ed neviditelnou vrstvu bez lomu <span class=\"show-tooltip\" title=\"Sv\u011btlo je viditeln\u00e1 \u010d\u00e1st elektromagnetick\u00e9ho z\u00e1\u0159en\u00ed.&amp;nbsp;\u058d V elektromagnetick\u00e9m spektru se sv\u011btlo nach\u00e1z\u00ed mezi infra\u010derven\u00fdm a ultrafialov\u00fdm.\u058d Charakterizuje se r\u016fzn\u00fdmi vlastnostmi, v\u010detn\u011b vlnov\u00e9 d\u00e9lky, frekvence, intenzity a polarizace.\u058d&amp;hellip;\">sv\u011btla<\/span> a mastn\u00e9ho filmu, kter\u00e1 chr\u00e1n\u00ed o\u0161et\u0159en\u00fd povrch proti zne\u010di\u0161t\u011bn\u00ed. <\/span><\/strong><\/li>\n<li><strong style=\"font-family: inherit; font-size: 12pt; letter-spacing: 0.02rem;\"><span>M\u00e1 samo\u010distic\u00ed \u00fa\u010dinek \u2013 efekt lotosov\u00e9ho kv\u011btu &#8211; <span class=\"show-tooltip\" title=\"Voda,&amp;nbsp;chemick\u00fdm vzorcem&amp;nbsp;H2O,&amp;nbsp;systematick\u00fd n\u00e1zev&amp;nbsp;oxidan, je&amp;nbsp;chemick\u00e1 slou\u010denina&amp;nbsp;vod\u00edku&amp;nbsp;a&amp;nbsp;kysl\u00edku. Spolu se&amp;nbsp;vzduchem, resp.&amp;nbsp;zemskou atmosf\u00e9rou, tvo\u0159\u00ed z\u00e1kladn\u00ed podm\u00ednky pro&amp;hellip;\">voda<\/span> se zabal\u00ed do kuli\u010dek a p\u0159i vy\u0161\u0161\u00ed rychlosti ne\u017e cca 50 km\/h na sebe nabaluje \u0161p\u00ednu a \u201eut\u00edk\u00e1\u201d ze <span class=\"show-tooltip\" title=\"Sklo&amp;nbsp;je homogenn\u00ed,&amp;nbsp;amorfn\u00ed&amp;nbsp;(tj. nekrystalick\u00e1) pevn\u00e1 l\u00e1tka, kter\u00e1 se vyzna\u010duje tvrdost\u00ed, k\u0159ehkost\u00ed a pr\u016fhlednost\u00ed. Hlavn\u00ed slo\u017ekou skla je&amp;nbsp;oxid k\u0159emi\u010dit\u00fd&amp;nbsp;(SiO2) a vyr\u00e1b\u00ed se taven\u00edm k\u0159emi\u010dit\u00e9ho&amp;nbsp;skl\u00e1\u0159sk\u00e9ho&amp;hellip;\">skla<\/span>. <\/span><\/strong><\/li>\n<li><strong style=\"font-family: inherit; font-size: 12pt; letter-spacing: 0.02rem;\"><span>Zaceluje mikroskopick\u00e9 trhlinky ve skle a omezuje sv\u011bteln\u00e9 reflexy na po\u0161kr\u00e1ban\u00fdch m\u00edstech. <\/span><\/strong><\/li>\n<li><strong style=\"font-family: inherit; font-size: 12pt; letter-spacing: 0.02rem;\"><span>Znesnad\u0148uje p\u0159ilnut\u00ed hmyzu a pta\u010d\u00edho trusu. <\/span><\/strong><\/li>\n<li><strong style=\"font-family: inherit; font-size: 12pt; letter-spacing: 0.02rem;\"><span>Usnad\u0148uje n\u00e1sledn\u00e9 \u010di\u0161t\u011bn\u00ed a tak\u00e9 odstra\u0148ov\u00e1n\u00ed ledu a n\u00e1mrazy<\/span>.<\/strong><\/li>\n<li><strong style=\"font-family: inherit; font-size: 12pt; letter-spacing: 0.02rem;\"><span>P\u0159\u00edpravek kr\u00e1tce prot\u0159epejte. <\/span><\/strong><\/li>\n<li><strong style=\"font-family: inherit; font-size: 12pt; letter-spacing: 0.02rem;\"><span>O\u0161et\u0159ovanou <span class=\"show-tooltip\" title=\"&amp;nbsp;Obsah je fyzik\u00e1ln\u00ed veli\u010dina, kter\u00e1 vyjad\u0159uje plochu n\u011bjak\u00e9ho geometrick\u00e9ho tvaru. Obsah se zpravidla m\u011b\u0159\u00ed v \u010dtvere\u010dn\u00fdch jednotk\u00e1ch, nap\u0159\u00edklad \u010dtvere\u010dn\u00fdch metrech (m\u00b2) nebo \u010dtvere\u010dn\u00fdch centimetrech (cm\u00b2).Zde jsou vzorce pro v\u00fdpo\u010det&amp;hellip;\">plochu<\/span> dokonale vy\u010dist\u011bte a odmast\u011bte! <\/span><\/strong><\/li>\n<li><strong style=\"font-family: inherit; font-size: 12pt; letter-spacing: 0.02rem;\"><span>Pomoc\u00ed rozpra\u0161ova\u010de naneste vrstvu, nechte minim\u00e1ln\u011b 5 min. p\u016fsobit &nbsp;a jemn\u011b vyle\u0161t\u011bte m\u011bkk\u00fdm had\u0159\u00edkem. <\/span><\/strong><\/li>\n<li><strong style=\"font-family: inherit; font-size: 12pt; letter-spacing: 0.02rem;\"><span>Druhou vrstvu aplikujte a\u017e zcela zaschne prvn\u00ed vrstva. <\/span><\/strong><\/li>\n<li><strong style=\"font-family: inherit; font-size: 12pt; letter-spacing: 0.02rem;\"><span>Aplikujte p\u0159i teplot\u011b +5 a\u017e +25\u00b0C <\/span><\/strong><\/li>\n<li><strong style=\"font-family: inherit; font-size: 12pt; letter-spacing: 0.02rem;\"><span>NEAPLIKUJTE NA P\u0158\u00cdM\u00c9M <span class=\"show-tooltip\" title=\"Slunce je centr\u00e1ln\u00ed hv\u011bzda slune\u010dn\u00ed soustavy, kter\u00e1 poskytuje energii prost\u0159ednictv\u00edm jadern\u00fdch reakc\u00ed termojadern\u00e9 f\u00faze. Jeho vlastnosti, velikost, st\u00e1\u0159\u00ed a v\u00fdznam jsou kl\u00ed\u010dov\u00e9 pro ch\u00e1p\u00e1n\u00ed \u017eivota na Zemi a v na\u0161\u00ed slune\u010dn\u00ed soustav\u011b.&amp;nbsp;Slunce je&amp;hellip;\">SLUNCI<\/span><\/span><\/strong><\/li>\n<\/ul>\n<p><span style=\"font-size: 12pt; font-family: inherit;\"><strong>Velikost balen\u00ed: 400 ml s rozpra\u0161ova\u010dem<\/strong><\/span><\/p>\n<div id=\"hzImgLoader\" class=\"imgError\" style=\"width: auto; height: auto; line-height: 0px; overflow: hidden; padding: 0px; margin: 4px; position: absolute; z-index: 2147483647; border-radius: 4px; box-shadow: rgba(0, 0, 0, 0.4) 0px 1px 3px; background-color: #ffbfbf; border: 4px solid #ffbfbf;\"><\/div>\n<\/p><\/div>\n","protected":false},"excerpt":{"rendered":"<p>Detailn\u00ed popis produktu Specificky vyvinut\u00fd p\u0159\u00edpravek k ochran\u011b skel, ale i plast\u016f, sklokeramiky a pod. Vytvo\u0159\u00ed na povrchu tenkou vysoce hydrofobn\u00ed neviditelnou vrstvu bez lomu sv\u011btla a mastn\u00e9ho filmu, kter\u00e1 chr\u00e1n\u00ed o\u0161et\u0159en\u00fd povrch proti zne\u010di\u0161t\u011bn\u00ed. M\u00e1 samo\u010distic\u00ed \u00fa\u010dinek \u2013 efekt lotosov\u00e9ho kv\u011btu &#8211; voda se zabal\u00ed do kuli\u010dek a p\u0159i vy\u0161\u0161\u00ed rychlosti ne\u017e cca 50 [&hellip;]<\/p>\n","protected":false},"featured_media":33791,"comment_status":"open","ping_status":"open","template":"","meta":[],"product_brand":[],"product_cat":[117],"product_tag":[],"class_list":{"0":"post-33691","1":"product","2":"type-product","3":"status-publish","4":"has-post-thumbnail","6":"product_cat-automotive","8":"first","9":"instock","10":"sale","11":"shipping-taxable","12":"purchasable","13":"product-type-simple"},"yoast_head":"<!-- This site is optimized with the Yoast SEO plugin v26.8 - https:\/\/yoast.com\/product\/yoast-seo-wordpress\/ -->\n<title>\u010casov\u011b Omezen\u00e9 CLEANFOX\u00ae Tekut\u00e9 st\u011bra\u010de NANO, 400 ml s rozpra\u0161ova\u010dem -<\/title>\n<meta name=\"robots\" content=\"index, follow, max-snippet:-1, max-image-preview:large, max-video-preview:-1\" \/>\n<link rel=\"canonical\" href=\"https:\/\/www.koupelnapro.com\/index.php\/produkt\/casove-omezene-cleanfox-r-tekute-sterace-nano-400-ml-s-rozprasovacem-33691\/\" \/>\n<meta property=\"og:locale\" content=\"cs_CZ\" \/>\n<meta property=\"og:type\" content=\"article\" \/>\n<meta property=\"og:title\" content=\"\u010casov\u011b Omezen\u00e9 CLEANFOX\u00ae Tekut\u00e9 st\u011bra\u010de NANO, 400 ml s rozpra\u0161ova\u010dem -\" \/>\n<meta property=\"og:description\" content=\"Detailn\u00ed popis produktu Specificky vyvinut\u00fd p\u0159\u00edpravek k ochran\u011b skel, ale i plast\u016f, sklokeramiky a pod. Vytvo\u0159\u00ed na povrchu tenkou vysoce hydrofobn\u00ed neviditelnou vrstvu bez lomu sv\u011btla a mastn\u00e9ho filmu, kter\u00e1 chr\u00e1n\u00ed o\u0161et\u0159en\u00fd povrch proti zne\u010di\u0161t\u011bn\u00ed. M\u00e1 samo\u010distic\u00ed \u00fa\u010dinek \u2013 efekt lotosov\u00e9ho kv\u011btu &#8211; voda se zabal\u00ed do kuli\u010dek a p\u0159i vy\u0161\u0161\u00ed rychlosti ne\u017e cca 50 [&hellip;]\" \/>\n<meta property=\"og:url\" content=\"https:\/\/www.koupelnapro.com\/index.php\/produkt\/casove-omezene-cleanfox-r-tekute-sterace-nano-400-ml-s-rozprasovacem-33691\/\" \/>\n<meta property=\"og:image\" content=\"https:\/\/www.koupelnapro.com\/wp-content\/uploads\/2026\/SK0002881-CZ20260425-092522-0-1777080324-74014_cleanfox-tekute-sterace.webp\" \/>\n\t<meta property=\"og:image:width\" content=\"1000\" \/>\n\t<meta property=\"og:image:height\" content=\"750\" \/>\n\t<meta property=\"og:image:type\" content=\"image\/webp\" \/>\n<meta name=\"twitter:card\" content=\"summary_large_image\" \/>\n<meta name=\"twitter:label1\" content=\"Odhadovan\u00e1 doba \u010dten\u00ed\" \/>\n\t<meta name=\"twitter:data1\" content=\"1 minuta\" \/>\n<script type=\"application\/ld+json\" class=\"yoast-schema-graph\">{\"@context\":\"https:\/\/schema.org\",\"@graph\":[{\"@type\":\"WebPage\",\"@id\":\"https:\/\/www.koupelnapro.com\/index.php\/produkt\/casove-omezene-cleanfox-r-tekute-sterace-nano-400-ml-s-rozprasovacem-33691\/\",\"url\":\"https:\/\/www.koupelnapro.com\/index.php\/produkt\/casove-omezene-cleanfox-r-tekute-sterace-nano-400-ml-s-rozprasovacem-33691\/\",\"name\":\"\u010casov\u011b Omezen\u00e9 CLEANFOX\u00ae Tekut\u00e9 st\u011bra\u010de NANO, 400 ml s rozpra\u0161ova\u010dem -\",\"isPartOf\":{\"@id\":\"https:\/\/www.koupelnapro.com\/#website\"},\"primaryImageOfPage\":{\"@id\":\"https:\/\/www.koupelnapro.com\/index.php\/produkt\/casove-omezene-cleanfox-r-tekute-sterace-nano-400-ml-s-rozprasovacem-33691\/#primaryimage\"},\"image\":{\"@id\":\"https:\/\/www.koupelnapro.com\/index.php\/produkt\/casove-omezene-cleanfox-r-tekute-sterace-nano-400-ml-s-rozprasovacem-33691\/#primaryimage\"},\"thumbnailUrl\":\"https:\/\/www.koupelnapro.com\/wp-content\/uploads\/2026\/SK0002881-CZ20260425-092522-0-1777080324-74014_cleanfox-tekute-sterace.webp\",\"datePublished\":\"2026-04-26T09:15:27+00:00\",\"breadcrumb\":{\"@id\":\"https:\/\/www.koupelnapro.com\/index.php\/produkt\/casove-omezene-cleanfox-r-tekute-sterace-nano-400-ml-s-rozprasovacem-33691\/#breadcrumb\"},\"inLanguage\":\"cs\",\"potentialAction\":[{\"@type\":\"ReadAction\",\"target\":[\"https:\/\/www.koupelnapro.com\/index.php\/produkt\/casove-omezene-cleanfox-r-tekute-sterace-nano-400-ml-s-rozprasovacem-33691\/\"]}]},{\"@type\":\"ImageObject\",\"inLanguage\":\"cs\",\"@id\":\"https:\/\/www.koupelnapro.com\/index.php\/produkt\/casove-omezene-cleanfox-r-tekute-sterace-nano-400-ml-s-rozprasovacem-33691\/#primaryimage\",\"url\":\"https:\/\/www.koupelnapro.com\/wp-content\/uploads\/2026\/SK0002881-CZ20260425-092522-0-1777080324-74014_cleanfox-tekute-sterace.webp\",\"contentUrl\":\"https:\/\/www.koupelnapro.com\/wp-content\/uploads\/2026\/SK0002881-CZ20260425-092522-0-1777080324-74014_cleanfox-tekute-sterace.webp\",\"width\":1000,\"height\":750},{\"@type\":\"BreadcrumbList\",\"@id\":\"https:\/\/www.koupelnapro.com\/index.php\/produkt\/casove-omezene-cleanfox-r-tekute-sterace-nano-400-ml-s-rozprasovacem-33691\/#breadcrumb\",\"itemListElement\":[{\"@type\":\"ListItem\",\"position\":1,\"name\":\"Home\",\"item\":\"https:\/\/www.koupelnapro.com\/\"},{\"@type\":\"ListItem\",\"position\":2,\"name\":\"Products\",\"item\":\"https:\/\/www.koupelnapro.com\/index.php\/products\/\"},{\"@type\":\"ListItem\",\"position\":3,\"name\":\"\u010casov\u011b Omezen\u00e9 CLEANFOX\u00ae Tekut\u00e9 st\u011bra\u010de NANO, 400 ml s rozpra\u0161ova\u010dem\"}]},{\"@type\":\"WebSite\",\"@id\":\"https:\/\/www.koupelnapro.com\/#website\",\"url\":\"https:\/\/www.koupelnapro.com\/\",\"name\":\"\",\"description\":\"\",\"potentialAction\":[{\"@type\":\"SearchAction\",\"target\":{\"@type\":\"EntryPoint\",\"urlTemplate\":\"https:\/\/www.koupelnapro.com\/?s={search_term_string}\"},\"query-input\":{\"@type\":\"PropertyValueSpecification\",\"valueRequired\":true,\"valueName\":\"search_term_string\"}}],\"inLanguage\":\"cs\"}]}<\/script>\n<!-- \/ Yoast SEO plugin. -->","yoast_head_json":{"title":"\u010casov\u011b Omezen\u00e9 CLEANFOX\u00ae Tekut\u00e9 st\u011bra\u010de NANO, 400 ml s rozpra\u0161ova\u010dem -","robots":{"index":"index","follow":"follow","max-snippet":"max-snippet:-1","max-image-preview":"max-image-preview:large","max-video-preview":"max-video-preview:-1"},"canonical":"https:\/\/www.koupelnapro.com\/index.php\/produkt\/casove-omezene-cleanfox-r-tekute-sterace-nano-400-ml-s-rozprasovacem-33691\/","og_locale":"cs_CZ","og_type":"article","og_title":"\u010casov\u011b Omezen\u00e9 CLEANFOX\u00ae Tekut\u00e9 st\u011bra\u010de NANO, 400 ml s rozpra\u0161ova\u010dem -","og_description":"Detailn\u00ed popis produktu Specificky vyvinut\u00fd p\u0159\u00edpravek k ochran\u011b skel, ale i plast\u016f, sklokeramiky a pod. Vytvo\u0159\u00ed na povrchu tenkou vysoce hydrofobn\u00ed neviditelnou vrstvu bez lomu sv\u011btla a mastn\u00e9ho filmu, kter\u00e1 chr\u00e1n\u00ed o\u0161et\u0159en\u00fd povrch proti zne\u010di\u0161t\u011bn\u00ed. M\u00e1 samo\u010distic\u00ed \u00fa\u010dinek \u2013 efekt lotosov\u00e9ho kv\u011btu &#8211; voda se zabal\u00ed do kuli\u010dek a p\u0159i vy\u0161\u0161\u00ed rychlosti ne\u017e cca 50 [&hellip;]","og_url":"https:\/\/www.koupelnapro.com\/index.php\/produkt\/casove-omezene-cleanfox-r-tekute-sterace-nano-400-ml-s-rozprasovacem-33691\/","og_image":[{"width":1000,"height":750,"url":"https:\/\/www.koupelnapro.com\/wp-content\/uploads\/2026\/SK0002881-CZ20260425-092522-0-1777080324-74014_cleanfox-tekute-sterace.webp","type":"image\/webp"}],"twitter_card":"summary_large_image","twitter_misc":{"Odhadovan\u00e1 doba \u010dten\u00ed":"1 minuta"},"schema":{"@context":"https:\/\/schema.org","@graph":[{"@type":"WebPage","@id":"https:\/\/www.koupelnapro.com\/index.php\/produkt\/casove-omezene-cleanfox-r-tekute-sterace-nano-400-ml-s-rozprasovacem-33691\/","url":"https:\/\/www.koupelnapro.com\/index.php\/produkt\/casove-omezene-cleanfox-r-tekute-sterace-nano-400-ml-s-rozprasovacem-33691\/","name":"\u010casov\u011b Omezen\u00e9 CLEANFOX\u00ae Tekut\u00e9 st\u011bra\u010de NANO, 400 ml s rozpra\u0161ova\u010dem -","isPartOf":{"@id":"https:\/\/www.koupelnapro.com\/#website"},"primaryImageOfPage":{"@id":"https:\/\/www.koupelnapro.com\/index.php\/produkt\/casove-omezene-cleanfox-r-tekute-sterace-nano-400-ml-s-rozprasovacem-33691\/#primaryimage"},"image":{"@id":"https:\/\/www.koupelnapro.com\/index.php\/produkt\/casove-omezene-cleanfox-r-tekute-sterace-nano-400-ml-s-rozprasovacem-33691\/#primaryimage"},"thumbnailUrl":"https:\/\/www.koupelnapro.com\/wp-content\/uploads\/2026\/SK0002881-CZ20260425-092522-0-1777080324-74014_cleanfox-tekute-sterace.webp","datePublished":"2026-04-26T09:15:27+00:00","breadcrumb":{"@id":"https:\/\/www.koupelnapro.com\/index.php\/produkt\/casove-omezene-cleanfox-r-tekute-sterace-nano-400-ml-s-rozprasovacem-33691\/#breadcrumb"},"inLanguage":"cs","potentialAction":[{"@type":"ReadAction","target":["https:\/\/www.koupelnapro.com\/index.php\/produkt\/casove-omezene-cleanfox-r-tekute-sterace-nano-400-ml-s-rozprasovacem-33691\/"]}]},{"@type":"ImageObject","inLanguage":"cs","@id":"https:\/\/www.koupelnapro.com\/index.php\/produkt\/casove-omezene-cleanfox-r-tekute-sterace-nano-400-ml-s-rozprasovacem-33691\/#primaryimage","url":"https:\/\/www.koupelnapro.com\/wp-content\/uploads\/2026\/SK0002881-CZ20260425-092522-0-1777080324-74014_cleanfox-tekute-sterace.webp","contentUrl":"https:\/\/www.koupelnapro.com\/wp-content\/uploads\/2026\/SK0002881-CZ20260425-092522-0-1777080324-74014_cleanfox-tekute-sterace.webp","width":1000,"height":750},{"@type":"BreadcrumbList","@id":"https:\/\/www.koupelnapro.com\/index.php\/produkt\/casove-omezene-cleanfox-r-tekute-sterace-nano-400-ml-s-rozprasovacem-33691\/#breadcrumb","itemListElement":[{"@type":"ListItem","position":1,"name":"Home","item":"https:\/\/www.koupelnapro.com\/"},{"@type":"ListItem","position":2,"name":"Products","item":"https:\/\/www.koupelnapro.com\/index.php\/products\/"},{"@type":"ListItem","position":3,"name":"\u010casov\u011b Omezen\u00e9 CLEANFOX\u00ae Tekut\u00e9 st\u011bra\u010de NANO, 400 ml s rozpra\u0161ova\u010dem"}]},{"@type":"WebSite","@id":"https:\/\/www.koupelnapro.com\/#website","url":"https:\/\/www.koupelnapro.com\/","name":"","description":"","potentialAction":[{"@type":"SearchAction","target":{"@type":"EntryPoint","urlTemplate":"https:\/\/www.koupelnapro.com\/?s={search_term_string}"},"query-input":{"@type":"PropertyValueSpecification","valueRequired":true,"valueName":"search_term_string"}}],"inLanguage":"cs"}]}},"_links":{"self":[{"href":"https:\/\/www.koupelnapro.com\/index.php\/wp-json\/wp\/v2\/product\/33691","targetHints":{"allow":["GET"]}}],"collection":[{"href":"https:\/\/www.koupelnapro.com\/index.php\/wp-json\/wp\/v2\/product"}],"about":[{"href":"https:\/\/www.koupelnapro.com\/index.php\/wp-json\/wp\/v2\/types\/product"}],"replies":[{"embeddable":true,"href":"https:\/\/www.koupelnapro.com\/index.php\/wp-json\/wp\/v2\/comments?post=33691"}],"wp:featuredmedia":[{"embeddable":true,"href":"https:\/\/www.koupelnapro.com\/index.php\/wp-json\/wp\/v2\/media\/33791"}],"wp:attachment":[{"href":"https:\/\/www.koupelnapro.com\/index.php\/wp-json\/wp\/v2\/media?parent=33691"}],"wp:term":[{"taxonomy":"product_brand","embeddable":true,"href":"https:\/\/www.koupelnapro.com\/index.php\/wp-json\/wp\/v2\/product_brand?post=33691"},{"taxonomy":"product_cat","embeddable":true,"href":"https:\/\/www.koupelnapro.com\/index.php\/wp-json\/wp\/v2\/product_cat?post=33691"},{"taxonomy":"product_tag","embeddable":true,"href":"https:\/\/www.koupelnapro.com\/index.php\/wp-json\/wp\/v2\/product_tag?post=33691"}],"curies":[{"name":"wp","href":"https:\/\/api.w.org\/{rel}","templated":true}]}}