{"id":33492,"date":"2026-04-26T09:15:27","date_gmt":"2026-04-26T09:15:27","guid":{"rendered":""},"modified":"2026-04-26T09:15:27","modified_gmt":"2026-04-26T09:15:27","slug":"znackovy-mtr-r-hmozdinka-hsd-zn-m4x90-mm-sklopna-s-hakem-33492","status":"publish","type":"product","link":"https:\/\/www.koupelnapro.com\/index.php\/produkt\/znackovy-mtr-r-hmozdinka-hsd-zn-m4x90-mm-sklopna-s-hakem-33492\/","title":{"rendered":"Zna\u010dkov\u00fd MTR\u00ae Hmo\u017edinka HSD Zn M4\u00d790 mm sklopn\u00e1 s h\u00e1kem"},"content":{"rendered":"<div class=\"basic-description\">\n<h3>Detailn\u00ed popis produktu<\/h3>\n<p>                                    <span class=\"show-tooltip\" title=\"Ocel je slitina \u017eeleza s mal\u00fdm obsahem uhl\u00edku a dal\u0161\u00edmi p\u0159\u00edm\u011bsemi. Je to jeden z nejb\u011b\u017en\u011bji pou\u017e\u00edvan\u00fdch materi\u00e1l\u016f v pr\u016fmyslu a&amp;nbsp;stavebnictv\u00ed d\u00edky sv\u00fdm vlastnostem, kter\u00e9 zahrnuj\u00ed pevnost, tv\u00e1rnost a odolnost.&amp;nbsp;Z\u00e1kladn\u00ed slo\u017ekou&amp;hellip;\">Ocelov\u00fd<\/span> lustrov\u00fd h\u00e1k s kovovou rozp\u011brkou. Tento h\u00e1k je vhodn\u00fd pro mont\u00e1\u017e lustr\u016f a lehk\u00fdch p\u0159edm\u011bt\u016f na strop z <span class=\"show-tooltip\" title=\"D\u0159evo&amp;nbsp;je tvrd\u00e9 a p\u00f3rovit\u00e9&amp;nbsp;rostlinn\u00e9 pletivo&amp;nbsp;(tk\u00e1\u0148), je\u017e tvo\u0159\u00ed kmeny, ko\u0159eny a v\u011btve strom\u016f, ke\u0159\u016f a dal\u0161\u00edch&amp;nbsp;d\u0159evin. Skl\u00e1d\u00e1 se z&amp;nbsp;celul\u00f3zov\u00fdch&amp;nbsp;vl\u00e1ken s vysokou pevnost\u00ed v tahu a&amp;nbsp;ligninov\u00e9&amp;nbsp;v\u00fdpln\u011b, kter\u00e1&amp;hellip;\">d\u0159ev\u011bn\u00fdch<\/span>, nebo <span class=\"show-tooltip\" title=\"S\u00e1drokarton je stavebn\u00ed materi\u00e1l slo\u017een\u00fd z vrstev s\u00e1dry (gipsu) spojen\u00fdch mezi dv\u011bma vrstvami pevn\u00e9ho pap\u00edru.&amp;nbsp;Tento materi\u00e1l kombinuje lehkost, pevnost a snadnou manipulaci, co\u017e ho \u010din\u00ed popul\u00e1rn\u00edm pro vnit\u0159n\u00ed stavebn\u00ed \u00fapravy.S\u00e1drokarton se&amp;hellip;\">s\u00e1drokartonov\u00fdch<\/span> materi\u00e1l\u016f.Mont\u00e1\u017e h\u00e1ku je velice jednoduch\u00e1. Do stropu se vyvrt\u00e1 otvor mal\u00e9ho pr\u016fm\u011bru, kter\u00fdm se prostr\u010d\u00ed rozp\u011brka. Tato se n\u00e1sledn\u011b rozt\u00e1hne nad <span class=\"show-tooltip\" title=\"Konstrukce je proces tvorby a sestaven\u00ed r\u016fzn\u00fdch prvk\u016f nebo sou\u010d\u00e1st\u00ed do funk\u010dn\u00edho celku, kter\u00fd m\u016f\u017ee slou\u017eit k ur\u010dit\u00e9mu \u00fa\u010delu. V kontextu stavebnictv\u00ed a in\u017een\u00fdrstv\u00ed zahrnuje konstrukce tvorbu budov, most\u016f, silnic, pr\u016fmyslov\u00fdch za\u0159\u00edzen\u00ed,&amp;hellip;\">konstrukc\u00ed<\/span> a potom sta\u010d\u00ed pouze dot\u00e1hnout matici.H\u00e1k nen\u00ed kalibrov\u00e1n a uveden\u00e1 <span class=\"show-tooltip\" title=\"Nosnost&amp;nbsp;resp.&amp;nbsp;\u00fanosnost&amp;nbsp;je obecn\u00e1 charakteristika, kter\u00e1 vyjad\u0159uje vzdor (kapacitu) dan\u00e9ho&amp;nbsp;objektu&amp;nbsp;nebo&amp;nbsp;p\u0159edm\u011btu&amp;nbsp;(nap\u0159. stavebn\u00ed konstrukce, z\u00e1kladov\u00e9 p\u016fdy,&amp;nbsp;dopravn\u00edho prost\u0159edku, apod.) v\u016f\u010di p\u016fsoben\u00ed n\u011bjak\u00fdch&amp;hellip;\">nosnost<\/span> je pouze orienta\u010dn\u00ed.Celkov\u00e1 <span class=\"show-tooltip\" title=\"D\u00e9lka&amp;nbsp;je jedna ze z\u00e1kladn\u00edch&amp;nbsp;fyzik\u00e1ln\u00edch veli\u010din. Pomoc\u00ed d\u00e9lky se vyjad\u0159uje vz\u00e1jemn\u00e1 poloha a rozprostran\u011bnost objekt\u016f v prostoru. D\u00e9lka jako fyzik\u00e1ln\u00ed veli\u010dina vych\u00e1z\u00ed z geometrick\u00e9ho pojmu&amp;nbsp;d\u00e9lky&amp;nbsp;jako&amp;nbsp;m\u00edry&amp;nbsp;ohrani\u010den\u00e9&amp;hellip;\">d\u00e9lka<\/span>: 90 mm<span class=\"show-tooltip\" title=\"Pr\u016fm\u011br kruhu a kru\u017enice je d\u00e9lka \u00fase\u010dky, kter\u00e1 proch\u00e1z\u00ed st\u0159edem kruhu a spojuje dva body na jeho obvodu. Zkr\u00e1cen\u011b se pr\u016fm\u011br kruhu ozna\u010duje symbolem &quot;d&quot;.Vztah mezi pr\u016fm\u011brem kruhu a jeho polom\u011brem &quot;r&quot; je n\u00e1sleduj\u00edc\u00ed: d = 2 * rKde &quot;d&quot; je&amp;hellip;\">Pr\u016fm\u011br<\/span> h\u00e1ku: 3,5 mmPr\u016fm\u011br z\u00e1vitu:: M 4Vnit\u0159n\u00ed pr. oka: 14 mmNosnost: 15 kgPovrchov\u00e1 \u00faprava <span class=\"show-tooltip\" title=\"Galvanizace, nebo tak\u00e9 galvanick\u00e9 pokovov\u00e1n\u00ed, je proces nan\u00e1\u0161en\u00ed tenk\u00e9 vrstvy kovu na povrch jin\u00e9ho kovov\u00e9ho p\u0159edm\u011btu za pou\u017eit\u00ed elektrick\u00e9ho proudu. Tento proces se b\u011b\u017en\u011b pou\u017e\u00edv\u00e1 k ochran\u011b kov\u016f proti korozi, ke zv\u00fd\u0161en\u00ed jejich odolnosti a estetiky.&amp;hellip;\">galvanick\u00fd<\/span> zinkochrom\u00e1t                            <\/div>\n","protected":false},"excerpt":{"rendered":"<p>Detailn\u00ed popis produktu Ocelov\u00fd lustrov\u00fd h\u00e1k s kovovou rozp\u011brkou. Tento h\u00e1k je vhodn\u00fd pro mont\u00e1\u017e lustr\u016f a lehk\u00fdch p\u0159edm\u011bt\u016f na strop z d\u0159ev\u011bn\u00fdch, nebo s\u00e1drokartonov\u00fdch materi\u00e1l\u016f.Mont\u00e1\u017e h\u00e1ku je velice jednoduch\u00e1. Do stropu se vyvrt\u00e1 otvor mal\u00e9ho pr\u016fm\u011bru, kter\u00fdm se prostr\u010d\u00ed rozp\u011brka. Tato se n\u00e1sledn\u011b rozt\u00e1hne nad konstrukc\u00ed a potom sta\u010d\u00ed pouze dot\u00e1hnout matici.H\u00e1k nen\u00ed kalibrov\u00e1n [&hellip;]<\/p>\n","protected":false},"featured_media":33592,"comment_status":"open","ping_status":"open","template":"","meta":[],"product_brand":[],"product_cat":[90],"product_tag":[],"class_list":{"0":"post-33492","1":"product","2":"type-product","3":"status-publish","4":"has-post-thumbnail","6":"product_cat-stavba","8":"first","9":"instock","10":"sale","11":"shipping-taxable","12":"purchasable","13":"product-type-simple"},"yoast_head":"<!-- This site is optimized with the Yoast SEO plugin v26.8 - https:\/\/yoast.com\/product\/yoast-seo-wordpress\/ -->\n<title>Zna\u010dkov\u00fd MTR\u00ae Hmo\u017edinka HSD Zn M4\u00d790 mm sklopn\u00e1 s h\u00e1kem -<\/title>\n<meta name=\"robots\" content=\"index, follow, max-snippet:-1, max-image-preview:large, max-video-preview:-1\" \/>\n<link rel=\"canonical\" href=\"https:\/\/www.koupelnapro.com\/index.php\/produkt\/znackovy-mtr-r-hmozdinka-hsd-zn-m4x90-mm-sklopna-s-hakem-33492\/\" \/>\n<meta property=\"og:locale\" content=\"cs_CZ\" \/>\n<meta property=\"og:type\" content=\"article\" \/>\n<meta property=\"og:title\" content=\"Zna\u010dkov\u00fd MTR\u00ae Hmo\u017edinka HSD Zn M4\u00d790 mm sklopn\u00e1 s h\u00e1kem -\" \/>\n<meta property=\"og:description\" content=\"Detailn\u00ed popis produktu Ocelov\u00fd lustrov\u00fd h\u00e1k s kovovou rozp\u011brkou. Tento h\u00e1k je vhodn\u00fd pro mont\u00e1\u017e lustr\u016f a lehk\u00fdch p\u0159edm\u011bt\u016f na strop z d\u0159ev\u011bn\u00fdch, nebo s\u00e1drokartonov\u00fdch materi\u00e1l\u016f.Mont\u00e1\u017e h\u00e1ku je velice jednoduch\u00e1. Do stropu se vyvrt\u00e1 otvor mal\u00e9ho pr\u016fm\u011bru, kter\u00fdm se prostr\u010d\u00ed rozp\u011brka. Tato se n\u00e1sledn\u011b rozt\u00e1hne nad konstrukc\u00ed a potom sta\u010d\u00ed pouze dot\u00e1hnout matici.H\u00e1k nen\u00ed kalibrov\u00e1n [&hellip;]\" \/>\n<meta property=\"og:url\" content=\"https:\/\/www.koupelnapro.com\/index.php\/produkt\/znackovy-mtr-r-hmozdinka-hsd-zn-m4x90-mm-sklopna-s-hakem-33492\/\" \/>\n<meta property=\"og:image\" content=\"https:\/\/www.koupelnapro.com\/wp-content\/uploads\/2026\/SK0002782-CZ20260425-092522-0-1777080324-73294-1_rewrite-22080-504002.webp\" \/>\n\t<meta property=\"og:image:width\" content=\"1000\" \/>\n\t<meta property=\"og:image:height\" content=\"750\" \/>\n\t<meta property=\"og:image:type\" content=\"image\/webp\" \/>\n<meta name=\"twitter:card\" content=\"summary_large_image\" \/>\n<meta name=\"twitter:label1\" content=\"Odhadovan\u00e1 doba \u010dten\u00ed\" \/>\n\t<meta name=\"twitter:data1\" content=\"1 minuta\" \/>\n<script type=\"application\/ld+json\" class=\"yoast-schema-graph\">{\"@context\":\"https:\/\/schema.org\",\"@graph\":[{\"@type\":\"WebPage\",\"@id\":\"https:\/\/www.koupelnapro.com\/index.php\/produkt\/znackovy-mtr-r-hmozdinka-hsd-zn-m4x90-mm-sklopna-s-hakem-33492\/\",\"url\":\"https:\/\/www.koupelnapro.com\/index.php\/produkt\/znackovy-mtr-r-hmozdinka-hsd-zn-m4x90-mm-sklopna-s-hakem-33492\/\",\"name\":\"Zna\u010dkov\u00fd MTR\u00ae Hmo\u017edinka HSD Zn M4\u00d790 mm sklopn\u00e1 s h\u00e1kem -\",\"isPartOf\":{\"@id\":\"https:\/\/www.koupelnapro.com\/#website\"},\"primaryImageOfPage\":{\"@id\":\"https:\/\/www.koupelnapro.com\/index.php\/produkt\/znackovy-mtr-r-hmozdinka-hsd-zn-m4x90-mm-sklopna-s-hakem-33492\/#primaryimage\"},\"image\":{\"@id\":\"https:\/\/www.koupelnapro.com\/index.php\/produkt\/znackovy-mtr-r-hmozdinka-hsd-zn-m4x90-mm-sklopna-s-hakem-33492\/#primaryimage\"},\"thumbnailUrl\":\"https:\/\/www.koupelnapro.com\/wp-content\/uploads\/2026\/SK0002782-CZ20260425-092522-0-1777080324-73294-1_rewrite-22080-504002.webp\",\"datePublished\":\"2026-04-26T09:15:27+00:00\",\"breadcrumb\":{\"@id\":\"https:\/\/www.koupelnapro.com\/index.php\/produkt\/znackovy-mtr-r-hmozdinka-hsd-zn-m4x90-mm-sklopna-s-hakem-33492\/#breadcrumb\"},\"inLanguage\":\"cs\",\"potentialAction\":[{\"@type\":\"ReadAction\",\"target\":[\"https:\/\/www.koupelnapro.com\/index.php\/produkt\/znackovy-mtr-r-hmozdinka-hsd-zn-m4x90-mm-sklopna-s-hakem-33492\/\"]}]},{\"@type\":\"ImageObject\",\"inLanguage\":\"cs\",\"@id\":\"https:\/\/www.koupelnapro.com\/index.php\/produkt\/znackovy-mtr-r-hmozdinka-hsd-zn-m4x90-mm-sklopna-s-hakem-33492\/#primaryimage\",\"url\":\"https:\/\/www.koupelnapro.com\/wp-content\/uploads\/2026\/SK0002782-CZ20260425-092522-0-1777080324-73294-1_rewrite-22080-504002.webp\",\"contentUrl\":\"https:\/\/www.koupelnapro.com\/wp-content\/uploads\/2026\/SK0002782-CZ20260425-092522-0-1777080324-73294-1_rewrite-22080-504002.webp\",\"width\":1000,\"height\":750},{\"@type\":\"BreadcrumbList\",\"@id\":\"https:\/\/www.koupelnapro.com\/index.php\/produkt\/znackovy-mtr-r-hmozdinka-hsd-zn-m4x90-mm-sklopna-s-hakem-33492\/#breadcrumb\",\"itemListElement\":[{\"@type\":\"ListItem\",\"position\":1,\"name\":\"Home\",\"item\":\"https:\/\/www.koupelnapro.com\/\"},{\"@type\":\"ListItem\",\"position\":2,\"name\":\"Products\",\"item\":\"https:\/\/www.koupelnapro.com\/index.php\/products\/\"},{\"@type\":\"ListItem\",\"position\":3,\"name\":\"Zna\u010dkov\u00fd MTR\u00ae Hmo\u017edinka HSD Zn M4\u00d790 mm sklopn\u00e1 s h\u00e1kem\"}]},{\"@type\":\"WebSite\",\"@id\":\"https:\/\/www.koupelnapro.com\/#website\",\"url\":\"https:\/\/www.koupelnapro.com\/\",\"name\":\"\",\"description\":\"\",\"potentialAction\":[{\"@type\":\"SearchAction\",\"target\":{\"@type\":\"EntryPoint\",\"urlTemplate\":\"https:\/\/www.koupelnapro.com\/?s={search_term_string}\"},\"query-input\":{\"@type\":\"PropertyValueSpecification\",\"valueRequired\":true,\"valueName\":\"search_term_string\"}}],\"inLanguage\":\"cs\"}]}<\/script>\n<!-- \/ Yoast SEO plugin. -->","yoast_head_json":{"title":"Zna\u010dkov\u00fd MTR\u00ae Hmo\u017edinka HSD Zn M4\u00d790 mm sklopn\u00e1 s h\u00e1kem -","robots":{"index":"index","follow":"follow","max-snippet":"max-snippet:-1","max-image-preview":"max-image-preview:large","max-video-preview":"max-video-preview:-1"},"canonical":"https:\/\/www.koupelnapro.com\/index.php\/produkt\/znackovy-mtr-r-hmozdinka-hsd-zn-m4x90-mm-sklopna-s-hakem-33492\/","og_locale":"cs_CZ","og_type":"article","og_title":"Zna\u010dkov\u00fd MTR\u00ae Hmo\u017edinka HSD Zn M4\u00d790 mm sklopn\u00e1 s h\u00e1kem -","og_description":"Detailn\u00ed popis produktu Ocelov\u00fd lustrov\u00fd h\u00e1k s kovovou rozp\u011brkou. Tento h\u00e1k je vhodn\u00fd pro mont\u00e1\u017e lustr\u016f a lehk\u00fdch p\u0159edm\u011bt\u016f na strop z d\u0159ev\u011bn\u00fdch, nebo s\u00e1drokartonov\u00fdch materi\u00e1l\u016f.Mont\u00e1\u017e h\u00e1ku je velice jednoduch\u00e1. Do stropu se vyvrt\u00e1 otvor mal\u00e9ho pr\u016fm\u011bru, kter\u00fdm se prostr\u010d\u00ed rozp\u011brka. Tato se n\u00e1sledn\u011b rozt\u00e1hne nad konstrukc\u00ed a potom sta\u010d\u00ed pouze dot\u00e1hnout matici.H\u00e1k nen\u00ed kalibrov\u00e1n [&hellip;]","og_url":"https:\/\/www.koupelnapro.com\/index.php\/produkt\/znackovy-mtr-r-hmozdinka-hsd-zn-m4x90-mm-sklopna-s-hakem-33492\/","og_image":[{"width":1000,"height":750,"url":"https:\/\/www.koupelnapro.com\/wp-content\/uploads\/2026\/SK0002782-CZ20260425-092522-0-1777080324-73294-1_rewrite-22080-504002.webp","type":"image\/webp"}],"twitter_card":"summary_large_image","twitter_misc":{"Odhadovan\u00e1 doba \u010dten\u00ed":"1 minuta"},"schema":{"@context":"https:\/\/schema.org","@graph":[{"@type":"WebPage","@id":"https:\/\/www.koupelnapro.com\/index.php\/produkt\/znackovy-mtr-r-hmozdinka-hsd-zn-m4x90-mm-sklopna-s-hakem-33492\/","url":"https:\/\/www.koupelnapro.com\/index.php\/produkt\/znackovy-mtr-r-hmozdinka-hsd-zn-m4x90-mm-sklopna-s-hakem-33492\/","name":"Zna\u010dkov\u00fd MTR\u00ae Hmo\u017edinka HSD Zn M4\u00d790 mm sklopn\u00e1 s h\u00e1kem -","isPartOf":{"@id":"https:\/\/www.koupelnapro.com\/#website"},"primaryImageOfPage":{"@id":"https:\/\/www.koupelnapro.com\/index.php\/produkt\/znackovy-mtr-r-hmozdinka-hsd-zn-m4x90-mm-sklopna-s-hakem-33492\/#primaryimage"},"image":{"@id":"https:\/\/www.koupelnapro.com\/index.php\/produkt\/znackovy-mtr-r-hmozdinka-hsd-zn-m4x90-mm-sklopna-s-hakem-33492\/#primaryimage"},"thumbnailUrl":"https:\/\/www.koupelnapro.com\/wp-content\/uploads\/2026\/SK0002782-CZ20260425-092522-0-1777080324-73294-1_rewrite-22080-504002.webp","datePublished":"2026-04-26T09:15:27+00:00","breadcrumb":{"@id":"https:\/\/www.koupelnapro.com\/index.php\/produkt\/znackovy-mtr-r-hmozdinka-hsd-zn-m4x90-mm-sklopna-s-hakem-33492\/#breadcrumb"},"inLanguage":"cs","potentialAction":[{"@type":"ReadAction","target":["https:\/\/www.koupelnapro.com\/index.php\/produkt\/znackovy-mtr-r-hmozdinka-hsd-zn-m4x90-mm-sklopna-s-hakem-33492\/"]}]},{"@type":"ImageObject","inLanguage":"cs","@id":"https:\/\/www.koupelnapro.com\/index.php\/produkt\/znackovy-mtr-r-hmozdinka-hsd-zn-m4x90-mm-sklopna-s-hakem-33492\/#primaryimage","url":"https:\/\/www.koupelnapro.com\/wp-content\/uploads\/2026\/SK0002782-CZ20260425-092522-0-1777080324-73294-1_rewrite-22080-504002.webp","contentUrl":"https:\/\/www.koupelnapro.com\/wp-content\/uploads\/2026\/SK0002782-CZ20260425-092522-0-1777080324-73294-1_rewrite-22080-504002.webp","width":1000,"height":750},{"@type":"BreadcrumbList","@id":"https:\/\/www.koupelnapro.com\/index.php\/produkt\/znackovy-mtr-r-hmozdinka-hsd-zn-m4x90-mm-sklopna-s-hakem-33492\/#breadcrumb","itemListElement":[{"@type":"ListItem","position":1,"name":"Home","item":"https:\/\/www.koupelnapro.com\/"},{"@type":"ListItem","position":2,"name":"Products","item":"https:\/\/www.koupelnapro.com\/index.php\/products\/"},{"@type":"ListItem","position":3,"name":"Zna\u010dkov\u00fd MTR\u00ae Hmo\u017edinka HSD Zn M4\u00d790 mm sklopn\u00e1 s h\u00e1kem"}]},{"@type":"WebSite","@id":"https:\/\/www.koupelnapro.com\/#website","url":"https:\/\/www.koupelnapro.com\/","name":"","description":"","potentialAction":[{"@type":"SearchAction","target":{"@type":"EntryPoint","urlTemplate":"https:\/\/www.koupelnapro.com\/?s={search_term_string}"},"query-input":{"@type":"PropertyValueSpecification","valueRequired":true,"valueName":"search_term_string"}}],"inLanguage":"cs"}]}},"_links":{"self":[{"href":"https:\/\/www.koupelnapro.com\/index.php\/wp-json\/wp\/v2\/product\/33492","targetHints":{"allow":["GET"]}}],"collection":[{"href":"https:\/\/www.koupelnapro.com\/index.php\/wp-json\/wp\/v2\/product"}],"about":[{"href":"https:\/\/www.koupelnapro.com\/index.php\/wp-json\/wp\/v2\/types\/product"}],"replies":[{"embeddable":true,"href":"https:\/\/www.koupelnapro.com\/index.php\/wp-json\/wp\/v2\/comments?post=33492"}],"wp:featuredmedia":[{"embeddable":true,"href":"https:\/\/www.koupelnapro.com\/index.php\/wp-json\/wp\/v2\/media\/33592"}],"wp:attachment":[{"href":"https:\/\/www.koupelnapro.com\/index.php\/wp-json\/wp\/v2\/media?parent=33492"}],"wp:term":[{"taxonomy":"product_brand","embeddable":true,"href":"https:\/\/www.koupelnapro.com\/index.php\/wp-json\/wp\/v2\/product_brand?post=33492"},{"taxonomy":"product_cat","embeddable":true,"href":"https:\/\/www.koupelnapro.com\/index.php\/wp-json\/wp\/v2\/product_cat?post=33492"},{"taxonomy":"product_tag","embeddable":true,"href":"https:\/\/www.koupelnapro.com\/index.php\/wp-json\/wp\/v2\/product_tag?post=33492"}],"curies":[{"name":"wp","href":"https:\/\/api.w.org\/{rel}","templated":true}]}}