{"id":3327,"date":"2026-04-26T09:13:08","date_gmt":"2026-04-26T09:13:08","guid":{"rendered":""},"modified":"2026-04-26T09:13:08","modified_gmt":"2026-04-26T09:13:08","slug":"jen-po-omezenou-doba-ventilator-mezaxial-3140-zakladni-provedeni-kovove-telo-plastove-tvrzene-lopatky-delka-privodniho-kabelu-0-5-m-3327","status":"publish","type":"product","link":"https:\/\/www.koupelnapro.com\/index.php\/produkt\/jen-po-omezenou-doba-ventilator-mezaxial-3140-zakladni-provedeni-kovove-telo-plastove-tvrzene-lopatky-delka-privodniho-kabelu-0-5-m-3327\/","title":{"rendered":"Jen Po Omezenou Doba Ventil\u00e1tor MEZAXIAL 3140 z\u00e1kladn\u00ed proveden\u00ed kovov\u00e9 t\u011blo plastov\u00e9 tvrzen\u00e9 lopatky d\u00e9lka p\u0159\u00edvodn\u00edho kabelu 0,5 m"},"content":{"rendered":"<div id=\"e9210811\" class=\"pages\">\n<div id=\"PDDescription\" class=\"UserContentView userContent v1a v1 bs-view dcon dc150 PDDescription\" >\n<h2><span style=\"color: #007980;\">Ventil\u00e1tor MEZAXIAL 3140 z\u00e1kladn\u00ed proveden\u00ed kovov\u00e9 t\u011blo plastov\u00e9 tvrzen\u00e9 lopatky d\u00e9lka p\u0159\u00edvodn\u00edho kabelu 0,5 m<\/span><\/h2>\n<p>Ventil\u00e1tor pro velice kr\u00e1tk\u00e1 potrub\u00ed, pro chlazen\u00ed rozvad\u011b\u010d\u016f nebo sv\u00e1\u0159e\u010dek (p\u0159is\u00e1v\u00e1n\u00ed chladn\u00e9ho vzduchu). Mo\u017eno pou\u017e\u00edt i pro p\u0159is\u00e1v\u00e1n\u00ed studen\u00e9ho vzduchu do rozvodu krb\u016f. Pou\u017e\u00edval se v n\u011bkter\u00fdch typech odsava\u010d\u016f par. Bez n\u00e1t\u011bru a d\u00e9lkou p\u0159\u00edvodn\u00edch kabel\u016f 0,5m.<\/p>\n<p><span style=\"color: #007980;\"><strong>Parametry:<\/strong><\/span><\/p>\n<p>Frekvence [Hz] 50<br \/>Ot\u00e1\u010dky [1\/min] 2 600<br \/>Pr\u016ftok [m3\/h] 0,05 &#8211; 0,06<br \/>Jmenovit\u00e9 nap\u011bt\u00ed [V] 230<br \/>Jmenovit\u00e9 nap\u011bt\u00ed [V] 230<br \/>Jmenovit\u00fd proud [A] 0,16<br \/>P\u0159\u00edkon [W] 21<br \/>Kryt\u00ed IP IP 20<\/p>\n<div id=\"PDTable3\" class=\"ProductDetailTableView v3a v3 bs-view dcon dc175 PDTable3\" >\n<table>\n<thead><\/thead>\n<tbody>\n<tr class=\"attribute attr_bsshop_maker\">\n<td class=\"caption\">V\u00fdrobce<\/td>\n<td class=\"value\">Ostatn\u00ed<\/td>\n<\/tr>\n<\/tbody>\n<\/table><\/div>\n<\/div>\n<\/div>\n<div id=\"e9210812\" class=\"tabs\">\n","protected":false},"excerpt":{"rendered":"<p>Ventil\u00e1tor MEZAXIAL 3140 z\u00e1kladn\u00ed proveden\u00ed kovov\u00e9 t\u011blo plastov\u00e9 tvrzen\u00e9 lopatky d\u00e9lka p\u0159\u00edvodn\u00edho kabelu 0,5 m Ventil\u00e1tor pro velice kr\u00e1tk\u00e1 potrub\u00ed, pro chlazen\u00ed rozvad\u011b\u010d\u016f nebo sv\u00e1\u0159e\u010dek (p\u0159is\u00e1v\u00e1n\u00ed chladn\u00e9ho vzduchu). Mo\u017eno pou\u017e\u00edt i pro p\u0159is\u00e1v\u00e1n\u00ed studen\u00e9ho vzduchu do rozvodu krb\u016f. Pou\u017e\u00edval se v n\u011bkter\u00fdch typech odsava\u010d\u016f par. Bez n\u00e1t\u011bru a d\u00e9lkou p\u0159\u00edvodn\u00edch kabel\u016f 0,5m. Parametry: Frekvence [Hz] [&hellip;]<\/p>\n","protected":false},"featured_media":3427,"comment_status":"open","ping_status":"open","template":"","meta":[],"product_brand":[],"product_cat":[42],"product_tag":[],"class_list":{"0":"post-3327","1":"product","2":"type-product","3":"status-publish","4":"has-post-thumbnail","6":"product_cat-ventil-225-tory","8":"first","9":"instock","10":"sale","11":"shipping-taxable","12":"purchasable","13":"product-type-simple"},"yoast_head":"<!-- This site is optimized with the Yoast SEO plugin v26.8 - https:\/\/yoast.com\/product\/yoast-seo-wordpress\/ -->\n<title>Jen Po Omezenou Doba Ventil\u00e1tor MEZAXIAL 3140 z\u00e1kladn\u00ed proveden\u00ed kovov\u00e9 t\u011blo plastov\u00e9 tvrzen\u00e9 lopatky d\u00e9lka p\u0159\u00edvodn\u00edho kabelu 0,5 m -<\/title>\n<meta name=\"robots\" content=\"index, follow, max-snippet:-1, max-image-preview:large, max-video-preview:-1\" \/>\n<link rel=\"canonical\" href=\"https:\/\/www.koupelnapro.com\/index.php\/produkt\/jen-po-omezenou-doba-ventilator-mezaxial-3140-zakladni-provedeni-kovove-telo-plastove-tvrzene-lopatky-delka-privodniho-kabelu-0-5-m-3327\/\" \/>\n<meta property=\"og:locale\" content=\"cs_CZ\" \/>\n<meta property=\"og:type\" content=\"article\" \/>\n<meta property=\"og:title\" content=\"Jen Po Omezenou Doba Ventil\u00e1tor MEZAXIAL 3140 z\u00e1kladn\u00ed proveden\u00ed kovov\u00e9 t\u011blo plastov\u00e9 tvrzen\u00e9 lopatky d\u00e9lka p\u0159\u00edvodn\u00edho kabelu 0,5 m -\" \/>\n<meta property=\"og:description\" content=\"Ventil\u00e1tor MEZAXIAL 3140 z\u00e1kladn\u00ed proveden\u00ed kovov\u00e9 t\u011blo plastov\u00e9 tvrzen\u00e9 lopatky d\u00e9lka p\u0159\u00edvodn\u00edho kabelu 0,5 m Ventil\u00e1tor pro velice kr\u00e1tk\u00e1 potrub\u00ed, pro chlazen\u00ed rozvad\u011b\u010d\u016f nebo sv\u00e1\u0159e\u010dek (p\u0159is\u00e1v\u00e1n\u00ed chladn\u00e9ho vzduchu). Mo\u017eno pou\u017e\u00edt i pro p\u0159is\u00e1v\u00e1n\u00ed studen\u00e9ho vzduchu do rozvodu krb\u016f. Pou\u017e\u00edval se v n\u011bkter\u00fdch typech odsava\u010d\u016f par. Bez n\u00e1t\u011bru a d\u00e9lkou p\u0159\u00edvodn\u00edch kabel\u016f 0,5m. Parametry: Frekvence [Hz] [&hellip;]\" \/>\n<meta property=\"og:url\" content=\"https:\/\/www.koupelnapro.com\/index.php\/produkt\/jen-po-omezenou-doba-ventilator-mezaxial-3140-zakladni-provedeni-kovove-telo-plastove-tvrzene-lopatky-delka-privodniho-kabelu-0-5-m-3327\/\" \/>\n<meta property=\"og:image\" content=\"https:\/\/www.koupelnapro.com\/wp-content\/uploads\/2026\/SK0003700-CZ20260425-091623-0-1777079785-ventilator-mezaxial-3140-zakladni-provedeni-kovove-telo-pla.webp\" \/>\n\t<meta property=\"og:image:width\" content=\"1000\" \/>\n\t<meta property=\"og:image:height\" content=\"525\" \/>\n\t<meta property=\"og:image:type\" content=\"image\/webp\" \/>\n<meta name=\"twitter:card\" content=\"summary_large_image\" \/>\n<meta name=\"twitter:label1\" content=\"Odhadovan\u00e1 doba \u010dten\u00ed\" \/>\n\t<meta name=\"twitter:data1\" content=\"1 minuta\" \/>\n<script type=\"application\/ld+json\" class=\"yoast-schema-graph\">{\"@context\":\"https:\/\/schema.org\",\"@graph\":[{\"@type\":\"WebPage\",\"@id\":\"https:\/\/www.koupelnapro.com\/index.php\/produkt\/jen-po-omezenou-doba-ventilator-mezaxial-3140-zakladni-provedeni-kovove-telo-plastove-tvrzene-lopatky-delka-privodniho-kabelu-0-5-m-3327\/\",\"url\":\"https:\/\/www.koupelnapro.com\/index.php\/produkt\/jen-po-omezenou-doba-ventilator-mezaxial-3140-zakladni-provedeni-kovove-telo-plastove-tvrzene-lopatky-delka-privodniho-kabelu-0-5-m-3327\/\",\"name\":\"Jen Po Omezenou Doba Ventil\u00e1tor MEZAXIAL 3140 z\u00e1kladn\u00ed proveden\u00ed kovov\u00e9 t\u011blo plastov\u00e9 tvrzen\u00e9 lopatky d\u00e9lka p\u0159\u00edvodn\u00edho kabelu 0,5 m -\",\"isPartOf\":{\"@id\":\"https:\/\/www.koupelnapro.com\/#website\"},\"primaryImageOfPage\":{\"@id\":\"https:\/\/www.koupelnapro.com\/index.php\/produkt\/jen-po-omezenou-doba-ventilator-mezaxial-3140-zakladni-provedeni-kovove-telo-plastove-tvrzene-lopatky-delka-privodniho-kabelu-0-5-m-3327\/#primaryimage\"},\"image\":{\"@id\":\"https:\/\/www.koupelnapro.com\/index.php\/produkt\/jen-po-omezenou-doba-ventilator-mezaxial-3140-zakladni-provedeni-kovove-telo-plastove-tvrzene-lopatky-delka-privodniho-kabelu-0-5-m-3327\/#primaryimage\"},\"thumbnailUrl\":\"https:\/\/www.koupelnapro.com\/wp-content\/uploads\/2026\/SK0003700-CZ20260425-091623-0-1777079785-ventilator-mezaxial-3140-zakladni-provedeni-kovove-telo-pla.webp\",\"datePublished\":\"2026-04-26T09:13:08+00:00\",\"breadcrumb\":{\"@id\":\"https:\/\/www.koupelnapro.com\/index.php\/produkt\/jen-po-omezenou-doba-ventilator-mezaxial-3140-zakladni-provedeni-kovove-telo-plastove-tvrzene-lopatky-delka-privodniho-kabelu-0-5-m-3327\/#breadcrumb\"},\"inLanguage\":\"cs\",\"potentialAction\":[{\"@type\":\"ReadAction\",\"target\":[\"https:\/\/www.koupelnapro.com\/index.php\/produkt\/jen-po-omezenou-doba-ventilator-mezaxial-3140-zakladni-provedeni-kovove-telo-plastove-tvrzene-lopatky-delka-privodniho-kabelu-0-5-m-3327\/\"]}]},{\"@type\":\"ImageObject\",\"inLanguage\":\"cs\",\"@id\":\"https:\/\/www.koupelnapro.com\/index.php\/produkt\/jen-po-omezenou-doba-ventilator-mezaxial-3140-zakladni-provedeni-kovove-telo-plastove-tvrzene-lopatky-delka-privodniho-kabelu-0-5-m-3327\/#primaryimage\",\"url\":\"https:\/\/www.koupelnapro.com\/wp-content\/uploads\/2026\/SK0003700-CZ20260425-091623-0-1777079785-ventilator-mezaxial-3140-zakladni-provedeni-kovove-telo-pla.webp\",\"contentUrl\":\"https:\/\/www.koupelnapro.com\/wp-content\/uploads\/2026\/SK0003700-CZ20260425-091623-0-1777079785-ventilator-mezaxial-3140-zakladni-provedeni-kovove-telo-pla.webp\",\"width\":1000,\"height\":525},{\"@type\":\"BreadcrumbList\",\"@id\":\"https:\/\/www.koupelnapro.com\/index.php\/produkt\/jen-po-omezenou-doba-ventilator-mezaxial-3140-zakladni-provedeni-kovove-telo-plastove-tvrzene-lopatky-delka-privodniho-kabelu-0-5-m-3327\/#breadcrumb\",\"itemListElement\":[{\"@type\":\"ListItem\",\"position\":1,\"name\":\"Home\",\"item\":\"https:\/\/www.koupelnapro.com\/\"},{\"@type\":\"ListItem\",\"position\":2,\"name\":\"Products\",\"item\":\"https:\/\/www.koupelnapro.com\/index.php\/products\/\"},{\"@type\":\"ListItem\",\"position\":3,\"name\":\"Jen Po Omezenou Doba Ventil\u00e1tor MEZAXIAL 3140 z\u00e1kladn\u00ed proveden\u00ed kovov\u00e9 t\u011blo plastov\u00e9 tvrzen\u00e9 lopatky d\u00e9lka p\u0159\u00edvodn\u00edho kabelu 0,5 m\"}]},{\"@type\":\"WebSite\",\"@id\":\"https:\/\/www.koupelnapro.com\/#website\",\"url\":\"https:\/\/www.koupelnapro.com\/\",\"name\":\"\",\"description\":\"\",\"potentialAction\":[{\"@type\":\"SearchAction\",\"target\":{\"@type\":\"EntryPoint\",\"urlTemplate\":\"https:\/\/www.koupelnapro.com\/?s={search_term_string}\"},\"query-input\":{\"@type\":\"PropertyValueSpecification\",\"valueRequired\":true,\"valueName\":\"search_term_string\"}}],\"inLanguage\":\"cs\"}]}<\/script>\n<!-- \/ Yoast SEO plugin. -->","yoast_head_json":{"title":"Jen Po Omezenou Doba Ventil\u00e1tor MEZAXIAL 3140 z\u00e1kladn\u00ed proveden\u00ed kovov\u00e9 t\u011blo plastov\u00e9 tvrzen\u00e9 lopatky d\u00e9lka p\u0159\u00edvodn\u00edho kabelu 0,5 m -","robots":{"index":"index","follow":"follow","max-snippet":"max-snippet:-1","max-image-preview":"max-image-preview:large","max-video-preview":"max-video-preview:-1"},"canonical":"https:\/\/www.koupelnapro.com\/index.php\/produkt\/jen-po-omezenou-doba-ventilator-mezaxial-3140-zakladni-provedeni-kovove-telo-plastove-tvrzene-lopatky-delka-privodniho-kabelu-0-5-m-3327\/","og_locale":"cs_CZ","og_type":"article","og_title":"Jen Po Omezenou Doba Ventil\u00e1tor MEZAXIAL 3140 z\u00e1kladn\u00ed proveden\u00ed kovov\u00e9 t\u011blo plastov\u00e9 tvrzen\u00e9 lopatky d\u00e9lka p\u0159\u00edvodn\u00edho kabelu 0,5 m -","og_description":"Ventil\u00e1tor MEZAXIAL 3140 z\u00e1kladn\u00ed proveden\u00ed kovov\u00e9 t\u011blo plastov\u00e9 tvrzen\u00e9 lopatky d\u00e9lka p\u0159\u00edvodn\u00edho kabelu 0,5 m Ventil\u00e1tor pro velice kr\u00e1tk\u00e1 potrub\u00ed, pro chlazen\u00ed rozvad\u011b\u010d\u016f nebo sv\u00e1\u0159e\u010dek (p\u0159is\u00e1v\u00e1n\u00ed chladn\u00e9ho vzduchu). Mo\u017eno pou\u017e\u00edt i pro p\u0159is\u00e1v\u00e1n\u00ed studen\u00e9ho vzduchu do rozvodu krb\u016f. Pou\u017e\u00edval se v n\u011bkter\u00fdch typech odsava\u010d\u016f par. Bez n\u00e1t\u011bru a d\u00e9lkou p\u0159\u00edvodn\u00edch kabel\u016f 0,5m. Parametry: Frekvence [Hz] [&hellip;]","og_url":"https:\/\/www.koupelnapro.com\/index.php\/produkt\/jen-po-omezenou-doba-ventilator-mezaxial-3140-zakladni-provedeni-kovove-telo-plastove-tvrzene-lopatky-delka-privodniho-kabelu-0-5-m-3327\/","og_image":[{"width":1000,"height":525,"url":"https:\/\/www.koupelnapro.com\/wp-content\/uploads\/2026\/SK0003700-CZ20260425-091623-0-1777079785-ventilator-mezaxial-3140-zakladni-provedeni-kovove-telo-pla.webp","type":"image\/webp"}],"twitter_card":"summary_large_image","twitter_misc":{"Odhadovan\u00e1 doba \u010dten\u00ed":"1 minuta"},"schema":{"@context":"https:\/\/schema.org","@graph":[{"@type":"WebPage","@id":"https:\/\/www.koupelnapro.com\/index.php\/produkt\/jen-po-omezenou-doba-ventilator-mezaxial-3140-zakladni-provedeni-kovove-telo-plastove-tvrzene-lopatky-delka-privodniho-kabelu-0-5-m-3327\/","url":"https:\/\/www.koupelnapro.com\/index.php\/produkt\/jen-po-omezenou-doba-ventilator-mezaxial-3140-zakladni-provedeni-kovove-telo-plastove-tvrzene-lopatky-delka-privodniho-kabelu-0-5-m-3327\/","name":"Jen Po Omezenou Doba Ventil\u00e1tor MEZAXIAL 3140 z\u00e1kladn\u00ed proveden\u00ed kovov\u00e9 t\u011blo plastov\u00e9 tvrzen\u00e9 lopatky d\u00e9lka p\u0159\u00edvodn\u00edho kabelu 0,5 m -","isPartOf":{"@id":"https:\/\/www.koupelnapro.com\/#website"},"primaryImageOfPage":{"@id":"https:\/\/www.koupelnapro.com\/index.php\/produkt\/jen-po-omezenou-doba-ventilator-mezaxial-3140-zakladni-provedeni-kovove-telo-plastove-tvrzene-lopatky-delka-privodniho-kabelu-0-5-m-3327\/#primaryimage"},"image":{"@id":"https:\/\/www.koupelnapro.com\/index.php\/produkt\/jen-po-omezenou-doba-ventilator-mezaxial-3140-zakladni-provedeni-kovove-telo-plastove-tvrzene-lopatky-delka-privodniho-kabelu-0-5-m-3327\/#primaryimage"},"thumbnailUrl":"https:\/\/www.koupelnapro.com\/wp-content\/uploads\/2026\/SK0003700-CZ20260425-091623-0-1777079785-ventilator-mezaxial-3140-zakladni-provedeni-kovove-telo-pla.webp","datePublished":"2026-04-26T09:13:08+00:00","breadcrumb":{"@id":"https:\/\/www.koupelnapro.com\/index.php\/produkt\/jen-po-omezenou-doba-ventilator-mezaxial-3140-zakladni-provedeni-kovove-telo-plastove-tvrzene-lopatky-delka-privodniho-kabelu-0-5-m-3327\/#breadcrumb"},"inLanguage":"cs","potentialAction":[{"@type":"ReadAction","target":["https:\/\/www.koupelnapro.com\/index.php\/produkt\/jen-po-omezenou-doba-ventilator-mezaxial-3140-zakladni-provedeni-kovove-telo-plastove-tvrzene-lopatky-delka-privodniho-kabelu-0-5-m-3327\/"]}]},{"@type":"ImageObject","inLanguage":"cs","@id":"https:\/\/www.koupelnapro.com\/index.php\/produkt\/jen-po-omezenou-doba-ventilator-mezaxial-3140-zakladni-provedeni-kovove-telo-plastove-tvrzene-lopatky-delka-privodniho-kabelu-0-5-m-3327\/#primaryimage","url":"https:\/\/www.koupelnapro.com\/wp-content\/uploads\/2026\/SK0003700-CZ20260425-091623-0-1777079785-ventilator-mezaxial-3140-zakladni-provedeni-kovove-telo-pla.webp","contentUrl":"https:\/\/www.koupelnapro.com\/wp-content\/uploads\/2026\/SK0003700-CZ20260425-091623-0-1777079785-ventilator-mezaxial-3140-zakladni-provedeni-kovove-telo-pla.webp","width":1000,"height":525},{"@type":"BreadcrumbList","@id":"https:\/\/www.koupelnapro.com\/index.php\/produkt\/jen-po-omezenou-doba-ventilator-mezaxial-3140-zakladni-provedeni-kovove-telo-plastove-tvrzene-lopatky-delka-privodniho-kabelu-0-5-m-3327\/#breadcrumb","itemListElement":[{"@type":"ListItem","position":1,"name":"Home","item":"https:\/\/www.koupelnapro.com\/"},{"@type":"ListItem","position":2,"name":"Products","item":"https:\/\/www.koupelnapro.com\/index.php\/products\/"},{"@type":"ListItem","position":3,"name":"Jen Po Omezenou Doba Ventil\u00e1tor MEZAXIAL 3140 z\u00e1kladn\u00ed proveden\u00ed kovov\u00e9 t\u011blo plastov\u00e9 tvrzen\u00e9 lopatky d\u00e9lka p\u0159\u00edvodn\u00edho kabelu 0,5 m"}]},{"@type":"WebSite","@id":"https:\/\/www.koupelnapro.com\/#website","url":"https:\/\/www.koupelnapro.com\/","name":"","description":"","potentialAction":[{"@type":"SearchAction","target":{"@type":"EntryPoint","urlTemplate":"https:\/\/www.koupelnapro.com\/?s={search_term_string}"},"query-input":{"@type":"PropertyValueSpecification","valueRequired":true,"valueName":"search_term_string"}}],"inLanguage":"cs"}]}},"_links":{"self":[{"href":"https:\/\/www.koupelnapro.com\/index.php\/wp-json\/wp\/v2\/product\/3327","targetHints":{"allow":["GET"]}}],"collection":[{"href":"https:\/\/www.koupelnapro.com\/index.php\/wp-json\/wp\/v2\/product"}],"about":[{"href":"https:\/\/www.koupelnapro.com\/index.php\/wp-json\/wp\/v2\/types\/product"}],"replies":[{"embeddable":true,"href":"https:\/\/www.koupelnapro.com\/index.php\/wp-json\/wp\/v2\/comments?post=3327"}],"wp:featuredmedia":[{"embeddable":true,"href":"https:\/\/www.koupelnapro.com\/index.php\/wp-json\/wp\/v2\/media\/3427"}],"wp:attachment":[{"href":"https:\/\/www.koupelnapro.com\/index.php\/wp-json\/wp\/v2\/media?parent=3327"}],"wp:term":[{"taxonomy":"product_brand","embeddable":true,"href":"https:\/\/www.koupelnapro.com\/index.php\/wp-json\/wp\/v2\/product_brand?post=3327"},{"taxonomy":"product_cat","embeddable":true,"href":"https:\/\/www.koupelnapro.com\/index.php\/wp-json\/wp\/v2\/product_cat?post=3327"},{"taxonomy":"product_tag","embeddable":true,"href":"https:\/\/www.koupelnapro.com\/index.php\/wp-json\/wp\/v2\/product_tag?post=3327"}],"curies":[{"name":"wp","href":"https:\/\/api.w.org\/{rel}","templated":true}]}}