{"id":33185,"date":"2026-04-26T09:15:25","date_gmt":"2026-04-26T09:15:25","guid":{"rendered":""},"modified":"2026-04-26T09:15:25","modified_gmt":"2026-04-26T09:15:25","slug":"znackovy-mtr-r-zaves-kloubovy-z4-zn-60x50-mm-1-0-mm-33185","status":"publish","type":"product","link":"https:\/\/www.koupelnapro.com\/index.php\/produkt\/znackovy-mtr-r-zaves-kloubovy-z4-zn-60x50-mm-1-0-mm-33185\/","title":{"rendered":"Zna\u010dkov\u00fd MTR\u00ae Z\u00e1v\u011bs kloubov\u00fd Z4 Zn 60\u00d750 mm, 1,0 mm"},"content":{"rendered":"<div class=\"basic-description\">\n<h3>Detailn\u00ed popis produktu<\/h3>\n<p>                                    <span class=\"show-tooltip\" title=\"Ocel je slitina \u017eeleza s mal\u00fdm obsahem uhl\u00edku a dal\u0161\u00edmi p\u0159\u00edm\u011bsemi. Je to jeden z nejb\u011b\u017en\u011bji pou\u017e\u00edvan\u00fdch materi\u00e1l\u016f v pr\u016fmyslu a&amp;nbsp;stavebnictv\u00ed d\u00edky sv\u00fdm vlastnostem, kter\u00e9 zahrnuj\u00ed pevnost, tv\u00e1rnost a odolnost.&amp;nbsp;Z\u00e1kladn\u00ed slo\u017ekou&amp;hellip;\">Ocelov\u00fd<\/span> pant &#8211; kloubov\u00fd z\u00e1v\u011bs obdeln\u00edkov\u00e9ho tvaru, kter\u00fd je ur\u010den\u00fd na n\u00e1bytkov\u00e9 dv\u00ed\u0159ka, nebo lehk\u00e9 <span class=\"show-tooltip\" title=\"D\u0159evo&amp;nbsp;je tvrd\u00e9 a p\u00f3rovit\u00e9&amp;nbsp;rostlinn\u00e9 pletivo&amp;nbsp;(tk\u00e1\u0148), je\u017e tvo\u0159\u00ed kmeny, ko\u0159eny a v\u011btve strom\u016f, ke\u0159\u016f a dal\u0161\u00edch&amp;nbsp;d\u0159evin. Skl\u00e1d\u00e1 se z&amp;nbsp;celul\u00f3zov\u00fdch&amp;nbsp;vl\u00e1ken s vysokou pevnost\u00ed v tahu a&amp;nbsp;ligninov\u00e9&amp;nbsp;v\u00fdpln\u011b, kter\u00e1&amp;hellip;\">d\u0159ev\u011bn\u00e9<\/span> <span class=\"show-tooltip\" title=\"Konstrukce je proces tvorby a sestaven\u00ed r\u016fzn\u00fdch prvk\u016f nebo sou\u010d\u00e1st\u00ed do funk\u010dn\u00edho celku, kter\u00fd m\u016f\u017ee slou\u017eit k ur\u010dit\u00e9mu \u00fa\u010delu. V kontextu stavebnictv\u00ed a in\u017een\u00fdrstv\u00ed zahrnuje konstrukce tvorbu budov, most\u016f, silnic, pr\u016fmyslov\u00fdch za\u0159\u00edzen\u00ed,&amp;hellip;\">konstrukce<\/span>.Celkov\u00fd rozm\u011br: 60 x 50 mmRozm\u011br ramen (bez kloubu): 22 x 60 mm<span class=\"show-tooltip\" title=\"Pr\u016fm\u011br kruhu a kru\u017enice je d\u00e9lka \u00fase\u010dky, kter\u00e1 proch\u00e1z\u00ed st\u0159edem kruhu a spojuje dva body na jeho obvodu. Zkr\u00e1cen\u011b se pr\u016fm\u011br kruhu ozna\u010duje symbolem &quot;d&quot;.Vztah mezi pr\u016fm\u011brem kruhu a jeho polom\u011brem &quot;r&quot; je n\u00e1sleduj\u00edc\u00ed: d = 2 * rKde &quot;d&quot; je&amp;hellip;\">Pr\u016fm\u011br<\/span> kloubu: 7 mm<span class=\"show-tooltip\" title=\"S\u00edla je fyzik\u00e1ln\u00ed veli\u010dina, kter\u00e1 popisuje interakci mezi t\u011blesy nebo objekty. Je to vektorov\u00e1 veli\u010dina, co\u017e znamen\u00e1, \u017ee krom\u011b velikosti m\u00e1 tak\u00e9 sm\u011br a smysl (sm\u011br, kter\u00fdm s\u00edla p\u016fsob\u00ed). Jednotkou s\u00edly v mezin\u00e1rodn\u00edm syst\u00e9mu jednotek (SI) je newton&amp;hellip;\">S\u00edla<\/span> plechu: 1 mmMateri\u00e1l: ocelov\u00fd plechPovrchov\u00e1 \u00faprava: <span class=\"show-tooltip\" title=\"Galvanizace, nebo tak\u00e9 galvanick\u00e9 pokovov\u00e1n\u00ed, je proces nan\u00e1\u0161en\u00ed tenk\u00e9 vrstvy kovu na povrch jin\u00e9ho kovov\u00e9ho p\u0159edm\u011btu za pou\u017eit\u00ed elektrick\u00e9ho proudu. Tento proces se b\u011b\u017en\u011b pou\u017e\u00edv\u00e1 k ochran\u011b kov\u016f proti korozi, ke zv\u00fd\u0161en\u00ed jejich odolnosti a estetiky.&amp;hellip;\">galvanick\u00fd<\/span> zinkochrom\u00e1tPo\u010det d\u011br: 6Pr\u016fm\u011br d\u011br: 3,8 mm                            <\/div>\n","protected":false},"excerpt":{"rendered":"<p>Detailn\u00ed popis produktu Ocelov\u00fd pant &#8211; kloubov\u00fd z\u00e1v\u011bs obdeln\u00edkov\u00e9ho tvaru, kter\u00fd je ur\u010den\u00fd na n\u00e1bytkov\u00e9 dv\u00ed\u0159ka, nebo lehk\u00e9 d\u0159ev\u011bn\u00e9 konstrukce.Celkov\u00fd rozm\u011br: 60 x 50 mmRozm\u011br ramen (bez kloubu): 22 x 60 mmPr\u016fm\u011br kloubu: 7 mmS\u00edla plechu: 1 mmMateri\u00e1l: ocelov\u00fd plechPovrchov\u00e1 \u00faprava: galvanick\u00fd zinkochrom\u00e1tPo\u010det d\u011br: 6Pr\u016fm\u011br d\u011br: 3,8 mm<\/p>\n","protected":false},"featured_media":33285,"comment_status":"open","ping_status":"open","template":"","meta":[],"product_brand":[],"product_cat":[90],"product_tag":[],"class_list":{"0":"post-33185","1":"product","2":"type-product","3":"status-publish","4":"has-post-thumbnail","6":"product_cat-stavba","8":"first","9":"instock","10":"sale","11":"shipping-taxable","12":"purchasable","13":"product-type-simple"},"yoast_head":"<!-- This site is optimized with the Yoast SEO plugin v26.8 - https:\/\/yoast.com\/product\/yoast-seo-wordpress\/ -->\n<title>Zna\u010dkov\u00fd MTR\u00ae Z\u00e1v\u011bs kloubov\u00fd Z4 Zn 60\u00d750 mm, 1,0 mm -<\/title>\n<meta name=\"robots\" content=\"index, follow, max-snippet:-1, max-image-preview:large, max-video-preview:-1\" \/>\n<link rel=\"canonical\" href=\"https:\/\/www.koupelnapro.com\/index.php\/produkt\/znackovy-mtr-r-zaves-kloubovy-z4-zn-60x50-mm-1-0-mm-33185\/\" \/>\n<meta property=\"og:locale\" content=\"cs_CZ\" \/>\n<meta property=\"og:type\" content=\"article\" \/>\n<meta property=\"og:title\" content=\"Zna\u010dkov\u00fd MTR\u00ae Z\u00e1v\u011bs kloubov\u00fd Z4 Zn 60\u00d750 mm, 1,0 mm -\" \/>\n<meta property=\"og:description\" content=\"Detailn\u00ed popis produktu Ocelov\u00fd pant &#8211; kloubov\u00fd z\u00e1v\u011bs obdeln\u00edkov\u00e9ho tvaru, kter\u00fd je ur\u010den\u00fd na n\u00e1bytkov\u00e9 dv\u00ed\u0159ka, nebo lehk\u00e9 d\u0159ev\u011bn\u00e9 konstrukce.Celkov\u00fd rozm\u011br: 60 x 50 mmRozm\u011br ramen (bez kloubu): 22 x 60 mmPr\u016fm\u011br kloubu: 7 mmS\u00edla plechu: 1 mmMateri\u00e1l: ocelov\u00fd plechPovrchov\u00e1 \u00faprava: galvanick\u00fd zinkochrom\u00e1tPo\u010det d\u011br: 6Pr\u016fm\u011br d\u011br: 3,8 mm\" \/>\n<meta property=\"og:url\" content=\"https:\/\/www.koupelnapro.com\/index.php\/produkt\/znackovy-mtr-r-zaves-kloubovy-z4-zn-60x50-mm-1-0-mm-33185\/\" \/>\n<meta property=\"og:image\" content=\"https:\/\/www.koupelnapro.com\/wp-content\/uploads\/2026\/SK0002675-CZ20260425-092522-0-1777080324-69895-1_rewrite-55275-640460.webp\" \/>\n\t<meta property=\"og:image:width\" content=\"1000\" \/>\n\t<meta property=\"og:image:height\" content=\"750\" \/>\n\t<meta property=\"og:image:type\" content=\"image\/webp\" \/>\n<meta name=\"twitter:card\" content=\"summary_large_image\" \/>\n<script type=\"application\/ld+json\" class=\"yoast-schema-graph\">{\"@context\":\"https:\/\/schema.org\",\"@graph\":[{\"@type\":\"WebPage\",\"@id\":\"https:\/\/www.koupelnapro.com\/index.php\/produkt\/znackovy-mtr-r-zaves-kloubovy-z4-zn-60x50-mm-1-0-mm-33185\/\",\"url\":\"https:\/\/www.koupelnapro.com\/index.php\/produkt\/znackovy-mtr-r-zaves-kloubovy-z4-zn-60x50-mm-1-0-mm-33185\/\",\"name\":\"Zna\u010dkov\u00fd MTR\u00ae Z\u00e1v\u011bs kloubov\u00fd Z4 Zn 60\u00d750 mm, 1,0 mm -\",\"isPartOf\":{\"@id\":\"https:\/\/www.koupelnapro.com\/#website\"},\"primaryImageOfPage\":{\"@id\":\"https:\/\/www.koupelnapro.com\/index.php\/produkt\/znackovy-mtr-r-zaves-kloubovy-z4-zn-60x50-mm-1-0-mm-33185\/#primaryimage\"},\"image\":{\"@id\":\"https:\/\/www.koupelnapro.com\/index.php\/produkt\/znackovy-mtr-r-zaves-kloubovy-z4-zn-60x50-mm-1-0-mm-33185\/#primaryimage\"},\"thumbnailUrl\":\"https:\/\/www.koupelnapro.com\/wp-content\/uploads\/2026\/SK0002675-CZ20260425-092522-0-1777080324-69895-1_rewrite-55275-640460.webp\",\"datePublished\":\"2026-04-26T09:15:25+00:00\",\"breadcrumb\":{\"@id\":\"https:\/\/www.koupelnapro.com\/index.php\/produkt\/znackovy-mtr-r-zaves-kloubovy-z4-zn-60x50-mm-1-0-mm-33185\/#breadcrumb\"},\"inLanguage\":\"cs\",\"potentialAction\":[{\"@type\":\"ReadAction\",\"target\":[\"https:\/\/www.koupelnapro.com\/index.php\/produkt\/znackovy-mtr-r-zaves-kloubovy-z4-zn-60x50-mm-1-0-mm-33185\/\"]}]},{\"@type\":\"ImageObject\",\"inLanguage\":\"cs\",\"@id\":\"https:\/\/www.koupelnapro.com\/index.php\/produkt\/znackovy-mtr-r-zaves-kloubovy-z4-zn-60x50-mm-1-0-mm-33185\/#primaryimage\",\"url\":\"https:\/\/www.koupelnapro.com\/wp-content\/uploads\/2026\/SK0002675-CZ20260425-092522-0-1777080324-69895-1_rewrite-55275-640460.webp\",\"contentUrl\":\"https:\/\/www.koupelnapro.com\/wp-content\/uploads\/2026\/SK0002675-CZ20260425-092522-0-1777080324-69895-1_rewrite-55275-640460.webp\",\"width\":1000,\"height\":750},{\"@type\":\"BreadcrumbList\",\"@id\":\"https:\/\/www.koupelnapro.com\/index.php\/produkt\/znackovy-mtr-r-zaves-kloubovy-z4-zn-60x50-mm-1-0-mm-33185\/#breadcrumb\",\"itemListElement\":[{\"@type\":\"ListItem\",\"position\":1,\"name\":\"Home\",\"item\":\"https:\/\/www.koupelnapro.com\/\"},{\"@type\":\"ListItem\",\"position\":2,\"name\":\"Products\",\"item\":\"https:\/\/www.koupelnapro.com\/index.php\/products\/\"},{\"@type\":\"ListItem\",\"position\":3,\"name\":\"Zna\u010dkov\u00fd MTR\u00ae Z\u00e1v\u011bs kloubov\u00fd Z4 Zn 60\u00d750 mm, 1,0 mm\"}]},{\"@type\":\"WebSite\",\"@id\":\"https:\/\/www.koupelnapro.com\/#website\",\"url\":\"https:\/\/www.koupelnapro.com\/\",\"name\":\"\",\"description\":\"\",\"potentialAction\":[{\"@type\":\"SearchAction\",\"target\":{\"@type\":\"EntryPoint\",\"urlTemplate\":\"https:\/\/www.koupelnapro.com\/?s={search_term_string}\"},\"query-input\":{\"@type\":\"PropertyValueSpecification\",\"valueRequired\":true,\"valueName\":\"search_term_string\"}}],\"inLanguage\":\"cs\"}]}<\/script>\n<!-- \/ Yoast SEO plugin. -->","yoast_head_json":{"title":"Zna\u010dkov\u00fd MTR\u00ae Z\u00e1v\u011bs kloubov\u00fd Z4 Zn 60\u00d750 mm, 1,0 mm -","robots":{"index":"index","follow":"follow","max-snippet":"max-snippet:-1","max-image-preview":"max-image-preview:large","max-video-preview":"max-video-preview:-1"},"canonical":"https:\/\/www.koupelnapro.com\/index.php\/produkt\/znackovy-mtr-r-zaves-kloubovy-z4-zn-60x50-mm-1-0-mm-33185\/","og_locale":"cs_CZ","og_type":"article","og_title":"Zna\u010dkov\u00fd MTR\u00ae Z\u00e1v\u011bs kloubov\u00fd Z4 Zn 60\u00d750 mm, 1,0 mm -","og_description":"Detailn\u00ed popis produktu Ocelov\u00fd pant &#8211; kloubov\u00fd z\u00e1v\u011bs obdeln\u00edkov\u00e9ho tvaru, kter\u00fd je ur\u010den\u00fd na n\u00e1bytkov\u00e9 dv\u00ed\u0159ka, nebo lehk\u00e9 d\u0159ev\u011bn\u00e9 konstrukce.Celkov\u00fd rozm\u011br: 60 x 50 mmRozm\u011br ramen (bez kloubu): 22 x 60 mmPr\u016fm\u011br kloubu: 7 mmS\u00edla plechu: 1 mmMateri\u00e1l: ocelov\u00fd plechPovrchov\u00e1 \u00faprava: galvanick\u00fd zinkochrom\u00e1tPo\u010det d\u011br: 6Pr\u016fm\u011br d\u011br: 3,8 mm","og_url":"https:\/\/www.koupelnapro.com\/index.php\/produkt\/znackovy-mtr-r-zaves-kloubovy-z4-zn-60x50-mm-1-0-mm-33185\/","og_image":[{"width":1000,"height":750,"url":"https:\/\/www.koupelnapro.com\/wp-content\/uploads\/2026\/SK0002675-CZ20260425-092522-0-1777080324-69895-1_rewrite-55275-640460.webp","type":"image\/webp"}],"twitter_card":"summary_large_image","schema":{"@context":"https:\/\/schema.org","@graph":[{"@type":"WebPage","@id":"https:\/\/www.koupelnapro.com\/index.php\/produkt\/znackovy-mtr-r-zaves-kloubovy-z4-zn-60x50-mm-1-0-mm-33185\/","url":"https:\/\/www.koupelnapro.com\/index.php\/produkt\/znackovy-mtr-r-zaves-kloubovy-z4-zn-60x50-mm-1-0-mm-33185\/","name":"Zna\u010dkov\u00fd MTR\u00ae Z\u00e1v\u011bs kloubov\u00fd Z4 Zn 60\u00d750 mm, 1,0 mm -","isPartOf":{"@id":"https:\/\/www.koupelnapro.com\/#website"},"primaryImageOfPage":{"@id":"https:\/\/www.koupelnapro.com\/index.php\/produkt\/znackovy-mtr-r-zaves-kloubovy-z4-zn-60x50-mm-1-0-mm-33185\/#primaryimage"},"image":{"@id":"https:\/\/www.koupelnapro.com\/index.php\/produkt\/znackovy-mtr-r-zaves-kloubovy-z4-zn-60x50-mm-1-0-mm-33185\/#primaryimage"},"thumbnailUrl":"https:\/\/www.koupelnapro.com\/wp-content\/uploads\/2026\/SK0002675-CZ20260425-092522-0-1777080324-69895-1_rewrite-55275-640460.webp","datePublished":"2026-04-26T09:15:25+00:00","breadcrumb":{"@id":"https:\/\/www.koupelnapro.com\/index.php\/produkt\/znackovy-mtr-r-zaves-kloubovy-z4-zn-60x50-mm-1-0-mm-33185\/#breadcrumb"},"inLanguage":"cs","potentialAction":[{"@type":"ReadAction","target":["https:\/\/www.koupelnapro.com\/index.php\/produkt\/znackovy-mtr-r-zaves-kloubovy-z4-zn-60x50-mm-1-0-mm-33185\/"]}]},{"@type":"ImageObject","inLanguage":"cs","@id":"https:\/\/www.koupelnapro.com\/index.php\/produkt\/znackovy-mtr-r-zaves-kloubovy-z4-zn-60x50-mm-1-0-mm-33185\/#primaryimage","url":"https:\/\/www.koupelnapro.com\/wp-content\/uploads\/2026\/SK0002675-CZ20260425-092522-0-1777080324-69895-1_rewrite-55275-640460.webp","contentUrl":"https:\/\/www.koupelnapro.com\/wp-content\/uploads\/2026\/SK0002675-CZ20260425-092522-0-1777080324-69895-1_rewrite-55275-640460.webp","width":1000,"height":750},{"@type":"BreadcrumbList","@id":"https:\/\/www.koupelnapro.com\/index.php\/produkt\/znackovy-mtr-r-zaves-kloubovy-z4-zn-60x50-mm-1-0-mm-33185\/#breadcrumb","itemListElement":[{"@type":"ListItem","position":1,"name":"Home","item":"https:\/\/www.koupelnapro.com\/"},{"@type":"ListItem","position":2,"name":"Products","item":"https:\/\/www.koupelnapro.com\/index.php\/products\/"},{"@type":"ListItem","position":3,"name":"Zna\u010dkov\u00fd MTR\u00ae Z\u00e1v\u011bs kloubov\u00fd Z4 Zn 60\u00d750 mm, 1,0 mm"}]},{"@type":"WebSite","@id":"https:\/\/www.koupelnapro.com\/#website","url":"https:\/\/www.koupelnapro.com\/","name":"","description":"","potentialAction":[{"@type":"SearchAction","target":{"@type":"EntryPoint","urlTemplate":"https:\/\/www.koupelnapro.com\/?s={search_term_string}"},"query-input":{"@type":"PropertyValueSpecification","valueRequired":true,"valueName":"search_term_string"}}],"inLanguage":"cs"}]}},"_links":{"self":[{"href":"https:\/\/www.koupelnapro.com\/index.php\/wp-json\/wp\/v2\/product\/33185","targetHints":{"allow":["GET"]}}],"collection":[{"href":"https:\/\/www.koupelnapro.com\/index.php\/wp-json\/wp\/v2\/product"}],"about":[{"href":"https:\/\/www.koupelnapro.com\/index.php\/wp-json\/wp\/v2\/types\/product"}],"replies":[{"embeddable":true,"href":"https:\/\/www.koupelnapro.com\/index.php\/wp-json\/wp\/v2\/comments?post=33185"}],"wp:featuredmedia":[{"embeddable":true,"href":"https:\/\/www.koupelnapro.com\/index.php\/wp-json\/wp\/v2\/media\/33285"}],"wp:attachment":[{"href":"https:\/\/www.koupelnapro.com\/index.php\/wp-json\/wp\/v2\/media?parent=33185"}],"wp:term":[{"taxonomy":"product_brand","embeddable":true,"href":"https:\/\/www.koupelnapro.com\/index.php\/wp-json\/wp\/v2\/product_brand?post=33185"},{"taxonomy":"product_cat","embeddable":true,"href":"https:\/\/www.koupelnapro.com\/index.php\/wp-json\/wp\/v2\/product_cat?post=33185"},{"taxonomy":"product_tag","embeddable":true,"href":"https:\/\/www.koupelnapro.com\/index.php\/wp-json\/wp\/v2\/product_tag?post=33185"}],"curies":[{"name":"wp","href":"https:\/\/api.w.org\/{rel}","templated":true}]}}