{"id":33181,"date":"2026-04-26T09:15:25","date_gmt":"2026-04-26T09:15:25","guid":{"rendered":""},"modified":"2026-04-26T09:15:25","modified_gmt":"2026-04-26T09:15:25","slug":"novinka-zinsser-bulls-eye-1-2-3-2-5-l-33181","status":"publish","type":"product","link":"https:\/\/www.koupelnapro.com\/index.php\/produkt\/novinka-zinsser-bulls-eye-1-2-3-2-5-l-33181\/","title":{"rendered":"Novinka ZINSSER BULLS EYE 1-2-3 2,5 l"},"content":{"rendered":"<div class=\"filters-tab-box__left\">\n<h2>Zinsser Bulls Eye 2,5 L<\/h2>\n<p><b> Zinsser Bulls Eye<\/b> je<b> vodou \u0159editeln\u00fd sat\u00e9nov\u00fd univerz\u00e1ln\u00ed akryl\u00e1tov\u00fd izola\u010dn\u00ed n\u00e1t\u011br se skv\u011blou p\u0159ilnavost\u00ed a antikorozn\u00edmi vlastnostmi.<\/b> Tento adhezn\u00ed n\u00e1t\u011br  <b>izoluje i odoln\u00e9 skvrny a je dokonale p\u0159ilnav\u00fd bez nutnosti brou\u0161en\u00ed. <\/b> Barva je rychleschnouc\u00ed, t\u00e9m\u011b\u0159 bez z\u00e1pachu a s velmi n\u00edzk\u00fdm obsahem VOC. Trvale p\u0159ekr\u00fdv\u00e1 skvrny od dehtu, oleje, asfaltu, graffiti apod. Pou\u017eit\u00ed je mo\u017en\u00e9 v interi\u00e9ru a v exteri\u00e9ru. V p\u0159\u00edpad\u011b pou\u017eit\u00ed na nov\u00e9 kovy m\u00e1 vynikaj\u00edc\u00ed antikorozn\u00ed vlastnosti po celou dobu \u017eivotnosti n\u00e1t\u011bru. Ide\u00e1ln\u00ed je pou\u017eit\u00ed na pozinkovan\u00e9 okapy, trubky, kovov\u00e9 panely, \u017eelezn\u00e1 z\u00e1bradl\u00ed, ocelov\u00e9 dve\u0159e apod. P\u0159ilne i na d\u0159evo, om\u00edtku, beton, leskl\u00e9 n\u00e1t\u011bry, tvrd\u00e9 desky, sklo a dla\u017edice. Zamezuje vzniku pl\u00edsn\u00ed a hub. Lze aplikovat \u0161t\u011btcem, v\u00e1le\u010dkem nebo st\u0159\u00edk\u00e1n\u00edm.<b> Bez nutnosti \u0159ed\u011bn\u00ed.<\/b><\/p>\n<h3>Kl\u00ed\u010dov\u00e9 vlastnosti<\/h3>\n<ul class=\"vlastnosti\">\n<li><b>Jednoslo\u017ekov\u00fd antikorozn\u00ed dokonale p\u0159ilnav\u00fd adhezn\u00ed univerz\u00e1ln\u00ed akryl\u00e1tov\u00fd n\u00e1t\u011br<\/b><\/li>\n<li><b>Rychleschnouc\u00ed (such\u00fd na dotek po 30 min., p\u0159et\u00edrateln\u00fd po 60 min), pln\u011b vytvrzen\u00fd do 7 dn\u016f<\/b><\/li>\n<li><b>Vhodn\u00fd do interi\u00e9ru i exteri\u00e9ru<\/b><\/li>\n<li><b>Vynikaj\u00edc\u00ed p\u0159ilnavost i k hladk\u00fdm povrch\u016fm bez nutnosti brou\u0161en\u00ed<\/b><\/li>\n<li><b>Skv\u011ble p\u0159ekr\u00fdv\u00e1 i odoln\u00e9 skvrny<\/b><\/li>\n<li>Teoretick\u00e1 vydatnost: 9-12 m2\/L<\/li>\n<\/ul>\n<h3>Pou\u017eit\u00ed<\/h3>\n<ul class=\"pouziti\">\n<li>P\u0159ed pou\u017eit\u00edm je nutn\u00e9 barvu d\u016fkladn\u011b rozm\u00edchat<\/li>\n<li>Povrch mus\u00ed b\u00fdt such\u00fd, o\u010di\u0161t\u011bn\u00fd od prachu, ne\u010distot a voln\u00fdch \u010d\u00e1st\u00ed p\u0159edchoz\u00edch n\u00e1t\u011br\u016f<\/li>\n<li>V p\u0159\u00edpad\u011b skvrn od pl\u00edsn\u00ed je nutn\u00e9 pl\u00edse\u0148 nejprve vhodn\u011b odstranit<\/li>\n<li>Aplikujte ne\u0159ed\u011bn\u00fd n\u00e1t\u011br na povrch<\/li>\n<li> V p\u0159\u00edpad\u011b hladk\u00fdch povrch\u016f sta\u010d\u00ed pouze 1 vrstva, u por\u00e9zn\u00edch povrch\u016f jsou doporu\u010deny vrstvy 2<\/li>\n<\/ul>\n<h3>Doporu\u010den\u00e9 podklady<\/h3>\n<ul class=\"podklady\">\n<li>Zdivo<\/li>\n<li>Pozink<\/li>\n<li>D\u0159evo<\/li>\n<li>Kov<\/li>\n<li>Keramika<\/li>\n<li>Sklo<\/li>\n<li>Beton<\/li>\n<\/ul><\/div>\n<div class=\"filters-tab-box__right\">\n<h2>Parametry<\/h2>\n<table>\n<tbody>\n<tr>\n<td>Barva (n&#225;zev)                                            :                                        <\/td>\n<td>                                            B&#237;l&#225;                                        <\/td>\n<\/tr>\n<tr>\n<td>V&#253;robce                                            :                                        <\/td>\n<td>                                            Zinsser                                        <\/td>\n<\/tr>\n<tr>\n<td>Vydatnost                                            :                                        <\/td>\n<td>                                            9-12 m2\/l                                        <\/td>\n<\/tr>\n<tr>\n<td>Balen&#237;                                            :                                        <\/td>\n<td>                                            2,5 l                                        <\/td>\n<\/tr>\n<tr>\n<td>Objem                                            :                                        <\/td>\n<td>2,5 l                                        <\/td>\n<\/tr>\n<\/tbody>\n<\/table><\/div>\n<\/p><\/div>\n","protected":false},"excerpt":{"rendered":"<p>Zinsser Bulls Eye 2,5 L Zinsser Bulls Eye je vodou \u0159editeln\u00fd sat\u00e9nov\u00fd univerz\u00e1ln\u00ed akryl\u00e1tov\u00fd izola\u010dn\u00ed n\u00e1t\u011br se skv\u011blou p\u0159ilnavost\u00ed a antikorozn\u00edmi vlastnostmi. Tento adhezn\u00ed n\u00e1t\u011br izoluje i odoln\u00e9 skvrny a je dokonale p\u0159ilnav\u00fd bez nutnosti brou\u0161en\u00ed. Barva je rychleschnouc\u00ed, t\u00e9m\u011b\u0159 bez z\u00e1pachu a s velmi n\u00edzk\u00fdm obsahem VOC. Trvale p\u0159ekr\u00fdv\u00e1 skvrny od dehtu, oleje, asfaltu, [&hellip;]<\/p>\n","protected":false},"featured_media":33281,"comment_status":"open","ping_status":"open","template":"","meta":[],"product_brand":[],"product_cat":[44],"product_tag":[],"class_list":{"0":"post-33181","1":"product","2":"type-product","3":"status-publish","4":"has-post-thumbnail","6":"product_cat-nejlepsi-prodejci","8":"first","9":"instock","10":"sale","11":"shipping-taxable","12":"purchasable","13":"product-type-simple"},"yoast_head":"<!-- This site is optimized with the Yoast SEO plugin v26.8 - https:\/\/yoast.com\/product\/yoast-seo-wordpress\/ -->\n<title>Novinka ZINSSER BULLS EYE 1-2-3 2,5 l -<\/title>\n<meta name=\"robots\" content=\"index, follow, max-snippet:-1, max-image-preview:large, max-video-preview:-1\" \/>\n<link rel=\"canonical\" href=\"https:\/\/www.koupelnapro.com\/index.php\/produkt\/novinka-zinsser-bulls-eye-1-2-3-2-5-l-33181\/\" \/>\n<meta property=\"og:locale\" content=\"cs_CZ\" \/>\n<meta property=\"og:type\" content=\"article\" \/>\n<meta property=\"og:title\" content=\"Novinka ZINSSER BULLS EYE 1-2-3 2,5 l -\" \/>\n<meta property=\"og:description\" content=\"Zinsser Bulls Eye 2,5 L Zinsser Bulls Eye je vodou \u0159editeln\u00fd sat\u00e9nov\u00fd univerz\u00e1ln\u00ed akryl\u00e1tov\u00fd izola\u010dn\u00ed n\u00e1t\u011br se skv\u011blou p\u0159ilnavost\u00ed a antikorozn\u00edmi vlastnostmi. Tento adhezn\u00ed n\u00e1t\u011br izoluje i odoln\u00e9 skvrny a je dokonale p\u0159ilnav\u00fd bez nutnosti brou\u0161en\u00ed. Barva je rychleschnouc\u00ed, t\u00e9m\u011b\u0159 bez z\u00e1pachu a s velmi n\u00edzk\u00fdm obsahem VOC. Trvale p\u0159ekr\u00fdv\u00e1 skvrny od dehtu, oleje, asfaltu, [&hellip;]\" \/>\n<meta property=\"og:url\" content=\"https:\/\/www.koupelnapro.com\/index.php\/produkt\/novinka-zinsser-bulls-eye-1-2-3-2-5-l-33181\/\" \/>\n<meta property=\"og:image\" content=\"https:\/\/www.koupelnapro.com\/wp-content\/uploads\/2026\/SK0003655-CZ20260425-092455-0-1777080297-image_of_object.webp\" \/>\n\t<meta property=\"og:image:width\" content=\"400\" \/>\n\t<meta property=\"og:image:height\" content=\"300\" \/>\n\t<meta property=\"og:image:type\" content=\"image\/webp\" \/>\n<meta name=\"twitter:card\" content=\"summary_large_image\" \/>\n<meta name=\"twitter:label1\" content=\"Odhadovan\u00e1 doba \u010dten\u00ed\" \/>\n\t<meta name=\"twitter:data1\" content=\"2 minuty\" \/>\n<script type=\"application\/ld+json\" class=\"yoast-schema-graph\">{\"@context\":\"https:\/\/schema.org\",\"@graph\":[{\"@type\":\"WebPage\",\"@id\":\"https:\/\/www.koupelnapro.com\/index.php\/produkt\/novinka-zinsser-bulls-eye-1-2-3-2-5-l-33181\/\",\"url\":\"https:\/\/www.koupelnapro.com\/index.php\/produkt\/novinka-zinsser-bulls-eye-1-2-3-2-5-l-33181\/\",\"name\":\"Novinka ZINSSER BULLS EYE 1-2-3 2,5 l -\",\"isPartOf\":{\"@id\":\"https:\/\/www.koupelnapro.com\/#website\"},\"primaryImageOfPage\":{\"@id\":\"https:\/\/www.koupelnapro.com\/index.php\/produkt\/novinka-zinsser-bulls-eye-1-2-3-2-5-l-33181\/#primaryimage\"},\"image\":{\"@id\":\"https:\/\/www.koupelnapro.com\/index.php\/produkt\/novinka-zinsser-bulls-eye-1-2-3-2-5-l-33181\/#primaryimage\"},\"thumbnailUrl\":\"https:\/\/www.koupelnapro.com\/wp-content\/uploads\/2026\/SK0003655-CZ20260425-092455-0-1777080297-image_of_object.webp\",\"datePublished\":\"2026-04-26T09:15:25+00:00\",\"breadcrumb\":{\"@id\":\"https:\/\/www.koupelnapro.com\/index.php\/produkt\/novinka-zinsser-bulls-eye-1-2-3-2-5-l-33181\/#breadcrumb\"},\"inLanguage\":\"cs\",\"potentialAction\":[{\"@type\":\"ReadAction\",\"target\":[\"https:\/\/www.koupelnapro.com\/index.php\/produkt\/novinka-zinsser-bulls-eye-1-2-3-2-5-l-33181\/\"]}]},{\"@type\":\"ImageObject\",\"inLanguage\":\"cs\",\"@id\":\"https:\/\/www.koupelnapro.com\/index.php\/produkt\/novinka-zinsser-bulls-eye-1-2-3-2-5-l-33181\/#primaryimage\",\"url\":\"https:\/\/www.koupelnapro.com\/wp-content\/uploads\/2026\/SK0003655-CZ20260425-092455-0-1777080297-image_of_object.webp\",\"contentUrl\":\"https:\/\/www.koupelnapro.com\/wp-content\/uploads\/2026\/SK0003655-CZ20260425-092455-0-1777080297-image_of_object.webp\",\"width\":400,\"height\":300},{\"@type\":\"BreadcrumbList\",\"@id\":\"https:\/\/www.koupelnapro.com\/index.php\/produkt\/novinka-zinsser-bulls-eye-1-2-3-2-5-l-33181\/#breadcrumb\",\"itemListElement\":[{\"@type\":\"ListItem\",\"position\":1,\"name\":\"Home\",\"item\":\"https:\/\/www.koupelnapro.com\/\"},{\"@type\":\"ListItem\",\"position\":2,\"name\":\"Products\",\"item\":\"https:\/\/www.koupelnapro.com\/index.php\/products\/\"},{\"@type\":\"ListItem\",\"position\":3,\"name\":\"Novinka ZINSSER BULLS EYE 1-2-3 2,5 l\"}]},{\"@type\":\"WebSite\",\"@id\":\"https:\/\/www.koupelnapro.com\/#website\",\"url\":\"https:\/\/www.koupelnapro.com\/\",\"name\":\"\",\"description\":\"\",\"potentialAction\":[{\"@type\":\"SearchAction\",\"target\":{\"@type\":\"EntryPoint\",\"urlTemplate\":\"https:\/\/www.koupelnapro.com\/?s={search_term_string}\"},\"query-input\":{\"@type\":\"PropertyValueSpecification\",\"valueRequired\":true,\"valueName\":\"search_term_string\"}}],\"inLanguage\":\"cs\"}]}<\/script>\n<!-- \/ Yoast SEO plugin. -->","yoast_head_json":{"title":"Novinka ZINSSER BULLS EYE 1-2-3 2,5 l -","robots":{"index":"index","follow":"follow","max-snippet":"max-snippet:-1","max-image-preview":"max-image-preview:large","max-video-preview":"max-video-preview:-1"},"canonical":"https:\/\/www.koupelnapro.com\/index.php\/produkt\/novinka-zinsser-bulls-eye-1-2-3-2-5-l-33181\/","og_locale":"cs_CZ","og_type":"article","og_title":"Novinka ZINSSER BULLS EYE 1-2-3 2,5 l -","og_description":"Zinsser Bulls Eye 2,5 L Zinsser Bulls Eye je vodou \u0159editeln\u00fd sat\u00e9nov\u00fd univerz\u00e1ln\u00ed akryl\u00e1tov\u00fd izola\u010dn\u00ed n\u00e1t\u011br se skv\u011blou p\u0159ilnavost\u00ed a antikorozn\u00edmi vlastnostmi. Tento adhezn\u00ed n\u00e1t\u011br izoluje i odoln\u00e9 skvrny a je dokonale p\u0159ilnav\u00fd bez nutnosti brou\u0161en\u00ed. Barva je rychleschnouc\u00ed, t\u00e9m\u011b\u0159 bez z\u00e1pachu a s velmi n\u00edzk\u00fdm obsahem VOC. Trvale p\u0159ekr\u00fdv\u00e1 skvrny od dehtu, oleje, asfaltu, [&hellip;]","og_url":"https:\/\/www.koupelnapro.com\/index.php\/produkt\/novinka-zinsser-bulls-eye-1-2-3-2-5-l-33181\/","og_image":[{"width":400,"height":300,"url":"https:\/\/www.koupelnapro.com\/wp-content\/uploads\/2026\/SK0003655-CZ20260425-092455-0-1777080297-image_of_object.webp","type":"image\/webp"}],"twitter_card":"summary_large_image","twitter_misc":{"Odhadovan\u00e1 doba \u010dten\u00ed":"2 minuty"},"schema":{"@context":"https:\/\/schema.org","@graph":[{"@type":"WebPage","@id":"https:\/\/www.koupelnapro.com\/index.php\/produkt\/novinka-zinsser-bulls-eye-1-2-3-2-5-l-33181\/","url":"https:\/\/www.koupelnapro.com\/index.php\/produkt\/novinka-zinsser-bulls-eye-1-2-3-2-5-l-33181\/","name":"Novinka ZINSSER BULLS EYE 1-2-3 2,5 l -","isPartOf":{"@id":"https:\/\/www.koupelnapro.com\/#website"},"primaryImageOfPage":{"@id":"https:\/\/www.koupelnapro.com\/index.php\/produkt\/novinka-zinsser-bulls-eye-1-2-3-2-5-l-33181\/#primaryimage"},"image":{"@id":"https:\/\/www.koupelnapro.com\/index.php\/produkt\/novinka-zinsser-bulls-eye-1-2-3-2-5-l-33181\/#primaryimage"},"thumbnailUrl":"https:\/\/www.koupelnapro.com\/wp-content\/uploads\/2026\/SK0003655-CZ20260425-092455-0-1777080297-image_of_object.webp","datePublished":"2026-04-26T09:15:25+00:00","breadcrumb":{"@id":"https:\/\/www.koupelnapro.com\/index.php\/produkt\/novinka-zinsser-bulls-eye-1-2-3-2-5-l-33181\/#breadcrumb"},"inLanguage":"cs","potentialAction":[{"@type":"ReadAction","target":["https:\/\/www.koupelnapro.com\/index.php\/produkt\/novinka-zinsser-bulls-eye-1-2-3-2-5-l-33181\/"]}]},{"@type":"ImageObject","inLanguage":"cs","@id":"https:\/\/www.koupelnapro.com\/index.php\/produkt\/novinka-zinsser-bulls-eye-1-2-3-2-5-l-33181\/#primaryimage","url":"https:\/\/www.koupelnapro.com\/wp-content\/uploads\/2026\/SK0003655-CZ20260425-092455-0-1777080297-image_of_object.webp","contentUrl":"https:\/\/www.koupelnapro.com\/wp-content\/uploads\/2026\/SK0003655-CZ20260425-092455-0-1777080297-image_of_object.webp","width":400,"height":300},{"@type":"BreadcrumbList","@id":"https:\/\/www.koupelnapro.com\/index.php\/produkt\/novinka-zinsser-bulls-eye-1-2-3-2-5-l-33181\/#breadcrumb","itemListElement":[{"@type":"ListItem","position":1,"name":"Home","item":"https:\/\/www.koupelnapro.com\/"},{"@type":"ListItem","position":2,"name":"Products","item":"https:\/\/www.koupelnapro.com\/index.php\/products\/"},{"@type":"ListItem","position":3,"name":"Novinka ZINSSER BULLS EYE 1-2-3 2,5 l"}]},{"@type":"WebSite","@id":"https:\/\/www.koupelnapro.com\/#website","url":"https:\/\/www.koupelnapro.com\/","name":"","description":"","potentialAction":[{"@type":"SearchAction","target":{"@type":"EntryPoint","urlTemplate":"https:\/\/www.koupelnapro.com\/?s={search_term_string}"},"query-input":{"@type":"PropertyValueSpecification","valueRequired":true,"valueName":"search_term_string"}}],"inLanguage":"cs"}]}},"_links":{"self":[{"href":"https:\/\/www.koupelnapro.com\/index.php\/wp-json\/wp\/v2\/product\/33181","targetHints":{"allow":["GET"]}}],"collection":[{"href":"https:\/\/www.koupelnapro.com\/index.php\/wp-json\/wp\/v2\/product"}],"about":[{"href":"https:\/\/www.koupelnapro.com\/index.php\/wp-json\/wp\/v2\/types\/product"}],"replies":[{"embeddable":true,"href":"https:\/\/www.koupelnapro.com\/index.php\/wp-json\/wp\/v2\/comments?post=33181"}],"wp:featuredmedia":[{"embeddable":true,"href":"https:\/\/www.koupelnapro.com\/index.php\/wp-json\/wp\/v2\/media\/33281"}],"wp:attachment":[{"href":"https:\/\/www.koupelnapro.com\/index.php\/wp-json\/wp\/v2\/media?parent=33181"}],"wp:term":[{"taxonomy":"product_brand","embeddable":true,"href":"https:\/\/www.koupelnapro.com\/index.php\/wp-json\/wp\/v2\/product_brand?post=33181"},{"taxonomy":"product_cat","embeddable":true,"href":"https:\/\/www.koupelnapro.com\/index.php\/wp-json\/wp\/v2\/product_cat?post=33181"},{"taxonomy":"product_tag","embeddable":true,"href":"https:\/\/www.koupelnapro.com\/index.php\/wp-json\/wp\/v2\/product_tag?post=33181"}],"curies":[{"name":"wp","href":"https:\/\/api.w.org\/{rel}","templated":true}]}}