{"id":33178,"date":"2026-04-26T09:15:25","date_gmt":"2026-04-26T09:15:25","guid":{"rendered":""},"modified":"2026-04-26T09:15:25","modified_gmt":"2026-04-26T09:15:25","slug":"znackovy-zinsser-b-i-n-aqua-1-l-33178","status":"publish","type":"product","link":"https:\/\/www.koupelnapro.com\/index.php\/produkt\/znackovy-zinsser-b-i-n-aqua-1-l-33178\/","title":{"rendered":"Zna\u010dkov\u00fd ZINSSER B-I-N AQUA 1 l"},"content":{"rendered":"<div class=\"filters-tab-box__left\">\n<h2>Zinsser B-I-N AQUA 1 L<\/h2>\n<p><b> Zinsser B-I-N AQUA<\/b> je<b> dokonal\u00fd b\u00edl\u00fd matn\u00fd izola\u010dn\u00ed adhezn\u00ed n\u00e1t\u011br na b\u00e1zi vodou rozpustn\u00e9ho syntetick\u00e9ho \u0161elaku.<\/b> Tento z\u00e1kladn\u00ed n\u00e1t\u011br  <b>izoluje i odoln\u00e9 skvrny a je dokonale p\u0159ilnav\u00fd i k leskl\u00fdm podklad\u016fm (v\u010detn\u011b skla) bez nutnosti brou\u0161en\u00ed. <\/b> Barva je rychleschnouc\u00ed, t\u00e9m\u011b\u0159 bez z\u00e1pachu s velmi n\u00edzk\u00fdm obsahem VOC. Vhodn\u00e9 je pou\u017eit\u00ed na skvrny od vody, pl\u00edsn\u011b, nikotinu, ale i oleje, fix\u016f, rzi, asfaltu, graffiti apod. P\u0159ekryje i por\u00e9zn\u00ed podklady a izoluje suky a skvrny po vyt\u00e9kaj\u00edc\u00ed prysky\u0159ici ze d\u0159eva, lze j\u00edm p\u0159et\u00edrat i laky, leskl\u00e9 barvy a lazury. Trvale izoluje jak\u00fdkoli z\u00e1pach (od kou\u0159e, po po\u017e\u00e1ru, z\u00e1pach dom\u00e1c\u00edch mazl\u00ed\u010dk\u016f apod.). Pou\u017eit\u00ed je mo\u017en\u00e9 v interi\u00e9ru a lok\u00e1ln\u011b i v exteri\u00e9ru. Vhodn\u00e9 pod jak\u00fdkoli typ vrchn\u00ed barvy. Ide\u00e1ln\u00ed je pou\u017eit\u00ed na d\u0159evo, PVC, zdivo, s\u00e1drokarton, vytvrzenou om\u00edtku, pozinkovan\u00fd kov, sklo, kovy, keramick\u00e9 obklady, lamin\u00e1t apod. Lze aplikovat \u0161t\u011btcem, v\u00e1le\u010dekm nebo st\u0159\u00edk\u00e1n\u00edm.<b>Lze \u0159edit vodou, maxim\u00e1ln\u011b 5%.<\/b><\/p>\n<h3>Kl\u00ed\u010dov\u00e9 vlastnosti<\/h3>\n<ul class=\"vlastnosti\">\n<li><b>Jednoslo\u017ekov\u00fd dokonale p\u0159ilnav\u00fd adhezn\u00ed n\u00e1t\u011br na b\u00e1zi vodou \u0159editeln\u00e9ho syntetick\u00e9ho \u0161elaku<\/b><\/li>\n<li><b>Rychleschnouc\u00ed (such\u00fd na dotek po 25 min., p\u0159et\u00edrateln\u00fd po 45 min), pln\u011b vytvrzen\u00fd do 3 dn\u016f<\/b><\/li>\n<li><b>Vhodn\u00fd do interi\u00e9ru i exteri\u00e9ru<\/b><\/li>\n<li><b>Vynikaj\u00edc\u00ed pp\u0159ilnavost i k hladk\u00fdm povrch\u016fm bez nutnosti brou\u0161en\u00ed<\/b><\/li>\n<li><b>Skv\u011ble izoluje jak\u00fdkoli z\u00e1pach, vhodn\u00fd i na skvrny od vody, pl\u00edsn\u011b, oleje, nikotinu atd.<\/b><\/li>\n<li><b>Po vyschnut\u00ed je netoxick\u00fd, hypoalergenn\u00ed a antibakteri\u00e1ln\u00ed<\/b><\/li>\n<li>Teoretick\u00e1 vydatnost: 7,5-10 m2\/L<\/li>\n<li>Jedn\u00e1 se o t\u00f3novateln\u00fd n\u00e1t\u011br<\/li>\n<\/ul>\n<h3>Pou\u017eit\u00ed<\/h3>\n<ul class=\"pouziti\">\n<li>P\u0159ed pou\u017eit\u00edm je nutn\u00e9 barvu d\u016fkladn\u011b rozm\u00edchat<\/li>\n<li>Povrch mus\u00ed b\u00fdt such\u00fd, o\u010di\u0161t\u011bn\u00fd od prachu, ne\u010distot a voln\u00fdch \u010d\u00e1st\u00ed p\u0159edchoz\u00edch n\u00e1t\u011br\u016f<\/li>\n<li>V p\u0159\u00edpad\u011b skvrn od pl\u00edsn\u00ed je nutn\u00e9 pl\u00edse\u0148 nejprve vhodn\u011b odstranit<\/li>\n<li>Aplikujte n\u00e1t\u011br na povrch (lze \u0159edit maxim\u00e1ln\u011b 5% vody)<\/li>\n<li> V p\u0159\u00edpad\u011b hladk\u00fdch povrch\u016f sta\u010d\u00ed pouze 1 vrstva, u por\u00e9zn\u00edch povrch\u016f jsou doporu\u010deny vrstvy 2<\/li>\n<\/ul>\n<h3>Doporu\u010den\u00e9 podklady<\/h3>\n<ul class=\"podklady\">\n<li>Zdivo<\/li>\n<li>PVC<\/li>\n<li>D\u0159evo<\/li>\n<li>Kov<\/li>\n<li>Keramika<\/li>\n<li>Sklo<\/li>\n<li>S\u00e1drokarton<\/li>\n<li>N\u00e1bytek<\/li>\n<\/ul><\/div>\n<div class=\"filters-tab-box__right\">\n<h2>Parametry<\/h2>\n<table>\n<tbody>\n<tr>\n<td>Barva (n&#225;zev)                                            :                                        <\/td>\n<td>                                            B&#237;l&#225;                                        <\/td>\n<\/tr>\n<tr>\n<td>V&#253;robce                                            :                                        <\/td>\n<td>                                            Zinsser                                        <\/td>\n<\/tr>\n<tr>\n<td>Vydatnost                                            :                                        <\/td>\n<td>                                            7,5-10 m2\/l                                        <\/td>\n<\/tr>\n<tr>\n<td>Balen&#237;                                            :                                        <\/td>\n<td>                                            1 l                                        <\/td>\n<\/tr>\n<tr>\n<td>Objem                                            :                                        <\/td>\n<td>1 l                                        <\/td>\n<\/tr>\n<\/tbody>\n<\/table><\/div>\n<\/p><\/div>\n","protected":false},"excerpt":{"rendered":"<p>Zinsser B-I-N AQUA 1 L Zinsser B-I-N AQUA je dokonal\u00fd b\u00edl\u00fd matn\u00fd izola\u010dn\u00ed adhezn\u00ed n\u00e1t\u011br na b\u00e1zi vodou rozpustn\u00e9ho syntetick\u00e9ho \u0161elaku. Tento z\u00e1kladn\u00ed n\u00e1t\u011br izoluje i odoln\u00e9 skvrny a je dokonale p\u0159ilnav\u00fd i k leskl\u00fdm podklad\u016fm (v\u010detn\u011b skla) bez nutnosti brou\u0161en\u00ed. Barva je rychleschnouc\u00ed, t\u00e9m\u011b\u0159 bez z\u00e1pachu s velmi n\u00edzk\u00fdm obsahem VOC. Vhodn\u00e9 je pou\u017eit\u00ed [&hellip;]<\/p>\n","protected":false},"featured_media":33278,"comment_status":"open","ping_status":"open","template":"","meta":[],"product_brand":[],"product_cat":[113],"product_tag":[],"class_list":{"0":"post-33178","1":"product","2":"type-product","3":"status-publish","4":"has-post-thumbnail","6":"product_cat-barvy-a-laky","8":"first","9":"instock","10":"sale","11":"shipping-taxable","12":"purchasable","13":"product-type-simple"},"yoast_head":"<!-- This site is optimized with the Yoast SEO plugin v26.8 - https:\/\/yoast.com\/product\/yoast-seo-wordpress\/ -->\n<title>Zna\u010dkov\u00fd ZINSSER B-I-N AQUA 1 l -<\/title>\n<meta name=\"robots\" content=\"index, follow, max-snippet:-1, max-image-preview:large, max-video-preview:-1\" \/>\n<link rel=\"canonical\" href=\"https:\/\/www.koupelnapro.com\/index.php\/produkt\/znackovy-zinsser-b-i-n-aqua-1-l-33178\/\" \/>\n<meta property=\"og:locale\" content=\"cs_CZ\" \/>\n<meta property=\"og:type\" content=\"article\" \/>\n<meta property=\"og:title\" content=\"Zna\u010dkov\u00fd ZINSSER B-I-N AQUA 1 l -\" \/>\n<meta property=\"og:description\" content=\"Zinsser B-I-N AQUA 1 L Zinsser B-I-N AQUA je dokonal\u00fd b\u00edl\u00fd matn\u00fd izola\u010dn\u00ed adhezn\u00ed n\u00e1t\u011br na b\u00e1zi vodou rozpustn\u00e9ho syntetick\u00e9ho \u0161elaku. Tento z\u00e1kladn\u00ed n\u00e1t\u011br izoluje i odoln\u00e9 skvrny a je dokonale p\u0159ilnav\u00fd i k leskl\u00fdm podklad\u016fm (v\u010detn\u011b skla) bez nutnosti brou\u0161en\u00ed. Barva je rychleschnouc\u00ed, t\u00e9m\u011b\u0159 bez z\u00e1pachu s velmi n\u00edzk\u00fdm obsahem VOC. Vhodn\u00e9 je pou\u017eit\u00ed [&hellip;]\" \/>\n<meta property=\"og:url\" content=\"https:\/\/www.koupelnapro.com\/index.php\/produkt\/znackovy-zinsser-b-i-n-aqua-1-l-33178\/\" \/>\n<meta property=\"og:image\" content=\"https:\/\/www.koupelnapro.com\/wp-content\/uploads\/2026\/SK0003652-CZ20260425-092455-0-1777080297-image_of_object.webp\" \/>\n\t<meta property=\"og:image:width\" content=\"400\" \/>\n\t<meta property=\"og:image:height\" content=\"300\" \/>\n\t<meta property=\"og:image:type\" content=\"image\/webp\" \/>\n<meta name=\"twitter:card\" content=\"summary_large_image\" \/>\n<meta name=\"twitter:label1\" content=\"Odhadovan\u00e1 doba \u010dten\u00ed\" \/>\n\t<meta name=\"twitter:data1\" content=\"2 minuty\" \/>\n<script type=\"application\/ld+json\" class=\"yoast-schema-graph\">{\"@context\":\"https:\/\/schema.org\",\"@graph\":[{\"@type\":\"WebPage\",\"@id\":\"https:\/\/www.koupelnapro.com\/index.php\/produkt\/znackovy-zinsser-b-i-n-aqua-1-l-33178\/\",\"url\":\"https:\/\/www.koupelnapro.com\/index.php\/produkt\/znackovy-zinsser-b-i-n-aqua-1-l-33178\/\",\"name\":\"Zna\u010dkov\u00fd ZINSSER B-I-N AQUA 1 l -\",\"isPartOf\":{\"@id\":\"https:\/\/www.koupelnapro.com\/#website\"},\"primaryImageOfPage\":{\"@id\":\"https:\/\/www.koupelnapro.com\/index.php\/produkt\/znackovy-zinsser-b-i-n-aqua-1-l-33178\/#primaryimage\"},\"image\":{\"@id\":\"https:\/\/www.koupelnapro.com\/index.php\/produkt\/znackovy-zinsser-b-i-n-aqua-1-l-33178\/#primaryimage\"},\"thumbnailUrl\":\"https:\/\/www.koupelnapro.com\/wp-content\/uploads\/2026\/SK0003652-CZ20260425-092455-0-1777080297-image_of_object.webp\",\"datePublished\":\"2026-04-26T09:15:25+00:00\",\"breadcrumb\":{\"@id\":\"https:\/\/www.koupelnapro.com\/index.php\/produkt\/znackovy-zinsser-b-i-n-aqua-1-l-33178\/#breadcrumb\"},\"inLanguage\":\"cs\",\"potentialAction\":[{\"@type\":\"ReadAction\",\"target\":[\"https:\/\/www.koupelnapro.com\/index.php\/produkt\/znackovy-zinsser-b-i-n-aqua-1-l-33178\/\"]}]},{\"@type\":\"ImageObject\",\"inLanguage\":\"cs\",\"@id\":\"https:\/\/www.koupelnapro.com\/index.php\/produkt\/znackovy-zinsser-b-i-n-aqua-1-l-33178\/#primaryimage\",\"url\":\"https:\/\/www.koupelnapro.com\/wp-content\/uploads\/2026\/SK0003652-CZ20260425-092455-0-1777080297-image_of_object.webp\",\"contentUrl\":\"https:\/\/www.koupelnapro.com\/wp-content\/uploads\/2026\/SK0003652-CZ20260425-092455-0-1777080297-image_of_object.webp\",\"width\":400,\"height\":300},{\"@type\":\"BreadcrumbList\",\"@id\":\"https:\/\/www.koupelnapro.com\/index.php\/produkt\/znackovy-zinsser-b-i-n-aqua-1-l-33178\/#breadcrumb\",\"itemListElement\":[{\"@type\":\"ListItem\",\"position\":1,\"name\":\"Home\",\"item\":\"https:\/\/www.koupelnapro.com\/\"},{\"@type\":\"ListItem\",\"position\":2,\"name\":\"Products\",\"item\":\"https:\/\/www.koupelnapro.com\/index.php\/products\/\"},{\"@type\":\"ListItem\",\"position\":3,\"name\":\"Zna\u010dkov\u00fd ZINSSER B-I-N AQUA 1 l\"}]},{\"@type\":\"WebSite\",\"@id\":\"https:\/\/www.koupelnapro.com\/#website\",\"url\":\"https:\/\/www.koupelnapro.com\/\",\"name\":\"\",\"description\":\"\",\"potentialAction\":[{\"@type\":\"SearchAction\",\"target\":{\"@type\":\"EntryPoint\",\"urlTemplate\":\"https:\/\/www.koupelnapro.com\/?s={search_term_string}\"},\"query-input\":{\"@type\":\"PropertyValueSpecification\",\"valueRequired\":true,\"valueName\":\"search_term_string\"}}],\"inLanguage\":\"cs\"}]}<\/script>\n<!-- \/ Yoast SEO plugin. -->","yoast_head_json":{"title":"Zna\u010dkov\u00fd ZINSSER B-I-N AQUA 1 l -","robots":{"index":"index","follow":"follow","max-snippet":"max-snippet:-1","max-image-preview":"max-image-preview:large","max-video-preview":"max-video-preview:-1"},"canonical":"https:\/\/www.koupelnapro.com\/index.php\/produkt\/znackovy-zinsser-b-i-n-aqua-1-l-33178\/","og_locale":"cs_CZ","og_type":"article","og_title":"Zna\u010dkov\u00fd ZINSSER B-I-N AQUA 1 l -","og_description":"Zinsser B-I-N AQUA 1 L Zinsser B-I-N AQUA je dokonal\u00fd b\u00edl\u00fd matn\u00fd izola\u010dn\u00ed adhezn\u00ed n\u00e1t\u011br na b\u00e1zi vodou rozpustn\u00e9ho syntetick\u00e9ho \u0161elaku. Tento z\u00e1kladn\u00ed n\u00e1t\u011br izoluje i odoln\u00e9 skvrny a je dokonale p\u0159ilnav\u00fd i k leskl\u00fdm podklad\u016fm (v\u010detn\u011b skla) bez nutnosti brou\u0161en\u00ed. Barva je rychleschnouc\u00ed, t\u00e9m\u011b\u0159 bez z\u00e1pachu s velmi n\u00edzk\u00fdm obsahem VOC. Vhodn\u00e9 je pou\u017eit\u00ed [&hellip;]","og_url":"https:\/\/www.koupelnapro.com\/index.php\/produkt\/znackovy-zinsser-b-i-n-aqua-1-l-33178\/","og_image":[{"width":400,"height":300,"url":"https:\/\/www.koupelnapro.com\/wp-content\/uploads\/2026\/SK0003652-CZ20260425-092455-0-1777080297-image_of_object.webp","type":"image\/webp"}],"twitter_card":"summary_large_image","twitter_misc":{"Odhadovan\u00e1 doba \u010dten\u00ed":"2 minuty"},"schema":{"@context":"https:\/\/schema.org","@graph":[{"@type":"WebPage","@id":"https:\/\/www.koupelnapro.com\/index.php\/produkt\/znackovy-zinsser-b-i-n-aqua-1-l-33178\/","url":"https:\/\/www.koupelnapro.com\/index.php\/produkt\/znackovy-zinsser-b-i-n-aqua-1-l-33178\/","name":"Zna\u010dkov\u00fd ZINSSER B-I-N AQUA 1 l -","isPartOf":{"@id":"https:\/\/www.koupelnapro.com\/#website"},"primaryImageOfPage":{"@id":"https:\/\/www.koupelnapro.com\/index.php\/produkt\/znackovy-zinsser-b-i-n-aqua-1-l-33178\/#primaryimage"},"image":{"@id":"https:\/\/www.koupelnapro.com\/index.php\/produkt\/znackovy-zinsser-b-i-n-aqua-1-l-33178\/#primaryimage"},"thumbnailUrl":"https:\/\/www.koupelnapro.com\/wp-content\/uploads\/2026\/SK0003652-CZ20260425-092455-0-1777080297-image_of_object.webp","datePublished":"2026-04-26T09:15:25+00:00","breadcrumb":{"@id":"https:\/\/www.koupelnapro.com\/index.php\/produkt\/znackovy-zinsser-b-i-n-aqua-1-l-33178\/#breadcrumb"},"inLanguage":"cs","potentialAction":[{"@type":"ReadAction","target":["https:\/\/www.koupelnapro.com\/index.php\/produkt\/znackovy-zinsser-b-i-n-aqua-1-l-33178\/"]}]},{"@type":"ImageObject","inLanguage":"cs","@id":"https:\/\/www.koupelnapro.com\/index.php\/produkt\/znackovy-zinsser-b-i-n-aqua-1-l-33178\/#primaryimage","url":"https:\/\/www.koupelnapro.com\/wp-content\/uploads\/2026\/SK0003652-CZ20260425-092455-0-1777080297-image_of_object.webp","contentUrl":"https:\/\/www.koupelnapro.com\/wp-content\/uploads\/2026\/SK0003652-CZ20260425-092455-0-1777080297-image_of_object.webp","width":400,"height":300},{"@type":"BreadcrumbList","@id":"https:\/\/www.koupelnapro.com\/index.php\/produkt\/znackovy-zinsser-b-i-n-aqua-1-l-33178\/#breadcrumb","itemListElement":[{"@type":"ListItem","position":1,"name":"Home","item":"https:\/\/www.koupelnapro.com\/"},{"@type":"ListItem","position":2,"name":"Products","item":"https:\/\/www.koupelnapro.com\/index.php\/products\/"},{"@type":"ListItem","position":3,"name":"Zna\u010dkov\u00fd ZINSSER B-I-N AQUA 1 l"}]},{"@type":"WebSite","@id":"https:\/\/www.koupelnapro.com\/#website","url":"https:\/\/www.koupelnapro.com\/","name":"","description":"","potentialAction":[{"@type":"SearchAction","target":{"@type":"EntryPoint","urlTemplate":"https:\/\/www.koupelnapro.com\/?s={search_term_string}"},"query-input":{"@type":"PropertyValueSpecification","valueRequired":true,"valueName":"search_term_string"}}],"inLanguage":"cs"}]}},"_links":{"self":[{"href":"https:\/\/www.koupelnapro.com\/index.php\/wp-json\/wp\/v2\/product\/33178","targetHints":{"allow":["GET"]}}],"collection":[{"href":"https:\/\/www.koupelnapro.com\/index.php\/wp-json\/wp\/v2\/product"}],"about":[{"href":"https:\/\/www.koupelnapro.com\/index.php\/wp-json\/wp\/v2\/types\/product"}],"replies":[{"embeddable":true,"href":"https:\/\/www.koupelnapro.com\/index.php\/wp-json\/wp\/v2\/comments?post=33178"}],"wp:featuredmedia":[{"embeddable":true,"href":"https:\/\/www.koupelnapro.com\/index.php\/wp-json\/wp\/v2\/media\/33278"}],"wp:attachment":[{"href":"https:\/\/www.koupelnapro.com\/index.php\/wp-json\/wp\/v2\/media?parent=33178"}],"wp:term":[{"taxonomy":"product_brand","embeddable":true,"href":"https:\/\/www.koupelnapro.com\/index.php\/wp-json\/wp\/v2\/product_brand?post=33178"},{"taxonomy":"product_cat","embeddable":true,"href":"https:\/\/www.koupelnapro.com\/index.php\/wp-json\/wp\/v2\/product_cat?post=33178"},{"taxonomy":"product_tag","embeddable":true,"href":"https:\/\/www.koupelnapro.com\/index.php\/wp-json\/wp\/v2\/product_tag?post=33178"}],"curies":[{"name":"wp","href":"https:\/\/api.w.org\/{rel}","templated":true}]}}