{"id":33165,"date":"2026-04-26T09:15:25","date_gmt":"2026-04-26T09:15:25","guid":{"rendered":""},"modified":"2026-04-26T09:15:25","modified_gmt":"2026-04-26T09:15:25","slug":"znackovy-zakryvaci-folie-hdpe-4-x-12-5-m-slaba-standard-cira-7-um-33165","status":"publish","type":"product","link":"https:\/\/www.koupelnapro.com\/index.php\/produkt\/znackovy-zakryvaci-folie-hdpe-4-x-12-5-m-slaba-standard-cira-7-um-33165\/","title":{"rendered":"Zna\u010dkov\u00fd Zakr\u00fdvac\u00ed F\u00f3lie HDPE 4 x 12,5 m, slab\u00e1 STANDARD (\u010dir\u00e1) 7 \u00b5m"},"content":{"rendered":"<div class=\"filters-tab-box__left\">\n<h2>Kryc\u00ed f\u00f3lie 4 x 12,5 m<\/h2>\n<p><b>Kryc\u00ed f\u00f3lie pro ochranu povrchu p\u0159i malov\u00e1n\u00ed<\/b>. Vyrobena z <b>kvalitn\u00edho a tenk\u00e9ho polyethylenu<\/b>. Chr\u00e1n\u00ed povrch p\u0159ed vlhkem, prachem a barvou. F\u00f3lii je mo\u017en\u00e9 recyklovat.<\/p>\n<h3>Kl\u00ed\u010dov\u00e9 vlastnosti<\/h3>\n<ul class=\"vlastnosti\">\n<li><b>Kryc\u00ed f\u00f3lie pro ochranu povrchu p\u0159i malov\u00e1n\u00ed<\/b><\/li>\n<li>Vyrobena z <b>kvalitn\u00edho a tenk\u00e9ho polyethylenu<\/b><\/li>\n<li>Chr\u00e1n\u00ed povrch p\u0159ed vlhkem, prachem a barvou<\/li>\n<li><b>Recyklovateln\u00e1<\/b><\/li>\n<\/ul><\/div>\n<div class=\"filters-tab-box__right\">\n<h2>Parametry<\/h2>\n<table>\n<tbody>\n<tr>\n<td>V&#253;robce                                            :                                        <\/td>\n<td>                                            Schuller                                        <\/td>\n<\/tr>\n<tr>\n<td>Rozm\u011bry                                            :                                        <\/td>\n<td>                                            4 m &#215; 12,5 m                                        <\/td>\n<\/tr>\n<\/tbody>\n<\/table><\/div>\n<\/p><\/div>\n","protected":false},"excerpt":{"rendered":"<p>Kryc\u00ed f\u00f3lie 4 x 12,5 m Kryc\u00ed f\u00f3lie pro ochranu povrchu p\u0159i malov\u00e1n\u00ed. Vyrobena z kvalitn\u00edho a tenk\u00e9ho polyethylenu. Chr\u00e1n\u00ed povrch p\u0159ed vlhkem, prachem a barvou. F\u00f3lii je mo\u017en\u00e9 recyklovat. Kl\u00ed\u010dov\u00e9 vlastnosti Kryc\u00ed f\u00f3lie pro ochranu povrchu p\u0159i malov\u00e1n\u00ed Vyrobena z kvalitn\u00edho a tenk\u00e9ho polyethylenu Chr\u00e1n\u00ed povrch p\u0159ed vlhkem, prachem a barvou Recyklovateln\u00e1 Parametry V&#253;robce [&hellip;]<\/p>\n","protected":false},"featured_media":33265,"comment_status":"open","ping_status":"open","template":"","meta":[],"product_brand":[],"product_cat":[112],"product_tag":[],"class_list":{"0":"post-33165","1":"product","2":"type-product","3":"status-publish","4":"has-post-thumbnail","6":"product_cat-autolaky","8":"first","9":"instock","10":"sale","11":"shipping-taxable","12":"purchasable","13":"product-type-simple"},"yoast_head":"<!-- This site is optimized with the Yoast SEO plugin v26.8 - https:\/\/yoast.com\/product\/yoast-seo-wordpress\/ -->\n<title>Zna\u010dkov\u00fd Zakr\u00fdvac\u00ed F\u00f3lie HDPE 4 x 12,5 m, slab\u00e1 STANDARD (\u010dir\u00e1) 7 \u00b5m -<\/title>\n<meta name=\"robots\" content=\"index, follow, max-snippet:-1, max-image-preview:large, max-video-preview:-1\" \/>\n<link rel=\"canonical\" href=\"https:\/\/www.koupelnapro.com\/index.php\/produkt\/znackovy-zakryvaci-folie-hdpe-4-x-12-5-m-slaba-standard-cira-7-um-33165\/\" \/>\n<meta property=\"og:locale\" content=\"cs_CZ\" \/>\n<meta property=\"og:type\" content=\"article\" \/>\n<meta property=\"og:title\" content=\"Zna\u010dkov\u00fd Zakr\u00fdvac\u00ed F\u00f3lie HDPE 4 x 12,5 m, slab\u00e1 STANDARD (\u010dir\u00e1) 7 \u00b5m -\" \/>\n<meta property=\"og:description\" content=\"Kryc\u00ed f\u00f3lie 4 x 12,5 m Kryc\u00ed f\u00f3lie pro ochranu povrchu p\u0159i malov\u00e1n\u00ed. Vyrobena z kvalitn\u00edho a tenk\u00e9ho polyethylenu. Chr\u00e1n\u00ed povrch p\u0159ed vlhkem, prachem a barvou. F\u00f3lii je mo\u017en\u00e9 recyklovat. Kl\u00ed\u010dov\u00e9 vlastnosti Kryc\u00ed f\u00f3lie pro ochranu povrchu p\u0159i malov\u00e1n\u00ed Vyrobena z kvalitn\u00edho a tenk\u00e9ho polyethylenu Chr\u00e1n\u00ed povrch p\u0159ed vlhkem, prachem a barvou Recyklovateln\u00e1 Parametry V&#253;robce [&hellip;]\" \/>\n<meta property=\"og:url\" content=\"https:\/\/www.koupelnapro.com\/index.php\/produkt\/znackovy-zakryvaci-folie-hdpe-4-x-12-5-m-slaba-standard-cira-7-um-33165\/\" \/>\n<meta property=\"og:image\" content=\"https:\/\/www.koupelnapro.com\/wp-content\/uploads\/2026\/SK0003639-CZ20260425-092455-0-1777080297-image_of_object.webp\" \/>\n\t<meta property=\"og:image:width\" content=\"400\" \/>\n\t<meta property=\"og:image:height\" content=\"300\" \/>\n\t<meta property=\"og:image:type\" content=\"image\/webp\" \/>\n<meta name=\"twitter:card\" content=\"summary_large_image\" \/>\n<script type=\"application\/ld+json\" class=\"yoast-schema-graph\">{\"@context\":\"https:\/\/schema.org\",\"@graph\":[{\"@type\":\"WebPage\",\"@id\":\"https:\/\/www.koupelnapro.com\/index.php\/produkt\/znackovy-zakryvaci-folie-hdpe-4-x-12-5-m-slaba-standard-cira-7-um-33165\/\",\"url\":\"https:\/\/www.koupelnapro.com\/index.php\/produkt\/znackovy-zakryvaci-folie-hdpe-4-x-12-5-m-slaba-standard-cira-7-um-33165\/\",\"name\":\"Zna\u010dkov\u00fd Zakr\u00fdvac\u00ed F\u00f3lie HDPE 4 x 12,5 m, slab\u00e1 STANDARD (\u010dir\u00e1) 7 \u00b5m -\",\"isPartOf\":{\"@id\":\"https:\/\/www.koupelnapro.com\/#website\"},\"primaryImageOfPage\":{\"@id\":\"https:\/\/www.koupelnapro.com\/index.php\/produkt\/znackovy-zakryvaci-folie-hdpe-4-x-12-5-m-slaba-standard-cira-7-um-33165\/#primaryimage\"},\"image\":{\"@id\":\"https:\/\/www.koupelnapro.com\/index.php\/produkt\/znackovy-zakryvaci-folie-hdpe-4-x-12-5-m-slaba-standard-cira-7-um-33165\/#primaryimage\"},\"thumbnailUrl\":\"https:\/\/www.koupelnapro.com\/wp-content\/uploads\/2026\/SK0003639-CZ20260425-092455-0-1777080297-image_of_object.webp\",\"datePublished\":\"2026-04-26T09:15:25+00:00\",\"breadcrumb\":{\"@id\":\"https:\/\/www.koupelnapro.com\/index.php\/produkt\/znackovy-zakryvaci-folie-hdpe-4-x-12-5-m-slaba-standard-cira-7-um-33165\/#breadcrumb\"},\"inLanguage\":\"cs\",\"potentialAction\":[{\"@type\":\"ReadAction\",\"target\":[\"https:\/\/www.koupelnapro.com\/index.php\/produkt\/znackovy-zakryvaci-folie-hdpe-4-x-12-5-m-slaba-standard-cira-7-um-33165\/\"]}]},{\"@type\":\"ImageObject\",\"inLanguage\":\"cs\",\"@id\":\"https:\/\/www.koupelnapro.com\/index.php\/produkt\/znackovy-zakryvaci-folie-hdpe-4-x-12-5-m-slaba-standard-cira-7-um-33165\/#primaryimage\",\"url\":\"https:\/\/www.koupelnapro.com\/wp-content\/uploads\/2026\/SK0003639-CZ20260425-092455-0-1777080297-image_of_object.webp\",\"contentUrl\":\"https:\/\/www.koupelnapro.com\/wp-content\/uploads\/2026\/SK0003639-CZ20260425-092455-0-1777080297-image_of_object.webp\",\"width\":400,\"height\":300},{\"@type\":\"BreadcrumbList\",\"@id\":\"https:\/\/www.koupelnapro.com\/index.php\/produkt\/znackovy-zakryvaci-folie-hdpe-4-x-12-5-m-slaba-standard-cira-7-um-33165\/#breadcrumb\",\"itemListElement\":[{\"@type\":\"ListItem\",\"position\":1,\"name\":\"Home\",\"item\":\"https:\/\/www.koupelnapro.com\/\"},{\"@type\":\"ListItem\",\"position\":2,\"name\":\"Products\",\"item\":\"https:\/\/www.koupelnapro.com\/index.php\/products\/\"},{\"@type\":\"ListItem\",\"position\":3,\"name\":\"Zna\u010dkov\u00fd Zakr\u00fdvac\u00ed F\u00f3lie HDPE 4 x 12,5 m, slab\u00e1 STANDARD (\u010dir\u00e1) 7 \u00b5m\"}]},{\"@type\":\"WebSite\",\"@id\":\"https:\/\/www.koupelnapro.com\/#website\",\"url\":\"https:\/\/www.koupelnapro.com\/\",\"name\":\"\",\"description\":\"\",\"potentialAction\":[{\"@type\":\"SearchAction\",\"target\":{\"@type\":\"EntryPoint\",\"urlTemplate\":\"https:\/\/www.koupelnapro.com\/?s={search_term_string}\"},\"query-input\":{\"@type\":\"PropertyValueSpecification\",\"valueRequired\":true,\"valueName\":\"search_term_string\"}}],\"inLanguage\":\"cs\"}]}<\/script>\n<!-- \/ Yoast SEO plugin. -->","yoast_head_json":{"title":"Zna\u010dkov\u00fd Zakr\u00fdvac\u00ed F\u00f3lie HDPE 4 x 12,5 m, slab\u00e1 STANDARD (\u010dir\u00e1) 7 \u00b5m -","robots":{"index":"index","follow":"follow","max-snippet":"max-snippet:-1","max-image-preview":"max-image-preview:large","max-video-preview":"max-video-preview:-1"},"canonical":"https:\/\/www.koupelnapro.com\/index.php\/produkt\/znackovy-zakryvaci-folie-hdpe-4-x-12-5-m-slaba-standard-cira-7-um-33165\/","og_locale":"cs_CZ","og_type":"article","og_title":"Zna\u010dkov\u00fd Zakr\u00fdvac\u00ed F\u00f3lie HDPE 4 x 12,5 m, slab\u00e1 STANDARD (\u010dir\u00e1) 7 \u00b5m -","og_description":"Kryc\u00ed f\u00f3lie 4 x 12,5 m Kryc\u00ed f\u00f3lie pro ochranu povrchu p\u0159i malov\u00e1n\u00ed. Vyrobena z kvalitn\u00edho a tenk\u00e9ho polyethylenu. Chr\u00e1n\u00ed povrch p\u0159ed vlhkem, prachem a barvou. F\u00f3lii je mo\u017en\u00e9 recyklovat. Kl\u00ed\u010dov\u00e9 vlastnosti Kryc\u00ed f\u00f3lie pro ochranu povrchu p\u0159i malov\u00e1n\u00ed Vyrobena z kvalitn\u00edho a tenk\u00e9ho polyethylenu Chr\u00e1n\u00ed povrch p\u0159ed vlhkem, prachem a barvou Recyklovateln\u00e1 Parametry V&#253;robce [&hellip;]","og_url":"https:\/\/www.koupelnapro.com\/index.php\/produkt\/znackovy-zakryvaci-folie-hdpe-4-x-12-5-m-slaba-standard-cira-7-um-33165\/","og_image":[{"width":400,"height":300,"url":"https:\/\/www.koupelnapro.com\/wp-content\/uploads\/2026\/SK0003639-CZ20260425-092455-0-1777080297-image_of_object.webp","type":"image\/webp"}],"twitter_card":"summary_large_image","schema":{"@context":"https:\/\/schema.org","@graph":[{"@type":"WebPage","@id":"https:\/\/www.koupelnapro.com\/index.php\/produkt\/znackovy-zakryvaci-folie-hdpe-4-x-12-5-m-slaba-standard-cira-7-um-33165\/","url":"https:\/\/www.koupelnapro.com\/index.php\/produkt\/znackovy-zakryvaci-folie-hdpe-4-x-12-5-m-slaba-standard-cira-7-um-33165\/","name":"Zna\u010dkov\u00fd Zakr\u00fdvac\u00ed F\u00f3lie HDPE 4 x 12,5 m, slab\u00e1 STANDARD (\u010dir\u00e1) 7 \u00b5m -","isPartOf":{"@id":"https:\/\/www.koupelnapro.com\/#website"},"primaryImageOfPage":{"@id":"https:\/\/www.koupelnapro.com\/index.php\/produkt\/znackovy-zakryvaci-folie-hdpe-4-x-12-5-m-slaba-standard-cira-7-um-33165\/#primaryimage"},"image":{"@id":"https:\/\/www.koupelnapro.com\/index.php\/produkt\/znackovy-zakryvaci-folie-hdpe-4-x-12-5-m-slaba-standard-cira-7-um-33165\/#primaryimage"},"thumbnailUrl":"https:\/\/www.koupelnapro.com\/wp-content\/uploads\/2026\/SK0003639-CZ20260425-092455-0-1777080297-image_of_object.webp","datePublished":"2026-04-26T09:15:25+00:00","breadcrumb":{"@id":"https:\/\/www.koupelnapro.com\/index.php\/produkt\/znackovy-zakryvaci-folie-hdpe-4-x-12-5-m-slaba-standard-cira-7-um-33165\/#breadcrumb"},"inLanguage":"cs","potentialAction":[{"@type":"ReadAction","target":["https:\/\/www.koupelnapro.com\/index.php\/produkt\/znackovy-zakryvaci-folie-hdpe-4-x-12-5-m-slaba-standard-cira-7-um-33165\/"]}]},{"@type":"ImageObject","inLanguage":"cs","@id":"https:\/\/www.koupelnapro.com\/index.php\/produkt\/znackovy-zakryvaci-folie-hdpe-4-x-12-5-m-slaba-standard-cira-7-um-33165\/#primaryimage","url":"https:\/\/www.koupelnapro.com\/wp-content\/uploads\/2026\/SK0003639-CZ20260425-092455-0-1777080297-image_of_object.webp","contentUrl":"https:\/\/www.koupelnapro.com\/wp-content\/uploads\/2026\/SK0003639-CZ20260425-092455-0-1777080297-image_of_object.webp","width":400,"height":300},{"@type":"BreadcrumbList","@id":"https:\/\/www.koupelnapro.com\/index.php\/produkt\/znackovy-zakryvaci-folie-hdpe-4-x-12-5-m-slaba-standard-cira-7-um-33165\/#breadcrumb","itemListElement":[{"@type":"ListItem","position":1,"name":"Home","item":"https:\/\/www.koupelnapro.com\/"},{"@type":"ListItem","position":2,"name":"Products","item":"https:\/\/www.koupelnapro.com\/index.php\/products\/"},{"@type":"ListItem","position":3,"name":"Zna\u010dkov\u00fd Zakr\u00fdvac\u00ed F\u00f3lie HDPE 4 x 12,5 m, slab\u00e1 STANDARD (\u010dir\u00e1) 7 \u00b5m"}]},{"@type":"WebSite","@id":"https:\/\/www.koupelnapro.com\/#website","url":"https:\/\/www.koupelnapro.com\/","name":"","description":"","potentialAction":[{"@type":"SearchAction","target":{"@type":"EntryPoint","urlTemplate":"https:\/\/www.koupelnapro.com\/?s={search_term_string}"},"query-input":{"@type":"PropertyValueSpecification","valueRequired":true,"valueName":"search_term_string"}}],"inLanguage":"cs"}]}},"_links":{"self":[{"href":"https:\/\/www.koupelnapro.com\/index.php\/wp-json\/wp\/v2\/product\/33165","targetHints":{"allow":["GET"]}}],"collection":[{"href":"https:\/\/www.koupelnapro.com\/index.php\/wp-json\/wp\/v2\/product"}],"about":[{"href":"https:\/\/www.koupelnapro.com\/index.php\/wp-json\/wp\/v2\/types\/product"}],"replies":[{"embeddable":true,"href":"https:\/\/www.koupelnapro.com\/index.php\/wp-json\/wp\/v2\/comments?post=33165"}],"wp:featuredmedia":[{"embeddable":true,"href":"https:\/\/www.koupelnapro.com\/index.php\/wp-json\/wp\/v2\/media\/33265"}],"wp:attachment":[{"href":"https:\/\/www.koupelnapro.com\/index.php\/wp-json\/wp\/v2\/media?parent=33165"}],"wp:term":[{"taxonomy":"product_brand","embeddable":true,"href":"https:\/\/www.koupelnapro.com\/index.php\/wp-json\/wp\/v2\/product_brand?post=33165"},{"taxonomy":"product_cat","embeddable":true,"href":"https:\/\/www.koupelnapro.com\/index.php\/wp-json\/wp\/v2\/product_cat?post=33165"},{"taxonomy":"product_tag","embeddable":true,"href":"https:\/\/www.koupelnapro.com\/index.php\/wp-json\/wp\/v2\/product_tag?post=33165"}],"curies":[{"name":"wp","href":"https:\/\/api.w.org\/{rel}","templated":true}]}}