{"id":33154,"date":"2026-04-26T09:15:25","date_gmt":"2026-04-26T09:15:25","guid":{"rendered":""},"modified":"2026-04-26T09:15:25","modified_gmt":"2026-04-26T09:15:25","slug":"znackovy-xyladecor-protect-2v1-sipo-0-75-l-33154","status":"publish","type":"product","link":"https:\/\/www.koupelnapro.com\/index.php\/produkt\/znackovy-xyladecor-protect-2v1-sipo-0-75-l-33154\/","title":{"rendered":"Zna\u010dkov\u00fd Xyladecor Protect 2v1 Sipo 0,75 l"},"content":{"rendered":"<div class=\"filters-tab-box__left\">\n<h2>Xyladecor Protect 2v1 tenkovrstv\u00e1 lazura <\/h2>\n<p> Xyladecor Protect 2v1 je tenkovrstv\u00e1 olejov\u00e1 lazura na rozpou\u0161t\u011bdlov\u00e9 b\u00e1zi<b> pou\u017eiteln\u00e1 v exteri\u00e9ru i interi\u00e9ru.<\/b> D\u00edky jedine\u010dn\u00e9 kr\u00e9mov\u00e9 konzistenci se snadno rozt\u00edr\u00e1 a dob\u0159e penetruje d\u0159evo.Vytv\u00e1\u0159\u00ed mikropor\u00e9zn\u00ed sat\u00e9nov\u00fd povrch<b> odoln\u00fd proti UV z\u00e1\u0159en\u00ed <\/b> a je \u0161etrn\u011bj\u0161\u00ed k \u017eivotn\u00edmu prost\u0159ed\u00ed. Je ur\u010dena pro ve\u0161ker\u00e9 d\u0159ev\u011bn\u00e9 povrchy <\/p>\n<p><h3> Kl\u00ed\u010dov\u00e9 vlastnosti<\/h3>\n<ul class=\"vlastnosti\">\n<li><b> Vhodn\u00e9 do interi\u00e9ru i exteri\u00e9ru<\/b><\/li>\n<li> Zv\u00fd\u0161en\u00e1 p\u0159ilnavost dal\u0161\u00edho n\u00e1t\u011bru<\/li>\n<li><b>Dlouhodob\u00e1 st\u00e1lost barevn\u00fdch odst\u00edn\u016f<\/b><\/li>\n<li><b> Zv\u00fdraz\u0148uje strukturu d\u0159eva<\/b><\/li>\n<li> Vytv\u00e1\u0159\u00ed mikropor\u00e9zn\u00ed sat\u00e9nov\u00fd povrch<\/li>\n<\/ul>\n<h3>Pou\u017eit\u00ed<\/h3>\n<ul class=\"pouziti\">\n<li>D\u016fkladn\u011b prom\u00edchejte tekut\u00fd obsah plechovky<\/li>\n<li> Nan\u00e1\u0161ejte pomoc\u00ed \u0161t\u011btce.<\/li>\n<li><b>Na d\u0159evo v interi\u00e9ru naneste 1-2 vrstvy<\/b><\/li>\n<li><b>Na d\u0159evo v exteri\u00e9ru naneste  2-3 vrstvy<\/b><\/li>\n<li> Doba schnut\u00ed: 8-14 hodin (na dotek 3 hodiny)<\/li>\n<li> N\u00e1\u0159ad\u00ed pou\u017eit\u00e9 p\u0159i pr\u00e1ci ihned po skon\u010den\u00ed omyjte \u0159edidlem<\/li>\n<\/ul>\n<h3>Doporu\u010den\u00e9 podklady<\/h3>\n<ul class=\"podklady\">\n<li><b> Na v\u0161echny d\u0159ev\u011bn\u00e9 povrchy<\/b><\/li>\n<li><b> Vhodn\u00e9 pro d\u0159ev\u011bn\u00e9 obklady dom\u016f, chaty, alt\u00e1ny, pergoly, ploty, balk\u00f3ny, okna a dve\u0159e<\/b><\/li>\n<\/ul><\/div>\n<div class=\"filters-tab-box__right\">\n<h2>Parametry<\/h2>\n<table>\n<tbody>\n<tr>\n<td>V&#253;robce                                            :                                        <\/td>\n<td>                                            Xyladekor                                        <\/td>\n<\/tr>\n<tr>\n<td>Vydatnost                                            :                                        <\/td>\n<td>                                            14 m&#178;\/l                                        <\/td>\n<\/tr>\n<tr>\n<td>Balen&#237;                                            :                                        <\/td>\n<td>                                            0,75 l                                        <\/td>\n<\/tr>\n<tr>\n<td>Objem                                            :                                        <\/td>\n<td>750 ml                                        <\/td>\n<\/tr>\n<\/tbody>\n<\/table><\/div>\n<\/p><\/div>\n","protected":false},"excerpt":{"rendered":"<p>Xyladecor Protect 2v1 tenkovrstv\u00e1 lazura Xyladecor Protect 2v1 je tenkovrstv\u00e1 olejov\u00e1 lazura na rozpou\u0161t\u011bdlov\u00e9 b\u00e1zi pou\u017eiteln\u00e1 v exteri\u00e9ru i interi\u00e9ru. D\u00edky jedine\u010dn\u00e9 kr\u00e9mov\u00e9 konzistenci se snadno rozt\u00edr\u00e1 a dob\u0159e penetruje d\u0159evo.Vytv\u00e1\u0159\u00ed mikropor\u00e9zn\u00ed sat\u00e9nov\u00fd povrch odoln\u00fd proti UV z\u00e1\u0159en\u00ed a je \u0161etrn\u011bj\u0161\u00ed k \u017eivotn\u00edmu prost\u0159ed\u00ed. Je ur\u010dena pro ve\u0161ker\u00e9 d\u0159ev\u011bn\u00e9 povrchy Kl\u00ed\u010dov\u00e9 vlastnosti Vhodn\u00e9 do interi\u00e9ru [&hellip;]<\/p>\n","protected":false},"featured_media":33254,"comment_status":"open","ping_status":"open","template":"","meta":[],"product_brand":[],"product_cat":[113],"product_tag":[],"class_list":{"0":"post-33154","1":"product","2":"type-product","3":"status-publish","4":"has-post-thumbnail","6":"product_cat-barvy-a-laky","8":"first","9":"instock","10":"sale","11":"shipping-taxable","12":"purchasable","13":"product-type-simple"},"yoast_head":"<!-- This site is optimized with the Yoast SEO plugin v26.8 - https:\/\/yoast.com\/product\/yoast-seo-wordpress\/ -->\n<title>Zna\u010dkov\u00fd Xyladecor Protect 2v1 Sipo 0,75 l -<\/title>\n<meta name=\"robots\" content=\"index, follow, max-snippet:-1, max-image-preview:large, max-video-preview:-1\" \/>\n<link rel=\"canonical\" href=\"https:\/\/www.koupelnapro.com\/index.php\/produkt\/znackovy-xyladecor-protect-2v1-sipo-0-75-l-33154\/\" \/>\n<meta property=\"og:locale\" content=\"cs_CZ\" \/>\n<meta property=\"og:type\" content=\"article\" \/>\n<meta property=\"og:title\" content=\"Zna\u010dkov\u00fd Xyladecor Protect 2v1 Sipo 0,75 l -\" \/>\n<meta property=\"og:description\" content=\"Xyladecor Protect 2v1 tenkovrstv\u00e1 lazura Xyladecor Protect 2v1 je tenkovrstv\u00e1 olejov\u00e1 lazura na rozpou\u0161t\u011bdlov\u00e9 b\u00e1zi pou\u017eiteln\u00e1 v exteri\u00e9ru i interi\u00e9ru. D\u00edky jedine\u010dn\u00e9 kr\u00e9mov\u00e9 konzistenci se snadno rozt\u00edr\u00e1 a dob\u0159e penetruje d\u0159evo.Vytv\u00e1\u0159\u00ed mikropor\u00e9zn\u00ed sat\u00e9nov\u00fd povrch odoln\u00fd proti UV z\u00e1\u0159en\u00ed a je \u0161etrn\u011bj\u0161\u00ed k \u017eivotn\u00edmu prost\u0159ed\u00ed. Je ur\u010dena pro ve\u0161ker\u00e9 d\u0159ev\u011bn\u00e9 povrchy Kl\u00ed\u010dov\u00e9 vlastnosti Vhodn\u00e9 do interi\u00e9ru [&hellip;]\" \/>\n<meta property=\"og:url\" content=\"https:\/\/www.koupelnapro.com\/index.php\/produkt\/znackovy-xyladecor-protect-2v1-sipo-0-75-l-33154\/\" \/>\n<meta property=\"og:image\" content=\"https:\/\/www.koupelnapro.com\/wp-content\/uploads\/2026\/SK0003628-CZ20260425-092455-0-1777080297-image_of_object.webp\" \/>\n\t<meta property=\"og:image:width\" content=\"400\" \/>\n\t<meta property=\"og:image:height\" content=\"300\" \/>\n\t<meta property=\"og:image:type\" content=\"image\/webp\" \/>\n<meta name=\"twitter:card\" content=\"summary_large_image\" \/>\n<meta name=\"twitter:label1\" content=\"Odhadovan\u00e1 doba \u010dten\u00ed\" \/>\n\t<meta name=\"twitter:data1\" content=\"1 minuta\" \/>\n<script type=\"application\/ld+json\" class=\"yoast-schema-graph\">{\"@context\":\"https:\/\/schema.org\",\"@graph\":[{\"@type\":\"WebPage\",\"@id\":\"https:\/\/www.koupelnapro.com\/index.php\/produkt\/znackovy-xyladecor-protect-2v1-sipo-0-75-l-33154\/\",\"url\":\"https:\/\/www.koupelnapro.com\/index.php\/produkt\/znackovy-xyladecor-protect-2v1-sipo-0-75-l-33154\/\",\"name\":\"Zna\u010dkov\u00fd Xyladecor Protect 2v1 Sipo 0,75 l -\",\"isPartOf\":{\"@id\":\"https:\/\/www.koupelnapro.com\/#website\"},\"primaryImageOfPage\":{\"@id\":\"https:\/\/www.koupelnapro.com\/index.php\/produkt\/znackovy-xyladecor-protect-2v1-sipo-0-75-l-33154\/#primaryimage\"},\"image\":{\"@id\":\"https:\/\/www.koupelnapro.com\/index.php\/produkt\/znackovy-xyladecor-protect-2v1-sipo-0-75-l-33154\/#primaryimage\"},\"thumbnailUrl\":\"https:\/\/www.koupelnapro.com\/wp-content\/uploads\/2026\/SK0003628-CZ20260425-092455-0-1777080297-image_of_object.webp\",\"datePublished\":\"2026-04-26T09:15:25+00:00\",\"breadcrumb\":{\"@id\":\"https:\/\/www.koupelnapro.com\/index.php\/produkt\/znackovy-xyladecor-protect-2v1-sipo-0-75-l-33154\/#breadcrumb\"},\"inLanguage\":\"cs\",\"potentialAction\":[{\"@type\":\"ReadAction\",\"target\":[\"https:\/\/www.koupelnapro.com\/index.php\/produkt\/znackovy-xyladecor-protect-2v1-sipo-0-75-l-33154\/\"]}]},{\"@type\":\"ImageObject\",\"inLanguage\":\"cs\",\"@id\":\"https:\/\/www.koupelnapro.com\/index.php\/produkt\/znackovy-xyladecor-protect-2v1-sipo-0-75-l-33154\/#primaryimage\",\"url\":\"https:\/\/www.koupelnapro.com\/wp-content\/uploads\/2026\/SK0003628-CZ20260425-092455-0-1777080297-image_of_object.webp\",\"contentUrl\":\"https:\/\/www.koupelnapro.com\/wp-content\/uploads\/2026\/SK0003628-CZ20260425-092455-0-1777080297-image_of_object.webp\",\"width\":400,\"height\":300},{\"@type\":\"BreadcrumbList\",\"@id\":\"https:\/\/www.koupelnapro.com\/index.php\/produkt\/znackovy-xyladecor-protect-2v1-sipo-0-75-l-33154\/#breadcrumb\",\"itemListElement\":[{\"@type\":\"ListItem\",\"position\":1,\"name\":\"Home\",\"item\":\"https:\/\/www.koupelnapro.com\/\"},{\"@type\":\"ListItem\",\"position\":2,\"name\":\"Products\",\"item\":\"https:\/\/www.koupelnapro.com\/index.php\/products\/\"},{\"@type\":\"ListItem\",\"position\":3,\"name\":\"Zna\u010dkov\u00fd Xyladecor Protect 2v1 Sipo 0,75 l\"}]},{\"@type\":\"WebSite\",\"@id\":\"https:\/\/www.koupelnapro.com\/#website\",\"url\":\"https:\/\/www.koupelnapro.com\/\",\"name\":\"\",\"description\":\"\",\"potentialAction\":[{\"@type\":\"SearchAction\",\"target\":{\"@type\":\"EntryPoint\",\"urlTemplate\":\"https:\/\/www.koupelnapro.com\/?s={search_term_string}\"},\"query-input\":{\"@type\":\"PropertyValueSpecification\",\"valueRequired\":true,\"valueName\":\"search_term_string\"}}],\"inLanguage\":\"cs\"}]}<\/script>\n<!-- \/ Yoast SEO plugin. -->","yoast_head_json":{"title":"Zna\u010dkov\u00fd Xyladecor Protect 2v1 Sipo 0,75 l -","robots":{"index":"index","follow":"follow","max-snippet":"max-snippet:-1","max-image-preview":"max-image-preview:large","max-video-preview":"max-video-preview:-1"},"canonical":"https:\/\/www.koupelnapro.com\/index.php\/produkt\/znackovy-xyladecor-protect-2v1-sipo-0-75-l-33154\/","og_locale":"cs_CZ","og_type":"article","og_title":"Zna\u010dkov\u00fd Xyladecor Protect 2v1 Sipo 0,75 l -","og_description":"Xyladecor Protect 2v1 tenkovrstv\u00e1 lazura Xyladecor Protect 2v1 je tenkovrstv\u00e1 olejov\u00e1 lazura na rozpou\u0161t\u011bdlov\u00e9 b\u00e1zi pou\u017eiteln\u00e1 v exteri\u00e9ru i interi\u00e9ru. D\u00edky jedine\u010dn\u00e9 kr\u00e9mov\u00e9 konzistenci se snadno rozt\u00edr\u00e1 a dob\u0159e penetruje d\u0159evo.Vytv\u00e1\u0159\u00ed mikropor\u00e9zn\u00ed sat\u00e9nov\u00fd povrch odoln\u00fd proti UV z\u00e1\u0159en\u00ed a je \u0161etrn\u011bj\u0161\u00ed k \u017eivotn\u00edmu prost\u0159ed\u00ed. Je ur\u010dena pro ve\u0161ker\u00e9 d\u0159ev\u011bn\u00e9 povrchy Kl\u00ed\u010dov\u00e9 vlastnosti Vhodn\u00e9 do interi\u00e9ru [&hellip;]","og_url":"https:\/\/www.koupelnapro.com\/index.php\/produkt\/znackovy-xyladecor-protect-2v1-sipo-0-75-l-33154\/","og_image":[{"width":400,"height":300,"url":"https:\/\/www.koupelnapro.com\/wp-content\/uploads\/2026\/SK0003628-CZ20260425-092455-0-1777080297-image_of_object.webp","type":"image\/webp"}],"twitter_card":"summary_large_image","twitter_misc":{"Odhadovan\u00e1 doba \u010dten\u00ed":"1 minuta"},"schema":{"@context":"https:\/\/schema.org","@graph":[{"@type":"WebPage","@id":"https:\/\/www.koupelnapro.com\/index.php\/produkt\/znackovy-xyladecor-protect-2v1-sipo-0-75-l-33154\/","url":"https:\/\/www.koupelnapro.com\/index.php\/produkt\/znackovy-xyladecor-protect-2v1-sipo-0-75-l-33154\/","name":"Zna\u010dkov\u00fd Xyladecor Protect 2v1 Sipo 0,75 l -","isPartOf":{"@id":"https:\/\/www.koupelnapro.com\/#website"},"primaryImageOfPage":{"@id":"https:\/\/www.koupelnapro.com\/index.php\/produkt\/znackovy-xyladecor-protect-2v1-sipo-0-75-l-33154\/#primaryimage"},"image":{"@id":"https:\/\/www.koupelnapro.com\/index.php\/produkt\/znackovy-xyladecor-protect-2v1-sipo-0-75-l-33154\/#primaryimage"},"thumbnailUrl":"https:\/\/www.koupelnapro.com\/wp-content\/uploads\/2026\/SK0003628-CZ20260425-092455-0-1777080297-image_of_object.webp","datePublished":"2026-04-26T09:15:25+00:00","breadcrumb":{"@id":"https:\/\/www.koupelnapro.com\/index.php\/produkt\/znackovy-xyladecor-protect-2v1-sipo-0-75-l-33154\/#breadcrumb"},"inLanguage":"cs","potentialAction":[{"@type":"ReadAction","target":["https:\/\/www.koupelnapro.com\/index.php\/produkt\/znackovy-xyladecor-protect-2v1-sipo-0-75-l-33154\/"]}]},{"@type":"ImageObject","inLanguage":"cs","@id":"https:\/\/www.koupelnapro.com\/index.php\/produkt\/znackovy-xyladecor-protect-2v1-sipo-0-75-l-33154\/#primaryimage","url":"https:\/\/www.koupelnapro.com\/wp-content\/uploads\/2026\/SK0003628-CZ20260425-092455-0-1777080297-image_of_object.webp","contentUrl":"https:\/\/www.koupelnapro.com\/wp-content\/uploads\/2026\/SK0003628-CZ20260425-092455-0-1777080297-image_of_object.webp","width":400,"height":300},{"@type":"BreadcrumbList","@id":"https:\/\/www.koupelnapro.com\/index.php\/produkt\/znackovy-xyladecor-protect-2v1-sipo-0-75-l-33154\/#breadcrumb","itemListElement":[{"@type":"ListItem","position":1,"name":"Home","item":"https:\/\/www.koupelnapro.com\/"},{"@type":"ListItem","position":2,"name":"Products","item":"https:\/\/www.koupelnapro.com\/index.php\/products\/"},{"@type":"ListItem","position":3,"name":"Zna\u010dkov\u00fd Xyladecor Protect 2v1 Sipo 0,75 l"}]},{"@type":"WebSite","@id":"https:\/\/www.koupelnapro.com\/#website","url":"https:\/\/www.koupelnapro.com\/","name":"","description":"","potentialAction":[{"@type":"SearchAction","target":{"@type":"EntryPoint","urlTemplate":"https:\/\/www.koupelnapro.com\/?s={search_term_string}"},"query-input":{"@type":"PropertyValueSpecification","valueRequired":true,"valueName":"search_term_string"}}],"inLanguage":"cs"}]}},"_links":{"self":[{"href":"https:\/\/www.koupelnapro.com\/index.php\/wp-json\/wp\/v2\/product\/33154","targetHints":{"allow":["GET"]}}],"collection":[{"href":"https:\/\/www.koupelnapro.com\/index.php\/wp-json\/wp\/v2\/product"}],"about":[{"href":"https:\/\/www.koupelnapro.com\/index.php\/wp-json\/wp\/v2\/types\/product"}],"replies":[{"embeddable":true,"href":"https:\/\/www.koupelnapro.com\/index.php\/wp-json\/wp\/v2\/comments?post=33154"}],"wp:featuredmedia":[{"embeddable":true,"href":"https:\/\/www.koupelnapro.com\/index.php\/wp-json\/wp\/v2\/media\/33254"}],"wp:attachment":[{"href":"https:\/\/www.koupelnapro.com\/index.php\/wp-json\/wp\/v2\/media?parent=33154"}],"wp:term":[{"taxonomy":"product_brand","embeddable":true,"href":"https:\/\/www.koupelnapro.com\/index.php\/wp-json\/wp\/v2\/product_brand?post=33154"},{"taxonomy":"product_cat","embeddable":true,"href":"https:\/\/www.koupelnapro.com\/index.php\/wp-json\/wp\/v2\/product_cat?post=33154"},{"taxonomy":"product_tag","embeddable":true,"href":"https:\/\/www.koupelnapro.com\/index.php\/wp-json\/wp\/v2\/product_tag?post=33154"}],"curies":[{"name":"wp","href":"https:\/\/api.w.org\/{rel}","templated":true}]}}