{"id":32973,"date":"2026-04-26T09:15:24","date_gmt":"2026-04-26T09:15:24","guid":{"rendered":""},"modified":"2026-04-26T09:15:24","modified_gmt":"2026-04-26T09:15:24","slug":"znackovy-xyladecor-extreme-lazura-estonska-briza-2-5l-32973","status":"publish","type":"product","link":"https:\/\/www.koupelnapro.com\/index.php\/produkt\/znackovy-xyladecor-extreme-lazura-estonska-briza-2-5l-32973\/","title":{"rendered":"Zna\u010dkov\u00fd Xyladecor Extreme  lazura &#8211; Estonsk\u00e1 B\u0159\u00edza 2,5l"},"content":{"rendered":"<div class=\"filters-tab-box__left\">\n<h2>Xyladecor Extreme<\/h2>\n<p><b>Profi pr\u00e9miov\u00e1 st\u0159edn\u011bvrstv\u00e1 lazura<\/b> zna\u010dky Xyladecor pat\u0159\u00ed mezi profesion\u00e1ln\u00ed p\u0159\u00edpravky na o\u0161et\u0159en\u00ed d\u0159eva. Je vhodn\u00e1 k pou\u017eit\u00ed<b> v exteri\u00e9ru<\/b>, kde zajist\u00ed <b>odolnost v\u016f\u010di extr\u00e9mn\u00edm pov\u011btrnostn\u00edm podm\u00ednk\u00e1m a biokorozi<\/b>. Lazura se vsakuje do hloubky d\u0159eva, dod\u00e1 mu <b>smo\u010dist\u00edc\u00ed n\u00e1t\u011brov\u00fd film<\/b>, kter\u00fd zabr\u00e1n\u00ed kontaminaci o\u0161et\u0159en\u00e9ho povrchu. Je velmi vhod\u00e1 na venkovn\u00ed d\u0159ev\u011bn\u00e9 povrchy, kde zajist\u00ed dlohou \u017eivotnost. Vynik\u00e1 svoj\u00ed <b>douhou dobou zpracovatelnosti s rychl\u00fdm schnut\u00edm<\/b> a dlouhou ochranou.<\/p>\n<h3>Kl\u00ed\u010dov\u00e9 vlastnosti<\/h3>\n<ul class=\"vlastnosti\">\n<li><b>Profi pr\u00e9miov\u00e1 st\u0159edn\u011bvrstv\u00e1 lazura<\/b><\/li>\n<li>Profesion\u00e1ln\u00ed p\u0159\u00edpravek na o\u0161et\u0159en\u00ed d\u0159eva<\/li>\n<li><b>Extr\u00e9mn\u00ed odolnost v\u016f\u010di pov\u011btrnostn\u00edm podm\u00ednk\u00e1m a biokorozi<\/b><\/li>\n<li><b>12 let ochrany<\/b><\/li>\n<li><b>Rychleschnouc\u00ed, samo\u010dist\u00edc\u00ed, UV filtr<\/b><\/li>\n<li>Pro exteri\u00e9r<\/li>\n<\/ul>\n<h3>Pou\u017eit\u00ed<\/h3>\n<ul class=\"pouziti\">\n<li>Povrch obruste, o\u010dist\u011bte a odmast\u011bte<\/li>\n<li>Barvu d\u016fkladn\u011b prom\u00edchejte<\/li>\n<li>Nan\u00e1\u0161ejte<b>\u0161tetcem nebo v\u00e1le\u010dkem<\/b><\/li>\n<li>Barva je such\u00e1 po 2 hod.<\/li>\n<li>Aplika\u010dn\u00ed teplota 15 &#8211; 25 \u00b0C<\/li>\n<li><b><span style=\"color: #FF0000\">P\u0159ed samotn\u00fdm nat\u00edr\u00e1n\u00edm prove\u010fte kontrolu odst\u00ednu<\/span><\/b><\/li>\n<\/ul>\n<h3>Doporu\u010den\u00e9 podklady<\/h3>\n<ul class=\"podklady\">\n<li>D\u0159evo<\/li>\n<\/ul><\/div>\n<div class=\"filters-tab-box__right\">\n<h2>Parametry<\/h2>\n<table>\n<tbody>\n<tr>\n<td>Barva (n&#225;zev)                                            :                                        <\/td>\n<td>                                            estonsk&#225; b\u0159&#237;za                                        <\/td>\n<\/tr>\n<tr>\n<td>V&#253;robce                                            :                                        <\/td>\n<td>                                            Xyladekor                                        <\/td>\n<\/tr>\n<tr>\n<td>Vydatnost                                            :                                        <\/td>\n<td>                                            11 &#8211; 15 m2\/l                                        <\/td>\n<\/tr>\n<tr>\n<td>Balen&#237;                                            :                                        <\/td>\n<td>                                            2,5 l                                        <\/td>\n<\/tr>\n<tr>\n<td>Objem                                            :                                        <\/td>\n<td>2,5 l                                        <\/td>\n<\/tr>\n<\/tbody>\n<\/table><\/div>\n<\/p><\/div>\n","protected":false},"excerpt":{"rendered":"<p>Xyladecor Extreme Profi pr\u00e9miov\u00e1 st\u0159edn\u011bvrstv\u00e1 lazura zna\u010dky Xyladecor pat\u0159\u00ed mezi profesion\u00e1ln\u00ed p\u0159\u00edpravky na o\u0161et\u0159en\u00ed d\u0159eva. Je vhodn\u00e1 k pou\u017eit\u00ed v exteri\u00e9ru, kde zajist\u00ed odolnost v\u016f\u010di extr\u00e9mn\u00edm pov\u011btrnostn\u00edm podm\u00ednk\u00e1m a biokorozi. Lazura se vsakuje do hloubky d\u0159eva, dod\u00e1 mu smo\u010dist\u00edc\u00ed n\u00e1t\u011brov\u00fd film, kter\u00fd zabr\u00e1n\u00ed kontaminaci o\u0161et\u0159en\u00e9ho povrchu. Je velmi vhod\u00e1 na venkovn\u00ed d\u0159ev\u011bn\u00e9 povrchy, kde zajist\u00ed [&hellip;]<\/p>\n","protected":false},"featured_media":33073,"comment_status":"open","ping_status":"open","template":"","meta":[],"product_brand":[],"product_cat":[113],"product_tag":[],"class_list":{"0":"post-32973","1":"product","2":"type-product","3":"status-publish","4":"has-post-thumbnail","6":"product_cat-barvy-a-laky","8":"first","9":"instock","10":"sale","11":"shipping-taxable","12":"purchasable","13":"product-type-simple"},"yoast_head":"<!-- This site is optimized with the Yoast SEO plugin v26.8 - https:\/\/yoast.com\/product\/yoast-seo-wordpress\/ -->\n<title>Zna\u010dkov\u00fd Xyladecor Extreme lazura - Estonsk\u00e1 B\u0159\u00edza 2,5l -<\/title>\n<meta name=\"robots\" content=\"index, follow, max-snippet:-1, max-image-preview:large, max-video-preview:-1\" \/>\n<link rel=\"canonical\" href=\"https:\/\/www.koupelnapro.com\/index.php\/produkt\/znackovy-xyladecor-extreme-lazura-estonska-briza-2-5l-32973\/\" \/>\n<meta property=\"og:locale\" content=\"cs_CZ\" \/>\n<meta property=\"og:type\" content=\"article\" \/>\n<meta property=\"og:title\" content=\"Zna\u010dkov\u00fd Xyladecor Extreme lazura - Estonsk\u00e1 B\u0159\u00edza 2,5l -\" \/>\n<meta property=\"og:description\" content=\"Xyladecor Extreme Profi pr\u00e9miov\u00e1 st\u0159edn\u011bvrstv\u00e1 lazura zna\u010dky Xyladecor pat\u0159\u00ed mezi profesion\u00e1ln\u00ed p\u0159\u00edpravky na o\u0161et\u0159en\u00ed d\u0159eva. Je vhodn\u00e1 k pou\u017eit\u00ed v exteri\u00e9ru, kde zajist\u00ed odolnost v\u016f\u010di extr\u00e9mn\u00edm pov\u011btrnostn\u00edm podm\u00ednk\u00e1m a biokorozi. Lazura se vsakuje do hloubky d\u0159eva, dod\u00e1 mu smo\u010dist\u00edc\u00ed n\u00e1t\u011brov\u00fd film, kter\u00fd zabr\u00e1n\u00ed kontaminaci o\u0161et\u0159en\u00e9ho povrchu. Je velmi vhod\u00e1 na venkovn\u00ed d\u0159ev\u011bn\u00e9 povrchy, kde zajist\u00ed [&hellip;]\" \/>\n<meta property=\"og:url\" content=\"https:\/\/www.koupelnapro.com\/index.php\/produkt\/znackovy-xyladecor-extreme-lazura-estonska-briza-2-5l-32973\/\" \/>\n<meta property=\"og:image\" content=\"https:\/\/www.koupelnapro.com\/wp-content\/uploads\/2026\/SK0003547-CZ20260425-092455-0-1777080297-image_of_object.webp\" \/>\n\t<meta property=\"og:image:width\" content=\"400\" \/>\n\t<meta property=\"og:image:height\" content=\"300\" \/>\n\t<meta property=\"og:image:type\" content=\"image\/webp\" \/>\n<meta name=\"twitter:card\" content=\"summary_large_image\" \/>\n<meta name=\"twitter:label1\" content=\"Odhadovan\u00e1 doba \u010dten\u00ed\" \/>\n\t<meta name=\"twitter:data1\" content=\"1 minuta\" \/>\n<script type=\"application\/ld+json\" class=\"yoast-schema-graph\">{\"@context\":\"https:\/\/schema.org\",\"@graph\":[{\"@type\":\"WebPage\",\"@id\":\"https:\/\/www.koupelnapro.com\/index.php\/produkt\/znackovy-xyladecor-extreme-lazura-estonska-briza-2-5l-32973\/\",\"url\":\"https:\/\/www.koupelnapro.com\/index.php\/produkt\/znackovy-xyladecor-extreme-lazura-estonska-briza-2-5l-32973\/\",\"name\":\"Zna\u010dkov\u00fd Xyladecor Extreme lazura - Estonsk\u00e1 B\u0159\u00edza 2,5l -\",\"isPartOf\":{\"@id\":\"https:\/\/www.koupelnapro.com\/#website\"},\"primaryImageOfPage\":{\"@id\":\"https:\/\/www.koupelnapro.com\/index.php\/produkt\/znackovy-xyladecor-extreme-lazura-estonska-briza-2-5l-32973\/#primaryimage\"},\"image\":{\"@id\":\"https:\/\/www.koupelnapro.com\/index.php\/produkt\/znackovy-xyladecor-extreme-lazura-estonska-briza-2-5l-32973\/#primaryimage\"},\"thumbnailUrl\":\"https:\/\/www.koupelnapro.com\/wp-content\/uploads\/2026\/SK0003547-CZ20260425-092455-0-1777080297-image_of_object.webp\",\"datePublished\":\"2026-04-26T09:15:24+00:00\",\"breadcrumb\":{\"@id\":\"https:\/\/www.koupelnapro.com\/index.php\/produkt\/znackovy-xyladecor-extreme-lazura-estonska-briza-2-5l-32973\/#breadcrumb\"},\"inLanguage\":\"cs\",\"potentialAction\":[{\"@type\":\"ReadAction\",\"target\":[\"https:\/\/www.koupelnapro.com\/index.php\/produkt\/znackovy-xyladecor-extreme-lazura-estonska-briza-2-5l-32973\/\"]}]},{\"@type\":\"ImageObject\",\"inLanguage\":\"cs\",\"@id\":\"https:\/\/www.koupelnapro.com\/index.php\/produkt\/znackovy-xyladecor-extreme-lazura-estonska-briza-2-5l-32973\/#primaryimage\",\"url\":\"https:\/\/www.koupelnapro.com\/wp-content\/uploads\/2026\/SK0003547-CZ20260425-092455-0-1777080297-image_of_object.webp\",\"contentUrl\":\"https:\/\/www.koupelnapro.com\/wp-content\/uploads\/2026\/SK0003547-CZ20260425-092455-0-1777080297-image_of_object.webp\",\"width\":400,\"height\":300},{\"@type\":\"BreadcrumbList\",\"@id\":\"https:\/\/www.koupelnapro.com\/index.php\/produkt\/znackovy-xyladecor-extreme-lazura-estonska-briza-2-5l-32973\/#breadcrumb\",\"itemListElement\":[{\"@type\":\"ListItem\",\"position\":1,\"name\":\"Home\",\"item\":\"https:\/\/www.koupelnapro.com\/\"},{\"@type\":\"ListItem\",\"position\":2,\"name\":\"Products\",\"item\":\"https:\/\/www.koupelnapro.com\/index.php\/products\/\"},{\"@type\":\"ListItem\",\"position\":3,\"name\":\"Zna\u010dkov\u00fd Xyladecor Extreme lazura &#8211; Estonsk\u00e1 B\u0159\u00edza 2,5l\"}]},{\"@type\":\"WebSite\",\"@id\":\"https:\/\/www.koupelnapro.com\/#website\",\"url\":\"https:\/\/www.koupelnapro.com\/\",\"name\":\"\",\"description\":\"\",\"potentialAction\":[{\"@type\":\"SearchAction\",\"target\":{\"@type\":\"EntryPoint\",\"urlTemplate\":\"https:\/\/www.koupelnapro.com\/?s={search_term_string}\"},\"query-input\":{\"@type\":\"PropertyValueSpecification\",\"valueRequired\":true,\"valueName\":\"search_term_string\"}}],\"inLanguage\":\"cs\"}]}<\/script>\n<!-- \/ Yoast SEO plugin. -->","yoast_head_json":{"title":"Zna\u010dkov\u00fd Xyladecor Extreme lazura - Estonsk\u00e1 B\u0159\u00edza 2,5l -","robots":{"index":"index","follow":"follow","max-snippet":"max-snippet:-1","max-image-preview":"max-image-preview:large","max-video-preview":"max-video-preview:-1"},"canonical":"https:\/\/www.koupelnapro.com\/index.php\/produkt\/znackovy-xyladecor-extreme-lazura-estonska-briza-2-5l-32973\/","og_locale":"cs_CZ","og_type":"article","og_title":"Zna\u010dkov\u00fd Xyladecor Extreme lazura - Estonsk\u00e1 B\u0159\u00edza 2,5l -","og_description":"Xyladecor Extreme Profi pr\u00e9miov\u00e1 st\u0159edn\u011bvrstv\u00e1 lazura zna\u010dky Xyladecor pat\u0159\u00ed mezi profesion\u00e1ln\u00ed p\u0159\u00edpravky na o\u0161et\u0159en\u00ed d\u0159eva. Je vhodn\u00e1 k pou\u017eit\u00ed v exteri\u00e9ru, kde zajist\u00ed odolnost v\u016f\u010di extr\u00e9mn\u00edm pov\u011btrnostn\u00edm podm\u00ednk\u00e1m a biokorozi. Lazura se vsakuje do hloubky d\u0159eva, dod\u00e1 mu smo\u010dist\u00edc\u00ed n\u00e1t\u011brov\u00fd film, kter\u00fd zabr\u00e1n\u00ed kontaminaci o\u0161et\u0159en\u00e9ho povrchu. Je velmi vhod\u00e1 na venkovn\u00ed d\u0159ev\u011bn\u00e9 povrchy, kde zajist\u00ed [&hellip;]","og_url":"https:\/\/www.koupelnapro.com\/index.php\/produkt\/znackovy-xyladecor-extreme-lazura-estonska-briza-2-5l-32973\/","og_image":[{"width":400,"height":300,"url":"https:\/\/www.koupelnapro.com\/wp-content\/uploads\/2026\/SK0003547-CZ20260425-092455-0-1777080297-image_of_object.webp","type":"image\/webp"}],"twitter_card":"summary_large_image","twitter_misc":{"Odhadovan\u00e1 doba \u010dten\u00ed":"1 minuta"},"schema":{"@context":"https:\/\/schema.org","@graph":[{"@type":"WebPage","@id":"https:\/\/www.koupelnapro.com\/index.php\/produkt\/znackovy-xyladecor-extreme-lazura-estonska-briza-2-5l-32973\/","url":"https:\/\/www.koupelnapro.com\/index.php\/produkt\/znackovy-xyladecor-extreme-lazura-estonska-briza-2-5l-32973\/","name":"Zna\u010dkov\u00fd Xyladecor Extreme lazura - Estonsk\u00e1 B\u0159\u00edza 2,5l -","isPartOf":{"@id":"https:\/\/www.koupelnapro.com\/#website"},"primaryImageOfPage":{"@id":"https:\/\/www.koupelnapro.com\/index.php\/produkt\/znackovy-xyladecor-extreme-lazura-estonska-briza-2-5l-32973\/#primaryimage"},"image":{"@id":"https:\/\/www.koupelnapro.com\/index.php\/produkt\/znackovy-xyladecor-extreme-lazura-estonska-briza-2-5l-32973\/#primaryimage"},"thumbnailUrl":"https:\/\/www.koupelnapro.com\/wp-content\/uploads\/2026\/SK0003547-CZ20260425-092455-0-1777080297-image_of_object.webp","datePublished":"2026-04-26T09:15:24+00:00","breadcrumb":{"@id":"https:\/\/www.koupelnapro.com\/index.php\/produkt\/znackovy-xyladecor-extreme-lazura-estonska-briza-2-5l-32973\/#breadcrumb"},"inLanguage":"cs","potentialAction":[{"@type":"ReadAction","target":["https:\/\/www.koupelnapro.com\/index.php\/produkt\/znackovy-xyladecor-extreme-lazura-estonska-briza-2-5l-32973\/"]}]},{"@type":"ImageObject","inLanguage":"cs","@id":"https:\/\/www.koupelnapro.com\/index.php\/produkt\/znackovy-xyladecor-extreme-lazura-estonska-briza-2-5l-32973\/#primaryimage","url":"https:\/\/www.koupelnapro.com\/wp-content\/uploads\/2026\/SK0003547-CZ20260425-092455-0-1777080297-image_of_object.webp","contentUrl":"https:\/\/www.koupelnapro.com\/wp-content\/uploads\/2026\/SK0003547-CZ20260425-092455-0-1777080297-image_of_object.webp","width":400,"height":300},{"@type":"BreadcrumbList","@id":"https:\/\/www.koupelnapro.com\/index.php\/produkt\/znackovy-xyladecor-extreme-lazura-estonska-briza-2-5l-32973\/#breadcrumb","itemListElement":[{"@type":"ListItem","position":1,"name":"Home","item":"https:\/\/www.koupelnapro.com\/"},{"@type":"ListItem","position":2,"name":"Products","item":"https:\/\/www.koupelnapro.com\/index.php\/products\/"},{"@type":"ListItem","position":3,"name":"Zna\u010dkov\u00fd Xyladecor Extreme lazura &#8211; Estonsk\u00e1 B\u0159\u00edza 2,5l"}]},{"@type":"WebSite","@id":"https:\/\/www.koupelnapro.com\/#website","url":"https:\/\/www.koupelnapro.com\/","name":"","description":"","potentialAction":[{"@type":"SearchAction","target":{"@type":"EntryPoint","urlTemplate":"https:\/\/www.koupelnapro.com\/?s={search_term_string}"},"query-input":{"@type":"PropertyValueSpecification","valueRequired":true,"valueName":"search_term_string"}}],"inLanguage":"cs"}]}},"_links":{"self":[{"href":"https:\/\/www.koupelnapro.com\/index.php\/wp-json\/wp\/v2\/product\/32973","targetHints":{"allow":["GET"]}}],"collection":[{"href":"https:\/\/www.koupelnapro.com\/index.php\/wp-json\/wp\/v2\/product"}],"about":[{"href":"https:\/\/www.koupelnapro.com\/index.php\/wp-json\/wp\/v2\/types\/product"}],"replies":[{"embeddable":true,"href":"https:\/\/www.koupelnapro.com\/index.php\/wp-json\/wp\/v2\/comments?post=32973"}],"wp:featuredmedia":[{"embeddable":true,"href":"https:\/\/www.koupelnapro.com\/index.php\/wp-json\/wp\/v2\/media\/33073"}],"wp:attachment":[{"href":"https:\/\/www.koupelnapro.com\/index.php\/wp-json\/wp\/v2\/media?parent=32973"}],"wp:term":[{"taxonomy":"product_brand","embeddable":true,"href":"https:\/\/www.koupelnapro.com\/index.php\/wp-json\/wp\/v2\/product_brand?post=32973"},{"taxonomy":"product_cat","embeddable":true,"href":"https:\/\/www.koupelnapro.com\/index.php\/wp-json\/wp\/v2\/product_cat?post=32973"},{"taxonomy":"product_tag","embeddable":true,"href":"https:\/\/www.koupelnapro.com\/index.php\/wp-json\/wp\/v2\/product_tag?post=32973"}],"curies":[{"name":"wp","href":"https:\/\/api.w.org\/{rel}","templated":true}]}}