{"id":32790,"date":"2026-04-26T09:15:22","date_gmt":"2026-04-26T09:15:22","guid":{"rendered":""},"modified":"2026-04-26T09:15:22","modified_gmt":"2026-04-26T09:15:22","slug":"cenove-vyhodny-vivaco-bio-pletovy-olej-pupalkovy-s-pipetou-50-ml-32790","status":"publish","type":"product","link":"https:\/\/www.koupelnapro.com\/index.php\/produkt\/cenove-vyhodny-vivaco-bio-pletovy-olej-pupalkovy-s-pipetou-50-ml-32790\/","title":{"rendered":"Cenov\u011b V\u00fdhodn\u00fd Vivaco BIO ple\u0165ov\u00fd olej pupalkov\u00fd s pipetou 50 ml"},"content":{"rendered":"<div class=\"filters-tab-box__left\">                Vysoce regenera\u010dn\u00fd a v\u00fd\u017eivn\u00fd pupalkov\u00fd olej pro zdravou a kr\u00e1snou ple\u0165. Pupalkov\u00fd olej z\u00edskan\u00fd lisov\u00e1n\u00edm za studena ze zral\u00fdch semen pupalky dvoulet\u00e9 obsahuje velmi d\u016fle\u017eitou biologicky aktivn\u00ed l\u00e1tku, a to nenasycenou mastnou kyselinu gama-linolenovou, kter\u00e1 zvl\u00e1\u010d\u0148uje, proma\u0161\u0165uje a perfektn\u011b regeneruje suchou a citlivou ple\u0165. Pom\u00e1h\u00e1 p\u0159i ko\u017en\u00edch probl\u00e9mech jako je lup\u00e9nka, atopick\u00fd ekz\u00e9m. Jemn\u00e1 mas\u00e1\u017e sp\u00e1nk\u016f olej\u00ed\u010dkem napom\u00e1h\u00e1 odplavovat \u00fanavu a stres. Je vhodn\u00fd ke ka\u017edodenn\u00ed p\u00e9\u010di o poko\u017eku a lze jej doporu\u010dit i pro d\u011bti.            <\/div>\n<div class=\"filters-tab-box__right\">\n<h2>Parametry<\/h2>\n<table>\n<tbody>\n<tr>\n<td>Balen&#237;                                            :                                        <\/td>\n<td>                                            50 ml                                        <\/td>\n<\/tr>\n<tr>\n<td>Objem                                            :                                        <\/td>\n<td>50 ml                                        <\/td>\n<\/tr>\n<\/tbody>\n<\/table><\/div>\n<\/p><\/div>\n","protected":false},"excerpt":{"rendered":"<p>Vysoce regenera\u010dn\u00fd a v\u00fd\u017eivn\u00fd pupalkov\u00fd olej pro zdravou a kr\u00e1snou ple\u0165. Pupalkov\u00fd olej z\u00edskan\u00fd lisov\u00e1n\u00edm za studena ze zral\u00fdch semen pupalky dvoulet\u00e9 obsahuje velmi d\u016fle\u017eitou biologicky aktivn\u00ed l\u00e1tku, a to nenasycenou mastnou kyselinu gama-linolenovou, kter\u00e1 zvl\u00e1\u010d\u0148uje, proma\u0161\u0165uje a perfektn\u011b regeneruje suchou a citlivou ple\u0165. Pom\u00e1h\u00e1 p\u0159i ko\u017en\u00edch probl\u00e9mech jako je lup\u00e9nka, atopick\u00fd ekz\u00e9m. Jemn\u00e1 mas\u00e1\u017e [&hellip;]<\/p>\n","protected":false},"featured_media":32890,"comment_status":"open","ping_status":"open","template":"","meta":[],"product_brand":[],"product_cat":[44],"product_tag":[],"class_list":{"0":"post-32790","1":"product","2":"type-product","3":"status-publish","4":"has-post-thumbnail","6":"product_cat-nejlepsi-prodejci","8":"first","9":"instock","10":"sale","11":"shipping-taxable","12":"purchasable","13":"product-type-simple"},"yoast_head":"<!-- This site is optimized with the Yoast SEO plugin v26.8 - https:\/\/yoast.com\/product\/yoast-seo-wordpress\/ -->\n<title>Cenov\u011b V\u00fdhodn\u00fd Vivaco BIO ple\u0165ov\u00fd olej pupalkov\u00fd s pipetou 50 ml -<\/title>\n<meta name=\"robots\" content=\"index, follow, max-snippet:-1, max-image-preview:large, max-video-preview:-1\" \/>\n<link rel=\"canonical\" href=\"https:\/\/www.koupelnapro.com\/index.php\/produkt\/cenove-vyhodny-vivaco-bio-pletovy-olej-pupalkovy-s-pipetou-50-ml-32790\/\" \/>\n<meta property=\"og:locale\" content=\"cs_CZ\" \/>\n<meta property=\"og:type\" content=\"article\" \/>\n<meta property=\"og:title\" content=\"Cenov\u011b V\u00fdhodn\u00fd Vivaco BIO ple\u0165ov\u00fd olej pupalkov\u00fd s pipetou 50 ml -\" \/>\n<meta property=\"og:description\" content=\"Vysoce regenera\u010dn\u00fd a v\u00fd\u017eivn\u00fd pupalkov\u00fd olej pro zdravou a kr\u00e1snou ple\u0165. Pupalkov\u00fd olej z\u00edskan\u00fd lisov\u00e1n\u00edm za studena ze zral\u00fdch semen pupalky dvoulet\u00e9 obsahuje velmi d\u016fle\u017eitou biologicky aktivn\u00ed l\u00e1tku, a to nenasycenou mastnou kyselinu gama-linolenovou, kter\u00e1 zvl\u00e1\u010d\u0148uje, proma\u0161\u0165uje a perfektn\u011b regeneruje suchou a citlivou ple\u0165. Pom\u00e1h\u00e1 p\u0159i ko\u017en\u00edch probl\u00e9mech jako je lup\u00e9nka, atopick\u00fd ekz\u00e9m. Jemn\u00e1 mas\u00e1\u017e [&hellip;]\" \/>\n<meta property=\"og:url\" content=\"https:\/\/www.koupelnapro.com\/index.php\/produkt\/cenove-vyhodny-vivaco-bio-pletovy-olej-pupalkovy-s-pipetou-50-ml-32790\/\" \/>\n<meta property=\"og:image\" content=\"https:\/\/www.koupelnapro.com\/wp-content\/uploads\/2026\/SK0003464-CZ20260425-092455-0-1777080297-image_of_object.webp\" \/>\n\t<meta property=\"og:image:width\" content=\"400\" \/>\n\t<meta property=\"og:image:height\" content=\"300\" \/>\n\t<meta property=\"og:image:type\" content=\"image\/webp\" \/>\n<meta name=\"twitter:card\" content=\"summary_large_image\" \/>\n<meta name=\"twitter:label1\" content=\"Odhadovan\u00e1 doba \u010dten\u00ed\" \/>\n\t<meta name=\"twitter:data1\" content=\"1 minuta\" \/>\n<script type=\"application\/ld+json\" class=\"yoast-schema-graph\">{\"@context\":\"https:\/\/schema.org\",\"@graph\":[{\"@type\":\"WebPage\",\"@id\":\"https:\/\/www.koupelnapro.com\/index.php\/produkt\/cenove-vyhodny-vivaco-bio-pletovy-olej-pupalkovy-s-pipetou-50-ml-32790\/\",\"url\":\"https:\/\/www.koupelnapro.com\/index.php\/produkt\/cenove-vyhodny-vivaco-bio-pletovy-olej-pupalkovy-s-pipetou-50-ml-32790\/\",\"name\":\"Cenov\u011b V\u00fdhodn\u00fd Vivaco BIO ple\u0165ov\u00fd olej pupalkov\u00fd s pipetou 50 ml -\",\"isPartOf\":{\"@id\":\"https:\/\/www.koupelnapro.com\/#website\"},\"primaryImageOfPage\":{\"@id\":\"https:\/\/www.koupelnapro.com\/index.php\/produkt\/cenove-vyhodny-vivaco-bio-pletovy-olej-pupalkovy-s-pipetou-50-ml-32790\/#primaryimage\"},\"image\":{\"@id\":\"https:\/\/www.koupelnapro.com\/index.php\/produkt\/cenove-vyhodny-vivaco-bio-pletovy-olej-pupalkovy-s-pipetou-50-ml-32790\/#primaryimage\"},\"thumbnailUrl\":\"https:\/\/www.koupelnapro.com\/wp-content\/uploads\/2026\/SK0003464-CZ20260425-092455-0-1777080297-image_of_object.webp\",\"datePublished\":\"2026-04-26T09:15:22+00:00\",\"breadcrumb\":{\"@id\":\"https:\/\/www.koupelnapro.com\/index.php\/produkt\/cenove-vyhodny-vivaco-bio-pletovy-olej-pupalkovy-s-pipetou-50-ml-32790\/#breadcrumb\"},\"inLanguage\":\"cs\",\"potentialAction\":[{\"@type\":\"ReadAction\",\"target\":[\"https:\/\/www.koupelnapro.com\/index.php\/produkt\/cenove-vyhodny-vivaco-bio-pletovy-olej-pupalkovy-s-pipetou-50-ml-32790\/\"]}]},{\"@type\":\"ImageObject\",\"inLanguage\":\"cs\",\"@id\":\"https:\/\/www.koupelnapro.com\/index.php\/produkt\/cenove-vyhodny-vivaco-bio-pletovy-olej-pupalkovy-s-pipetou-50-ml-32790\/#primaryimage\",\"url\":\"https:\/\/www.koupelnapro.com\/wp-content\/uploads\/2026\/SK0003464-CZ20260425-092455-0-1777080297-image_of_object.webp\",\"contentUrl\":\"https:\/\/www.koupelnapro.com\/wp-content\/uploads\/2026\/SK0003464-CZ20260425-092455-0-1777080297-image_of_object.webp\",\"width\":400,\"height\":300},{\"@type\":\"BreadcrumbList\",\"@id\":\"https:\/\/www.koupelnapro.com\/index.php\/produkt\/cenove-vyhodny-vivaco-bio-pletovy-olej-pupalkovy-s-pipetou-50-ml-32790\/#breadcrumb\",\"itemListElement\":[{\"@type\":\"ListItem\",\"position\":1,\"name\":\"Home\",\"item\":\"https:\/\/www.koupelnapro.com\/\"},{\"@type\":\"ListItem\",\"position\":2,\"name\":\"Products\",\"item\":\"https:\/\/www.koupelnapro.com\/index.php\/products\/\"},{\"@type\":\"ListItem\",\"position\":3,\"name\":\"Cenov\u011b V\u00fdhodn\u00fd Vivaco BIO ple\u0165ov\u00fd olej pupalkov\u00fd s pipetou 50 ml\"}]},{\"@type\":\"WebSite\",\"@id\":\"https:\/\/www.koupelnapro.com\/#website\",\"url\":\"https:\/\/www.koupelnapro.com\/\",\"name\":\"\",\"description\":\"\",\"potentialAction\":[{\"@type\":\"SearchAction\",\"target\":{\"@type\":\"EntryPoint\",\"urlTemplate\":\"https:\/\/www.koupelnapro.com\/?s={search_term_string}\"},\"query-input\":{\"@type\":\"PropertyValueSpecification\",\"valueRequired\":true,\"valueName\":\"search_term_string\"}}],\"inLanguage\":\"cs\"}]}<\/script>\n<!-- \/ Yoast SEO plugin. -->","yoast_head_json":{"title":"Cenov\u011b V\u00fdhodn\u00fd Vivaco BIO ple\u0165ov\u00fd olej pupalkov\u00fd s pipetou 50 ml -","robots":{"index":"index","follow":"follow","max-snippet":"max-snippet:-1","max-image-preview":"max-image-preview:large","max-video-preview":"max-video-preview:-1"},"canonical":"https:\/\/www.koupelnapro.com\/index.php\/produkt\/cenove-vyhodny-vivaco-bio-pletovy-olej-pupalkovy-s-pipetou-50-ml-32790\/","og_locale":"cs_CZ","og_type":"article","og_title":"Cenov\u011b V\u00fdhodn\u00fd Vivaco BIO ple\u0165ov\u00fd olej pupalkov\u00fd s pipetou 50 ml -","og_description":"Vysoce regenera\u010dn\u00fd a v\u00fd\u017eivn\u00fd pupalkov\u00fd olej pro zdravou a kr\u00e1snou ple\u0165. Pupalkov\u00fd olej z\u00edskan\u00fd lisov\u00e1n\u00edm za studena ze zral\u00fdch semen pupalky dvoulet\u00e9 obsahuje velmi d\u016fle\u017eitou biologicky aktivn\u00ed l\u00e1tku, a to nenasycenou mastnou kyselinu gama-linolenovou, kter\u00e1 zvl\u00e1\u010d\u0148uje, proma\u0161\u0165uje a perfektn\u011b regeneruje suchou a citlivou ple\u0165. Pom\u00e1h\u00e1 p\u0159i ko\u017en\u00edch probl\u00e9mech jako je lup\u00e9nka, atopick\u00fd ekz\u00e9m. Jemn\u00e1 mas\u00e1\u017e [&hellip;]","og_url":"https:\/\/www.koupelnapro.com\/index.php\/produkt\/cenove-vyhodny-vivaco-bio-pletovy-olej-pupalkovy-s-pipetou-50-ml-32790\/","og_image":[{"width":400,"height":300,"url":"https:\/\/www.koupelnapro.com\/wp-content\/uploads\/2026\/SK0003464-CZ20260425-092455-0-1777080297-image_of_object.webp","type":"image\/webp"}],"twitter_card":"summary_large_image","twitter_misc":{"Odhadovan\u00e1 doba \u010dten\u00ed":"1 minuta"},"schema":{"@context":"https:\/\/schema.org","@graph":[{"@type":"WebPage","@id":"https:\/\/www.koupelnapro.com\/index.php\/produkt\/cenove-vyhodny-vivaco-bio-pletovy-olej-pupalkovy-s-pipetou-50-ml-32790\/","url":"https:\/\/www.koupelnapro.com\/index.php\/produkt\/cenove-vyhodny-vivaco-bio-pletovy-olej-pupalkovy-s-pipetou-50-ml-32790\/","name":"Cenov\u011b V\u00fdhodn\u00fd Vivaco BIO ple\u0165ov\u00fd olej pupalkov\u00fd s pipetou 50 ml -","isPartOf":{"@id":"https:\/\/www.koupelnapro.com\/#website"},"primaryImageOfPage":{"@id":"https:\/\/www.koupelnapro.com\/index.php\/produkt\/cenove-vyhodny-vivaco-bio-pletovy-olej-pupalkovy-s-pipetou-50-ml-32790\/#primaryimage"},"image":{"@id":"https:\/\/www.koupelnapro.com\/index.php\/produkt\/cenove-vyhodny-vivaco-bio-pletovy-olej-pupalkovy-s-pipetou-50-ml-32790\/#primaryimage"},"thumbnailUrl":"https:\/\/www.koupelnapro.com\/wp-content\/uploads\/2026\/SK0003464-CZ20260425-092455-0-1777080297-image_of_object.webp","datePublished":"2026-04-26T09:15:22+00:00","breadcrumb":{"@id":"https:\/\/www.koupelnapro.com\/index.php\/produkt\/cenove-vyhodny-vivaco-bio-pletovy-olej-pupalkovy-s-pipetou-50-ml-32790\/#breadcrumb"},"inLanguage":"cs","potentialAction":[{"@type":"ReadAction","target":["https:\/\/www.koupelnapro.com\/index.php\/produkt\/cenove-vyhodny-vivaco-bio-pletovy-olej-pupalkovy-s-pipetou-50-ml-32790\/"]}]},{"@type":"ImageObject","inLanguage":"cs","@id":"https:\/\/www.koupelnapro.com\/index.php\/produkt\/cenove-vyhodny-vivaco-bio-pletovy-olej-pupalkovy-s-pipetou-50-ml-32790\/#primaryimage","url":"https:\/\/www.koupelnapro.com\/wp-content\/uploads\/2026\/SK0003464-CZ20260425-092455-0-1777080297-image_of_object.webp","contentUrl":"https:\/\/www.koupelnapro.com\/wp-content\/uploads\/2026\/SK0003464-CZ20260425-092455-0-1777080297-image_of_object.webp","width":400,"height":300},{"@type":"BreadcrumbList","@id":"https:\/\/www.koupelnapro.com\/index.php\/produkt\/cenove-vyhodny-vivaco-bio-pletovy-olej-pupalkovy-s-pipetou-50-ml-32790\/#breadcrumb","itemListElement":[{"@type":"ListItem","position":1,"name":"Home","item":"https:\/\/www.koupelnapro.com\/"},{"@type":"ListItem","position":2,"name":"Products","item":"https:\/\/www.koupelnapro.com\/index.php\/products\/"},{"@type":"ListItem","position":3,"name":"Cenov\u011b V\u00fdhodn\u00fd Vivaco BIO ple\u0165ov\u00fd olej pupalkov\u00fd s pipetou 50 ml"}]},{"@type":"WebSite","@id":"https:\/\/www.koupelnapro.com\/#website","url":"https:\/\/www.koupelnapro.com\/","name":"","description":"","potentialAction":[{"@type":"SearchAction","target":{"@type":"EntryPoint","urlTemplate":"https:\/\/www.koupelnapro.com\/?s={search_term_string}"},"query-input":{"@type":"PropertyValueSpecification","valueRequired":true,"valueName":"search_term_string"}}],"inLanguage":"cs"}]}},"_links":{"self":[{"href":"https:\/\/www.koupelnapro.com\/index.php\/wp-json\/wp\/v2\/product\/32790","targetHints":{"allow":["GET"]}}],"collection":[{"href":"https:\/\/www.koupelnapro.com\/index.php\/wp-json\/wp\/v2\/product"}],"about":[{"href":"https:\/\/www.koupelnapro.com\/index.php\/wp-json\/wp\/v2\/types\/product"}],"replies":[{"embeddable":true,"href":"https:\/\/www.koupelnapro.com\/index.php\/wp-json\/wp\/v2\/comments?post=32790"}],"wp:featuredmedia":[{"embeddable":true,"href":"https:\/\/www.koupelnapro.com\/index.php\/wp-json\/wp\/v2\/media\/32890"}],"wp:attachment":[{"href":"https:\/\/www.koupelnapro.com\/index.php\/wp-json\/wp\/v2\/media?parent=32790"}],"wp:term":[{"taxonomy":"product_brand","embeddable":true,"href":"https:\/\/www.koupelnapro.com\/index.php\/wp-json\/wp\/v2\/product_brand?post=32790"},{"taxonomy":"product_cat","embeddable":true,"href":"https:\/\/www.koupelnapro.com\/index.php\/wp-json\/wp\/v2\/product_cat?post=32790"},{"taxonomy":"product_tag","embeddable":true,"href":"https:\/\/www.koupelnapro.com\/index.php\/wp-json\/wp\/v2\/product_tag?post=32790"}],"curies":[{"name":"wp","href":"https:\/\/api.w.org\/{rel}","templated":true}]}}