{"id":32717,"date":"2026-04-26T09:15:22","date_gmt":"2026-04-26T09:15:22","guid":{"rendered":""},"modified":"2026-04-26T09:15:22","modified_gmt":"2026-04-26T09:15:22","slug":"znackovy-troton-multi-fuller-plnic-shs-4-1-sedy-sada-4-69-l-32717","status":"publish","type":"product","link":"https:\/\/www.koupelnapro.com\/index.php\/produkt\/znackovy-troton-multi-fuller-plnic-shs-4-1-sedy-sada-4-69-l-32717\/","title":{"rendered":"Zna\u010dkov\u00fd TROTON MULTI F\u00dcLLER Plni\u010d SHS 4:1 \u0160ed\u00fd SADA 4,69 l"},"content":{"rendered":"<div class=\"filters-tab-box__left\">\n<h2>TROTON MULTI F\u00dcLLER Plni\u010d SHS 4:1 \u0160ED\u00dd SADA 4,69 l <\/h2>\n<p>MULTI F\u00dcLLER Plni\u010d SHS 4:1 je <b>velmi kvalitn\u00ed dvouslo\u017ekov\u00fd plni\u010d \u0161ed\u00e9 barvy s vysok\u00fdm obsahem su\u0161iny<\/b>. Vyzna\u010duje se <b>vynikaj\u00edc\u00ed p\u0159ilnavost\u00ed, dobrou pln\u00edc\u00ed schopnost\u00ed a skv\u011blou brousitelnost\u00ed<\/b>. V\u00fdhodou je jednoduch\u00e1 aplikace. Vhodn\u00e9 nejen na karoserie ale i na zbrou\u0161en\u00fd a odma\u0161t\u011bn\u00fd hlin\u00edk a pozink, ocel, polyesterov\u00e9 tmely a star\u00e9 n\u00e1t\u011bry v soudr\u017en\u00e9m stavu. \u0158ed\u011bn\u00ed doporu\u010deno akryl\u00e1tov\u00fdm \u0159edidelm 10-20 % dle po\u017eadovan\u00e9 plnivosti. Lze aplikovat v n\u011bkolika tenk\u00fdch vrstv\u00e1ch.<\/p>\n<h3>Kl\u00ed\u010dov\u00e9 vlastnosti<\/h3>\n<ul class=\"vlastnosti\">\n<li><b>Velmi kvalitn\u00ed plni\u010d \u0161ed\u00e9 barvy<\/b><\/li>\n<li><b>Dobr\u00e1 pln\u00edc\u00ed schopnost a skv\u011bl\u00e1 brousitelnost<\/b><\/li>\n<li>Jednoduch\u00e1 aplikace<\/li>\n<li>V\u00fdborn\u00e1 p\u0159ilnavost (nen\u00ed pot\u0159eba reaktivn\u00ed z\u00e1klad)<\/li>\n<li>Doba zpracovatelnosti: cca 1 hodina p\u0159i 20\u00b0C<\/li>\n<li>Doba schnut\u00ed z\u00e1le\u017e\u00ed na tlou\u0161\u0165ce aplikovan\u00e9 vrstvy (60-130 micron\u016f- 3-4 hodiny p\u0159i 20\u00b0C, 130-300 micron\u016f cca 8 hodin p\u0159i 20\u00b0C)<\/li>\n<\/ul>\n<h3>Pou\u017eit\u00ed<\/h3>\n<ul class=\"pouziti\">\n<li>Sm\u011bs natu\u017e\u00edme v pom\u011bru 4:1 (tu\u017eidlo je sou\u010d\u00e1st\u00edv sady) <\/li>\n<li>\u0158ed\u00edme 10-20% akryl\u00e1tov\u00fdm \u0159edidlem (nen\u00ed sou\u010d\u00e1st\u00ed sady)<\/li>\n<li>D\u00e1le aplikujeme RP pistol\u00ed s tryskou 1,6- 2,0 mm p\u0159i tlaku 2,0-2,2 baru<\/li>\n<li>Aplikujte po\u017eadovan\u00e9 mno\u017estv\u00ed vrstev, mezi vrstvami v\u017edy 5-10 minut vy\u010dkejte<\/li>\n<li>Mezi vrstvami nen\u00ed pot\u0159eba brousit<\/li>\n<\/ul>\n<h3>Doporu\u010den\u00e9 podklady<\/h3>\n<ul class=\"podklady\">\n<li>St\u00e1vaj\u00edc\u00ed povrchy<\/li>\n<li>Termoplastick\u00e9 akryl\u00e1tov\u00e9 povrchy<\/li>\n<li>PE tmely<\/li>\n<li>Ocel<\/li>\n<li>1K ETCH primer<\/li>\n<li>2K EPOXY z\u00e1klad<\/li>\n<li>Hlin\u00edk a pozink po brou\u0161en\u00ed a odma\u0161t\u011bn\u00ed<\/li>\n<\/ul><\/div>\n<div class=\"filters-tab-box__right\">\n<h2>Parametry<\/h2>\n<table>\n<tbody>\n<tr>\n<td>Barva (n&#225;zev)                                            :                                        <\/td>\n<td>                                            \u0160ed&#253;                                        <\/td>\n<\/tr>\n<tr>\n<td>V&#253;robce                                            :                                        <\/td>\n<td>                                            Multi F&#252;ller                                        <\/td>\n<\/tr>\n<tr>\n<td>Balen&#237;                                            :                                        <\/td>\n<td>                                            \u0160ed&#253; SADA 4,69 l                                        <\/td>\n<\/tr>\n<\/tbody>\n<\/table><\/div>\n<\/p><\/div>\n","protected":false},"excerpt":{"rendered":"<p>TROTON MULTI F\u00dcLLER Plni\u010d SHS 4:1 \u0160ED\u00dd SADA 4,69 l MULTI F\u00dcLLER Plni\u010d SHS 4:1 je velmi kvalitn\u00ed dvouslo\u017ekov\u00fd plni\u010d \u0161ed\u00e9 barvy s vysok\u00fdm obsahem su\u0161iny. Vyzna\u010duje se vynikaj\u00edc\u00ed p\u0159ilnavost\u00ed, dobrou pln\u00edc\u00ed schopnost\u00ed a skv\u011blou brousitelnost\u00ed. V\u00fdhodou je jednoduch\u00e1 aplikace. Vhodn\u00e9 nejen na karoserie ale i na zbrou\u0161en\u00fd a odma\u0161t\u011bn\u00fd hlin\u00edk a pozink, ocel, polyesterov\u00e9 [&hellip;]<\/p>\n","protected":false},"featured_media":32817,"comment_status":"open","ping_status":"open","template":"","meta":[],"product_brand":[],"product_cat":[112],"product_tag":[],"class_list":{"0":"post-32717","1":"product","2":"type-product","3":"status-publish","4":"has-post-thumbnail","6":"product_cat-autolaky","8":"first","9":"instock","10":"sale","11":"shipping-taxable","12":"purchasable","13":"product-type-simple"},"yoast_head":"<!-- This site is optimized with the Yoast SEO plugin v26.8 - https:\/\/yoast.com\/product\/yoast-seo-wordpress\/ -->\n<title>Zna\u010dkov\u00fd TROTON MULTI F\u00dcLLER Plni\u010d SHS 4:1 \u0160ed\u00fd SADA 4,69 l -<\/title>\n<meta name=\"robots\" content=\"index, follow, max-snippet:-1, max-image-preview:large, max-video-preview:-1\" \/>\n<link rel=\"canonical\" href=\"https:\/\/www.koupelnapro.com\/index.php\/produkt\/znackovy-troton-multi-fuller-plnic-shs-4-1-sedy-sada-4-69-l-32717\/\" \/>\n<meta property=\"og:locale\" content=\"cs_CZ\" \/>\n<meta property=\"og:type\" content=\"article\" \/>\n<meta property=\"og:title\" content=\"Zna\u010dkov\u00fd TROTON MULTI F\u00dcLLER Plni\u010d SHS 4:1 \u0160ed\u00fd SADA 4,69 l -\" \/>\n<meta property=\"og:description\" content=\"TROTON MULTI F\u00dcLLER Plni\u010d SHS 4:1 \u0160ED\u00dd SADA 4,69 l MULTI F\u00dcLLER Plni\u010d SHS 4:1 je velmi kvalitn\u00ed dvouslo\u017ekov\u00fd plni\u010d \u0161ed\u00e9 barvy s vysok\u00fdm obsahem su\u0161iny. Vyzna\u010duje se vynikaj\u00edc\u00ed p\u0159ilnavost\u00ed, dobrou pln\u00edc\u00ed schopnost\u00ed a skv\u011blou brousitelnost\u00ed. V\u00fdhodou je jednoduch\u00e1 aplikace. Vhodn\u00e9 nejen na karoserie ale i na zbrou\u0161en\u00fd a odma\u0161t\u011bn\u00fd hlin\u00edk a pozink, ocel, polyesterov\u00e9 [&hellip;]\" \/>\n<meta property=\"og:url\" content=\"https:\/\/www.koupelnapro.com\/index.php\/produkt\/znackovy-troton-multi-fuller-plnic-shs-4-1-sedy-sada-4-69-l-32717\/\" \/>\n<meta property=\"og:image\" content=\"https:\/\/www.koupelnapro.com\/wp-content\/uploads\/2026\/SK0003389-CZ20260425-092455-0-1777080297-image_of_object.webp\" \/>\n\t<meta property=\"og:image:width\" content=\"400\" \/>\n\t<meta property=\"og:image:height\" content=\"300\" \/>\n\t<meta property=\"og:image:type\" content=\"image\/webp\" \/>\n<meta name=\"twitter:card\" content=\"summary_large_image\" \/>\n<meta name=\"twitter:label1\" content=\"Odhadovan\u00e1 doba \u010dten\u00ed\" \/>\n\t<meta name=\"twitter:data1\" content=\"1 minuta\" \/>\n<script type=\"application\/ld+json\" class=\"yoast-schema-graph\">{\"@context\":\"https:\/\/schema.org\",\"@graph\":[{\"@type\":\"WebPage\",\"@id\":\"https:\/\/www.koupelnapro.com\/index.php\/produkt\/znackovy-troton-multi-fuller-plnic-shs-4-1-sedy-sada-4-69-l-32717\/\",\"url\":\"https:\/\/www.koupelnapro.com\/index.php\/produkt\/znackovy-troton-multi-fuller-plnic-shs-4-1-sedy-sada-4-69-l-32717\/\",\"name\":\"Zna\u010dkov\u00fd TROTON MULTI F\u00dcLLER Plni\u010d SHS 4:1 \u0160ed\u00fd SADA 4,69 l -\",\"isPartOf\":{\"@id\":\"https:\/\/www.koupelnapro.com\/#website\"},\"primaryImageOfPage\":{\"@id\":\"https:\/\/www.koupelnapro.com\/index.php\/produkt\/znackovy-troton-multi-fuller-plnic-shs-4-1-sedy-sada-4-69-l-32717\/#primaryimage\"},\"image\":{\"@id\":\"https:\/\/www.koupelnapro.com\/index.php\/produkt\/znackovy-troton-multi-fuller-plnic-shs-4-1-sedy-sada-4-69-l-32717\/#primaryimage\"},\"thumbnailUrl\":\"https:\/\/www.koupelnapro.com\/wp-content\/uploads\/2026\/SK0003389-CZ20260425-092455-0-1777080297-image_of_object.webp\",\"datePublished\":\"2026-04-26T09:15:22+00:00\",\"breadcrumb\":{\"@id\":\"https:\/\/www.koupelnapro.com\/index.php\/produkt\/znackovy-troton-multi-fuller-plnic-shs-4-1-sedy-sada-4-69-l-32717\/#breadcrumb\"},\"inLanguage\":\"cs\",\"potentialAction\":[{\"@type\":\"ReadAction\",\"target\":[\"https:\/\/www.koupelnapro.com\/index.php\/produkt\/znackovy-troton-multi-fuller-plnic-shs-4-1-sedy-sada-4-69-l-32717\/\"]}]},{\"@type\":\"ImageObject\",\"inLanguage\":\"cs\",\"@id\":\"https:\/\/www.koupelnapro.com\/index.php\/produkt\/znackovy-troton-multi-fuller-plnic-shs-4-1-sedy-sada-4-69-l-32717\/#primaryimage\",\"url\":\"https:\/\/www.koupelnapro.com\/wp-content\/uploads\/2026\/SK0003389-CZ20260425-092455-0-1777080297-image_of_object.webp\",\"contentUrl\":\"https:\/\/www.koupelnapro.com\/wp-content\/uploads\/2026\/SK0003389-CZ20260425-092455-0-1777080297-image_of_object.webp\",\"width\":400,\"height\":300},{\"@type\":\"BreadcrumbList\",\"@id\":\"https:\/\/www.koupelnapro.com\/index.php\/produkt\/znackovy-troton-multi-fuller-plnic-shs-4-1-sedy-sada-4-69-l-32717\/#breadcrumb\",\"itemListElement\":[{\"@type\":\"ListItem\",\"position\":1,\"name\":\"Home\",\"item\":\"https:\/\/www.koupelnapro.com\/\"},{\"@type\":\"ListItem\",\"position\":2,\"name\":\"Products\",\"item\":\"https:\/\/www.koupelnapro.com\/index.php\/products\/\"},{\"@type\":\"ListItem\",\"position\":3,\"name\":\"Zna\u010dkov\u00fd TROTON MULTI F\u00dcLLER Plni\u010d SHS 4:1 \u0160ed\u00fd SADA 4,69 l\"}]},{\"@type\":\"WebSite\",\"@id\":\"https:\/\/www.koupelnapro.com\/#website\",\"url\":\"https:\/\/www.koupelnapro.com\/\",\"name\":\"\",\"description\":\"\",\"potentialAction\":[{\"@type\":\"SearchAction\",\"target\":{\"@type\":\"EntryPoint\",\"urlTemplate\":\"https:\/\/www.koupelnapro.com\/?s={search_term_string}\"},\"query-input\":{\"@type\":\"PropertyValueSpecification\",\"valueRequired\":true,\"valueName\":\"search_term_string\"}}],\"inLanguage\":\"cs\"}]}<\/script>\n<!-- \/ Yoast SEO plugin. -->","yoast_head_json":{"title":"Zna\u010dkov\u00fd TROTON MULTI F\u00dcLLER Plni\u010d SHS 4:1 \u0160ed\u00fd SADA 4,69 l -","robots":{"index":"index","follow":"follow","max-snippet":"max-snippet:-1","max-image-preview":"max-image-preview:large","max-video-preview":"max-video-preview:-1"},"canonical":"https:\/\/www.koupelnapro.com\/index.php\/produkt\/znackovy-troton-multi-fuller-plnic-shs-4-1-sedy-sada-4-69-l-32717\/","og_locale":"cs_CZ","og_type":"article","og_title":"Zna\u010dkov\u00fd TROTON MULTI F\u00dcLLER Plni\u010d SHS 4:1 \u0160ed\u00fd SADA 4,69 l -","og_description":"TROTON MULTI F\u00dcLLER Plni\u010d SHS 4:1 \u0160ED\u00dd SADA 4,69 l MULTI F\u00dcLLER Plni\u010d SHS 4:1 je velmi kvalitn\u00ed dvouslo\u017ekov\u00fd plni\u010d \u0161ed\u00e9 barvy s vysok\u00fdm obsahem su\u0161iny. Vyzna\u010duje se vynikaj\u00edc\u00ed p\u0159ilnavost\u00ed, dobrou pln\u00edc\u00ed schopnost\u00ed a skv\u011blou brousitelnost\u00ed. V\u00fdhodou je jednoduch\u00e1 aplikace. Vhodn\u00e9 nejen na karoserie ale i na zbrou\u0161en\u00fd a odma\u0161t\u011bn\u00fd hlin\u00edk a pozink, ocel, polyesterov\u00e9 [&hellip;]","og_url":"https:\/\/www.koupelnapro.com\/index.php\/produkt\/znackovy-troton-multi-fuller-plnic-shs-4-1-sedy-sada-4-69-l-32717\/","og_image":[{"width":400,"height":300,"url":"https:\/\/www.koupelnapro.com\/wp-content\/uploads\/2026\/SK0003389-CZ20260425-092455-0-1777080297-image_of_object.webp","type":"image\/webp"}],"twitter_card":"summary_large_image","twitter_misc":{"Odhadovan\u00e1 doba \u010dten\u00ed":"1 minuta"},"schema":{"@context":"https:\/\/schema.org","@graph":[{"@type":"WebPage","@id":"https:\/\/www.koupelnapro.com\/index.php\/produkt\/znackovy-troton-multi-fuller-plnic-shs-4-1-sedy-sada-4-69-l-32717\/","url":"https:\/\/www.koupelnapro.com\/index.php\/produkt\/znackovy-troton-multi-fuller-plnic-shs-4-1-sedy-sada-4-69-l-32717\/","name":"Zna\u010dkov\u00fd TROTON MULTI F\u00dcLLER Plni\u010d SHS 4:1 \u0160ed\u00fd SADA 4,69 l -","isPartOf":{"@id":"https:\/\/www.koupelnapro.com\/#website"},"primaryImageOfPage":{"@id":"https:\/\/www.koupelnapro.com\/index.php\/produkt\/znackovy-troton-multi-fuller-plnic-shs-4-1-sedy-sada-4-69-l-32717\/#primaryimage"},"image":{"@id":"https:\/\/www.koupelnapro.com\/index.php\/produkt\/znackovy-troton-multi-fuller-plnic-shs-4-1-sedy-sada-4-69-l-32717\/#primaryimage"},"thumbnailUrl":"https:\/\/www.koupelnapro.com\/wp-content\/uploads\/2026\/SK0003389-CZ20260425-092455-0-1777080297-image_of_object.webp","datePublished":"2026-04-26T09:15:22+00:00","breadcrumb":{"@id":"https:\/\/www.koupelnapro.com\/index.php\/produkt\/znackovy-troton-multi-fuller-plnic-shs-4-1-sedy-sada-4-69-l-32717\/#breadcrumb"},"inLanguage":"cs","potentialAction":[{"@type":"ReadAction","target":["https:\/\/www.koupelnapro.com\/index.php\/produkt\/znackovy-troton-multi-fuller-plnic-shs-4-1-sedy-sada-4-69-l-32717\/"]}]},{"@type":"ImageObject","inLanguage":"cs","@id":"https:\/\/www.koupelnapro.com\/index.php\/produkt\/znackovy-troton-multi-fuller-plnic-shs-4-1-sedy-sada-4-69-l-32717\/#primaryimage","url":"https:\/\/www.koupelnapro.com\/wp-content\/uploads\/2026\/SK0003389-CZ20260425-092455-0-1777080297-image_of_object.webp","contentUrl":"https:\/\/www.koupelnapro.com\/wp-content\/uploads\/2026\/SK0003389-CZ20260425-092455-0-1777080297-image_of_object.webp","width":400,"height":300},{"@type":"BreadcrumbList","@id":"https:\/\/www.koupelnapro.com\/index.php\/produkt\/znackovy-troton-multi-fuller-plnic-shs-4-1-sedy-sada-4-69-l-32717\/#breadcrumb","itemListElement":[{"@type":"ListItem","position":1,"name":"Home","item":"https:\/\/www.koupelnapro.com\/"},{"@type":"ListItem","position":2,"name":"Products","item":"https:\/\/www.koupelnapro.com\/index.php\/products\/"},{"@type":"ListItem","position":3,"name":"Zna\u010dkov\u00fd TROTON MULTI F\u00dcLLER Plni\u010d SHS 4:1 \u0160ed\u00fd SADA 4,69 l"}]},{"@type":"WebSite","@id":"https:\/\/www.koupelnapro.com\/#website","url":"https:\/\/www.koupelnapro.com\/","name":"","description":"","potentialAction":[{"@type":"SearchAction","target":{"@type":"EntryPoint","urlTemplate":"https:\/\/www.koupelnapro.com\/?s={search_term_string}"},"query-input":{"@type":"PropertyValueSpecification","valueRequired":true,"valueName":"search_term_string"}}],"inLanguage":"cs"}]}},"_links":{"self":[{"href":"https:\/\/www.koupelnapro.com\/index.php\/wp-json\/wp\/v2\/product\/32717","targetHints":{"allow":["GET"]}}],"collection":[{"href":"https:\/\/www.koupelnapro.com\/index.php\/wp-json\/wp\/v2\/product"}],"about":[{"href":"https:\/\/www.koupelnapro.com\/index.php\/wp-json\/wp\/v2\/types\/product"}],"replies":[{"embeddable":true,"href":"https:\/\/www.koupelnapro.com\/index.php\/wp-json\/wp\/v2\/comments?post=32717"}],"wp:featuredmedia":[{"embeddable":true,"href":"https:\/\/www.koupelnapro.com\/index.php\/wp-json\/wp\/v2\/media\/32817"}],"wp:attachment":[{"href":"https:\/\/www.koupelnapro.com\/index.php\/wp-json\/wp\/v2\/media?parent=32717"}],"wp:term":[{"taxonomy":"product_brand","embeddable":true,"href":"https:\/\/www.koupelnapro.com\/index.php\/wp-json\/wp\/v2\/product_brand?post=32717"},{"taxonomy":"product_cat","embeddable":true,"href":"https:\/\/www.koupelnapro.com\/index.php\/wp-json\/wp\/v2\/product_cat?post=32717"},{"taxonomy":"product_tag","embeddable":true,"href":"https:\/\/www.koupelnapro.com\/index.php\/wp-json\/wp\/v2\/product_tag?post=32717"}],"curies":[{"name":"wp","href":"https:\/\/api.w.org\/{rel}","templated":true}]}}