{"id":31899,"date":"2026-04-26T09:15:17","date_gmt":"2026-04-26T09:15:17","guid":{"rendered":""},"modified":"2026-04-26T09:15:17","modified_gmt":"2026-04-26T09:15:17","slug":"levny-shinemate-akumulator-b1250a-li-ion-10-8v-dc-pro-bezdratove-naradi-eb-series-5-0ah-31899","status":"publish","type":"product","link":"https:\/\/www.koupelnapro.com\/index.php\/produkt\/levny-shinemate-akumulator-b1250a-li-ion-10-8v-dc-pro-bezdratove-naradi-eb-series-5-0ah-31899\/","title":{"rendered":"Levn\u00fd ShineMate Akumul\u00e1tor B1250A Li-Ion 10,8V DC pro bezdr\u00e1tov\u00e9 n\u00e1\u0159ad\u00ed (EB series) 5.0Ah"},"content":{"rendered":"<div class=\"filters-tab-box__left\">                <DIV> <DIV class=\"flex h-svh w-screen flex-col\"> <DIV class=\"relative z-0 flex min-h-0 w-full flex-1\"> <DIV class=\"relative flex min-h-0 w-full flex-1\"> <DIV class=\"@container\/main relative flex min-w-0 flex-1 flex-col -translate-y-[calc(env(safe-area-inset-bottom,0px)\/2)] pt-[calc(env(safe-area-inset-bottom,0px)\/2)]\"> <DIV class=\"@w-sm\/main:[scrollbar-gutter:var(--stage-scroll-gutter)] touch:[scrollbar-width:none] group\/scroll-root relative flex min-h-0 min-w-0 flex-1 flex-col [scrollbar-gutter:stable] not-print:overflow-x-clip not-print:overflow-y-auto group-data-stream-active\/scroll-root:[overflow-anchor:none] scroll-pt-(--header-height) [--sticky-padding-top:var(--header-height)] [--sticky-padding-bottom:0px] [--scroll-root-safe-area-inset-top:calc(var(--sticky-padding-top)+env(safe-area-inset-top,0px))] [--scroll-root-safe-area-inset-bottom:calc(var(--sticky-padding-bottom)+var(--screen-keyboard-height,0px)+env(safe-area-inset-bottom,0px))] [--scroll-root-safe-area-height:calc(100lvh-var(--scroll-root-safe-area-inset-top)-var(--scroll-root-safe-area-inset-bottom))] has-data-[fixed-header=less-than-xl]:@w-xl\/main:scroll-pt-0 has-data-[fixed-header=less-than-xl]:@w-xl\/main:[--sticky-padding-top:0px] has-data-[fixed-header=less-than-xxl]:@w-2xl\/main:scroll-pt-0 has-data-[fixed-header=less-than-xxl]:@w-2xl\/main:[--sticky-padding-top:0px]\" data-scroll-root=\"\" data-scroll-from-top=\"\"> <DIV id=thread class=\"group\/thread flex flex-col min-h-full\"> <DIV role=presentation class=\"composer-parent flex flex-1 flex-col focus-visible:outline-0\"> <DIV class=\"relative basis-auto flex-col -mb-(--composer-overlap-px) pb-(--composer-overlap-px) [--composer-overlap-px:28px] grow flex\"> <DIV class=\"flex flex-col text-sm pb-25\"> <H2 tabIndex=0 class=\"markdown prose dark:prose-invert w-full wrap-break-word light markdown-new-styling\" data-message-author-role=\"assistant\" data-message-id=\"03a41aef-57fe-4154-b53e-cf508940650d\" data-message-model-slug=\"gpt-5-3\" data-turn-start-message=\"true\" data-start=\"0\" data-end=\"91\">Baterie ShineMate Li-Ion 10,8 V \/ 5,0 Ah B1250A \u2013 maxim\u00e1ln\u00ed v\u00fdkon pro brusky a le\u0161ti\u010dky<\/H2> <P tabIndex=0 class=\"markdown prose dark:prose-invert w-full wrap-break-word light markdown-new-styling\" data-message-author-role=\"assistant\" data-message-id=\"03a41aef-57fe-4154-b53e-cf508940650d\" data-message-model-slug=\"gpt-5-3\" data-turn-start-message=\"true\" data-start=\"93\" data-end=\"345\">Baterie ShineMate B1250A je <STRONG>v\u00fdkonn\u00e1 lithium-iontov\u00e1 baterie<\/STRONG> s nap\u011bt\u00edm <STRONG>10,8 V<\/STRONG> a vysokou <STRONG>kapacitou 5,0 Ah<\/STRONG>. Je navr\u017eena pro nejnov\u011bj\u0161\u00ed generaci brusek a le\u0161ti\u010dek ShineMate a nab\u00edz\u00ed <STRONG>dlouhou v\u00fddr\u017e i stabiln\u00ed v\u00fdkon<\/STRONG>. Je ide\u00e1ln\u00ed pro n\u00e1ro\u010dn\u00e9 a intenzivn\u00ed pr\u00e1ce. D\u00edky <STRONG>vysok\u00e9 kapacit\u011b<\/STRONG> je baterie B1250A perfektn\u00ed volbou <STRONG>pro dlouh\u00e9 a intenzivn\u00ed le\u0161tic\u00ed i brusn\u00e9 pr\u00e1ce<\/STRONG>. Minimalizuje nutnost v\u00fdm\u011bny baterie b\u011bhem pr\u00e1ce a zvy\u0161uje celkovou efektivitu. Modern\u00ed Li-Ion technologie zaji\u0161\u0165uje stabiln\u00ed v\u00fdkon bez kol\u00eds\u00e1n\u00ed nap\u011bt\u00ed.<\/P> <H3 tabIndex=0 class=\"markdown prose dark:prose-invert w-full wrap-break-word light markdown-new-styling\" data-message-author-role=\"assistant\" data-message-id=\"03a41aef-57fe-4154-b53e-cf508940650d\" data-message-model-slug=\"gpt-5-3\" data-turn-start-message=\"true\" data-start=\"347\" data-end=\"394\">Hlavn\u00ed vlastnosti baterie ShineMate B1250A:<\/H3> <DIV tabIndex=0 class=\"markdown prose dark:prose-invert w-full wrap-break-word light markdown-new-styling\" data-message-author-role=\"assistant\" data-message-id=\"03a41aef-57fe-4154-b53e-cf508940650d\" data-message-model-slug=\"gpt-5-3\" data-turn-start-message=\"true\"> <UL data-start=\"395\" data-end=\"718\"> <LI data-start=\"395\" data-end=\"475\" data-section-id=\"1n5fewf\"><STRONG>vysok\u00e1 kapacita 5,0 Ah<\/STRONG> pro del\u0161\u00ed pracovn\u00ed dobu bez nutnosti \u010dast\u00e9ho dob\u00edjen\u00ed <\/LI> <LI data-start=\"476\" data-end=\"529\" data-section-id=\"1vid10t\"><STRONG>stabiln\u00ed v\u00fdkon bez poklesu<\/STRONG> p\u0159i brou\u0161en\u00ed i le\u0161t\u011bn\u00ed <\/LI> <LI data-start=\"530\" data-end=\"595\" data-section-id=\"10j4v7z\">odoln\u00e1 a robustn\u00ed konstrukce vhodn\u00e1 pro profesion\u00e1ln\u00ed pou\u017eit\u00ed <\/LI> <LI data-start=\"596\" data-end=\"651\" data-section-id=\"lbygyl\">mo\u017enost rychl\u00e9ho nab\u00edjen\u00ed s kompatibiln\u00ed nab\u00edje\u010dkou <\/LI> <LI data-start=\"652\" data-end=\"718\" data-section-id=\"1nfiabd\"><STRONG>integrovan\u00e1 ochrana<\/STRONG> proti p\u0159ebit\u00ed, p\u0159eh\u0159\u00e1t\u00ed a hlubok\u00e9mu vybit\u00ed <\/LI><\/UL><\/DIV> <H3 tabIndex=0 class=\"flex w-full flex-col gap-1 empty:hidden\" data-message-author-role=\"assistant\" data-message-id=\"03a41aef-57fe-4154-b53e-cf508940650d\" data-message-model-slug=\"gpt-5-3\" data-turn-start-message=\"true\" data-start=\"1021\" data-end=\"1060\">V\u00fdhody lithium-iontov\u00e9 technologie:<\/H3> <DIV tabIndex=0 class=\"flex w-full flex-col gap-1 empty:hidden\" data-message-author-role=\"assistant\" data-message-id=\"03a41aef-57fe-4154-b53e-cf508940650d\" data-message-model-slug=\"gpt-5-3\" data-turn-start-message=\"true\"> <UL data-start=\"1061\" data-end=\"1250\"> <LI data-start=\"1061\" data-end=\"1129\" data-section-id=\"76za9v\">bez pam\u011b\u0165ov\u00e9ho efektu \u2013 lze dob\u00edjet kdykoliv bez ztr\u00e1ty kapacity <\/LI> <LI data-start=\"1130\" data-end=\"1198\" data-section-id=\"1dg3g58\">n\u00edzk\u00e9 samovyb\u00edjen\u00ed \u2013 p\u0159ipravena k pou\u017eit\u00ed i po del\u0161\u00edm skladov\u00e1n\u00ed <\/LI> <LI data-start=\"1199\" data-end=\"1250\" data-section-id=\"zdkedh\">dlouh\u00e1 \u017eivotnost \u2013 vy\u0161\u0161\u00ed po\u010det nab\u00edjec\u00edch cykl\u016f <\/LI><\/UL><\/DIV><\/DIV><\/DIV> <DIV class=\"-mt-4 text-token-text-secondary relative w-full overflow-hidden text-center text-xs [view-transition-name:var(--vt-disclaimer)] md:px-[60px]\"><\/DIV><\/DIV><\/DIV><\/MAIN><\/DIV><\/DIV><\/DIV><\/DIV> <DIV><\/DIV><\/DIV><\/DIV><DIALOG class=\"group\/dialog @container inset-0 min-h-full min-w-full items-center justify-center overflow-auto overscroll-y-contain bg-[rgba(0,0,0,0.5)] whitespace-normal backdrop-blur-[1px]\"><\/DIALOG><\/AUDIO>            <\/div>\n<div class=\"filters-tab-box__right\">\n<h2>Parametry<\/h2>\n<table>\n<tbody>\n<tr>\n<td>V&#253;robce                                            :                                        <\/td>\n<td>                                            ShineMate                                        <\/td>\n<\/tr>\n<\/tbody>\n<\/table><\/div>\n<\/p><\/div>\n","protected":false},"excerpt":{"rendered":"<p>Baterie ShineMate Li-Ion 10,8 V \/ 5,0 Ah B1250A \u2013 maxim\u00e1ln\u00ed v\u00fdkon pro brusky a le\u0161ti\u010dky Baterie ShineMate B1250A je v\u00fdkonn\u00e1 lithium-iontov\u00e1 baterie s nap\u011bt\u00edm 10,8 V a vysokou kapacitou 5,0 Ah. Je navr\u017eena pro nejnov\u011bj\u0161\u00ed generaci brusek a le\u0161ti\u010dek ShineMate a nab\u00edz\u00ed dlouhou v\u00fddr\u017e i stabiln\u00ed v\u00fdkon. Je ide\u00e1ln\u00ed pro n\u00e1ro\u010dn\u00e9 a intenzivn\u00ed pr\u00e1ce. [&hellip;]<\/p>\n","protected":false},"featured_media":31999,"comment_status":"open","ping_status":"open","template":"","meta":[],"product_brand":[],"product_cat":[44],"product_tag":[],"class_list":{"0":"post-31899","1":"product","2":"type-product","3":"status-publish","4":"has-post-thumbnail","6":"product_cat-nejlepsi-prodejci","8":"first","9":"instock","10":"sale","11":"shipping-taxable","12":"purchasable","13":"product-type-simple"},"yoast_head":"<!-- This site is optimized with the Yoast SEO plugin v26.8 - https:\/\/yoast.com\/product\/yoast-seo-wordpress\/ -->\n<title>Levn\u00fd ShineMate Akumul\u00e1tor B1250A Li-Ion 10,8V DC pro bezdr\u00e1tov\u00e9 n\u00e1\u0159ad\u00ed (EB series) 5.0Ah -<\/title>\n<meta name=\"robots\" content=\"index, follow, max-snippet:-1, max-image-preview:large, max-video-preview:-1\" \/>\n<link rel=\"canonical\" href=\"https:\/\/www.koupelnapro.com\/index.php\/produkt\/levny-shinemate-akumulator-b1250a-li-ion-10-8v-dc-pro-bezdratove-naradi-eb-series-5-0ah-31899\/\" \/>\n<meta property=\"og:locale\" content=\"cs_CZ\" \/>\n<meta property=\"og:type\" content=\"article\" \/>\n<meta property=\"og:title\" content=\"Levn\u00fd ShineMate Akumul\u00e1tor B1250A Li-Ion 10,8V DC pro bezdr\u00e1tov\u00e9 n\u00e1\u0159ad\u00ed (EB series) 5.0Ah -\" \/>\n<meta property=\"og:description\" content=\"Baterie ShineMate Li-Ion 10,8 V \/ 5,0 Ah B1250A \u2013 maxim\u00e1ln\u00ed v\u00fdkon pro brusky a le\u0161ti\u010dky Baterie ShineMate B1250A je v\u00fdkonn\u00e1 lithium-iontov\u00e1 baterie s nap\u011bt\u00edm 10,8 V a vysokou kapacitou 5,0 Ah. Je navr\u017eena pro nejnov\u011bj\u0161\u00ed generaci brusek a le\u0161ti\u010dek ShineMate a nab\u00edz\u00ed dlouhou v\u00fddr\u017e i stabiln\u00ed v\u00fdkon. Je ide\u00e1ln\u00ed pro n\u00e1ro\u010dn\u00e9 a intenzivn\u00ed pr\u00e1ce. [&hellip;]\" \/>\n<meta property=\"og:url\" content=\"https:\/\/www.koupelnapro.com\/index.php\/produkt\/levny-shinemate-akumulator-b1250a-li-ion-10-8v-dc-pro-bezdratove-naradi-eb-series-5-0ah-31899\/\" \/>\n<meta property=\"og:image\" content=\"https:\/\/www.koupelnapro.com\/wp-content\/uploads\/2026\/SK0002962-CZ20260425-092455-0-1777080297-image_of_object.webp\" \/>\n\t<meta property=\"og:image:width\" content=\"400\" \/>\n\t<meta property=\"og:image:height\" content=\"300\" \/>\n\t<meta property=\"og:image:type\" content=\"image\/webp\" \/>\n<meta name=\"twitter:card\" content=\"summary_large_image\" \/>\n<meta name=\"twitter:label1\" content=\"Odhadovan\u00e1 doba \u010dten\u00ed\" \/>\n\t<meta name=\"twitter:data1\" content=\"1 minuta\" \/>\n<script type=\"application\/ld+json\" class=\"yoast-schema-graph\">{\"@context\":\"https:\/\/schema.org\",\"@graph\":[{\"@type\":\"WebPage\",\"@id\":\"https:\/\/www.koupelnapro.com\/index.php\/produkt\/levny-shinemate-akumulator-b1250a-li-ion-10-8v-dc-pro-bezdratove-naradi-eb-series-5-0ah-31899\/\",\"url\":\"https:\/\/www.koupelnapro.com\/index.php\/produkt\/levny-shinemate-akumulator-b1250a-li-ion-10-8v-dc-pro-bezdratove-naradi-eb-series-5-0ah-31899\/\",\"name\":\"Levn\u00fd ShineMate Akumul\u00e1tor B1250A Li-Ion 10,8V DC pro bezdr\u00e1tov\u00e9 n\u00e1\u0159ad\u00ed (EB series) 5.0Ah -\",\"isPartOf\":{\"@id\":\"https:\/\/www.koupelnapro.com\/#website\"},\"primaryImageOfPage\":{\"@id\":\"https:\/\/www.koupelnapro.com\/index.php\/produkt\/levny-shinemate-akumulator-b1250a-li-ion-10-8v-dc-pro-bezdratove-naradi-eb-series-5-0ah-31899\/#primaryimage\"},\"image\":{\"@id\":\"https:\/\/www.koupelnapro.com\/index.php\/produkt\/levny-shinemate-akumulator-b1250a-li-ion-10-8v-dc-pro-bezdratove-naradi-eb-series-5-0ah-31899\/#primaryimage\"},\"thumbnailUrl\":\"https:\/\/www.koupelnapro.com\/wp-content\/uploads\/2026\/SK0002962-CZ20260425-092455-0-1777080297-image_of_object.webp\",\"datePublished\":\"2026-04-26T09:15:17+00:00\",\"breadcrumb\":{\"@id\":\"https:\/\/www.koupelnapro.com\/index.php\/produkt\/levny-shinemate-akumulator-b1250a-li-ion-10-8v-dc-pro-bezdratove-naradi-eb-series-5-0ah-31899\/#breadcrumb\"},\"inLanguage\":\"cs\",\"potentialAction\":[{\"@type\":\"ReadAction\",\"target\":[\"https:\/\/www.koupelnapro.com\/index.php\/produkt\/levny-shinemate-akumulator-b1250a-li-ion-10-8v-dc-pro-bezdratove-naradi-eb-series-5-0ah-31899\/\"]}]},{\"@type\":\"ImageObject\",\"inLanguage\":\"cs\",\"@id\":\"https:\/\/www.koupelnapro.com\/index.php\/produkt\/levny-shinemate-akumulator-b1250a-li-ion-10-8v-dc-pro-bezdratove-naradi-eb-series-5-0ah-31899\/#primaryimage\",\"url\":\"https:\/\/www.koupelnapro.com\/wp-content\/uploads\/2026\/SK0002962-CZ20260425-092455-0-1777080297-image_of_object.webp\",\"contentUrl\":\"https:\/\/www.koupelnapro.com\/wp-content\/uploads\/2026\/SK0002962-CZ20260425-092455-0-1777080297-image_of_object.webp\",\"width\":400,\"height\":300},{\"@type\":\"BreadcrumbList\",\"@id\":\"https:\/\/www.koupelnapro.com\/index.php\/produkt\/levny-shinemate-akumulator-b1250a-li-ion-10-8v-dc-pro-bezdratove-naradi-eb-series-5-0ah-31899\/#breadcrumb\",\"itemListElement\":[{\"@type\":\"ListItem\",\"position\":1,\"name\":\"Home\",\"item\":\"https:\/\/www.koupelnapro.com\/\"},{\"@type\":\"ListItem\",\"position\":2,\"name\":\"Products\",\"item\":\"https:\/\/www.koupelnapro.com\/index.php\/products\/\"},{\"@type\":\"ListItem\",\"position\":3,\"name\":\"Levn\u00fd ShineMate Akumul\u00e1tor B1250A Li-Ion 10,8V DC pro bezdr\u00e1tov\u00e9 n\u00e1\u0159ad\u00ed (EB series) 5.0Ah\"}]},{\"@type\":\"WebSite\",\"@id\":\"https:\/\/www.koupelnapro.com\/#website\",\"url\":\"https:\/\/www.koupelnapro.com\/\",\"name\":\"\",\"description\":\"\",\"potentialAction\":[{\"@type\":\"SearchAction\",\"target\":{\"@type\":\"EntryPoint\",\"urlTemplate\":\"https:\/\/www.koupelnapro.com\/?s={search_term_string}\"},\"query-input\":{\"@type\":\"PropertyValueSpecification\",\"valueRequired\":true,\"valueName\":\"search_term_string\"}}],\"inLanguage\":\"cs\"}]}<\/script>\n<!-- \/ Yoast SEO plugin. -->","yoast_head_json":{"title":"Levn\u00fd ShineMate Akumul\u00e1tor B1250A Li-Ion 10,8V DC pro bezdr\u00e1tov\u00e9 n\u00e1\u0159ad\u00ed (EB series) 5.0Ah -","robots":{"index":"index","follow":"follow","max-snippet":"max-snippet:-1","max-image-preview":"max-image-preview:large","max-video-preview":"max-video-preview:-1"},"canonical":"https:\/\/www.koupelnapro.com\/index.php\/produkt\/levny-shinemate-akumulator-b1250a-li-ion-10-8v-dc-pro-bezdratove-naradi-eb-series-5-0ah-31899\/","og_locale":"cs_CZ","og_type":"article","og_title":"Levn\u00fd ShineMate Akumul\u00e1tor B1250A Li-Ion 10,8V DC pro bezdr\u00e1tov\u00e9 n\u00e1\u0159ad\u00ed (EB series) 5.0Ah -","og_description":"Baterie ShineMate Li-Ion 10,8 V \/ 5,0 Ah B1250A \u2013 maxim\u00e1ln\u00ed v\u00fdkon pro brusky a le\u0161ti\u010dky Baterie ShineMate B1250A je v\u00fdkonn\u00e1 lithium-iontov\u00e1 baterie s nap\u011bt\u00edm 10,8 V a vysokou kapacitou 5,0 Ah. Je navr\u017eena pro nejnov\u011bj\u0161\u00ed generaci brusek a le\u0161ti\u010dek ShineMate a nab\u00edz\u00ed dlouhou v\u00fddr\u017e i stabiln\u00ed v\u00fdkon. Je ide\u00e1ln\u00ed pro n\u00e1ro\u010dn\u00e9 a intenzivn\u00ed pr\u00e1ce. [&hellip;]","og_url":"https:\/\/www.koupelnapro.com\/index.php\/produkt\/levny-shinemate-akumulator-b1250a-li-ion-10-8v-dc-pro-bezdratove-naradi-eb-series-5-0ah-31899\/","og_image":[{"width":400,"height":300,"url":"https:\/\/www.koupelnapro.com\/wp-content\/uploads\/2026\/SK0002962-CZ20260425-092455-0-1777080297-image_of_object.webp","type":"image\/webp"}],"twitter_card":"summary_large_image","twitter_misc":{"Odhadovan\u00e1 doba \u010dten\u00ed":"1 minuta"},"schema":{"@context":"https:\/\/schema.org","@graph":[{"@type":"WebPage","@id":"https:\/\/www.koupelnapro.com\/index.php\/produkt\/levny-shinemate-akumulator-b1250a-li-ion-10-8v-dc-pro-bezdratove-naradi-eb-series-5-0ah-31899\/","url":"https:\/\/www.koupelnapro.com\/index.php\/produkt\/levny-shinemate-akumulator-b1250a-li-ion-10-8v-dc-pro-bezdratove-naradi-eb-series-5-0ah-31899\/","name":"Levn\u00fd ShineMate Akumul\u00e1tor B1250A Li-Ion 10,8V DC pro bezdr\u00e1tov\u00e9 n\u00e1\u0159ad\u00ed (EB series) 5.0Ah -","isPartOf":{"@id":"https:\/\/www.koupelnapro.com\/#website"},"primaryImageOfPage":{"@id":"https:\/\/www.koupelnapro.com\/index.php\/produkt\/levny-shinemate-akumulator-b1250a-li-ion-10-8v-dc-pro-bezdratove-naradi-eb-series-5-0ah-31899\/#primaryimage"},"image":{"@id":"https:\/\/www.koupelnapro.com\/index.php\/produkt\/levny-shinemate-akumulator-b1250a-li-ion-10-8v-dc-pro-bezdratove-naradi-eb-series-5-0ah-31899\/#primaryimage"},"thumbnailUrl":"https:\/\/www.koupelnapro.com\/wp-content\/uploads\/2026\/SK0002962-CZ20260425-092455-0-1777080297-image_of_object.webp","datePublished":"2026-04-26T09:15:17+00:00","breadcrumb":{"@id":"https:\/\/www.koupelnapro.com\/index.php\/produkt\/levny-shinemate-akumulator-b1250a-li-ion-10-8v-dc-pro-bezdratove-naradi-eb-series-5-0ah-31899\/#breadcrumb"},"inLanguage":"cs","potentialAction":[{"@type":"ReadAction","target":["https:\/\/www.koupelnapro.com\/index.php\/produkt\/levny-shinemate-akumulator-b1250a-li-ion-10-8v-dc-pro-bezdratove-naradi-eb-series-5-0ah-31899\/"]}]},{"@type":"ImageObject","inLanguage":"cs","@id":"https:\/\/www.koupelnapro.com\/index.php\/produkt\/levny-shinemate-akumulator-b1250a-li-ion-10-8v-dc-pro-bezdratove-naradi-eb-series-5-0ah-31899\/#primaryimage","url":"https:\/\/www.koupelnapro.com\/wp-content\/uploads\/2026\/SK0002962-CZ20260425-092455-0-1777080297-image_of_object.webp","contentUrl":"https:\/\/www.koupelnapro.com\/wp-content\/uploads\/2026\/SK0002962-CZ20260425-092455-0-1777080297-image_of_object.webp","width":400,"height":300},{"@type":"BreadcrumbList","@id":"https:\/\/www.koupelnapro.com\/index.php\/produkt\/levny-shinemate-akumulator-b1250a-li-ion-10-8v-dc-pro-bezdratove-naradi-eb-series-5-0ah-31899\/#breadcrumb","itemListElement":[{"@type":"ListItem","position":1,"name":"Home","item":"https:\/\/www.koupelnapro.com\/"},{"@type":"ListItem","position":2,"name":"Products","item":"https:\/\/www.koupelnapro.com\/index.php\/products\/"},{"@type":"ListItem","position":3,"name":"Levn\u00fd ShineMate Akumul\u00e1tor B1250A Li-Ion 10,8V DC pro bezdr\u00e1tov\u00e9 n\u00e1\u0159ad\u00ed (EB series) 5.0Ah"}]},{"@type":"WebSite","@id":"https:\/\/www.koupelnapro.com\/#website","url":"https:\/\/www.koupelnapro.com\/","name":"","description":"","potentialAction":[{"@type":"SearchAction","target":{"@type":"EntryPoint","urlTemplate":"https:\/\/www.koupelnapro.com\/?s={search_term_string}"},"query-input":{"@type":"PropertyValueSpecification","valueRequired":true,"valueName":"search_term_string"}}],"inLanguage":"cs"}]}},"_links":{"self":[{"href":"https:\/\/www.koupelnapro.com\/index.php\/wp-json\/wp\/v2\/product\/31899","targetHints":{"allow":["GET"]}}],"collection":[{"href":"https:\/\/www.koupelnapro.com\/index.php\/wp-json\/wp\/v2\/product"}],"about":[{"href":"https:\/\/www.koupelnapro.com\/index.php\/wp-json\/wp\/v2\/types\/product"}],"replies":[{"embeddable":true,"href":"https:\/\/www.koupelnapro.com\/index.php\/wp-json\/wp\/v2\/comments?post=31899"}],"wp:featuredmedia":[{"embeddable":true,"href":"https:\/\/www.koupelnapro.com\/index.php\/wp-json\/wp\/v2\/media\/31999"}],"wp:attachment":[{"href":"https:\/\/www.koupelnapro.com\/index.php\/wp-json\/wp\/v2\/media?parent=31899"}],"wp:term":[{"taxonomy":"product_brand","embeddable":true,"href":"https:\/\/www.koupelnapro.com\/index.php\/wp-json\/wp\/v2\/product_brand?post=31899"},{"taxonomy":"product_cat","embeddable":true,"href":"https:\/\/www.koupelnapro.com\/index.php\/wp-json\/wp\/v2\/product_cat?post=31899"},{"taxonomy":"product_tag","embeddable":true,"href":"https:\/\/www.koupelnapro.com\/index.php\/wp-json\/wp\/v2\/product_tag?post=31899"}],"curies":[{"name":"wp","href":"https:\/\/api.w.org\/{rel}","templated":true}]}}