{"id":31756,"date":"2026-04-26T09:15:16","date_gmt":"2026-04-26T09:15:16","guid":{"rendered":""},"modified":"2026-04-26T09:15:16","modified_gmt":"2026-04-26T09:15:16","slug":"rust-oleum-fillcoat-fibres-tmave-seda-1-l-overeny-31756","status":"publish","type":"product","link":"https:\/\/www.koupelnapro.com\/index.php\/produkt\/rust-oleum-fillcoat-fibres-tmave-seda-1-l-overeny-31756\/","title":{"rendered":"RUST-OLEUM FILLCOAT FIBRES tmav\u011b \u0161ed\u00e1 1 l Ov\u011b\u0159en\u00fd"},"content":{"rendered":"<div class=\"filters-tab-box__left\">\n<h2>Rust-Oleum Fillcoat Fibres tmav\u011b \u0161ed\u00e1 1 L<\/h2>\n<p><b> Rust-Oleum Fillcoat Fibres<\/b> je<b> jedine\u010dn\u00e1 elastick\u00e1 barva, kter\u00e1 okam\u017eit\u011b zabra\u0148uje pr\u016fsak\u016fm a zat\u00e9k\u00e1n\u00ed vody a opravuje trhliny a\u017e do 2 mm.<\/b> Tento opravn\u00fd n\u00e1t\u011br je UV stabiln\u00ed, <b>jednoslo\u017ekov\u00fd (bez nutnosti tu\u017een\u00ed), elastick\u00fd, okam\u017eit\u011b vodot\u011bsn\u00fd, pou\u017eiteln\u00fd za jak\u00fdchkoli pov\u011btrnostn\u00edch podm\u00ednek <\/b>(vyjma sn\u011bhu). Je mo\u017en\u00e9 jej aplikovat i na mokr\u00fd povrch \u010di za de\u0161t\u011b. M\u00e1 vynikaj\u00edc\u00ed p\u0159ilnavost k r\u016fzn\u00fdm podklad\u016fm, spojuje a ut\u011bs\u0148uje zv\u011btral\u00e9 povrchy, opravuje trhlihy, praskliny a otvory a\u017e 2 mm velk\u00e9. Z\u016fst\u00e1v\u00e1 <b>flexibiln\u00ed i hork\u00e9m i chladn\u00e9m po\u010das\u00ed.<\/b>  Vhodn\u00e9 pou\u017eit\u00ed na st\u0159echy, nepochoz\u00ed terasy, okapy, h\u0159ebeny, kom\u00edny, trubky atd. D\u00e1le mo\u017eno aplikovat i na bitumen, PVC, kov, dla\u017edice a sklo. Lze nan\u00e1\u0161et \u0161t\u011btcem. Bez nutnosti \u0159ed\u011bn\u00ed.<\/p>\n<h3>Kl\u00ed\u010dov\u00e9 vlastnosti<\/h3>\n<ul class=\"vlastnosti\">\n<li><b>Jednoslo\u017ekov\u00fd, elastick\u00fd n\u00e1t\u011br<\/b><\/li>\n<li><b>Okam\u017eit\u011b vodot\u011bsn\u00fd<\/b><\/li>\n<li><b>Lze aplikovat i na mokr\u00fd povrch za ka\u017ed\u00e9ho po\u010das\u00ed<\/b><\/li>\n<li><b>Vynikaj\u00edc\u00ed pp\u0159ilnavost k r\u016fzn\u00fdm povrch\u016fm<\/b><\/li>\n<li>S obsahem skeln\u00e9ho vl\u00e1kna<\/li>\n<li>Teoretick\u00e1 vydatnost: 1,5 L\/ m2<\/li>\n<\/ul>\n<h3>Pou\u017eit\u00ed<\/h3>\n<ul class=\"pouziti\">\n<li>P\u0159ed pou\u017eit\u00edm je nutn\u00e9 barvu d\u016fkladn\u011b rozm\u00edchat<\/li>\n<li>O\u010dist\u011bte opravovan\u00e1 m\u00edstaa tvrd\u00fdm ko\u0161t\u011btem nebo houbou<\/li>\n<li>N\u00e1t\u011br aplikujte p\u0159\u00edmo na asfaltov\u00e9 podklady, tvrd\u00e9 PVC, polyester, zinek, hlin\u00edk, sklo, dla\u017edice, atd.<\/li>\n<li>Por\u00e9zn\u00ed materi\u00e1ly (Beton, k\u00e1men, d\u0159evo) mus\u00ed b\u00fdt nejprve vysu\u0161eny a o\u0161et\u0159eny vhodn\u00fdm primerem<\/li>\n<li> Nelze aplikovat na polystyrenovou izolaci a \u010derstv\u00fd beton<\/li>\n<li>P\u0159elakovateln\u00e9 po cca 6 t\u00fddnech<\/li>\n<\/ul>\n<h3>Doporu\u010den\u00e9 podklady<\/h3>\n<ul class=\"podklady\">\n<li>Asfalt<\/li>\n<li>Tvrd\u00e9 PVC<\/li>\n<li>Polyester<\/li>\n<li>Zinek<\/li>\n<li>Hlin\u00edk<\/li>\n<li>Sklo<\/li>\n<li>Dla\u017edice<\/li>\n<li>Kov<\/li>\n<li>Beton<\/li>\n<li>K\u00e1men<\/li>\n<li>D\u0159evo<\/li>\n<\/ul><\/div>\n<div class=\"filters-tab-box__right\">\n<h2>Parametry<\/h2>\n<table>\n<tbody>\n<tr>\n<td>Barva (n&#225;zev)                                            :                                        <\/td>\n<td>                                            tmav\u011b \u0161ed&#225;                                        <\/td>\n<\/tr>\n<tr>\n<td>Vydatnost                                            :                                        <\/td>\n<td>                                            1 m2\/l                                        <\/td>\n<\/tr>\n<tr>\n<td>Balen&#237;                                            :                                        <\/td>\n<td>                                            1 l                                        <\/td>\n<\/tr>\n<tr>\n<td>Objem                                            :                                        <\/td>\n<td>1 l                                        <\/td>\n<\/tr>\n<\/tbody>\n<\/table><\/div>\n<\/p><\/div>\n","protected":false},"excerpt":{"rendered":"<p>Rust-Oleum Fillcoat Fibres tmav\u011b \u0161ed\u00e1 1 L Rust-Oleum Fillcoat Fibres je jedine\u010dn\u00e1 elastick\u00e1 barva, kter\u00e1 okam\u017eit\u011b zabra\u0148uje pr\u016fsak\u016fm a zat\u00e9k\u00e1n\u00ed vody a opravuje trhliny a\u017e do 2 mm. Tento opravn\u00fd n\u00e1t\u011br je UV stabiln\u00ed, jednoslo\u017ekov\u00fd (bez nutnosti tu\u017een\u00ed), elastick\u00fd, okam\u017eit\u011b vodot\u011bsn\u00fd, pou\u017eiteln\u00fd za jak\u00fdchkoli pov\u011btrnostn\u00edch podm\u00ednek (vyjma sn\u011bhu). Je mo\u017en\u00e9 jej aplikovat i na mokr\u00fd [&hellip;]<\/p>\n","protected":false},"featured_media":31856,"comment_status":"open","ping_status":"open","template":"","meta":[],"product_brand":[],"product_cat":[44],"product_tag":[],"class_list":{"0":"post-31756","1":"product","2":"type-product","3":"status-publish","4":"has-post-thumbnail","6":"product_cat-nejlepsi-prodejci","8":"first","9":"instock","10":"sale","11":"shipping-taxable","12":"purchasable","13":"product-type-simple"},"yoast_head":"<!-- This site is optimized with the Yoast SEO plugin v26.8 - https:\/\/yoast.com\/product\/yoast-seo-wordpress\/ -->\n<title>RUST-OLEUM FILLCOAT FIBRES tmav\u011b \u0161ed\u00e1 1 l Ov\u011b\u0159en\u00fd -<\/title>\n<meta name=\"robots\" content=\"index, follow, max-snippet:-1, max-image-preview:large, max-video-preview:-1\" \/>\n<link rel=\"canonical\" href=\"https:\/\/www.koupelnapro.com\/index.php\/produkt\/rust-oleum-fillcoat-fibres-tmave-seda-1-l-overeny-31756\/\" \/>\n<meta property=\"og:locale\" content=\"cs_CZ\" \/>\n<meta property=\"og:type\" content=\"article\" \/>\n<meta property=\"og:title\" content=\"RUST-OLEUM FILLCOAT FIBRES tmav\u011b \u0161ed\u00e1 1 l Ov\u011b\u0159en\u00fd -\" \/>\n<meta property=\"og:description\" content=\"Rust-Oleum Fillcoat Fibres tmav\u011b \u0161ed\u00e1 1 L Rust-Oleum Fillcoat Fibres je jedine\u010dn\u00e1 elastick\u00e1 barva, kter\u00e1 okam\u017eit\u011b zabra\u0148uje pr\u016fsak\u016fm a zat\u00e9k\u00e1n\u00ed vody a opravuje trhliny a\u017e do 2 mm. Tento opravn\u00fd n\u00e1t\u011br je UV stabiln\u00ed, jednoslo\u017ekov\u00fd (bez nutnosti tu\u017een\u00ed), elastick\u00fd, okam\u017eit\u011b vodot\u011bsn\u00fd, pou\u017eiteln\u00fd za jak\u00fdchkoli pov\u011btrnostn\u00edch podm\u00ednek (vyjma sn\u011bhu). Je mo\u017en\u00e9 jej aplikovat i na mokr\u00fd [&hellip;]\" \/>\n<meta property=\"og:url\" content=\"https:\/\/www.koupelnapro.com\/index.php\/produkt\/rust-oleum-fillcoat-fibres-tmave-seda-1-l-overeny-31756\/\" \/>\n<meta property=\"og:image\" content=\"https:\/\/www.koupelnapro.com\/wp-content\/uploads\/2026\/SK0002919-CZ20260425-092455-0-1777080297-image_of_object.webp\" \/>\n\t<meta property=\"og:image:width\" content=\"400\" \/>\n\t<meta property=\"og:image:height\" content=\"300\" \/>\n\t<meta property=\"og:image:type\" content=\"image\/webp\" \/>\n<meta name=\"twitter:card\" content=\"summary_large_image\" \/>\n<meta name=\"twitter:label1\" content=\"Odhadovan\u00e1 doba \u010dten\u00ed\" \/>\n\t<meta name=\"twitter:data1\" content=\"2 minuty\" \/>\n<script type=\"application\/ld+json\" class=\"yoast-schema-graph\">{\"@context\":\"https:\/\/schema.org\",\"@graph\":[{\"@type\":\"WebPage\",\"@id\":\"https:\/\/www.koupelnapro.com\/index.php\/produkt\/rust-oleum-fillcoat-fibres-tmave-seda-1-l-overeny-31756\/\",\"url\":\"https:\/\/www.koupelnapro.com\/index.php\/produkt\/rust-oleum-fillcoat-fibres-tmave-seda-1-l-overeny-31756\/\",\"name\":\"RUST-OLEUM FILLCOAT FIBRES tmav\u011b \u0161ed\u00e1 1 l Ov\u011b\u0159en\u00fd -\",\"isPartOf\":{\"@id\":\"https:\/\/www.koupelnapro.com\/#website\"},\"primaryImageOfPage\":{\"@id\":\"https:\/\/www.koupelnapro.com\/index.php\/produkt\/rust-oleum-fillcoat-fibres-tmave-seda-1-l-overeny-31756\/#primaryimage\"},\"image\":{\"@id\":\"https:\/\/www.koupelnapro.com\/index.php\/produkt\/rust-oleum-fillcoat-fibres-tmave-seda-1-l-overeny-31756\/#primaryimage\"},\"thumbnailUrl\":\"https:\/\/www.koupelnapro.com\/wp-content\/uploads\/2026\/SK0002919-CZ20260425-092455-0-1777080297-image_of_object.webp\",\"datePublished\":\"2026-04-26T09:15:16+00:00\",\"breadcrumb\":{\"@id\":\"https:\/\/www.koupelnapro.com\/index.php\/produkt\/rust-oleum-fillcoat-fibres-tmave-seda-1-l-overeny-31756\/#breadcrumb\"},\"inLanguage\":\"cs\",\"potentialAction\":[{\"@type\":\"ReadAction\",\"target\":[\"https:\/\/www.koupelnapro.com\/index.php\/produkt\/rust-oleum-fillcoat-fibres-tmave-seda-1-l-overeny-31756\/\"]}]},{\"@type\":\"ImageObject\",\"inLanguage\":\"cs\",\"@id\":\"https:\/\/www.koupelnapro.com\/index.php\/produkt\/rust-oleum-fillcoat-fibres-tmave-seda-1-l-overeny-31756\/#primaryimage\",\"url\":\"https:\/\/www.koupelnapro.com\/wp-content\/uploads\/2026\/SK0002919-CZ20260425-092455-0-1777080297-image_of_object.webp\",\"contentUrl\":\"https:\/\/www.koupelnapro.com\/wp-content\/uploads\/2026\/SK0002919-CZ20260425-092455-0-1777080297-image_of_object.webp\",\"width\":400,\"height\":300},{\"@type\":\"BreadcrumbList\",\"@id\":\"https:\/\/www.koupelnapro.com\/index.php\/produkt\/rust-oleum-fillcoat-fibres-tmave-seda-1-l-overeny-31756\/#breadcrumb\",\"itemListElement\":[{\"@type\":\"ListItem\",\"position\":1,\"name\":\"Home\",\"item\":\"https:\/\/www.koupelnapro.com\/\"},{\"@type\":\"ListItem\",\"position\":2,\"name\":\"Products\",\"item\":\"https:\/\/www.koupelnapro.com\/index.php\/products\/\"},{\"@type\":\"ListItem\",\"position\":3,\"name\":\"RUST-OLEUM FILLCOAT FIBRES tmav\u011b \u0161ed\u00e1 1 l Ov\u011b\u0159en\u00fd\"}]},{\"@type\":\"WebSite\",\"@id\":\"https:\/\/www.koupelnapro.com\/#website\",\"url\":\"https:\/\/www.koupelnapro.com\/\",\"name\":\"\",\"description\":\"\",\"potentialAction\":[{\"@type\":\"SearchAction\",\"target\":{\"@type\":\"EntryPoint\",\"urlTemplate\":\"https:\/\/www.koupelnapro.com\/?s={search_term_string}\"},\"query-input\":{\"@type\":\"PropertyValueSpecification\",\"valueRequired\":true,\"valueName\":\"search_term_string\"}}],\"inLanguage\":\"cs\"}]}<\/script>\n<!-- \/ Yoast SEO plugin. -->","yoast_head_json":{"title":"RUST-OLEUM FILLCOAT FIBRES tmav\u011b \u0161ed\u00e1 1 l Ov\u011b\u0159en\u00fd -","robots":{"index":"index","follow":"follow","max-snippet":"max-snippet:-1","max-image-preview":"max-image-preview:large","max-video-preview":"max-video-preview:-1"},"canonical":"https:\/\/www.koupelnapro.com\/index.php\/produkt\/rust-oleum-fillcoat-fibres-tmave-seda-1-l-overeny-31756\/","og_locale":"cs_CZ","og_type":"article","og_title":"RUST-OLEUM FILLCOAT FIBRES tmav\u011b \u0161ed\u00e1 1 l Ov\u011b\u0159en\u00fd -","og_description":"Rust-Oleum Fillcoat Fibres tmav\u011b \u0161ed\u00e1 1 L Rust-Oleum Fillcoat Fibres je jedine\u010dn\u00e1 elastick\u00e1 barva, kter\u00e1 okam\u017eit\u011b zabra\u0148uje pr\u016fsak\u016fm a zat\u00e9k\u00e1n\u00ed vody a opravuje trhliny a\u017e do 2 mm. Tento opravn\u00fd n\u00e1t\u011br je UV stabiln\u00ed, jednoslo\u017ekov\u00fd (bez nutnosti tu\u017een\u00ed), elastick\u00fd, okam\u017eit\u011b vodot\u011bsn\u00fd, pou\u017eiteln\u00fd za jak\u00fdchkoli pov\u011btrnostn\u00edch podm\u00ednek (vyjma sn\u011bhu). Je mo\u017en\u00e9 jej aplikovat i na mokr\u00fd [&hellip;]","og_url":"https:\/\/www.koupelnapro.com\/index.php\/produkt\/rust-oleum-fillcoat-fibres-tmave-seda-1-l-overeny-31756\/","og_image":[{"width":400,"height":300,"url":"https:\/\/www.koupelnapro.com\/wp-content\/uploads\/2026\/SK0002919-CZ20260425-092455-0-1777080297-image_of_object.webp","type":"image\/webp"}],"twitter_card":"summary_large_image","twitter_misc":{"Odhadovan\u00e1 doba \u010dten\u00ed":"2 minuty"},"schema":{"@context":"https:\/\/schema.org","@graph":[{"@type":"WebPage","@id":"https:\/\/www.koupelnapro.com\/index.php\/produkt\/rust-oleum-fillcoat-fibres-tmave-seda-1-l-overeny-31756\/","url":"https:\/\/www.koupelnapro.com\/index.php\/produkt\/rust-oleum-fillcoat-fibres-tmave-seda-1-l-overeny-31756\/","name":"RUST-OLEUM FILLCOAT FIBRES tmav\u011b \u0161ed\u00e1 1 l Ov\u011b\u0159en\u00fd -","isPartOf":{"@id":"https:\/\/www.koupelnapro.com\/#website"},"primaryImageOfPage":{"@id":"https:\/\/www.koupelnapro.com\/index.php\/produkt\/rust-oleum-fillcoat-fibres-tmave-seda-1-l-overeny-31756\/#primaryimage"},"image":{"@id":"https:\/\/www.koupelnapro.com\/index.php\/produkt\/rust-oleum-fillcoat-fibres-tmave-seda-1-l-overeny-31756\/#primaryimage"},"thumbnailUrl":"https:\/\/www.koupelnapro.com\/wp-content\/uploads\/2026\/SK0002919-CZ20260425-092455-0-1777080297-image_of_object.webp","datePublished":"2026-04-26T09:15:16+00:00","breadcrumb":{"@id":"https:\/\/www.koupelnapro.com\/index.php\/produkt\/rust-oleum-fillcoat-fibres-tmave-seda-1-l-overeny-31756\/#breadcrumb"},"inLanguage":"cs","potentialAction":[{"@type":"ReadAction","target":["https:\/\/www.koupelnapro.com\/index.php\/produkt\/rust-oleum-fillcoat-fibres-tmave-seda-1-l-overeny-31756\/"]}]},{"@type":"ImageObject","inLanguage":"cs","@id":"https:\/\/www.koupelnapro.com\/index.php\/produkt\/rust-oleum-fillcoat-fibres-tmave-seda-1-l-overeny-31756\/#primaryimage","url":"https:\/\/www.koupelnapro.com\/wp-content\/uploads\/2026\/SK0002919-CZ20260425-092455-0-1777080297-image_of_object.webp","contentUrl":"https:\/\/www.koupelnapro.com\/wp-content\/uploads\/2026\/SK0002919-CZ20260425-092455-0-1777080297-image_of_object.webp","width":400,"height":300},{"@type":"BreadcrumbList","@id":"https:\/\/www.koupelnapro.com\/index.php\/produkt\/rust-oleum-fillcoat-fibres-tmave-seda-1-l-overeny-31756\/#breadcrumb","itemListElement":[{"@type":"ListItem","position":1,"name":"Home","item":"https:\/\/www.koupelnapro.com\/"},{"@type":"ListItem","position":2,"name":"Products","item":"https:\/\/www.koupelnapro.com\/index.php\/products\/"},{"@type":"ListItem","position":3,"name":"RUST-OLEUM FILLCOAT FIBRES tmav\u011b \u0161ed\u00e1 1 l Ov\u011b\u0159en\u00fd"}]},{"@type":"WebSite","@id":"https:\/\/www.koupelnapro.com\/#website","url":"https:\/\/www.koupelnapro.com\/","name":"","description":"","potentialAction":[{"@type":"SearchAction","target":{"@type":"EntryPoint","urlTemplate":"https:\/\/www.koupelnapro.com\/?s={search_term_string}"},"query-input":{"@type":"PropertyValueSpecification","valueRequired":true,"valueName":"search_term_string"}}],"inLanguage":"cs"}]}},"_links":{"self":[{"href":"https:\/\/www.koupelnapro.com\/index.php\/wp-json\/wp\/v2\/product\/31756","targetHints":{"allow":["GET"]}}],"collection":[{"href":"https:\/\/www.koupelnapro.com\/index.php\/wp-json\/wp\/v2\/product"}],"about":[{"href":"https:\/\/www.koupelnapro.com\/index.php\/wp-json\/wp\/v2\/types\/product"}],"replies":[{"embeddable":true,"href":"https:\/\/www.koupelnapro.com\/index.php\/wp-json\/wp\/v2\/comments?post=31756"}],"wp:featuredmedia":[{"embeddable":true,"href":"https:\/\/www.koupelnapro.com\/index.php\/wp-json\/wp\/v2\/media\/31856"}],"wp:attachment":[{"href":"https:\/\/www.koupelnapro.com\/index.php\/wp-json\/wp\/v2\/media?parent=31756"}],"wp:term":[{"taxonomy":"product_brand","embeddable":true,"href":"https:\/\/www.koupelnapro.com\/index.php\/wp-json\/wp\/v2\/product_brand?post=31756"},{"taxonomy":"product_cat","embeddable":true,"href":"https:\/\/www.koupelnapro.com\/index.php\/wp-json\/wp\/v2\/product_cat?post=31756"},{"taxonomy":"product_tag","embeddable":true,"href":"https:\/\/www.koupelnapro.com\/index.php\/wp-json\/wp\/v2\/product_tag?post=31756"}],"curies":[{"name":"wp","href":"https:\/\/api.w.org\/{rel}","templated":true}]}}