{"id":31578,"date":"2026-04-26T09:15:14","date_gmt":"2026-04-26T09:15:14","guid":{"rendered":""},"modified":"2026-04-26T09:15:14","modified_gmt":"2026-04-26T09:15:14","slug":"remmers-hk-lazura-3v1-dub-svetly-750-ml-primo-od-vyrobce-31578","status":"publish","type":"product","link":"https:\/\/www.koupelnapro.com\/index.php\/produkt\/remmers-hk-lazura-3v1-dub-svetly-750-ml-primo-od-vyrobce-31578\/","title":{"rendered":"Remmers HK lazura 3v1 DUB SV\u011aTL\u00dd 750 ml P\u0159\u00edmo Od V\u00fdrobce"},"content":{"rendered":"<div class=\"filters-tab-box__left\">\n<h2> Remmers HK lazura 3v1 <\/h2>\n<p> Remmers HK olejov\u00e1 lazura 3v1 <b>kvalitn\u011b chr\u00e1n\u00ed d\u0159evo v exteri\u00e9ru<\/b> proti vlhkosti a UV z\u00e1\u0159en\u00ed. Je t\u00e9\u017e vhodnou prevenc\u00ed proti hnilob\u011b, pl\u00edsn\u00edm, zamodr\u00e1n\u00ed, \u0159as\u00e1m a po\u017eerkem od vos.  Lazura pronik\u00e1 hluboko do d\u0159eva a z\u00e1rove\u0148 je <b>prody\u0161n\u00e1.<\/b> Brou\u0161en\u00ed <b>nen\u00ed<\/b> nutn\u00e9. <\/p>\n<p><h3>Kl\u00ed\u010dov\u00e9 vlastnosti<\/h3>\n<ul class=\"vlastnosti\">\n<li><b>Olejov\u00e1 lazura<\/b><\/li>\n<li><b>3v1<\/b> (impregnace, mezin\u00e1t\u011br, kone\u010dn\u00fd n\u00e1t\u011br)<\/li>\n<li>Prody\u0161nost<\/li>\n<li>Bez nutnosti brou\u0161en\u00ed<\/li>\n<li>Vhodn\u00e9 pro pou\u017eit\u00ed v<b>\u00a0interi\u00e9ru<\/b><\/li>\n<li>Ochrana p\u0159ed <b>vlhkost\u00ed<\/b><\/li>\n<li>Ochrana proti <b>UV z\u00e1\u0159en\u00ed<\/b><\/li>\n<li>Ochrana  p\u0159ed <b>hnilobou, pl\u00edsn\u00ed, zamodr\u00e1n\u00ed, \u0159as\u00e1m, po\u017eerkem od vos<\/b><\/li>\n<\/ul>\n<h3>Pou\u017eit\u00ed<\/h3>\n<ul class=\"pouziti\">\n<li>Povrch zbavte ne\u010distot, mastnot a osu\u0161te jej <\/li>\n<li>Otev\u0159en\u00e1 m\u00edsta s\u00a0prysky\u0159ic\u00ed odstra\u0148te a vy\u010dist\u011bte<\/li>\n<li>Hladk\u00e9, ohoblovan\u00e9 d\u0159evo obruste a zbavte prachu <\/li>\n<li>Aplika\u010dn\u00ed teplota<b> 5 &#8211; 30 \u00b0C<\/b><\/li>\n<li>Lazuru d\u016fkladn\u011b prom\u00edchejte<\/li>\n<li>Nan\u00e1\u0161ejte lazurovac\u00edm \u0161t\u011btcem<b> ve sm\u011bru vl\u00e1ken<\/b><\/li>\n<li>Pro dosa\u017een\u00ed po\u017eadovan\u00e9ho v\u00fdsledku aplikujte <b>2 vrstvy<\/b><\/li>\n<li>Mezi jednotliv\u00fdmi vrstvami po\u010dkejte 12 hodin<\/li>\n<li>Doba schnut\u00ed p\u0159ibli\u017en\u011b 12 hodin p\u0159i 20\u00b0C <\/li>\n<li> Doba schnut\u00ed z\u00e1vis\u00ed na okoln\u00ed teplot\u011b, vlhkosti vzduchu a tak\u00e9 na tlou\u0161\u0165ce aplikovan\u00e9 vrstvy<\/li>\n<\/ul>\n<h3>Doporu\u010den\u00e9 podklady<\/h3>\n<ul class=\"podklady\">\n<li>D\u0159evo<\/li>\n<\/ul><\/div>\n<div class=\"filters-tab-box__right\">\n<h2>Parametry<\/h2>\n<table>\n<tbody>\n<tr>\n<td>Barva (n&#225;zev)                                            :                                        <\/td>\n<td>                                            DUB SV\u011aTL&#221;                                        <\/td>\n<\/tr>\n<tr>\n<td>Barva (kod)                                            :                                        <\/td>\n<td>                                            (RC-365) | 2264                                        <\/td>\n<\/tr>\n<tr>\n<td>V&#253;robce                                            :                                        <\/td>\n<td>                                            Remmers                                        <\/td>\n<\/tr>\n<tr>\n<td>Vydatnost                                            :                                        <\/td>\n<td>                                            10 m2\/l                                        <\/td>\n<\/tr>\n<tr>\n<td>Balen&#237;                                            :                                        <\/td>\n<td>                                            750 ml                                        <\/td>\n<\/tr>\n<tr>\n<td>Objem                                            :                                        <\/td>\n<td>750 ml                                        <\/td>\n<\/tr>\n<\/tbody>\n<\/table><\/div>\n<\/p><\/div>\n","protected":false},"excerpt":{"rendered":"<p>Remmers HK lazura 3v1 Remmers HK olejov\u00e1 lazura 3v1 kvalitn\u011b chr\u00e1n\u00ed d\u0159evo v exteri\u00e9ru proti vlhkosti a UV z\u00e1\u0159en\u00ed. Je t\u00e9\u017e vhodnou prevenc\u00ed proti hnilob\u011b, pl\u00edsn\u00edm, zamodr\u00e1n\u00ed, \u0159as\u00e1m a po\u017eerkem od vos. Lazura pronik\u00e1 hluboko do d\u0159eva a z\u00e1rove\u0148 je prody\u0161n\u00e1. Brou\u0161en\u00ed nen\u00ed nutn\u00e9. Kl\u00ed\u010dov\u00e9 vlastnosti Olejov\u00e1 lazura 3v1 (impregnace, mezin\u00e1t\u011br, kone\u010dn\u00fd n\u00e1t\u011br) Prody\u0161nost Bez [&hellip;]<\/p>\n","protected":false},"featured_media":31678,"comment_status":"open","ping_status":"open","template":"","meta":[],"product_brand":[],"product_cat":[113],"product_tag":[],"class_list":{"0":"post-31578","1":"product","2":"type-product","3":"status-publish","4":"has-post-thumbnail","6":"product_cat-barvy-a-laky","8":"first","9":"instock","10":"sale","11":"shipping-taxable","12":"purchasable","13":"product-type-simple"},"yoast_head":"<!-- This site is optimized with the Yoast SEO plugin v26.8 - https:\/\/yoast.com\/product\/yoast-seo-wordpress\/ -->\n<title>Remmers HK lazura 3v1 DUB SV\u011aTL\u00dd 750 ml P\u0159\u00edmo Od V\u00fdrobce -<\/title>\n<meta name=\"robots\" content=\"index, follow, max-snippet:-1, max-image-preview:large, max-video-preview:-1\" \/>\n<link rel=\"canonical\" href=\"https:\/\/www.koupelnapro.com\/index.php\/produkt\/remmers-hk-lazura-3v1-dub-svetly-750-ml-primo-od-vyrobce-31578\/\" \/>\n<meta property=\"og:locale\" content=\"cs_CZ\" \/>\n<meta property=\"og:type\" content=\"article\" \/>\n<meta property=\"og:title\" content=\"Remmers HK lazura 3v1 DUB SV\u011aTL\u00dd 750 ml P\u0159\u00edmo Od V\u00fdrobce -\" \/>\n<meta property=\"og:description\" content=\"Remmers HK lazura 3v1 Remmers HK olejov\u00e1 lazura 3v1 kvalitn\u011b chr\u00e1n\u00ed d\u0159evo v exteri\u00e9ru proti vlhkosti a UV z\u00e1\u0159en\u00ed. Je t\u00e9\u017e vhodnou prevenc\u00ed proti hnilob\u011b, pl\u00edsn\u00edm, zamodr\u00e1n\u00ed, \u0159as\u00e1m a po\u017eerkem od vos. Lazura pronik\u00e1 hluboko do d\u0159eva a z\u00e1rove\u0148 je prody\u0161n\u00e1. Brou\u0161en\u00ed nen\u00ed nutn\u00e9. Kl\u00ed\u010dov\u00e9 vlastnosti Olejov\u00e1 lazura 3v1 (impregnace, mezin\u00e1t\u011br, kone\u010dn\u00fd n\u00e1t\u011br) Prody\u0161nost Bez [&hellip;]\" \/>\n<meta property=\"og:url\" content=\"https:\/\/www.koupelnapro.com\/index.php\/produkt\/remmers-hk-lazura-3v1-dub-svetly-750-ml-primo-od-vyrobce-31578\/\" \/>\n<meta property=\"og:image\" content=\"https:\/\/www.koupelnapro.com\/wp-content\/uploads\/2026\/SK0002841-CZ20260425-092455-0-1777080297-image_of_object.webp\" \/>\n\t<meta property=\"og:image:width\" content=\"400\" \/>\n\t<meta property=\"og:image:height\" content=\"300\" \/>\n\t<meta property=\"og:image:type\" content=\"image\/webp\" \/>\n<meta name=\"twitter:card\" content=\"summary_large_image\" \/>\n<meta name=\"twitter:label1\" content=\"Odhadovan\u00e1 doba \u010dten\u00ed\" \/>\n\t<meta name=\"twitter:data1\" content=\"1 minuta\" \/>\n<script type=\"application\/ld+json\" class=\"yoast-schema-graph\">{\"@context\":\"https:\/\/schema.org\",\"@graph\":[{\"@type\":\"WebPage\",\"@id\":\"https:\/\/www.koupelnapro.com\/index.php\/produkt\/remmers-hk-lazura-3v1-dub-svetly-750-ml-primo-od-vyrobce-31578\/\",\"url\":\"https:\/\/www.koupelnapro.com\/index.php\/produkt\/remmers-hk-lazura-3v1-dub-svetly-750-ml-primo-od-vyrobce-31578\/\",\"name\":\"Remmers HK lazura 3v1 DUB SV\u011aTL\u00dd 750 ml P\u0159\u00edmo Od V\u00fdrobce -\",\"isPartOf\":{\"@id\":\"https:\/\/www.koupelnapro.com\/#website\"},\"primaryImageOfPage\":{\"@id\":\"https:\/\/www.koupelnapro.com\/index.php\/produkt\/remmers-hk-lazura-3v1-dub-svetly-750-ml-primo-od-vyrobce-31578\/#primaryimage\"},\"image\":{\"@id\":\"https:\/\/www.koupelnapro.com\/index.php\/produkt\/remmers-hk-lazura-3v1-dub-svetly-750-ml-primo-od-vyrobce-31578\/#primaryimage\"},\"thumbnailUrl\":\"https:\/\/www.koupelnapro.com\/wp-content\/uploads\/2026\/SK0002841-CZ20260425-092455-0-1777080297-image_of_object.webp\",\"datePublished\":\"2026-04-26T09:15:14+00:00\",\"breadcrumb\":{\"@id\":\"https:\/\/www.koupelnapro.com\/index.php\/produkt\/remmers-hk-lazura-3v1-dub-svetly-750-ml-primo-od-vyrobce-31578\/#breadcrumb\"},\"inLanguage\":\"cs\",\"potentialAction\":[{\"@type\":\"ReadAction\",\"target\":[\"https:\/\/www.koupelnapro.com\/index.php\/produkt\/remmers-hk-lazura-3v1-dub-svetly-750-ml-primo-od-vyrobce-31578\/\"]}]},{\"@type\":\"ImageObject\",\"inLanguage\":\"cs\",\"@id\":\"https:\/\/www.koupelnapro.com\/index.php\/produkt\/remmers-hk-lazura-3v1-dub-svetly-750-ml-primo-od-vyrobce-31578\/#primaryimage\",\"url\":\"https:\/\/www.koupelnapro.com\/wp-content\/uploads\/2026\/SK0002841-CZ20260425-092455-0-1777080297-image_of_object.webp\",\"contentUrl\":\"https:\/\/www.koupelnapro.com\/wp-content\/uploads\/2026\/SK0002841-CZ20260425-092455-0-1777080297-image_of_object.webp\",\"width\":400,\"height\":300},{\"@type\":\"BreadcrumbList\",\"@id\":\"https:\/\/www.koupelnapro.com\/index.php\/produkt\/remmers-hk-lazura-3v1-dub-svetly-750-ml-primo-od-vyrobce-31578\/#breadcrumb\",\"itemListElement\":[{\"@type\":\"ListItem\",\"position\":1,\"name\":\"Home\",\"item\":\"https:\/\/www.koupelnapro.com\/\"},{\"@type\":\"ListItem\",\"position\":2,\"name\":\"Products\",\"item\":\"https:\/\/www.koupelnapro.com\/index.php\/products\/\"},{\"@type\":\"ListItem\",\"position\":3,\"name\":\"Remmers HK lazura 3v1 DUB SV\u011aTL\u00dd 750 ml P\u0159\u00edmo Od V\u00fdrobce\"}]},{\"@type\":\"WebSite\",\"@id\":\"https:\/\/www.koupelnapro.com\/#website\",\"url\":\"https:\/\/www.koupelnapro.com\/\",\"name\":\"\",\"description\":\"\",\"potentialAction\":[{\"@type\":\"SearchAction\",\"target\":{\"@type\":\"EntryPoint\",\"urlTemplate\":\"https:\/\/www.koupelnapro.com\/?s={search_term_string}\"},\"query-input\":{\"@type\":\"PropertyValueSpecification\",\"valueRequired\":true,\"valueName\":\"search_term_string\"}}],\"inLanguage\":\"cs\"}]}<\/script>\n<!-- \/ Yoast SEO plugin. -->","yoast_head_json":{"title":"Remmers HK lazura 3v1 DUB SV\u011aTL\u00dd 750 ml P\u0159\u00edmo Od V\u00fdrobce -","robots":{"index":"index","follow":"follow","max-snippet":"max-snippet:-1","max-image-preview":"max-image-preview:large","max-video-preview":"max-video-preview:-1"},"canonical":"https:\/\/www.koupelnapro.com\/index.php\/produkt\/remmers-hk-lazura-3v1-dub-svetly-750-ml-primo-od-vyrobce-31578\/","og_locale":"cs_CZ","og_type":"article","og_title":"Remmers HK lazura 3v1 DUB SV\u011aTL\u00dd 750 ml P\u0159\u00edmo Od V\u00fdrobce -","og_description":"Remmers HK lazura 3v1 Remmers HK olejov\u00e1 lazura 3v1 kvalitn\u011b chr\u00e1n\u00ed d\u0159evo v exteri\u00e9ru proti vlhkosti a UV z\u00e1\u0159en\u00ed. Je t\u00e9\u017e vhodnou prevenc\u00ed proti hnilob\u011b, pl\u00edsn\u00edm, zamodr\u00e1n\u00ed, \u0159as\u00e1m a po\u017eerkem od vos. Lazura pronik\u00e1 hluboko do d\u0159eva a z\u00e1rove\u0148 je prody\u0161n\u00e1. Brou\u0161en\u00ed nen\u00ed nutn\u00e9. Kl\u00ed\u010dov\u00e9 vlastnosti Olejov\u00e1 lazura 3v1 (impregnace, mezin\u00e1t\u011br, kone\u010dn\u00fd n\u00e1t\u011br) Prody\u0161nost Bez [&hellip;]","og_url":"https:\/\/www.koupelnapro.com\/index.php\/produkt\/remmers-hk-lazura-3v1-dub-svetly-750-ml-primo-od-vyrobce-31578\/","og_image":[{"width":400,"height":300,"url":"https:\/\/www.koupelnapro.com\/wp-content\/uploads\/2026\/SK0002841-CZ20260425-092455-0-1777080297-image_of_object.webp","type":"image\/webp"}],"twitter_card":"summary_large_image","twitter_misc":{"Odhadovan\u00e1 doba \u010dten\u00ed":"1 minuta"},"schema":{"@context":"https:\/\/schema.org","@graph":[{"@type":"WebPage","@id":"https:\/\/www.koupelnapro.com\/index.php\/produkt\/remmers-hk-lazura-3v1-dub-svetly-750-ml-primo-od-vyrobce-31578\/","url":"https:\/\/www.koupelnapro.com\/index.php\/produkt\/remmers-hk-lazura-3v1-dub-svetly-750-ml-primo-od-vyrobce-31578\/","name":"Remmers HK lazura 3v1 DUB SV\u011aTL\u00dd 750 ml P\u0159\u00edmo Od V\u00fdrobce -","isPartOf":{"@id":"https:\/\/www.koupelnapro.com\/#website"},"primaryImageOfPage":{"@id":"https:\/\/www.koupelnapro.com\/index.php\/produkt\/remmers-hk-lazura-3v1-dub-svetly-750-ml-primo-od-vyrobce-31578\/#primaryimage"},"image":{"@id":"https:\/\/www.koupelnapro.com\/index.php\/produkt\/remmers-hk-lazura-3v1-dub-svetly-750-ml-primo-od-vyrobce-31578\/#primaryimage"},"thumbnailUrl":"https:\/\/www.koupelnapro.com\/wp-content\/uploads\/2026\/SK0002841-CZ20260425-092455-0-1777080297-image_of_object.webp","datePublished":"2026-04-26T09:15:14+00:00","breadcrumb":{"@id":"https:\/\/www.koupelnapro.com\/index.php\/produkt\/remmers-hk-lazura-3v1-dub-svetly-750-ml-primo-od-vyrobce-31578\/#breadcrumb"},"inLanguage":"cs","potentialAction":[{"@type":"ReadAction","target":["https:\/\/www.koupelnapro.com\/index.php\/produkt\/remmers-hk-lazura-3v1-dub-svetly-750-ml-primo-od-vyrobce-31578\/"]}]},{"@type":"ImageObject","inLanguage":"cs","@id":"https:\/\/www.koupelnapro.com\/index.php\/produkt\/remmers-hk-lazura-3v1-dub-svetly-750-ml-primo-od-vyrobce-31578\/#primaryimage","url":"https:\/\/www.koupelnapro.com\/wp-content\/uploads\/2026\/SK0002841-CZ20260425-092455-0-1777080297-image_of_object.webp","contentUrl":"https:\/\/www.koupelnapro.com\/wp-content\/uploads\/2026\/SK0002841-CZ20260425-092455-0-1777080297-image_of_object.webp","width":400,"height":300},{"@type":"BreadcrumbList","@id":"https:\/\/www.koupelnapro.com\/index.php\/produkt\/remmers-hk-lazura-3v1-dub-svetly-750-ml-primo-od-vyrobce-31578\/#breadcrumb","itemListElement":[{"@type":"ListItem","position":1,"name":"Home","item":"https:\/\/www.koupelnapro.com\/"},{"@type":"ListItem","position":2,"name":"Products","item":"https:\/\/www.koupelnapro.com\/index.php\/products\/"},{"@type":"ListItem","position":3,"name":"Remmers HK lazura 3v1 DUB SV\u011aTL\u00dd 750 ml P\u0159\u00edmo Od V\u00fdrobce"}]},{"@type":"WebSite","@id":"https:\/\/www.koupelnapro.com\/#website","url":"https:\/\/www.koupelnapro.com\/","name":"","description":"","potentialAction":[{"@type":"SearchAction","target":{"@type":"EntryPoint","urlTemplate":"https:\/\/www.koupelnapro.com\/?s={search_term_string}"},"query-input":{"@type":"PropertyValueSpecification","valueRequired":true,"valueName":"search_term_string"}}],"inLanguage":"cs"}]}},"_links":{"self":[{"href":"https:\/\/www.koupelnapro.com\/index.php\/wp-json\/wp\/v2\/product\/31578","targetHints":{"allow":["GET"]}}],"collection":[{"href":"https:\/\/www.koupelnapro.com\/index.php\/wp-json\/wp\/v2\/product"}],"about":[{"href":"https:\/\/www.koupelnapro.com\/index.php\/wp-json\/wp\/v2\/types\/product"}],"replies":[{"embeddable":true,"href":"https:\/\/www.koupelnapro.com\/index.php\/wp-json\/wp\/v2\/comments?post=31578"}],"wp:featuredmedia":[{"embeddable":true,"href":"https:\/\/www.koupelnapro.com\/index.php\/wp-json\/wp\/v2\/media\/31678"}],"wp:attachment":[{"href":"https:\/\/www.koupelnapro.com\/index.php\/wp-json\/wp\/v2\/media?parent=31578"}],"wp:term":[{"taxonomy":"product_brand","embeddable":true,"href":"https:\/\/www.koupelnapro.com\/index.php\/wp-json\/wp\/v2\/product_brand?post=31578"},{"taxonomy":"product_cat","embeddable":true,"href":"https:\/\/www.koupelnapro.com\/index.php\/wp-json\/wp\/v2\/product_cat?post=31578"},{"taxonomy":"product_tag","embeddable":true,"href":"https:\/\/www.koupelnapro.com\/index.php\/wp-json\/wp\/v2\/product_tag?post=31578"}],"curies":[{"name":"wp","href":"https:\/\/api.w.org\/{rel}","templated":true}]}}