{"id":31569,"date":"2026-04-26T09:15:14","date_gmt":"2026-04-26T09:15:14","guid":{"rendered":""},"modified":"2026-04-26T09:15:14","modified_gmt":"2026-04-26T09:15:14","slug":"remmers-adolit-baq-bezbarvy-1-kg-objednat-nyni-31569","status":"publish","type":"product","link":"https:\/\/www.koupelnapro.com\/index.php\/produkt\/remmers-adolit-baq-bezbarvy-1-kg-objednat-nyni-31569\/","title":{"rendered":"Remmers Adolit BAQ+ BEZBARV\u00dd 1 kg Objednat Nyn\u00ed"},"content":{"rendered":"<div class=\"filters-tab-box__left\">\n<h2> Remmers Adolit BAQ+ <\/h2>\n<p> Remmers Adolit BAQ+ je koncetrovan\u00fd kapaln\u00fd p\u0159\u00edpravek ur\u010den\u00fd pro nov\u00e9 d\u0159evo v interi\u00e9ru i exteri\u00e9ru (bez p\u0159\u00edm\u00e9ho a trval\u00e9ho kontaktu se zem\u00ed). Impregna\u010dn\u00ed prost\u0159edek je ur\u010den\u00fd pro dlouhodobou ochranu. N\u00e1t\u011br chr\u00e1n\u00ed proti <b>d\u0159evokazn\u00e9mu hmyzu<\/b>(nap\u0159. \u010dervoto\u010d, tesa\u0159\u00edk), <b>d\u0159evokazn\u00fdm houb\u00e1m<\/b>(d\u0159evomorka dom\u00e1c\u00ed), <b>d\u0159evozbarvuj\u00edc\u00edm houb\u00e1m a pl\u00edsn\u00edm.<\/b> Lze pou\u017e\u00edt i k ochran\u011b zdiva a om\u00edtek proti pror\u016fst\u00e1n\u00ed d\u0159evokazn\u00fdmi houbami. \u0158ed\u00ed se s vodou v pom\u011bru 1:9. Odoln\u00fd proti vym\u00fdv\u00e1n\u00ed.<\/p>\n<p><h3>Kl\u00ed\u010dov\u00e9 vlastnosti<\/h3>\n<ul class=\"vlastnosti\">\n<li>Koncentr\u00e1t<\/li>\n<li><b> Ochrana d\u0159eva i om\u00edtek<\/b> <\/li>\n<li>Impregna\u010dn\u00ed<\/li>\n<li>Vhodn\u00e9 pro pou\u017eit\u00ed v<b>\u00a0interi\u00e9ru i exteri\u00e9ru<\/b><\/li>\n<li>Teoretick\u00e1 vydatnost: cca 50 m2\/kg<\/li>\n<\/ul>\n<h3>Pou\u017eit\u00ed<\/h3>\n<ul class=\"pouziti\">\n<li>Koncentr\u00e1t na\u0159e\u010fte dle tabulky uveden\u00e9 na obalu<\/li>\n<li>Aplikovat na dokonale o\u010di\u0161t\u011bn\u00e9 d\u0159evo<\/li>\n<li>Aplikovat n\u00e1t\u011brem, post\u0159ikem nebo m\u00e1\u010den\u00edm<\/li>\n<li>Doporu\u010den\u00fd po\u010det o\u0161et\u0159en\u00ed: 2-3 vrstvy<\/li>\n<li>Doporu\u010den\u00e1 doba zasych\u00e1n\u00ed p\u0159ed aplikac\u00ed dal\u0161\u00edch n\u00e1t\u011br\u016f je 3 dny<\/li>\n<\/ul>\n<h3>Doporu\u010den\u00e9 podklady<\/h3>\n<ul class=\"podklady\">\n<li>D\u0159evo v interi\u00e9ru i exteri\u00e9ru<\/li>\n<li>Zdivo a om\u00edtky<\/li>\n<\/ul><\/div>\n<div class=\"filters-tab-box__right\">\n<h2>Parametry<\/h2>\n<table>\n<tbody>\n<tr>\n<td>Barva (n&#225;zev)                                            :                                        <\/td>\n<td>                                            BEZBARV&#221;                                        <\/td>\n<\/tr>\n<tr>\n<td>Barva (kod)                                            :                                        <\/td>\n<td>                                            110035                                        <\/td>\n<\/tr>\n<tr>\n<td>V&#253;robce                                            :                                        <\/td>\n<td>                                            Remmers                                        <\/td>\n<\/tr>\n<tr>\n<td>Vydatnost                                            :                                        <\/td>\n<td>                                            50 m2\/kg p\u0159i \u0159ed\u011bn&#237; 1:9                                        <\/td>\n<\/tr>\n<tr>\n<td>Balen&#237;                                            :                                        <\/td>\n<td>                                            1 kg                                        <\/td>\n<\/tr>\n<tr>\n<td>V&#225;ha                                            :                                        <\/td>\n<td>1 kg                                        <\/td>\n<\/tr>\n<\/tbody>\n<\/table><\/div>\n<\/p><\/div>\n","protected":false},"excerpt":{"rendered":"<p>Remmers Adolit BAQ+ Remmers Adolit BAQ+ je koncetrovan\u00fd kapaln\u00fd p\u0159\u00edpravek ur\u010den\u00fd pro nov\u00e9 d\u0159evo v interi\u00e9ru i exteri\u00e9ru (bez p\u0159\u00edm\u00e9ho a trval\u00e9ho kontaktu se zem\u00ed). Impregna\u010dn\u00ed prost\u0159edek je ur\u010den\u00fd pro dlouhodobou ochranu. N\u00e1t\u011br chr\u00e1n\u00ed proti d\u0159evokazn\u00e9mu hmyzu(nap\u0159. \u010dervoto\u010d, tesa\u0159\u00edk), d\u0159evokazn\u00fdm houb\u00e1m(d\u0159evomorka dom\u00e1c\u00ed), d\u0159evozbarvuj\u00edc\u00edm houb\u00e1m a pl\u00edsn\u00edm. Lze pou\u017e\u00edt i k ochran\u011b zdiva a om\u00edtek proti [&hellip;]<\/p>\n","protected":false},"featured_media":31669,"comment_status":"open","ping_status":"open","template":"","meta":[],"product_brand":[],"product_cat":[113],"product_tag":[],"class_list":{"0":"post-31569","1":"product","2":"type-product","3":"status-publish","4":"has-post-thumbnail","6":"product_cat-barvy-a-laky","8":"first","9":"instock","10":"sale","11":"shipping-taxable","12":"purchasable","13":"product-type-simple"},"yoast_head":"<!-- This site is optimized with the Yoast SEO plugin v26.8 - https:\/\/yoast.com\/product\/yoast-seo-wordpress\/ -->\n<title>Remmers Adolit BAQ+ BEZBARV\u00dd 1 kg Objednat Nyn\u00ed -<\/title>\n<meta name=\"robots\" content=\"index, follow, max-snippet:-1, max-image-preview:large, max-video-preview:-1\" \/>\n<link rel=\"canonical\" href=\"https:\/\/www.koupelnapro.com\/index.php\/produkt\/remmers-adolit-baq-bezbarvy-1-kg-objednat-nyni-31569\/\" \/>\n<meta property=\"og:locale\" content=\"cs_CZ\" \/>\n<meta property=\"og:type\" content=\"article\" \/>\n<meta property=\"og:title\" content=\"Remmers Adolit BAQ+ BEZBARV\u00dd 1 kg Objednat Nyn\u00ed -\" \/>\n<meta property=\"og:description\" content=\"Remmers Adolit BAQ+ Remmers Adolit BAQ+ je koncetrovan\u00fd kapaln\u00fd p\u0159\u00edpravek ur\u010den\u00fd pro nov\u00e9 d\u0159evo v interi\u00e9ru i exteri\u00e9ru (bez p\u0159\u00edm\u00e9ho a trval\u00e9ho kontaktu se zem\u00ed). Impregna\u010dn\u00ed prost\u0159edek je ur\u010den\u00fd pro dlouhodobou ochranu. N\u00e1t\u011br chr\u00e1n\u00ed proti d\u0159evokazn\u00e9mu hmyzu(nap\u0159. \u010dervoto\u010d, tesa\u0159\u00edk), d\u0159evokazn\u00fdm houb\u00e1m(d\u0159evomorka dom\u00e1c\u00ed), d\u0159evozbarvuj\u00edc\u00edm houb\u00e1m a pl\u00edsn\u00edm. Lze pou\u017e\u00edt i k ochran\u011b zdiva a om\u00edtek proti [&hellip;]\" \/>\n<meta property=\"og:url\" content=\"https:\/\/www.koupelnapro.com\/index.php\/produkt\/remmers-adolit-baq-bezbarvy-1-kg-objednat-nyni-31569\/\" \/>\n<meta property=\"og:image\" content=\"https:\/\/www.koupelnapro.com\/wp-content\/uploads\/2026\/SK0002832-CZ20260425-092455-0-1777080297-image_of_object.webp\" \/>\n\t<meta property=\"og:image:width\" content=\"400\" \/>\n\t<meta property=\"og:image:height\" content=\"300\" \/>\n\t<meta property=\"og:image:type\" content=\"image\/webp\" \/>\n<meta name=\"twitter:card\" content=\"summary_large_image\" \/>\n<meta name=\"twitter:label1\" content=\"Odhadovan\u00e1 doba \u010dten\u00ed\" \/>\n\t<meta name=\"twitter:data1\" content=\"1 minuta\" \/>\n<script type=\"application\/ld+json\" class=\"yoast-schema-graph\">{\"@context\":\"https:\/\/schema.org\",\"@graph\":[{\"@type\":\"WebPage\",\"@id\":\"https:\/\/www.koupelnapro.com\/index.php\/produkt\/remmers-adolit-baq-bezbarvy-1-kg-objednat-nyni-31569\/\",\"url\":\"https:\/\/www.koupelnapro.com\/index.php\/produkt\/remmers-adolit-baq-bezbarvy-1-kg-objednat-nyni-31569\/\",\"name\":\"Remmers Adolit BAQ+ BEZBARV\u00dd 1 kg Objednat Nyn\u00ed -\",\"isPartOf\":{\"@id\":\"https:\/\/www.koupelnapro.com\/#website\"},\"primaryImageOfPage\":{\"@id\":\"https:\/\/www.koupelnapro.com\/index.php\/produkt\/remmers-adolit-baq-bezbarvy-1-kg-objednat-nyni-31569\/#primaryimage\"},\"image\":{\"@id\":\"https:\/\/www.koupelnapro.com\/index.php\/produkt\/remmers-adolit-baq-bezbarvy-1-kg-objednat-nyni-31569\/#primaryimage\"},\"thumbnailUrl\":\"https:\/\/www.koupelnapro.com\/wp-content\/uploads\/2026\/SK0002832-CZ20260425-092455-0-1777080297-image_of_object.webp\",\"datePublished\":\"2026-04-26T09:15:14+00:00\",\"breadcrumb\":{\"@id\":\"https:\/\/www.koupelnapro.com\/index.php\/produkt\/remmers-adolit-baq-bezbarvy-1-kg-objednat-nyni-31569\/#breadcrumb\"},\"inLanguage\":\"cs\",\"potentialAction\":[{\"@type\":\"ReadAction\",\"target\":[\"https:\/\/www.koupelnapro.com\/index.php\/produkt\/remmers-adolit-baq-bezbarvy-1-kg-objednat-nyni-31569\/\"]}]},{\"@type\":\"ImageObject\",\"inLanguage\":\"cs\",\"@id\":\"https:\/\/www.koupelnapro.com\/index.php\/produkt\/remmers-adolit-baq-bezbarvy-1-kg-objednat-nyni-31569\/#primaryimage\",\"url\":\"https:\/\/www.koupelnapro.com\/wp-content\/uploads\/2026\/SK0002832-CZ20260425-092455-0-1777080297-image_of_object.webp\",\"contentUrl\":\"https:\/\/www.koupelnapro.com\/wp-content\/uploads\/2026\/SK0002832-CZ20260425-092455-0-1777080297-image_of_object.webp\",\"width\":400,\"height\":300},{\"@type\":\"BreadcrumbList\",\"@id\":\"https:\/\/www.koupelnapro.com\/index.php\/produkt\/remmers-adolit-baq-bezbarvy-1-kg-objednat-nyni-31569\/#breadcrumb\",\"itemListElement\":[{\"@type\":\"ListItem\",\"position\":1,\"name\":\"Home\",\"item\":\"https:\/\/www.koupelnapro.com\/\"},{\"@type\":\"ListItem\",\"position\":2,\"name\":\"Products\",\"item\":\"https:\/\/www.koupelnapro.com\/index.php\/products\/\"},{\"@type\":\"ListItem\",\"position\":3,\"name\":\"Remmers Adolit BAQ+ BEZBARV\u00dd 1 kg Objednat Nyn\u00ed\"}]},{\"@type\":\"WebSite\",\"@id\":\"https:\/\/www.koupelnapro.com\/#website\",\"url\":\"https:\/\/www.koupelnapro.com\/\",\"name\":\"\",\"description\":\"\",\"potentialAction\":[{\"@type\":\"SearchAction\",\"target\":{\"@type\":\"EntryPoint\",\"urlTemplate\":\"https:\/\/www.koupelnapro.com\/?s={search_term_string}\"},\"query-input\":{\"@type\":\"PropertyValueSpecification\",\"valueRequired\":true,\"valueName\":\"search_term_string\"}}],\"inLanguage\":\"cs\"}]}<\/script>\n<!-- \/ Yoast SEO plugin. -->","yoast_head_json":{"title":"Remmers Adolit BAQ+ BEZBARV\u00dd 1 kg Objednat Nyn\u00ed -","robots":{"index":"index","follow":"follow","max-snippet":"max-snippet:-1","max-image-preview":"max-image-preview:large","max-video-preview":"max-video-preview:-1"},"canonical":"https:\/\/www.koupelnapro.com\/index.php\/produkt\/remmers-adolit-baq-bezbarvy-1-kg-objednat-nyni-31569\/","og_locale":"cs_CZ","og_type":"article","og_title":"Remmers Adolit BAQ+ BEZBARV\u00dd 1 kg Objednat Nyn\u00ed -","og_description":"Remmers Adolit BAQ+ Remmers Adolit BAQ+ je koncetrovan\u00fd kapaln\u00fd p\u0159\u00edpravek ur\u010den\u00fd pro nov\u00e9 d\u0159evo v interi\u00e9ru i exteri\u00e9ru (bez p\u0159\u00edm\u00e9ho a trval\u00e9ho kontaktu se zem\u00ed). Impregna\u010dn\u00ed prost\u0159edek je ur\u010den\u00fd pro dlouhodobou ochranu. N\u00e1t\u011br chr\u00e1n\u00ed proti d\u0159evokazn\u00e9mu hmyzu(nap\u0159. \u010dervoto\u010d, tesa\u0159\u00edk), d\u0159evokazn\u00fdm houb\u00e1m(d\u0159evomorka dom\u00e1c\u00ed), d\u0159evozbarvuj\u00edc\u00edm houb\u00e1m a pl\u00edsn\u00edm. Lze pou\u017e\u00edt i k ochran\u011b zdiva a om\u00edtek proti [&hellip;]","og_url":"https:\/\/www.koupelnapro.com\/index.php\/produkt\/remmers-adolit-baq-bezbarvy-1-kg-objednat-nyni-31569\/","og_image":[{"width":400,"height":300,"url":"https:\/\/www.koupelnapro.com\/wp-content\/uploads\/2026\/SK0002832-CZ20260425-092455-0-1777080297-image_of_object.webp","type":"image\/webp"}],"twitter_card":"summary_large_image","twitter_misc":{"Odhadovan\u00e1 doba \u010dten\u00ed":"1 minuta"},"schema":{"@context":"https:\/\/schema.org","@graph":[{"@type":"WebPage","@id":"https:\/\/www.koupelnapro.com\/index.php\/produkt\/remmers-adolit-baq-bezbarvy-1-kg-objednat-nyni-31569\/","url":"https:\/\/www.koupelnapro.com\/index.php\/produkt\/remmers-adolit-baq-bezbarvy-1-kg-objednat-nyni-31569\/","name":"Remmers Adolit BAQ+ BEZBARV\u00dd 1 kg Objednat Nyn\u00ed -","isPartOf":{"@id":"https:\/\/www.koupelnapro.com\/#website"},"primaryImageOfPage":{"@id":"https:\/\/www.koupelnapro.com\/index.php\/produkt\/remmers-adolit-baq-bezbarvy-1-kg-objednat-nyni-31569\/#primaryimage"},"image":{"@id":"https:\/\/www.koupelnapro.com\/index.php\/produkt\/remmers-adolit-baq-bezbarvy-1-kg-objednat-nyni-31569\/#primaryimage"},"thumbnailUrl":"https:\/\/www.koupelnapro.com\/wp-content\/uploads\/2026\/SK0002832-CZ20260425-092455-0-1777080297-image_of_object.webp","datePublished":"2026-04-26T09:15:14+00:00","breadcrumb":{"@id":"https:\/\/www.koupelnapro.com\/index.php\/produkt\/remmers-adolit-baq-bezbarvy-1-kg-objednat-nyni-31569\/#breadcrumb"},"inLanguage":"cs","potentialAction":[{"@type":"ReadAction","target":["https:\/\/www.koupelnapro.com\/index.php\/produkt\/remmers-adolit-baq-bezbarvy-1-kg-objednat-nyni-31569\/"]}]},{"@type":"ImageObject","inLanguage":"cs","@id":"https:\/\/www.koupelnapro.com\/index.php\/produkt\/remmers-adolit-baq-bezbarvy-1-kg-objednat-nyni-31569\/#primaryimage","url":"https:\/\/www.koupelnapro.com\/wp-content\/uploads\/2026\/SK0002832-CZ20260425-092455-0-1777080297-image_of_object.webp","contentUrl":"https:\/\/www.koupelnapro.com\/wp-content\/uploads\/2026\/SK0002832-CZ20260425-092455-0-1777080297-image_of_object.webp","width":400,"height":300},{"@type":"BreadcrumbList","@id":"https:\/\/www.koupelnapro.com\/index.php\/produkt\/remmers-adolit-baq-bezbarvy-1-kg-objednat-nyni-31569\/#breadcrumb","itemListElement":[{"@type":"ListItem","position":1,"name":"Home","item":"https:\/\/www.koupelnapro.com\/"},{"@type":"ListItem","position":2,"name":"Products","item":"https:\/\/www.koupelnapro.com\/index.php\/products\/"},{"@type":"ListItem","position":3,"name":"Remmers Adolit BAQ+ BEZBARV\u00dd 1 kg Objednat Nyn\u00ed"}]},{"@type":"WebSite","@id":"https:\/\/www.koupelnapro.com\/#website","url":"https:\/\/www.koupelnapro.com\/","name":"","description":"","potentialAction":[{"@type":"SearchAction","target":{"@type":"EntryPoint","urlTemplate":"https:\/\/www.koupelnapro.com\/?s={search_term_string}"},"query-input":{"@type":"PropertyValueSpecification","valueRequired":true,"valueName":"search_term_string"}}],"inLanguage":"cs"}]}},"_links":{"self":[{"href":"https:\/\/www.koupelnapro.com\/index.php\/wp-json\/wp\/v2\/product\/31569","targetHints":{"allow":["GET"]}}],"collection":[{"href":"https:\/\/www.koupelnapro.com\/index.php\/wp-json\/wp\/v2\/product"}],"about":[{"href":"https:\/\/www.koupelnapro.com\/index.php\/wp-json\/wp\/v2\/types\/product"}],"replies":[{"embeddable":true,"href":"https:\/\/www.koupelnapro.com\/index.php\/wp-json\/wp\/v2\/comments?post=31569"}],"wp:featuredmedia":[{"embeddable":true,"href":"https:\/\/www.koupelnapro.com\/index.php\/wp-json\/wp\/v2\/media\/31669"}],"wp:attachment":[{"href":"https:\/\/www.koupelnapro.com\/index.php\/wp-json\/wp\/v2\/media?parent=31569"}],"wp:term":[{"taxonomy":"product_brand","embeddable":true,"href":"https:\/\/www.koupelnapro.com\/index.php\/wp-json\/wp\/v2\/product_brand?post=31569"},{"taxonomy":"product_cat","embeddable":true,"href":"https:\/\/www.koupelnapro.com\/index.php\/wp-json\/wp\/v2\/product_cat?post=31569"},{"taxonomy":"product_tag","embeddable":true,"href":"https:\/\/www.koupelnapro.com\/index.php\/wp-json\/wp\/v2\/product_tag?post=31569"}],"curies":[{"name":"wp","href":"https:\/\/api.w.org\/{rel}","templated":true}]}}