{"id":31560,"date":"2026-04-26T09:15:14","date_gmt":"2026-04-26T09:15:14","guid":{"rendered":""},"modified":"2026-04-26T09:15:14","modified_gmt":"2026-04-26T09:15:14","slug":"rem-lack-bis-odstranovac-nateru-400-g-originalni-31560","status":"publish","type":"product","link":"https:\/\/www.koupelnapro.com\/index.php\/produkt\/rem-lack-bis-odstranovac-nateru-400-g-originalni-31560\/","title":{"rendered":"REM-LACK BIS ODSTRA\u0147OVA\u010c N\u00c1T\u011aR\u016e 400 g Origin\u00e1ln\u00ed"},"content":{"rendered":"<div class=\"filters-tab-box__left\">\n<h2>Rem Lak Bis Odstra\u0148ova\u010d star\u00fdch n\u00e1t\u011br\u016f 400 g<\/h2>\n<p>Rem Lak Bis Odstra\u0148ova\u010d star\u00fdch n\u00e1t\u011br\u016f je<b> inovativn\u00ed emulze ur\u010den\u00e1 k sndn\u00e9mu odstran\u011bn\u00ed p\u0159edchoz\u00edch n\u00e1t\u011br\u016f.<\/b> Rychle, snadno a velice efektivn\u011b odstra\u0148uje jednoslo\u017ekov\u00e9 u dvouslo\u017ekov\u00e9 barvy a n\u00e1t\u011bry (epoxidov\u00e9, polyuretanov\u00e9 i akryl\u00e1tov\u00e9). Funguje na b\u00e1zi oraganick\u00fdch rozpou\u0161t\u011bdel. Vhodn\u00e9 pou\u017eit\u00ed na d\u0159evo, kov, k\u00e1men, sklo, beton apod. (mimo plastov\u00e9 povrchy). Nepo\u0161kozuje povrch, ze kter\u00e9ho odstra\u0148uje n\u00e1t\u011br. Rozpou\u0161t\u011bc\u00ed reakce trv\u00e1 cca 15 minut. Neobsahuje dichlormetan, d\u00edky \u010demu\u017e spl\u0148uje p\u0159\u00edsn\u00e1 hygienick\u00e1, bezpe\u010dnostn\u00ed a zdravotn\u00ed krit\u00e9ria. Pou\u017e\u00edv\u00e1 se tak\u00e9 k \u010di\u0161t\u011bn\u00ed pom\u016fcek a n\u00e1\u0159ad\u00ed. <\/p>\n<h3>Kl\u00ed\u010dov\u00e9 vlastnosti<\/h3>\n<ul class=\"vlastnosti\">\n<li><b>Rychle, snadno a efektivn\u011b odstra\u0148uje star\u00e9 n\u00e1t\u011bry<\/b><\/li>\n<li><b>Snadn\u00e9 pou\u017eit\u00ed<\/b><\/li>\n<li><b>Rozpou\u0161t\u00ed jednoslo\u017ekov\u00e9 i dvouslo\u017ekov\u00e9 n\u00e1t\u011bry bez poru\u0161en\u00ed povrchu<\/b><\/li>\n<li><b>Na b\u00e1zi organick\u00fdch rozpou\u0161t\u011bdel<\/b><\/li>\n<li><b>Vhodn\u00fd i na \u010di\u0161t\u011bn\u00ed pom\u016fcek a n\u00e1\u0159ad\u00ed<\/b><\/li>\n<li>Teoretick\u00e1 vydatnost: 3-6 m2\/ kg<\/li>\n<\/ul>\n<h3>Pou\u017eit\u00ed<\/h3>\n<ul class=\"pouziti\">\n<li>P\u0159ed pou\u017eit\u00edm p\u0159\u00edpravek d\u016fkladn\u011b prom\u00edchejte<\/li>\n<li>Naneste tenkou vrstvu pomoc\u00ed \u0161t\u011btce a nechte cca 15 minut p\u016fsobit<\/li>\n<li>Pot\u00e9 odstra\u0148te uvoln\u011bn\u00fd n\u00e1t\u011br pomoc\u00ed \u0161pachtle<\/li>\n<li>V p\u0159\u00edpad\u011b nutnosti postup znovu opakujte ne\u017e dojde k \u00fapln\u00e9mu odstran\u011bn\u00ed barvy<\/li>\n<li>Pot\u00e9 povrch omyjte jarovou vodou nebo technick\u00fdm benz\u00ednem<\/li>\n<h3>Doporu\u010den\u00e9 podklady pro pou\u017eit\u00ed<\/h3>\n<ul class=\"podklady\">\n<li>D\u0159evo<\/li>\n<li>Kov<\/li>\n<li>Sklo<\/li>\n<li>K\u00e1men<\/li>\n<li>Beton<\/li>\n<\/ul><\/div>\n<div class=\"filters-tab-box__right\">\n<h2>Parametry<\/h2>\n<table>\n<tbody>\n<tr>\n<td>Vydatnost                                            :                                        <\/td>\n<td>                                            3 &#8211; 6 m2\/kg                                        <\/td>\n<\/tr>\n<tr>\n<td>Balen&#237;                                            :                                        <\/td>\n<td>                                            400 g                                        <\/td>\n<\/tr>\n<tr>\n<td>V&#225;ha                                            :                                        <\/td>\n<td>400 g                                        <\/td>\n<\/tr>\n<tr>\n<td>Po\u010det p\u0159&#237;sp\u011bvk\u016f                                        <\/td>\n<td>                                                                                    <\/td>\n<\/tr>\n<\/tbody>\n<\/table><\/div>\n<\/p><\/div>\n","protected":false},"excerpt":{"rendered":"<p>Rem Lak Bis Odstra\u0148ova\u010d star\u00fdch n\u00e1t\u011br\u016f 400 g Rem Lak Bis Odstra\u0148ova\u010d star\u00fdch n\u00e1t\u011br\u016f je inovativn\u00ed emulze ur\u010den\u00e1 k sndn\u00e9mu odstran\u011bn\u00ed p\u0159edchoz\u00edch n\u00e1t\u011br\u016f. Rychle, snadno a velice efektivn\u011b odstra\u0148uje jednoslo\u017ekov\u00e9 u dvouslo\u017ekov\u00e9 barvy a n\u00e1t\u011bry (epoxidov\u00e9, polyuretanov\u00e9 i akryl\u00e1tov\u00e9). Funguje na b\u00e1zi oraganick\u00fdch rozpou\u0161t\u011bdel. Vhodn\u00e9 pou\u017eit\u00ed na d\u0159evo, kov, k\u00e1men, sklo, beton apod. (mimo plastov\u00e9 [&hellip;]<\/p>\n","protected":false},"featured_media":31660,"comment_status":"open","ping_status":"open","template":"","meta":[],"product_brand":[],"product_cat":[113],"product_tag":[],"class_list":{"0":"post-31560","1":"product","2":"type-product","3":"status-publish","4":"has-post-thumbnail","6":"product_cat-barvy-a-laky","8":"first","9":"instock","10":"sale","11":"shipping-taxable","12":"purchasable","13":"product-type-simple"},"yoast_head":"<!-- This site is optimized with the Yoast SEO plugin v26.8 - https:\/\/yoast.com\/product\/yoast-seo-wordpress\/ -->\n<title>REM-LACK BIS ODSTRA\u0147OVA\u010c N\u00c1T\u011aR\u016e 400 g Origin\u00e1ln\u00ed -<\/title>\n<meta name=\"robots\" content=\"index, follow, max-snippet:-1, max-image-preview:large, max-video-preview:-1\" \/>\n<link rel=\"canonical\" href=\"https:\/\/www.koupelnapro.com\/index.php\/produkt\/rem-lack-bis-odstranovac-nateru-400-g-originalni-31560\/\" \/>\n<meta property=\"og:locale\" content=\"cs_CZ\" \/>\n<meta property=\"og:type\" content=\"article\" \/>\n<meta property=\"og:title\" content=\"REM-LACK BIS ODSTRA\u0147OVA\u010c N\u00c1T\u011aR\u016e 400 g Origin\u00e1ln\u00ed -\" \/>\n<meta property=\"og:description\" content=\"Rem Lak Bis Odstra\u0148ova\u010d star\u00fdch n\u00e1t\u011br\u016f 400 g Rem Lak Bis Odstra\u0148ova\u010d star\u00fdch n\u00e1t\u011br\u016f je inovativn\u00ed emulze ur\u010den\u00e1 k sndn\u00e9mu odstran\u011bn\u00ed p\u0159edchoz\u00edch n\u00e1t\u011br\u016f. Rychle, snadno a velice efektivn\u011b odstra\u0148uje jednoslo\u017ekov\u00e9 u dvouslo\u017ekov\u00e9 barvy a n\u00e1t\u011bry (epoxidov\u00e9, polyuretanov\u00e9 i akryl\u00e1tov\u00e9). Funguje na b\u00e1zi oraganick\u00fdch rozpou\u0161t\u011bdel. Vhodn\u00e9 pou\u017eit\u00ed na d\u0159evo, kov, k\u00e1men, sklo, beton apod. (mimo plastov\u00e9 [&hellip;]\" \/>\n<meta property=\"og:url\" content=\"https:\/\/www.koupelnapro.com\/index.php\/produkt\/rem-lack-bis-odstranovac-nateru-400-g-originalni-31560\/\" \/>\n<meta property=\"og:image\" content=\"https:\/\/www.koupelnapro.com\/wp-content\/uploads\/2026\/SK0002823-CZ20260425-092455-0-1777080297-image_of_object.webp\" \/>\n\t<meta property=\"og:image:width\" content=\"400\" \/>\n\t<meta property=\"og:image:height\" content=\"300\" \/>\n\t<meta property=\"og:image:type\" content=\"image\/webp\" \/>\n<meta name=\"twitter:card\" content=\"summary_large_image\" \/>\n<meta name=\"twitter:label1\" content=\"Odhadovan\u00e1 doba \u010dten\u00ed\" \/>\n\t<meta name=\"twitter:data1\" content=\"1 minuta\" \/>\n<script type=\"application\/ld+json\" class=\"yoast-schema-graph\">{\"@context\":\"https:\/\/schema.org\",\"@graph\":[{\"@type\":\"WebPage\",\"@id\":\"https:\/\/www.koupelnapro.com\/index.php\/produkt\/rem-lack-bis-odstranovac-nateru-400-g-originalni-31560\/\",\"url\":\"https:\/\/www.koupelnapro.com\/index.php\/produkt\/rem-lack-bis-odstranovac-nateru-400-g-originalni-31560\/\",\"name\":\"REM-LACK BIS ODSTRA\u0147OVA\u010c N\u00c1T\u011aR\u016e 400 g Origin\u00e1ln\u00ed -\",\"isPartOf\":{\"@id\":\"https:\/\/www.koupelnapro.com\/#website\"},\"primaryImageOfPage\":{\"@id\":\"https:\/\/www.koupelnapro.com\/index.php\/produkt\/rem-lack-bis-odstranovac-nateru-400-g-originalni-31560\/#primaryimage\"},\"image\":{\"@id\":\"https:\/\/www.koupelnapro.com\/index.php\/produkt\/rem-lack-bis-odstranovac-nateru-400-g-originalni-31560\/#primaryimage\"},\"thumbnailUrl\":\"https:\/\/www.koupelnapro.com\/wp-content\/uploads\/2026\/SK0002823-CZ20260425-092455-0-1777080297-image_of_object.webp\",\"datePublished\":\"2026-04-26T09:15:14+00:00\",\"breadcrumb\":{\"@id\":\"https:\/\/www.koupelnapro.com\/index.php\/produkt\/rem-lack-bis-odstranovac-nateru-400-g-originalni-31560\/#breadcrumb\"},\"inLanguage\":\"cs\",\"potentialAction\":[{\"@type\":\"ReadAction\",\"target\":[\"https:\/\/www.koupelnapro.com\/index.php\/produkt\/rem-lack-bis-odstranovac-nateru-400-g-originalni-31560\/\"]}]},{\"@type\":\"ImageObject\",\"inLanguage\":\"cs\",\"@id\":\"https:\/\/www.koupelnapro.com\/index.php\/produkt\/rem-lack-bis-odstranovac-nateru-400-g-originalni-31560\/#primaryimage\",\"url\":\"https:\/\/www.koupelnapro.com\/wp-content\/uploads\/2026\/SK0002823-CZ20260425-092455-0-1777080297-image_of_object.webp\",\"contentUrl\":\"https:\/\/www.koupelnapro.com\/wp-content\/uploads\/2026\/SK0002823-CZ20260425-092455-0-1777080297-image_of_object.webp\",\"width\":400,\"height\":300},{\"@type\":\"BreadcrumbList\",\"@id\":\"https:\/\/www.koupelnapro.com\/index.php\/produkt\/rem-lack-bis-odstranovac-nateru-400-g-originalni-31560\/#breadcrumb\",\"itemListElement\":[{\"@type\":\"ListItem\",\"position\":1,\"name\":\"Home\",\"item\":\"https:\/\/www.koupelnapro.com\/\"},{\"@type\":\"ListItem\",\"position\":2,\"name\":\"Products\",\"item\":\"https:\/\/www.koupelnapro.com\/index.php\/products\/\"},{\"@type\":\"ListItem\",\"position\":3,\"name\":\"REM-LACK BIS ODSTRA\u0147OVA\u010c N\u00c1T\u011aR\u016e 400 g Origin\u00e1ln\u00ed\"}]},{\"@type\":\"WebSite\",\"@id\":\"https:\/\/www.koupelnapro.com\/#website\",\"url\":\"https:\/\/www.koupelnapro.com\/\",\"name\":\"\",\"description\":\"\",\"potentialAction\":[{\"@type\":\"SearchAction\",\"target\":{\"@type\":\"EntryPoint\",\"urlTemplate\":\"https:\/\/www.koupelnapro.com\/?s={search_term_string}\"},\"query-input\":{\"@type\":\"PropertyValueSpecification\",\"valueRequired\":true,\"valueName\":\"search_term_string\"}}],\"inLanguage\":\"cs\"}]}<\/script>\n<!-- \/ Yoast SEO plugin. -->","yoast_head_json":{"title":"REM-LACK BIS ODSTRA\u0147OVA\u010c N\u00c1T\u011aR\u016e 400 g Origin\u00e1ln\u00ed -","robots":{"index":"index","follow":"follow","max-snippet":"max-snippet:-1","max-image-preview":"max-image-preview:large","max-video-preview":"max-video-preview:-1"},"canonical":"https:\/\/www.koupelnapro.com\/index.php\/produkt\/rem-lack-bis-odstranovac-nateru-400-g-originalni-31560\/","og_locale":"cs_CZ","og_type":"article","og_title":"REM-LACK BIS ODSTRA\u0147OVA\u010c N\u00c1T\u011aR\u016e 400 g Origin\u00e1ln\u00ed -","og_description":"Rem Lak Bis Odstra\u0148ova\u010d star\u00fdch n\u00e1t\u011br\u016f 400 g Rem Lak Bis Odstra\u0148ova\u010d star\u00fdch n\u00e1t\u011br\u016f je inovativn\u00ed emulze ur\u010den\u00e1 k sndn\u00e9mu odstran\u011bn\u00ed p\u0159edchoz\u00edch n\u00e1t\u011br\u016f. Rychle, snadno a velice efektivn\u011b odstra\u0148uje jednoslo\u017ekov\u00e9 u dvouslo\u017ekov\u00e9 barvy a n\u00e1t\u011bry (epoxidov\u00e9, polyuretanov\u00e9 i akryl\u00e1tov\u00e9). Funguje na b\u00e1zi oraganick\u00fdch rozpou\u0161t\u011bdel. Vhodn\u00e9 pou\u017eit\u00ed na d\u0159evo, kov, k\u00e1men, sklo, beton apod. (mimo plastov\u00e9 [&hellip;]","og_url":"https:\/\/www.koupelnapro.com\/index.php\/produkt\/rem-lack-bis-odstranovac-nateru-400-g-originalni-31560\/","og_image":[{"width":400,"height":300,"url":"https:\/\/www.koupelnapro.com\/wp-content\/uploads\/2026\/SK0002823-CZ20260425-092455-0-1777080297-image_of_object.webp","type":"image\/webp"}],"twitter_card":"summary_large_image","twitter_misc":{"Odhadovan\u00e1 doba \u010dten\u00ed":"1 minuta"},"schema":{"@context":"https:\/\/schema.org","@graph":[{"@type":"WebPage","@id":"https:\/\/www.koupelnapro.com\/index.php\/produkt\/rem-lack-bis-odstranovac-nateru-400-g-originalni-31560\/","url":"https:\/\/www.koupelnapro.com\/index.php\/produkt\/rem-lack-bis-odstranovac-nateru-400-g-originalni-31560\/","name":"REM-LACK BIS ODSTRA\u0147OVA\u010c N\u00c1T\u011aR\u016e 400 g Origin\u00e1ln\u00ed -","isPartOf":{"@id":"https:\/\/www.koupelnapro.com\/#website"},"primaryImageOfPage":{"@id":"https:\/\/www.koupelnapro.com\/index.php\/produkt\/rem-lack-bis-odstranovac-nateru-400-g-originalni-31560\/#primaryimage"},"image":{"@id":"https:\/\/www.koupelnapro.com\/index.php\/produkt\/rem-lack-bis-odstranovac-nateru-400-g-originalni-31560\/#primaryimage"},"thumbnailUrl":"https:\/\/www.koupelnapro.com\/wp-content\/uploads\/2026\/SK0002823-CZ20260425-092455-0-1777080297-image_of_object.webp","datePublished":"2026-04-26T09:15:14+00:00","breadcrumb":{"@id":"https:\/\/www.koupelnapro.com\/index.php\/produkt\/rem-lack-bis-odstranovac-nateru-400-g-originalni-31560\/#breadcrumb"},"inLanguage":"cs","potentialAction":[{"@type":"ReadAction","target":["https:\/\/www.koupelnapro.com\/index.php\/produkt\/rem-lack-bis-odstranovac-nateru-400-g-originalni-31560\/"]}]},{"@type":"ImageObject","inLanguage":"cs","@id":"https:\/\/www.koupelnapro.com\/index.php\/produkt\/rem-lack-bis-odstranovac-nateru-400-g-originalni-31560\/#primaryimage","url":"https:\/\/www.koupelnapro.com\/wp-content\/uploads\/2026\/SK0002823-CZ20260425-092455-0-1777080297-image_of_object.webp","contentUrl":"https:\/\/www.koupelnapro.com\/wp-content\/uploads\/2026\/SK0002823-CZ20260425-092455-0-1777080297-image_of_object.webp","width":400,"height":300},{"@type":"BreadcrumbList","@id":"https:\/\/www.koupelnapro.com\/index.php\/produkt\/rem-lack-bis-odstranovac-nateru-400-g-originalni-31560\/#breadcrumb","itemListElement":[{"@type":"ListItem","position":1,"name":"Home","item":"https:\/\/www.koupelnapro.com\/"},{"@type":"ListItem","position":2,"name":"Products","item":"https:\/\/www.koupelnapro.com\/index.php\/products\/"},{"@type":"ListItem","position":3,"name":"REM-LACK BIS ODSTRA\u0147OVA\u010c N\u00c1T\u011aR\u016e 400 g Origin\u00e1ln\u00ed"}]},{"@type":"WebSite","@id":"https:\/\/www.koupelnapro.com\/#website","url":"https:\/\/www.koupelnapro.com\/","name":"","description":"","potentialAction":[{"@type":"SearchAction","target":{"@type":"EntryPoint","urlTemplate":"https:\/\/www.koupelnapro.com\/?s={search_term_string}"},"query-input":{"@type":"PropertyValueSpecification","valueRequired":true,"valueName":"search_term_string"}}],"inLanguage":"cs"}]}},"_links":{"self":[{"href":"https:\/\/www.koupelnapro.com\/index.php\/wp-json\/wp\/v2\/product\/31560","targetHints":{"allow":["GET"]}}],"collection":[{"href":"https:\/\/www.koupelnapro.com\/index.php\/wp-json\/wp\/v2\/product"}],"about":[{"href":"https:\/\/www.koupelnapro.com\/index.php\/wp-json\/wp\/v2\/types\/product"}],"replies":[{"embeddable":true,"href":"https:\/\/www.koupelnapro.com\/index.php\/wp-json\/wp\/v2\/comments?post=31560"}],"wp:featuredmedia":[{"embeddable":true,"href":"https:\/\/www.koupelnapro.com\/index.php\/wp-json\/wp\/v2\/media\/31660"}],"wp:attachment":[{"href":"https:\/\/www.koupelnapro.com\/index.php\/wp-json\/wp\/v2\/media?parent=31560"}],"wp:term":[{"taxonomy":"product_brand","embeddable":true,"href":"https:\/\/www.koupelnapro.com\/index.php\/wp-json\/wp\/v2\/product_brand?post=31560"},{"taxonomy":"product_cat","embeddable":true,"href":"https:\/\/www.koupelnapro.com\/index.php\/wp-json\/wp\/v2\/product_cat?post=31560"},{"taxonomy":"product_tag","embeddable":true,"href":"https:\/\/www.koupelnapro.com\/index.php\/wp-json\/wp\/v2\/product_tag?post=31560"}],"curies":[{"name":"wp","href":"https:\/\/api.w.org\/{rel}","templated":true}]}}