{"id":31527,"date":"2026-04-26T09:15:14","date_gmt":"2026-04-26T09:15:14","guid":{"rendered":""},"modified":"2026-04-26T09:15:14","modified_gmt":"2026-04-26T09:15:14","slug":"znackovy-radex-pistole-pro-schnuti-wb-barev-31527","status":"publish","type":"product","link":"https:\/\/www.koupelnapro.com\/index.php\/produkt\/znackovy-radex-pistole-pro-schnuti-wb-barev-31527\/","title":{"rendered":"Zna\u010dkov\u00fd RADEX Pistole pro schnut\u00ed WB barev"},"content":{"rendered":"<div class=\"filters-tab-box__left\">\n<h2>RADEX pistole pro schunut\u00ed WB barev<\/h2>\n<p>Pistole pro <b>urychlen\u00e9 schnut\u00ed povrch\u016f<\/b> nat\u0159en\u00fdch vodou \u0159editeln\u00fdmi materi\u00e1ly. Zkracuje doby cykl\u016f v lakovac\u00edch kabin\u00e1ch. V\u00fdhoou jsou <b>n\u00edzk\u00e9 investi\u010dn\u00ed n\u00e1klady a snadn\u00e1 manipulace<\/b>.<\/p>\n<h3>Kl\u00ed\u010dov\u00e9 vlastnosti<\/h3>\n<ul class=\"vlastnosti\">\n<li><b>Urychlen\u00e9 schnut\u00ed<\/b> povrch\u016f nat\u0159en\u00fdch vodou \u0159editeln\u00fdmi materi\u00e1ly<\/li>\n<li>Zkr\u00e1cen\u00e9 doby cykl\u016f v lakovac\u00edch kabin\u00e1ch<\/li>\n<li><b>N\u00edzk\u00e9 investi\u010dn\u00ed n\u00e1klady a snadn\u00e1 manipulace<\/b><\/li>\n<\/ul><\/div>\n<div class=\"filters-tab-box__right\">\n<h2>Parametry<\/h2>\n<table>\n<tbody>\n<tr>\n<td>V&#253;robce                                            :                                        <\/td>\n<td>                                            Radex                                        <\/td>\n<\/tr>\n<\/tbody>\n<\/table><\/div>\n<\/p><\/div>\n","protected":false},"excerpt":{"rendered":"<p>RADEX pistole pro schunut\u00ed WB barev Pistole pro urychlen\u00e9 schnut\u00ed povrch\u016f nat\u0159en\u00fdch vodou \u0159editeln\u00fdmi materi\u00e1ly. Zkracuje doby cykl\u016f v lakovac\u00edch kabin\u00e1ch. V\u00fdhoou jsou n\u00edzk\u00e9 investi\u010dn\u00ed n\u00e1klady a snadn\u00e1 manipulace. Kl\u00ed\u010dov\u00e9 vlastnosti Urychlen\u00e9 schnut\u00ed povrch\u016f nat\u0159en\u00fdch vodou \u0159editeln\u00fdmi materi\u00e1ly Zkr\u00e1cen\u00e9 doby cykl\u016f v lakovac\u00edch kabin\u00e1ch N\u00edzk\u00e9 investi\u010dn\u00ed n\u00e1klady a snadn\u00e1 manipulace Parametry V&#253;robce : Radex<\/p>\n","protected":false},"featured_media":31627,"comment_status":"open","ping_status":"open","template":"","meta":[],"product_brand":[],"product_cat":[112],"product_tag":[],"class_list":{"0":"post-31527","1":"product","2":"type-product","3":"status-publish","4":"has-post-thumbnail","6":"product_cat-autolaky","8":"first","9":"instock","10":"sale","11":"shipping-taxable","12":"purchasable","13":"product-type-simple"},"yoast_head":"<!-- This site is optimized with the Yoast SEO plugin v26.8 - https:\/\/yoast.com\/product\/yoast-seo-wordpress\/ -->\n<title>Zna\u010dkov\u00fd RADEX Pistole pro schnut\u00ed WB barev -<\/title>\n<meta name=\"robots\" content=\"index, follow, max-snippet:-1, max-image-preview:large, max-video-preview:-1\" \/>\n<link rel=\"canonical\" href=\"https:\/\/www.koupelnapro.com\/index.php\/produkt\/znackovy-radex-pistole-pro-schnuti-wb-barev-31527\/\" \/>\n<meta property=\"og:locale\" content=\"cs_CZ\" \/>\n<meta property=\"og:type\" content=\"article\" \/>\n<meta property=\"og:title\" content=\"Zna\u010dkov\u00fd RADEX Pistole pro schnut\u00ed WB barev -\" \/>\n<meta property=\"og:description\" content=\"RADEX pistole pro schunut\u00ed WB barev Pistole pro urychlen\u00e9 schnut\u00ed povrch\u016f nat\u0159en\u00fdch vodou \u0159editeln\u00fdmi materi\u00e1ly. Zkracuje doby cykl\u016f v lakovac\u00edch kabin\u00e1ch. V\u00fdhoou jsou n\u00edzk\u00e9 investi\u010dn\u00ed n\u00e1klady a snadn\u00e1 manipulace. Kl\u00ed\u010dov\u00e9 vlastnosti Urychlen\u00e9 schnut\u00ed povrch\u016f nat\u0159en\u00fdch vodou \u0159editeln\u00fdmi materi\u00e1ly Zkr\u00e1cen\u00e9 doby cykl\u016f v lakovac\u00edch kabin\u00e1ch N\u00edzk\u00e9 investi\u010dn\u00ed n\u00e1klady a snadn\u00e1 manipulace Parametry V&#253;robce : Radex\" \/>\n<meta property=\"og:url\" content=\"https:\/\/www.koupelnapro.com\/index.php\/produkt\/znackovy-radex-pistole-pro-schnuti-wb-barev-31527\/\" \/>\n<meta property=\"og:image\" content=\"https:\/\/www.koupelnapro.com\/wp-content\/uploads\/2026\/SK0002787-CZ20260425-092455-0-1777080297-image_of_object.webp\" \/>\n\t<meta property=\"og:image:width\" content=\"400\" \/>\n\t<meta property=\"og:image:height\" content=\"300\" \/>\n\t<meta property=\"og:image:type\" content=\"image\/webp\" \/>\n<meta name=\"twitter:card\" content=\"summary_large_image\" \/>\n<script type=\"application\/ld+json\" class=\"yoast-schema-graph\">{\"@context\":\"https:\/\/schema.org\",\"@graph\":[{\"@type\":\"WebPage\",\"@id\":\"https:\/\/www.koupelnapro.com\/index.php\/produkt\/znackovy-radex-pistole-pro-schnuti-wb-barev-31527\/\",\"url\":\"https:\/\/www.koupelnapro.com\/index.php\/produkt\/znackovy-radex-pistole-pro-schnuti-wb-barev-31527\/\",\"name\":\"Zna\u010dkov\u00fd RADEX Pistole pro schnut\u00ed WB barev -\",\"isPartOf\":{\"@id\":\"https:\/\/www.koupelnapro.com\/#website\"},\"primaryImageOfPage\":{\"@id\":\"https:\/\/www.koupelnapro.com\/index.php\/produkt\/znackovy-radex-pistole-pro-schnuti-wb-barev-31527\/#primaryimage\"},\"image\":{\"@id\":\"https:\/\/www.koupelnapro.com\/index.php\/produkt\/znackovy-radex-pistole-pro-schnuti-wb-barev-31527\/#primaryimage\"},\"thumbnailUrl\":\"https:\/\/www.koupelnapro.com\/wp-content\/uploads\/2026\/SK0002787-CZ20260425-092455-0-1777080297-image_of_object.webp\",\"datePublished\":\"2026-04-26T09:15:14+00:00\",\"breadcrumb\":{\"@id\":\"https:\/\/www.koupelnapro.com\/index.php\/produkt\/znackovy-radex-pistole-pro-schnuti-wb-barev-31527\/#breadcrumb\"},\"inLanguage\":\"cs\",\"potentialAction\":[{\"@type\":\"ReadAction\",\"target\":[\"https:\/\/www.koupelnapro.com\/index.php\/produkt\/znackovy-radex-pistole-pro-schnuti-wb-barev-31527\/\"]}]},{\"@type\":\"ImageObject\",\"inLanguage\":\"cs\",\"@id\":\"https:\/\/www.koupelnapro.com\/index.php\/produkt\/znackovy-radex-pistole-pro-schnuti-wb-barev-31527\/#primaryimage\",\"url\":\"https:\/\/www.koupelnapro.com\/wp-content\/uploads\/2026\/SK0002787-CZ20260425-092455-0-1777080297-image_of_object.webp\",\"contentUrl\":\"https:\/\/www.koupelnapro.com\/wp-content\/uploads\/2026\/SK0002787-CZ20260425-092455-0-1777080297-image_of_object.webp\",\"width\":400,\"height\":300},{\"@type\":\"BreadcrumbList\",\"@id\":\"https:\/\/www.koupelnapro.com\/index.php\/produkt\/znackovy-radex-pistole-pro-schnuti-wb-barev-31527\/#breadcrumb\",\"itemListElement\":[{\"@type\":\"ListItem\",\"position\":1,\"name\":\"Home\",\"item\":\"https:\/\/www.koupelnapro.com\/\"},{\"@type\":\"ListItem\",\"position\":2,\"name\":\"Products\",\"item\":\"https:\/\/www.koupelnapro.com\/index.php\/products\/\"},{\"@type\":\"ListItem\",\"position\":3,\"name\":\"Zna\u010dkov\u00fd RADEX Pistole pro schnut\u00ed WB barev\"}]},{\"@type\":\"WebSite\",\"@id\":\"https:\/\/www.koupelnapro.com\/#website\",\"url\":\"https:\/\/www.koupelnapro.com\/\",\"name\":\"\",\"description\":\"\",\"potentialAction\":[{\"@type\":\"SearchAction\",\"target\":{\"@type\":\"EntryPoint\",\"urlTemplate\":\"https:\/\/www.koupelnapro.com\/?s={search_term_string}\"},\"query-input\":{\"@type\":\"PropertyValueSpecification\",\"valueRequired\":true,\"valueName\":\"search_term_string\"}}],\"inLanguage\":\"cs\"}]}<\/script>\n<!-- \/ Yoast SEO plugin. -->","yoast_head_json":{"title":"Zna\u010dkov\u00fd RADEX Pistole pro schnut\u00ed WB barev -","robots":{"index":"index","follow":"follow","max-snippet":"max-snippet:-1","max-image-preview":"max-image-preview:large","max-video-preview":"max-video-preview:-1"},"canonical":"https:\/\/www.koupelnapro.com\/index.php\/produkt\/znackovy-radex-pistole-pro-schnuti-wb-barev-31527\/","og_locale":"cs_CZ","og_type":"article","og_title":"Zna\u010dkov\u00fd RADEX Pistole pro schnut\u00ed WB barev -","og_description":"RADEX pistole pro schunut\u00ed WB barev Pistole pro urychlen\u00e9 schnut\u00ed povrch\u016f nat\u0159en\u00fdch vodou \u0159editeln\u00fdmi materi\u00e1ly. Zkracuje doby cykl\u016f v lakovac\u00edch kabin\u00e1ch. V\u00fdhoou jsou n\u00edzk\u00e9 investi\u010dn\u00ed n\u00e1klady a snadn\u00e1 manipulace. Kl\u00ed\u010dov\u00e9 vlastnosti Urychlen\u00e9 schnut\u00ed povrch\u016f nat\u0159en\u00fdch vodou \u0159editeln\u00fdmi materi\u00e1ly Zkr\u00e1cen\u00e9 doby cykl\u016f v lakovac\u00edch kabin\u00e1ch N\u00edzk\u00e9 investi\u010dn\u00ed n\u00e1klady a snadn\u00e1 manipulace Parametry V&#253;robce : Radex","og_url":"https:\/\/www.koupelnapro.com\/index.php\/produkt\/znackovy-radex-pistole-pro-schnuti-wb-barev-31527\/","og_image":[{"width":400,"height":300,"url":"https:\/\/www.koupelnapro.com\/wp-content\/uploads\/2026\/SK0002787-CZ20260425-092455-0-1777080297-image_of_object.webp","type":"image\/webp"}],"twitter_card":"summary_large_image","schema":{"@context":"https:\/\/schema.org","@graph":[{"@type":"WebPage","@id":"https:\/\/www.koupelnapro.com\/index.php\/produkt\/znackovy-radex-pistole-pro-schnuti-wb-barev-31527\/","url":"https:\/\/www.koupelnapro.com\/index.php\/produkt\/znackovy-radex-pistole-pro-schnuti-wb-barev-31527\/","name":"Zna\u010dkov\u00fd RADEX Pistole pro schnut\u00ed WB barev -","isPartOf":{"@id":"https:\/\/www.koupelnapro.com\/#website"},"primaryImageOfPage":{"@id":"https:\/\/www.koupelnapro.com\/index.php\/produkt\/znackovy-radex-pistole-pro-schnuti-wb-barev-31527\/#primaryimage"},"image":{"@id":"https:\/\/www.koupelnapro.com\/index.php\/produkt\/znackovy-radex-pistole-pro-schnuti-wb-barev-31527\/#primaryimage"},"thumbnailUrl":"https:\/\/www.koupelnapro.com\/wp-content\/uploads\/2026\/SK0002787-CZ20260425-092455-0-1777080297-image_of_object.webp","datePublished":"2026-04-26T09:15:14+00:00","breadcrumb":{"@id":"https:\/\/www.koupelnapro.com\/index.php\/produkt\/znackovy-radex-pistole-pro-schnuti-wb-barev-31527\/#breadcrumb"},"inLanguage":"cs","potentialAction":[{"@type":"ReadAction","target":["https:\/\/www.koupelnapro.com\/index.php\/produkt\/znackovy-radex-pistole-pro-schnuti-wb-barev-31527\/"]}]},{"@type":"ImageObject","inLanguage":"cs","@id":"https:\/\/www.koupelnapro.com\/index.php\/produkt\/znackovy-radex-pistole-pro-schnuti-wb-barev-31527\/#primaryimage","url":"https:\/\/www.koupelnapro.com\/wp-content\/uploads\/2026\/SK0002787-CZ20260425-092455-0-1777080297-image_of_object.webp","contentUrl":"https:\/\/www.koupelnapro.com\/wp-content\/uploads\/2026\/SK0002787-CZ20260425-092455-0-1777080297-image_of_object.webp","width":400,"height":300},{"@type":"BreadcrumbList","@id":"https:\/\/www.koupelnapro.com\/index.php\/produkt\/znackovy-radex-pistole-pro-schnuti-wb-barev-31527\/#breadcrumb","itemListElement":[{"@type":"ListItem","position":1,"name":"Home","item":"https:\/\/www.koupelnapro.com\/"},{"@type":"ListItem","position":2,"name":"Products","item":"https:\/\/www.koupelnapro.com\/index.php\/products\/"},{"@type":"ListItem","position":3,"name":"Zna\u010dkov\u00fd RADEX Pistole pro schnut\u00ed WB barev"}]},{"@type":"WebSite","@id":"https:\/\/www.koupelnapro.com\/#website","url":"https:\/\/www.koupelnapro.com\/","name":"","description":"","potentialAction":[{"@type":"SearchAction","target":{"@type":"EntryPoint","urlTemplate":"https:\/\/www.koupelnapro.com\/?s={search_term_string}"},"query-input":{"@type":"PropertyValueSpecification","valueRequired":true,"valueName":"search_term_string"}}],"inLanguage":"cs"}]}},"_links":{"self":[{"href":"https:\/\/www.koupelnapro.com\/index.php\/wp-json\/wp\/v2\/product\/31527","targetHints":{"allow":["GET"]}}],"collection":[{"href":"https:\/\/www.koupelnapro.com\/index.php\/wp-json\/wp\/v2\/product"}],"about":[{"href":"https:\/\/www.koupelnapro.com\/index.php\/wp-json\/wp\/v2\/types\/product"}],"replies":[{"embeddable":true,"href":"https:\/\/www.koupelnapro.com\/index.php\/wp-json\/wp\/v2\/comments?post=31527"}],"wp:featuredmedia":[{"embeddable":true,"href":"https:\/\/www.koupelnapro.com\/index.php\/wp-json\/wp\/v2\/media\/31627"}],"wp:attachment":[{"href":"https:\/\/www.koupelnapro.com\/index.php\/wp-json\/wp\/v2\/media?parent=31527"}],"wp:term":[{"taxonomy":"product_brand","embeddable":true,"href":"https:\/\/www.koupelnapro.com\/index.php\/wp-json\/wp\/v2\/product_brand?post=31527"},{"taxonomy":"product_cat","embeddable":true,"href":"https:\/\/www.koupelnapro.com\/index.php\/wp-json\/wp\/v2\/product_cat?post=31527"},{"taxonomy":"product_tag","embeddable":true,"href":"https:\/\/www.koupelnapro.com\/index.php\/wp-json\/wp\/v2\/product_tag?post=31527"}],"curies":[{"name":"wp","href":"https:\/\/api.w.org\/{rel}","templated":true}]}}