{"id":31321,"date":"2026-04-26T09:15:13","date_gmt":"2026-04-26T09:15:13","guid":{"rendered":""},"modified":"2026-04-26T09:15:13","modified_gmt":"2026-04-26T09:15:13","slug":"radex-brusny-kotouc-15-der-p180-150-mm-casove-omezene-31321","status":"publish","type":"product","link":"https:\/\/www.koupelnapro.com\/index.php\/produkt\/radex-brusny-kotouc-15-der-p180-150-mm-casove-omezene-31321\/","title":{"rendered":"RADEX Brusn\u00fd kotou\u010d 15 d\u011br  P180 \u2013 150 mm \u010casov\u011b Omezen\u00e9"},"content":{"rendered":"<div class=\"filters-tab-box__left\">\n<h2>Brusn\u00fd kotou\u010d RADEX<\/h2>\n<p>Brusn\u00fd kotou\u010d pro konzistentn\u00ed povrchovou \u00fapravu <b>bez ucp\u00e1v\u00e1n\u00ed<\/b>. V\u00fdborn\u00fd pro <b>odstra\u0148ov\u00e1n\u00ed rzi, brou\u0161en\u00ed tmel\u016f, z\u00e1kladov\u00fdch materi\u00e1l\u016f, plast\u016f, d\u0159eva, atd.,<\/b> p\u0159ed nanesen\u00edm vrchn\u00edch n\u00e1t\u011br\u016f. Dostupn\u00e9 hrubosti <b>P60 &#8211; P800<\/b>. <b>Speci\u00e1ln\u00ed formule na b\u00e1zi oxidu hlinit\u00e9ho<\/b> poskytuje odolnost a jednotnost vlastnost\u00ed kotou\u010de b\u011bhem cel\u00e9ho \u017eivotn\u00edho cyklu. Kvalitn\u00ed brou\u0161en\u00ed d\u00edky <b>keramick\u00e9mu zrnu<\/b>. Such\u00fd zip, 15 d\u011br, pr\u016fm\u011br 150 mm. <b>Na specificky zpracovan\u00e9m pap\u00edrov\u00e9m podkladu<\/b>.<\/p>\n<h3>Kl\u00ed\u010dov\u00e9 vlastnosti<\/h3>\n<ul class=\"vlastnosti\">\n<li>Konzistentn\u00ed povrchov\u00e1 \u00faprava <b>bez ucp\u00e1v\u00e1n\u00ed<\/b><\/li>\n<li>V\u00fdborn\u00fd pro <b>odstra\u0148ov\u00e1n\u00ed rzi, brou\u0161en\u00ed tmel\u016f, z\u00e1kladov\u00fdch materi\u00e1l\u016f, plast\u016f, d\u0159eva, atd.,<\/b> p\u0159ed nanesen\u00edm vrchn\u00edch n\u00e1t\u011br\u016f<\/li>\n<li>Hrubosti <b>P60 &#8211; P800<\/b><\/li>\n<li><b>Speci\u00e1ln\u00ed formule na b\u00e1zi oxidu hlinit\u00e9ho<\/b> poskytuje odolnost a jednotnost vlastnost\u00ed kotou\u010de b\u011bhem cel\u00e9ho \u017eivotn\u00edho cyklu<\/li>\n<li>Kvalitn\u00ed brou\u0161en\u00ed d\u00edky <b>keramick\u00e9mu zrnu<\/b><\/li>\n<li>Such\u00fd zip, 15 d\u011br, pr\u016fm\u011br 150 mm<\/li>\n<li><b>Na specificky zpracovan\u00e9m pap\u00edrov\u00e9m podkladu<\/b><\/li>\n<\/ul>\n<h3>Pou\u017eit\u00ed<\/h3>\n<ul class=\"pouziti\">\n<li>P\u0159ilepte brusn\u00fd kotou\u010d na una\u0161e\u010d brusky<\/li>\n<li>Bruste dle standardn\u00edho postupu pro brou\u0161en\u00ed<\/li>\n<\/ul><\/div>\n<div class=\"filters-tab-box__right\">\n<h2>Parametry<\/h2>\n<table>\n<tbody>\n<tr>\n<td>V&#253;robce                                            :                                        <\/td>\n<td>                                            Radex                                        <\/td>\n<\/tr>\n<tr>\n<td>Po\u010det otvor\u016f                                            :                                        <\/td>\n<td>                                            15                                        <\/td>\n<\/tr>\n<tr>\n<td>Pr\u016fm\u011br                                        <\/td>\n<td>                                            150mm                                        <\/td>\n<\/tr>\n<tr>\n<td>Hrubost                                        <\/td>\n<td>                                            180                                        <\/td>\n<\/tr>\n<\/tbody>\n<\/table><\/div>\n<\/p><\/div>\n","protected":false},"excerpt":{"rendered":"<p>Brusn\u00fd kotou\u010d RADEX Brusn\u00fd kotou\u010d pro konzistentn\u00ed povrchovou \u00fapravu bez ucp\u00e1v\u00e1n\u00ed. V\u00fdborn\u00fd pro odstra\u0148ov\u00e1n\u00ed rzi, brou\u0161en\u00ed tmel\u016f, z\u00e1kladov\u00fdch materi\u00e1l\u016f, plast\u016f, d\u0159eva, atd., p\u0159ed nanesen\u00edm vrchn\u00edch n\u00e1t\u011br\u016f. Dostupn\u00e9 hrubosti P60 &#8211; P800. Speci\u00e1ln\u00ed formule na b\u00e1zi oxidu hlinit\u00e9ho poskytuje odolnost a jednotnost vlastnost\u00ed kotou\u010de b\u011bhem cel\u00e9ho \u017eivotn\u00edho cyklu. Kvalitn\u00ed brou\u0161en\u00ed d\u00edky keramick\u00e9mu zrnu. Such\u00fd zip, 15 [&hellip;]<\/p>\n","protected":false},"featured_media":31421,"comment_status":"open","ping_status":"open","template":"","meta":[],"product_brand":[],"product_cat":[112],"product_tag":[],"class_list":{"0":"post-31321","1":"product","2":"type-product","3":"status-publish","4":"has-post-thumbnail","6":"product_cat-autolaky","8":"first","9":"instock","10":"sale","11":"shipping-taxable","12":"purchasable","13":"product-type-simple"},"yoast_head":"<!-- This site is optimized with the Yoast SEO plugin v26.8 - https:\/\/yoast.com\/product\/yoast-seo-wordpress\/ -->\n<title>RADEX Brusn\u00fd kotou\u010d 15 d\u011br P180 \u2013 150 mm \u010casov\u011b Omezen\u00e9 -<\/title>\n<meta name=\"robots\" content=\"index, follow, max-snippet:-1, max-image-preview:large, max-video-preview:-1\" \/>\n<link rel=\"canonical\" href=\"https:\/\/www.koupelnapro.com\/index.php\/produkt\/radex-brusny-kotouc-15-der-p180-150-mm-casove-omezene-31321\/\" \/>\n<meta property=\"og:locale\" content=\"cs_CZ\" \/>\n<meta property=\"og:type\" content=\"article\" \/>\n<meta property=\"og:title\" content=\"RADEX Brusn\u00fd kotou\u010d 15 d\u011br P180 \u2013 150 mm \u010casov\u011b Omezen\u00e9 -\" \/>\n<meta property=\"og:description\" content=\"Brusn\u00fd kotou\u010d RADEX Brusn\u00fd kotou\u010d pro konzistentn\u00ed povrchovou \u00fapravu bez ucp\u00e1v\u00e1n\u00ed. V\u00fdborn\u00fd pro odstra\u0148ov\u00e1n\u00ed rzi, brou\u0161en\u00ed tmel\u016f, z\u00e1kladov\u00fdch materi\u00e1l\u016f, plast\u016f, d\u0159eva, atd., p\u0159ed nanesen\u00edm vrchn\u00edch n\u00e1t\u011br\u016f. Dostupn\u00e9 hrubosti P60 &#8211; P800. Speci\u00e1ln\u00ed formule na b\u00e1zi oxidu hlinit\u00e9ho poskytuje odolnost a jednotnost vlastnost\u00ed kotou\u010de b\u011bhem cel\u00e9ho \u017eivotn\u00edho cyklu. Kvalitn\u00ed brou\u0161en\u00ed d\u00edky keramick\u00e9mu zrnu. Such\u00fd zip, 15 [&hellip;]\" \/>\n<meta property=\"og:url\" content=\"https:\/\/www.koupelnapro.com\/index.php\/produkt\/radex-brusny-kotouc-15-der-p180-150-mm-casove-omezene-31321\/\" \/>\n<meta property=\"og:image\" content=\"https:\/\/www.koupelnapro.com\/wp-content\/uploads\/2026\/SK0002681-CZ20260425-092455-0-1777080297-image_of_object.webp\" \/>\n\t<meta property=\"og:image:width\" content=\"400\" \/>\n\t<meta property=\"og:image:height\" content=\"300\" \/>\n\t<meta property=\"og:image:type\" content=\"image\/webp\" \/>\n<meta name=\"twitter:card\" content=\"summary_large_image\" \/>\n<meta name=\"twitter:label1\" content=\"Odhadovan\u00e1 doba \u010dten\u00ed\" \/>\n\t<meta name=\"twitter:data1\" content=\"1 minuta\" \/>\n<script type=\"application\/ld+json\" class=\"yoast-schema-graph\">{\"@context\":\"https:\/\/schema.org\",\"@graph\":[{\"@type\":\"WebPage\",\"@id\":\"https:\/\/www.koupelnapro.com\/index.php\/produkt\/radex-brusny-kotouc-15-der-p180-150-mm-casove-omezene-31321\/\",\"url\":\"https:\/\/www.koupelnapro.com\/index.php\/produkt\/radex-brusny-kotouc-15-der-p180-150-mm-casove-omezene-31321\/\",\"name\":\"RADEX Brusn\u00fd kotou\u010d 15 d\u011br P180 \u2013 150 mm \u010casov\u011b Omezen\u00e9 -\",\"isPartOf\":{\"@id\":\"https:\/\/www.koupelnapro.com\/#website\"},\"primaryImageOfPage\":{\"@id\":\"https:\/\/www.koupelnapro.com\/index.php\/produkt\/radex-brusny-kotouc-15-der-p180-150-mm-casove-omezene-31321\/#primaryimage\"},\"image\":{\"@id\":\"https:\/\/www.koupelnapro.com\/index.php\/produkt\/radex-brusny-kotouc-15-der-p180-150-mm-casove-omezene-31321\/#primaryimage\"},\"thumbnailUrl\":\"https:\/\/www.koupelnapro.com\/wp-content\/uploads\/2026\/SK0002681-CZ20260425-092455-0-1777080297-image_of_object.webp\",\"datePublished\":\"2026-04-26T09:15:13+00:00\",\"breadcrumb\":{\"@id\":\"https:\/\/www.koupelnapro.com\/index.php\/produkt\/radex-brusny-kotouc-15-der-p180-150-mm-casove-omezene-31321\/#breadcrumb\"},\"inLanguage\":\"cs\",\"potentialAction\":[{\"@type\":\"ReadAction\",\"target\":[\"https:\/\/www.koupelnapro.com\/index.php\/produkt\/radex-brusny-kotouc-15-der-p180-150-mm-casove-omezene-31321\/\"]}]},{\"@type\":\"ImageObject\",\"inLanguage\":\"cs\",\"@id\":\"https:\/\/www.koupelnapro.com\/index.php\/produkt\/radex-brusny-kotouc-15-der-p180-150-mm-casove-omezene-31321\/#primaryimage\",\"url\":\"https:\/\/www.koupelnapro.com\/wp-content\/uploads\/2026\/SK0002681-CZ20260425-092455-0-1777080297-image_of_object.webp\",\"contentUrl\":\"https:\/\/www.koupelnapro.com\/wp-content\/uploads\/2026\/SK0002681-CZ20260425-092455-0-1777080297-image_of_object.webp\",\"width\":400,\"height\":300},{\"@type\":\"BreadcrumbList\",\"@id\":\"https:\/\/www.koupelnapro.com\/index.php\/produkt\/radex-brusny-kotouc-15-der-p180-150-mm-casove-omezene-31321\/#breadcrumb\",\"itemListElement\":[{\"@type\":\"ListItem\",\"position\":1,\"name\":\"Home\",\"item\":\"https:\/\/www.koupelnapro.com\/\"},{\"@type\":\"ListItem\",\"position\":2,\"name\":\"Products\",\"item\":\"https:\/\/www.koupelnapro.com\/index.php\/products\/\"},{\"@type\":\"ListItem\",\"position\":3,\"name\":\"RADEX Brusn\u00fd kotou\u010d 15 d\u011br P180 \u2013 150 mm \u010casov\u011b Omezen\u00e9\"}]},{\"@type\":\"WebSite\",\"@id\":\"https:\/\/www.koupelnapro.com\/#website\",\"url\":\"https:\/\/www.koupelnapro.com\/\",\"name\":\"\",\"description\":\"\",\"potentialAction\":[{\"@type\":\"SearchAction\",\"target\":{\"@type\":\"EntryPoint\",\"urlTemplate\":\"https:\/\/www.koupelnapro.com\/?s={search_term_string}\"},\"query-input\":{\"@type\":\"PropertyValueSpecification\",\"valueRequired\":true,\"valueName\":\"search_term_string\"}}],\"inLanguage\":\"cs\"}]}<\/script>\n<!-- \/ Yoast SEO plugin. -->","yoast_head_json":{"title":"RADEX Brusn\u00fd kotou\u010d 15 d\u011br P180 \u2013 150 mm \u010casov\u011b Omezen\u00e9 -","robots":{"index":"index","follow":"follow","max-snippet":"max-snippet:-1","max-image-preview":"max-image-preview:large","max-video-preview":"max-video-preview:-1"},"canonical":"https:\/\/www.koupelnapro.com\/index.php\/produkt\/radex-brusny-kotouc-15-der-p180-150-mm-casove-omezene-31321\/","og_locale":"cs_CZ","og_type":"article","og_title":"RADEX Brusn\u00fd kotou\u010d 15 d\u011br P180 \u2013 150 mm \u010casov\u011b Omezen\u00e9 -","og_description":"Brusn\u00fd kotou\u010d RADEX Brusn\u00fd kotou\u010d pro konzistentn\u00ed povrchovou \u00fapravu bez ucp\u00e1v\u00e1n\u00ed. V\u00fdborn\u00fd pro odstra\u0148ov\u00e1n\u00ed rzi, brou\u0161en\u00ed tmel\u016f, z\u00e1kladov\u00fdch materi\u00e1l\u016f, plast\u016f, d\u0159eva, atd., p\u0159ed nanesen\u00edm vrchn\u00edch n\u00e1t\u011br\u016f. Dostupn\u00e9 hrubosti P60 &#8211; P800. Speci\u00e1ln\u00ed formule na b\u00e1zi oxidu hlinit\u00e9ho poskytuje odolnost a jednotnost vlastnost\u00ed kotou\u010de b\u011bhem cel\u00e9ho \u017eivotn\u00edho cyklu. Kvalitn\u00ed brou\u0161en\u00ed d\u00edky keramick\u00e9mu zrnu. Such\u00fd zip, 15 [&hellip;]","og_url":"https:\/\/www.koupelnapro.com\/index.php\/produkt\/radex-brusny-kotouc-15-der-p180-150-mm-casove-omezene-31321\/","og_image":[{"width":400,"height":300,"url":"https:\/\/www.koupelnapro.com\/wp-content\/uploads\/2026\/SK0002681-CZ20260425-092455-0-1777080297-image_of_object.webp","type":"image\/webp"}],"twitter_card":"summary_large_image","twitter_misc":{"Odhadovan\u00e1 doba \u010dten\u00ed":"1 minuta"},"schema":{"@context":"https:\/\/schema.org","@graph":[{"@type":"WebPage","@id":"https:\/\/www.koupelnapro.com\/index.php\/produkt\/radex-brusny-kotouc-15-der-p180-150-mm-casove-omezene-31321\/","url":"https:\/\/www.koupelnapro.com\/index.php\/produkt\/radex-brusny-kotouc-15-der-p180-150-mm-casove-omezene-31321\/","name":"RADEX Brusn\u00fd kotou\u010d 15 d\u011br P180 \u2013 150 mm \u010casov\u011b Omezen\u00e9 -","isPartOf":{"@id":"https:\/\/www.koupelnapro.com\/#website"},"primaryImageOfPage":{"@id":"https:\/\/www.koupelnapro.com\/index.php\/produkt\/radex-brusny-kotouc-15-der-p180-150-mm-casove-omezene-31321\/#primaryimage"},"image":{"@id":"https:\/\/www.koupelnapro.com\/index.php\/produkt\/radex-brusny-kotouc-15-der-p180-150-mm-casove-omezene-31321\/#primaryimage"},"thumbnailUrl":"https:\/\/www.koupelnapro.com\/wp-content\/uploads\/2026\/SK0002681-CZ20260425-092455-0-1777080297-image_of_object.webp","datePublished":"2026-04-26T09:15:13+00:00","breadcrumb":{"@id":"https:\/\/www.koupelnapro.com\/index.php\/produkt\/radex-brusny-kotouc-15-der-p180-150-mm-casove-omezene-31321\/#breadcrumb"},"inLanguage":"cs","potentialAction":[{"@type":"ReadAction","target":["https:\/\/www.koupelnapro.com\/index.php\/produkt\/radex-brusny-kotouc-15-der-p180-150-mm-casove-omezene-31321\/"]}]},{"@type":"ImageObject","inLanguage":"cs","@id":"https:\/\/www.koupelnapro.com\/index.php\/produkt\/radex-brusny-kotouc-15-der-p180-150-mm-casove-omezene-31321\/#primaryimage","url":"https:\/\/www.koupelnapro.com\/wp-content\/uploads\/2026\/SK0002681-CZ20260425-092455-0-1777080297-image_of_object.webp","contentUrl":"https:\/\/www.koupelnapro.com\/wp-content\/uploads\/2026\/SK0002681-CZ20260425-092455-0-1777080297-image_of_object.webp","width":400,"height":300},{"@type":"BreadcrumbList","@id":"https:\/\/www.koupelnapro.com\/index.php\/produkt\/radex-brusny-kotouc-15-der-p180-150-mm-casove-omezene-31321\/#breadcrumb","itemListElement":[{"@type":"ListItem","position":1,"name":"Home","item":"https:\/\/www.koupelnapro.com\/"},{"@type":"ListItem","position":2,"name":"Products","item":"https:\/\/www.koupelnapro.com\/index.php\/products\/"},{"@type":"ListItem","position":3,"name":"RADEX Brusn\u00fd kotou\u010d 15 d\u011br P180 \u2013 150 mm \u010casov\u011b Omezen\u00e9"}]},{"@type":"WebSite","@id":"https:\/\/www.koupelnapro.com\/#website","url":"https:\/\/www.koupelnapro.com\/","name":"","description":"","potentialAction":[{"@type":"SearchAction","target":{"@type":"EntryPoint","urlTemplate":"https:\/\/www.koupelnapro.com\/?s={search_term_string}"},"query-input":{"@type":"PropertyValueSpecification","valueRequired":true,"valueName":"search_term_string"}}],"inLanguage":"cs"}]}},"_links":{"self":[{"href":"https:\/\/www.koupelnapro.com\/index.php\/wp-json\/wp\/v2\/product\/31321","targetHints":{"allow":["GET"]}}],"collection":[{"href":"https:\/\/www.koupelnapro.com\/index.php\/wp-json\/wp\/v2\/product"}],"about":[{"href":"https:\/\/www.koupelnapro.com\/index.php\/wp-json\/wp\/v2\/types\/product"}],"replies":[{"embeddable":true,"href":"https:\/\/www.koupelnapro.com\/index.php\/wp-json\/wp\/v2\/comments?post=31321"}],"wp:featuredmedia":[{"embeddable":true,"href":"https:\/\/www.koupelnapro.com\/index.php\/wp-json\/wp\/v2\/media\/31421"}],"wp:attachment":[{"href":"https:\/\/www.koupelnapro.com\/index.php\/wp-json\/wp\/v2\/media?parent=31321"}],"wp:term":[{"taxonomy":"product_brand","embeddable":true,"href":"https:\/\/www.koupelnapro.com\/index.php\/wp-json\/wp\/v2\/product_brand?post=31321"},{"taxonomy":"product_cat","embeddable":true,"href":"https:\/\/www.koupelnapro.com\/index.php\/wp-json\/wp\/v2\/product_cat?post=31321"},{"taxonomy":"product_tag","embeddable":true,"href":"https:\/\/www.koupelnapro.com\/index.php\/wp-json\/wp\/v2\/product_tag?post=31321"}],"curies":[{"name":"wp","href":"https:\/\/api.w.org\/{rel}","templated":true}]}}