{"id":31317,"date":"2026-04-26T09:15:13","date_gmt":"2026-04-26T09:15:13","guid":{"rendered":""},"modified":"2026-04-26T09:15:13","modified_gmt":"2026-04-26T09:15:13","slug":"kup-ted-radex-brusny-kotouc-15-der-film-p400-150-mm-31317","status":"publish","type":"product","link":"https:\/\/www.koupelnapro.com\/index.php\/produkt\/kup-ted-radex-brusny-kotouc-15-der-film-p400-150-mm-31317\/","title":{"rendered":"Kup Te\u010f RADEX Brusn\u00fd kotou\u010d 15 d\u011br film  P400 \u2013 150 mm"},"content":{"rendered":"<div class=\"filters-tab-box__left\">\n<h2>Brusn\u00fd kotou\u010d RADEX FILM<\/h2>\n<p>Brusn\u00fd kotou\u010d <b>na b\u00e1zi plastov\u00e9 f\u00f3lie s otvory je speci\u00e1ln\u011b vyvinut pro kontinu\u00e1ln\u00ed efektivn\u00ed brou\u0161en\u00ed kov\u016f, n\u00e1t\u011brov\u00fdch hmot v\u010detn\u011b keramiky, tmel\u016f, plast\u016f, d\u0159eva atd.<\/b> s pou\u017eit\u00edm brusn\u00e9ho za\u0159\u00edzen\u00ed se syst\u00e9mem ods\u00e1v\u00e1n\u00ed prachu. V nab\u00eddce jsou hrubosti<b> P120 &#8211; P400 <\/b>pro hrub\u00e9 i jemn\u00e9 brou\u0161en\u00ed. Kvalita brou\u0161en\u00ed je zaru\u010dena d\u00edky <b>odoln\u00e9mu filmu<\/b>. Kotou\u010d je na podkladu se such\u00fdm zipem o pr\u016fm\u011bru 150 mm s 15 d\u011brami. Doporu\u010duje se pro pou\u017eit\u00ed v oblastech, jako jsou opravy a brou\u0161en\u00ed p\u0159ed lakov\u00e1n\u00edm, zpracov\u00e1n\u00ed d\u0159eva a kov\u016f, v\u00fdroba n\u00e1bytku, dom\u00e1c\u00edch spot\u0159ebi\u010d\u016f atd.<\/p>\n<h3>Kl\u00ed\u010dov\u00e9 vlastnosti<\/h3>\n<ul class=\"vlastnosti\">\n<li>Brusn\u00e9 kotou\u010de na b\u00e1zi plastov\u00e9 f\u00f3lie s otvory<\/li>\n<li>Extr\u00e9mn\u011b vysok\u00e1 odlonost a abrazivnost\n<li>Hrubosti <b>P120 &#8211; P400<\/b><\/li>\n<li><b>Efektivn\u00ed brou\u0161en\u00ed kov\u016f, n\u00e1t\u011brov\u00fdch hmot v\u010detn\u011b keramiky, tmel\u016f, plast\u016f, d\u0159eva atd.<\/b><\/li>\n<li>Such\u00fd zip, 15 d\u011br, pr\u016fm\u011br 150 mm<\/li>\n<li>Kvalitn\u00ed brou\u0161en\u00ed d\u00edky <b>odoln\u00e9mu filmu<\/b><\/li>\n<li>Pou\u017eit\u00ed v oblastech, jako jsou <b>opravy a brou\u0161en\u00ed p\u0159ed lakov\u00e1n\u00edm, zpracov\u00e1n\u00ed d\u0159eva a kov\u016f, v\u00fdroba n\u00e1bytku, dom\u00e1c\u00edch spot\u0159ebi\u010d\u016f atd.<\/b><\/li>\n<\/ul>\n<h3>Pou\u017eit\u00ed<\/h3>\n<ul class=\"pouziti\">\n<li>P\u0159ilepte brusn\u00fd kotou\u010d na una\u0161e\u010d brusky<\/li>\n<li>Bruste dle standardn\u00edho postupu pro brou\u0161en\u00ed<\/li>\n<\/ul><\/div>\n<div class=\"filters-tab-box__right\">\n<h2>Parametry<\/h2>\n<table>\n<tbody>\n<tr>\n<td>V&#253;robce                                            :                                        <\/td>\n<td>                                            Radex                                        <\/td>\n<\/tr>\n<tr>\n<td>Po\u010det otvor\u016f                                            :                                        <\/td>\n<td>                                            15                                        <\/td>\n<\/tr>\n<tr>\n<td>Pr\u016fm\u011br                                        <\/td>\n<td>                                            150mm                                        <\/td>\n<\/tr>\n<tr>\n<td>Hrubost                                        <\/td>\n<td>                                            400                                        <\/td>\n<\/tr>\n<\/tbody>\n<\/table><\/div>\n<\/p><\/div>\n","protected":false},"excerpt":{"rendered":"<p>Brusn\u00fd kotou\u010d RADEX FILM Brusn\u00fd kotou\u010d na b\u00e1zi plastov\u00e9 f\u00f3lie s otvory je speci\u00e1ln\u011b vyvinut pro kontinu\u00e1ln\u00ed efektivn\u00ed brou\u0161en\u00ed kov\u016f, n\u00e1t\u011brov\u00fdch hmot v\u010detn\u011b keramiky, tmel\u016f, plast\u016f, d\u0159eva atd. s pou\u017eit\u00edm brusn\u00e9ho za\u0159\u00edzen\u00ed se syst\u00e9mem ods\u00e1v\u00e1n\u00ed prachu. V nab\u00eddce jsou hrubosti P120 &#8211; P400 pro hrub\u00e9 i jemn\u00e9 brou\u0161en\u00ed. Kvalita brou\u0161en\u00ed je zaru\u010dena d\u00edky odoln\u00e9mu filmu. [&hellip;]<\/p>\n","protected":false},"featured_media":31417,"comment_status":"open","ping_status":"open","template":"","meta":[],"product_brand":[],"product_cat":[112],"product_tag":[],"class_list":{"0":"post-31317","1":"product","2":"type-product","3":"status-publish","4":"has-post-thumbnail","6":"product_cat-autolaky","8":"first","9":"instock","10":"sale","11":"shipping-taxable","12":"purchasable","13":"product-type-simple"},"yoast_head":"<!-- This site is optimized with the Yoast SEO plugin v26.8 - https:\/\/yoast.com\/product\/yoast-seo-wordpress\/ -->\n<title>Kup Te\u010f RADEX Brusn\u00fd kotou\u010d 15 d\u011br film P400 \u2013 150 mm -<\/title>\n<meta name=\"robots\" content=\"index, follow, max-snippet:-1, max-image-preview:large, max-video-preview:-1\" \/>\n<link rel=\"canonical\" href=\"https:\/\/www.koupelnapro.com\/index.php\/produkt\/kup-ted-radex-brusny-kotouc-15-der-film-p400-150-mm-31317\/\" \/>\n<meta property=\"og:locale\" content=\"cs_CZ\" \/>\n<meta property=\"og:type\" content=\"article\" \/>\n<meta property=\"og:title\" content=\"Kup Te\u010f RADEX Brusn\u00fd kotou\u010d 15 d\u011br film P400 \u2013 150 mm -\" \/>\n<meta property=\"og:description\" content=\"Brusn\u00fd kotou\u010d RADEX FILM Brusn\u00fd kotou\u010d na b\u00e1zi plastov\u00e9 f\u00f3lie s otvory je speci\u00e1ln\u011b vyvinut pro kontinu\u00e1ln\u00ed efektivn\u00ed brou\u0161en\u00ed kov\u016f, n\u00e1t\u011brov\u00fdch hmot v\u010detn\u011b keramiky, tmel\u016f, plast\u016f, d\u0159eva atd. s pou\u017eit\u00edm brusn\u00e9ho za\u0159\u00edzen\u00ed se syst\u00e9mem ods\u00e1v\u00e1n\u00ed prachu. V nab\u00eddce jsou hrubosti P120 &#8211; P400 pro hrub\u00e9 i jemn\u00e9 brou\u0161en\u00ed. Kvalita brou\u0161en\u00ed je zaru\u010dena d\u00edky odoln\u00e9mu filmu. [&hellip;]\" \/>\n<meta property=\"og:url\" content=\"https:\/\/www.koupelnapro.com\/index.php\/produkt\/kup-ted-radex-brusny-kotouc-15-der-film-p400-150-mm-31317\/\" \/>\n<meta property=\"og:image\" content=\"https:\/\/www.koupelnapro.com\/wp-content\/uploads\/2026\/SK0002677-CZ20260425-092455-0-1777080297-image_of_object.webp\" \/>\n\t<meta property=\"og:image:width\" content=\"400\" \/>\n\t<meta property=\"og:image:height\" content=\"300\" \/>\n\t<meta property=\"og:image:type\" content=\"image\/webp\" \/>\n<meta name=\"twitter:card\" content=\"summary_large_image\" \/>\n<meta name=\"twitter:label1\" content=\"Odhadovan\u00e1 doba \u010dten\u00ed\" \/>\n\t<meta name=\"twitter:data1\" content=\"1 minuta\" \/>\n<script type=\"application\/ld+json\" class=\"yoast-schema-graph\">{\"@context\":\"https:\/\/schema.org\",\"@graph\":[{\"@type\":\"WebPage\",\"@id\":\"https:\/\/www.koupelnapro.com\/index.php\/produkt\/kup-ted-radex-brusny-kotouc-15-der-film-p400-150-mm-31317\/\",\"url\":\"https:\/\/www.koupelnapro.com\/index.php\/produkt\/kup-ted-radex-brusny-kotouc-15-der-film-p400-150-mm-31317\/\",\"name\":\"Kup Te\u010f RADEX Brusn\u00fd kotou\u010d 15 d\u011br film P400 \u2013 150 mm -\",\"isPartOf\":{\"@id\":\"https:\/\/www.koupelnapro.com\/#website\"},\"primaryImageOfPage\":{\"@id\":\"https:\/\/www.koupelnapro.com\/index.php\/produkt\/kup-ted-radex-brusny-kotouc-15-der-film-p400-150-mm-31317\/#primaryimage\"},\"image\":{\"@id\":\"https:\/\/www.koupelnapro.com\/index.php\/produkt\/kup-ted-radex-brusny-kotouc-15-der-film-p400-150-mm-31317\/#primaryimage\"},\"thumbnailUrl\":\"https:\/\/www.koupelnapro.com\/wp-content\/uploads\/2026\/SK0002677-CZ20260425-092455-0-1777080297-image_of_object.webp\",\"datePublished\":\"2026-04-26T09:15:13+00:00\",\"breadcrumb\":{\"@id\":\"https:\/\/www.koupelnapro.com\/index.php\/produkt\/kup-ted-radex-brusny-kotouc-15-der-film-p400-150-mm-31317\/#breadcrumb\"},\"inLanguage\":\"cs\",\"potentialAction\":[{\"@type\":\"ReadAction\",\"target\":[\"https:\/\/www.koupelnapro.com\/index.php\/produkt\/kup-ted-radex-brusny-kotouc-15-der-film-p400-150-mm-31317\/\"]}]},{\"@type\":\"ImageObject\",\"inLanguage\":\"cs\",\"@id\":\"https:\/\/www.koupelnapro.com\/index.php\/produkt\/kup-ted-radex-brusny-kotouc-15-der-film-p400-150-mm-31317\/#primaryimage\",\"url\":\"https:\/\/www.koupelnapro.com\/wp-content\/uploads\/2026\/SK0002677-CZ20260425-092455-0-1777080297-image_of_object.webp\",\"contentUrl\":\"https:\/\/www.koupelnapro.com\/wp-content\/uploads\/2026\/SK0002677-CZ20260425-092455-0-1777080297-image_of_object.webp\",\"width\":400,\"height\":300},{\"@type\":\"BreadcrumbList\",\"@id\":\"https:\/\/www.koupelnapro.com\/index.php\/produkt\/kup-ted-radex-brusny-kotouc-15-der-film-p400-150-mm-31317\/#breadcrumb\",\"itemListElement\":[{\"@type\":\"ListItem\",\"position\":1,\"name\":\"Home\",\"item\":\"https:\/\/www.koupelnapro.com\/\"},{\"@type\":\"ListItem\",\"position\":2,\"name\":\"Products\",\"item\":\"https:\/\/www.koupelnapro.com\/index.php\/products\/\"},{\"@type\":\"ListItem\",\"position\":3,\"name\":\"Kup Te\u010f RADEX Brusn\u00fd kotou\u010d 15 d\u011br film P400 \u2013 150 mm\"}]},{\"@type\":\"WebSite\",\"@id\":\"https:\/\/www.koupelnapro.com\/#website\",\"url\":\"https:\/\/www.koupelnapro.com\/\",\"name\":\"\",\"description\":\"\",\"potentialAction\":[{\"@type\":\"SearchAction\",\"target\":{\"@type\":\"EntryPoint\",\"urlTemplate\":\"https:\/\/www.koupelnapro.com\/?s={search_term_string}\"},\"query-input\":{\"@type\":\"PropertyValueSpecification\",\"valueRequired\":true,\"valueName\":\"search_term_string\"}}],\"inLanguage\":\"cs\"}]}<\/script>\n<!-- \/ Yoast SEO plugin. -->","yoast_head_json":{"title":"Kup Te\u010f RADEX Brusn\u00fd kotou\u010d 15 d\u011br film P400 \u2013 150 mm -","robots":{"index":"index","follow":"follow","max-snippet":"max-snippet:-1","max-image-preview":"max-image-preview:large","max-video-preview":"max-video-preview:-1"},"canonical":"https:\/\/www.koupelnapro.com\/index.php\/produkt\/kup-ted-radex-brusny-kotouc-15-der-film-p400-150-mm-31317\/","og_locale":"cs_CZ","og_type":"article","og_title":"Kup Te\u010f RADEX Brusn\u00fd kotou\u010d 15 d\u011br film P400 \u2013 150 mm -","og_description":"Brusn\u00fd kotou\u010d RADEX FILM Brusn\u00fd kotou\u010d na b\u00e1zi plastov\u00e9 f\u00f3lie s otvory je speci\u00e1ln\u011b vyvinut pro kontinu\u00e1ln\u00ed efektivn\u00ed brou\u0161en\u00ed kov\u016f, n\u00e1t\u011brov\u00fdch hmot v\u010detn\u011b keramiky, tmel\u016f, plast\u016f, d\u0159eva atd. s pou\u017eit\u00edm brusn\u00e9ho za\u0159\u00edzen\u00ed se syst\u00e9mem ods\u00e1v\u00e1n\u00ed prachu. V nab\u00eddce jsou hrubosti P120 &#8211; P400 pro hrub\u00e9 i jemn\u00e9 brou\u0161en\u00ed. Kvalita brou\u0161en\u00ed je zaru\u010dena d\u00edky odoln\u00e9mu filmu. [&hellip;]","og_url":"https:\/\/www.koupelnapro.com\/index.php\/produkt\/kup-ted-radex-brusny-kotouc-15-der-film-p400-150-mm-31317\/","og_image":[{"width":400,"height":300,"url":"https:\/\/www.koupelnapro.com\/wp-content\/uploads\/2026\/SK0002677-CZ20260425-092455-0-1777080297-image_of_object.webp","type":"image\/webp"}],"twitter_card":"summary_large_image","twitter_misc":{"Odhadovan\u00e1 doba \u010dten\u00ed":"1 minuta"},"schema":{"@context":"https:\/\/schema.org","@graph":[{"@type":"WebPage","@id":"https:\/\/www.koupelnapro.com\/index.php\/produkt\/kup-ted-radex-brusny-kotouc-15-der-film-p400-150-mm-31317\/","url":"https:\/\/www.koupelnapro.com\/index.php\/produkt\/kup-ted-radex-brusny-kotouc-15-der-film-p400-150-mm-31317\/","name":"Kup Te\u010f RADEX Brusn\u00fd kotou\u010d 15 d\u011br film P400 \u2013 150 mm -","isPartOf":{"@id":"https:\/\/www.koupelnapro.com\/#website"},"primaryImageOfPage":{"@id":"https:\/\/www.koupelnapro.com\/index.php\/produkt\/kup-ted-radex-brusny-kotouc-15-der-film-p400-150-mm-31317\/#primaryimage"},"image":{"@id":"https:\/\/www.koupelnapro.com\/index.php\/produkt\/kup-ted-radex-brusny-kotouc-15-der-film-p400-150-mm-31317\/#primaryimage"},"thumbnailUrl":"https:\/\/www.koupelnapro.com\/wp-content\/uploads\/2026\/SK0002677-CZ20260425-092455-0-1777080297-image_of_object.webp","datePublished":"2026-04-26T09:15:13+00:00","breadcrumb":{"@id":"https:\/\/www.koupelnapro.com\/index.php\/produkt\/kup-ted-radex-brusny-kotouc-15-der-film-p400-150-mm-31317\/#breadcrumb"},"inLanguage":"cs","potentialAction":[{"@type":"ReadAction","target":["https:\/\/www.koupelnapro.com\/index.php\/produkt\/kup-ted-radex-brusny-kotouc-15-der-film-p400-150-mm-31317\/"]}]},{"@type":"ImageObject","inLanguage":"cs","@id":"https:\/\/www.koupelnapro.com\/index.php\/produkt\/kup-ted-radex-brusny-kotouc-15-der-film-p400-150-mm-31317\/#primaryimage","url":"https:\/\/www.koupelnapro.com\/wp-content\/uploads\/2026\/SK0002677-CZ20260425-092455-0-1777080297-image_of_object.webp","contentUrl":"https:\/\/www.koupelnapro.com\/wp-content\/uploads\/2026\/SK0002677-CZ20260425-092455-0-1777080297-image_of_object.webp","width":400,"height":300},{"@type":"BreadcrumbList","@id":"https:\/\/www.koupelnapro.com\/index.php\/produkt\/kup-ted-radex-brusny-kotouc-15-der-film-p400-150-mm-31317\/#breadcrumb","itemListElement":[{"@type":"ListItem","position":1,"name":"Home","item":"https:\/\/www.koupelnapro.com\/"},{"@type":"ListItem","position":2,"name":"Products","item":"https:\/\/www.koupelnapro.com\/index.php\/products\/"},{"@type":"ListItem","position":3,"name":"Kup Te\u010f RADEX Brusn\u00fd kotou\u010d 15 d\u011br film P400 \u2013 150 mm"}]},{"@type":"WebSite","@id":"https:\/\/www.koupelnapro.com\/#website","url":"https:\/\/www.koupelnapro.com\/","name":"","description":"","potentialAction":[{"@type":"SearchAction","target":{"@type":"EntryPoint","urlTemplate":"https:\/\/www.koupelnapro.com\/?s={search_term_string}"},"query-input":{"@type":"PropertyValueSpecification","valueRequired":true,"valueName":"search_term_string"}}],"inLanguage":"cs"}]}},"_links":{"self":[{"href":"https:\/\/www.koupelnapro.com\/index.php\/wp-json\/wp\/v2\/product\/31317","targetHints":{"allow":["GET"]}}],"collection":[{"href":"https:\/\/www.koupelnapro.com\/index.php\/wp-json\/wp\/v2\/product"}],"about":[{"href":"https:\/\/www.koupelnapro.com\/index.php\/wp-json\/wp\/v2\/types\/product"}],"replies":[{"embeddable":true,"href":"https:\/\/www.koupelnapro.com\/index.php\/wp-json\/wp\/v2\/comments?post=31317"}],"wp:featuredmedia":[{"embeddable":true,"href":"https:\/\/www.koupelnapro.com\/index.php\/wp-json\/wp\/v2\/media\/31417"}],"wp:attachment":[{"href":"https:\/\/www.koupelnapro.com\/index.php\/wp-json\/wp\/v2\/media?parent=31317"}],"wp:term":[{"taxonomy":"product_brand","embeddable":true,"href":"https:\/\/www.koupelnapro.com\/index.php\/wp-json\/wp\/v2\/product_brand?post=31317"},{"taxonomy":"product_cat","embeddable":true,"href":"https:\/\/www.koupelnapro.com\/index.php\/wp-json\/wp\/v2\/product_cat?post=31317"},{"taxonomy":"product_tag","embeddable":true,"href":"https:\/\/www.koupelnapro.com\/index.php\/wp-json\/wp\/v2\/product_tag?post=31317"}],"curies":[{"name":"wp","href":"https:\/\/api.w.org\/{rel}","templated":true}]}}