{"id":31115,"date":"2026-04-26T09:15:12","date_gmt":"2026-04-26T09:15:12","guid":{"rendered":""},"modified":"2026-04-26T09:15:12","modified_gmt":"2026-04-26T09:15:12","slug":"znackovy-tikkurila-pinjasol-w-oil-odstin-tvt-5086-2-7l-vodou-reditelny-olej-na-drevene-povrchy-v-interieru-i-exterieru-31115","status":"publish","type":"product","link":"https:\/\/www.koupelnapro.com\/index.php\/produkt\/znackovy-tikkurila-pinjasol-w-oil-odstin-tvt-5086-2-7l-vodou-reditelny-olej-na-drevene-povrchy-v-interieru-i-exterieru-31115\/","title":{"rendered":"Zna\u010dkov\u00fd Tikkurila PINJASOL W-OIL &#8211; odst\u00edn TVT  5086 &#8211; 2,7L &#8211; VODOU \u0158EDITELN\u00dd OLEJ NA D\u0158EV\u011aN\u00c9 POVRCHY V INTERI\u00c9RU I EXTERI\u00c9RU"},"content":{"rendered":"<div class=\"basic-description\">\n<h3>Detailn\u00ed popis produktu<\/h3>\n<p><span style=\"font-size: 12pt;\"><strong>Tikkurila PINJASOL W-OIL &#8211; odst\u00edn TVT 5086 &#8211; 2,7L &#8211; VODOU \u0158EDITELN\u00dd OLEJ NA D\u0158EV\u011aN\u00c9 POVRCHY V INTERI\u00c9RU I EXTERI\u00c9RU<\/strong><\/span><\/p>\n<p><span style=\"font-size: 12pt;\"><meta charset=\"utf-8\" \/><span style=\"color: #ff0000;\"><strong><strong>p\u0159i n\u00e1t\u011bru na hoblovan\u00e9 d\u0159evo p\u016fsob\u00ed p\u0159i prvn\u00edch n\u00e1t\u011brech tmav\u011b mod\u0159e<\/strong><\/strong><meta charset=\"utf-8\" \/><strong><strong>\u00a0<\/strong><\/strong><meta charset=\"utf-8\" \/><strong>&#8211; nen\u00ed \u010dern\u00e1<\/strong><\/span><\/span><\/p>\n<p style=\"text-align: justify;\"><span style=\"font-size: 12pt;\">Jedn\u00e1 se o<strong> rychleschnouc\u00ed vodou\u0159editeln\u00fd olej<\/strong> na d\u0159evo, kter\u00fd je vhodn\u00fd na <strong>n\u00e1bytek, obklady na prkna<\/strong> a dal\u0161\u00ed povrchy um\u00edst\u011bn\u00e9 ve vlhk\u00e9m vn\u011bj\u0161\u00edm a vnit\u0159n\u00edm prost\u0159ed\u00ed. Chr\u00e1n\u00ed povrch p\u0159ed <strong>vlhkost\u00ed, ne\u010distotami<\/strong>. D\u00e1le zabra\u0148uje <strong>modr\u00e1n\u00ed a napaden\u00ed proti pl\u00edsn\u00edm<\/strong>.<\/span><\/p>\n<p style=\"text-align: justify;\"><span style=\"font-size: 12pt;\"><strong>Tikkurila PINJASOL WAX<\/strong> nedoporu\u010dujeme na podlahy vystaven\u00e9 siln\u00e9mu mechanick\u00e9mu <strong>nam\u00e1h\u00e1n\u00ed \u010di extr\u00e9mn\u00edm pov\u011btrnostn\u00edm podm\u00ednk\u00e1m<\/strong>.<\/span><\/p>\n<p><span style=\"font-size: 12pt;\">\u00a0<\/span><\/p>\n<p><span style=\"font-size: 12pt;\">V\u00fdhody <strong>Tikkurila PINJASOL W-OIL:<\/strong><\/span><\/p>\n<ul>\n<li><span style=\"font-size: 12pt;\">Rychleschnouc\u00ed<\/span><\/li>\n<li><span style=\"font-size: 12pt;\">Vodou\u0159editeln\u00fd<\/span><\/li>\n<li><span style=\"font-size: 12pt;\">Zabra\u0148uje modr\u00e1n\u00ed<\/span><\/li>\n<li><span style=\"font-size: 12pt;\">Chr\u00e1n\u00ed p\u0159ed pl\u00edsn\u00ed<\/span><\/li>\n<\/ul>\n<p><span style=\"font-size: 12pt;\">\u00a0<\/span><\/p>\n<p><span style=\"font-size: 12pt;\"><strong>Tikkurila PINJASOL W-OIL se hod\u00ed pro:<\/strong><\/span><\/p>\n<ul>\n<li><span style=\"font-size: 12pt;\">n\u00e1bytek<\/span><\/li>\n<li><span style=\"font-size: 12pt;\">obklady na prkna<\/span><\/li>\n<li><span style=\"font-size: 12pt;\">vlhk\u00e9 prost\u0159ed\u00ed<\/span><\/li>\n<\/ul>\n<p><span style=\"font-size: 12pt;\">\u00a0<\/span><\/p>\n<p style=\"text-align: center;\"><span style=\"font-size: 12pt;\"><strong>Pr\u00e1ci s\u00a0t\u00edmto produktem zvl\u00e1dne ka\u017ed\u00fd \u0159emesln\u00edk a kutil<\/strong><\/span><\/p>\n<p style=\"text-align: center;\"><span style=\"font-size: 12pt;\">Povrch by p\u0159ed aplikac\u00ed m\u011bl b\u00fdt <strong>such\u00fd, \u010dist\u00fd, zbaven\u00fd v\u0161ech ne\u010distot a mastnoty.<\/strong><\/span><\/p>\n<p style=\"text-align: center;\"><span style=\"font-size: 12pt;\">P\u0159ed aplikac\u00ed produkt <strong>d\u016fkladn\u011b prom\u00edchejte.<\/strong><\/span><\/p>\n<p style=\"text-align: center;\"><span style=\"font-size: 12pt;\">Dbejte \u00fadaj\u016f uveden\u00fdch v\u00a0<strong>technick\u00e9m list\u011b.<\/strong><\/span><\/p>\n<p style=\"text-align: center;\"><span style=\"font-size: 12pt;\">Vydatnost<strong> do 10-14m2\/L dle vlastnost\u00ed povrchu.<\/strong><\/span><\/p>\n<p><span style=\"font-size: 12pt;\">\u00a0<\/span><\/p>\n<p><span style=\"font-size: 12pt;\"><strong>Pokud v\u00e1m z\u016fstane n\u00e1t\u011br jak jej skladovat ?<\/strong><\/span><\/p>\n<ul>\n<li><span style=\"font-size: 12pt;\">Skladujte v suchu v d\u016fkladn\u011b uzav\u0159en\u00e9m origin\u00e1ln\u00edm obalu a chra\u0148te p\u0159ed mrazem.\u00a0<\/span><\/li>\n<li><span style=\"font-size: 12pt;\">Mal\u00fd zbytek nevyu\u017eit\u00e9ho prost\u0159edku p\u0159el\u00edt do men\u0161\u00ed n\u00e1doby, aby se zabr\u00e1nilo rosolovat\u011bn\u00ed.<\/span><br \/><span style=\"font-size: 12pt;\"> Kdy\u017e v\u00e1m barva zbyde, plechovku pe\u010dliv\u011b zav\u0159ete a oto\u010dte ji dnem vzh\u016fru, aby se zamezilo p\u0159\u00edsunu vzduchu. M\u016f\u017eete si ji tak bez starost\u00ed schovat na p\u0159\u00ed\u0161t\u00ed rok.<\/span><\/li>\n<\/ul>\n<p><span style=\"font-size: 12pt;\">\u00a0<\/span><\/p>\n<p><span style=\"font-size: 12pt;\"><strong>Jak v\u00e1m zbo\u017e\u00ed p\u0159ijde zabalen\u00e9 ?<\/strong><\/span><\/p>\n<p><span style=\"font-size: 12pt;\">Zbo\u017e\u00ed pe\u010dliv\u011b bal\u00edme do speci\u00e1ln\u011b vyroben\u00fdch 3 vrstv\u00fdch kartonov\u00fdch krabic. Voln\u00fd prostor vypl\u0148ujeme kartonovou vlnou, cel\u00e9 balen\u00ed je jednodu\u0161e recyklovateln\u00e9.<\/span><\/p>\n<p><span style=\"font-size: 12pt;\">\u00a0<\/span><\/p>\n<p><span style=\"font-size: 12pt;\"><strong>V\u011bt\u0161inu olej\u016f, lazur, barev a lak\u016f m\u00e1me skladem a odes\u00edl\u00e1me ihned<\/strong><\/span><\/p>\n<p><span style=\"font-size: 12pt;\"> Informace o jednotliv\u00fdch p\u0159epravn\u00edch\u00a0spole\u010dnostech (DPD,PPL,Geis a \u010cesk\u00e1 Po\u0161ta) a odb\u011brov\u00fdch m\u00edstech jsou na str\u00e1nce\u00a0P\u0159eprava.<\/span><\/p>\n<p><span style=\"font-size: 12pt;\">Vzhledem k tomu, \u017ee se jedn\u00e1 o zbo\u017e\u00ed, kter\u00e9 se m\u00edch\u00e1 na objedn\u00e1vku, nelze u tohoto zbo\u017e\u00ed uplatnit 14-ti denn\u00ed lh\u016ftu pro odstoupen\u00ed od kupn\u00ed smlouvy a n\u00e1sledn\u00e9 vr\u00e1cen\u00ed zbo\u017e\u00ed, proto\u017ee se k takov\u00e9muto zbo\u017e\u00ed 14 denn\u00ed lh\u016fta na vr\u00e1cen\u00ed zbo\u017e\u00ed nevztahuje.\u00a0\u00a0<\/span><\/p>\n<p>\u00a0<\/p>\n<p><span style=\"font-size: 14pt;\"><strong> <\/strong><\/span><\/p>\n<p>\u00a0<\/p>\n<\/p><\/div>\n","protected":false},"excerpt":{"rendered":"<p>Detailn\u00ed popis produktu Tikkurila PINJASOL W-OIL &#8211; odst\u00edn TVT 5086 &#8211; 2,7L &#8211; VODOU \u0158EDITELN\u00dd OLEJ NA D\u0158EV\u011aN\u00c9 POVRCHY V INTERI\u00c9RU I EXTERI\u00c9RU p\u0159i n\u00e1t\u011bru na hoblovan\u00e9 d\u0159evo p\u016fsob\u00ed p\u0159i prvn\u00edch n\u00e1t\u011brech tmav\u011b mod\u0159e\u00a0&#8211; nen\u00ed \u010dern\u00e1 Jedn\u00e1 se o rychleschnouc\u00ed vodou\u0159editeln\u00fd olej na d\u0159evo, kter\u00fd je vhodn\u00fd na n\u00e1bytek, obklady na prkna a dal\u0161\u00ed povrchy [&hellip;]<\/p>\n","protected":false},"featured_media":31215,"comment_status":"open","ping_status":"open","template":"","meta":[],"product_brand":[],"product_cat":[110],"product_tag":[],"class_list":{"0":"post-31115","1":"product","2":"type-product","3":"status-publish","4":"has-post-thumbnail","6":"product_cat-vyrobci","8":"first","9":"instock","10":"sale","11":"shipping-taxable","12":"purchasable","13":"product-type-simple"},"yoast_head":"<!-- This site is optimized with the Yoast SEO plugin v26.8 - https:\/\/yoast.com\/product\/yoast-seo-wordpress\/ -->\n<title>Zna\u010dkov\u00fd Tikkurila PINJASOL W-OIL - odst\u00edn TVT 5086 - 2,7L - VODOU \u0158EDITELN\u00dd OLEJ NA D\u0158EV\u011aN\u00c9 POVRCHY V INTERI\u00c9RU I EXTERI\u00c9RU -<\/title>\n<meta name=\"robots\" content=\"index, follow, max-snippet:-1, max-image-preview:large, max-video-preview:-1\" \/>\n<link rel=\"canonical\" href=\"https:\/\/www.koupelnapro.com\/index.php\/produkt\/znackovy-tikkurila-pinjasol-w-oil-odstin-tvt-5086-2-7l-vodou-reditelny-olej-na-drevene-povrchy-v-interieru-i-exterieru-31115\/\" \/>\n<meta property=\"og:locale\" content=\"cs_CZ\" \/>\n<meta property=\"og:type\" content=\"article\" \/>\n<meta property=\"og:title\" content=\"Zna\u010dkov\u00fd Tikkurila PINJASOL W-OIL - odst\u00edn TVT 5086 - 2,7L - VODOU \u0158EDITELN\u00dd OLEJ NA D\u0158EV\u011aN\u00c9 POVRCHY V INTERI\u00c9RU I EXTERI\u00c9RU -\" \/>\n<meta property=\"og:description\" content=\"Detailn\u00ed popis produktu Tikkurila PINJASOL W-OIL &#8211; odst\u00edn TVT 5086 &#8211; 2,7L &#8211; VODOU \u0158EDITELN\u00dd OLEJ NA D\u0158EV\u011aN\u00c9 POVRCHY V INTERI\u00c9RU I EXTERI\u00c9RU p\u0159i n\u00e1t\u011bru na hoblovan\u00e9 d\u0159evo p\u016fsob\u00ed p\u0159i prvn\u00edch n\u00e1t\u011brech tmav\u011b mod\u0159e\u00a0&#8211; nen\u00ed \u010dern\u00e1 Jedn\u00e1 se o rychleschnouc\u00ed vodou\u0159editeln\u00fd olej na d\u0159evo, kter\u00fd je vhodn\u00fd na n\u00e1bytek, obklady na prkna a dal\u0161\u00ed povrchy [&hellip;]\" \/>\n<meta property=\"og:url\" content=\"https:\/\/www.koupelnapro.com\/index.php\/produkt\/znackovy-tikkurila-pinjasol-w-oil-odstin-tvt-5086-2-7l-vodou-reditelny-olej-na-drevene-povrchy-v-interieru-i-exterieru-31115\/\" \/>\n<meta property=\"og:image\" content=\"https:\/\/www.koupelnapro.com\/wp-content\/uploads\/2026\/SK0004025-CZ20260425-092420-0-1777080261-3196163_tikkurila-pinjasol-w-oil-odstin-tvt--5086-2-7l-vodo.webp\" \/>\n\t<meta property=\"og:image:width\" content=\"1000\" \/>\n\t<meta property=\"og:image:height\" content=\"750\" \/>\n\t<meta property=\"og:image:type\" content=\"image\/webp\" \/>\n<meta name=\"twitter:card\" content=\"summary_large_image\" \/>\n<meta name=\"twitter:label1\" content=\"Odhadovan\u00e1 doba \u010dten\u00ed\" \/>\n\t<meta name=\"twitter:data1\" content=\"2 minuty\" \/>\n<script type=\"application\/ld+json\" class=\"yoast-schema-graph\">{\"@context\":\"https:\/\/schema.org\",\"@graph\":[{\"@type\":\"WebPage\",\"@id\":\"https:\/\/www.koupelnapro.com\/index.php\/produkt\/znackovy-tikkurila-pinjasol-w-oil-odstin-tvt-5086-2-7l-vodou-reditelny-olej-na-drevene-povrchy-v-interieru-i-exterieru-31115\/\",\"url\":\"https:\/\/www.koupelnapro.com\/index.php\/produkt\/znackovy-tikkurila-pinjasol-w-oil-odstin-tvt-5086-2-7l-vodou-reditelny-olej-na-drevene-povrchy-v-interieru-i-exterieru-31115\/\",\"name\":\"Zna\u010dkov\u00fd Tikkurila PINJASOL W-OIL - odst\u00edn TVT 5086 - 2,7L - VODOU \u0158EDITELN\u00dd OLEJ NA D\u0158EV\u011aN\u00c9 POVRCHY V INTERI\u00c9RU I EXTERI\u00c9RU -\",\"isPartOf\":{\"@id\":\"https:\/\/www.koupelnapro.com\/#website\"},\"primaryImageOfPage\":{\"@id\":\"https:\/\/www.koupelnapro.com\/index.php\/produkt\/znackovy-tikkurila-pinjasol-w-oil-odstin-tvt-5086-2-7l-vodou-reditelny-olej-na-drevene-povrchy-v-interieru-i-exterieru-31115\/#primaryimage\"},\"image\":{\"@id\":\"https:\/\/www.koupelnapro.com\/index.php\/produkt\/znackovy-tikkurila-pinjasol-w-oil-odstin-tvt-5086-2-7l-vodou-reditelny-olej-na-drevene-povrchy-v-interieru-i-exterieru-31115\/#primaryimage\"},\"thumbnailUrl\":\"https:\/\/www.koupelnapro.com\/wp-content\/uploads\/2026\/SK0004025-CZ20260425-092420-0-1777080261-3196163_tikkurila-pinjasol-w-oil-odstin-tvt--5086-2-7l-vodo.webp\",\"datePublished\":\"2026-04-26T09:15:12+00:00\",\"breadcrumb\":{\"@id\":\"https:\/\/www.koupelnapro.com\/index.php\/produkt\/znackovy-tikkurila-pinjasol-w-oil-odstin-tvt-5086-2-7l-vodou-reditelny-olej-na-drevene-povrchy-v-interieru-i-exterieru-31115\/#breadcrumb\"},\"inLanguage\":\"cs\",\"potentialAction\":[{\"@type\":\"ReadAction\",\"target\":[\"https:\/\/www.koupelnapro.com\/index.php\/produkt\/znackovy-tikkurila-pinjasol-w-oil-odstin-tvt-5086-2-7l-vodou-reditelny-olej-na-drevene-povrchy-v-interieru-i-exterieru-31115\/\"]}]},{\"@type\":\"ImageObject\",\"inLanguage\":\"cs\",\"@id\":\"https:\/\/www.koupelnapro.com\/index.php\/produkt\/znackovy-tikkurila-pinjasol-w-oil-odstin-tvt-5086-2-7l-vodou-reditelny-olej-na-drevene-povrchy-v-interieru-i-exterieru-31115\/#primaryimage\",\"url\":\"https:\/\/www.koupelnapro.com\/wp-content\/uploads\/2026\/SK0004025-CZ20260425-092420-0-1777080261-3196163_tikkurila-pinjasol-w-oil-odstin-tvt--5086-2-7l-vodo.webp\",\"contentUrl\":\"https:\/\/www.koupelnapro.com\/wp-content\/uploads\/2026\/SK0004025-CZ20260425-092420-0-1777080261-3196163_tikkurila-pinjasol-w-oil-odstin-tvt--5086-2-7l-vodo.webp\",\"width\":1000,\"height\":750},{\"@type\":\"BreadcrumbList\",\"@id\":\"https:\/\/www.koupelnapro.com\/index.php\/produkt\/znackovy-tikkurila-pinjasol-w-oil-odstin-tvt-5086-2-7l-vodou-reditelny-olej-na-drevene-povrchy-v-interieru-i-exterieru-31115\/#breadcrumb\",\"itemListElement\":[{\"@type\":\"ListItem\",\"position\":1,\"name\":\"Home\",\"item\":\"https:\/\/www.koupelnapro.com\/\"},{\"@type\":\"ListItem\",\"position\":2,\"name\":\"Products\",\"item\":\"https:\/\/www.koupelnapro.com\/index.php\/products\/\"},{\"@type\":\"ListItem\",\"position\":3,\"name\":\"Zna\u010dkov\u00fd Tikkurila PINJASOL W-OIL &#8211; odst\u00edn TVT 5086 &#8211; 2,7L &#8211; VODOU \u0158EDITELN\u00dd OLEJ NA D\u0158EV\u011aN\u00c9 POVRCHY V INTERI\u00c9RU I EXTERI\u00c9RU\"}]},{\"@type\":\"WebSite\",\"@id\":\"https:\/\/www.koupelnapro.com\/#website\",\"url\":\"https:\/\/www.koupelnapro.com\/\",\"name\":\"\",\"description\":\"\",\"potentialAction\":[{\"@type\":\"SearchAction\",\"target\":{\"@type\":\"EntryPoint\",\"urlTemplate\":\"https:\/\/www.koupelnapro.com\/?s={search_term_string}\"},\"query-input\":{\"@type\":\"PropertyValueSpecification\",\"valueRequired\":true,\"valueName\":\"search_term_string\"}}],\"inLanguage\":\"cs\"}]}<\/script>\n<!-- \/ Yoast SEO plugin. -->","yoast_head_json":{"title":"Zna\u010dkov\u00fd Tikkurila PINJASOL W-OIL - odst\u00edn TVT 5086 - 2,7L - VODOU \u0158EDITELN\u00dd OLEJ NA D\u0158EV\u011aN\u00c9 POVRCHY V INTERI\u00c9RU I EXTERI\u00c9RU -","robots":{"index":"index","follow":"follow","max-snippet":"max-snippet:-1","max-image-preview":"max-image-preview:large","max-video-preview":"max-video-preview:-1"},"canonical":"https:\/\/www.koupelnapro.com\/index.php\/produkt\/znackovy-tikkurila-pinjasol-w-oil-odstin-tvt-5086-2-7l-vodou-reditelny-olej-na-drevene-povrchy-v-interieru-i-exterieru-31115\/","og_locale":"cs_CZ","og_type":"article","og_title":"Zna\u010dkov\u00fd Tikkurila PINJASOL W-OIL - odst\u00edn TVT 5086 - 2,7L - VODOU \u0158EDITELN\u00dd OLEJ NA D\u0158EV\u011aN\u00c9 POVRCHY V INTERI\u00c9RU I EXTERI\u00c9RU -","og_description":"Detailn\u00ed popis produktu Tikkurila PINJASOL W-OIL &#8211; odst\u00edn TVT 5086 &#8211; 2,7L &#8211; VODOU \u0158EDITELN\u00dd OLEJ NA D\u0158EV\u011aN\u00c9 POVRCHY V INTERI\u00c9RU I EXTERI\u00c9RU p\u0159i n\u00e1t\u011bru na hoblovan\u00e9 d\u0159evo p\u016fsob\u00ed p\u0159i prvn\u00edch n\u00e1t\u011brech tmav\u011b mod\u0159e\u00a0&#8211; nen\u00ed \u010dern\u00e1 Jedn\u00e1 se o rychleschnouc\u00ed vodou\u0159editeln\u00fd olej na d\u0159evo, kter\u00fd je vhodn\u00fd na n\u00e1bytek, obklady na prkna a dal\u0161\u00ed povrchy [&hellip;]","og_url":"https:\/\/www.koupelnapro.com\/index.php\/produkt\/znackovy-tikkurila-pinjasol-w-oil-odstin-tvt-5086-2-7l-vodou-reditelny-olej-na-drevene-povrchy-v-interieru-i-exterieru-31115\/","og_image":[{"width":1000,"height":750,"url":"https:\/\/www.koupelnapro.com\/wp-content\/uploads\/2026\/SK0004025-CZ20260425-092420-0-1777080261-3196163_tikkurila-pinjasol-w-oil-odstin-tvt--5086-2-7l-vodo.webp","type":"image\/webp"}],"twitter_card":"summary_large_image","twitter_misc":{"Odhadovan\u00e1 doba \u010dten\u00ed":"2 minuty"},"schema":{"@context":"https:\/\/schema.org","@graph":[{"@type":"WebPage","@id":"https:\/\/www.koupelnapro.com\/index.php\/produkt\/znackovy-tikkurila-pinjasol-w-oil-odstin-tvt-5086-2-7l-vodou-reditelny-olej-na-drevene-povrchy-v-interieru-i-exterieru-31115\/","url":"https:\/\/www.koupelnapro.com\/index.php\/produkt\/znackovy-tikkurila-pinjasol-w-oil-odstin-tvt-5086-2-7l-vodou-reditelny-olej-na-drevene-povrchy-v-interieru-i-exterieru-31115\/","name":"Zna\u010dkov\u00fd Tikkurila PINJASOL W-OIL - odst\u00edn TVT 5086 - 2,7L - VODOU \u0158EDITELN\u00dd OLEJ NA D\u0158EV\u011aN\u00c9 POVRCHY V INTERI\u00c9RU I EXTERI\u00c9RU -","isPartOf":{"@id":"https:\/\/www.koupelnapro.com\/#website"},"primaryImageOfPage":{"@id":"https:\/\/www.koupelnapro.com\/index.php\/produkt\/znackovy-tikkurila-pinjasol-w-oil-odstin-tvt-5086-2-7l-vodou-reditelny-olej-na-drevene-povrchy-v-interieru-i-exterieru-31115\/#primaryimage"},"image":{"@id":"https:\/\/www.koupelnapro.com\/index.php\/produkt\/znackovy-tikkurila-pinjasol-w-oil-odstin-tvt-5086-2-7l-vodou-reditelny-olej-na-drevene-povrchy-v-interieru-i-exterieru-31115\/#primaryimage"},"thumbnailUrl":"https:\/\/www.koupelnapro.com\/wp-content\/uploads\/2026\/SK0004025-CZ20260425-092420-0-1777080261-3196163_tikkurila-pinjasol-w-oil-odstin-tvt--5086-2-7l-vodo.webp","datePublished":"2026-04-26T09:15:12+00:00","breadcrumb":{"@id":"https:\/\/www.koupelnapro.com\/index.php\/produkt\/znackovy-tikkurila-pinjasol-w-oil-odstin-tvt-5086-2-7l-vodou-reditelny-olej-na-drevene-povrchy-v-interieru-i-exterieru-31115\/#breadcrumb"},"inLanguage":"cs","potentialAction":[{"@type":"ReadAction","target":["https:\/\/www.koupelnapro.com\/index.php\/produkt\/znackovy-tikkurila-pinjasol-w-oil-odstin-tvt-5086-2-7l-vodou-reditelny-olej-na-drevene-povrchy-v-interieru-i-exterieru-31115\/"]}]},{"@type":"ImageObject","inLanguage":"cs","@id":"https:\/\/www.koupelnapro.com\/index.php\/produkt\/znackovy-tikkurila-pinjasol-w-oil-odstin-tvt-5086-2-7l-vodou-reditelny-olej-na-drevene-povrchy-v-interieru-i-exterieru-31115\/#primaryimage","url":"https:\/\/www.koupelnapro.com\/wp-content\/uploads\/2026\/SK0004025-CZ20260425-092420-0-1777080261-3196163_tikkurila-pinjasol-w-oil-odstin-tvt--5086-2-7l-vodo.webp","contentUrl":"https:\/\/www.koupelnapro.com\/wp-content\/uploads\/2026\/SK0004025-CZ20260425-092420-0-1777080261-3196163_tikkurila-pinjasol-w-oil-odstin-tvt--5086-2-7l-vodo.webp","width":1000,"height":750},{"@type":"BreadcrumbList","@id":"https:\/\/www.koupelnapro.com\/index.php\/produkt\/znackovy-tikkurila-pinjasol-w-oil-odstin-tvt-5086-2-7l-vodou-reditelny-olej-na-drevene-povrchy-v-interieru-i-exterieru-31115\/#breadcrumb","itemListElement":[{"@type":"ListItem","position":1,"name":"Home","item":"https:\/\/www.koupelnapro.com\/"},{"@type":"ListItem","position":2,"name":"Products","item":"https:\/\/www.koupelnapro.com\/index.php\/products\/"},{"@type":"ListItem","position":3,"name":"Zna\u010dkov\u00fd Tikkurila PINJASOL W-OIL &#8211; odst\u00edn TVT 5086 &#8211; 2,7L &#8211; VODOU \u0158EDITELN\u00dd OLEJ NA D\u0158EV\u011aN\u00c9 POVRCHY V INTERI\u00c9RU I EXTERI\u00c9RU"}]},{"@type":"WebSite","@id":"https:\/\/www.koupelnapro.com\/#website","url":"https:\/\/www.koupelnapro.com\/","name":"","description":"","potentialAction":[{"@type":"SearchAction","target":{"@type":"EntryPoint","urlTemplate":"https:\/\/www.koupelnapro.com\/?s={search_term_string}"},"query-input":{"@type":"PropertyValueSpecification","valueRequired":true,"valueName":"search_term_string"}}],"inLanguage":"cs"}]}},"_links":{"self":[{"href":"https:\/\/www.koupelnapro.com\/index.php\/wp-json\/wp\/v2\/product\/31115","targetHints":{"allow":["GET"]}}],"collection":[{"href":"https:\/\/www.koupelnapro.com\/index.php\/wp-json\/wp\/v2\/product"}],"about":[{"href":"https:\/\/www.koupelnapro.com\/index.php\/wp-json\/wp\/v2\/types\/product"}],"replies":[{"embeddable":true,"href":"https:\/\/www.koupelnapro.com\/index.php\/wp-json\/wp\/v2\/comments?post=31115"}],"wp:featuredmedia":[{"embeddable":true,"href":"https:\/\/www.koupelnapro.com\/index.php\/wp-json\/wp\/v2\/media\/31215"}],"wp:attachment":[{"href":"https:\/\/www.koupelnapro.com\/index.php\/wp-json\/wp\/v2\/media?parent=31115"}],"wp:term":[{"taxonomy":"product_brand","embeddable":true,"href":"https:\/\/www.koupelnapro.com\/index.php\/wp-json\/wp\/v2\/product_brand?post=31115"},{"taxonomy":"product_cat","embeddable":true,"href":"https:\/\/www.koupelnapro.com\/index.php\/wp-json\/wp\/v2\/product_cat?post=31115"},{"taxonomy":"product_tag","embeddable":true,"href":"https:\/\/www.koupelnapro.com\/index.php\/wp-json\/wp\/v2\/product_tag?post=31115"}],"curies":[{"name":"wp","href":"https:\/\/api.w.org\/{rel}","templated":true}]}}