{"id":30927,"date":"2026-04-26T09:15:11","date_gmt":"2026-04-26T09:15:11","guid":{"rendered":""},"modified":"2026-04-26T09:15:11","modified_gmt":"2026-04-26T09:15:11","slug":"znackovy-tikkurila-valtti-plus-complete-2-5l-zlaty-dub-span-class-product-appendix-darek-k-objednavce-nad-1000kc-span-30927","status":"publish","type":"product","link":"https:\/\/www.koupelnapro.com\/index.php\/produkt\/znackovy-tikkurila-valtti-plus-complete-2-5l-zlaty-dub-span-class-product-appendix-darek-k-objednavce-nad-1000kc-span-30927\/","title":{"rendered":"Zna\u010dkov\u00fd Tikkurila Valtti Plus Complete 2,5L zlat\u00fd dub <span class=\"product-appendix\"> + d\u00e1rek k objedn\u00e1vce nad 1000K\u010d<\/span>"},"content":{"rendered":"<div class=\"basic-description\">\n<h3>Detailn\u00ed popis produktu<\/h3>\n<p><span style=\"font-size: 12pt;\"><strong>Tikkurila Valtti Plus Complete 2,5L zlat\u00fd dub<\/strong><\/span><\/p>\n<p style=\"text-align: justify;\"><span style=\"font-size: 12pt;\">Jedn\u00e1 se o<strong> rychleschnouc\u00ed a velmi odolnou sat\u00e9novou lazuru<\/strong> ur\u010denou zejm\u00e9na pro d\u0159evo v<strong>\u00a0exteri\u00e9ru<\/strong>. Lazura Tikkurila <strong>Valtti Plus Complete<\/strong> je zalo\u017eena na inovativn\u00edm syst\u00e9mu <strong>Triple Resin System<\/strong> a poskytuje co mo\u017en\u00e1 <strong>nejvy\u0161\u0161\u00ed ochranu<\/strong> a <strong>odolnost<\/strong> d\u0159ev\u011bn\u00fdch povrch\u016f p\u0159ed <strong>pov\u011btrnostn\u00edmi podm\u00ednkami<\/strong> (UV z\u00e1\u0159en\u00ed, vlhkost, v\u00fdkyvy teplot).<\/span><\/p>\n<p style=\"text-align: justify;\"><span style=\"font-size: 12pt;\">D\u00edky tixotropn\u00edm vlastnostem t\u00e9to lazuruje zaji\u0161t\u011bna <strong>snadn\u00e1 aplikace, skv\u011bl\u00e1 rozt\u00edratelnost, nest\u00e9k\u00e1 a nekape<\/strong>. Lazura je k\u00a0dispozici v\u00a0mnoha r\u016fzn\u00fdch odst\u00ednech, kter\u00e9 <strong>zv\u00fdraz\u0148uj\u00ed p\u0159irozenou strukturu d\u0159eva.<\/strong><\/span><\/p>\n<p style=\"text-align: justify;\">\u00a0<\/p>\n<p style=\"text-align: justify;\"><span style=\"font-size: 12pt;\"><strong>V\u00fdhodou Tikkruila Valtti Complete Plus:<\/strong><\/span><\/p>\n<ul>\n<li style=\"text-align: justify;\"><span style=\"font-size: 12pt;\">Zv\u00fd\u0161en\u00e1 odolnost v\u016f\u010di pl\u00edsn\u00edm<\/span><\/li>\n<li style=\"text-align: justify;\"><span style=\"font-size: 12pt;\"><span class=\"show-tooltip\" title=\"Soubor opat\u0159en\u00ed proti \u0161kodliv\u00fdm vliv\u016fm jako jsou vlhkost, UV-z\u00e1\u0159en\u00ed, pl\u00edsn\u011b a houby, mikroorganismy atd. Opat\u0159en\u00ed mohou b\u00fdt konstruk\u010dn\u00ed, chemick\u00e1 nebo pomoc\u00ed ochrann\u00fdch n\u00e1t\u011br\u016f.\">Ochrana d\u0159eva<\/span> v\u016f\u010di prask\u00e1n\u00ed a loup\u00e1n\u00ed<\/span><\/li>\n<li><span style=\"font-size: 12pt;\">Odpuzuje vodu a vlhkost<\/span><\/li>\n<li><span style=\"font-size: 12pt;\">Trvanlivost n\u00e1t\u011bru<\/span><\/li>\n<li><span style=\"font-size: 12pt;\">Zvy\u0161uje \u017eivotnost d\u0159eva<\/span><\/li>\n<li><span style=\"font-size: 12pt;\">Odolnost v\u016f\u010di od\u011bru a po\u0161kr\u00e1b\u00e1n\u00ed<\/span><\/li>\n<\/ul>\n<p>\u00a0<\/p>\n<p><span style=\"font-size: 12pt;\"><strong>Tikkurila Valtti Complete Plus<\/strong> se hod\u00ed pro:<\/span><\/p>\n<ul>\n<li><span style=\"font-size: 12pt;\">Fas\u00e1dy<\/span><\/li>\n<li><span style=\"font-size: 12pt;\">Okna<\/span><\/li>\n<li><span style=\"font-size: 12pt;\"><span class=\"show-tooltip\" title=\"D\u0159evo z&amp;nbsp;Ak\u00e1tu je vhodn\u00e9 na d\u0159ev\u011bn\u00fd n\u00e1bytek a p\u00edskovi\u0161t\u011b. D\u0159evina stejn\u00e9 kategorie jako dub-trvanliv\u00e1 d\u0159evina pro exteri\u00e9r. Obsahuje velk\u00e9 mno\u017estv\u00ed kyseliny t\u0159\u00edslov\u00e9. V&amp;nbsp;exteri\u00e9ru se nedoporu\u010duje impregnovat p\u0159i pou\u017eit\u00ed olejov\u00e9ho n\u00e1t\u011bru.&amp;hellip;\">Zahradn\u00ed n\u00e1bytek<\/span><\/span><\/li>\n<li><span style=\"font-size: 12pt;\">Alt\u00e1ny<\/span><\/li>\n<li><span style=\"font-size: 12pt;\">Z\u00e1bradl\u00ed apod.<\/span><\/li>\n<\/ul>\n<p>\u00a0<\/p>\n<p style=\"text-align: center;\"><span style=\"font-size: 12pt;\"><strong>Pr\u00e1ci s t\u00edmto produktem zvl\u00e1dne ka\u017ed\u00fd \u0159emesln\u00edk i kutil<\/strong><\/span><\/p>\n<p style=\"text-align: center;\"><span style=\"font-size: 12pt;\">Vydatnost a\u017e 18m2\/L dle vlastnost\u00ed povrchu.<\/span><\/p>\n<p style=\"text-align: center;\"><span style=\"font-size: 12pt;\">P\u0159et\u00edrateln\u00fd po 2 hodin\u00e1ch.<\/span><\/p>\n<p style=\"text-align: center;\"><span style=\"font-size: 12pt;\">\u017divotnost a\u017e 10 let.<\/span><\/p>\n<p style=\"text-align: center;\"><span style=\"font-size: 12pt;\">Dbejte\u00fadaj\u016f uveden\u00fdch v technick\u00e9m list\u011b.<\/span><\/p>\n<p style=\"text-align: center;\"><span style=\"font-size: 12pt;\"><\/span><\/p>\n<p style=\"text-align: center;\">\u00a0<\/p>\n<p><span style=\"font-size: 12pt;\"><strong>Pokud v\u00e1m z\u016fstane n\u00e1t\u011br jak jej skladovat ?<\/strong><\/span><\/p>\n<ul>\n<li><span style=\"font-size: 12pt;\">Skladujte v suchu v d\u016fkladn\u011b uzav\u0159en\u00e9m origin\u00e1ln\u00edm obalu a chra\u0148te p\u0159ed mrazem.\u00a0<\/span><\/li>\n<li><span style=\"font-size: 12pt;\">Mal\u00fd zbytek nevyu\u017eit\u00e9ho prost\u0159edku p\u0159el\u00edt do men\u0161\u00ed n\u00e1doby, aby se zabr\u00e1nilo rosolovat\u011bn\u00ed.<\/span><br \/><span style=\"font-size: 12pt;\"> Kdy\u017e v\u00e1m barva zbyde, plechovku pe\u010dliv\u011b zav\u0159ete a oto\u010dte ji dnem vzh\u016fru, aby se zamezilo p\u0159\u00edsunu vzduchu. M\u016f\u017eete si ji tak bez starost\u00ed schovat na p\u0159\u00ed\u0161t\u00ed rok.<\/span><\/li>\n<\/ul>\n<p><span style=\"font-size: 12pt;\">\u00a0<\/span><\/p>\n<p><span style=\"font-size: 12pt;\"><strong>Jak v\u00e1m zbo\u017e\u00ed p\u0159ijde zabalen\u00e9 ?<\/strong><\/span><\/p>\n<p><span style=\"font-size: 12pt;\">Zbo\u017e\u00ed pe\u010dliv\u011b bal\u00edme do speci\u00e1ln\u011b vyroben\u00fdch 3 vrstv\u00fdch kartonov\u00fdch krabic. Voln\u00fd prostor vypl\u0148ujeme kartonovou vlnou, cel\u00e9 balen\u00ed je jednodu\u0161e recyklovateln\u00e9.<\/span><\/p>\n<p><span style=\"font-size: 12pt;\">\u00a0<\/span><\/p>\n<p><span style=\"font-size: 12pt;\"><strong>V\u011bt\u0161inu olej\u016f, lazur, barev a lak\u016f m\u00e1me skladem a odes\u00edl\u00e1me ihned<\/strong><\/span><\/p>\n<p><span style=\"font-size: 12pt;\"> Informace o jednotliv\u00fdch p\u0159epravn\u00edch\u00a0spole\u010dnostech (DPD,PPL,Geis a \u010cesk\u00e1 Po\u0161ta) a odb\u011brov\u00fdch m\u00edstech jsou na str\u00e1nce\u00a0P\u0159eprava.<\/span><\/p>\n<p><span style=\"font-size: 12pt;\">Vzhledem k tomu, \u017ee se jedn\u00e1 o zbo\u017e\u00ed, kter\u00e9 se m\u00edch\u00e1 na objedn\u00e1vku, nelze u tohoto zbo\u017e\u00ed uplatnit 14-ti denn\u00ed lh\u016ftu pro odstoupen\u00ed od kupn\u00ed smlouvy a n\u00e1sledn\u00e9 vr\u00e1cen\u00ed zbo\u017e\u00ed, proto\u017ee se k takov\u00e9muto zbo\u017e\u00ed 14 denn\u00ed lh\u016fta na vr\u00e1cen\u00ed zbo\u017e\u00ed nevztahuje.\u00a0\u00a0\u00a0<\/span><\/p>\n<p>\u00a0<\/p>\n<p><span style=\"font-size: 20px;\"><strong><span style=\"color: #e74c3c;\"><\/span><\/strong><\/span><\/p>\n<\/p><\/div>\n","protected":false},"excerpt":{"rendered":"<p>Detailn\u00ed popis produktu Tikkurila Valtti Plus Complete 2,5L zlat\u00fd dub Jedn\u00e1 se o rychleschnouc\u00ed a velmi odolnou sat\u00e9novou lazuru ur\u010denou zejm\u00e9na pro d\u0159evo v\u00a0exteri\u00e9ru. Lazura Tikkurila Valtti Plus Complete je zalo\u017eena na inovativn\u00edm syst\u00e9mu Triple Resin System a poskytuje co mo\u017en\u00e1 nejvy\u0161\u0161\u00ed ochranu a odolnost d\u0159ev\u011bn\u00fdch povrch\u016f p\u0159ed pov\u011btrnostn\u00edmi podm\u00ednkami (UV z\u00e1\u0159en\u00ed, vlhkost, v\u00fdkyvy teplot). [&hellip;]<\/p>\n","protected":false},"featured_media":31027,"comment_status":"open","ping_status":"open","template":"","meta":[],"product_brand":[],"product_cat":[110],"product_tag":[],"class_list":{"0":"post-30927","1":"product","2":"type-product","3":"status-publish","4":"has-post-thumbnail","6":"product_cat-vyrobci","8":"first","9":"instock","10":"sale","11":"shipping-taxable","12":"purchasable","13":"product-type-simple"},"yoast_head":"<!-- This site is optimized with the Yoast SEO plugin v26.8 - https:\/\/yoast.com\/product\/yoast-seo-wordpress\/ -->\n<title>Zna\u010dkov\u00fd Tikkurila Valtti Plus Complete 2,5L zlat\u00fd dub  + d\u00e1rek k objedn\u00e1vce nad 1000K\u010d -<\/title>\n<meta name=\"robots\" content=\"index, follow, max-snippet:-1, max-image-preview:large, max-video-preview:-1\" \/>\n<link rel=\"canonical\" href=\"https:\/\/www.koupelnapro.com\/index.php\/produkt\/znackovy-tikkurila-valtti-plus-complete-2-5l-zlaty-dub-span-class-product-appendix-darek-k-objednavce-nad-1000kc-span-30927\/\" \/>\n<meta property=\"og:locale\" content=\"cs_CZ\" \/>\n<meta property=\"og:type\" content=\"article\" \/>\n<meta property=\"og:title\" content=\"Zna\u010dkov\u00fd Tikkurila Valtti Plus Complete 2,5L zlat\u00fd dub  + d\u00e1rek k objedn\u00e1vce nad 1000K\u010d -\" \/>\n<meta property=\"og:description\" content=\"Detailn\u00ed popis produktu Tikkurila Valtti Plus Complete 2,5L zlat\u00fd dub Jedn\u00e1 se o rychleschnouc\u00ed a velmi odolnou sat\u00e9novou lazuru ur\u010denou zejm\u00e9na pro d\u0159evo v\u00a0exteri\u00e9ru. Lazura Tikkurila Valtti Plus Complete je zalo\u017eena na inovativn\u00edm syst\u00e9mu Triple Resin System a poskytuje co mo\u017en\u00e1 nejvy\u0161\u0161\u00ed ochranu a odolnost d\u0159ev\u011bn\u00fdch povrch\u016f p\u0159ed pov\u011btrnostn\u00edmi podm\u00ednkami (UV z\u00e1\u0159en\u00ed, vlhkost, v\u00fdkyvy teplot). [&hellip;]\" \/>\n<meta property=\"og:url\" content=\"https:\/\/www.koupelnapro.com\/index.php\/produkt\/znackovy-tikkurila-valtti-plus-complete-2-5l-zlaty-dub-span-class-product-appendix-darek-k-objednavce-nad-1000kc-span-30927\/\" \/>\n<meta property=\"og:image\" content=\"https:\/\/www.koupelnapro.com\/wp-content\/uploads\/2026\/SK0003937-CZ20260425-092420-0-1777080261-3195785-1_dub-zlaty.webp\" \/>\n\t<meta property=\"og:image:width\" content=\"1000\" \/>\n\t<meta property=\"og:image:height\" content=\"750\" \/>\n\t<meta property=\"og:image:type\" content=\"image\/webp\" \/>\n<meta name=\"twitter:card\" content=\"summary_large_image\" \/>\n<meta name=\"twitter:label1\" content=\"Odhadovan\u00e1 doba \u010dten\u00ed\" \/>\n\t<meta name=\"twitter:data1\" content=\"2 minuty\" \/>\n<script type=\"application\/ld+json\" class=\"yoast-schema-graph\">{\"@context\":\"https:\/\/schema.org\",\"@graph\":[{\"@type\":\"WebPage\",\"@id\":\"https:\/\/www.koupelnapro.com\/index.php\/produkt\/znackovy-tikkurila-valtti-plus-complete-2-5l-zlaty-dub-span-class-product-appendix-darek-k-objednavce-nad-1000kc-span-30927\/\",\"url\":\"https:\/\/www.koupelnapro.com\/index.php\/produkt\/znackovy-tikkurila-valtti-plus-complete-2-5l-zlaty-dub-span-class-product-appendix-darek-k-objednavce-nad-1000kc-span-30927\/\",\"name\":\"Zna\u010dkov\u00fd Tikkurila Valtti Plus Complete 2,5L zlat\u00fd dub + d\u00e1rek k objedn\u00e1vce nad 1000K\u010d -\",\"isPartOf\":{\"@id\":\"https:\/\/www.koupelnapro.com\/#website\"},\"primaryImageOfPage\":{\"@id\":\"https:\/\/www.koupelnapro.com\/index.php\/produkt\/znackovy-tikkurila-valtti-plus-complete-2-5l-zlaty-dub-span-class-product-appendix-darek-k-objednavce-nad-1000kc-span-30927\/#primaryimage\"},\"image\":{\"@id\":\"https:\/\/www.koupelnapro.com\/index.php\/produkt\/znackovy-tikkurila-valtti-plus-complete-2-5l-zlaty-dub-span-class-product-appendix-darek-k-objednavce-nad-1000kc-span-30927\/#primaryimage\"},\"thumbnailUrl\":\"https:\/\/www.koupelnapro.com\/wp-content\/uploads\/2026\/SK0003937-CZ20260425-092420-0-1777080261-3195785-1_dub-zlaty.webp\",\"datePublished\":\"2026-04-26T09:15:11+00:00\",\"breadcrumb\":{\"@id\":\"https:\/\/www.koupelnapro.com\/index.php\/produkt\/znackovy-tikkurila-valtti-plus-complete-2-5l-zlaty-dub-span-class-product-appendix-darek-k-objednavce-nad-1000kc-span-30927\/#breadcrumb\"},\"inLanguage\":\"cs\",\"potentialAction\":[{\"@type\":\"ReadAction\",\"target\":[\"https:\/\/www.koupelnapro.com\/index.php\/produkt\/znackovy-tikkurila-valtti-plus-complete-2-5l-zlaty-dub-span-class-product-appendix-darek-k-objednavce-nad-1000kc-span-30927\/\"]}]},{\"@type\":\"ImageObject\",\"inLanguage\":\"cs\",\"@id\":\"https:\/\/www.koupelnapro.com\/index.php\/produkt\/znackovy-tikkurila-valtti-plus-complete-2-5l-zlaty-dub-span-class-product-appendix-darek-k-objednavce-nad-1000kc-span-30927\/#primaryimage\",\"url\":\"https:\/\/www.koupelnapro.com\/wp-content\/uploads\/2026\/SK0003937-CZ20260425-092420-0-1777080261-3195785-1_dub-zlaty.webp\",\"contentUrl\":\"https:\/\/www.koupelnapro.com\/wp-content\/uploads\/2026\/SK0003937-CZ20260425-092420-0-1777080261-3195785-1_dub-zlaty.webp\",\"width\":1000,\"height\":750},{\"@type\":\"BreadcrumbList\",\"@id\":\"https:\/\/www.koupelnapro.com\/index.php\/produkt\/znackovy-tikkurila-valtti-plus-complete-2-5l-zlaty-dub-span-class-product-appendix-darek-k-objednavce-nad-1000kc-span-30927\/#breadcrumb\",\"itemListElement\":[{\"@type\":\"ListItem\",\"position\":1,\"name\":\"Home\",\"item\":\"https:\/\/www.koupelnapro.com\/\"},{\"@type\":\"ListItem\",\"position\":2,\"name\":\"Products\",\"item\":\"https:\/\/www.koupelnapro.com\/index.php\/products\/\"},{\"@type\":\"ListItem\",\"position\":3,\"name\":\"Zna\u010dkov\u00fd Tikkurila Valtti Plus Complete 2,5L zlat\u00fd dub + d\u00e1rek k objedn\u00e1vce nad 1000K\u010d\"}]},{\"@type\":\"WebSite\",\"@id\":\"https:\/\/www.koupelnapro.com\/#website\",\"url\":\"https:\/\/www.koupelnapro.com\/\",\"name\":\"\",\"description\":\"\",\"potentialAction\":[{\"@type\":\"SearchAction\",\"target\":{\"@type\":\"EntryPoint\",\"urlTemplate\":\"https:\/\/www.koupelnapro.com\/?s={search_term_string}\"},\"query-input\":{\"@type\":\"PropertyValueSpecification\",\"valueRequired\":true,\"valueName\":\"search_term_string\"}}],\"inLanguage\":\"cs\"}]}<\/script>\n<!-- \/ Yoast SEO plugin. -->","yoast_head_json":{"title":"Zna\u010dkov\u00fd Tikkurila Valtti Plus Complete 2,5L zlat\u00fd dub  + d\u00e1rek k objedn\u00e1vce nad 1000K\u010d -","robots":{"index":"index","follow":"follow","max-snippet":"max-snippet:-1","max-image-preview":"max-image-preview:large","max-video-preview":"max-video-preview:-1"},"canonical":"https:\/\/www.koupelnapro.com\/index.php\/produkt\/znackovy-tikkurila-valtti-plus-complete-2-5l-zlaty-dub-span-class-product-appendix-darek-k-objednavce-nad-1000kc-span-30927\/","og_locale":"cs_CZ","og_type":"article","og_title":"Zna\u010dkov\u00fd Tikkurila Valtti Plus Complete 2,5L zlat\u00fd dub  + d\u00e1rek k objedn\u00e1vce nad 1000K\u010d -","og_description":"Detailn\u00ed popis produktu Tikkurila Valtti Plus Complete 2,5L zlat\u00fd dub Jedn\u00e1 se o rychleschnouc\u00ed a velmi odolnou sat\u00e9novou lazuru ur\u010denou zejm\u00e9na pro d\u0159evo v\u00a0exteri\u00e9ru. Lazura Tikkurila Valtti Plus Complete je zalo\u017eena na inovativn\u00edm syst\u00e9mu Triple Resin System a poskytuje co mo\u017en\u00e1 nejvy\u0161\u0161\u00ed ochranu a odolnost d\u0159ev\u011bn\u00fdch povrch\u016f p\u0159ed pov\u011btrnostn\u00edmi podm\u00ednkami (UV z\u00e1\u0159en\u00ed, vlhkost, v\u00fdkyvy teplot). [&hellip;]","og_url":"https:\/\/www.koupelnapro.com\/index.php\/produkt\/znackovy-tikkurila-valtti-plus-complete-2-5l-zlaty-dub-span-class-product-appendix-darek-k-objednavce-nad-1000kc-span-30927\/","og_image":[{"width":1000,"height":750,"url":"https:\/\/www.koupelnapro.com\/wp-content\/uploads\/2026\/SK0003937-CZ20260425-092420-0-1777080261-3195785-1_dub-zlaty.webp","type":"image\/webp"}],"twitter_card":"summary_large_image","twitter_misc":{"Odhadovan\u00e1 doba \u010dten\u00ed":"2 minuty"},"schema":{"@context":"https:\/\/schema.org","@graph":[{"@type":"WebPage","@id":"https:\/\/www.koupelnapro.com\/index.php\/produkt\/znackovy-tikkurila-valtti-plus-complete-2-5l-zlaty-dub-span-class-product-appendix-darek-k-objednavce-nad-1000kc-span-30927\/","url":"https:\/\/www.koupelnapro.com\/index.php\/produkt\/znackovy-tikkurila-valtti-plus-complete-2-5l-zlaty-dub-span-class-product-appendix-darek-k-objednavce-nad-1000kc-span-30927\/","name":"Zna\u010dkov\u00fd Tikkurila Valtti Plus Complete 2,5L zlat\u00fd dub + d\u00e1rek k objedn\u00e1vce nad 1000K\u010d -","isPartOf":{"@id":"https:\/\/www.koupelnapro.com\/#website"},"primaryImageOfPage":{"@id":"https:\/\/www.koupelnapro.com\/index.php\/produkt\/znackovy-tikkurila-valtti-plus-complete-2-5l-zlaty-dub-span-class-product-appendix-darek-k-objednavce-nad-1000kc-span-30927\/#primaryimage"},"image":{"@id":"https:\/\/www.koupelnapro.com\/index.php\/produkt\/znackovy-tikkurila-valtti-plus-complete-2-5l-zlaty-dub-span-class-product-appendix-darek-k-objednavce-nad-1000kc-span-30927\/#primaryimage"},"thumbnailUrl":"https:\/\/www.koupelnapro.com\/wp-content\/uploads\/2026\/SK0003937-CZ20260425-092420-0-1777080261-3195785-1_dub-zlaty.webp","datePublished":"2026-04-26T09:15:11+00:00","breadcrumb":{"@id":"https:\/\/www.koupelnapro.com\/index.php\/produkt\/znackovy-tikkurila-valtti-plus-complete-2-5l-zlaty-dub-span-class-product-appendix-darek-k-objednavce-nad-1000kc-span-30927\/#breadcrumb"},"inLanguage":"cs","potentialAction":[{"@type":"ReadAction","target":["https:\/\/www.koupelnapro.com\/index.php\/produkt\/znackovy-tikkurila-valtti-plus-complete-2-5l-zlaty-dub-span-class-product-appendix-darek-k-objednavce-nad-1000kc-span-30927\/"]}]},{"@type":"ImageObject","inLanguage":"cs","@id":"https:\/\/www.koupelnapro.com\/index.php\/produkt\/znackovy-tikkurila-valtti-plus-complete-2-5l-zlaty-dub-span-class-product-appendix-darek-k-objednavce-nad-1000kc-span-30927\/#primaryimage","url":"https:\/\/www.koupelnapro.com\/wp-content\/uploads\/2026\/SK0003937-CZ20260425-092420-0-1777080261-3195785-1_dub-zlaty.webp","contentUrl":"https:\/\/www.koupelnapro.com\/wp-content\/uploads\/2026\/SK0003937-CZ20260425-092420-0-1777080261-3195785-1_dub-zlaty.webp","width":1000,"height":750},{"@type":"BreadcrumbList","@id":"https:\/\/www.koupelnapro.com\/index.php\/produkt\/znackovy-tikkurila-valtti-plus-complete-2-5l-zlaty-dub-span-class-product-appendix-darek-k-objednavce-nad-1000kc-span-30927\/#breadcrumb","itemListElement":[{"@type":"ListItem","position":1,"name":"Home","item":"https:\/\/www.koupelnapro.com\/"},{"@type":"ListItem","position":2,"name":"Products","item":"https:\/\/www.koupelnapro.com\/index.php\/products\/"},{"@type":"ListItem","position":3,"name":"Zna\u010dkov\u00fd Tikkurila Valtti Plus Complete 2,5L zlat\u00fd dub + d\u00e1rek k objedn\u00e1vce nad 1000K\u010d"}]},{"@type":"WebSite","@id":"https:\/\/www.koupelnapro.com\/#website","url":"https:\/\/www.koupelnapro.com\/","name":"","description":"","potentialAction":[{"@type":"SearchAction","target":{"@type":"EntryPoint","urlTemplate":"https:\/\/www.koupelnapro.com\/?s={search_term_string}"},"query-input":{"@type":"PropertyValueSpecification","valueRequired":true,"valueName":"search_term_string"}}],"inLanguage":"cs"}]}},"_links":{"self":[{"href":"https:\/\/www.koupelnapro.com\/index.php\/wp-json\/wp\/v2\/product\/30927","targetHints":{"allow":["GET"]}}],"collection":[{"href":"https:\/\/www.koupelnapro.com\/index.php\/wp-json\/wp\/v2\/product"}],"about":[{"href":"https:\/\/www.koupelnapro.com\/index.php\/wp-json\/wp\/v2\/types\/product"}],"replies":[{"embeddable":true,"href":"https:\/\/www.koupelnapro.com\/index.php\/wp-json\/wp\/v2\/comments?post=30927"}],"wp:featuredmedia":[{"embeddable":true,"href":"https:\/\/www.koupelnapro.com\/index.php\/wp-json\/wp\/v2\/media\/31027"}],"wp:attachment":[{"href":"https:\/\/www.koupelnapro.com\/index.php\/wp-json\/wp\/v2\/media?parent=30927"}],"wp:term":[{"taxonomy":"product_brand","embeddable":true,"href":"https:\/\/www.koupelnapro.com\/index.php\/wp-json\/wp\/v2\/product_brand?post=30927"},{"taxonomy":"product_cat","embeddable":true,"href":"https:\/\/www.koupelnapro.com\/index.php\/wp-json\/wp\/v2\/product_cat?post=30927"},{"taxonomy":"product_tag","embeddable":true,"href":"https:\/\/www.koupelnapro.com\/index.php\/wp-json\/wp\/v2\/product_tag?post=30927"}],"curies":[{"name":"wp","href":"https:\/\/api.w.org\/{rel}","templated":true}]}}