{"id":30536,"date":"2026-04-26T09:15:07","date_gmt":"2026-04-26T09:15:07","guid":{"rendered":""},"modified":"2026-04-26T09:15:07","modified_gmt":"2026-04-26T09:15:07","slug":"znackovy-tikkurila-valtti-wood-oil-puuoljy-9l-3164-span-class-product-appendix-darek-k-objednavce-nad-1000kc-span-30536","status":"publish","type":"product","link":"https:\/\/www.koupelnapro.com\/index.php\/produkt\/znackovy-tikkurila-valtti-wood-oil-puuoljy-9l-3164-span-class-product-appendix-darek-k-objednavce-nad-1000kc-span-30536\/","title":{"rendered":"Zna\u010dkov\u00fd Tikkurila Valtti Wood Oil &#8211; PUU\u00d6LJY &#8211; 9L &#8211; 3164 <span class=\"product-appendix\"> + d\u00e1rek k objedn\u00e1vce nad 1000K\u010d<\/span>"},"content":{"rendered":"<div class=\"basic-description\">\n<h3>Detailn\u00ed popis produktu<\/h3>\n<p><span style=\"font-size: 12pt;\"><strong>Tikkurila Valtti Wood Oil &#8211; PUU\u00d6LJY &#8211; 9L &#8211; 3164<\/strong><\/span><\/p>\n<p><span style=\"font-size: 12pt;\">Jedn\u00e1 se o rozpou\u0161t\u011bdlov\u00fd olej na d\u0159evo, ur\u010den\u00fd pro exteri\u00e9r. Ide\u00e1ln\u011b se hod\u00ed na nov\u00e9 nebo d\u0159\u00edve olejem o\u0161et\u0159en\u00e9 d\u0159evo. Vhodn\u00fd tak\u00e9 pro tvrd\u00e9 tepeln\u011b upraven\u00e9 a impregnovan\u00e9 d\u0159evo. <br \/><\/span><\/p>\n<p><span style=\"font-size: 12pt;\"><strong>V\u00fdhody n\u00e1t\u011bru Tikkurila Vatti:<\/strong><\/span><\/p>\n<ul>\n<li><span style=\"font-size: 12pt;\">chr\u00e1n\u00ed proti vlhkosti a \u0161p\u00edn\u011b<\/span><\/li>\n<li><span style=\"font-size: 12pt;\">sni\u017euje tendenci k prask\u00e1n\u00ed vlivem vysych\u00e1n\u00ed<\/span><\/li>\n<\/ul>\n<div>\n<p><span style=\"font-size: 12pt;\"><strong>Tikkurila Valtti Wood Oil pou\u017eijte na ve\u0161ker\u00e9 d\u0159ev\u011bn\u00e9 objekty a plochy v exteri\u00e9ru:<\/strong><\/span><\/p>\n<ul>\n<li><span style=\"font-size: 12pt;\"><span class=\"show-tooltip\" title=\"D\u0159evo z&amp;nbsp;Ak\u00e1tu je vhodn\u00e9 na d\u0159ev\u011bn\u00fd n\u00e1bytek a p\u00edskovi\u0161t\u011b. D\u0159evina stejn\u00e9 kategorie jako dub-trvanliv\u00e1 d\u0159evina pro exteri\u00e9r. Obsahuje velk\u00e9 mno\u017estv\u00ed kyseliny t\u0159\u00edslov\u00e9. V&amp;nbsp;exteri\u00e9ru se nedoporu\u010duje impregnovat p\u0159i pou\u017eit\u00ed olejov\u00e9ho n\u00e1t\u011bru.&amp;hellip;\">zahradn\u00ed n\u00e1bytek<\/span>, schody<\/span><\/li>\n<li><span style=\"font-size: 12pt;\">terasy, ploty, z\u00e1bradl\u00ed<\/span><\/li>\n<li><span style=\"font-size: 12pt;\">kryt\u00e9 balk\u00f3ny<\/span><\/li>\n<\/ul>\n<p style=\"text-align: center;\"><span style=\"font-size: 12pt;\"><strong>Pr\u00e1ci s t\u00edmto olejem zvl\u00e1dne ka\u017ed\u00fd kutil a \u0159emesln\u00edk<\/strong><\/span><\/p>\n<p style=\"text-align: center;\"><span style=\"font-size: 12pt;\">Podklad&nbsp;pro nat\u00edr\u00e1n\u00ed by m\u011bl m\u00edt&nbsp;maxim\u00e1ln\u00ed vlhkost 20 %<br \/>Vlhk\u00e9 d\u0159evo neabsorbuje olej a n\u00e1t\u011br pomalu zasych\u00e1.<br \/> Povrch&nbsp;d\u0159eva mus\u00ed b\u00fdt&nbsp;such\u00fd,&nbsp;\u010dist\u00fd&nbsp;a&nbsp;nesm\u00ed b\u00fdt vystaven mrazu.<br \/>N\u00e1t\u011br aplikujte pomoc\u00ed \u0161t\u011btce nebo houby.<br \/>P\u00f3rovit\u00e9 d\u0159evo m\u016f\u017ee b\u00fdt nat\u0159eno dv\u011bma n\u00e1t\u011bry.<br \/><\/span>&nbsp;<\/p>\n<p style=\"text-align: center;\">&nbsp;<\/p>\n<p><span style=\"font-size: 12pt;\"><strong>Postup pr\u00e1ce:<\/strong><\/span><\/p>\n<ol>\n<li><span style=\"font-size: 12pt;\">P\u0159ed apolikac\u00ed produkt d\u016fkladn\u011b prom\u00edchejte.<br \/><\/span><\/li>\n<li><span style=\"font-size: 12pt;\">Nan\u00e1\u0161ejte houbou nebo \u0161t\u011btcem<br \/><\/span><\/li>\n<li><span style=\"font-size: 12pt;\"><span class=\"show-tooltip\" title=\"\" data-original-title=\"Schnut\u00ed ovliv\u0148uje nejen druh n\u00e1t\u011bru a&nbsp;jeho slo\u017een\u00ed, ale tak\u00e9 druh a&nbsp;skladba d\u0159eva \u2013 nap\u0159. zv\u00fd\u0161en\u00fd obsah prysky\u0159ice nebo tanin, kter\u00fd je obsa\u017een v&nbsp;dubov\u00e9m d\u0159ev\u011b. Schnut\u00ed je tak\u00e9 ovlivn\u011bno vlhkost\u00ed d\u0159eva a&nbsp;jeho tvrdost\u00ed, kter\u00e1 sni\u017euje savost nan\u00e1\u0161en\u00e9ho&amp;hellip;\">Povrch je such\u00fd na doptek po n\u011bkolika hodin\u00e1ch<\/span>(p\u0159i norm\u00e1ln\u00edm klima cca 23<sup>o<\/sup>C \/ relativn\u00ed vlhkost vzduchu cca 50%). P\u0159i ni\u017e\u0161\u00edch teplot\u00e1ch nebo vy\u0161\u0161\u00ed relativn\u00ed vlhkosti vzduchu se doba <span class=\"show-tooltip\" title=\"Impregnov\u00e1n\u00ed, lazurov\u00e1n\u00ed a&amp;nbsp;lakov\u00e1n\u00ed mus\u00ed b\u00fdt prov\u00e1d\u011bno v\u017edy ve sm\u011bru vl\u00e1ken, aby aplikovan\u00e1 vrstva pat\u0159i\u010dn\u011b pronikla do hloubky d\u0159eva. D\u016fle\u017eit\u00e9 je tak\u00e9 d\u016fkladn\u00e9 p\u0159ekryt\u00ed hran a&amp;nbsp;vrcholk\u016f d\u0159ev\u011bn\u00fdch prvk\u016f (p\u0159\u00ed\u010dn\u00e9 \u0159ezy). P\u0159i n\u00e1t\u011bru oblo\u017een\u00ed,&amp;hellip;\">schnut\u00ed<\/span> prodlu\u017euje. Je nutn\u00e9 se postarat o dobr\u00e9 v\u011btr\u00e1n\u00ed.<\/span><\/li>\n<li><span style=\"font-size: 12pt;\">P\u0159ebyte\u010dn\u00fd olej okam\u017eit\u011b set\u0159ete.<br \/><\/span><\/li>\n<li><span style=\"font-size: 12pt;\">\u00dadr\u017ebu prov\u00e1d\u011bjte dle pot\u0159eby. Povrchy vystaven\u00e9 pov\u011btrnostn\u00edm vliv\u016fm o\u0161et\u0159ujte 1x ro\u010dn\u011b.<\/span><\/li>\n<li><span style=\"font-size: 12pt;\">Vydatnost 5-7m2\/1L v z\u00e1vislosti na vlastnostech povrchu.<br \/><\/span><span style=\"font-size: 12pt;\"><span style=\"left: 626.117px; top: 889.987px; font-size: 16.6px; font-family: sans-serif; transform: scaleX(0.823948);\"><\/span><\/span><\/li>\n<\/ol>\n<p><span style=\"font-size: 12pt;\"><strong>Pokud v\u00e1m z\u016fstane n\u00e1t\u011br jak jej skladovat ?<\/strong><\/span><\/p>\n<ul>\n<li><span style=\"font-size: 12pt;\">Skladujte v suchu v d\u016fkladn\u011b uzav\u0159en\u00e9m origin\u00e1ln\u00edm obalu a chra\u0148te p\u0159ed mrazem.<\/span><\/li>\n<\/ul>\n<p><span style=\"font-size: 12pt;\">Mal\u00fd zbytek nevyu\u017eit\u00e9ho prost\u0159edku p\u0159el\u00edt do men\u0161\u00ed n\u00e1doby, aby se zabr\u00e1nilo rosolovat\u011bn\u00ed.<\/span><br \/><span style=\"font-size: 12pt;\"> Kdy\u017e v\u00e1m barva zbyde, plechovku pe\u010dliv\u011b zav\u0159ete a oto\u010dte ji dnem vzh\u016fru, aby se zamezilo p\u0159\u00edsunu vzduchu. M\u016f\u017eete si ji tak bez starost\u00ed schovat na p\u0159\u00ed\u0161t\u00ed rok.<\/span><\/p>\n<p><span style=\"font-size: 12pt;\"><strong>Jak v\u00e1m zbo\u017e\u00ed p\u0159ijde zabalen\u00e9 ?<\/strong><\/span><\/p>\n<p><span style=\"font-size: 12pt;\">Zbo\u017e\u00ed pe\u010dliv\u011b bal\u00edme do speci\u00e1ln\u011b vyroben\u00fdch 3 vrstv\u00fdch kartonov\u00fdch krabic. Voln\u00fd prostor vypl\u0148ujeme kartonovou vlnou, cel\u00e9 balen\u00ed je jednodu\u0161e recyklovateln\u00e9.<\/span><\/p>\n<p><span style=\"font-size: 12pt;\">&nbsp;<\/span><\/p>\n<p><span style=\"font-size: 12pt;\"><strong>V\u011bt\u0161inu olej\u016f, lazur, barev a lak\u016f m\u00e1me skladem a odes\u00edl\u00e1me ihned<\/strong><\/span><\/p>\n<p><span><span style=\"font-size: 12pt;\"> Informace o jednotliv\u00fdch p\u0159epravn\u00edch&nbsp;spole\u010dnostech (DPD,PPL,Geis a \u010cesk\u00e1 Po\u0161ta) a odb\u011brov\u00fdch m\u00edstech jsou na str\u00e1nce&nbsp;P\u0159eprava.<\/span><\/span><\/p>\n<p><span><span style=\"font-size: 12pt;\"><\/span><\/span><\/p>\n<\/div>\n<p><span style=\"font-size: 12pt;\"><strong><span size=\"3\">Sign\u00e1ln\u00ed slovo: Nebezpe\u010d\u00ed<\/span><\/strong><\/span><\/p>\n<p><span style=\"font-size: 12pt;\"><\/span><\/p>\n<div><span style=\"font-size: 12pt;\"><strong><span size=\"3\">\u00dadaje o nebezpe\u010dnosti<\/span><\/strong><meta charset=\"UTF-8\" \/><\/span><\/div>\n<div class=\"page\" title=\"Page 2\">\n<div class=\"layoutArea\">\n<div class=\"column\"><span style=\"font-size: 12pt;\">H226 &#8211; Hor\u030clava\u0301 kapalina a pa\u0301ry.<\/span><br \/><span style=\"font-size: 12pt;\">H317 &#8211; Mu\u030az\u030ce vyvolat alergickou koz\u030cni\u0301 reakci.<\/span><br \/><span style=\"font-size: 12pt;\">H304 &#8211; Pr\u030ci poz\u030citi\u0301 a vniknuti\u0301 do dy\u0301chaci\u0301ch cest mu\u030az\u030ce zpu\u030asobit smrt. <\/span><\/div>\n<div class=\"column\"><span style=\"font-size: 12pt;\">H336 &#8211; Mu\u030az\u030ce zpu\u030asobit ospalost nebo za\u0301vrate\u030c.<\/span><br \/><span style=\"font-size: 12pt;\">H411 &#8211; Toxicky\u0301 pro vodni\u0301 organismy, s dlouhodoby\u0301mi u\u0301c\u030cinky.<\/span><\/div>\n<div class=\"column\"><span style=\"font-size: 12pt;\">&nbsp;<\/span><\/div>\n<\/div>\n<\/div>\n<div><span style=\"font-size: 12pt;\"><strong><span size=\"3\">Bezpe\u010dnostn\u00ed pokyny<\/span><span size=\"3\"><meta charset=\"UTF-8\" \/><\/span><\/strong><\/span><\/div>\n<div class=\"page\" title=\"Page 2\">\n<div class=\"layoutArea\">\n<div class=\"column\"><span style=\"font-size: 12pt;\">P101 &#8211; Je-li nutna\u0301 le\u0301kar\u030cska\u0301 pomoc, me\u030cjte po ruce obal nebo s\u030cti\u0301tek vy\u0301robku. <\/span><\/div>\n<div class=\"column\"><span style=\"font-size: 12pt;\">P102 &#8211; Uchova\u0301vejte mimo dosah de\u030cti\u0301.<\/span><\/div>\n<div class=\"column\"><span style=\"font-size: 12pt;\">P210 &#8211; Chran\u030cte pr\u030ced teplem, horky\u0301mi povrchy, jiskrami, otevr\u030ceny\u0301m ohne\u030cm a jiny\u0301mi zdroji zapa\u0301leni\u0301. Za\u0301kaz kour\u030ceni\u0301.<\/span><br \/><span style=\"font-size: 12pt;\">P261 &#8211; Zamezte vdechova\u0301ni\u0301 par.<\/span><br \/><span style=\"font-size: 12pt;\">P271 &#8211; Pouz\u030ci\u0301vejte pouze venku nebo v dobr\u030ce ve\u030ctrany\u0301ch prostora\u0301ch.<\/span><\/div>\n<div class=\"column\"><span style=\"font-size: 12pt;\">P273 &#8211; Zabran\u030cte uvolne\u030cni\u0301 do z\u030civotni\u0301ho prostr\u030cedi\u0301. <\/span><\/div>\n<div class=\"column\"><span style=\"font-size: 12pt;\">P 280 &#8211; Pouz\u030ci\u0301vejte ochranne\u0301 rukavice.<\/span><\/div>\n<div class=\"column\"><span style=\"font-size: 12pt;\">P301 + P310 &#8211; PR\u030cI POZ\u030cITI\u0301: Okamz\u030cite\u030c volejte TOXIKOLOGICKE\u0301 INFORMAC\u030cNI\u0301 STR\u030cEDISKO nebo le\u0301kar\u030ce.<\/span><br \/><span style=\"font-size: 12pt;\">P331 &#8211; NEVYVOLA\u0301VEJTE zvraceni\u0301.<\/span><br \/><span style=\"font-size: 12pt;\">P302 + P352 &#8211; PR\u030cI STYKU S KU\u030aZ\u030cI\u0301: Omyjte velky\u0301m mnoz\u030cstvi\u0301m vody a my\u0301dla.<\/span><\/div>\n<div class=\"column\">&nbsp;<\/div>\n<\/div>\n<\/div>\n<p><span style=\"font-size: 14pt; color: #008000;\"><strong><\/strong><\/span><\/p>\n<p>&nbsp;<\/p>\n<\/p><\/div>\n","protected":false},"excerpt":{"rendered":"<p>Detailn\u00ed popis produktu Tikkurila Valtti Wood Oil &#8211; PUU\u00d6LJY &#8211; 9L &#8211; 3164 Jedn\u00e1 se o rozpou\u0161t\u011bdlov\u00fd olej na d\u0159evo, ur\u010den\u00fd pro exteri\u00e9r. Ide\u00e1ln\u011b se hod\u00ed na nov\u00e9 nebo d\u0159\u00edve olejem o\u0161et\u0159en\u00e9 d\u0159evo. Vhodn\u00fd tak\u00e9 pro tvrd\u00e9 tepeln\u011b upraven\u00e9 a impregnovan\u00e9 d\u0159evo. V\u00fdhody n\u00e1t\u011bru Tikkurila Vatti: chr\u00e1n\u00ed proti vlhkosti a \u0161p\u00edn\u011b sni\u017euje tendenci k prask\u00e1n\u00ed [&hellip;]<\/p>\n","protected":false},"featured_media":30636,"comment_status":"open","ping_status":"open","template":"","meta":[],"product_brand":[],"product_cat":[110],"product_tag":[],"class_list":{"0":"post-30536","1":"product","2":"type-product","3":"status-publish","4":"has-post-thumbnail","6":"product_cat-vyrobci","8":"first","9":"instock","10":"sale","11":"shipping-taxable","12":"purchasable","13":"product-type-simple"},"yoast_head":"<!-- This site is optimized with the Yoast SEO plugin v26.8 - https:\/\/yoast.com\/product\/yoast-seo-wordpress\/ -->\n<title>Zna\u010dkov\u00fd Tikkurila Valtti Wood Oil - PUU\u00d6LJY - 9L - 3164  + d\u00e1rek k objedn\u00e1vce nad 1000K\u010d -<\/title>\n<meta name=\"robots\" content=\"index, follow, max-snippet:-1, max-image-preview:large, max-video-preview:-1\" \/>\n<link rel=\"canonical\" href=\"https:\/\/www.koupelnapro.com\/index.php\/produkt\/znackovy-tikkurila-valtti-wood-oil-puuoljy-9l-3164-span-class-product-appendix-darek-k-objednavce-nad-1000kc-span-30536\/\" \/>\n<meta property=\"og:locale\" content=\"cs_CZ\" \/>\n<meta property=\"og:type\" content=\"article\" \/>\n<meta property=\"og:title\" content=\"Zna\u010dkov\u00fd Tikkurila Valtti Wood Oil - PUU\u00d6LJY - 9L - 3164  + d\u00e1rek k objedn\u00e1vce nad 1000K\u010d -\" \/>\n<meta property=\"og:description\" content=\"Detailn\u00ed popis produktu Tikkurila Valtti Wood Oil &#8211; PUU\u00d6LJY &#8211; 9L &#8211; 3164 Jedn\u00e1 se o rozpou\u0161t\u011bdlov\u00fd olej na d\u0159evo, ur\u010den\u00fd pro exteri\u00e9r. Ide\u00e1ln\u011b se hod\u00ed na nov\u00e9 nebo d\u0159\u00edve olejem o\u0161et\u0159en\u00e9 d\u0159evo. Vhodn\u00fd tak\u00e9 pro tvrd\u00e9 tepeln\u011b upraven\u00e9 a impregnovan\u00e9 d\u0159evo. V\u00fdhody n\u00e1t\u011bru Tikkurila Vatti: chr\u00e1n\u00ed proti vlhkosti a \u0161p\u00edn\u011b sni\u017euje tendenci k prask\u00e1n\u00ed [&hellip;]\" \/>\n<meta property=\"og:url\" content=\"https:\/\/www.koupelnapro.com\/index.php\/produkt\/znackovy-tikkurila-valtti-wood-oil-puuoljy-9l-3164-span-class-product-appendix-darek-k-objednavce-nad-1000kc-span-30536\/\" \/>\n<meta property=\"og:image\" content=\"https:\/\/www.koupelnapro.com\/wp-content\/uploads\/2026\/SK0003746-CZ20260425-092420-0-1777080261-3194780_tikkurila-valtti-wood-oil-puuoljy-9l-3164.webp\" \/>\n\t<meta property=\"og:image:width\" content=\"1000\" \/>\n\t<meta property=\"og:image:height\" content=\"750\" \/>\n\t<meta property=\"og:image:type\" content=\"image\/webp\" \/>\n<meta name=\"twitter:card\" content=\"summary_large_image\" \/>\n<meta name=\"twitter:label1\" content=\"Odhadovan\u00e1 doba \u010dten\u00ed\" \/>\n\t<meta name=\"twitter:data1\" content=\"3 minuty\" \/>\n<script type=\"application\/ld+json\" class=\"yoast-schema-graph\">{\"@context\":\"https:\/\/schema.org\",\"@graph\":[{\"@type\":\"WebPage\",\"@id\":\"https:\/\/www.koupelnapro.com\/index.php\/produkt\/znackovy-tikkurila-valtti-wood-oil-puuoljy-9l-3164-span-class-product-appendix-darek-k-objednavce-nad-1000kc-span-30536\/\",\"url\":\"https:\/\/www.koupelnapro.com\/index.php\/produkt\/znackovy-tikkurila-valtti-wood-oil-puuoljy-9l-3164-span-class-product-appendix-darek-k-objednavce-nad-1000kc-span-30536\/\",\"name\":\"Zna\u010dkov\u00fd Tikkurila Valtti Wood Oil - PUU\u00d6LJY - 9L - 3164 + d\u00e1rek k objedn\u00e1vce nad 1000K\u010d -\",\"isPartOf\":{\"@id\":\"https:\/\/www.koupelnapro.com\/#website\"},\"primaryImageOfPage\":{\"@id\":\"https:\/\/www.koupelnapro.com\/index.php\/produkt\/znackovy-tikkurila-valtti-wood-oil-puuoljy-9l-3164-span-class-product-appendix-darek-k-objednavce-nad-1000kc-span-30536\/#primaryimage\"},\"image\":{\"@id\":\"https:\/\/www.koupelnapro.com\/index.php\/produkt\/znackovy-tikkurila-valtti-wood-oil-puuoljy-9l-3164-span-class-product-appendix-darek-k-objednavce-nad-1000kc-span-30536\/#primaryimage\"},\"thumbnailUrl\":\"https:\/\/www.koupelnapro.com\/wp-content\/uploads\/2026\/SK0003746-CZ20260425-092420-0-1777080261-3194780_tikkurila-valtti-wood-oil-puuoljy-9l-3164.webp\",\"datePublished\":\"2026-04-26T09:15:07+00:00\",\"breadcrumb\":{\"@id\":\"https:\/\/www.koupelnapro.com\/index.php\/produkt\/znackovy-tikkurila-valtti-wood-oil-puuoljy-9l-3164-span-class-product-appendix-darek-k-objednavce-nad-1000kc-span-30536\/#breadcrumb\"},\"inLanguage\":\"cs\",\"potentialAction\":[{\"@type\":\"ReadAction\",\"target\":[\"https:\/\/www.koupelnapro.com\/index.php\/produkt\/znackovy-tikkurila-valtti-wood-oil-puuoljy-9l-3164-span-class-product-appendix-darek-k-objednavce-nad-1000kc-span-30536\/\"]}]},{\"@type\":\"ImageObject\",\"inLanguage\":\"cs\",\"@id\":\"https:\/\/www.koupelnapro.com\/index.php\/produkt\/znackovy-tikkurila-valtti-wood-oil-puuoljy-9l-3164-span-class-product-appendix-darek-k-objednavce-nad-1000kc-span-30536\/#primaryimage\",\"url\":\"https:\/\/www.koupelnapro.com\/wp-content\/uploads\/2026\/SK0003746-CZ20260425-092420-0-1777080261-3194780_tikkurila-valtti-wood-oil-puuoljy-9l-3164.webp\",\"contentUrl\":\"https:\/\/www.koupelnapro.com\/wp-content\/uploads\/2026\/SK0003746-CZ20260425-092420-0-1777080261-3194780_tikkurila-valtti-wood-oil-puuoljy-9l-3164.webp\",\"width\":1000,\"height\":750},{\"@type\":\"BreadcrumbList\",\"@id\":\"https:\/\/www.koupelnapro.com\/index.php\/produkt\/znackovy-tikkurila-valtti-wood-oil-puuoljy-9l-3164-span-class-product-appendix-darek-k-objednavce-nad-1000kc-span-30536\/#breadcrumb\",\"itemListElement\":[{\"@type\":\"ListItem\",\"position\":1,\"name\":\"Home\",\"item\":\"https:\/\/www.koupelnapro.com\/\"},{\"@type\":\"ListItem\",\"position\":2,\"name\":\"Products\",\"item\":\"https:\/\/www.koupelnapro.com\/index.php\/products\/\"},{\"@type\":\"ListItem\",\"position\":3,\"name\":\"Zna\u010dkov\u00fd Tikkurila Valtti Wood Oil &#8211; PUU\u00d6LJY &#8211; 9L &#8211; 3164 + d\u00e1rek k objedn\u00e1vce nad 1000K\u010d\"}]},{\"@type\":\"WebSite\",\"@id\":\"https:\/\/www.koupelnapro.com\/#website\",\"url\":\"https:\/\/www.koupelnapro.com\/\",\"name\":\"\",\"description\":\"\",\"potentialAction\":[{\"@type\":\"SearchAction\",\"target\":{\"@type\":\"EntryPoint\",\"urlTemplate\":\"https:\/\/www.koupelnapro.com\/?s={search_term_string}\"},\"query-input\":{\"@type\":\"PropertyValueSpecification\",\"valueRequired\":true,\"valueName\":\"search_term_string\"}}],\"inLanguage\":\"cs\"}]}<\/script>\n<!-- \/ Yoast SEO plugin. -->","yoast_head_json":{"title":"Zna\u010dkov\u00fd Tikkurila Valtti Wood Oil - PUU\u00d6LJY - 9L - 3164  + d\u00e1rek k objedn\u00e1vce nad 1000K\u010d -","robots":{"index":"index","follow":"follow","max-snippet":"max-snippet:-1","max-image-preview":"max-image-preview:large","max-video-preview":"max-video-preview:-1"},"canonical":"https:\/\/www.koupelnapro.com\/index.php\/produkt\/znackovy-tikkurila-valtti-wood-oil-puuoljy-9l-3164-span-class-product-appendix-darek-k-objednavce-nad-1000kc-span-30536\/","og_locale":"cs_CZ","og_type":"article","og_title":"Zna\u010dkov\u00fd Tikkurila Valtti Wood Oil - PUU\u00d6LJY - 9L - 3164  + d\u00e1rek k objedn\u00e1vce nad 1000K\u010d -","og_description":"Detailn\u00ed popis produktu Tikkurila Valtti Wood Oil &#8211; PUU\u00d6LJY &#8211; 9L &#8211; 3164 Jedn\u00e1 se o rozpou\u0161t\u011bdlov\u00fd olej na d\u0159evo, ur\u010den\u00fd pro exteri\u00e9r. Ide\u00e1ln\u011b se hod\u00ed na nov\u00e9 nebo d\u0159\u00edve olejem o\u0161et\u0159en\u00e9 d\u0159evo. Vhodn\u00fd tak\u00e9 pro tvrd\u00e9 tepeln\u011b upraven\u00e9 a impregnovan\u00e9 d\u0159evo. V\u00fdhody n\u00e1t\u011bru Tikkurila Vatti: chr\u00e1n\u00ed proti vlhkosti a \u0161p\u00edn\u011b sni\u017euje tendenci k prask\u00e1n\u00ed [&hellip;]","og_url":"https:\/\/www.koupelnapro.com\/index.php\/produkt\/znackovy-tikkurila-valtti-wood-oil-puuoljy-9l-3164-span-class-product-appendix-darek-k-objednavce-nad-1000kc-span-30536\/","og_image":[{"width":1000,"height":750,"url":"https:\/\/www.koupelnapro.com\/wp-content\/uploads\/2026\/SK0003746-CZ20260425-092420-0-1777080261-3194780_tikkurila-valtti-wood-oil-puuoljy-9l-3164.webp","type":"image\/webp"}],"twitter_card":"summary_large_image","twitter_misc":{"Odhadovan\u00e1 doba \u010dten\u00ed":"3 minuty"},"schema":{"@context":"https:\/\/schema.org","@graph":[{"@type":"WebPage","@id":"https:\/\/www.koupelnapro.com\/index.php\/produkt\/znackovy-tikkurila-valtti-wood-oil-puuoljy-9l-3164-span-class-product-appendix-darek-k-objednavce-nad-1000kc-span-30536\/","url":"https:\/\/www.koupelnapro.com\/index.php\/produkt\/znackovy-tikkurila-valtti-wood-oil-puuoljy-9l-3164-span-class-product-appendix-darek-k-objednavce-nad-1000kc-span-30536\/","name":"Zna\u010dkov\u00fd Tikkurila Valtti Wood Oil - PUU\u00d6LJY - 9L - 3164 + d\u00e1rek k objedn\u00e1vce nad 1000K\u010d -","isPartOf":{"@id":"https:\/\/www.koupelnapro.com\/#website"},"primaryImageOfPage":{"@id":"https:\/\/www.koupelnapro.com\/index.php\/produkt\/znackovy-tikkurila-valtti-wood-oil-puuoljy-9l-3164-span-class-product-appendix-darek-k-objednavce-nad-1000kc-span-30536\/#primaryimage"},"image":{"@id":"https:\/\/www.koupelnapro.com\/index.php\/produkt\/znackovy-tikkurila-valtti-wood-oil-puuoljy-9l-3164-span-class-product-appendix-darek-k-objednavce-nad-1000kc-span-30536\/#primaryimage"},"thumbnailUrl":"https:\/\/www.koupelnapro.com\/wp-content\/uploads\/2026\/SK0003746-CZ20260425-092420-0-1777080261-3194780_tikkurila-valtti-wood-oil-puuoljy-9l-3164.webp","datePublished":"2026-04-26T09:15:07+00:00","breadcrumb":{"@id":"https:\/\/www.koupelnapro.com\/index.php\/produkt\/znackovy-tikkurila-valtti-wood-oil-puuoljy-9l-3164-span-class-product-appendix-darek-k-objednavce-nad-1000kc-span-30536\/#breadcrumb"},"inLanguage":"cs","potentialAction":[{"@type":"ReadAction","target":["https:\/\/www.koupelnapro.com\/index.php\/produkt\/znackovy-tikkurila-valtti-wood-oil-puuoljy-9l-3164-span-class-product-appendix-darek-k-objednavce-nad-1000kc-span-30536\/"]}]},{"@type":"ImageObject","inLanguage":"cs","@id":"https:\/\/www.koupelnapro.com\/index.php\/produkt\/znackovy-tikkurila-valtti-wood-oil-puuoljy-9l-3164-span-class-product-appendix-darek-k-objednavce-nad-1000kc-span-30536\/#primaryimage","url":"https:\/\/www.koupelnapro.com\/wp-content\/uploads\/2026\/SK0003746-CZ20260425-092420-0-1777080261-3194780_tikkurila-valtti-wood-oil-puuoljy-9l-3164.webp","contentUrl":"https:\/\/www.koupelnapro.com\/wp-content\/uploads\/2026\/SK0003746-CZ20260425-092420-0-1777080261-3194780_tikkurila-valtti-wood-oil-puuoljy-9l-3164.webp","width":1000,"height":750},{"@type":"BreadcrumbList","@id":"https:\/\/www.koupelnapro.com\/index.php\/produkt\/znackovy-tikkurila-valtti-wood-oil-puuoljy-9l-3164-span-class-product-appendix-darek-k-objednavce-nad-1000kc-span-30536\/#breadcrumb","itemListElement":[{"@type":"ListItem","position":1,"name":"Home","item":"https:\/\/www.koupelnapro.com\/"},{"@type":"ListItem","position":2,"name":"Products","item":"https:\/\/www.koupelnapro.com\/index.php\/products\/"},{"@type":"ListItem","position":3,"name":"Zna\u010dkov\u00fd Tikkurila Valtti Wood Oil &#8211; PUU\u00d6LJY &#8211; 9L &#8211; 3164 + d\u00e1rek k objedn\u00e1vce nad 1000K\u010d"}]},{"@type":"WebSite","@id":"https:\/\/www.koupelnapro.com\/#website","url":"https:\/\/www.koupelnapro.com\/","name":"","description":"","potentialAction":[{"@type":"SearchAction","target":{"@type":"EntryPoint","urlTemplate":"https:\/\/www.koupelnapro.com\/?s={search_term_string}"},"query-input":{"@type":"PropertyValueSpecification","valueRequired":true,"valueName":"search_term_string"}}],"inLanguage":"cs"}]}},"_links":{"self":[{"href":"https:\/\/www.koupelnapro.com\/index.php\/wp-json\/wp\/v2\/product\/30536","targetHints":{"allow":["GET"]}}],"collection":[{"href":"https:\/\/www.koupelnapro.com\/index.php\/wp-json\/wp\/v2\/product"}],"about":[{"href":"https:\/\/www.koupelnapro.com\/index.php\/wp-json\/wp\/v2\/types\/product"}],"replies":[{"embeddable":true,"href":"https:\/\/www.koupelnapro.com\/index.php\/wp-json\/wp\/v2\/comments?post=30536"}],"wp:featuredmedia":[{"embeddable":true,"href":"https:\/\/www.koupelnapro.com\/index.php\/wp-json\/wp\/v2\/media\/30636"}],"wp:attachment":[{"href":"https:\/\/www.koupelnapro.com\/index.php\/wp-json\/wp\/v2\/media?parent=30536"}],"wp:term":[{"taxonomy":"product_brand","embeddable":true,"href":"https:\/\/www.koupelnapro.com\/index.php\/wp-json\/wp\/v2\/product_brand?post=30536"},{"taxonomy":"product_cat","embeddable":true,"href":"https:\/\/www.koupelnapro.com\/index.php\/wp-json\/wp\/v2\/product_cat?post=30536"},{"taxonomy":"product_tag","embeddable":true,"href":"https:\/\/www.koupelnapro.com\/index.php\/wp-json\/wp\/v2\/product_tag?post=30536"}],"curies":[{"name":"wp","href":"https:\/\/api.w.org\/{rel}","templated":true}]}}