{"id":30300,"date":"2026-04-26T09:15:06","date_gmt":"2026-04-26T09:15:06","guid":{"rendered":""},"modified":"2026-04-26T09:15:06","modified_gmt":"2026-04-26T09:15:06","slug":"znackovy-tikkurila-valtti-complete-9l-5081-kaste-span-class-product-appendix-darek-k-objednavce-nad-1000kc-span-30300","status":"publish","type":"product","link":"https:\/\/www.koupelnapro.com\/index.php\/produkt\/znackovy-tikkurila-valtti-complete-9l-5081-kaste-span-class-product-appendix-darek-k-objednavce-nad-1000kc-span-30300\/","title":{"rendered":"Zna\u010dkov\u00fd Tikkurila Valtti Complete &#8211; 9L &#8211; 5081\/kaste <span class=\"product-appendix\"> + d\u00e1rek k objedn\u00e1vce nad 1000K\u010d<\/span>"},"content":{"rendered":"<div class=\"basic-description\">\n<h3>Detailn\u00ed popis produktu<\/h3>\n<p><span style=\"font-size: 12pt;\"><strong>Tikkurila Valtti Complete &#8211; 9L &#8211; 5081\/kaste<\/strong><\/span><\/p>\n<p style=\"text-align: justify;\"><span style=\"font-size: 12pt;\">Jedn\u00e1 se o velice <strong>odolnou matnou dekorativn\u00ed<\/strong> ochranu na d\u0159evo. Tento <strong>ochrann\u00fd prost\u0159edek<\/strong> slou\u017e\u00ed p\u0159edev\u0161\u00edm <strong>k&nbsp;nat\u00edr\u00e1n\u00ed d\u0159eva v&nbsp;exteri\u00e9ru<\/strong>. Je zalo\u017een na b\u00e1zi inovativn\u00ed technologie <strong>Triple Resin System<\/strong>, co\u017e je syst\u00e9m s&nbsp;obsahem t\u0159\u00ed prysky\u0159ic s&nbsp;r\u016fznou funk\u010dnost\u00ed, kter\u00e9 zaru\u010duj\u00ed<strong> vysokou odolnost<\/strong> a ochranu <strong>nat\u00edran\u00e9ho povrchu<\/strong>.<\/span><\/p>\n<p style=\"text-align: justify;\"><span style=\"font-size: 12pt;\">Povrch bude s&nbsp;t\u00edmto prost\u0159edkem chr\u00e1n\u011bn p\u0159ed<strong> UV z\u00e1\u0159en\u00edm a pl\u00edsn\u00edm<\/strong>. Rovn\u011b\u017e nesm\u00edme zapomenout na ochranu <strong>v\u016f\u010di vlhkosti, prask\u00e1n\u00ed a odlupov\u00e1n\u00ed<\/strong>. Zv\u00fd\u0161en\u00e1 odolnost je tak\u00e9 v\u016f\u010di <strong>ot\u011bru a po\u0161kr\u00e1b\u00e1n\u00ed<\/strong> a to hlavn\u011b d\u00edky obsahu vosku.<\/span><\/p>\n<p><span style=\"font-size: 12pt;\"><strong>&nbsp;<\/strong><\/span><\/p>\n<p><span style=\"font-size: 12pt;\"><strong>V\u00fdhody Tikkurila VALLTI COMPLETE:<\/strong><\/span><\/p>\n<ul>\n<li><span style=\"font-size: 12pt;\">Ochrana p\u0159ed UV z\u00e1\u0159en\u00edm<\/span><span style=\"font-size: 12pt;\"><\/span><\/li>\n<li><span style=\"font-size: 12pt;\">Odolnost v\u016f\u010di vlhkosti, prask\u00e1n\u00ed a odlupov\u00e1n\u00ed<\/span><\/li>\n<li><span style=\"font-size: 12pt;\">Odolnost v\u016f\u010di ot\u011bru a po\u0161kr\u00e1b\u00e1n\u00ed<\/span><\/li>\n<\/ul>\n<p><span style=\"font-size: 12pt;\"><strong>&nbsp;<\/strong><\/span><\/p>\n<p><span style=\"font-size: 12pt;\"><strong>Vhodn\u00fd pro Tikkurila VALTTI COMPLETE:<\/strong><\/span><\/p>\n<ul>\n<li><span style=\"font-size: 12pt;\">Ploty<\/span><\/li>\n<li><span style=\"font-size: 12pt;\">Okna<\/span><\/li>\n<li><span style=\"font-size: 12pt;\">Dve\u0159e<\/span><\/li>\n<li><span style=\"font-size: 12pt;\"><span class=\"show-tooltip\" title=\"D\u0159evo z&amp;nbsp;Ak\u00e1tu je vhodn\u00e9 na d\u0159ev\u011bn\u00fd n\u00e1bytek a p\u00edskovi\u0161t\u011b. D\u0159evina stejn\u00e9 kategorie jako dub-trvanliv\u00e1 d\u0159evina pro exteri\u00e9r. Obsahuje velk\u00e9 mno\u017estv\u00ed kyseliny t\u0159\u00edslov\u00e9. V&amp;nbsp;exteri\u00e9ru se nedoporu\u010duje impregnovat p\u0159i pou\u017eit\u00ed olejov\u00e9ho n\u00e1t\u011bru.&amp;hellip;\">Zahradn\u00ed n\u00e1bytek<\/span><\/span><\/li>\n<li><span style=\"font-size: 12pt;\">Alt\u00e1ny<\/span><\/li>\n<li><span style=\"font-size: 12pt;\">D\u0159ev\u011bn\u00e9 povrchy<\/span><\/li>\n<li><span style=\"font-size: 12pt;\"><\/span><\/li>\n<\/ul>\n<p><span style=\"font-size: 12pt;\">Pro ochranu teras, schod\u016f nebo p\u00f3di\u00ed doporu\u010dujeme pou\u017e\u00edt olej <strong>WOOD OIL <\/strong>od Tikkurily.<\/span><\/p>\n<p><span style=\"font-size: 12pt;\">&nbsp;<\/span><\/p>\n<p style=\"text-align: center;\"><span style=\"font-size: 12pt;\"><strong>Pr\u00e1ci s&nbsp;t\u00edmto produktem zvl\u00e1dne ka\u017ed\u00fd \u0159emesln\u00edk a kutil<\/strong><\/span><\/p>\n<p style=\"text-align: center;\"><span style=\"font-size: 12pt;\">Povrch by m\u011bl b\u00fdt such\u00fd, \u010dist\u00fd, zbaven\u00fd v\u0161ech ne\u010distot a mastnoty.<\/span><\/p>\n<p style=\"text-align: center;\"><span style=\"font-size: 12pt;\">Vydatnost cca <strong>20m2\/L.<\/strong><\/span><\/p>\n<p style=\"text-align: center;\"><span style=\"font-size: 12pt;\">Doba <span class=\"show-tooltip\" title=\"Impregnov\u00e1n\u00ed, lazurov\u00e1n\u00ed a&amp;nbsp;lakov\u00e1n\u00ed mus\u00ed b\u00fdt prov\u00e1d\u011bno v\u017edy ve sm\u011bru vl\u00e1ken, aby aplikovan\u00e1 vrstva pat\u0159i\u010dn\u011b pronikla do hloubky d\u0159eva. D\u016fle\u017eit\u00e9 je tak\u00e9 d\u016fkladn\u00e9 p\u0159ekryt\u00ed hran a&amp;nbsp;vrcholk\u016f d\u0159ev\u011bn\u00fdch prvk\u016f (p\u0159\u00ed\u010dn\u00e9 \u0159ezy). P\u0159i n\u00e1t\u011bru oblo\u017een\u00ed,&amp;hellip;\">schnut\u00ed<\/span> pro dal\u0161\u00ed n\u00e1t\u011br je cca <strong>24 hodin.<\/strong><\/span><\/p>\n<p style=\"text-align: center;\"><span style=\"font-size: 12pt;\">Vrstva je <strong>such\u00e1 na dotek<\/strong> po n\u011bkolika hodin\u00e1ch.<\/span><\/p>\n<p style=\"text-align: center;\"><span style=\"font-size: 12pt;\">&nbsp;<\/span><\/p>\n<p><span style=\"font-size: 12pt;\"><strong>Pokud v\u00e1m z\u016fstane n\u00e1t\u011br jak jej skladovat ?<\/strong><\/span><\/p>\n<ul>\n<li><span style=\"font-size: 12pt;\">Skladujte v suchu v d\u016fkladn\u011b uzav\u0159en\u00e9m origin\u00e1ln\u00edm obalu a chra\u0148te p\u0159ed mrazem.&nbsp;<\/span><\/li>\n<li><span style=\"font-size: 12pt;\">Mal\u00fd zbytek nevyu\u017eit\u00e9ho prost\u0159edku p\u0159el\u00edt do men\u0161\u00ed n\u00e1doby, aby se zabr\u00e1nilo rosolovat\u011bn\u00ed.<\/span><br \/><span style=\"font-size: 12pt;\"> Kdy\u017e v\u00e1m barva zbyde, plechovku pe\u010dliv\u011b zav\u0159ete a oto\u010dte ji dnem vzh\u016fru, aby se zamezilo p\u0159\u00edsunu vzduchu. M\u016f\u017eete si ji tak bez starost\u00ed schovat na p\u0159\u00ed\u0161t\u00ed rok.<\/span><\/li>\n<\/ul>\n<p><span style=\"font-size: 12pt;\">&nbsp;<\/span><\/p>\n<p><span style=\"font-size: 12pt;\"><strong>Jak v\u00e1m zbo\u017e\u00ed p\u0159ijde zabalen\u00e9 ?<\/strong><\/span><\/p>\n<p><span style=\"font-size: 12pt;\">Zbo\u017e\u00ed pe\u010dliv\u011b bal\u00edme do speci\u00e1ln\u011b vyroben\u00fdch 3 vrstv\u00fdch kartonov\u00fdch krabic. Voln\u00fd prostor vypl\u0148ujeme kartonovou vlnou, cel\u00e9 balen\u00ed je jednodu\u0161e recyklovateln\u00e9.<\/span><\/p>\n<p><span style=\"font-size: 12pt;\">&nbsp;<\/span><\/p>\n<p><span style=\"font-size: 12pt;\"><strong>V\u011bt\u0161inu olej\u016f, lazur, barev a lak\u016f m\u00e1me skladem a odes\u00edl\u00e1me ihned<\/strong><\/span><\/p>\n<p><span style=\"font-size: 12pt;\"> Informace o jednotliv\u00fdch p\u0159epravn\u00edch&nbsp;spole\u010dnostech (DPD,PPL,Geis a \u010cesk\u00e1 Po\u0161ta) a odb\u011brov\u00fdch m\u00edstech jsou na str\u00e1nce&nbsp;P\u0159eprava.<\/span><\/p>\n<p><span style=\"font-size: 12pt;\">Vzhledem k tomu, \u017ee se jedn\u00e1 o zbo\u017e\u00ed, kter\u00e9 se m\u00edch\u00e1 na objedn\u00e1vku, nelze u tohoto zbo\u017e\u00ed uplatnit 14-ti denn\u00ed lh\u016ftu pro odstoupen\u00ed od kupn\u00ed smlouvy a n\u00e1sledn\u00e9 vr\u00e1cen\u00ed zbo\u017e\u00ed, proto\u017ee se k takov\u00e9muto zbo\u017e\u00ed 14 denn\u00ed lh\u016fta na vr\u00e1cen\u00ed zbo\u017e\u00ed nevztahuje.&nbsp;&nbsp;<\/span><\/p>\n<p>&nbsp;<\/p>\n<div class=\"main\" style=\"margin: 0px; padding: 0px; border: 0px; outline: 0px; font-size: 14px; vertical-align: baseline; font-family: Arial, serif; line-height: 14px; background-color: #ffffff;\"><span style=\"font-size: 14pt;\"><strong><\/strong><\/span><\/div>\n<\/p><\/div>\n","protected":false},"excerpt":{"rendered":"<p>Detailn\u00ed popis produktu Tikkurila Valtti Complete &#8211; 9L &#8211; 5081\/kaste Jedn\u00e1 se o velice odolnou matnou dekorativn\u00ed ochranu na d\u0159evo. Tento ochrann\u00fd prost\u0159edek slou\u017e\u00ed p\u0159edev\u0161\u00edm k&nbsp;nat\u00edr\u00e1n\u00ed d\u0159eva v&nbsp;exteri\u00e9ru. Je zalo\u017een na b\u00e1zi inovativn\u00ed technologie Triple Resin System, co\u017e je syst\u00e9m s&nbsp;obsahem t\u0159\u00ed prysky\u0159ic s&nbsp;r\u016fznou funk\u010dnost\u00ed, kter\u00e9 zaru\u010duj\u00ed vysokou odolnost a ochranu nat\u00edran\u00e9ho povrchu. Povrch bude [&hellip;]<\/p>\n","protected":false},"featured_media":30400,"comment_status":"open","ping_status":"open","template":"","meta":[],"product_brand":[],"product_cat":[110],"product_tag":[],"class_list":{"0":"post-30300","1":"product","2":"type-product","3":"status-publish","4":"has-post-thumbnail","6":"product_cat-vyrobci","8":"first","9":"instock","10":"sale","11":"shipping-taxable","12":"purchasable","13":"product-type-simple"},"yoast_head":"<!-- This site is optimized with the Yoast SEO plugin v26.8 - https:\/\/yoast.com\/product\/yoast-seo-wordpress\/ -->\n<title>Zna\u010dkov\u00fd Tikkurila Valtti Complete - 9L - 5081\/kaste  + d\u00e1rek k objedn\u00e1vce nad 1000K\u010d -<\/title>\n<meta name=\"robots\" content=\"index, follow, max-snippet:-1, max-image-preview:large, max-video-preview:-1\" \/>\n<link rel=\"canonical\" href=\"https:\/\/www.koupelnapro.com\/index.php\/produkt\/znackovy-tikkurila-valtti-complete-9l-5081-kaste-span-class-product-appendix-darek-k-objednavce-nad-1000kc-span-30300\/\" \/>\n<meta property=\"og:locale\" content=\"cs_CZ\" \/>\n<meta property=\"og:type\" content=\"article\" \/>\n<meta property=\"og:title\" content=\"Zna\u010dkov\u00fd Tikkurila Valtti Complete - 9L - 5081\/kaste  + d\u00e1rek k objedn\u00e1vce nad 1000K\u010d -\" \/>\n<meta property=\"og:description\" content=\"Detailn\u00ed popis produktu Tikkurila Valtti Complete &#8211; 9L &#8211; 5081\/kaste Jedn\u00e1 se o velice odolnou matnou dekorativn\u00ed ochranu na d\u0159evo. Tento ochrann\u00fd prost\u0159edek slou\u017e\u00ed p\u0159edev\u0161\u00edm k&nbsp;nat\u00edr\u00e1n\u00ed d\u0159eva v&nbsp;exteri\u00e9ru. Je zalo\u017een na b\u00e1zi inovativn\u00ed technologie Triple Resin System, co\u017e je syst\u00e9m s&nbsp;obsahem t\u0159\u00ed prysky\u0159ic s&nbsp;r\u016fznou funk\u010dnost\u00ed, kter\u00e9 zaru\u010duj\u00ed vysokou odolnost a ochranu nat\u00edran\u00e9ho povrchu. Povrch bude [&hellip;]\" \/>\n<meta property=\"og:url\" content=\"https:\/\/www.koupelnapro.com\/index.php\/produkt\/znackovy-tikkurila-valtti-complete-9l-5081-kaste-span-class-product-appendix-darek-k-objednavce-nad-1000kc-span-30300\/\" \/>\n<meta property=\"og:image\" content=\"https:\/\/www.koupelnapro.com\/wp-content\/uploads\/2026\/SK0003610-CZ20260425-092420-0-1777080261-3194354_tikkurila-valtti-complete-9l-5081-kaste.webp\" \/>\n\t<meta property=\"og:image:width\" content=\"1000\" \/>\n\t<meta property=\"og:image:height\" content=\"750\" \/>\n\t<meta property=\"og:image:type\" content=\"image\/webp\" \/>\n<meta name=\"twitter:card\" content=\"summary_large_image\" \/>\n<meta name=\"twitter:label1\" content=\"Odhadovan\u00e1 doba \u010dten\u00ed\" \/>\n\t<meta name=\"twitter:data1\" content=\"2 minuty\" \/>\n<script type=\"application\/ld+json\" class=\"yoast-schema-graph\">{\"@context\":\"https:\/\/schema.org\",\"@graph\":[{\"@type\":\"WebPage\",\"@id\":\"https:\/\/www.koupelnapro.com\/index.php\/produkt\/znackovy-tikkurila-valtti-complete-9l-5081-kaste-span-class-product-appendix-darek-k-objednavce-nad-1000kc-span-30300\/\",\"url\":\"https:\/\/www.koupelnapro.com\/index.php\/produkt\/znackovy-tikkurila-valtti-complete-9l-5081-kaste-span-class-product-appendix-darek-k-objednavce-nad-1000kc-span-30300\/\",\"name\":\"Zna\u010dkov\u00fd Tikkurila Valtti Complete - 9L - 5081\/kaste + d\u00e1rek k objedn\u00e1vce nad 1000K\u010d -\",\"isPartOf\":{\"@id\":\"https:\/\/www.koupelnapro.com\/#website\"},\"primaryImageOfPage\":{\"@id\":\"https:\/\/www.koupelnapro.com\/index.php\/produkt\/znackovy-tikkurila-valtti-complete-9l-5081-kaste-span-class-product-appendix-darek-k-objednavce-nad-1000kc-span-30300\/#primaryimage\"},\"image\":{\"@id\":\"https:\/\/www.koupelnapro.com\/index.php\/produkt\/znackovy-tikkurila-valtti-complete-9l-5081-kaste-span-class-product-appendix-darek-k-objednavce-nad-1000kc-span-30300\/#primaryimage\"},\"thumbnailUrl\":\"https:\/\/www.koupelnapro.com\/wp-content\/uploads\/2026\/SK0003610-CZ20260425-092420-0-1777080261-3194354_tikkurila-valtti-complete-9l-5081-kaste.webp\",\"datePublished\":\"2026-04-26T09:15:06+00:00\",\"breadcrumb\":{\"@id\":\"https:\/\/www.koupelnapro.com\/index.php\/produkt\/znackovy-tikkurila-valtti-complete-9l-5081-kaste-span-class-product-appendix-darek-k-objednavce-nad-1000kc-span-30300\/#breadcrumb\"},\"inLanguage\":\"cs\",\"potentialAction\":[{\"@type\":\"ReadAction\",\"target\":[\"https:\/\/www.koupelnapro.com\/index.php\/produkt\/znackovy-tikkurila-valtti-complete-9l-5081-kaste-span-class-product-appendix-darek-k-objednavce-nad-1000kc-span-30300\/\"]}]},{\"@type\":\"ImageObject\",\"inLanguage\":\"cs\",\"@id\":\"https:\/\/www.koupelnapro.com\/index.php\/produkt\/znackovy-tikkurila-valtti-complete-9l-5081-kaste-span-class-product-appendix-darek-k-objednavce-nad-1000kc-span-30300\/#primaryimage\",\"url\":\"https:\/\/www.koupelnapro.com\/wp-content\/uploads\/2026\/SK0003610-CZ20260425-092420-0-1777080261-3194354_tikkurila-valtti-complete-9l-5081-kaste.webp\",\"contentUrl\":\"https:\/\/www.koupelnapro.com\/wp-content\/uploads\/2026\/SK0003610-CZ20260425-092420-0-1777080261-3194354_tikkurila-valtti-complete-9l-5081-kaste.webp\",\"width\":1000,\"height\":750},{\"@type\":\"BreadcrumbList\",\"@id\":\"https:\/\/www.koupelnapro.com\/index.php\/produkt\/znackovy-tikkurila-valtti-complete-9l-5081-kaste-span-class-product-appendix-darek-k-objednavce-nad-1000kc-span-30300\/#breadcrumb\",\"itemListElement\":[{\"@type\":\"ListItem\",\"position\":1,\"name\":\"Home\",\"item\":\"https:\/\/www.koupelnapro.com\/\"},{\"@type\":\"ListItem\",\"position\":2,\"name\":\"Products\",\"item\":\"https:\/\/www.koupelnapro.com\/index.php\/products\/\"},{\"@type\":\"ListItem\",\"position\":3,\"name\":\"Zna\u010dkov\u00fd Tikkurila Valtti Complete &#8211; 9L &#8211; 5081\/kaste + d\u00e1rek k objedn\u00e1vce nad 1000K\u010d\"}]},{\"@type\":\"WebSite\",\"@id\":\"https:\/\/www.koupelnapro.com\/#website\",\"url\":\"https:\/\/www.koupelnapro.com\/\",\"name\":\"\",\"description\":\"\",\"potentialAction\":[{\"@type\":\"SearchAction\",\"target\":{\"@type\":\"EntryPoint\",\"urlTemplate\":\"https:\/\/www.koupelnapro.com\/?s={search_term_string}\"},\"query-input\":{\"@type\":\"PropertyValueSpecification\",\"valueRequired\":true,\"valueName\":\"search_term_string\"}}],\"inLanguage\":\"cs\"}]}<\/script>\n<!-- \/ Yoast SEO plugin. -->","yoast_head_json":{"title":"Zna\u010dkov\u00fd Tikkurila Valtti Complete - 9L - 5081\/kaste  + d\u00e1rek k objedn\u00e1vce nad 1000K\u010d -","robots":{"index":"index","follow":"follow","max-snippet":"max-snippet:-1","max-image-preview":"max-image-preview:large","max-video-preview":"max-video-preview:-1"},"canonical":"https:\/\/www.koupelnapro.com\/index.php\/produkt\/znackovy-tikkurila-valtti-complete-9l-5081-kaste-span-class-product-appendix-darek-k-objednavce-nad-1000kc-span-30300\/","og_locale":"cs_CZ","og_type":"article","og_title":"Zna\u010dkov\u00fd Tikkurila Valtti Complete - 9L - 5081\/kaste  + d\u00e1rek k objedn\u00e1vce nad 1000K\u010d -","og_description":"Detailn\u00ed popis produktu Tikkurila Valtti Complete &#8211; 9L &#8211; 5081\/kaste Jedn\u00e1 se o velice odolnou matnou dekorativn\u00ed ochranu na d\u0159evo. Tento ochrann\u00fd prost\u0159edek slou\u017e\u00ed p\u0159edev\u0161\u00edm k&nbsp;nat\u00edr\u00e1n\u00ed d\u0159eva v&nbsp;exteri\u00e9ru. Je zalo\u017een na b\u00e1zi inovativn\u00ed technologie Triple Resin System, co\u017e je syst\u00e9m s&nbsp;obsahem t\u0159\u00ed prysky\u0159ic s&nbsp;r\u016fznou funk\u010dnost\u00ed, kter\u00e9 zaru\u010duj\u00ed vysokou odolnost a ochranu nat\u00edran\u00e9ho povrchu. Povrch bude [&hellip;]","og_url":"https:\/\/www.koupelnapro.com\/index.php\/produkt\/znackovy-tikkurila-valtti-complete-9l-5081-kaste-span-class-product-appendix-darek-k-objednavce-nad-1000kc-span-30300\/","og_image":[{"width":1000,"height":750,"url":"https:\/\/www.koupelnapro.com\/wp-content\/uploads\/2026\/SK0003610-CZ20260425-092420-0-1777080261-3194354_tikkurila-valtti-complete-9l-5081-kaste.webp","type":"image\/webp"}],"twitter_card":"summary_large_image","twitter_misc":{"Odhadovan\u00e1 doba \u010dten\u00ed":"2 minuty"},"schema":{"@context":"https:\/\/schema.org","@graph":[{"@type":"WebPage","@id":"https:\/\/www.koupelnapro.com\/index.php\/produkt\/znackovy-tikkurila-valtti-complete-9l-5081-kaste-span-class-product-appendix-darek-k-objednavce-nad-1000kc-span-30300\/","url":"https:\/\/www.koupelnapro.com\/index.php\/produkt\/znackovy-tikkurila-valtti-complete-9l-5081-kaste-span-class-product-appendix-darek-k-objednavce-nad-1000kc-span-30300\/","name":"Zna\u010dkov\u00fd Tikkurila Valtti Complete - 9L - 5081\/kaste + d\u00e1rek k objedn\u00e1vce nad 1000K\u010d -","isPartOf":{"@id":"https:\/\/www.koupelnapro.com\/#website"},"primaryImageOfPage":{"@id":"https:\/\/www.koupelnapro.com\/index.php\/produkt\/znackovy-tikkurila-valtti-complete-9l-5081-kaste-span-class-product-appendix-darek-k-objednavce-nad-1000kc-span-30300\/#primaryimage"},"image":{"@id":"https:\/\/www.koupelnapro.com\/index.php\/produkt\/znackovy-tikkurila-valtti-complete-9l-5081-kaste-span-class-product-appendix-darek-k-objednavce-nad-1000kc-span-30300\/#primaryimage"},"thumbnailUrl":"https:\/\/www.koupelnapro.com\/wp-content\/uploads\/2026\/SK0003610-CZ20260425-092420-0-1777080261-3194354_tikkurila-valtti-complete-9l-5081-kaste.webp","datePublished":"2026-04-26T09:15:06+00:00","breadcrumb":{"@id":"https:\/\/www.koupelnapro.com\/index.php\/produkt\/znackovy-tikkurila-valtti-complete-9l-5081-kaste-span-class-product-appendix-darek-k-objednavce-nad-1000kc-span-30300\/#breadcrumb"},"inLanguage":"cs","potentialAction":[{"@type":"ReadAction","target":["https:\/\/www.koupelnapro.com\/index.php\/produkt\/znackovy-tikkurila-valtti-complete-9l-5081-kaste-span-class-product-appendix-darek-k-objednavce-nad-1000kc-span-30300\/"]}]},{"@type":"ImageObject","inLanguage":"cs","@id":"https:\/\/www.koupelnapro.com\/index.php\/produkt\/znackovy-tikkurila-valtti-complete-9l-5081-kaste-span-class-product-appendix-darek-k-objednavce-nad-1000kc-span-30300\/#primaryimage","url":"https:\/\/www.koupelnapro.com\/wp-content\/uploads\/2026\/SK0003610-CZ20260425-092420-0-1777080261-3194354_tikkurila-valtti-complete-9l-5081-kaste.webp","contentUrl":"https:\/\/www.koupelnapro.com\/wp-content\/uploads\/2026\/SK0003610-CZ20260425-092420-0-1777080261-3194354_tikkurila-valtti-complete-9l-5081-kaste.webp","width":1000,"height":750},{"@type":"BreadcrumbList","@id":"https:\/\/www.koupelnapro.com\/index.php\/produkt\/znackovy-tikkurila-valtti-complete-9l-5081-kaste-span-class-product-appendix-darek-k-objednavce-nad-1000kc-span-30300\/#breadcrumb","itemListElement":[{"@type":"ListItem","position":1,"name":"Home","item":"https:\/\/www.koupelnapro.com\/"},{"@type":"ListItem","position":2,"name":"Products","item":"https:\/\/www.koupelnapro.com\/index.php\/products\/"},{"@type":"ListItem","position":3,"name":"Zna\u010dkov\u00fd Tikkurila Valtti Complete &#8211; 9L &#8211; 5081\/kaste + d\u00e1rek k objedn\u00e1vce nad 1000K\u010d"}]},{"@type":"WebSite","@id":"https:\/\/www.koupelnapro.com\/#website","url":"https:\/\/www.koupelnapro.com\/","name":"","description":"","potentialAction":[{"@type":"SearchAction","target":{"@type":"EntryPoint","urlTemplate":"https:\/\/www.koupelnapro.com\/?s={search_term_string}"},"query-input":{"@type":"PropertyValueSpecification","valueRequired":true,"valueName":"search_term_string"}}],"inLanguage":"cs"}]}},"_links":{"self":[{"href":"https:\/\/www.koupelnapro.com\/index.php\/wp-json\/wp\/v2\/product\/30300","targetHints":{"allow":["GET"]}}],"collection":[{"href":"https:\/\/www.koupelnapro.com\/index.php\/wp-json\/wp\/v2\/product"}],"about":[{"href":"https:\/\/www.koupelnapro.com\/index.php\/wp-json\/wp\/v2\/types\/product"}],"replies":[{"embeddable":true,"href":"https:\/\/www.koupelnapro.com\/index.php\/wp-json\/wp\/v2\/comments?post=30300"}],"wp:featuredmedia":[{"embeddable":true,"href":"https:\/\/www.koupelnapro.com\/index.php\/wp-json\/wp\/v2\/media\/30400"}],"wp:attachment":[{"href":"https:\/\/www.koupelnapro.com\/index.php\/wp-json\/wp\/v2\/media?parent=30300"}],"wp:term":[{"taxonomy":"product_brand","embeddable":true,"href":"https:\/\/www.koupelnapro.com\/index.php\/wp-json\/wp\/v2\/product_brand?post=30300"},{"taxonomy":"product_cat","embeddable":true,"href":"https:\/\/www.koupelnapro.com\/index.php\/wp-json\/wp\/v2\/product_cat?post=30300"},{"taxonomy":"product_tag","embeddable":true,"href":"https:\/\/www.koupelnapro.com\/index.php\/wp-json\/wp\/v2\/product_tag?post=30300"}],"curies":[{"name":"wp","href":"https:\/\/api.w.org\/{rel}","templated":true}]}}