{"id":29316,"date":"2026-04-26T09:15:01","date_gmt":"2026-04-26T09:15:01","guid":{"rendered":""},"modified":"2026-04-26T09:15:01","modified_gmt":"2026-04-26T09:15:01","slug":"znackovy-osmo-jednorazova-lazura-hs-plus-0-125l-9264-palisandr-29316","status":"publish","type":"product","link":"https:\/\/www.koupelnapro.com\/index.php\/produkt\/znackovy-osmo-jednorazova-lazura-hs-plus-0-125l-9264-palisandr-29316\/","title":{"rendered":"Zna\u010dkov\u00fd Osmo Jednor\u00e1zov\u00e1 lazura HS Plus 0,125L 9264 palisandr"},"content":{"rendered":"<div class=\"basic-description\">\n<h3>Detailn\u00ed popis produktu<\/h3>\n<p><span style=\"font-size: 12pt;\"><strong><span class=\"show-tooltip\" title=\"OSMO jsou n\u00e1t\u011bry na d\u0159evo, kter\u00e9 prov\u011b\u0159il \u010das, zku\u0161enost a moudrost.Jsou vyrobeny na b\u00e1zi p\u0159\u00edrodn\u00edch olej\u016f a vosk\u016f. Chr\u00e1n\u00ed d\u0159evo zevnit\u0159 i z vn\u011bj\u0161ku, nevytv\u00e1\u0159\u00ed film ale vytvo\u0159\u00ed ochrann\u00fd povrch s otev\u0159en\u00fdmi p\u00f3ry, d\u00edky kter\u00e9mu m\u016f\u017ee d\u0159evo d\u00fdchat.&amp;hellip;\">Osmo<\/span> Jednor\u00e1zov\u00e1 lazura HS Plus 0,125L 9264 palisandr<\/strong><\/span><\/p>\n<p style=\"text-align: justify;\"><span style=\"font-size: 12pt;\">Jedn\u00e1 se o <strong>dekorativn\u00ed hedv\u00e1bn\u011b matn\u00fd n\u00e1t\u011br<\/strong> na b\u00e1zi p\u0159\u00edrodn\u00edch olej\u016f pro pou\u017eit\u00ed v <strong>exteri\u00e9ru<\/strong>. D\u00edky jeho<strong> mikrop\u00f3r\u00e9zn\u00edm vlastnostem<\/strong> n\u00e1t\u011br umo\u017e\u0148uje d\u0159evu <strong>d\u00fdchat, omezuje bobtn\u00e1n\u00ed a sesych\u00e1n\u00ed d\u0159eva<\/strong>. Lazura je odoln\u00e1 <strong>vod\u011b, UV z\u00e1\u0159en\u00ed a jin\u00fdm pov\u011btrnostn\u00edm podm\u00ednk\u00e1m<\/strong>. P\u0159ed pou\u017eit\u00edm t\u00e9to <span class=\"show-tooltip\" title=\"Tenkovrstv\u00e1 lazura nezanech\u00e1v\u00e1 na povrchu d\u0159eva film. Zv\u00fdraz\u0148uje jeho strukturu a&amp;nbsp;kresbu letokruh\u016f. Silnovrstv\u00e1 lazura oproti tenkovrstv\u00e9 lazu\u0159e vytv\u00e1\u0159\u00ed na povrchu film v&amp;nbsp;z\u00e1vislosti na pod\u00edlu pevn\u00fdch \u010d\u00e1stic v&amp;nbsp;n\u00ed obsa\u017een\u00fdch. St\u00e1le v\u0161ak&amp;hellip;\">lazury<\/span> <strong>nen\u00ed nutn\u00e9 d\u0159ev\u011bn\u00fd povrch brousit<\/strong> ani nan\u00e1\u0161et podkladov\u00fd n\u00e1t\u011br. Sta\u010d\u00ed jednodu\u0161e nat\u0159\u00edt.\u00a0<\/span><\/p>\n<p style=\"text-align: justify;\"><span style=\"font-size: 12pt;\">OSMO Jednor\u00e1zov\u00e1 lazura HS Plus obsahuje mal\u00e9 mno\u017estv\u00ed rozpou\u0161t\u011bdel, neobsahuje biocidn\u00ed \u00fa\u010dinn\u00e9 l\u00e1tky a konzerva\u010dn\u00ed \u010dinidla. Lazura v\u0161ak obsahuje vysok\u00fd pod\u00edl su\u0161iny a d\u00edky tomu je lazura velmi <strong>vydatn\u00e1 ( 1L\/26m2).\u00a0<\/strong>P\u0159i pou\u017eit\u00ed t\u00e9to lazury sta\u010d\u00ed pro optim\u00e1ln\u00ed ochranu povrch\u016f jeden n\u00e1t\u011br ve velmi tenk\u00e9 vrstv\u011b.\u00a0<\/span><\/p>\n<p style=\"text-align: justify;\"><span style=\"font-size: 12pt;\">N\u00e1t\u011br spl\u0148uje po\u017eadavky podle normy <strong>DIN 53160<\/strong> (odolnost v\u016f\u010di potu a slin\u00e1m) a <strong>EN 71.3<\/strong> vhodn\u00fd i pro d\u011btsk\u00e9 hra\u010dky. Je tedy ne\u0161kodn\u00fd pro lidi, zv\u00ed\u0159ata i rostliny.\u00a0<\/span><\/p>\n<p>\u00a0<\/p>\n<p><span style=\"font-size: 12pt;\"><strong>V\u00fdhody n\u00e1t\u011bru\u00a0Osmo Jednor\u00e1zov\u00e1 lazura HS Plus:<\/strong><\/span><\/p>\n<ul>\n<li><span style=\"font-size: 12pt;\">Nevytv\u00e1\u0159\u00ed \u0161upinky, neodlupuje se a neprask\u00e1<\/span><\/li>\n<li><span style=\"font-size: 12pt;\">Velmi \u00fasporn\u00fd, d\u00edky vysok\u00e9mu pod\u00edlu oleje<\/span><\/li>\n<li><span style=\"font-size: 12pt;\">N\u00e1t\u011br je velice trvanliv\u00fd, odoln\u00fd UV z\u00e1\u0159en\u00ed a pov\u011btrnostn\u00edm podm\u00ednk\u00e1m<\/span><\/li>\n<\/ul>\n<p><span style=\"font-size: 12pt;\">\u00a0<\/span><\/p>\n<p><span style=\"font-size: 12pt;\"><strong>Lazuru pou\u017eijte\u00a0 na ve\u0161ker\u00e9 d\u0159ev\u011bn\u00e9 objekty a plochy v exteri\u00e9ru:<\/strong><\/span><\/p>\n<ul>\n<li><span style=\"font-size: 12pt;\">d\u0159ev\u011bn\u00e9 fas\u00e1dy, ploty\u00a0<\/span><\/li>\n<li><span style=\"font-size: 12pt;\">dve\u0159e, okna, okenice<\/span><\/li>\n<li><span style=\"font-size: 12pt;\">pergoly, <span class=\"show-tooltip\" title=\"D\u0159evo z&amp;nbsp;Ak\u00e1tu je vhodn\u00e9 na d\u0159ev\u011bn\u00fd n\u00e1bytek a p\u00edskovi\u0161t\u011b. D\u0159evina stejn\u00e9 kategorie jako dub-trvanliv\u00e1 d\u0159evina pro exteri\u00e9r. Obsahuje velk\u00e9 mno\u017estv\u00ed kyseliny t\u0159\u00edslov\u00e9. V&amp;nbsp;exteri\u00e9ru se nedoporu\u010duje impregnovat p\u0159i pou\u017eit\u00ed olejov\u00e9ho n\u00e1t\u011bru.&amp;hellip;\">zahradn\u00ed n\u00e1bytek<\/span>, zahradn\u00ed domky<\/span><\/li>\n<\/ul>\n<p><span style=\"font-size: 12pt;\"><strong>Pr\u00e1ci s touto lazurou zvl\u00e1dne ka\u017ed\u00fd kutil a \u0159emesln\u00edk<\/strong><\/span><\/p>\n<p><span style=\"font-size: 12pt;\">Podklad\u00a0pro nat\u00edr\u00e1n\u00ed by m\u011bl m\u00edt\u00a0maxim\u00e1ln\u00ed vlhkost 20 %<\/span><br \/><span style=\"font-size: 12pt;\">Osmo\u00a0Jednor\u00e1zov\u00e1 lazura HS Plus je p\u0159ipravena k p\u0159\u00edm\u00e9mu pou\u017eit\u00ed, ji\u017e nen\u00ed pot\u0159eba \u0159edit.<\/span><br \/><span style=\"font-size: 12pt;\"> Povrch\u00a0d\u0159eva mus\u00ed b\u00fdt\u00a0such\u00fd,\u00a0\u010dist\u00fd\u00a0a\u00a0nesm\u00ed b\u00fdt vystaven mrazu.<\/span><br \/><span style=\"font-size: 12pt;\">Po\u017eadujete od d\u0159ev\u011bn\u00e9ho povrchu ochranu p\u0159ed modr\u00e1n\u00edm d\u0159eva, napaden\u00edm d\u0159evokazn\u00fdm hmyzem, hnilobou nebo pl\u00edsn\u00ed, pou\u017eijte Osmo IMPREGNACE WR.<\/span><br \/><span style=\"font-size: 12pt;\"> Star\u00e9 n\u00e1t\u011bry, lakov\u00e9 n\u00e1t\u011bry a barvy d\u016fkladn\u011b o\u010dist\u011bte.<\/span><br \/><span style=\"font-size: 12pt;\"> Povrchy d\u0159eva bruste brusn\u00fdm pap\u00edrem &#8211; maxim\u00e1lne zrnitost\u00ed P120 jemn\u011bj\u0161\u00ed zrnitost nen\u00ed \u017e\u00e1douc\u00ed.<\/span><\/p>\n<p><span style=\"font-size: 12pt;\">\u00a0<\/span><\/p>\n<p><span style=\"font-size: 12pt;\"><strong>Vyb\u00edrat m\u016f\u017eete z n\u011bkolika barevn\u00fdch odst\u00edn\u016f dle Va\u0161\u00ed libosti.\u00a0VZORN\u00cdK SI M\u016e\u017dETE OBJEDNAT nebo ZAP\u016eJ\u010cIT ZDE.\u00a0Viz. podm\u00ednky p\u016fj\u010den\u00ed vzorn\u00edku.<\/strong><\/span><\/p>\n<p><span style=\"font-size: 12pt;\">\u00a0<\/span><\/p>\n<p><span style=\"font-size: 12pt;\">Jestli\u017ee si chcete barvu tohoto protiskluzov\u00e9ho terasov\u00e9 oleje vyzkou\u0161et p\u0159\u00edmo na Va\u0161em druhu d\u0159eva, nab\u00edz\u00edme k zakoupen\u00ed i <strong>vzorov\u00e9 s\u00e1\u010dky<\/strong>.<\/span><\/p>\n<p><span style=\"font-size: 12pt;\"><\/span><br \/><span style=\"font-size: 12pt;\"><strong>Postup pr\u00e1ce:<\/strong><\/span><br \/><span style=\"font-size: 12pt;\"> *Hotov\u00fd povrch za 1 den, 1 n\u00e1t\u011br<\/span><\/p>\n<ol>\n<li><span style=\"font-size: 12pt;\">N\u00e1t\u011br naneste na surov\u00e9, brou\u0161en\u00e9 d\u0159evo cca 35ml\/m<sup>2<\/sup>;<\/span><\/li>\n<li><span style=\"font-size: 12pt;\">Chyby n\u00e1t\u011bru lze opravit a\u017e do 15 min po n\u00e1nosu v je\u0161t\u011b mokr\u00e9 plo\u0161e;<\/span><\/li>\n<li><span style=\"font-size: 12pt;\"><span class=\"show-tooltip\" title=\"Impregnov\u00e1n\u00ed, lazurov\u00e1n\u00ed a&amp;nbsp;lakov\u00e1n\u00ed mus\u00ed b\u00fdt prov\u00e1d\u011bno v\u017edy ve sm\u011bru vl\u00e1ken, aby aplikovan\u00e1 vrstva pat\u0159i\u010dn\u011b pronikla do hloubky d\u0159eva. D\u016fle\u017eit\u00e9 je tak\u00e9 d\u016fkladn\u00e9 p\u0159ekryt\u00ed hran a&amp;nbsp;vrcholk\u016f d\u0159ev\u011bn\u00fdch prvk\u016f (p\u0159\u00ed\u010dn\u00e9 \u0159ezy). P\u0159i n\u00e1t\u011bru oblo\u017een\u00ed,&amp;hellip;\">Schnut\u00ed<\/span> cca 12 hodin (p\u0159i norm\u00e1ln\u00edm klima cca 23\u00b0C\u00a0\/ relativn\u00ed vlhkost vzduchu cca 50%). P\u0159i ni\u017e\u0161\u00edch teplot\u00e1ch nebo vy\u0161\u0161\u00ed relativn\u00ed vlhkosti vzduchu se doba schnut\u00ed prodlu\u017euje. Nechte schnout p\u0159i dostate\u010dn\u00e9m v\u011btr\u00e1n\u00ed.<\/span><\/li>\n<li><span style=\"font-size: 12pt;\">Lazuru aplikujte\u00a0pomoc\u00ed\u00a0<strong>ploch\u00e9ho \u0161t\u011btce\u00a0<\/strong>nebo <strong>v\u00e1le\u010dku z mikrovl\u00e1ken<\/strong> tence\u00a0ve sm\u011bru vl\u00e1ken d\u0159eva\u00a0a rovnom\u011brn\u011b rozet\u0159ete.<\/span><\/li>\n<li><span style=\"font-size: 12pt;\">N\u00e1\u0159ad\u00ed pou\u017eit\u00e9 p\u0159i pr\u00e1ci ihned po skon\u010den\u00ed o\u010dist\u011bte\u00a0<strong>Osmo \u010disti\u010dem \u0161t\u011btc\u016f.<\/strong><\/span><\/li>\n<li><span style=\"font-size: 12pt;\">Vydatnost 26m2\/1L.<\/span><\/li>\n<\/ol>\n<p><span style=\"font-size: 12pt;\">\u00a0<\/span><\/p>\n<p><span style=\"font-size: 12pt;\"><strong>Pokud v\u00e1m z\u016fstane n\u00e1t\u011br jak jej skladovat ?<\/strong><\/span><\/p>\n<ul>\n<li><span style=\"font-size: 12pt;\">Skladujte v suchu v d\u016fkladn\u011b uzav\u0159en\u00e9m origin\u00e1ln\u00edm obalu a chra\u0148te p\u0159ed mrazem.<\/span><\/li>\n<\/ul>\n<p><span style=\"font-size: 12pt;\">Mal\u00fd zbytek nevyu\u017eit\u00e9ho prost\u0159edku p\u0159el\u00edt do men\u0161\u00ed n\u00e1doby, aby se zabr\u00e1nilo rosolovat\u011bn\u00ed.<\/span><br \/><span style=\"font-size: 12pt;\"> Kdy\u017e v\u00e1m barva zbyde, plechovku pe\u010dliv\u011b zav\u0159ete a oto\u010dte ji dnem vzh\u016fru, aby se zamezilo p\u0159\u00edsunu vzduchu. M\u016f\u017eete si ji tak bez starost\u00ed schovat na p\u0159\u00ed\u0161t\u00ed rok.<\/span><\/p>\n<p><span style=\"font-size: 12pt;\">N\u00e1\u0159ad\u00ed pou\u017eit\u00e9 p\u0159i pr\u00e1ci\u00a0ihned po skon\u010den\u00ed omyjte\u00a0\u010disti\u010dem na \u0161t\u011btc\u016f Osmo\u00a0<\/span><\/p>\n<p><span style=\"font-size: 12pt;\"><strong>Jak v\u00e1m zbo\u017e\u00ed p\u0159ijde zabalen\u00e9 ?<\/strong><\/span><\/p>\n<p><span style=\"font-size: 12pt;\">Zbo\u017e\u00ed pe\u010dliv\u011b bal\u00edme do speci\u00e1ln\u011b vyroben\u00fdch 3 vrstv\u00fdch kartonov\u00fdch krabic. Voln\u00fd prostor vypl\u0148ujeme kartonovou vlnou, cel\u00e9 balen\u00ed je jednodu\u0161e recyklovateln\u00e9.<\/span><\/p>\n<p><span style=\"font-size: 12pt;\"><\/span><\/p>\n<ul>\n<li><span style=\"font-size: 12pt;\">V\u011bt\u0161inu zbo\u017e\u00ed m\u00e1me skladem a odes\u00edl\u00e1me ihned po objedn\u00e1n\u00ed<\/span><\/li>\n<\/ul>\n<p><span style=\"font-size: 12pt;\">\u00a0<\/span><\/p>\n<p><span style=\"font-size: 12pt;\"><strong>V\u011bt\u0161inu olej\u016f, lazur, barev a lak\u016f m\u00e1me skladem a odes\u00edl\u00e1me ihned<\/strong><\/span><\/p>\n<p><span style=\"font-size: 12pt;\"> Informace o jednotliv\u00fdch p\u0159epravn\u00edch\u00a0spole\u010dnostech (DPD,PPL,Geis a \u010cesk\u00e1 Po\u0161ta) a odb\u011brov\u00fdch m\u00edstech jsou na str\u00e1nce\u00a0P\u0159eprava.<\/span><\/p>\n<p><span style=\"font-size: 14pt;\"><strong><\/strong><\/span><\/p>\n<\/p><\/div>\n","protected":false},"excerpt":{"rendered":"<p>Detailn\u00ed popis produktu Osmo Jednor\u00e1zov\u00e1 lazura HS Plus 0,125L 9264 palisandr Jedn\u00e1 se o dekorativn\u00ed hedv\u00e1bn\u011b matn\u00fd n\u00e1t\u011br na b\u00e1zi p\u0159\u00edrodn\u00edch olej\u016f pro pou\u017eit\u00ed v exteri\u00e9ru. D\u00edky jeho mikrop\u00f3r\u00e9zn\u00edm vlastnostem n\u00e1t\u011br umo\u017e\u0148uje d\u0159evu d\u00fdchat, omezuje bobtn\u00e1n\u00ed a sesych\u00e1n\u00ed d\u0159eva. Lazura je odoln\u00e1 vod\u011b, UV z\u00e1\u0159en\u00ed a jin\u00fdm pov\u011btrnostn\u00edm podm\u00ednk\u00e1m. P\u0159ed pou\u017eit\u00edm t\u00e9to lazury nen\u00ed nutn\u00e9 [&hellip;]<\/p>\n","protected":false},"featured_media":29416,"comment_status":"open","ping_status":"open","template":"","meta":[],"product_brand":[],"product_cat":[110],"product_tag":[],"class_list":{"0":"post-29316","1":"product","2":"type-product","3":"status-publish","4":"has-post-thumbnail","6":"product_cat-vyrobci","8":"first","9":"instock","10":"sale","11":"shipping-taxable","12":"purchasable","13":"product-type-simple"},"yoast_head":"<!-- This site is optimized with the Yoast SEO plugin v26.8 - https:\/\/yoast.com\/product\/yoast-seo-wordpress\/ -->\n<title>Zna\u010dkov\u00fd Osmo Jednor\u00e1zov\u00e1 lazura HS Plus 0,125L 9264 palisandr -<\/title>\n<meta name=\"robots\" content=\"index, follow, max-snippet:-1, max-image-preview:large, max-video-preview:-1\" \/>\n<link rel=\"canonical\" href=\"https:\/\/www.koupelnapro.com\/index.php\/produkt\/znackovy-osmo-jednorazova-lazura-hs-plus-0-125l-9264-palisandr-29316\/\" \/>\n<meta property=\"og:locale\" content=\"cs_CZ\" \/>\n<meta property=\"og:type\" content=\"article\" \/>\n<meta property=\"og:title\" content=\"Zna\u010dkov\u00fd Osmo Jednor\u00e1zov\u00e1 lazura HS Plus 0,125L 9264 palisandr -\" \/>\n<meta property=\"og:description\" content=\"Detailn\u00ed popis produktu Osmo Jednor\u00e1zov\u00e1 lazura HS Plus 0,125L 9264 palisandr Jedn\u00e1 se o dekorativn\u00ed hedv\u00e1bn\u011b matn\u00fd n\u00e1t\u011br na b\u00e1zi p\u0159\u00edrodn\u00edch olej\u016f pro pou\u017eit\u00ed v exteri\u00e9ru. D\u00edky jeho mikrop\u00f3r\u00e9zn\u00edm vlastnostem n\u00e1t\u011br umo\u017e\u0148uje d\u0159evu d\u00fdchat, omezuje bobtn\u00e1n\u00ed a sesych\u00e1n\u00ed d\u0159eva. Lazura je odoln\u00e1 vod\u011b, UV z\u00e1\u0159en\u00ed a jin\u00fdm pov\u011btrnostn\u00edm podm\u00ednk\u00e1m. P\u0159ed pou\u017eit\u00edm t\u00e9to lazury nen\u00ed nutn\u00e9 [&hellip;]\" \/>\n<meta property=\"og:url\" content=\"https:\/\/www.koupelnapro.com\/index.php\/produkt\/znackovy-osmo-jednorazova-lazura-hs-plus-0-125l-9264-palisandr-29316\/\" \/>\n<meta property=\"og:image\" content=\"https:\/\/www.koupelnapro.com\/wp-content\/uploads\/2026\/SK0003126-CZ20260425-092420-0-1777080261-3190265-1_palisandr.webp\" \/>\n\t<meta property=\"og:image:width\" content=\"1000\" \/>\n\t<meta property=\"og:image:height\" content=\"750\" \/>\n\t<meta property=\"og:image:type\" content=\"image\/webp\" \/>\n<meta name=\"twitter:card\" content=\"summary_large_image\" \/>\n<meta name=\"twitter:label1\" content=\"Odhadovan\u00e1 doba \u010dten\u00ed\" \/>\n\t<meta name=\"twitter:data1\" content=\"4 minuty\" \/>\n<script type=\"application\/ld+json\" class=\"yoast-schema-graph\">{\"@context\":\"https:\/\/schema.org\",\"@graph\":[{\"@type\":\"WebPage\",\"@id\":\"https:\/\/www.koupelnapro.com\/index.php\/produkt\/znackovy-osmo-jednorazova-lazura-hs-plus-0-125l-9264-palisandr-29316\/\",\"url\":\"https:\/\/www.koupelnapro.com\/index.php\/produkt\/znackovy-osmo-jednorazova-lazura-hs-plus-0-125l-9264-palisandr-29316\/\",\"name\":\"Zna\u010dkov\u00fd Osmo Jednor\u00e1zov\u00e1 lazura HS Plus 0,125L 9264 palisandr -\",\"isPartOf\":{\"@id\":\"https:\/\/www.koupelnapro.com\/#website\"},\"primaryImageOfPage\":{\"@id\":\"https:\/\/www.koupelnapro.com\/index.php\/produkt\/znackovy-osmo-jednorazova-lazura-hs-plus-0-125l-9264-palisandr-29316\/#primaryimage\"},\"image\":{\"@id\":\"https:\/\/www.koupelnapro.com\/index.php\/produkt\/znackovy-osmo-jednorazova-lazura-hs-plus-0-125l-9264-palisandr-29316\/#primaryimage\"},\"thumbnailUrl\":\"https:\/\/www.koupelnapro.com\/wp-content\/uploads\/2026\/SK0003126-CZ20260425-092420-0-1777080261-3190265-1_palisandr.webp\",\"datePublished\":\"2026-04-26T09:15:01+00:00\",\"breadcrumb\":{\"@id\":\"https:\/\/www.koupelnapro.com\/index.php\/produkt\/znackovy-osmo-jednorazova-lazura-hs-plus-0-125l-9264-palisandr-29316\/#breadcrumb\"},\"inLanguage\":\"cs\",\"potentialAction\":[{\"@type\":\"ReadAction\",\"target\":[\"https:\/\/www.koupelnapro.com\/index.php\/produkt\/znackovy-osmo-jednorazova-lazura-hs-plus-0-125l-9264-palisandr-29316\/\"]}]},{\"@type\":\"ImageObject\",\"inLanguage\":\"cs\",\"@id\":\"https:\/\/www.koupelnapro.com\/index.php\/produkt\/znackovy-osmo-jednorazova-lazura-hs-plus-0-125l-9264-palisandr-29316\/#primaryimage\",\"url\":\"https:\/\/www.koupelnapro.com\/wp-content\/uploads\/2026\/SK0003126-CZ20260425-092420-0-1777080261-3190265-1_palisandr.webp\",\"contentUrl\":\"https:\/\/www.koupelnapro.com\/wp-content\/uploads\/2026\/SK0003126-CZ20260425-092420-0-1777080261-3190265-1_palisandr.webp\",\"width\":1000,\"height\":750},{\"@type\":\"BreadcrumbList\",\"@id\":\"https:\/\/www.koupelnapro.com\/index.php\/produkt\/znackovy-osmo-jednorazova-lazura-hs-plus-0-125l-9264-palisandr-29316\/#breadcrumb\",\"itemListElement\":[{\"@type\":\"ListItem\",\"position\":1,\"name\":\"Home\",\"item\":\"https:\/\/www.koupelnapro.com\/\"},{\"@type\":\"ListItem\",\"position\":2,\"name\":\"Products\",\"item\":\"https:\/\/www.koupelnapro.com\/index.php\/products\/\"},{\"@type\":\"ListItem\",\"position\":3,\"name\":\"Zna\u010dkov\u00fd Osmo Jednor\u00e1zov\u00e1 lazura HS Plus 0,125L 9264 palisandr\"}]},{\"@type\":\"WebSite\",\"@id\":\"https:\/\/www.koupelnapro.com\/#website\",\"url\":\"https:\/\/www.koupelnapro.com\/\",\"name\":\"\",\"description\":\"\",\"potentialAction\":[{\"@type\":\"SearchAction\",\"target\":{\"@type\":\"EntryPoint\",\"urlTemplate\":\"https:\/\/www.koupelnapro.com\/?s={search_term_string}\"},\"query-input\":{\"@type\":\"PropertyValueSpecification\",\"valueRequired\":true,\"valueName\":\"search_term_string\"}}],\"inLanguage\":\"cs\"}]}<\/script>\n<!-- \/ Yoast SEO plugin. -->","yoast_head_json":{"title":"Zna\u010dkov\u00fd Osmo Jednor\u00e1zov\u00e1 lazura HS Plus 0,125L 9264 palisandr -","robots":{"index":"index","follow":"follow","max-snippet":"max-snippet:-1","max-image-preview":"max-image-preview:large","max-video-preview":"max-video-preview:-1"},"canonical":"https:\/\/www.koupelnapro.com\/index.php\/produkt\/znackovy-osmo-jednorazova-lazura-hs-plus-0-125l-9264-palisandr-29316\/","og_locale":"cs_CZ","og_type":"article","og_title":"Zna\u010dkov\u00fd Osmo Jednor\u00e1zov\u00e1 lazura HS Plus 0,125L 9264 palisandr -","og_description":"Detailn\u00ed popis produktu Osmo Jednor\u00e1zov\u00e1 lazura HS Plus 0,125L 9264 palisandr Jedn\u00e1 se o dekorativn\u00ed hedv\u00e1bn\u011b matn\u00fd n\u00e1t\u011br na b\u00e1zi p\u0159\u00edrodn\u00edch olej\u016f pro pou\u017eit\u00ed v exteri\u00e9ru. D\u00edky jeho mikrop\u00f3r\u00e9zn\u00edm vlastnostem n\u00e1t\u011br umo\u017e\u0148uje d\u0159evu d\u00fdchat, omezuje bobtn\u00e1n\u00ed a sesych\u00e1n\u00ed d\u0159eva. Lazura je odoln\u00e1 vod\u011b, UV z\u00e1\u0159en\u00ed a jin\u00fdm pov\u011btrnostn\u00edm podm\u00ednk\u00e1m. P\u0159ed pou\u017eit\u00edm t\u00e9to lazury nen\u00ed nutn\u00e9 [&hellip;]","og_url":"https:\/\/www.koupelnapro.com\/index.php\/produkt\/znackovy-osmo-jednorazova-lazura-hs-plus-0-125l-9264-palisandr-29316\/","og_image":[{"width":1000,"height":750,"url":"https:\/\/www.koupelnapro.com\/wp-content\/uploads\/2026\/SK0003126-CZ20260425-092420-0-1777080261-3190265-1_palisandr.webp","type":"image\/webp"}],"twitter_card":"summary_large_image","twitter_misc":{"Odhadovan\u00e1 doba \u010dten\u00ed":"4 minuty"},"schema":{"@context":"https:\/\/schema.org","@graph":[{"@type":"WebPage","@id":"https:\/\/www.koupelnapro.com\/index.php\/produkt\/znackovy-osmo-jednorazova-lazura-hs-plus-0-125l-9264-palisandr-29316\/","url":"https:\/\/www.koupelnapro.com\/index.php\/produkt\/znackovy-osmo-jednorazova-lazura-hs-plus-0-125l-9264-palisandr-29316\/","name":"Zna\u010dkov\u00fd Osmo Jednor\u00e1zov\u00e1 lazura HS Plus 0,125L 9264 palisandr -","isPartOf":{"@id":"https:\/\/www.koupelnapro.com\/#website"},"primaryImageOfPage":{"@id":"https:\/\/www.koupelnapro.com\/index.php\/produkt\/znackovy-osmo-jednorazova-lazura-hs-plus-0-125l-9264-palisandr-29316\/#primaryimage"},"image":{"@id":"https:\/\/www.koupelnapro.com\/index.php\/produkt\/znackovy-osmo-jednorazova-lazura-hs-plus-0-125l-9264-palisandr-29316\/#primaryimage"},"thumbnailUrl":"https:\/\/www.koupelnapro.com\/wp-content\/uploads\/2026\/SK0003126-CZ20260425-092420-0-1777080261-3190265-1_palisandr.webp","datePublished":"2026-04-26T09:15:01+00:00","breadcrumb":{"@id":"https:\/\/www.koupelnapro.com\/index.php\/produkt\/znackovy-osmo-jednorazova-lazura-hs-plus-0-125l-9264-palisandr-29316\/#breadcrumb"},"inLanguage":"cs","potentialAction":[{"@type":"ReadAction","target":["https:\/\/www.koupelnapro.com\/index.php\/produkt\/znackovy-osmo-jednorazova-lazura-hs-plus-0-125l-9264-palisandr-29316\/"]}]},{"@type":"ImageObject","inLanguage":"cs","@id":"https:\/\/www.koupelnapro.com\/index.php\/produkt\/znackovy-osmo-jednorazova-lazura-hs-plus-0-125l-9264-palisandr-29316\/#primaryimage","url":"https:\/\/www.koupelnapro.com\/wp-content\/uploads\/2026\/SK0003126-CZ20260425-092420-0-1777080261-3190265-1_palisandr.webp","contentUrl":"https:\/\/www.koupelnapro.com\/wp-content\/uploads\/2026\/SK0003126-CZ20260425-092420-0-1777080261-3190265-1_palisandr.webp","width":1000,"height":750},{"@type":"BreadcrumbList","@id":"https:\/\/www.koupelnapro.com\/index.php\/produkt\/znackovy-osmo-jednorazova-lazura-hs-plus-0-125l-9264-palisandr-29316\/#breadcrumb","itemListElement":[{"@type":"ListItem","position":1,"name":"Home","item":"https:\/\/www.koupelnapro.com\/"},{"@type":"ListItem","position":2,"name":"Products","item":"https:\/\/www.koupelnapro.com\/index.php\/products\/"},{"@type":"ListItem","position":3,"name":"Zna\u010dkov\u00fd Osmo Jednor\u00e1zov\u00e1 lazura HS Plus 0,125L 9264 palisandr"}]},{"@type":"WebSite","@id":"https:\/\/www.koupelnapro.com\/#website","url":"https:\/\/www.koupelnapro.com\/","name":"","description":"","potentialAction":[{"@type":"SearchAction","target":{"@type":"EntryPoint","urlTemplate":"https:\/\/www.koupelnapro.com\/?s={search_term_string}"},"query-input":{"@type":"PropertyValueSpecification","valueRequired":true,"valueName":"search_term_string"}}],"inLanguage":"cs"}]}},"_links":{"self":[{"href":"https:\/\/www.koupelnapro.com\/index.php\/wp-json\/wp\/v2\/product\/29316","targetHints":{"allow":["GET"]}}],"collection":[{"href":"https:\/\/www.koupelnapro.com\/index.php\/wp-json\/wp\/v2\/product"}],"about":[{"href":"https:\/\/www.koupelnapro.com\/index.php\/wp-json\/wp\/v2\/types\/product"}],"replies":[{"embeddable":true,"href":"https:\/\/www.koupelnapro.com\/index.php\/wp-json\/wp\/v2\/comments?post=29316"}],"wp:featuredmedia":[{"embeddable":true,"href":"https:\/\/www.koupelnapro.com\/index.php\/wp-json\/wp\/v2\/media\/29416"}],"wp:attachment":[{"href":"https:\/\/www.koupelnapro.com\/index.php\/wp-json\/wp\/v2\/media?parent=29316"}],"wp:term":[{"taxonomy":"product_brand","embeddable":true,"href":"https:\/\/www.koupelnapro.com\/index.php\/wp-json\/wp\/v2\/product_brand?post=29316"},{"taxonomy":"product_cat","embeddable":true,"href":"https:\/\/www.koupelnapro.com\/index.php\/wp-json\/wp\/v2\/product_cat?post=29316"},{"taxonomy":"product_tag","embeddable":true,"href":"https:\/\/www.koupelnapro.com\/index.php\/wp-json\/wp\/v2\/product_tag?post=29316"}],"curies":[{"name":"wp","href":"https:\/\/api.w.org\/{rel}","templated":true}]}}