{"id":2918,"date":"2026-04-26T09:13:08","date_gmt":"2026-04-26T09:13:08","guid":{"rendered":""},"modified":"2026-04-26T09:13:08","modified_gmt":"2026-04-26T09:13:08","slug":"abb-5014h-a00040-17-levit-kryt-zasuvky-reproduktorove-komunikacni-usb-slonova-kost-specialni-cena-2918","status":"publish","type":"product","link":"https:\/\/www.koupelnapro.com\/produkt\/abb-5014h-a00040-17-levit-kryt-zasuvky-reproduktorove-komunikacni-usb-slonova-kost-specialni-cena-2918\/","title":{"rendered":"ABB 5014H-A00040 17 LEVIT Kryt z\u00e1suvky reproduktorov\u00e9, komunika\u010dn\u00ed, USB slonov\u00e1 kost Speci\u00e1ln\u00ed Cena"},"content":{"rendered":"<div id=\"e9117558\" class=\"pages\">\n<div id=\"PDDescription\" class=\"UserContentView userContent v1a v1 bs-view dcon dc150 PDDescription\" >\n<p><span style=\"font-size: 14px;\"><strong>Kryt z\u00e1suvky reproduktorov\u00e9, komunika\u010dn\u00ed, USB LEVIT slonov\u00e1 kost<\/strong><\/span><\/p>\n<p>Pro komunika\u010dn\u00ed z\u00e1suvky HDMI, USB, VGA, pro nab\u00edjec\u00ed p\u0159\u00edstroj USB nebo pro reproduktorovou z\u00e1suvku.<\/p>\n<p><strong>Design:<\/strong> Levit\u00ae<\/p>\n<div id=\"PDTable3\" class=\"ProductDetailTableView v3a v3 bs-view dcon dc175 PDTable3\" >\n<table>\n<thead><\/thead>\n<tbody>\n<tr class=\"attribute attr_bsshop_maker\">\n<td class=\"caption\">V\u00fdrobce<\/td>\n<td class=\"value\">ABB<\/td>\n<\/tr>\n<tr class=\"attribute attr_Barva\">\n<td class=\"caption\">Barva<\/td>\n<td class=\"value\">slonov\u00e1 kost<\/td>\n<\/tr>\n<\/tbody>\n<\/table><\/div>\n<\/div>\n<\/div>\n<div id=\"e9117559\" class=\"tabs\">\n","protected":false},"excerpt":{"rendered":"<p>Kryt z\u00e1suvky reproduktorov\u00e9, komunika\u010dn\u00ed, USB LEVIT slonov\u00e1 kost Pro komunika\u010dn\u00ed z\u00e1suvky HDMI, USB, VGA, pro nab\u00edjec\u00ed p\u0159\u00edstroj USB nebo pro reproduktorovou z\u00e1suvku. Design: Levit\u00ae V\u00fdrobce ABB Barva slonov\u00e1 kost<\/p>\n","protected":false},"featured_media":3018,"template":"","meta":[],"product_brand":[],"product_cat":[40],"product_tag":[],"class_list":{"0":"post-2918","1":"product","2":"type-product","3":"status-publish","4":"has-post-thumbnail","6":"product_cat-vyp-237-nace-a-z-225-suvky","8":"first","9":"instock","10":"sale","11":"shipping-taxable","12":"purchasable","13":"product-type-simple"},"yoast_head":"<!-- This site is optimized with the Yoast SEO plugin v26.8 - https:\/\/yoast.com\/product\/yoast-seo-wordpress\/ -->\n<title>ABB 5014H-A00040 17 LEVIT Kryt z\u00e1suvky reproduktorov\u00e9, komunika\u010dn\u00ed, USB slonov\u00e1 kost Speci\u00e1ln\u00ed Cena - Vybaven\u00ed pro d\u016fm<\/title>\n<meta name=\"robots\" content=\"index, follow, max-snippet:-1, max-image-preview:large, max-video-preview:-1\" \/>\n<link rel=\"canonical\" href=\"https:\/\/www.koupelnapro.com\/index.php\/produkt\/abb-5014h-a00040-17-levit-kryt-zasuvky-reproduktorove-komunikacni-usb-slonova-kost-specialni-cena-2918\/\" \/>\n<meta property=\"og:locale\" content=\"cs_CZ\" \/>\n<meta property=\"og:type\" content=\"article\" \/>\n<meta property=\"og:title\" content=\"ABB 5014H-A00040 17 LEVIT Kryt z\u00e1suvky reproduktorov\u00e9, komunika\u010dn\u00ed, USB slonov\u00e1 kost Speci\u00e1ln\u00ed Cena - Vybaven\u00ed pro d\u016fm\" \/>\n<meta property=\"og:description\" content=\"Kryt z\u00e1suvky reproduktorov\u00e9, komunika\u010dn\u00ed, USB LEVIT slonov\u00e1 kost Pro komunika\u010dn\u00ed z\u00e1suvky HDMI, USB, VGA, pro nab\u00edjec\u00ed p\u0159\u00edstroj USB nebo pro reproduktorovou z\u00e1suvku. Design: Levit\u00ae V\u00fdrobce ABB Barva slonov\u00e1 kost\" \/>\n<meta property=\"og:url\" content=\"https:\/\/www.koupelnapro.com\/index.php\/produkt\/abb-5014h-a00040-17-levit-kryt-zasuvky-reproduktorove-komunikacni-usb-slonova-kost-specialni-cena-2918\/\" \/>\n<meta property=\"og:site_name\" content=\"Vybaven\u00ed pro d\u016fm\" \/>\n<meta property=\"og:image\" content=\"https:\/\/www.koupelnapro.com\/wp-content\/uploads\/2026\/SK0003085-CZ20260425-091623-0-1777079785-abb-5014h-a00040-17-levit-kryt-zasuvky-reproduktorove-komun.webp\" \/>\n\t<meta property=\"og:image:width\" content=\"1000\" \/>\n\t<meta property=\"og:image:height\" content=\"525\" \/>\n\t<meta property=\"og:image:type\" content=\"image\/webp\" \/>\n<meta name=\"twitter:card\" content=\"summary_large_image\" \/>\n<script type=\"application\/ld+json\" class=\"yoast-schema-graph\">{\"@context\":\"https:\/\/schema.org\",\"@graph\":[{\"@type\":\"WebPage\",\"@id\":\"https:\/\/www.koupelnapro.com\/index.php\/produkt\/abb-5014h-a00040-17-levit-kryt-zasuvky-reproduktorove-komunikacni-usb-slonova-kost-specialni-cena-2918\/\",\"url\":\"https:\/\/www.koupelnapro.com\/index.php\/produkt\/abb-5014h-a00040-17-levit-kryt-zasuvky-reproduktorove-komunikacni-usb-slonova-kost-specialni-cena-2918\/\",\"name\":\"ABB 5014H-A00040 17 LEVIT Kryt z\u00e1suvky reproduktorov\u00e9, komunika\u010dn\u00ed, USB slonov\u00e1 kost Speci\u00e1ln\u00ed Cena - Vybaven\u00ed pro d\u016fm\",\"isPartOf\":{\"@id\":\"https:\/\/www.koupelnapro.com\/#website\"},\"primaryImageOfPage\":{\"@id\":\"https:\/\/www.koupelnapro.com\/index.php\/produkt\/abb-5014h-a00040-17-levit-kryt-zasuvky-reproduktorove-komunikacni-usb-slonova-kost-specialni-cena-2918\/#primaryimage\"},\"image\":{\"@id\":\"https:\/\/www.koupelnapro.com\/index.php\/produkt\/abb-5014h-a00040-17-levit-kryt-zasuvky-reproduktorove-komunikacni-usb-slonova-kost-specialni-cena-2918\/#primaryimage\"},\"thumbnailUrl\":\"https:\/\/www.koupelnapro.com\/wp-content\/uploads\/2026\/SK0003085-CZ20260425-091623-0-1777079785-abb-5014h-a00040-17-levit-kryt-zasuvky-reproduktorove-komun.webp\",\"datePublished\":\"2026-04-26T09:13:08+00:00\",\"breadcrumb\":{\"@id\":\"https:\/\/www.koupelnapro.com\/index.php\/produkt\/abb-5014h-a00040-17-levit-kryt-zasuvky-reproduktorove-komunikacni-usb-slonova-kost-specialni-cena-2918\/#breadcrumb\"},\"inLanguage\":\"cs\",\"potentialAction\":[{\"@type\":\"ReadAction\",\"target\":[\"https:\/\/www.koupelnapro.com\/index.php\/produkt\/abb-5014h-a00040-17-levit-kryt-zasuvky-reproduktorove-komunikacni-usb-slonova-kost-specialni-cena-2918\/\"]}]},{\"@type\":\"ImageObject\",\"inLanguage\":\"cs\",\"@id\":\"https:\/\/www.koupelnapro.com\/index.php\/produkt\/abb-5014h-a00040-17-levit-kryt-zasuvky-reproduktorove-komunikacni-usb-slonova-kost-specialni-cena-2918\/#primaryimage\",\"url\":\"https:\/\/www.koupelnapro.com\/wp-content\/uploads\/2026\/SK0003085-CZ20260425-091623-0-1777079785-abb-5014h-a00040-17-levit-kryt-zasuvky-reproduktorove-komun.webp\",\"contentUrl\":\"https:\/\/www.koupelnapro.com\/wp-content\/uploads\/2026\/SK0003085-CZ20260425-091623-0-1777079785-abb-5014h-a00040-17-levit-kryt-zasuvky-reproduktorove-komun.webp\",\"width\":1000,\"height\":525},{\"@type\":\"BreadcrumbList\",\"@id\":\"https:\/\/www.koupelnapro.com\/index.php\/produkt\/abb-5014h-a00040-17-levit-kryt-zasuvky-reproduktorove-komunikacni-usb-slonova-kost-specialni-cena-2918\/#breadcrumb\",\"itemListElement\":[{\"@type\":\"ListItem\",\"position\":1,\"name\":\"Home\",\"item\":\"https:\/\/www.koupelnapro.com\/\"},{\"@type\":\"ListItem\",\"position\":2,\"name\":\"Products\",\"item\":\"https:\/\/www.koupelnapro.com\/products\/\"},{\"@type\":\"ListItem\",\"position\":3,\"name\":\"ABB 5014H-A00040 17 LEVIT Kryt z\u00e1suvky reproduktorov\u00e9, komunika\u010dn\u00ed, USB slonov\u00e1 kost Speci\u00e1ln\u00ed Cena\"}]},{\"@type\":\"WebSite\",\"@id\":\"https:\/\/www.koupelnapro.com\/#website\",\"url\":\"https:\/\/www.koupelnapro.com\/\",\"name\":\"Vybaven\u00ed pro d\u016fm\",\"description\":\"Vybaven\u00ed pro d\u016fm\",\"publisher\":{\"@id\":\"https:\/\/www.koupelnapro.com\/#organization\"},\"potentialAction\":[{\"@type\":\"SearchAction\",\"target\":{\"@type\":\"EntryPoint\",\"urlTemplate\":\"https:\/\/www.koupelnapro.com\/?s={search_term_string}\"},\"query-input\":{\"@type\":\"PropertyValueSpecification\",\"valueRequired\":true,\"valueName\":\"search_term_string\"}}],\"inLanguage\":\"cs\"},{\"@type\":\"Organization\",\"@id\":\"https:\/\/www.koupelnapro.com\/#organization\",\"name\":\"Vybaven\u00ed pro d\u016fm\",\"url\":\"https:\/\/www.koupelnapro.com\/\",\"logo\":{\"@type\":\"ImageObject\",\"inLanguage\":\"cs\",\"@id\":\"https:\/\/www.koupelnapro.com\/#\/schema\/logo\/image\/\",\"url\":\"https:\/\/www.koupelnapro.com\/wp-content\/uploads\/2026\/04\/koupelnapro-logo-deep-green.svg\",\"contentUrl\":\"https:\/\/www.koupelnapro.com\/wp-content\/uploads\/2026\/04\/koupelnapro-logo-deep-green.svg\",\"width\":920,\"height\":160,\"caption\":\"Vybaven\u00ed pro d\u016fm\"},\"image\":{\"@id\":\"https:\/\/www.koupelnapro.com\/#\/schema\/logo\/image\/\"}}]}<\/script>\n<!-- \/ Yoast SEO plugin. -->","yoast_head_json":{"title":"ABB 5014H-A00040 17 LEVIT Kryt z\u00e1suvky reproduktorov\u00e9, komunika\u010dn\u00ed, USB slonov\u00e1 kost Speci\u00e1ln\u00ed Cena - Vybaven\u00ed pro d\u016fm","robots":{"index":"index","follow":"follow","max-snippet":"max-snippet:-1","max-image-preview":"max-image-preview:large","max-video-preview":"max-video-preview:-1"},"canonical":"https:\/\/www.koupelnapro.com\/index.php\/produkt\/abb-5014h-a00040-17-levit-kryt-zasuvky-reproduktorove-komunikacni-usb-slonova-kost-specialni-cena-2918\/","og_locale":"cs_CZ","og_type":"article","og_title":"ABB 5014H-A00040 17 LEVIT Kryt z\u00e1suvky reproduktorov\u00e9, komunika\u010dn\u00ed, USB slonov\u00e1 kost Speci\u00e1ln\u00ed Cena - Vybaven\u00ed pro d\u016fm","og_description":"Kryt z\u00e1suvky reproduktorov\u00e9, komunika\u010dn\u00ed, USB LEVIT slonov\u00e1 kost Pro komunika\u010dn\u00ed z\u00e1suvky HDMI, USB, VGA, pro nab\u00edjec\u00ed p\u0159\u00edstroj USB nebo pro reproduktorovou z\u00e1suvku. Design: Levit\u00ae V\u00fdrobce ABB Barva slonov\u00e1 kost","og_url":"https:\/\/www.koupelnapro.com\/index.php\/produkt\/abb-5014h-a00040-17-levit-kryt-zasuvky-reproduktorove-komunikacni-usb-slonova-kost-specialni-cena-2918\/","og_site_name":"Vybaven\u00ed pro d\u016fm","og_image":[{"width":1000,"height":525,"url":"https:\/\/www.koupelnapro.com\/wp-content\/uploads\/2026\/SK0003085-CZ20260425-091623-0-1777079785-abb-5014h-a00040-17-levit-kryt-zasuvky-reproduktorove-komun.webp","type":"image\/webp"}],"twitter_card":"summary_large_image","schema":{"@context":"https:\/\/schema.org","@graph":[{"@type":"WebPage","@id":"https:\/\/www.koupelnapro.com\/index.php\/produkt\/abb-5014h-a00040-17-levit-kryt-zasuvky-reproduktorove-komunikacni-usb-slonova-kost-specialni-cena-2918\/","url":"https:\/\/www.koupelnapro.com\/index.php\/produkt\/abb-5014h-a00040-17-levit-kryt-zasuvky-reproduktorove-komunikacni-usb-slonova-kost-specialni-cena-2918\/","name":"ABB 5014H-A00040 17 LEVIT Kryt z\u00e1suvky reproduktorov\u00e9, komunika\u010dn\u00ed, USB slonov\u00e1 kost Speci\u00e1ln\u00ed Cena - Vybaven\u00ed pro d\u016fm","isPartOf":{"@id":"https:\/\/www.koupelnapro.com\/#website"},"primaryImageOfPage":{"@id":"https:\/\/www.koupelnapro.com\/index.php\/produkt\/abb-5014h-a00040-17-levit-kryt-zasuvky-reproduktorove-komunikacni-usb-slonova-kost-specialni-cena-2918\/#primaryimage"},"image":{"@id":"https:\/\/www.koupelnapro.com\/index.php\/produkt\/abb-5014h-a00040-17-levit-kryt-zasuvky-reproduktorove-komunikacni-usb-slonova-kost-specialni-cena-2918\/#primaryimage"},"thumbnailUrl":"https:\/\/www.koupelnapro.com\/wp-content\/uploads\/2026\/SK0003085-CZ20260425-091623-0-1777079785-abb-5014h-a00040-17-levit-kryt-zasuvky-reproduktorove-komun.webp","datePublished":"2026-04-26T09:13:08+00:00","breadcrumb":{"@id":"https:\/\/www.koupelnapro.com\/index.php\/produkt\/abb-5014h-a00040-17-levit-kryt-zasuvky-reproduktorove-komunikacni-usb-slonova-kost-specialni-cena-2918\/#breadcrumb"},"inLanguage":"cs","potentialAction":[{"@type":"ReadAction","target":["https:\/\/www.koupelnapro.com\/index.php\/produkt\/abb-5014h-a00040-17-levit-kryt-zasuvky-reproduktorove-komunikacni-usb-slonova-kost-specialni-cena-2918\/"]}]},{"@type":"ImageObject","inLanguage":"cs","@id":"https:\/\/www.koupelnapro.com\/index.php\/produkt\/abb-5014h-a00040-17-levit-kryt-zasuvky-reproduktorove-komunikacni-usb-slonova-kost-specialni-cena-2918\/#primaryimage","url":"https:\/\/www.koupelnapro.com\/wp-content\/uploads\/2026\/SK0003085-CZ20260425-091623-0-1777079785-abb-5014h-a00040-17-levit-kryt-zasuvky-reproduktorove-komun.webp","contentUrl":"https:\/\/www.koupelnapro.com\/wp-content\/uploads\/2026\/SK0003085-CZ20260425-091623-0-1777079785-abb-5014h-a00040-17-levit-kryt-zasuvky-reproduktorove-komun.webp","width":1000,"height":525},{"@type":"BreadcrumbList","@id":"https:\/\/www.koupelnapro.com\/index.php\/produkt\/abb-5014h-a00040-17-levit-kryt-zasuvky-reproduktorove-komunikacni-usb-slonova-kost-specialni-cena-2918\/#breadcrumb","itemListElement":[{"@type":"ListItem","position":1,"name":"Home","item":"https:\/\/www.koupelnapro.com\/"},{"@type":"ListItem","position":2,"name":"Products","item":"https:\/\/www.koupelnapro.com\/products\/"},{"@type":"ListItem","position":3,"name":"ABB 5014H-A00040 17 LEVIT Kryt z\u00e1suvky reproduktorov\u00e9, komunika\u010dn\u00ed, USB slonov\u00e1 kost Speci\u00e1ln\u00ed Cena"}]},{"@type":"WebSite","@id":"https:\/\/www.koupelnapro.com\/#website","url":"https:\/\/www.koupelnapro.com\/","name":"Vybaven\u00ed pro d\u016fm","description":"Vybaven\u00ed pro d\u016fm","publisher":{"@id":"https:\/\/www.koupelnapro.com\/#organization"},"potentialAction":[{"@type":"SearchAction","target":{"@type":"EntryPoint","urlTemplate":"https:\/\/www.koupelnapro.com\/?s={search_term_string}"},"query-input":{"@type":"PropertyValueSpecification","valueRequired":true,"valueName":"search_term_string"}}],"inLanguage":"cs"},{"@type":"Organization","@id":"https:\/\/www.koupelnapro.com\/#organization","name":"Vybaven\u00ed pro d\u016fm","url":"https:\/\/www.koupelnapro.com\/","logo":{"@type":"ImageObject","inLanguage":"cs","@id":"https:\/\/www.koupelnapro.com\/#\/schema\/logo\/image\/","url":"https:\/\/www.koupelnapro.com\/wp-content\/uploads\/2026\/04\/koupelnapro-logo-deep-green.svg","contentUrl":"https:\/\/www.koupelnapro.com\/wp-content\/uploads\/2026\/04\/koupelnapro-logo-deep-green.svg","width":920,"height":160,"caption":"Vybaven\u00ed pro d\u016fm"},"image":{"@id":"https:\/\/www.koupelnapro.com\/#\/schema\/logo\/image\/"}}]}},"_links":{"self":[{"href":"https:\/\/www.koupelnapro.com\/wp-json\/wp\/v2\/product\/2918","targetHints":{"allow":["GET"]}}],"collection":[{"href":"https:\/\/www.koupelnapro.com\/wp-json\/wp\/v2\/product"}],"about":[{"href":"https:\/\/www.koupelnapro.com\/wp-json\/wp\/v2\/types\/product"}],"wp:featuredmedia":[{"embeddable":true,"href":"https:\/\/www.koupelnapro.com\/wp-json\/wp\/v2\/media\/3018"}],"wp:attachment":[{"href":"https:\/\/www.koupelnapro.com\/wp-json\/wp\/v2\/media?parent=2918"}],"wp:term":[{"taxonomy":"product_brand","embeddable":true,"href":"https:\/\/www.koupelnapro.com\/wp-json\/wp\/v2\/product_brand?post=2918"},{"taxonomy":"product_cat","embeddable":true,"href":"https:\/\/www.koupelnapro.com\/wp-json\/wp\/v2\/product_cat?post=2918"},{"taxonomy":"product_tag","embeddable":true,"href":"https:\/\/www.koupelnapro.com\/wp-json\/wp\/v2\/product_tag?post=2918"}],"curies":[{"name":"wp","href":"https:\/\/api.w.org\/{rel}","templated":true}]}}