{"id":29151,"date":"2026-04-26T09:15:00","date_gmt":"2026-04-26T09:15:00","guid":{"rendered":""},"modified":"2026-04-26T09:15:00","modified_gmt":"2026-04-26T09:15:00","slug":"znackovy-osmo-olejove-moridlo-0-125l-3519-natural-29151","status":"publish","type":"product","link":"https:\/\/www.koupelnapro.com\/index.php\/produkt\/znackovy-osmo-olejove-moridlo-0-125l-3519-natural-29151\/","title":{"rendered":"Zna\u010dkov\u00fd Osmo Olejov\u00e9 mo\u0159idlo 0.125L 3519 Natural"},"content":{"rendered":"<div class=\"basic-description\">\n<h3>Detailn\u00ed popis produktu<\/h3>\n<div>\n<div><span style=\"font-size: 12pt;\"><strong><span class=\"show-tooltip\" title=\"OSMO jsou n\u00e1t\u011bry na d\u0159evo, kter\u00e9 prov\u011b\u0159il \u010das, zku\u0161enost a moudrost.Jsou vyrobeny na b\u00e1zi p\u0159\u00edrodn\u00edch olej\u016f a vosk\u016f. Chr\u00e1n\u00ed d\u0159evo zevnit\u0159 i z vn\u011bj\u0161ku, nevytv\u00e1\u0159\u00ed film ale vytvo\u0159\u00ed ochrann\u00fd povrch s otev\u0159en\u00fdmi p\u00f3ry, d\u00edky kter\u00e9mu m\u016f\u017ee d\u0159evo d\u00fdchat.&amp;hellip;\">Osmo<\/span> Olejov\u00e9 mo\u0159idlo 0,125L 3519 Natural<br \/><\/strong><\/span><\/div>\n<div>\u00a0<\/div>\n<div><span style=\"font-size: 12pt;\">Jedn\u00e1 se o olejov\u00e9 mo\u0159idlo zaji\u0161\u0165uj\u00edc\u00ed intenzivn\u00ed barevn\u00e9 t\u00f3nov\u00e1n\u00ed <strong>d\u0159ev\u011bn\u00fdch podlah a d\u0159ev\u011bn\u00e9ho n\u00e1bytku<\/strong>. Transparentn\u00edho \u010di lehce mo\u0159en\u00e9ho n\u00e1t\u011bru dos\u00e1hnete pomoc\u00ed st\u011brky nebo strojn\u00edm rozle\u0161t\u011bn\u00edm tkaninov\u00fdmi kotou\u010di. Pro trvalej\u0161\u00ed ochranu n\u00e1sledn\u011b povrch o\u0161et\u0159ete bezbarv\u00fdm Osmo Tvrd\u00fdm voskov\u00fdm olejem. <br \/><\/span><\/div>\n<div><span style=\"font-size: 12pt;\">N\u00e1t\u011br po zaschnut\u00ed spl\u0148uje po\u017eadavky normy<strong> DIN 53160<\/strong> (odolnost v\u016f\u010di slin\u00e1m a potu) a <strong>EN 71.3<\/strong> (vhodn\u00fd pro d\u011btsk\u00e9 hra\u010dky). Osmo olejov\u00e9 mo\u0159idlo je zalo\u017eeno na b\u00e1zi p\u0159\u00edrodn\u00edch olej\u016f a vosk\u016f.<\/span><\/div>\n<div>\u00a0<\/div>\n<div><span style=\"left: 118.24px; top: 333.641px; font-size: 16.6px; font-family: sans-serif; transform: scaleX(0.932098);\">Tento produkt je ide\u00e1ln\u00ed pro barevn\u00fd <strong>z\u00e1kladn\u00ed n\u00e1t\u011br<\/strong> na d\u0159eviny a d\u0159ev\u011bn\u00e9 podlahy jako masivn\u00ed podlahov\u00e9 palubky, selsk\u00e1 prkna, parketov\u00e9 podlahy, OSB a korkov\u00e9 podlahy a tak\u00e9 na n\u00e1bytek.<\/span><\/div>\n<div>\u00a0<\/div>\n<div>\n<p><span style=\"font-size: 12pt;\"><strong>V\u00fdhody n\u00e1t\u011bru\u00a0Osmo Olejov\u00e9 mo\u0159idlo:<\/strong><\/span><\/p>\n<ul>\n<li><span style=\"font-size: 12pt;\">Atraktivn\u00ed barevn\u00e9 <span class=\"show-tooltip\" title=\"odst\u00edny n\u00e1t\u011br\u016f d\u0159eva\u00a0Obecn\u011b plat\u00ed\u00a0\u2013 \u010d\u00edm sv\u011btlej\u0161\u00ed odst\u00edn fin\u00e1ln\u00ed \u00fapravy d\u0159eva zvol\u00edte, t\u00edm krat\u0161\u00ed bude \u017eivotnost nat\u00edran\u00e9ho povrchu. D\u016fvodem je minim\u00e1ln\u00ed obsah pigmentu ve sv\u011btl\u00fdch lazur\u00e1ch, kter\u00e9 d\u0159evo chr\u00e1n\u00ed p\u0159ed ze\u0161ednut\u00edm a \u010dern\u00e1n\u00edm.Velmi&amp;hellip;\">odst\u00edny<\/span>, transparentn\u00ed nebo intenzivn\u00ed dle zp\u016fsobu aplikace<\/span><\/li>\n<li><span style=\"font-size: 12pt;\">Ke \u0161t\u011brkov\u00e1n\u00ed, v\u00e1le\u010dkov\u00e1n\u00ed a nat\u00edr\u00e1n\u00ed<\/span><\/li>\n<li><span style=\"font-size: 12pt;\">Snadn\u00e9 zpracov\u00e1n\u00ed<\/span><\/li>\n<li><span style=\"font-size: 12pt;\">Na b\u00e1zi p\u0159\u00edrodn\u00edch olej\u016f<\/span><\/li>\n<\/ul>\n<p><strong>Olejov\u00e9 mo\u0159idlo pou\u017eijte na ve\u0161ker\u00e9 d\u0159ev\u011bn\u00e9 objekty a plochy v interi\u00e9ru:<\/strong><\/p>\n<\/div>\n<ul>\n<li><span style=\"left: 118.24px; top: 333.641px; font-size: 16.6px; font-family: sans-serif; transform: scaleX(0.932098);\">d\u0159ev\u011bn\u00e9 podlahy, podlahov\u00e9 palubky<\/span><\/li>\n<li><span style=\"left: 118.24px; top: 333.641px; font-size: 16.6px; font-family: sans-serif; transform: scaleX(0.932098);\">selsk\u00e1 prkna, parkety<\/span><\/li>\n<li><span style=\"left: 118.24px; top: 333.641px; font-size: 16.6px; font-family: sans-serif; transform: scaleX(0.932098);\">OSB nebo korkov\u00e9 podlahy a n\u00e1bytek<\/span><\/li>\n<\/ul>\n<p style=\"text-align: center;\"><span style=\"font-size: 12pt;\"><strong>Pr\u00e1ci s\u00a0t\u00edmto produktem zvl\u00e1dne ka\u017ed\u00fd kutil a \u0159emesln\u00edk<\/strong><\/span><\/p>\n<p style=\"text-align: center;\"><span style=\"font-size: 12pt;\">Podklad\u00a0pro nat\u00edr\u00e1n\u00ed by m\u011bl m\u00edt\u00a0maxim\u00e1ln\u00ed vlhkost 20 %<\/span><br \/><span style=\"font-size: 12pt;\"> Osmo Olejov\u00e9 mo\u0159idlo je p\u0159ipraveno k p\u0159\u00edm\u00e9mu pou\u017eit\u00ed, ji\u017e nen\u00ed pot\u0159eba \u0159edit.<\/span><br \/><span style=\"font-size: 12pt;\"> Povrch\u00a0d\u0159eva mus\u00ed b\u00fdt\u00a0such\u00fd,\u00a0\u010dist\u00fd\u00a0a\u00a0nesm\u00ed b\u00fdt vystaven mrazu.<\/span><br \/><span style=\"font-size: 12pt;\"> Star\u00e9 n\u00e1t\u011bry, lakov\u00e9 n\u00e1t\u011bry a barvy d\u016fkladn\u011b o\u010dist\u011bte.<\/span><br \/><span style=\"font-size: 12pt;\"> Povrchy d\u0159eva bruste brusn\u00fdm pap\u00edrem &#8211; maxim\u00e1lne zrnitost\u00ed P120-150, n\u00e1bytek P220-240 jemn\u011bj\u0161\u00ed zrnitost nen\u00ed \u017e\u00e1douc\u00ed.<\/span><\/p>\n<p style=\"text-align: center;\"><span style=\"font-size: 12pt;\"><strong>Vyb\u00edrat m\u016f\u017eete z n\u011bkolika barevn\u00fdch odst\u00edn\u016f dle Va\u0161\u00ed libosti.\u00a0VZORN\u00cdK SI M\u016e\u017dETE OBJEDNAT nebo ZAP\u016eJ\u010cIT<\/strong><strong> ZDE.<\/strong><strong>\u00a0Viz. <\/strong><strong>podm\u00ednky p\u016fj\u010den\u00ed vzorn\u00edku.<\/strong><\/span><\/p>\n<p><span style=\"font-size: 12pt;\"><\/span><\/p>\n<div>\n<p style=\"text-align: center;\">\u00a0<\/p>\n<div>\n<div>\n<p style=\"text-align: center;\"><span style=\"font-size: 12pt;\">Jestli\u017ee si chcete barvu tohoto produktu vyzkou\u0161et p\u0159\u00edmo na Va\u0161em druhu d\u0159eva, nab\u00edz\u00edme k zakoupen\u00ed i <\/span><span style=\"font-size: 12pt;\"><strong>vzorov\u00e9 s\u00e1\u010dky<\/strong>.<\/span><\/p>\n<\/div>\n<\/div>\n<p style=\"text-align: center;\"><span style=\"font-size: 12pt;\"><\/span><\/p>\n<p style=\"text-align: center;\"><span style=\"font-size: 12pt;\"><\/span><\/p>\n<\/div>\n<div>\u00a0<\/div>\n<div>\u00a0<\/div>\n<div>\u00a0<\/div>\n<p><span style=\"font-size: 12pt;\"><strong><em>Postup pr\u00e1ce:<\/em><\/strong><em><strong><br \/> (hotov\u00fd povrch za 2-3 dny, 2-3 n\u00e1t\u011bry) <\/strong><\/em><sup>* 1a\u017e 2 n\u00e1t\u011br Olejov\u00e9 mo\u0159idlo, 2 a\u017e 3 n\u00e1t\u011br Tvrd\u00fd voskov\u00fd olej bezbarv\u00fd.<\/sup><\/span><\/p>\n<p><span style=\"font-size: 12pt;\"> <strong>Transparentn\u00ed barevn\u00e9 odst\u00edny:<\/strong><\/span><\/p>\n<ol>\n<li><span style=\"font-size: 12pt;\">Osmo podlahov\u00fdm \u0161t\u011btcem k\u00a0nat\u00edr\u00e1n\u00ed podlah, Osmo v\u00e1le\u010dkem z\u00a0mikrovl\u00e1ken nebo Osmo st\u011brkou naneste ve velmi tenk\u00e9 vrstv\u011b ve sm\u011bru vl\u00e1ken d\u0159eva na \u010dist\u00e9 a such\u00e9 d\u0159evo.<\/span><\/li>\n<li><span style=\"font-size: 12pt;\">P\u0159\u00edpadn\u00e9 stopy po \u0161t\u011btci lze zahladit b\u011bhem 30 minut po n\u00e1nosu.<\/span><\/li>\n<li><span style=\"font-size: 12pt;\">B\u00edl\u00fdm padem rovnom\u011brn\u011b vmas\u00edrujte.<\/span><\/li>\n<li value=\"4\"><span style=\"font-size: 12pt;\"><span class=\"show-tooltip\" title=\"Impregnov\u00e1n\u00ed, lazurov\u00e1n\u00ed a&amp;nbsp;lakov\u00e1n\u00ed mus\u00ed b\u00fdt prov\u00e1d\u011bno v\u017edy ve sm\u011bru vl\u00e1ken, aby aplikovan\u00e1 vrstva pat\u0159i\u010dn\u011b pronikla do hloubky d\u0159eva. D\u016fle\u017eit\u00e9 je tak\u00e9 d\u016fkladn\u00e9 p\u0159ekryt\u00ed hran a&amp;nbsp;vrcholk\u016f d\u0159ev\u011bn\u00fdch prvk\u016f (p\u0159\u00ed\u010dn\u00e9 \u0159ezy). P\u0159i n\u00e1t\u011bru oblo\u017een\u00ed,&amp;hellip;\">Schnut\u00ed<\/span> cca 12 hodin (p\u0159i norm\u00e1ln\u00edm klima cca 23<sup>o<\/sup>C \/ relativn\u00ed vlhkost vzduchu cca 50%). P\u0159i ni\u017e\u0161\u00edch teplot\u00e1ch nebo vy\u0161\u0161\u00ed relativn\u00ed vlhkosti vzduchu se doba schnut\u00ed prodlu\u017euje. Je nutn\u00e9 se postarat o dobr\u00e9 v\u011btr\u00e1n\u00ed.<\/span><\/li>\n<\/ol>\n<p><span style=\"font-size: 12pt;\"><strong>Intenzivn\u00ed barevn\u00e9 odst\u00edny:<\/strong><\/span><\/p>\n<ol>\n<li><span style=\"font-size: 12pt;\">Prove\u010fte prvn\u00ed n\u00e1t\u011br, Podm\u00ednky viz. Bod 1-4.<\/span><\/li>\n<li><span style=\"font-size: 12pt;\">Druh\u00fd n\u00e1t\u011br, rovn\u011b\u017e naneste velmi tence. Podm\u00ednky viz. bod 1.<\/span><\/li>\n<li><span style=\"font-size: 12pt;\">B\u00edl\u00fdm padem rovnom\u011brn\u011b vmas\u00edrujte.<\/span><\/li>\n<li><span style=\"font-size: 12pt;\">Schnut\u00ed cca 12 hodin. Podm\u00ednky viz bod 4.<\/span><\/li>\n<li><span style=\"font-size: 12pt;\">Po kroku \u010d. 4 nebo \u010d. 8 prove\u010fte kone\u010dn\u00fd n\u00e1t\u011br bezbarv\u00fdm Osmo tvrd\u00fdm voskov\u00fdm olejem a nechte ho uschnout.<\/span><\/li>\n<\/ol>\n<p><span style=\"font-size: 12pt;\"><strong>Upozorn\u011bn\u00ed:<\/strong> Na men\u0161\u00ed plochy lze olejov\u00e9 mo\u0159idlo nan\u00e9st tak\u00e9 had\u0159\u00edkem bez \u017emolk\u016f.<\/span><\/p>\n<p><span style=\"font-size: 12pt;\"><strong>Pokud v\u00e1m z\u016fstane n\u00e1t\u011br jak jej skladovat ?<\/strong><\/span><\/p>\n<ul>\n<li><span style=\"font-size: 12pt;\">Skladujte v suchu v d\u016fkladn\u011b uzav\u0159en\u00e9m origin\u00e1ln\u00edm obalu a chra\u0148te p\u0159ed mrazem.<\/span><\/li>\n<\/ul>\n<p><span style=\"font-size: 12pt;\">Mal\u00fd zbytek nevyu\u017eit\u00e9ho prost\u0159edku p\u0159el\u00edt do men\u0161\u00ed n\u00e1doby, aby se zabr\u00e1nilo rosolovat\u011bn\u00ed.<\/span><br \/><span style=\"font-size: 12pt;\"> Kdy\u017e v\u00e1m barva zbyde, plechovku pe\u010dliv\u011b zav\u0159ete a oto\u010dte ji dnem vzh\u016fru, aby se zamezilo p\u0159\u00edsunu vzduchu. M\u016f\u017eete si ji tak bez starost\u00ed schovat na p\u0159\u00ed\u0161t\u00ed rok.<\/span><\/p>\n<p><span style=\"font-size: 12pt;\">N\u00e1\u0159ad\u00ed pou\u017eit\u00e9 p\u0159i pr\u00e1ci\u00a0ihned po skon\u010den\u00ed omyjte\u00a0\u010disti\u010dem na \u0161t\u011btc\u016f Osmo\u00a0<\/span><\/p>\n<p><span style=\"font-size: 12pt;\"><strong>Jak v\u00e1m zbo\u017e\u00ed p\u0159ijde zabalen\u00e9 ?<\/strong><\/span><\/p>\n<p><span style=\"font-size: 12pt;\">Zbo\u017e\u00ed pe\u010dliv\u011b bal\u00edme do speci\u00e1ln\u011b vyroben\u00fdch 3 vrstv\u00fdch kartonov\u00fdch krabic. Voln\u00fd prostor vypl\u0148ujeme kartonovou vlnou, cel\u00e9 balen\u00ed je jednodu\u0161e recyklovateln\u00e9.<\/span><\/p>\n<ul>\n<li><span style=\"font-size: 12pt;\">V\u011bt\u0161inu zbo\u017e\u00ed m\u00e1me skladem a odes\u00edl\u00e1me ihned po objedn\u00e1n\u00ed<\/span><\/li>\n<\/ul>\n<p><span style=\"font-size: 12pt;\">\u00a0<\/span><\/p>\n<p><span style=\"font-size: 12pt;\"><strong>V\u011bt\u0161inu olej\u016f, lazur, barev a lak\u016f m\u00e1me skladem a odes\u00edl\u00e1me ihned<\/strong><\/span><\/p>\n<p><span style=\"font-size: 12pt;\"> Informace o jednotliv\u00fdch p\u0159epravn\u00edch\u00a0spole\u010dnostech (DPD,PPL,Geis a \u010cesk\u00e1 Po\u0161ta) a odb\u011brov\u00fdch m\u00edstech jsou na str\u00e1nce\u00a0P\u0159eprava.<\/span><\/p>\n<p><span style=\"font-size: 14pt;\"><strong><\/strong><\/span><\/p>\n<p> \u00a0<\/p>\n<p> \u00a0<\/p><\/div>\n<\/p><\/div>\n","protected":false},"excerpt":{"rendered":"<p>Detailn\u00ed popis produktu Osmo Olejov\u00e9 mo\u0159idlo 0,125L 3519 Natural \u00a0 Jedn\u00e1 se o olejov\u00e9 mo\u0159idlo zaji\u0161\u0165uj\u00edc\u00ed intenzivn\u00ed barevn\u00e9 t\u00f3nov\u00e1n\u00ed d\u0159ev\u011bn\u00fdch podlah a d\u0159ev\u011bn\u00e9ho n\u00e1bytku. Transparentn\u00edho \u010di lehce mo\u0159en\u00e9ho n\u00e1t\u011bru dos\u00e1hnete pomoc\u00ed st\u011brky nebo strojn\u00edm rozle\u0161t\u011bn\u00edm tkaninov\u00fdmi kotou\u010di. Pro trvalej\u0161\u00ed ochranu n\u00e1sledn\u011b povrch o\u0161et\u0159ete bezbarv\u00fdm Osmo Tvrd\u00fdm voskov\u00fdm olejem. N\u00e1t\u011br po zaschnut\u00ed spl\u0148uje po\u017eadavky normy DIN [&hellip;]<\/p>\n","protected":false},"featured_media":29251,"comment_status":"open","ping_status":"open","template":"","meta":[],"product_brand":[],"product_cat":[110],"product_tag":[],"class_list":{"0":"post-29151","1":"product","2":"type-product","3":"status-publish","4":"has-post-thumbnail","6":"product_cat-vyrobci","8":"first","9":"instock","10":"sale","11":"shipping-taxable","12":"purchasable","13":"product-type-simple"},"yoast_head":"<!-- This site is optimized with the Yoast SEO plugin v26.8 - https:\/\/yoast.com\/product\/yoast-seo-wordpress\/ -->\n<title>Zna\u010dkov\u00fd Osmo Olejov\u00e9 mo\u0159idlo 0.125L 3519 Natural -<\/title>\n<meta name=\"robots\" content=\"index, follow, max-snippet:-1, max-image-preview:large, max-video-preview:-1\" \/>\n<link rel=\"canonical\" href=\"https:\/\/www.koupelnapro.com\/index.php\/produkt\/znackovy-osmo-olejove-moridlo-0-125l-3519-natural-29151\/\" \/>\n<meta property=\"og:locale\" content=\"cs_CZ\" \/>\n<meta property=\"og:type\" content=\"article\" \/>\n<meta property=\"og:title\" content=\"Zna\u010dkov\u00fd Osmo Olejov\u00e9 mo\u0159idlo 0.125L 3519 Natural -\" \/>\n<meta property=\"og:description\" content=\"Detailn\u00ed popis produktu Osmo Olejov\u00e9 mo\u0159idlo 0,125L 3519 Natural \u00a0 Jedn\u00e1 se o olejov\u00e9 mo\u0159idlo zaji\u0161\u0165uj\u00edc\u00ed intenzivn\u00ed barevn\u00e9 t\u00f3nov\u00e1n\u00ed d\u0159ev\u011bn\u00fdch podlah a d\u0159ev\u011bn\u00e9ho n\u00e1bytku. Transparentn\u00edho \u010di lehce mo\u0159en\u00e9ho n\u00e1t\u011bru dos\u00e1hnete pomoc\u00ed st\u011brky nebo strojn\u00edm rozle\u0161t\u011bn\u00edm tkaninov\u00fdmi kotou\u010di. Pro trvalej\u0161\u00ed ochranu n\u00e1sledn\u011b povrch o\u0161et\u0159ete bezbarv\u00fdm Osmo Tvrd\u00fdm voskov\u00fdm olejem. N\u00e1t\u011br po zaschnut\u00ed spl\u0148uje po\u017eadavky normy DIN [&hellip;]\" \/>\n<meta property=\"og:url\" content=\"https:\/\/www.koupelnapro.com\/index.php\/produkt\/znackovy-osmo-olejove-moridlo-0-125l-3519-natural-29151\/\" \/>\n<meta property=\"og:image\" content=\"https:\/\/www.koupelnapro.com\/wp-content\/uploads\/2026\/SK0003061-CZ20260425-092420-0-1777080261-3190067_osmo-olejove-moridlo-0-125l-3519-natural.webp\" \/>\n\t<meta property=\"og:image:width\" content=\"1000\" \/>\n\t<meta property=\"og:image:height\" content=\"750\" \/>\n\t<meta property=\"og:image:type\" content=\"image\/webp\" \/>\n<meta name=\"twitter:card\" content=\"summary_large_image\" \/>\n<meta name=\"twitter:label1\" content=\"Odhadovan\u00e1 doba \u010dten\u00ed\" \/>\n\t<meta name=\"twitter:data1\" content=\"4 minuty\" \/>\n<script type=\"application\/ld+json\" class=\"yoast-schema-graph\">{\"@context\":\"https:\/\/schema.org\",\"@graph\":[{\"@type\":\"WebPage\",\"@id\":\"https:\/\/www.koupelnapro.com\/index.php\/produkt\/znackovy-osmo-olejove-moridlo-0-125l-3519-natural-29151\/\",\"url\":\"https:\/\/www.koupelnapro.com\/index.php\/produkt\/znackovy-osmo-olejove-moridlo-0-125l-3519-natural-29151\/\",\"name\":\"Zna\u010dkov\u00fd Osmo Olejov\u00e9 mo\u0159idlo 0.125L 3519 Natural -\",\"isPartOf\":{\"@id\":\"https:\/\/www.koupelnapro.com\/#website\"},\"primaryImageOfPage\":{\"@id\":\"https:\/\/www.koupelnapro.com\/index.php\/produkt\/znackovy-osmo-olejove-moridlo-0-125l-3519-natural-29151\/#primaryimage\"},\"image\":{\"@id\":\"https:\/\/www.koupelnapro.com\/index.php\/produkt\/znackovy-osmo-olejove-moridlo-0-125l-3519-natural-29151\/#primaryimage\"},\"thumbnailUrl\":\"https:\/\/www.koupelnapro.com\/wp-content\/uploads\/2026\/SK0003061-CZ20260425-092420-0-1777080261-3190067_osmo-olejove-moridlo-0-125l-3519-natural.webp\",\"datePublished\":\"2026-04-26T09:15:00+00:00\",\"breadcrumb\":{\"@id\":\"https:\/\/www.koupelnapro.com\/index.php\/produkt\/znackovy-osmo-olejove-moridlo-0-125l-3519-natural-29151\/#breadcrumb\"},\"inLanguage\":\"cs\",\"potentialAction\":[{\"@type\":\"ReadAction\",\"target\":[\"https:\/\/www.koupelnapro.com\/index.php\/produkt\/znackovy-osmo-olejove-moridlo-0-125l-3519-natural-29151\/\"]}]},{\"@type\":\"ImageObject\",\"inLanguage\":\"cs\",\"@id\":\"https:\/\/www.koupelnapro.com\/index.php\/produkt\/znackovy-osmo-olejove-moridlo-0-125l-3519-natural-29151\/#primaryimage\",\"url\":\"https:\/\/www.koupelnapro.com\/wp-content\/uploads\/2026\/SK0003061-CZ20260425-092420-0-1777080261-3190067_osmo-olejove-moridlo-0-125l-3519-natural.webp\",\"contentUrl\":\"https:\/\/www.koupelnapro.com\/wp-content\/uploads\/2026\/SK0003061-CZ20260425-092420-0-1777080261-3190067_osmo-olejove-moridlo-0-125l-3519-natural.webp\",\"width\":1000,\"height\":750},{\"@type\":\"BreadcrumbList\",\"@id\":\"https:\/\/www.koupelnapro.com\/index.php\/produkt\/znackovy-osmo-olejove-moridlo-0-125l-3519-natural-29151\/#breadcrumb\",\"itemListElement\":[{\"@type\":\"ListItem\",\"position\":1,\"name\":\"Home\",\"item\":\"https:\/\/www.koupelnapro.com\/\"},{\"@type\":\"ListItem\",\"position\":2,\"name\":\"Products\",\"item\":\"https:\/\/www.koupelnapro.com\/index.php\/products\/\"},{\"@type\":\"ListItem\",\"position\":3,\"name\":\"Zna\u010dkov\u00fd Osmo Olejov\u00e9 mo\u0159idlo 0.125L 3519 Natural\"}]},{\"@type\":\"WebSite\",\"@id\":\"https:\/\/www.koupelnapro.com\/#website\",\"url\":\"https:\/\/www.koupelnapro.com\/\",\"name\":\"\",\"description\":\"\",\"potentialAction\":[{\"@type\":\"SearchAction\",\"target\":{\"@type\":\"EntryPoint\",\"urlTemplate\":\"https:\/\/www.koupelnapro.com\/?s={search_term_string}\"},\"query-input\":{\"@type\":\"PropertyValueSpecification\",\"valueRequired\":true,\"valueName\":\"search_term_string\"}}],\"inLanguage\":\"cs\"}]}<\/script>\n<!-- \/ Yoast SEO plugin. -->","yoast_head_json":{"title":"Zna\u010dkov\u00fd Osmo Olejov\u00e9 mo\u0159idlo 0.125L 3519 Natural -","robots":{"index":"index","follow":"follow","max-snippet":"max-snippet:-1","max-image-preview":"max-image-preview:large","max-video-preview":"max-video-preview:-1"},"canonical":"https:\/\/www.koupelnapro.com\/index.php\/produkt\/znackovy-osmo-olejove-moridlo-0-125l-3519-natural-29151\/","og_locale":"cs_CZ","og_type":"article","og_title":"Zna\u010dkov\u00fd Osmo Olejov\u00e9 mo\u0159idlo 0.125L 3519 Natural -","og_description":"Detailn\u00ed popis produktu Osmo Olejov\u00e9 mo\u0159idlo 0,125L 3519 Natural \u00a0 Jedn\u00e1 se o olejov\u00e9 mo\u0159idlo zaji\u0161\u0165uj\u00edc\u00ed intenzivn\u00ed barevn\u00e9 t\u00f3nov\u00e1n\u00ed d\u0159ev\u011bn\u00fdch podlah a d\u0159ev\u011bn\u00e9ho n\u00e1bytku. Transparentn\u00edho \u010di lehce mo\u0159en\u00e9ho n\u00e1t\u011bru dos\u00e1hnete pomoc\u00ed st\u011brky nebo strojn\u00edm rozle\u0161t\u011bn\u00edm tkaninov\u00fdmi kotou\u010di. Pro trvalej\u0161\u00ed ochranu n\u00e1sledn\u011b povrch o\u0161et\u0159ete bezbarv\u00fdm Osmo Tvrd\u00fdm voskov\u00fdm olejem. N\u00e1t\u011br po zaschnut\u00ed spl\u0148uje po\u017eadavky normy DIN [&hellip;]","og_url":"https:\/\/www.koupelnapro.com\/index.php\/produkt\/znackovy-osmo-olejove-moridlo-0-125l-3519-natural-29151\/","og_image":[{"width":1000,"height":750,"url":"https:\/\/www.koupelnapro.com\/wp-content\/uploads\/2026\/SK0003061-CZ20260425-092420-0-1777080261-3190067_osmo-olejove-moridlo-0-125l-3519-natural.webp","type":"image\/webp"}],"twitter_card":"summary_large_image","twitter_misc":{"Odhadovan\u00e1 doba \u010dten\u00ed":"4 minuty"},"schema":{"@context":"https:\/\/schema.org","@graph":[{"@type":"WebPage","@id":"https:\/\/www.koupelnapro.com\/index.php\/produkt\/znackovy-osmo-olejove-moridlo-0-125l-3519-natural-29151\/","url":"https:\/\/www.koupelnapro.com\/index.php\/produkt\/znackovy-osmo-olejove-moridlo-0-125l-3519-natural-29151\/","name":"Zna\u010dkov\u00fd Osmo Olejov\u00e9 mo\u0159idlo 0.125L 3519 Natural -","isPartOf":{"@id":"https:\/\/www.koupelnapro.com\/#website"},"primaryImageOfPage":{"@id":"https:\/\/www.koupelnapro.com\/index.php\/produkt\/znackovy-osmo-olejove-moridlo-0-125l-3519-natural-29151\/#primaryimage"},"image":{"@id":"https:\/\/www.koupelnapro.com\/index.php\/produkt\/znackovy-osmo-olejove-moridlo-0-125l-3519-natural-29151\/#primaryimage"},"thumbnailUrl":"https:\/\/www.koupelnapro.com\/wp-content\/uploads\/2026\/SK0003061-CZ20260425-092420-0-1777080261-3190067_osmo-olejove-moridlo-0-125l-3519-natural.webp","datePublished":"2026-04-26T09:15:00+00:00","breadcrumb":{"@id":"https:\/\/www.koupelnapro.com\/index.php\/produkt\/znackovy-osmo-olejove-moridlo-0-125l-3519-natural-29151\/#breadcrumb"},"inLanguage":"cs","potentialAction":[{"@type":"ReadAction","target":["https:\/\/www.koupelnapro.com\/index.php\/produkt\/znackovy-osmo-olejove-moridlo-0-125l-3519-natural-29151\/"]}]},{"@type":"ImageObject","inLanguage":"cs","@id":"https:\/\/www.koupelnapro.com\/index.php\/produkt\/znackovy-osmo-olejove-moridlo-0-125l-3519-natural-29151\/#primaryimage","url":"https:\/\/www.koupelnapro.com\/wp-content\/uploads\/2026\/SK0003061-CZ20260425-092420-0-1777080261-3190067_osmo-olejove-moridlo-0-125l-3519-natural.webp","contentUrl":"https:\/\/www.koupelnapro.com\/wp-content\/uploads\/2026\/SK0003061-CZ20260425-092420-0-1777080261-3190067_osmo-olejove-moridlo-0-125l-3519-natural.webp","width":1000,"height":750},{"@type":"BreadcrumbList","@id":"https:\/\/www.koupelnapro.com\/index.php\/produkt\/znackovy-osmo-olejove-moridlo-0-125l-3519-natural-29151\/#breadcrumb","itemListElement":[{"@type":"ListItem","position":1,"name":"Home","item":"https:\/\/www.koupelnapro.com\/"},{"@type":"ListItem","position":2,"name":"Products","item":"https:\/\/www.koupelnapro.com\/index.php\/products\/"},{"@type":"ListItem","position":3,"name":"Zna\u010dkov\u00fd Osmo Olejov\u00e9 mo\u0159idlo 0.125L 3519 Natural"}]},{"@type":"WebSite","@id":"https:\/\/www.koupelnapro.com\/#website","url":"https:\/\/www.koupelnapro.com\/","name":"","description":"","potentialAction":[{"@type":"SearchAction","target":{"@type":"EntryPoint","urlTemplate":"https:\/\/www.koupelnapro.com\/?s={search_term_string}"},"query-input":{"@type":"PropertyValueSpecification","valueRequired":true,"valueName":"search_term_string"}}],"inLanguage":"cs"}]}},"_links":{"self":[{"href":"https:\/\/www.koupelnapro.com\/index.php\/wp-json\/wp\/v2\/product\/29151","targetHints":{"allow":["GET"]}}],"collection":[{"href":"https:\/\/www.koupelnapro.com\/index.php\/wp-json\/wp\/v2\/product"}],"about":[{"href":"https:\/\/www.koupelnapro.com\/index.php\/wp-json\/wp\/v2\/types\/product"}],"replies":[{"embeddable":true,"href":"https:\/\/www.koupelnapro.com\/index.php\/wp-json\/wp\/v2\/comments?post=29151"}],"wp:featuredmedia":[{"embeddable":true,"href":"https:\/\/www.koupelnapro.com\/index.php\/wp-json\/wp\/v2\/media\/29251"}],"wp:attachment":[{"href":"https:\/\/www.koupelnapro.com\/index.php\/wp-json\/wp\/v2\/media?parent=29151"}],"wp:term":[{"taxonomy":"product_brand","embeddable":true,"href":"https:\/\/www.koupelnapro.com\/index.php\/wp-json\/wp\/v2\/product_brand?post=29151"},{"taxonomy":"product_cat","embeddable":true,"href":"https:\/\/www.koupelnapro.com\/index.php\/wp-json\/wp\/v2\/product_cat?post=29151"},{"taxonomy":"product_tag","embeddable":true,"href":"https:\/\/www.koupelnapro.com\/index.php\/wp-json\/wp\/v2\/product_tag?post=29151"}],"curies":[{"name":"wp","href":"https:\/\/api.w.org\/{rel}","templated":true}]}}